{"id":31377,"date":"2022-05-27T12:05:23","date_gmt":"2022-05-27T05:05:23","guid":{"rendered":"https:\/\/mouldking.store\/?post_type=product&#038;p=31377"},"modified":"2022-05-27T12:05:24","modified_gmt":"2022-05-27T05:05:24","slug":"qman-k20601-k20613-crayon-shin-chan","status":"publish","type":"product","link":"https:\/\/mouldking.store\/de\/shop\/qman-k20601-k20613-crayon-shin-chan\/","title":{"rendered":"Qman K20601-K20613 Buntstift Shin-Chan"},"content":{"rendered":"<p>Produktinformation:<\/p>\n<ol>\n<li>Marke: Qman<\/li>\n<li>Geschlecht: Unisex<\/li>\n<li>Name:\u00a0Crayon Shin-Chan<\/li>\n<li>Altersspanne: &gt; 6 Jahre alt<\/li>\n<li>Model Number: K20601-K20613<\/li>\n<li>Einstufung: Assemblage<\/li>\n<li>Kunststoffblockform: Selbstsichernde Steine<\/li>\n<li>Material: Kunststoff<\/li>\n<li>Kunststofftyp: ABS<\/li>\n<li>Bricks Blocks: K20601~125+PCS\n<p>K20602\u00a0~149+PCS<\/p>\n<p>K20603\u00a0~141+PCS<\/p>\n<p>K20604\u00a0~127+PCS<\/p>\n<p>K20613\u00a0~106+PCS<\/p>\n<p>K20601-K20613\u00a0~648+PCS<\/li>\n<li>Enth\u00e4lt eine ausf\u00fchrliche Montageanleitung.<\/li>\n<\/ol>\n<p>Notiz:<br \/>\n1. Ohne Originalverpackung, aber wir garantieren, dass unsere Produkte eine Qualit\u00e4tssicherung und eine sch\u00f6ne Verpackung haben.<br \/>\n2. Wie alle Teile, die wir vor dem Versand \u00fcberpr\u00fcft haben, machen Sie sich keine Sorgen, wenn Sie feststellen, dass einige Teile fehlen oder besch\u00e4digt sind, und kontaktieren Sie uns einfach, und wir k\u00f6nnen sie Ihnen umgehend kostenlos erneut zusenden.<\/p>\n<p>&nbsp;<\/p>\n<figure id=\"attachment_31378\" aria-describedby=\"caption-attachment-31378\" style=\"width: 899px\" class=\"wp-caption aligncenter\"><img fetchpriority=\"high\" decoding=\"async\" class=\"wp-image-31378 size-full\" src=\"https:\/\/mouldking.store\/wp-content\/uploads\/2022\/05\/Qman-K20601-K20613-Crayon-Shin-Chan-1.jpg\" alt=\"Qman K20601-K20613 Crayon Shin-Chan\" width=\"899\" height=\"885\" title=\"-\" srcset=\"https:\/\/mouldking.store\/wp-content\/uploads\/2022\/05\/Qman-K20601-K20613-Crayon-Shin-Chan-1.jpg 899w, https:\/\/mouldking.store\/wp-content\/uploads\/2022\/05\/Qman-K20601-K20613-Crayon-Shin-Chan-1-300x295.jpg 300w, https:\/\/mouldking.store\/wp-content\/uploads\/2022\/05\/Qman-K20601-K20613-Crayon-Shin-Chan-1-768x756.jpg 768w, https:\/\/mouldking.store\/wp-content\/uploads\/2022\/05\/Qman-K20601-K20613-Crayon-Shin-Chan-1-600x591.jpg 600w, https:\/\/mouldking.store\/wp-content\/uploads\/2022\/05\/Qman-K20601-K20613-Crayon-Shin-Chan-1-150x148.jpg 150w\" sizes=\"(max-width: 899px) 100vw, 899px\" \/><figcaption id=\"caption-attachment-31378\" class=\"wp-caption-text\">Qman K20601-K20613 Buntstift Shin-Chan<\/figcaption><\/figure>\n<figure id=\"attachment_31394\" aria-describedby=\"caption-attachment-31394\" style=\"width: 900px\" class=\"wp-caption aligncenter\"><img decoding=\"async\" class=\"wp-image-31394 size-full\" src=\"https:\/\/mouldking.store\/wp-content\/uploads\/2022\/05\/Qman-K20601-K20613-Crayon-Shin-Chan-17.jpg\" alt=\"Qman K20601-K20613 Crayon Shin-Chan\" width=\"900\" height=\"891\" title=\"-\" srcset=\"https:\/\/mouldking.store\/wp-content\/uploads\/2022\/05\/Qman-K20601-K20613-Crayon-Shin-Chan-17.jpg 900w, https:\/\/mouldking.store\/wp-content\/uploads\/2022\/05\/Qman-K20601-K20613-Crayon-Shin-Chan-17-300x297.jpg 300w, https:\/\/mouldking.store\/wp-content\/uploads\/2022\/05\/Qman-K20601-K20613-Crayon-Shin-Chan-17-768x760.jpg 768w, https:\/\/mouldking.store\/wp-content\/uploads\/2022\/05\/Qman-K20601-K20613-Crayon-Shin-Chan-17-600x594.jpg 600w, https:\/\/mouldking.store\/wp-content\/uploads\/2022\/05\/Qman-K20601-K20613-Crayon-Shin-Chan-17-150x150.jpg 150w\" sizes=\"(max-width: 900px) 100vw, 900px\" \/><figcaption id=\"caption-attachment-31394\" class=\"wp-caption-text\">Qman K20601-K20613 Buntstift Shin-Chan<\/figcaption><\/figure>\n<figure id=\"attachment_31393\" aria-describedby=\"caption-attachment-31393\" style=\"width: 576px\" class=\"wp-caption aligncenter\"><img decoding=\"async\" class=\"wp-image-31393 size-full\" src=\"https:\/\/mouldking.store\/wp-content\/uploads\/2022\/05\/Qman-K20601-K20613-Crayon-Shin-Chan-16.jpg\" alt=\"Qman K20601-K20613 Crayon Shin-Chan\" width=\"576\" height=\"692\" title=\"-\" srcset=\"https:\/\/mouldking.store\/wp-content\/uploads\/2022\/05\/Qman-K20601-K20613-Crayon-Shin-Chan-16.jpg 576w, https:\/\/mouldking.store\/wp-content\/uploads\/2022\/05\/Qman-K20601-K20613-Crayon-Shin-Chan-16-250x300.jpg 250w, https:\/\/mouldking.store\/wp-content\/uploads\/2022\/05\/Qman-K20601-K20613-Crayon-Shin-Chan-16-300x360.jpg 300w, https:\/\/mouldking.store\/wp-content\/uploads\/2022\/05\/Qman-K20601-K20613-Crayon-Shin-Chan-16-125x150.jpg 125w\" sizes=\"(max-width: 576px) 100vw, 576px\" \/><figcaption id=\"caption-attachment-31393\" class=\"wp-caption-text\">Qman K20601-K20613 Buntstift Shin-Chan<\/figcaption><\/figure>\n<figure id=\"attachment_31388\" aria-describedby=\"caption-attachment-31388\" style=\"width: 507px\" class=\"wp-caption aligncenter\"><img loading=\"lazy\" decoding=\"async\" class=\"wp-image-31388 size-full\" src=\"https:\/\/mouldking.store\/wp-content\/uploads\/2022\/05\/Qman-K20601-K20613-Crayon-Shin-Chan-11.jpg\" alt=\"Qman K20601-K20613 Crayon Shin-Chan\" width=\"507\" height=\"464\" title=\"-\" srcset=\"https:\/\/mouldking.store\/wp-content\/uploads\/2022\/05\/Qman-K20601-K20613-Crayon-Shin-Chan-11.jpg 507w, https:\/\/mouldking.store\/wp-content\/uploads\/2022\/05\/Qman-K20601-K20613-Crayon-Shin-Chan-11-300x275.jpg 300w, https:\/\/mouldking.store\/wp-content\/uploads\/2022\/05\/Qman-K20601-K20613-Crayon-Shin-Chan-11-150x137.jpg 150w\" sizes=\"(max-width: 507px) 100vw, 507px\" \/><figcaption id=\"caption-attachment-31388\" class=\"wp-caption-text\">Qman K20601-K20613 Buntstift Shin-Chan<\/figcaption><\/figure>\n<figure id=\"attachment_31383\" aria-describedby=\"caption-attachment-31383\" style=\"width: 489px\" class=\"wp-caption aligncenter\"><img loading=\"lazy\" decoding=\"async\" class=\"wp-image-31383 size-full\" src=\"https:\/\/mouldking.store\/wp-content\/uploads\/2022\/05\/Qman-K20601-K20613-Crayon-Shin-Chan-6.jpg\" alt=\"Qman K20601-K20613 Crayon Shin-Chan\" width=\"489\" height=\"439\" title=\"-\" srcset=\"https:\/\/mouldking.store\/wp-content\/uploads\/2022\/05\/Qman-K20601-K20613-Crayon-Shin-Chan-6.jpg 489w, https:\/\/mouldking.store\/wp-content\/uploads\/2022\/05\/Qman-K20601-K20613-Crayon-Shin-Chan-6-300x269.jpg 300w, https:\/\/mouldking.store\/wp-content\/uploads\/2022\/05\/Qman-K20601-K20613-Crayon-Shin-Chan-6-150x135.jpg 150w\" sizes=\"(max-width: 489px) 100vw, 489px\" \/><figcaption id=\"caption-attachment-31383\" class=\"wp-caption-text\">Qman K20601-K20613 Buntstift Shin-Chan<\/figcaption><\/figure>\n<figure id=\"attachment_31392\" aria-describedby=\"caption-attachment-31392\" style=\"width: 707px\" class=\"wp-caption aligncenter\"><img loading=\"lazy\" decoding=\"async\" class=\"wp-image-31392 size-full\" src=\"https:\/\/mouldking.store\/wp-content\/uploads\/2022\/05\/Qman-K20601-K20613-Crayon-Shin-Chan-15.jpg\" alt=\"Qman K20601-K20613 Crayon Shin-Chan\" width=\"707\" height=\"832\" title=\"-\" srcset=\"https:\/\/mouldking.store\/wp-content\/uploads\/2022\/05\/Qman-K20601-K20613-Crayon-Shin-Chan-15.jpg 707w, https:\/\/mouldking.store\/wp-content\/uploads\/2022\/05\/Qman-K20601-K20613-Crayon-Shin-Chan-15-255x300.jpg 255w, https:\/\/mouldking.store\/wp-content\/uploads\/2022\/05\/Qman-K20601-K20613-Crayon-Shin-Chan-15-300x353.jpg 300w, https:\/\/mouldking.store\/wp-content\/uploads\/2022\/05\/Qman-K20601-K20613-Crayon-Shin-Chan-15-600x706.jpg 600w, https:\/\/mouldking.store\/wp-content\/uploads\/2022\/05\/Qman-K20601-K20613-Crayon-Shin-Chan-15-127x150.jpg 127w\" sizes=\"(max-width: 707px) 100vw, 707px\" \/><figcaption id=\"caption-attachment-31392\" class=\"wp-caption-text\">Qman K20601-K20613 Buntstift Shin-Chan<\/figcaption><\/figure>\n<figure id=\"attachment_31387\" aria-describedby=\"caption-attachment-31387\" style=\"width: 479px\" class=\"wp-caption aligncenter\"><img loading=\"lazy\" decoding=\"async\" class=\"wp-image-31387 size-full\" src=\"https:\/\/mouldking.store\/wp-content\/uploads\/2022\/05\/Qman-K20601-K20613-Crayon-Shin-Chan-10.jpg\" alt=\"Qman K20601-K20613 Crayon Shin-Chan\" width=\"479\" height=\"455\" title=\"-\" srcset=\"https:\/\/mouldking.store\/wp-content\/uploads\/2022\/05\/Qman-K20601-K20613-Crayon-Shin-Chan-10.jpg 479w, https:\/\/mouldking.store\/wp-content\/uploads\/2022\/05\/Qman-K20601-K20613-Crayon-Shin-Chan-10-300x285.jpg 300w, https:\/\/mouldking.store\/wp-content\/uploads\/2022\/05\/Qman-K20601-K20613-Crayon-Shin-Chan-10-150x142.jpg 150w\" sizes=\"(max-width: 479px) 100vw, 479px\" \/><figcaption id=\"caption-attachment-31387\" class=\"wp-caption-text\">Qman K20601-K20613 Buntstift Shin-Chan<\/figcaption><\/figure>\n<figure id=\"attachment_31382\" aria-describedby=\"caption-attachment-31382\" style=\"width: 477px\" class=\"wp-caption aligncenter\"><img loading=\"lazy\" decoding=\"async\" class=\"wp-image-31382 size-full\" src=\"https:\/\/mouldking.store\/wp-content\/uploads\/2022\/05\/Qman-K20601-K20613-Crayon-Shin-Chan-5.jpg\" alt=\"Qman K20601-K20613 Crayon Shin-Chan\" width=\"477\" height=\"422\" title=\"-\" srcset=\"https:\/\/mouldking.store\/wp-content\/uploads\/2022\/05\/Qman-K20601-K20613-Crayon-Shin-Chan-5.jpg 477w, https:\/\/mouldking.store\/wp-content\/uploads\/2022\/05\/Qman-K20601-K20613-Crayon-Shin-Chan-5-300x265.jpg 300w, https:\/\/mouldking.store\/wp-content\/uploads\/2022\/05\/Qman-K20601-K20613-Crayon-Shin-Chan-5-150x133.jpg 150w\" sizes=\"(max-width: 477px) 100vw, 477px\" \/><figcaption id=\"caption-attachment-31382\" class=\"wp-caption-text\">Qman K20601-K20613 Buntstift Shin-Chan<\/figcaption><\/figure>\n<figure id=\"attachment_31391\" aria-describedby=\"caption-attachment-31391\" style=\"width: 713px\" class=\"wp-caption aligncenter\"><img loading=\"lazy\" decoding=\"async\" class=\"wp-image-31391 size-full\" src=\"https:\/\/mouldking.store\/wp-content\/uploads\/2022\/05\/Qman-K20601-K20613-Crayon-Shin-Chan-14.jpg\" alt=\"Qman K20601-K20613 Crayon Shin-Chan\" width=\"713\" height=\"889\" title=\"-\" srcset=\"https:\/\/mouldking.store\/wp-content\/uploads\/2022\/05\/Qman-K20601-K20613-Crayon-Shin-Chan-14.jpg 713w, https:\/\/mouldking.store\/wp-content\/uploads\/2022\/05\/Qman-K20601-K20613-Crayon-Shin-Chan-14-241x300.jpg 241w, https:\/\/mouldking.store\/wp-content\/uploads\/2022\/05\/Qman-K20601-K20613-Crayon-Shin-Chan-14-300x374.jpg 300w, https:\/\/mouldking.store\/wp-content\/uploads\/2022\/05\/Qman-K20601-K20613-Crayon-Shin-Chan-14-600x748.jpg 600w, https:\/\/mouldking.store\/wp-content\/uploads\/2022\/05\/Qman-K20601-K20613-Crayon-Shin-Chan-14-120x150.jpg 120w\" sizes=\"(max-width: 713px) 100vw, 713px\" \/><figcaption id=\"caption-attachment-31391\" class=\"wp-caption-text\">Qman K20601-K20613 Buntstift Shin-Chan<\/figcaption><\/figure>\n<figure id=\"attachment_31386\" aria-describedby=\"caption-attachment-31386\" style=\"width: 495px\" class=\"wp-caption aligncenter\"><img loading=\"lazy\" decoding=\"async\" class=\"wp-image-31386 size-full\" src=\"https:\/\/mouldking.store\/wp-content\/uploads\/2022\/05\/Qman-K20601-K20613-Crayon-Shin-Chan-9.jpg\" alt=\"Qman K20601-K20613 Crayon Shin-Chan\" width=\"495\" height=\"459\" title=\"-\" srcset=\"https:\/\/mouldking.store\/wp-content\/uploads\/2022\/05\/Qman-K20601-K20613-Crayon-Shin-Chan-9.jpg 495w, https:\/\/mouldking.store\/wp-content\/uploads\/2022\/05\/Qman-K20601-K20613-Crayon-Shin-Chan-9-300x278.jpg 300w, https:\/\/mouldking.store\/wp-content\/uploads\/2022\/05\/Qman-K20601-K20613-Crayon-Shin-Chan-9-150x139.jpg 150w\" sizes=\"(max-width: 495px) 100vw, 495px\" \/><figcaption id=\"caption-attachment-31386\" class=\"wp-caption-text\">Qman K20601-K20613 Buntstift Shin-Chan<\/figcaption><\/figure>\n<figure id=\"attachment_31381\" aria-describedby=\"caption-attachment-31381\" style=\"width: 480px\" class=\"wp-caption aligncenter\"><img loading=\"lazy\" decoding=\"async\" class=\"wp-image-31381 size-full\" src=\"https:\/\/mouldking.store\/wp-content\/uploads\/2022\/05\/Qman-K20601-K20613-Crayon-Shin-Chan-4.jpg\" alt=\"Qman K20601-K20613 Crayon Shin-Chan\" width=\"480\" height=\"431\" title=\"-\" srcset=\"https:\/\/mouldking.store\/wp-content\/uploads\/2022\/05\/Qman-K20601-K20613-Crayon-Shin-Chan-4.jpg 480w, https:\/\/mouldking.store\/wp-content\/uploads\/2022\/05\/Qman-K20601-K20613-Crayon-Shin-Chan-4-300x269.jpg 300w, https:\/\/mouldking.store\/wp-content\/uploads\/2022\/05\/Qman-K20601-K20613-Crayon-Shin-Chan-4-150x135.jpg 150w\" sizes=\"(max-width: 480px) 100vw, 480px\" \/><figcaption id=\"caption-attachment-31381\" class=\"wp-caption-text\">Qman K20601-K20613 Buntstift Shin-Chan<\/figcaption><\/figure>\n<figure id=\"attachment_31390\" aria-describedby=\"caption-attachment-31390\" style=\"width: 719px\" class=\"wp-caption aligncenter\"><img loading=\"lazy\" decoding=\"async\" class=\"wp-image-31390 size-full\" src=\"https:\/\/mouldking.store\/wp-content\/uploads\/2022\/05\/Qman-K20601-K20613-Crayon-Shin-Chan-13.jpg\" alt=\"Qman K20601-K20613 Crayon Shin-Chan\" width=\"719\" height=\"888\" title=\"-\" srcset=\"https:\/\/mouldking.store\/wp-content\/uploads\/2022\/05\/Qman-K20601-K20613-Crayon-Shin-Chan-13.jpg 719w, https:\/\/mouldking.store\/wp-content\/uploads\/2022\/05\/Qman-K20601-K20613-Crayon-Shin-Chan-13-243x300.jpg 243w, https:\/\/mouldking.store\/wp-content\/uploads\/2022\/05\/Qman-K20601-K20613-Crayon-Shin-Chan-13-300x371.jpg 300w, https:\/\/mouldking.store\/wp-content\/uploads\/2022\/05\/Qman-K20601-K20613-Crayon-Shin-Chan-13-600x741.jpg 600w, https:\/\/mouldking.store\/wp-content\/uploads\/2022\/05\/Qman-K20601-K20613-Crayon-Shin-Chan-13-121x150.jpg 121w\" sizes=\"(max-width: 719px) 100vw, 719px\" \/><figcaption id=\"caption-attachment-31390\" class=\"wp-caption-text\">Qman K20601-K20613 Buntstift Shin-Chan<\/figcaption><\/figure>\n<figure id=\"attachment_31385\" aria-describedby=\"caption-attachment-31385\" style=\"width: 486px\" class=\"wp-caption aligncenter\"><img loading=\"lazy\" decoding=\"async\" class=\"wp-image-31385 size-full\" src=\"https:\/\/mouldking.store\/wp-content\/uploads\/2022\/05\/Qman-K20601-K20613-Crayon-Shin-Chan-8.jpg\" alt=\"Qman K20601-K20613 Crayon Shin-Chan\" width=\"486\" height=\"477\" title=\"-\" srcset=\"https:\/\/mouldking.store\/wp-content\/uploads\/2022\/05\/Qman-K20601-K20613-Crayon-Shin-Chan-8.jpg 486w, https:\/\/mouldking.store\/wp-content\/uploads\/2022\/05\/Qman-K20601-K20613-Crayon-Shin-Chan-8-300x294.jpg 300w, https:\/\/mouldking.store\/wp-content\/uploads\/2022\/05\/Qman-K20601-K20613-Crayon-Shin-Chan-8-150x147.jpg 150w\" sizes=\"(max-width: 486px) 100vw, 486px\" \/><figcaption id=\"caption-attachment-31385\" class=\"wp-caption-text\">Qman K20601-K20613 Buntstift Shin-Chan<\/figcaption><\/figure>\n<figure id=\"attachment_31380\" aria-describedby=\"caption-attachment-31380\" style=\"width: 488px\" class=\"wp-caption aligncenter\"><img loading=\"lazy\" decoding=\"async\" class=\"wp-image-31380 size-full\" src=\"https:\/\/mouldking.store\/wp-content\/uploads\/2022\/05\/Qman-K20601-K20613-Crayon-Shin-Chan-3.jpg\" alt=\"Qman K20601-K20613 Crayon Shin-Chan\" width=\"488\" height=\"479\" title=\"-\" srcset=\"https:\/\/mouldking.store\/wp-content\/uploads\/2022\/05\/Qman-K20601-K20613-Crayon-Shin-Chan-3.jpg 488w, https:\/\/mouldking.store\/wp-content\/uploads\/2022\/05\/Qman-K20601-K20613-Crayon-Shin-Chan-3-300x294.jpg 300w, https:\/\/mouldking.store\/wp-content\/uploads\/2022\/05\/Qman-K20601-K20613-Crayon-Shin-Chan-3-150x147.jpg 150w\" sizes=\"(max-width: 488px) 100vw, 488px\" \/><figcaption id=\"caption-attachment-31380\" class=\"wp-caption-text\">Qman K20601-K20613 Buntstift Shin-Chan<\/figcaption><\/figure>\n<figure id=\"attachment_31389\" aria-describedby=\"caption-attachment-31389\" style=\"width: 710px\" class=\"wp-caption aligncenter\"><img loading=\"lazy\" decoding=\"async\" class=\"wp-image-31389 size-full\" src=\"https:\/\/mouldking.store\/wp-content\/uploads\/2022\/05\/Qman-K20601-K20613-Crayon-Shin-Chan-12.jpg\" alt=\"Qman K20601-K20613 Crayon Shin-Chan\" width=\"710\" height=\"890\" title=\"-\" srcset=\"https:\/\/mouldking.store\/wp-content\/uploads\/2022\/05\/Qman-K20601-K20613-Crayon-Shin-Chan-12.jpg 710w, https:\/\/mouldking.store\/wp-content\/uploads\/2022\/05\/Qman-K20601-K20613-Crayon-Shin-Chan-12-239x300.jpg 239w, https:\/\/mouldking.store\/wp-content\/uploads\/2022\/05\/Qman-K20601-K20613-Crayon-Shin-Chan-12-300x376.jpg 300w, https:\/\/mouldking.store\/wp-content\/uploads\/2022\/05\/Qman-K20601-K20613-Crayon-Shin-Chan-12-600x752.jpg 600w, https:\/\/mouldking.store\/wp-content\/uploads\/2022\/05\/Qman-K20601-K20613-Crayon-Shin-Chan-12-120x150.jpg 120w\" sizes=\"(max-width: 710px) 100vw, 710px\" \/><figcaption id=\"caption-attachment-31389\" class=\"wp-caption-text\">Qman K20601-K20613 Buntstift Shin-Chan<\/figcaption><\/figure>\n<figure id=\"attachment_31384\" aria-describedby=\"caption-attachment-31384\" style=\"width: 558px\" class=\"wp-caption aligncenter\"><img loading=\"lazy\" decoding=\"async\" class=\"wp-image-31384 size-full\" src=\"https:\/\/mouldking.store\/wp-content\/uploads\/2022\/05\/Qman-K20601-K20613-Crayon-Shin-Chan-7.jpg\" alt=\"Qman K20601-K20613 Crayon Shin-Chan\" width=\"558\" height=\"519\" title=\"-\" srcset=\"https:\/\/mouldking.store\/wp-content\/uploads\/2022\/05\/Qman-K20601-K20613-Crayon-Shin-Chan-7.jpg 558w, https:\/\/mouldking.store\/wp-content\/uploads\/2022\/05\/Qman-K20601-K20613-Crayon-Shin-Chan-7-300x279.jpg 300w, https:\/\/mouldking.store\/wp-content\/uploads\/2022\/05\/Qman-K20601-K20613-Crayon-Shin-Chan-7-150x140.jpg 150w\" sizes=\"(max-width: 558px) 100vw, 558px\" \/><figcaption id=\"caption-attachment-31384\" class=\"wp-caption-text\">Qman K20601-K20613 Buntstift Shin-Chan<\/figcaption><\/figure>\n<figure id=\"attachment_31379\" aria-describedby=\"caption-attachment-31379\" style=\"width: 480px\" class=\"wp-caption aligncenter\"><img loading=\"lazy\" decoding=\"async\" class=\"wp-image-31379 size-full\" src=\"https:\/\/mouldking.store\/wp-content\/uploads\/2022\/05\/Qman-K20601-K20613-Crayon-Shin-Chan-2.jpg\" alt=\"Qman K20601-K20613 Crayon Shin-Chan\" width=\"480\" height=\"426\" title=\"-\" srcset=\"https:\/\/mouldking.store\/wp-content\/uploads\/2022\/05\/Qman-K20601-K20613-Crayon-Shin-Chan-2.jpg 480w, https:\/\/mouldking.store\/wp-content\/uploads\/2022\/05\/Qman-K20601-K20613-Crayon-Shin-Chan-2-300x266.jpg 300w, https:\/\/mouldking.store\/wp-content\/uploads\/2022\/05\/Qman-K20601-K20613-Crayon-Shin-Chan-2-150x133.jpg 150w\" sizes=\"(max-width: 480px) 100vw, 480px\" \/><figcaption id=\"caption-attachment-31379\" class=\"wp-caption-text\">Qman K20601-K20613 Buntstift Shin-Chan<\/figcaption><\/figure>","protected":false},"excerpt":{"rendered":"<p>Product information: Brand: Qman Gender: Unisex Name:\u00a0Crayon Shin-Chan Age Range: &gt; 6 years old Model Number: K20601-K20613 Classification: Assemblage Plastic Block Shape: Self-Locking Bricks Material: Plastic Plastic Type: ABS Bricks Blocks: K20601~125+PCS K20602\u00a0~149+PCS K20603\u00a0~141+PCS K20604\u00a0~127+PCS K20613\u00a0~106+PCS K20601-K20613\u00a0~648+PCS Contains detailed assembly instructions. Notice: 1. Without an original box, but we guarantee our products have quality assurance [&hellip;]<\/p>","protected":false},"featured_media":31378,"comment_status":"closed","ping_status":"closed","template":"","meta":{"_acf_changed":false},"product_cat":[581,1408],"product_tag":[5417,5409,5416,5419,5420,5421,5418,4125,5415,5414,5412],"class_list":["product","first","instock","shipping-taxable","purchasable","product-type-variable"],"acf":[],"_links":{"self":[{"href":"https:\/\/mouldking.store\/de\/wp-json\/wp\/v2\/product\/31377","targetHints":{"allow":["GET"]}}],"collection":[{"href":"https:\/\/mouldking.store\/de\/wp-json\/wp\/v2\/product"}],"about":[{"href":"https:\/\/mouldking.store\/de\/wp-json\/wp\/v2\/types\/product"}],"replies":[{"embeddable":true,"href":"https:\/\/mouldking.store\/de\/wp-json\/wp\/v2\/comments?post=31377"}],"wp:featuredmedia":[{"embeddable":true,"href":"https:\/\/mouldking.store\/de\/wp-json\/wp\/v2\/media\/31378"}],"wp:attachment":[{"href":"https:\/\/mouldking.store\/de\/wp-json\/wp\/v2\/media?parent=31377"}],"wp:term":[{"taxonomy":"product_cat","embeddable":true,"href":"https:\/\/mouldking.store\/de\/wp-json\/wp\/v2\/product_cat?post=31377"},{"taxonomy":"product_tag","embeddable":true,"href":"https:\/\/mouldking.store\/de\/wp-json\/wp\/v2\/product_tag?post=31377"}],"curies":[{"name":"wp","href":"https:\/\/api.w.org\/{rel}","templated":true}]}}