{"id":31409,"date":"2022-05-27T12:28:33","date_gmt":"2022-05-27T05:28:33","guid":{"rendered":"https:\/\/mouldking.store\/?post_type=product&#038;p=31409"},"modified":"2023-03-14T09:49:30","modified_gmt":"2023-03-14T02:49:30","slug":"cada-c66006-japanese-steamed-bun-house-with-1108-pieces","status":"publish","type":"product","link":"https:\/\/mouldking.store\/de\/shop\/cada-c66006-japanese-steamed-bun-house-with-1108-pieces\/","title":{"rendered":"CADA C66006 Japanisches ged\u00e4mpftes Br\u00f6tchenhaus mit 1108 Teilen"},"content":{"rendered":"<p>Produktinformation:<\/p>\n<ol>\n<li>Marke: CADA<\/li>\n<li>Geschlecht: Unisex<\/li>\n<li>Name: Japanisches ged\u00e4mpftes Br\u00f6tchenhaus<\/li>\n<li>Altersspanne: &gt; 6 Jahre alt<\/li>\n<li>Modellnummer: C66006<\/li>\n<li>Einstufung: Assemblage<\/li>\n<li>Kunststoffblockform: Selbstsichernde Steine<\/li>\n<li>Material: Kunststoff<\/li>\n<li>Kunststofftyp: ABS<\/li>\n<li>Ziegelsteine: 1108 ST\u00dcCKE<\/li>\n<li>Enth\u00e4lt eine ausf\u00fchrliche Montageanleitung.<\/li>\n<\/ol>\n<p>Notiz:<br \/>\n1. Ohne Originalverpackung, aber wir garantieren, dass unsere Produkte eine Qualit\u00e4tssicherung und eine sch\u00f6ne Verpackung haben.<br \/>\n2. Wie alle Teile, die wir vor dem Versand \u00fcberpr\u00fcft haben, machen Sie sich keine Sorgen, wenn Sie feststellen, dass einige Teile fehlen oder besch\u00e4digt sind, und kontaktieren Sie uns einfach, und wir k\u00f6nnen sie Ihnen umgehend kostenlos erneut zusenden.<\/p>\n<p>&nbsp;<\/p>\n<figure id=\"attachment_31410\" aria-describedby=\"caption-attachment-31410\" style=\"width: 894px\" class=\"wp-caption aligncenter\"><img fetchpriority=\"high\" decoding=\"async\" class=\"wp-image-31410 size-full\" src=\"https:\/\/mouldking.store\/wp-content\/uploads\/2022\/05\/Cada-C66006-Japanese-Steam-Bun-Shop-1.jpg\" alt=\"CADA C66006 Japanese Steamed Bun House with 1108 pieces\" width=\"894\" height=\"885\" title=\"-\" srcset=\"https:\/\/mouldking.store\/wp-content\/uploads\/2022\/05\/Cada-C66006-Japanese-Steam-Bun-Shop-1.jpg 894w, https:\/\/mouldking.store\/wp-content\/uploads\/2022\/05\/Cada-C66006-Japanese-Steam-Bun-Shop-1-300x297.jpg 300w, https:\/\/mouldking.store\/wp-content\/uploads\/2022\/05\/Cada-C66006-Japanese-Steam-Bun-Shop-1-768x760.jpg 768w, https:\/\/mouldking.store\/wp-content\/uploads\/2022\/05\/Cada-C66006-Japanese-Steam-Bun-Shop-1-600x594.jpg 600w, https:\/\/mouldking.store\/wp-content\/uploads\/2022\/05\/Cada-C66006-Japanese-Steam-Bun-Shop-1-150x148.jpg 150w\" sizes=\"(max-width: 894px) 100vw, 894px\" \/><figcaption id=\"caption-attachment-31410\" class=\"wp-caption-text\">CADA C66006 Japanisches ged\u00e4mpftes Br\u00f6tchenhaus mit 1108 Teilen<\/figcaption><\/figure>\n<figure id=\"attachment_31412\" aria-describedby=\"caption-attachment-31412\" style=\"width: 895px\" class=\"wp-caption aligncenter\"><img decoding=\"async\" class=\"wp-image-31412 size-full\" src=\"https:\/\/mouldking.store\/wp-content\/uploads\/2022\/05\/Cada-C66006-Japanese-Steam-Bun-Shop-3.jpg\" alt=\"CADA C66006 Japanese Steamed Bun House with 1108 pieces\" width=\"895\" height=\"866\" title=\"-\" srcset=\"https:\/\/mouldking.store\/wp-content\/uploads\/2022\/05\/Cada-C66006-Japanese-Steam-Bun-Shop-3.jpg 895w, https:\/\/mouldking.store\/wp-content\/uploads\/2022\/05\/Cada-C66006-Japanese-Steam-Bun-Shop-3-300x290.jpg 300w, https:\/\/mouldking.store\/wp-content\/uploads\/2022\/05\/Cada-C66006-Japanese-Steam-Bun-Shop-3-768x743.jpg 768w, https:\/\/mouldking.store\/wp-content\/uploads\/2022\/05\/Cada-C66006-Japanese-Steam-Bun-Shop-3-600x581.jpg 600w, https:\/\/mouldking.store\/wp-content\/uploads\/2022\/05\/Cada-C66006-Japanese-Steam-Bun-Shop-3-150x145.jpg 150w\" sizes=\"(max-width: 895px) 100vw, 895px\" \/><figcaption id=\"caption-attachment-31412\" class=\"wp-caption-text\">CADA C66006 Japanisches ged\u00e4mpftes Br\u00f6tchenhaus mit 1108 Teilen<\/figcaption><\/figure>\n<figure id=\"attachment_31413\" aria-describedby=\"caption-attachment-31413\" style=\"width: 893px\" class=\"wp-caption aligncenter\"><img decoding=\"async\" class=\"wp-image-31413 size-full\" src=\"https:\/\/mouldking.store\/wp-content\/uploads\/2022\/05\/Cada-C66006-Japanese-Steam-Bun-Shop-4.jpg\" alt=\"CADA C66006 Japanese Steamed Bun House with 1108 pieces\" width=\"893\" height=\"851\" title=\"-\" srcset=\"https:\/\/mouldking.store\/wp-content\/uploads\/2022\/05\/Cada-C66006-Japanese-Steam-Bun-Shop-4.jpg 893w, https:\/\/mouldking.store\/wp-content\/uploads\/2022\/05\/Cada-C66006-Japanese-Steam-Bun-Shop-4-300x286.jpg 300w, https:\/\/mouldking.store\/wp-content\/uploads\/2022\/05\/Cada-C66006-Japanese-Steam-Bun-Shop-4-768x732.jpg 768w, https:\/\/mouldking.store\/wp-content\/uploads\/2022\/05\/Cada-C66006-Japanese-Steam-Bun-Shop-4-600x572.jpg 600w, https:\/\/mouldking.store\/wp-content\/uploads\/2022\/05\/Cada-C66006-Japanese-Steam-Bun-Shop-4-150x143.jpg 150w\" sizes=\"(max-width: 893px) 100vw, 893px\" \/><figcaption id=\"caption-attachment-31413\" class=\"wp-caption-text\">CADA C66006 Japanisches ged\u00e4mpftes Br\u00f6tchenhaus mit 1108 Teilen<\/figcaption><\/figure>\n<figure id=\"attachment_31411\" aria-describedby=\"caption-attachment-31411\" style=\"width: 894px\" class=\"wp-caption aligncenter\"><img loading=\"lazy\" decoding=\"async\" class=\"wp-image-31411 size-full\" src=\"https:\/\/mouldking.store\/wp-content\/uploads\/2022\/05\/Cada-C66006-Japanese-Steam-Bun-Shop-2.jpg\" alt=\"CADA C66006 Japanese Steamed Bun House with 1108 pieces\" width=\"894\" height=\"855\" title=\"-\" srcset=\"https:\/\/mouldking.store\/wp-content\/uploads\/2022\/05\/Cada-C66006-Japanese-Steam-Bun-Shop-2.jpg 894w, https:\/\/mouldking.store\/wp-content\/uploads\/2022\/05\/Cada-C66006-Japanese-Steam-Bun-Shop-2-300x287.jpg 300w, https:\/\/mouldking.store\/wp-content\/uploads\/2022\/05\/Cada-C66006-Japanese-Steam-Bun-Shop-2-768x734.jpg 768w, https:\/\/mouldking.store\/wp-content\/uploads\/2022\/05\/Cada-C66006-Japanese-Steam-Bun-Shop-2-600x574.jpg 600w, https:\/\/mouldking.store\/wp-content\/uploads\/2022\/05\/Cada-C66006-Japanese-Steam-Bun-Shop-2-150x143.jpg 150w\" sizes=\"(max-width: 894px) 100vw, 894px\" \/><figcaption id=\"caption-attachment-31411\" class=\"wp-caption-text\">CADA C66006 Japanisches ged\u00e4mpftes Br\u00f6tchenhaus mit 1108 Teilen<\/figcaption><\/figure>\n<figure id=\"attachment_31414\" aria-describedby=\"caption-attachment-31414\" style=\"width: 897px\" class=\"wp-caption aligncenter\"><img loading=\"lazy\" decoding=\"async\" class=\"wp-image-31414 size-full\" src=\"https:\/\/mouldking.store\/wp-content\/uploads\/2022\/05\/Cada-C66006-Japanese-Steam-Bun-Shop-5.jpg\" alt=\"CADA C66006 Japanese Steamed Bun House with 1108 pieces\" width=\"897\" height=\"876\" title=\"-\" srcset=\"https:\/\/mouldking.store\/wp-content\/uploads\/2022\/05\/Cada-C66006-Japanese-Steam-Bun-Shop-5.jpg 897w, https:\/\/mouldking.store\/wp-content\/uploads\/2022\/05\/Cada-C66006-Japanese-Steam-Bun-Shop-5-300x293.jpg 300w, https:\/\/mouldking.store\/wp-content\/uploads\/2022\/05\/Cada-C66006-Japanese-Steam-Bun-Shop-5-768x750.jpg 768w, https:\/\/mouldking.store\/wp-content\/uploads\/2022\/05\/Cada-C66006-Japanese-Steam-Bun-Shop-5-600x586.jpg 600w, https:\/\/mouldking.store\/wp-content\/uploads\/2022\/05\/Cada-C66006-Japanese-Steam-Bun-Shop-5-150x146.jpg 150w\" sizes=\"(max-width: 897px) 100vw, 897px\" \/><figcaption id=\"caption-attachment-31414\" class=\"wp-caption-text\">CADA C66006 Japanisches ged\u00e4mpftes Br\u00f6tchenhaus mit 1108 Teilen<\/figcaption><\/figure>","protected":false},"excerpt":{"rendered":"<p>Product information: Brand: CADA Gender: Unisex Name: Japanese Steamed Bun House Age Range: &gt; 6 years old Model Number: C66006 Classification: Assemblage Plastic Block Shape: Self-Locking Bricks Material: Plastic Plastic Type: ABS Bricks Blocks: 1108 PCS Contains detailed assembly instructions. Notice: 1. Without an original box, but we guarantee our products have quality assurance and [&hellip;]<\/p>","protected":false},"featured_media":31410,"comment_status":"closed","ping_status":"closed","template":"","meta":{"_acf_changed":false},"product_cat":[1395,390],"product_tag":[5433,1916,5431,5430,5429,5434,5436,5432,5435],"class_list":["product","first","instock","shipping-taxable","purchasable","product-type-simple"],"acf":[],"_links":{"self":[{"href":"https:\/\/mouldking.store\/de\/wp-json\/wp\/v2\/product\/31409","targetHints":{"allow":["GET"]}}],"collection":[{"href":"https:\/\/mouldking.store\/de\/wp-json\/wp\/v2\/product"}],"about":[{"href":"https:\/\/mouldking.store\/de\/wp-json\/wp\/v2\/types\/product"}],"replies":[{"embeddable":true,"href":"https:\/\/mouldking.store\/de\/wp-json\/wp\/v2\/comments?post=31409"}],"wp:featuredmedia":[{"embeddable":true,"href":"https:\/\/mouldking.store\/de\/wp-json\/wp\/v2\/media\/31410"}],"wp:attachment":[{"href":"https:\/\/mouldking.store\/de\/wp-json\/wp\/v2\/media?parent=31409"}],"wp:term":[{"taxonomy":"product_cat","embeddable":true,"href":"https:\/\/mouldking.store\/de\/wp-json\/wp\/v2\/product_cat?post=31409"},{"taxonomy":"product_tag","embeddable":true,"href":"https:\/\/mouldking.store\/de\/wp-json\/wp\/v2\/product_tag?post=31409"}],"curies":[{"name":"wp","href":"https:\/\/api.w.org\/{rel}","templated":true}]}}