{"id":31496,"date":"2022-05-27T15:05:07","date_gmt":"2022-05-27T08:05:07","guid":{"rendered":"https:\/\/mouldking.store\/?post_type=product&#038;p=31496"},"modified":"2022-05-27T15:05:07","modified_gmt":"2022-05-27T08:05:07","slug":"cada-c61501-buckingham-palace-with-5604-pieces","status":"publish","type":"product","link":"https:\/\/mouldking.store\/de\/shop\/cada-c61501-buckingham-palace-with-5604-pieces\/","title":{"rendered":"CADA C61501 Buckingham Palace mit 5604 Teilen"},"content":{"rendered":"<p>Produktinformation:<\/p>\n<ol>\n<li>Marke: CADA<\/li>\n<li>Geschlecht: Unisex<\/li>\n<li>Name: Buckingham-Palast<\/li>\n<li>Altersspanne: &gt; 6 Jahre alt<\/li>\n<li>Modellnummer: C61501<\/li>\n<li>Einstufung: Assemblage<\/li>\n<li>Kunststoffblockform: Selbstsichernde Steine<\/li>\n<li>Material: Kunststoff<\/li>\n<li>Kunststofftyp: ABS<\/li>\n<li>Ziegelsteine: 5604 ST\u00dcCKE<\/li>\n<li>Enth\u00e4lt eine ausf\u00fchrliche Montageanleitung.<\/li>\n<\/ol>\n<p>Notiz:<br \/>\n1. Ohne Originalverpackung, aber wir garantieren, dass unsere Produkte eine Qualit\u00e4tssicherung und eine sch\u00f6ne Verpackung haben.<br \/>\n2. Wie alle Teile, die wir vor dem Versand \u00fcberpr\u00fcft haben, machen Sie sich keine Sorgen, wenn Sie feststellen, dass einige Teile fehlen oder besch\u00e4digt sind, und kontaktieren Sie uns einfach, und wir k\u00f6nnen sie Ihnen umgehend kostenlos erneut zusenden.<\/p>\n<p>&nbsp;<\/p>\n<figure id=\"attachment_31497\" aria-describedby=\"caption-attachment-31497\" style=\"width: 800px\" class=\"wp-caption aligncenter\"><img fetchpriority=\"high\" decoding=\"async\" class=\"wp-image-31497 size-full\" src=\"https:\/\/mouldking.store\/wp-content\/uploads\/2022\/05\/CaDa-C61501-Buckingham-Palace-2.png\" alt=\"CADA C61501 Buckingham Palace with 5604 pieces\" width=\"800\" height=\"800\" title=\"-\" srcset=\"https:\/\/mouldking.store\/wp-content\/uploads\/2022\/05\/CaDa-C61501-Buckingham-Palace-2.png 800w, https:\/\/mouldking.store\/wp-content\/uploads\/2022\/05\/CaDa-C61501-Buckingham-Palace-2-300x300.png 300w, https:\/\/mouldking.store\/wp-content\/uploads\/2022\/05\/CaDa-C61501-Buckingham-Palace-2-768x768.png 768w, https:\/\/mouldking.store\/wp-content\/uploads\/2022\/05\/CaDa-C61501-Buckingham-Palace-2-600x600.png 600w, https:\/\/mouldking.store\/wp-content\/uploads\/2022\/05\/CaDa-C61501-Buckingham-Palace-2-150x150.png 150w\" sizes=\"(max-width: 800px) 100vw, 800px\" \/><figcaption id=\"caption-attachment-31497\" class=\"wp-caption-text\">CADA C61501 Buckingham Palace mit 5604 Teilen<\/figcaption><\/figure>\n<figure id=\"attachment_31502\" aria-describedby=\"caption-attachment-31502\" style=\"width: 800px\" class=\"wp-caption aligncenter\"><img decoding=\"async\" class=\"wp-image-31502 size-full\" src=\"https:\/\/mouldking.store\/wp-content\/uploads\/2022\/05\/CaDa-C61501-Buckingham-Palace-1.png\" alt=\"CADA C61501 Buckingham Palace with 5604 pieces\" width=\"800\" height=\"800\" title=\"-\" srcset=\"https:\/\/mouldking.store\/wp-content\/uploads\/2022\/05\/CaDa-C61501-Buckingham-Palace-1.png 800w, https:\/\/mouldking.store\/wp-content\/uploads\/2022\/05\/CaDa-C61501-Buckingham-Palace-1-300x300.png 300w, https:\/\/mouldking.store\/wp-content\/uploads\/2022\/05\/CaDa-C61501-Buckingham-Palace-1-768x768.png 768w, https:\/\/mouldking.store\/wp-content\/uploads\/2022\/05\/CaDa-C61501-Buckingham-Palace-1-600x600.png 600w, https:\/\/mouldking.store\/wp-content\/uploads\/2022\/05\/CaDa-C61501-Buckingham-Palace-1-150x150.png 150w\" sizes=\"(max-width: 800px) 100vw, 800px\" \/><figcaption id=\"caption-attachment-31502\" class=\"wp-caption-text\">CADA C61501 Buckingham Palace mit 5604 Teilen<\/figcaption><\/figure>\n<figure id=\"attachment_31500\" aria-describedby=\"caption-attachment-31500\" style=\"width: 800px\" class=\"wp-caption aligncenter\"><img decoding=\"async\" class=\"wp-image-31500 size-full\" src=\"https:\/\/mouldking.store\/wp-content\/uploads\/2022\/05\/CaDa-C61501-Buckingham-Palace-5.png\" alt=\"CADA C61501 Buckingham Palace with 5604 pieces\" width=\"800\" height=\"800\" title=\"-\" srcset=\"https:\/\/mouldking.store\/wp-content\/uploads\/2022\/05\/CaDa-C61501-Buckingham-Palace-5.png 800w, https:\/\/mouldking.store\/wp-content\/uploads\/2022\/05\/CaDa-C61501-Buckingham-Palace-5-300x300.png 300w, https:\/\/mouldking.store\/wp-content\/uploads\/2022\/05\/CaDa-C61501-Buckingham-Palace-5-768x768.png 768w, https:\/\/mouldking.store\/wp-content\/uploads\/2022\/05\/CaDa-C61501-Buckingham-Palace-5-600x600.png 600w, https:\/\/mouldking.store\/wp-content\/uploads\/2022\/05\/CaDa-C61501-Buckingham-Palace-5-150x150.png 150w\" sizes=\"(max-width: 800px) 100vw, 800px\" \/><figcaption id=\"caption-attachment-31500\" class=\"wp-caption-text\">CADA C61501 Buckingham Palace mit 5604 Teilen<\/figcaption><\/figure>\n<figure id=\"attachment_31498\" aria-describedby=\"caption-attachment-31498\" style=\"width: 800px\" class=\"wp-caption aligncenter\"><img loading=\"lazy\" decoding=\"async\" class=\"wp-image-31498 size-full\" src=\"https:\/\/mouldking.store\/wp-content\/uploads\/2022\/05\/CaDa-C61501-Buckingham-Palace-3.png\" alt=\"CADA C61501 Buckingham Palace with 5604 pieces\" width=\"800\" height=\"800\" title=\"-\" srcset=\"https:\/\/mouldking.store\/wp-content\/uploads\/2022\/05\/CaDa-C61501-Buckingham-Palace-3.png 800w, https:\/\/mouldking.store\/wp-content\/uploads\/2022\/05\/CaDa-C61501-Buckingham-Palace-3-300x300.png 300w, https:\/\/mouldking.store\/wp-content\/uploads\/2022\/05\/CaDa-C61501-Buckingham-Palace-3-768x768.png 768w, https:\/\/mouldking.store\/wp-content\/uploads\/2022\/05\/CaDa-C61501-Buckingham-Palace-3-600x600.png 600w, https:\/\/mouldking.store\/wp-content\/uploads\/2022\/05\/CaDa-C61501-Buckingham-Palace-3-150x150.png 150w\" sizes=\"(max-width: 800px) 100vw, 800px\" \/><figcaption id=\"caption-attachment-31498\" class=\"wp-caption-text\">CADA C61501 Buckingham Palace mit 5604 Teilen<\/figcaption><\/figure>\n<figure id=\"attachment_31501\" aria-describedby=\"caption-attachment-31501\" style=\"width: 800px\" class=\"wp-caption aligncenter\"><img loading=\"lazy\" decoding=\"async\" class=\"wp-image-31501 size-full\" src=\"https:\/\/mouldking.store\/wp-content\/uploads\/2022\/05\/CaDa-C61501-Buckingham-Palace-6.png\" alt=\"CADA C61501 Buckingham Palace with 5604 pieces\" width=\"800\" height=\"800\" title=\"-\" srcset=\"https:\/\/mouldking.store\/wp-content\/uploads\/2022\/05\/CaDa-C61501-Buckingham-Palace-6.png 800w, https:\/\/mouldking.store\/wp-content\/uploads\/2022\/05\/CaDa-C61501-Buckingham-Palace-6-300x300.png 300w, https:\/\/mouldking.store\/wp-content\/uploads\/2022\/05\/CaDa-C61501-Buckingham-Palace-6-768x768.png 768w, https:\/\/mouldking.store\/wp-content\/uploads\/2022\/05\/CaDa-C61501-Buckingham-Palace-6-600x600.png 600w, https:\/\/mouldking.store\/wp-content\/uploads\/2022\/05\/CaDa-C61501-Buckingham-Palace-6-150x150.png 150w\" sizes=\"(max-width: 800px) 100vw, 800px\" \/><figcaption id=\"caption-attachment-31501\" class=\"wp-caption-text\">CADA C61501 Buckingham Palace mit 5604 Teilen<\/figcaption><\/figure>\n<figure id=\"attachment_31499\" aria-describedby=\"caption-attachment-31499\" style=\"width: 800px\" class=\"wp-caption aligncenter\"><img loading=\"lazy\" decoding=\"async\" class=\"wp-image-31499 size-full\" src=\"https:\/\/mouldking.store\/wp-content\/uploads\/2022\/05\/CaDa-C61501-Buckingham-Palace-4.png\" alt=\"CADA C61501 Buckingham Palace with 5604 pieces\" width=\"800\" height=\"800\" title=\"-\" srcset=\"https:\/\/mouldking.store\/wp-content\/uploads\/2022\/05\/CaDa-C61501-Buckingham-Palace-4.png 800w, https:\/\/mouldking.store\/wp-content\/uploads\/2022\/05\/CaDa-C61501-Buckingham-Palace-4-300x300.png 300w, https:\/\/mouldking.store\/wp-content\/uploads\/2022\/05\/CaDa-C61501-Buckingham-Palace-4-768x768.png 768w, https:\/\/mouldking.store\/wp-content\/uploads\/2022\/05\/CaDa-C61501-Buckingham-Palace-4-600x600.png 600w, https:\/\/mouldking.store\/wp-content\/uploads\/2022\/05\/CaDa-C61501-Buckingham-Palace-4-150x150.png 150w\" sizes=\"(max-width: 800px) 100vw, 800px\" \/><figcaption id=\"caption-attachment-31499\" class=\"wp-caption-text\">CADA C61501 Buckingham Palace mit 5604 Teilen<\/figcaption><\/figure>","protected":false},"excerpt":{"rendered":"<p>Product information: Brand: CADA Gender: Unisex Name: Buckingham Palace Age Range: &gt; 6 years old Model Number: C61501 Classification: Assemblage Plastic Block Shape: Self-Locking Bricks Material: Plastic Plastic Type: ABS Bricks Blocks: 5604 PCS Contains detailed assembly instructions. Notice: 1. Without an original box, but we guarantee our products have quality assurance and nice packaging. [&hellip;]<\/p>","protected":false},"featured_media":31497,"comment_status":"closed","ping_status":"closed","template":"","meta":{"_acf_changed":false},"product_cat":[390],"product_tag":[5501,5499,5500,1916,5498,5497,5496,4581],"class_list":["product","first","instock","shipping-taxable","purchasable","product-type-simple"],"acf":[],"_links":{"self":[{"href":"https:\/\/mouldking.store\/de\/wp-json\/wp\/v2\/product\/31496","targetHints":{"allow":["GET"]}}],"collection":[{"href":"https:\/\/mouldking.store\/de\/wp-json\/wp\/v2\/product"}],"about":[{"href":"https:\/\/mouldking.store\/de\/wp-json\/wp\/v2\/types\/product"}],"replies":[{"embeddable":true,"href":"https:\/\/mouldking.store\/de\/wp-json\/wp\/v2\/comments?post=31496"}],"wp:featuredmedia":[{"embeddable":true,"href":"https:\/\/mouldking.store\/de\/wp-json\/wp\/v2\/media\/31497"}],"wp:attachment":[{"href":"https:\/\/mouldking.store\/de\/wp-json\/wp\/v2\/media?parent=31496"}],"wp:term":[{"taxonomy":"product_cat","embeddable":true,"href":"https:\/\/mouldking.store\/de\/wp-json\/wp\/v2\/product_cat?post=31496"},{"taxonomy":"product_tag","embeddable":true,"href":"https:\/\/mouldking.store\/de\/wp-json\/wp\/v2\/product_tag?post=31496"}],"curies":[{"name":"wp","href":"https:\/\/api.w.org\/{rel}","templated":true}]}}