{"id":31508,"date":"2022-05-27T15:24:04","date_gmt":"2022-05-27T08:24:04","guid":{"rendered":"https:\/\/mouldking.store\/?post_type=product&#038;p=31508"},"modified":"2022-05-27T15:24:04","modified_gmt":"2022-05-27T08:24:04","slug":"k-box-10510-volkswagen-t1-with-2550-pieces","status":"publish","type":"product","link":"https:\/\/mouldking.store\/de\/shop\/k-box-10510-volkswagen-t1-with-2550-pieces\/","title":{"rendered":"K-BOX 10510 Volkswagen T1 mit 2550 Teilen"},"content":{"rendered":"<p>Produktinformation:<\/p>\n<ol>\n<li>Marke: K-BOX<\/li>\n<li>Geschlecht: Unisex<\/li>\n<li>Name: Volkswagen T1<\/li>\n<li>Altersspanne: &gt; 6 Jahre alt<\/li>\n<li>Model Number: 10510<\/li>\n<li>Einstufung: Assemblage<\/li>\n<li>Kunststoffblockform: Selbstsichernde Steine<\/li>\n<li>Material: Kunststoff<\/li>\n<li>Kunststofftyp: ABS<\/li>\n<li>Bricks Blocks: 2550 PCS<\/li>\n<li>Enth\u00e4lt eine ausf\u00fchrliche Montageanleitung.<\/li>\n<\/ol>\n<p>Notiz:<br \/>\n1. Ohne Originalverpackung, aber wir garantieren, dass unsere Produkte eine Qualit\u00e4tssicherung und eine sch\u00f6ne Verpackung haben.<br \/>\n2. Wie alle Teile, die wir vor dem Versand \u00fcberpr\u00fcft haben, machen Sie sich keine Sorgen, wenn Sie feststellen, dass einige Teile fehlen oder besch\u00e4digt sind, und kontaktieren Sie uns einfach, und wir k\u00f6nnen sie Ihnen umgehend kostenlos erneut zusenden.<\/p>\n<p>&nbsp;<\/p>\n<figure id=\"attachment_31510\" aria-describedby=\"caption-attachment-31510\" style=\"width: 1024px\" class=\"wp-caption aligncenter\"><img fetchpriority=\"high\" decoding=\"async\" class=\"wp-image-31510 size-full\" src=\"https:\/\/mouldking.store\/wp-content\/uploads\/2022\/05\/K-BOX-10510-Volkswagen-T1-2.png\" alt=\"K-BOX 10510 Volkswagen T1 with 2550 pieces\" width=\"1024\" height=\"1024\" title=\"-\" srcset=\"https:\/\/mouldking.store\/wp-content\/uploads\/2022\/05\/K-BOX-10510-Volkswagen-T1-2.png 1024w, https:\/\/mouldking.store\/wp-content\/uploads\/2022\/05\/K-BOX-10510-Volkswagen-T1-2-300x300.png 300w, https:\/\/mouldking.store\/wp-content\/uploads\/2022\/05\/K-BOX-10510-Volkswagen-T1-2-768x768.png 768w, https:\/\/mouldking.store\/wp-content\/uploads\/2022\/05\/K-BOX-10510-Volkswagen-T1-2-600x600.png 600w, https:\/\/mouldking.store\/wp-content\/uploads\/2022\/05\/K-BOX-10510-Volkswagen-T1-2-150x150.png 150w\" sizes=\"(max-width: 1024px) 100vw, 1024px\" \/><figcaption id=\"caption-attachment-31510\" class=\"wp-caption-text\">K-BOX 10510 Volkswagen T1 mit 2550 Teilen<\/figcaption><\/figure>\n<figure id=\"attachment_31511\" aria-describedby=\"caption-attachment-31511\" style=\"width: 1024px\" class=\"wp-caption aligncenter\"><img decoding=\"async\" class=\"wp-image-31511 size-full\" src=\"https:\/\/mouldking.store\/wp-content\/uploads\/2022\/05\/K-BOX-10510-Volkswagen-T1-3.png\" alt=\"K-BOX 10510 Volkswagen T1 with 2550 pieces\" width=\"1024\" height=\"1024\" title=\"-\" srcset=\"https:\/\/mouldking.store\/wp-content\/uploads\/2022\/05\/K-BOX-10510-Volkswagen-T1-3.png 1024w, https:\/\/mouldking.store\/wp-content\/uploads\/2022\/05\/K-BOX-10510-Volkswagen-T1-3-300x300.png 300w, https:\/\/mouldking.store\/wp-content\/uploads\/2022\/05\/K-BOX-10510-Volkswagen-T1-3-768x768.png 768w, https:\/\/mouldking.store\/wp-content\/uploads\/2022\/05\/K-BOX-10510-Volkswagen-T1-3-600x600.png 600w, https:\/\/mouldking.store\/wp-content\/uploads\/2022\/05\/K-BOX-10510-Volkswagen-T1-3-150x150.png 150w\" sizes=\"(max-width: 1024px) 100vw, 1024px\" \/><figcaption id=\"caption-attachment-31511\" class=\"wp-caption-text\">K-BOX 10510 Volkswagen T1 mit 2550 Teilen<\/figcaption><\/figure>\n<figure id=\"attachment_31512\" aria-describedby=\"caption-attachment-31512\" style=\"width: 1024px\" class=\"wp-caption aligncenter\"><img decoding=\"async\" class=\"wp-image-31512 size-full\" src=\"https:\/\/mouldking.store\/wp-content\/uploads\/2022\/05\/K-BOX-10510-Volkswagen-T1-4.png\" alt=\"K-BOX 10510 Volkswagen T1 with 2550 pieces\" width=\"1024\" height=\"1024\" title=\"-\" srcset=\"https:\/\/mouldking.store\/wp-content\/uploads\/2022\/05\/K-BOX-10510-Volkswagen-T1-4.png 1024w, https:\/\/mouldking.store\/wp-content\/uploads\/2022\/05\/K-BOX-10510-Volkswagen-T1-4-300x300.png 300w, https:\/\/mouldking.store\/wp-content\/uploads\/2022\/05\/K-BOX-10510-Volkswagen-T1-4-768x768.png 768w, https:\/\/mouldking.store\/wp-content\/uploads\/2022\/05\/K-BOX-10510-Volkswagen-T1-4-600x600.png 600w, https:\/\/mouldking.store\/wp-content\/uploads\/2022\/05\/K-BOX-10510-Volkswagen-T1-4-150x150.png 150w\" sizes=\"(max-width: 1024px) 100vw, 1024px\" \/><figcaption id=\"caption-attachment-31512\" class=\"wp-caption-text\">K-BOX 10510 Volkswagen T1 mit 2550 Teilen<\/figcaption><\/figure>\n<figure id=\"attachment_31514\" aria-describedby=\"caption-attachment-31514\" style=\"width: 1024px\" class=\"wp-caption aligncenter\"><img loading=\"lazy\" decoding=\"async\" class=\"wp-image-31514 size-full\" src=\"https:\/\/mouldking.store\/wp-content\/uploads\/2022\/05\/K-BOX-10510-Volkswagen-T1-6.png\" alt=\"K-BOX 10510 Volkswagen T1 with 2550 pieces\" width=\"1024\" height=\"1024\" title=\"-\" srcset=\"https:\/\/mouldking.store\/wp-content\/uploads\/2022\/05\/K-BOX-10510-Volkswagen-T1-6.png 1024w, https:\/\/mouldking.store\/wp-content\/uploads\/2022\/05\/K-BOX-10510-Volkswagen-T1-6-300x300.png 300w, https:\/\/mouldking.store\/wp-content\/uploads\/2022\/05\/K-BOX-10510-Volkswagen-T1-6-768x768.png 768w, https:\/\/mouldking.store\/wp-content\/uploads\/2022\/05\/K-BOX-10510-Volkswagen-T1-6-600x600.png 600w, https:\/\/mouldking.store\/wp-content\/uploads\/2022\/05\/K-BOX-10510-Volkswagen-T1-6-150x150.png 150w\" sizes=\"(max-width: 1024px) 100vw, 1024px\" \/><figcaption id=\"caption-attachment-31514\" class=\"wp-caption-text\">K-BOX 10510 Volkswagen T1 mit 2550 Teilen<\/figcaption><\/figure>\n<figure id=\"attachment_31515\" aria-describedby=\"caption-attachment-31515\" style=\"width: 1024px\" class=\"wp-caption aligncenter\"><img loading=\"lazy\" decoding=\"async\" class=\"wp-image-31515 size-full\" src=\"https:\/\/mouldking.store\/wp-content\/uploads\/2022\/05\/K-BOX-10510-Volkswagen-T1-1.png\" alt=\"K-BOX 10510 Volkswagen T1 with 2550 pieces\" width=\"1024\" height=\"1024\" title=\"-\" srcset=\"https:\/\/mouldking.store\/wp-content\/uploads\/2022\/05\/K-BOX-10510-Volkswagen-T1-1.png 1024w, https:\/\/mouldking.store\/wp-content\/uploads\/2022\/05\/K-BOX-10510-Volkswagen-T1-1-300x300.png 300w, https:\/\/mouldking.store\/wp-content\/uploads\/2022\/05\/K-BOX-10510-Volkswagen-T1-1-768x768.png 768w, https:\/\/mouldking.store\/wp-content\/uploads\/2022\/05\/K-BOX-10510-Volkswagen-T1-1-600x600.png 600w, https:\/\/mouldking.store\/wp-content\/uploads\/2022\/05\/K-BOX-10510-Volkswagen-T1-1-150x150.png 150w\" sizes=\"(max-width: 1024px) 100vw, 1024px\" \/><figcaption id=\"caption-attachment-31515\" class=\"wp-caption-text\">K-BOX 10510 Volkswagen T1 mit 2550 Teilen<\/figcaption><\/figure>\n<figure id=\"attachment_31513\" aria-describedby=\"caption-attachment-31513\" style=\"width: 1024px\" class=\"wp-caption aligncenter\"><img loading=\"lazy\" decoding=\"async\" class=\"wp-image-31513 size-full\" src=\"https:\/\/mouldking.store\/wp-content\/uploads\/2022\/05\/K-BOX-10510-Volkswagen-T1-5.png\" alt=\"K-BOX 10510 Volkswagen T1 with 2550 pieces\" width=\"1024\" height=\"1024\" title=\"-\" srcset=\"https:\/\/mouldking.store\/wp-content\/uploads\/2022\/05\/K-BOX-10510-Volkswagen-T1-5.png 1024w, https:\/\/mouldking.store\/wp-content\/uploads\/2022\/05\/K-BOX-10510-Volkswagen-T1-5-300x300.png 300w, https:\/\/mouldking.store\/wp-content\/uploads\/2022\/05\/K-BOX-10510-Volkswagen-T1-5-768x768.png 768w, https:\/\/mouldking.store\/wp-content\/uploads\/2022\/05\/K-BOX-10510-Volkswagen-T1-5-600x600.png 600w, https:\/\/mouldking.store\/wp-content\/uploads\/2022\/05\/K-BOX-10510-Volkswagen-T1-5-150x150.png 150w\" sizes=\"(max-width: 1024px) 100vw, 1024px\" \/><figcaption id=\"caption-attachment-31513\" class=\"wp-caption-text\">K-BOX 10510 Volkswagen T1 mit 2550 Teilen<\/figcaption><\/figure>","protected":false},"excerpt":{"rendered":"<p>Product information: Brand: K-BOX Gender: Unisex Name: Volkswagen T1 Age Range: &gt; 6 years old Model Number: 10510 Classification: Assemblage Plastic Block Shape: Self-Locking Bricks Material: Plastic Plastic Type: ABS Bricks Blocks: 2550 PCS Contains detailed assembly instructions. Notice: 1. Without an original box, but we guarantee our products have quality assurance and nice packaging. [&hellip;]<\/p>","protected":false},"featured_media":31510,"comment_status":"closed","ping_status":"closed","template":"","meta":{"_acf_changed":false},"product_cat":[364],"product_tag":[5512,2969,5510,5509,5508,5513,5511],"class_list":["product","first","instock","shipping-taxable","purchasable","product-type-simple"],"acf":[],"_links":{"self":[{"href":"https:\/\/mouldking.store\/de\/wp-json\/wp\/v2\/product\/31508","targetHints":{"allow":["GET"]}}],"collection":[{"href":"https:\/\/mouldking.store\/de\/wp-json\/wp\/v2\/product"}],"about":[{"href":"https:\/\/mouldking.store\/de\/wp-json\/wp\/v2\/types\/product"}],"replies":[{"embeddable":true,"href":"https:\/\/mouldking.store\/de\/wp-json\/wp\/v2\/comments?post=31508"}],"wp:featuredmedia":[{"embeddable":true,"href":"https:\/\/mouldking.store\/de\/wp-json\/wp\/v2\/media\/31510"}],"wp:attachment":[{"href":"https:\/\/mouldking.store\/de\/wp-json\/wp\/v2\/media?parent=31508"}],"wp:term":[{"taxonomy":"product_cat","embeddable":true,"href":"https:\/\/mouldking.store\/de\/wp-json\/wp\/v2\/product_cat?post=31508"},{"taxonomy":"product_tag","embeddable":true,"href":"https:\/\/mouldking.store\/de\/wp-json\/wp\/v2\/product_tag?post=31508"}],"curies":[{"name":"wp","href":"https:\/\/api.w.org\/{rel}","templated":true}]}}