{"id":31551,"date":"2022-05-27T15:53:02","date_gmt":"2022-05-27T08:53:02","guid":{"rendered":"https:\/\/mouldking.store\/?post_type=product&#038;p=31551"},"modified":"2022-05-27T15:53:03","modified_gmt":"2022-05-27T08:53:03","slug":"tgl-t4020-ducati-15-motorcycle-with-1809-pieces","status":"publish","type":"product","link":"https:\/\/mouldking.store\/de\/shop\/tgl-t4020-ducati-15-motorcycle-with-1809-pieces\/","title":{"rendered":"TGL T4020 Ducati 1:5 Motorrad mit 1809 Teilen"},"content":{"rendered":"<p>Produktinformation:<\/p>\n<ol>\n<li>Marke: TGL<\/li>\n<li>Geschlecht: Unisex<\/li>\n<li>Name: RC Muldenkipper<\/li>\n<li>Altersspanne: &gt; 6 Jahre alt<\/li>\n<li>Modellnummer: T4020<\/li>\n<li>Einstufung: Assemblage<\/li>\n<li>Kunststoffblockform: Selbstsichernde Steine<\/li>\n<li>Material: Kunststoff<\/li>\n<li>Kunststofftyp: ABS<\/li>\n<li>Ziegelsteine: 1809 PCS<\/li>\n<li>Enth\u00e4lt eine ausf\u00fchrliche Montageanleitung.<\/li>\n<\/ol>\n<p>Notiz:<br \/>\n1. Ohne Originalverpackung, aber wir garantieren, dass unsere Produkte eine Qualit\u00e4tssicherung und eine sch\u00f6ne Verpackung haben.<br \/>\n2. Wie alle Teile, die wir vor dem Versand \u00fcberpr\u00fcft haben, machen Sie sich keine Sorgen, wenn Sie feststellen, dass einige Teile fehlen oder besch\u00e4digt sind, und kontaktieren Sie uns einfach, und wir k\u00f6nnen sie Ihnen umgehend kostenlos erneut zusenden.<\/p>\n<p>&nbsp;<\/p>\n<figure id=\"attachment_31552\" aria-describedby=\"caption-attachment-31552\" style=\"width: 800px\" class=\"wp-caption aligncenter\"><img fetchpriority=\"high\" decoding=\"async\" class=\"wp-image-31552 size-full\" src=\"https:\/\/mouldking.store\/wp-content\/uploads\/2022\/05\/TaiGaoLe-T4020R-Ducati-1299-Panigale-S-15-2.png\" alt=\"TGL T4020 Ducati 1:5 Motorcycle with 1809 pieces\" width=\"800\" height=\"800\" title=\"-\" srcset=\"https:\/\/mouldking.store\/wp-content\/uploads\/2022\/05\/TaiGaoLe-T4020R-Ducati-1299-Panigale-S-15-2.png 800w, https:\/\/mouldking.store\/wp-content\/uploads\/2022\/05\/TaiGaoLe-T4020R-Ducati-1299-Panigale-S-15-2-300x300.png 300w, https:\/\/mouldking.store\/wp-content\/uploads\/2022\/05\/TaiGaoLe-T4020R-Ducati-1299-Panigale-S-15-2-768x768.png 768w, https:\/\/mouldking.store\/wp-content\/uploads\/2022\/05\/TaiGaoLe-T4020R-Ducati-1299-Panigale-S-15-2-600x600.png 600w, https:\/\/mouldking.store\/wp-content\/uploads\/2022\/05\/TaiGaoLe-T4020R-Ducati-1299-Panigale-S-15-2-150x150.png 150w\" sizes=\"(max-width: 800px) 100vw, 800px\" \/><figcaption id=\"caption-attachment-31552\" class=\"wp-caption-text\">TGL T4020 Ducati 1:5 Motorrad mit 1809 Teilen<\/figcaption><\/figure>\n<figure id=\"attachment_31553\" aria-describedby=\"caption-attachment-31553\" style=\"width: 800px\" class=\"wp-caption aligncenter\"><img decoding=\"async\" class=\"wp-image-31553 size-full\" src=\"https:\/\/mouldking.store\/wp-content\/uploads\/2022\/05\/TaiGaoLe-T4020R-Ducati-1299-Panigale-S-15-3.png\" alt=\"TGL T4020 Ducati 1:5 Motorcycle with 1809 pieces\" width=\"800\" height=\"800\" title=\"-\" srcset=\"https:\/\/mouldking.store\/wp-content\/uploads\/2022\/05\/TaiGaoLe-T4020R-Ducati-1299-Panigale-S-15-3.png 800w, https:\/\/mouldking.store\/wp-content\/uploads\/2022\/05\/TaiGaoLe-T4020R-Ducati-1299-Panigale-S-15-3-300x300.png 300w, https:\/\/mouldking.store\/wp-content\/uploads\/2022\/05\/TaiGaoLe-T4020R-Ducati-1299-Panigale-S-15-3-768x768.png 768w, https:\/\/mouldking.store\/wp-content\/uploads\/2022\/05\/TaiGaoLe-T4020R-Ducati-1299-Panigale-S-15-3-600x600.png 600w, https:\/\/mouldking.store\/wp-content\/uploads\/2022\/05\/TaiGaoLe-T4020R-Ducati-1299-Panigale-S-15-3-150x150.png 150w\" sizes=\"(max-width: 800px) 100vw, 800px\" \/><figcaption id=\"caption-attachment-31553\" class=\"wp-caption-text\">TGL T4020 Ducati 1:5 Motorrad mit 1809 Teilen<\/figcaption><\/figure>\n<figure id=\"attachment_31554\" aria-describedby=\"caption-attachment-31554\" style=\"width: 800px\" class=\"wp-caption aligncenter\"><img decoding=\"async\" class=\"wp-image-31554 size-full\" src=\"https:\/\/mouldking.store\/wp-content\/uploads\/2022\/05\/TaiGaoLe-T4020R-Ducati-1299-Panigale-S-15-1.png\" alt=\"TGL T4020 Ducati 1:5 Motorcycle with 1809 pieces\" width=\"800\" height=\"800\" title=\"-\" srcset=\"https:\/\/mouldking.store\/wp-content\/uploads\/2022\/05\/TaiGaoLe-T4020R-Ducati-1299-Panigale-S-15-1.png 800w, https:\/\/mouldking.store\/wp-content\/uploads\/2022\/05\/TaiGaoLe-T4020R-Ducati-1299-Panigale-S-15-1-300x300.png 300w, https:\/\/mouldking.store\/wp-content\/uploads\/2022\/05\/TaiGaoLe-T4020R-Ducati-1299-Panigale-S-15-1-768x768.png 768w, https:\/\/mouldking.store\/wp-content\/uploads\/2022\/05\/TaiGaoLe-T4020R-Ducati-1299-Panigale-S-15-1-600x600.png 600w, https:\/\/mouldking.store\/wp-content\/uploads\/2022\/05\/TaiGaoLe-T4020R-Ducati-1299-Panigale-S-15-1-150x150.png 150w\" sizes=\"(max-width: 800px) 100vw, 800px\" \/><figcaption id=\"caption-attachment-31554\" class=\"wp-caption-text\">TGL T4020 Ducati 1:5 Motorrad mit 1809 Teilen<\/figcaption><\/figure>","protected":false},"excerpt":{"rendered":"<p>Product information: Brand: TGL Gender: Unisex Name: RC Dump Truck Age Range: &gt; 6 years old Model Number: T4020 Classification: Assemblage Plastic Block Shape: Self-Locking Bricks Material: Plastic Plastic Type: ABS Bricks Blocks: 1809 PCS Contains detailed assembly instructions. Notice: 1. Without an original box, but we guarantee our products have quality assurance and nice [&hellip;]<\/p>","protected":false},"featured_media":31552,"comment_status":"closed","ping_status":"closed","template":"","meta":{"_acf_changed":false},"product_cat":[364],"product_tag":[5553,5551,2449,5552,2739,5550,5549,5548],"class_list":["product","first","instock","shipping-taxable","purchasable","product-type-simple"],"acf":[],"_links":{"self":[{"href":"https:\/\/mouldking.store\/de\/wp-json\/wp\/v2\/product\/31551","targetHints":{"allow":["GET"]}}],"collection":[{"href":"https:\/\/mouldking.store\/de\/wp-json\/wp\/v2\/product"}],"about":[{"href":"https:\/\/mouldking.store\/de\/wp-json\/wp\/v2\/types\/product"}],"replies":[{"embeddable":true,"href":"https:\/\/mouldking.store\/de\/wp-json\/wp\/v2\/comments?post=31551"}],"wp:featuredmedia":[{"embeddable":true,"href":"https:\/\/mouldking.store\/de\/wp-json\/wp\/v2\/media\/31552"}],"wp:attachment":[{"href":"https:\/\/mouldking.store\/de\/wp-json\/wp\/v2\/media?parent=31551"}],"wp:term":[{"taxonomy":"product_cat","embeddable":true,"href":"https:\/\/mouldking.store\/de\/wp-json\/wp\/v2\/product_cat?post=31551"},{"taxonomy":"product_tag","embeddable":true,"href":"https:\/\/mouldking.store\/de\/wp-json\/wp\/v2\/product_tag?post=31551"}],"curies":[{"name":"wp","href":"https:\/\/api.w.org\/{rel}","templated":true}]}}