{"id":31555,"date":"2022-05-27T15:57:09","date_gmt":"2022-05-27T08:57:09","guid":{"rendered":"https:\/\/mouldking.store\/?post_type=product&#038;p=31555"},"modified":"2022-05-27T15:57:10","modified_gmt":"2022-05-27T08:57:10","slug":"juhang-6302-gloomy-bear-with-1160-pieces","status":"publish","type":"product","link":"https:\/\/mouldking.store\/de\/shop\/juhang-6302-gloomy-bear-with-1160-pieces\/","title":{"rendered":"JUHANG 6302 Gloomy Bear mit 1160 Teilen"},"content":{"rendered":"<p>Produktinformation:<\/p>\n<ol>\n<li>Brand: JUHANG<\/li>\n<li>Geschlecht: Unisex<\/li>\n<li>Name: Gloomy Bear<\/li>\n<li>Altersspanne: &gt; 6 Jahre alt<\/li>\n<li>Model Number: 6302<\/li>\n<li>Einstufung: Assemblage<\/li>\n<li>Kunststoffblockform: Selbstsichernde Steine<\/li>\n<li>Material: Kunststoff<\/li>\n<li>Kunststofftyp: ABS<\/li>\n<li>Bricks Blocks: 1160 PCS<\/li>\n<li>Enth\u00e4lt eine ausf\u00fchrliche Montageanleitung.<\/li>\n<\/ol>\n<p>Notiz:<br \/>\n1. Ohne Originalverpackung, aber wir garantieren, dass unsere Produkte eine Qualit\u00e4tssicherung und eine sch\u00f6ne Verpackung haben.<br \/>\n2. Wie alle Teile, die wir vor dem Versand \u00fcberpr\u00fcft haben, machen Sie sich keine Sorgen, wenn Sie feststellen, dass einige Teile fehlen oder besch\u00e4digt sind, und kontaktieren Sie uns einfach, und wir k\u00f6nnen sie Ihnen umgehend kostenlos erneut zusenden.<\/p>\n<p>&nbsp;<\/p>\n<figure id=\"attachment_31557\" aria-describedby=\"caption-attachment-31557\" style=\"width: 800px\" class=\"wp-caption aligncenter\"><img fetchpriority=\"high\" decoding=\"async\" class=\"wp-image-31557 size-full\" src=\"https:\/\/mouldking.store\/wp-content\/uploads\/2022\/05\/JUHANG-6302-Gloomy-Bear-with-1160-pieces-2.png\" alt=\"JUHANG 6302 Gloomy Bear with 1160 pieces\" width=\"800\" height=\"800\" title=\"-\" srcset=\"https:\/\/mouldking.store\/wp-content\/uploads\/2022\/05\/JUHANG-6302-Gloomy-Bear-with-1160-pieces-2.png 800w, https:\/\/mouldking.store\/wp-content\/uploads\/2022\/05\/JUHANG-6302-Gloomy-Bear-with-1160-pieces-2-300x300.png 300w, https:\/\/mouldking.store\/wp-content\/uploads\/2022\/05\/JUHANG-6302-Gloomy-Bear-with-1160-pieces-2-768x768.png 768w, https:\/\/mouldking.store\/wp-content\/uploads\/2022\/05\/JUHANG-6302-Gloomy-Bear-with-1160-pieces-2-600x600.png 600w, https:\/\/mouldking.store\/wp-content\/uploads\/2022\/05\/JUHANG-6302-Gloomy-Bear-with-1160-pieces-2-150x150.png 150w\" sizes=\"(max-width: 800px) 100vw, 800px\" \/><figcaption id=\"caption-attachment-31557\" class=\"wp-caption-text\">JUHANG 6302 Gloomy Bear mit 1160 Teilen<\/figcaption><\/figure>\n<figure id=\"attachment_31558\" aria-describedby=\"caption-attachment-31558\" style=\"width: 800px\" class=\"wp-caption aligncenter\"><img decoding=\"async\" class=\"wp-image-31558 size-full\" src=\"https:\/\/mouldking.store\/wp-content\/uploads\/2022\/05\/JUHANG-6302-Gloomy-Bear-with-1160-pieces-3.png\" alt=\"JUHANG 6302 Gloomy Bear with 1160 pieces\" width=\"800\" height=\"800\" title=\"-\" srcset=\"https:\/\/mouldking.store\/wp-content\/uploads\/2022\/05\/JUHANG-6302-Gloomy-Bear-with-1160-pieces-3.png 800w, https:\/\/mouldking.store\/wp-content\/uploads\/2022\/05\/JUHANG-6302-Gloomy-Bear-with-1160-pieces-3-300x300.png 300w, https:\/\/mouldking.store\/wp-content\/uploads\/2022\/05\/JUHANG-6302-Gloomy-Bear-with-1160-pieces-3-768x768.png 768w, https:\/\/mouldking.store\/wp-content\/uploads\/2022\/05\/JUHANG-6302-Gloomy-Bear-with-1160-pieces-3-600x600.png 600w, https:\/\/mouldking.store\/wp-content\/uploads\/2022\/05\/JUHANG-6302-Gloomy-Bear-with-1160-pieces-3-150x150.png 150w\" sizes=\"(max-width: 800px) 100vw, 800px\" \/><figcaption id=\"caption-attachment-31558\" class=\"wp-caption-text\">JUHANG 6302 Gloomy Bear mit 1160 Teilen<\/figcaption><\/figure>\n<figure id=\"attachment_31559\" aria-describedby=\"caption-attachment-31559\" style=\"width: 800px\" class=\"wp-caption aligncenter\"><img decoding=\"async\" class=\"wp-image-31559 size-full\" src=\"https:\/\/mouldking.store\/wp-content\/uploads\/2022\/05\/JUHANG-6302-Gloomy-Bear-with-1160-pieces-4.png\" alt=\"JUHANG 6302 Gloomy Bear with 1160 pieces\" width=\"800\" height=\"800\" title=\"-\" srcset=\"https:\/\/mouldking.store\/wp-content\/uploads\/2022\/05\/JUHANG-6302-Gloomy-Bear-with-1160-pieces-4.png 800w, https:\/\/mouldking.store\/wp-content\/uploads\/2022\/05\/JUHANG-6302-Gloomy-Bear-with-1160-pieces-4-300x300.png 300w, https:\/\/mouldking.store\/wp-content\/uploads\/2022\/05\/JUHANG-6302-Gloomy-Bear-with-1160-pieces-4-768x768.png 768w, https:\/\/mouldking.store\/wp-content\/uploads\/2022\/05\/JUHANG-6302-Gloomy-Bear-with-1160-pieces-4-600x600.png 600w, https:\/\/mouldking.store\/wp-content\/uploads\/2022\/05\/JUHANG-6302-Gloomy-Bear-with-1160-pieces-4-150x150.png 150w\" sizes=\"(max-width: 800px) 100vw, 800px\" \/><figcaption id=\"caption-attachment-31559\" class=\"wp-caption-text\">JUHANG 6302 Gloomy Bear mit 1160 Teilen<\/figcaption><\/figure>","protected":false},"excerpt":{"rendered":"<p>Product information: Brand: JUHANG Gender: Unisex Name: Gloomy Bear Age Range: &gt; 6 years old Model Number: 6302 Classification: Assemblage Plastic Block Shape: Self-Locking Bricks Material: Plastic Plastic Type: ABS Bricks Blocks: 1160 PCS Contains detailed assembly instructions. Notice: 1. Without an original box, but we guarantee our products have quality assurance and nice packaging. [&hellip;]<\/p>","protected":false},"featured_media":31558,"comment_status":"closed","ping_status":"closed","template":"","meta":{"_acf_changed":false},"product_cat":[371],"product_tag":[5558,2271,5557,2649,5556,5555,5554],"class_list":["product","first","instock","shipping-taxable","purchasable","product-type-simple"],"acf":[],"_links":{"self":[{"href":"https:\/\/mouldking.store\/de\/wp-json\/wp\/v2\/product\/31555","targetHints":{"allow":["GET"]}}],"collection":[{"href":"https:\/\/mouldking.store\/de\/wp-json\/wp\/v2\/product"}],"about":[{"href":"https:\/\/mouldking.store\/de\/wp-json\/wp\/v2\/types\/product"}],"replies":[{"embeddable":true,"href":"https:\/\/mouldking.store\/de\/wp-json\/wp\/v2\/comments?post=31555"}],"wp:featuredmedia":[{"embeddable":true,"href":"https:\/\/mouldking.store\/de\/wp-json\/wp\/v2\/media\/31558"}],"wp:attachment":[{"href":"https:\/\/mouldking.store\/de\/wp-json\/wp\/v2\/media?parent=31555"}],"wp:term":[{"taxonomy":"product_cat","embeddable":true,"href":"https:\/\/mouldking.store\/de\/wp-json\/wp\/v2\/product_cat?post=31555"},{"taxonomy":"product_tag","embeddable":true,"href":"https:\/\/mouldking.store\/de\/wp-json\/wp\/v2\/product_tag?post=31555"}],"curies":[{"name":"wp","href":"https:\/\/api.w.org\/{rel}","templated":true}]}}