{"id":31560,"date":"2022-05-27T16:00:59","date_gmt":"2022-05-27T09:00:59","guid":{"rendered":"https:\/\/mouldking.store\/?post_type=product&#038;p=31560"},"modified":"2022-05-27T16:00:59","modified_gmt":"2022-05-27T09:00:59","slug":"reobrix-66012-the-pirate-bay-with-2960-pieces","status":"publish","type":"product","link":"https:\/\/mouldking.store\/de\/shop\/reobrix-66012-the-pirate-bay-with-2960-pieces\/","title":{"rendered":"Reobrix 66012 The Pirate Bay mit 2960 Teilen"},"content":{"rendered":"<p>Produktinformation:<\/p>\n<ol>\n<li>Marke: Reobrix<\/li>\n<li>Geschlecht: Unisex<\/li>\n<li>Name: Die Piratenbucht<\/li>\n<li>Altersspanne: &gt; 6 Jahre alt<\/li>\n<li>Modellnummer: 66012<\/li>\n<li>Einstufung: Assemblage<\/li>\n<li>Kunststoffblockform: Selbstsichernde Steine<\/li>\n<li>Material: Kunststoff<\/li>\n<li>Kunststofftyp: ABS<\/li>\n<li>Ziegelsteine: 2960 PCS<\/li>\n<li>Enth\u00e4lt eine ausf\u00fchrliche Montageanleitung.<\/li>\n<\/ol>\n<p>Notiz:<br \/>\n1. Ohne Originalverpackung, aber wir garantieren, dass unsere Produkte eine Qualit\u00e4tssicherung und eine sch\u00f6ne Verpackung haben.<br \/>\n2. Wie alle Teile, die wir vor dem Versand \u00fcberpr\u00fcft haben, machen Sie sich keine Sorgen, wenn Sie feststellen, dass einige Teile fehlen oder besch\u00e4digt sind, und kontaktieren Sie uns einfach, und wir k\u00f6nnen sie Ihnen umgehend kostenlos erneut zusenden.<\/p>\n<p>&nbsp;<\/p>\n<figure id=\"attachment_31561\" aria-describedby=\"caption-attachment-31561\" style=\"width: 800px\" class=\"wp-caption aligncenter\"><img fetchpriority=\"high\" decoding=\"async\" class=\"wp-image-31561 size-full\" src=\"https:\/\/mouldking.store\/wp-content\/uploads\/2022\/05\/Reobrix-66012-The-Pirate-Bay-2.png\" alt=\"Reobrix 66012 The Pirate Bay with 2960 pieces\" width=\"800\" height=\"800\" title=\"-\" srcset=\"https:\/\/mouldking.store\/wp-content\/uploads\/2022\/05\/Reobrix-66012-The-Pirate-Bay-2.png 800w, https:\/\/mouldking.store\/wp-content\/uploads\/2022\/05\/Reobrix-66012-The-Pirate-Bay-2-300x300.png 300w, https:\/\/mouldking.store\/wp-content\/uploads\/2022\/05\/Reobrix-66012-The-Pirate-Bay-2-768x768.png 768w, https:\/\/mouldking.store\/wp-content\/uploads\/2022\/05\/Reobrix-66012-The-Pirate-Bay-2-600x600.png 600w, https:\/\/mouldking.store\/wp-content\/uploads\/2022\/05\/Reobrix-66012-The-Pirate-Bay-2-150x150.png 150w\" sizes=\"(max-width: 800px) 100vw, 800px\" \/><figcaption id=\"caption-attachment-31561\" class=\"wp-caption-text\">Reobrix 66012 The Pirate Bay mit 2960 Teilen<\/figcaption><\/figure>\n<figure id=\"attachment_31566\" aria-describedby=\"caption-attachment-31566\" style=\"width: 800px\" class=\"wp-caption aligncenter\"><img decoding=\"async\" class=\"wp-image-31566 size-full\" src=\"https:\/\/mouldking.store\/wp-content\/uploads\/2022\/05\/Reobrix-66012-The-Pirate-Bay-1.png\" alt=\"Reobrix 66012 The Pirate Bay with 2960 pieces\" width=\"800\" height=\"800\" title=\"-\" srcset=\"https:\/\/mouldking.store\/wp-content\/uploads\/2022\/05\/Reobrix-66012-The-Pirate-Bay-1.png 800w, https:\/\/mouldking.store\/wp-content\/uploads\/2022\/05\/Reobrix-66012-The-Pirate-Bay-1-300x300.png 300w, https:\/\/mouldking.store\/wp-content\/uploads\/2022\/05\/Reobrix-66012-The-Pirate-Bay-1-768x768.png 768w, https:\/\/mouldking.store\/wp-content\/uploads\/2022\/05\/Reobrix-66012-The-Pirate-Bay-1-600x600.png 600w, https:\/\/mouldking.store\/wp-content\/uploads\/2022\/05\/Reobrix-66012-The-Pirate-Bay-1-150x150.png 150w\" sizes=\"(max-width: 800px) 100vw, 800px\" \/><figcaption id=\"caption-attachment-31566\" class=\"wp-caption-text\">Reobrix 66012 The Pirate Bay mit 2960 Teilen<\/figcaption><\/figure>\n<figure id=\"attachment_31562\" aria-describedby=\"caption-attachment-31562\" style=\"width: 800px\" class=\"wp-caption aligncenter\"><img decoding=\"async\" class=\"wp-image-31562 size-full\" src=\"https:\/\/mouldking.store\/wp-content\/uploads\/2022\/05\/Reobrix-66012-The-Pirate-Bay-3.png\" alt=\"Reobrix 66012 The Pirate Bay with 2960 pieces\" width=\"800\" height=\"800\" title=\"-\" srcset=\"https:\/\/mouldking.store\/wp-content\/uploads\/2022\/05\/Reobrix-66012-The-Pirate-Bay-3.png 800w, https:\/\/mouldking.store\/wp-content\/uploads\/2022\/05\/Reobrix-66012-The-Pirate-Bay-3-300x300.png 300w, https:\/\/mouldking.store\/wp-content\/uploads\/2022\/05\/Reobrix-66012-The-Pirate-Bay-3-768x768.png 768w, https:\/\/mouldking.store\/wp-content\/uploads\/2022\/05\/Reobrix-66012-The-Pirate-Bay-3-600x600.png 600w, https:\/\/mouldking.store\/wp-content\/uploads\/2022\/05\/Reobrix-66012-The-Pirate-Bay-3-150x150.png 150w\" sizes=\"(max-width: 800px) 100vw, 800px\" \/><figcaption id=\"caption-attachment-31562\" class=\"wp-caption-text\">Reobrix 66012 The Pirate Bay mit 2960 Teilen<\/figcaption><\/figure>\n<figure id=\"attachment_31565\" aria-describedby=\"caption-attachment-31565\" style=\"width: 750px\" class=\"wp-caption aligncenter\"><img loading=\"lazy\" decoding=\"async\" class=\"wp-image-31565 size-full\" src=\"https:\/\/mouldking.store\/wp-content\/uploads\/2022\/05\/Reobrix-66012-The-Pirate-Bay-6.png\" alt=\"Reobrix 66012 The Pirate Bay with 2960 pieces\" width=\"750\" height=\"1000\" title=\"-\" srcset=\"https:\/\/mouldking.store\/wp-content\/uploads\/2022\/05\/Reobrix-66012-The-Pirate-Bay-6.png 750w, https:\/\/mouldking.store\/wp-content\/uploads\/2022\/05\/Reobrix-66012-The-Pirate-Bay-6-225x300.png 225w, https:\/\/mouldking.store\/wp-content\/uploads\/2022\/05\/Reobrix-66012-The-Pirate-Bay-6-300x400.png 300w, https:\/\/mouldking.store\/wp-content\/uploads\/2022\/05\/Reobrix-66012-The-Pirate-Bay-6-600x800.png 600w, https:\/\/mouldking.store\/wp-content\/uploads\/2022\/05\/Reobrix-66012-The-Pirate-Bay-6-113x150.png 113w\" sizes=\"(max-width: 750px) 100vw, 750px\" \/><figcaption id=\"caption-attachment-31565\" class=\"wp-caption-text\">Reobrix 66012 The Pirate Bay mit 2960 Teilen<\/figcaption><\/figure>\n<figure id=\"attachment_31563\" aria-describedby=\"caption-attachment-31563\" style=\"width: 800px\" class=\"wp-caption aligncenter\"><img loading=\"lazy\" decoding=\"async\" class=\"wp-image-31563 size-full\" src=\"https:\/\/mouldking.store\/wp-content\/uploads\/2022\/05\/Reobrix-66012-The-Pirate-Bay-4.png\" alt=\"Reobrix 66012 The Pirate Bay with 2960 pieces\" width=\"800\" height=\"800\" title=\"-\" srcset=\"https:\/\/mouldking.store\/wp-content\/uploads\/2022\/05\/Reobrix-66012-The-Pirate-Bay-4.png 800w, https:\/\/mouldking.store\/wp-content\/uploads\/2022\/05\/Reobrix-66012-The-Pirate-Bay-4-300x300.png 300w, https:\/\/mouldking.store\/wp-content\/uploads\/2022\/05\/Reobrix-66012-The-Pirate-Bay-4-768x768.png 768w, https:\/\/mouldking.store\/wp-content\/uploads\/2022\/05\/Reobrix-66012-The-Pirate-Bay-4-600x600.png 600w, https:\/\/mouldking.store\/wp-content\/uploads\/2022\/05\/Reobrix-66012-The-Pirate-Bay-4-150x150.png 150w\" sizes=\"(max-width: 800px) 100vw, 800px\" \/><figcaption id=\"caption-attachment-31563\" class=\"wp-caption-text\">Reobrix 66012 The Pirate Bay mit 2960 Teilen<\/figcaption><\/figure>\n<figure id=\"attachment_31564\" aria-describedby=\"caption-attachment-31564\" style=\"width: 800px\" class=\"wp-caption aligncenter\"><img loading=\"lazy\" decoding=\"async\" class=\"wp-image-31564 size-full\" src=\"https:\/\/mouldking.store\/wp-content\/uploads\/2022\/05\/Reobrix-66012-The-Pirate-Bay-5.png\" alt=\"Reobrix 66012 The Pirate Bay with 2960 pieces\" width=\"800\" height=\"800\" title=\"-\" srcset=\"https:\/\/mouldking.store\/wp-content\/uploads\/2022\/05\/Reobrix-66012-The-Pirate-Bay-5.png 800w, https:\/\/mouldking.store\/wp-content\/uploads\/2022\/05\/Reobrix-66012-The-Pirate-Bay-5-300x300.png 300w, https:\/\/mouldking.store\/wp-content\/uploads\/2022\/05\/Reobrix-66012-The-Pirate-Bay-5-768x768.png 768w, https:\/\/mouldking.store\/wp-content\/uploads\/2022\/05\/Reobrix-66012-The-Pirate-Bay-5-600x600.png 600w, https:\/\/mouldking.store\/wp-content\/uploads\/2022\/05\/Reobrix-66012-The-Pirate-Bay-5-150x150.png 150w\" sizes=\"(max-width: 800px) 100vw, 800px\" \/><figcaption id=\"caption-attachment-31564\" class=\"wp-caption-text\">Reobrix 66012 The Pirate Bay mit 2960 Teilen<\/figcaption><\/figure>","protected":false},"excerpt":{"rendered":"<p>Product information: Brand: Reobrix Gender: Unisex Name: The Pirate Bay Age Range: &gt; 6 years old Model Number: 66012 Classification: Assemblage Plastic Block Shape: Self-Locking Bricks Material: Plastic Plastic Type: ABS Bricks Blocks: 2960 PCS Contains detailed assembly instructions. Notice: 1. Without an original box, but we guarantee our products have quality assurance and nice [&hellip;]<\/p>","protected":false},"featured_media":31561,"comment_status":"closed","ping_status":"closed","template":"","meta":{"_acf_changed":false},"product_cat":[581],"product_tag":[5563,5564,5487,5562,2669,5561,5560,5559],"class_list":["product","first","instock","shipping-taxable","purchasable","product-type-simple"],"acf":[],"_links":{"self":[{"href":"https:\/\/mouldking.store\/de\/wp-json\/wp\/v2\/product\/31560","targetHints":{"allow":["GET"]}}],"collection":[{"href":"https:\/\/mouldking.store\/de\/wp-json\/wp\/v2\/product"}],"about":[{"href":"https:\/\/mouldking.store\/de\/wp-json\/wp\/v2\/types\/product"}],"replies":[{"embeddable":true,"href":"https:\/\/mouldking.store\/de\/wp-json\/wp\/v2\/comments?post=31560"}],"wp:featuredmedia":[{"embeddable":true,"href":"https:\/\/mouldking.store\/de\/wp-json\/wp\/v2\/media\/31561"}],"wp:attachment":[{"href":"https:\/\/mouldking.store\/de\/wp-json\/wp\/v2\/media?parent=31560"}],"wp:term":[{"taxonomy":"product_cat","embeddable":true,"href":"https:\/\/mouldking.store\/de\/wp-json\/wp\/v2\/product_cat?post=31560"},{"taxonomy":"product_tag","embeddable":true,"href":"https:\/\/mouldking.store\/de\/wp-json\/wp\/v2\/product_tag?post=31560"}],"curies":[{"name":"wp","href":"https:\/\/api.w.org\/{rel}","templated":true}]}}