{"id":31567,"date":"2022-05-27T16:04:20","date_gmt":"2022-05-27T09:04:20","guid":{"rendered":"https:\/\/mouldking.store\/?post_type=product&#038;p=31567"},"modified":"2022-05-27T16:04:21","modified_gmt":"2022-05-27T09:04:21","slug":"quanguan-720-magic-blade-luminous-version-with-836-pieces","status":"publish","type":"product","link":"https:\/\/mouldking.store\/de\/shop\/quanguan-720-magic-blade-luminous-version-with-836-pieces\/","title":{"rendered":"QuanGuan 720 Magic Blade Luminous Version mit 836 St\u00fcck"},"content":{"rendered":"<p>Produktinformation:<\/p>\n<ol>\n<li>Marke: Quan Guan<\/li>\n<li>Geschlecht: Unisex<\/li>\n<li>Name: Magic Blade Luminous Version<\/li>\n<li>Altersspanne: &gt; 6 Jahre alt<\/li>\n<li>Model Number: 720<\/li>\n<li>Einstufung: Assemblage<\/li>\n<li>Kunststoffblockform: Selbstsichernde Steine<\/li>\n<li>Material: Kunststoff<\/li>\n<li>Kunststofftyp: ABS<\/li>\n<li>Bricks Blocks: 836 PCS<\/li>\n<li>Enth\u00e4lt eine ausf\u00fchrliche Montageanleitung.<\/li>\n<\/ol>\n<p>Notiz:<br \/>\n1. Ohne Originalverpackung, aber wir garantieren, dass unsere Produkte eine Qualit\u00e4tssicherung und eine sch\u00f6ne Verpackung haben.<br \/>\n2. Wie alle Teile, die wir vor dem Versand \u00fcberpr\u00fcft haben, machen Sie sich keine Sorgen, wenn Sie feststellen, dass einige Teile fehlen oder besch\u00e4digt sind, und kontaktieren Sie uns einfach, und wir k\u00f6nnen sie Ihnen umgehend kostenlos erneut zusenden.<\/p>\n<p>&nbsp;<\/p>\n<figure id=\"attachment_31568\" aria-describedby=\"caption-attachment-31568\" style=\"width: 960px\" class=\"wp-caption aligncenter\"><img fetchpriority=\"high\" decoding=\"async\" class=\"wp-image-31568 size-full\" src=\"https:\/\/mouldking.store\/wp-content\/uploads\/2022\/05\/QuanGuan-720-Magic-Blade-Luminous-Version-2.png\" alt=\"QuanGuan 720 Magic Blade Luminous Version with 836 pieces\" width=\"960\" height=\"960\" title=\"-\" srcset=\"https:\/\/mouldking.store\/wp-content\/uploads\/2022\/05\/QuanGuan-720-Magic-Blade-Luminous-Version-2.png 960w, https:\/\/mouldking.store\/wp-content\/uploads\/2022\/05\/QuanGuan-720-Magic-Blade-Luminous-Version-2-300x300.png 300w, https:\/\/mouldking.store\/wp-content\/uploads\/2022\/05\/QuanGuan-720-Magic-Blade-Luminous-Version-2-768x768.png 768w, https:\/\/mouldking.store\/wp-content\/uploads\/2022\/05\/QuanGuan-720-Magic-Blade-Luminous-Version-2-600x600.png 600w, https:\/\/mouldking.store\/wp-content\/uploads\/2022\/05\/QuanGuan-720-Magic-Blade-Luminous-Version-2-150x150.png 150w\" sizes=\"(max-width: 960px) 100vw, 960px\" \/><figcaption id=\"caption-attachment-31568\" class=\"wp-caption-text\">QuanGuan 720 Magic Blade Luminous Version mit 836 St\u00fcck<\/figcaption><\/figure>\n<figure id=\"attachment_31569\" aria-describedby=\"caption-attachment-31569\" style=\"width: 960px\" class=\"wp-caption aligncenter\"><img decoding=\"async\" class=\"wp-image-31569 size-full\" src=\"https:\/\/mouldking.store\/wp-content\/uploads\/2022\/05\/QuanGuan-720-Magic-Blade-Luminous-Version-3.png\" alt=\"QuanGuan 720 Magic Blade Luminous Version with 836 pieces\" width=\"960\" height=\"960\" title=\"-\" srcset=\"https:\/\/mouldking.store\/wp-content\/uploads\/2022\/05\/QuanGuan-720-Magic-Blade-Luminous-Version-3.png 960w, https:\/\/mouldking.store\/wp-content\/uploads\/2022\/05\/QuanGuan-720-Magic-Blade-Luminous-Version-3-300x300.png 300w, https:\/\/mouldking.store\/wp-content\/uploads\/2022\/05\/QuanGuan-720-Magic-Blade-Luminous-Version-3-768x768.png 768w, https:\/\/mouldking.store\/wp-content\/uploads\/2022\/05\/QuanGuan-720-Magic-Blade-Luminous-Version-3-600x600.png 600w, https:\/\/mouldking.store\/wp-content\/uploads\/2022\/05\/QuanGuan-720-Magic-Blade-Luminous-Version-3-150x150.png 150w\" sizes=\"(max-width: 960px) 100vw, 960px\" \/><figcaption id=\"caption-attachment-31569\" class=\"wp-caption-text\">QuanGuan 720 Magic Blade Luminous Version mit 836 St\u00fcck<\/figcaption><\/figure>\n<figure id=\"attachment_31571\" aria-describedby=\"caption-attachment-31571\" style=\"width: 996px\" class=\"wp-caption aligncenter\"><img decoding=\"async\" class=\"wp-image-31571 size-full\" src=\"https:\/\/mouldking.store\/wp-content\/uploads\/2022\/05\/QuanGuan-720-Magic-Blade-Luminous-Version-5.png\" alt=\"QuanGuan 720 Magic Blade Luminous Version with 836 pieces\" width=\"996\" height=\"996\" title=\"-\" srcset=\"https:\/\/mouldking.store\/wp-content\/uploads\/2022\/05\/QuanGuan-720-Magic-Blade-Luminous-Version-5.png 996w, https:\/\/mouldking.store\/wp-content\/uploads\/2022\/05\/QuanGuan-720-Magic-Blade-Luminous-Version-5-300x300.png 300w, https:\/\/mouldking.store\/wp-content\/uploads\/2022\/05\/QuanGuan-720-Magic-Blade-Luminous-Version-5-768x768.png 768w, https:\/\/mouldking.store\/wp-content\/uploads\/2022\/05\/QuanGuan-720-Magic-Blade-Luminous-Version-5-600x600.png 600w, https:\/\/mouldking.store\/wp-content\/uploads\/2022\/05\/QuanGuan-720-Magic-Blade-Luminous-Version-5-150x150.png 150w\" sizes=\"(max-width: 996px) 100vw, 996px\" \/><figcaption id=\"caption-attachment-31571\" class=\"wp-caption-text\">QuanGuan 720 Magic Blade Luminous Version mit 836 St\u00fcck<\/figcaption><\/figure>\n<figure id=\"attachment_31570\" aria-describedby=\"caption-attachment-31570\" style=\"width: 960px\" class=\"wp-caption aligncenter\"><img loading=\"lazy\" decoding=\"async\" class=\"wp-image-31570 size-full\" src=\"https:\/\/mouldking.store\/wp-content\/uploads\/2022\/05\/QuanGuan-720-Magic-Blade-Luminous-Version-4.png\" alt=\"QuanGuan 720 Magic Blade Luminous Version with 836 pieces\" width=\"960\" height=\"960\" title=\"-\" srcset=\"https:\/\/mouldking.store\/wp-content\/uploads\/2022\/05\/QuanGuan-720-Magic-Blade-Luminous-Version-4.png 960w, https:\/\/mouldking.store\/wp-content\/uploads\/2022\/05\/QuanGuan-720-Magic-Blade-Luminous-Version-4-300x300.png 300w, https:\/\/mouldking.store\/wp-content\/uploads\/2022\/05\/QuanGuan-720-Magic-Blade-Luminous-Version-4-768x768.png 768w, https:\/\/mouldking.store\/wp-content\/uploads\/2022\/05\/QuanGuan-720-Magic-Blade-Luminous-Version-4-600x600.png 600w, https:\/\/mouldking.store\/wp-content\/uploads\/2022\/05\/QuanGuan-720-Magic-Blade-Luminous-Version-4-150x150.png 150w\" sizes=\"(max-width: 960px) 100vw, 960px\" \/><figcaption id=\"caption-attachment-31570\" class=\"wp-caption-text\">QuanGuan 720 Magic Blade Luminous Version mit 836 St\u00fcck<\/figcaption><\/figure>\n<figure id=\"attachment_31572\" aria-describedby=\"caption-attachment-31572\" style=\"width: 800px\" class=\"wp-caption aligncenter\"><img loading=\"lazy\" decoding=\"async\" class=\"wp-image-31572 size-full\" src=\"https:\/\/mouldking.store\/wp-content\/uploads\/2022\/05\/QuanGuan-720-Magic-Blade-Luminous-Version-1.png\" alt=\"QuanGuan 720 Magic Blade Luminous Version with 836 pieces\" width=\"800\" height=\"800\" title=\"-\" srcset=\"https:\/\/mouldking.store\/wp-content\/uploads\/2022\/05\/QuanGuan-720-Magic-Blade-Luminous-Version-1.png 800w, https:\/\/mouldking.store\/wp-content\/uploads\/2022\/05\/QuanGuan-720-Magic-Blade-Luminous-Version-1-300x300.png 300w, https:\/\/mouldking.store\/wp-content\/uploads\/2022\/05\/QuanGuan-720-Magic-Blade-Luminous-Version-1-768x768.png 768w, https:\/\/mouldking.store\/wp-content\/uploads\/2022\/05\/QuanGuan-720-Magic-Blade-Luminous-Version-1-600x600.png 600w, https:\/\/mouldking.store\/wp-content\/uploads\/2022\/05\/QuanGuan-720-Magic-Blade-Luminous-Version-1-150x150.png 150w\" sizes=\"(max-width: 800px) 100vw, 800px\" \/><figcaption id=\"caption-attachment-31572\" class=\"wp-caption-text\">QuanGuan 720 Magic Blade Luminous Version mit 836 St\u00fcck<\/figcaption><\/figure>","protected":false},"excerpt":{"rendered":"<p>Product information: Brand: QuanGuan Gender: Unisex Name: Magic Blade Luminous Version Age Range: &gt; 6 years old Model Number: 720 Classification: Assemblage Plastic Block Shape: Self-Locking Bricks Material: Plastic Plastic Type: ABS Bricks Blocks: 836 PCS Contains detailed assembly instructions. Notice: 1. Without an original box, but we guarantee our products have quality assurance and [&hellip;]<\/p>","protected":false},"featured_media":31568,"comment_status":"closed","ping_status":"closed","template":"","meta":{"_acf_changed":false},"product_cat":[581],"product_tag":[5569,5570,5259,5395,5568,2290,5567,5566,5565],"class_list":["product","first","instock","shipping-taxable","purchasable","product-type-simple"],"acf":[],"_links":{"self":[{"href":"https:\/\/mouldking.store\/de\/wp-json\/wp\/v2\/product\/31567","targetHints":{"allow":["GET"]}}],"collection":[{"href":"https:\/\/mouldking.store\/de\/wp-json\/wp\/v2\/product"}],"about":[{"href":"https:\/\/mouldking.store\/de\/wp-json\/wp\/v2\/types\/product"}],"replies":[{"embeddable":true,"href":"https:\/\/mouldking.store\/de\/wp-json\/wp\/v2\/comments?post=31567"}],"wp:featuredmedia":[{"embeddable":true,"href":"https:\/\/mouldking.store\/de\/wp-json\/wp\/v2\/media\/31568"}],"wp:attachment":[{"href":"https:\/\/mouldking.store\/de\/wp-json\/wp\/v2\/media?parent=31567"}],"wp:term":[{"taxonomy":"product_cat","embeddable":true,"href":"https:\/\/mouldking.store\/de\/wp-json\/wp\/v2\/product_cat?post=31567"},{"taxonomy":"product_tag","embeddable":true,"href":"https:\/\/mouldking.store\/de\/wp-json\/wp\/v2\/product_tag?post=31567"}],"curies":[{"name":"wp","href":"https:\/\/api.w.org\/{rel}","templated":true}]}}