{"id":31580,"date":"2022-05-27T16:10:08","date_gmt":"2022-05-27T09:10:08","guid":{"rendered":"https:\/\/mouldking.store\/?post_type=product&#038;p=31580"},"modified":"2022-05-27T16:10:08","modified_gmt":"2022-05-27T09:10:08","slug":"tgl-t4022-bmw-r1250-gs-with-2369-pieces","status":"publish","type":"product","link":"https:\/\/mouldking.store\/de\/shop\/tgl-t4022-bmw-r1250-gs-with-2369-pieces\/","title":{"rendered":"TGL T4022 BMW R1250 GS mit 2369 St\u00fcck"},"content":{"rendered":"<p>Produktinformation:<\/p>\n<ol>\n<li>Marke: TGL<\/li>\n<li>Geschlecht: Unisex<\/li>\n<li>Bezeichnung: BMW R1250 GS<\/li>\n<li>Altersspanne: &gt; 6 Jahre alt<\/li>\n<li>Modellnummer: T4022<\/li>\n<li>Einstufung: Assemblage<\/li>\n<li>Kunststoffblockform: Selbstsichernde Steine<\/li>\n<li>Material: Kunststoff<\/li>\n<li>Kunststofftyp: ABS<\/li>\n<li>Ziegelsteine: 2369 ST\u00dcCKE<\/li>\n<li>Enth\u00e4lt eine ausf\u00fchrliche Montageanleitung.<\/li>\n<\/ol>\n<p>Notiz:<br \/>\n1. Ohne Originalverpackung, aber wir garantieren, dass unsere Produkte eine Qualit\u00e4tssicherung und eine sch\u00f6ne Verpackung haben.<br \/>\n2. Wie alle Teile, die wir vor dem Versand \u00fcberpr\u00fcft haben, machen Sie sich keine Sorgen, wenn Sie feststellen, dass einige Teile fehlen oder besch\u00e4digt sind, und kontaktieren Sie uns einfach, und wir k\u00f6nnen sie Ihnen umgehend kostenlos erneut zusenden.<\/p>\n<p>&nbsp;<\/p>\n<figure id=\"attachment_31581\" aria-describedby=\"caption-attachment-31581\" style=\"width: 640px\" class=\"wp-caption aligncenter\"><img fetchpriority=\"high\" decoding=\"async\" class=\"wp-image-31581 size-full\" src=\"https:\/\/mouldking.store\/wp-content\/uploads\/2022\/05\/TGL-T4022-BMW-R1250GS-15-1.webp\" alt=\"TGL T4022 BMW R1250 GS with 2369 pieces\" width=\"640\" height=\"640\" title=\"-\"><figcaption id=\"caption-attachment-31581\" class=\"wp-caption-text\">TGL T4022 BMW R1250 GS mit 2369 St\u00fcck<\/figcaption><\/figure>\n<figure id=\"attachment_31582\" aria-describedby=\"caption-attachment-31582\" style=\"width: 800px\" class=\"wp-caption aligncenter\"><img decoding=\"async\" class=\"wp-image-31582 size-full\" src=\"https:\/\/mouldking.store\/wp-content\/uploads\/2022\/05\/TGL-T4022-BMW-R1250GS-15-1.png\" alt=\"TGL T4022 BMW R1250 GS with 2369 pieces\" width=\"800\" height=\"800\" title=\"-\" srcset=\"https:\/\/mouldking.store\/wp-content\/uploads\/2022\/05\/TGL-T4022-BMW-R1250GS-15-1.png 800w, https:\/\/mouldking.store\/wp-content\/uploads\/2022\/05\/TGL-T4022-BMW-R1250GS-15-1-300x300.png 300w, https:\/\/mouldking.store\/wp-content\/uploads\/2022\/05\/TGL-T4022-BMW-R1250GS-15-1-768x768.png 768w, https:\/\/mouldking.store\/wp-content\/uploads\/2022\/05\/TGL-T4022-BMW-R1250GS-15-1-600x600.png 600w, https:\/\/mouldking.store\/wp-content\/uploads\/2022\/05\/TGL-T4022-BMW-R1250GS-15-1-150x150.png 150w\" sizes=\"(max-width: 800px) 100vw, 800px\" \/><figcaption id=\"caption-attachment-31582\" class=\"wp-caption-text\">TGL T4022 BMW R1250 GS mit 2369 St\u00fcck<\/figcaption><\/figure>\n<figure id=\"attachment_31583\" aria-describedby=\"caption-attachment-31583\" style=\"width: 800px\" class=\"wp-caption aligncenter\"><img decoding=\"async\" class=\"wp-image-31583 size-full\" src=\"https:\/\/mouldking.store\/wp-content\/uploads\/2022\/05\/TGL-T4022-BMW-R1250GS-15-2.png\" alt=\"TGL T4022 BMW R1250 GS with 2369 pieces\" width=\"800\" height=\"800\" title=\"-\" srcset=\"https:\/\/mouldking.store\/wp-content\/uploads\/2022\/05\/TGL-T4022-BMW-R1250GS-15-2.png 800w, https:\/\/mouldking.store\/wp-content\/uploads\/2022\/05\/TGL-T4022-BMW-R1250GS-15-2-300x300.png 300w, https:\/\/mouldking.store\/wp-content\/uploads\/2022\/05\/TGL-T4022-BMW-R1250GS-15-2-768x768.png 768w, https:\/\/mouldking.store\/wp-content\/uploads\/2022\/05\/TGL-T4022-BMW-R1250GS-15-2-600x600.png 600w, https:\/\/mouldking.store\/wp-content\/uploads\/2022\/05\/TGL-T4022-BMW-R1250GS-15-2-150x150.png 150w\" sizes=\"(max-width: 800px) 100vw, 800px\" \/><figcaption id=\"caption-attachment-31583\" class=\"wp-caption-text\">TGL T4022 BMW R1250 GS mit 2369 St\u00fcck<\/figcaption><\/figure>\n<figure id=\"attachment_31584\" aria-describedby=\"caption-attachment-31584\" style=\"width: 800px\" class=\"wp-caption aligncenter\"><img loading=\"lazy\" decoding=\"async\" class=\"wp-image-31584 size-full\" src=\"https:\/\/mouldking.store\/wp-content\/uploads\/2022\/05\/TGL-T4022-BMW-R1250GS-15-3.png\" alt=\"TGL T4022 BMW R1250 GS with 2369 pieces\" width=\"800\" height=\"800\" title=\"-\" srcset=\"https:\/\/mouldking.store\/wp-content\/uploads\/2022\/05\/TGL-T4022-BMW-R1250GS-15-3.png 800w, https:\/\/mouldking.store\/wp-content\/uploads\/2022\/05\/TGL-T4022-BMW-R1250GS-15-3-300x300.png 300w, https:\/\/mouldking.store\/wp-content\/uploads\/2022\/05\/TGL-T4022-BMW-R1250GS-15-3-768x768.png 768w, https:\/\/mouldking.store\/wp-content\/uploads\/2022\/05\/TGL-T4022-BMW-R1250GS-15-3-600x600.png 600w, https:\/\/mouldking.store\/wp-content\/uploads\/2022\/05\/TGL-T4022-BMW-R1250GS-15-3-150x150.png 150w\" sizes=\"(max-width: 800px) 100vw, 800px\" \/><figcaption id=\"caption-attachment-31584\" class=\"wp-caption-text\">TGL T4022 BMW R1250 GS mit 2369 St\u00fcck<\/figcaption><\/figure>","protected":false},"excerpt":{"rendered":"<p>Product information: Brand: TGL Gender: Unisex Name: BMW R1250 GS Age Range: &gt; 6 years old Model Number: T4022 Classification: Assemblage Plastic Block Shape: Self-Locking Bricks Material: Plastic Plastic Type: ABS Bricks Blocks: 2369\u00a0PCS Contains detailed assembly instructions. Notice: 1. Without an original box, but we guarantee our products have quality assurance and nice packaging. [&hellip;]<\/p>","protected":false},"featured_media":31581,"comment_status":"closed","ping_status":"closed","template":"","meta":{"_acf_changed":false},"product_cat":[364],"product_tag":[5583,5585,5581,5586,5584,5582,2739,5580,5579,5578],"class_list":["product","first","instock","shipping-taxable","purchasable","product-type-simple"],"acf":[],"_links":{"self":[{"href":"https:\/\/mouldking.store\/de\/wp-json\/wp\/v2\/product\/31580","targetHints":{"allow":["GET"]}}],"collection":[{"href":"https:\/\/mouldking.store\/de\/wp-json\/wp\/v2\/product"}],"about":[{"href":"https:\/\/mouldking.store\/de\/wp-json\/wp\/v2\/types\/product"}],"replies":[{"embeddable":true,"href":"https:\/\/mouldking.store\/de\/wp-json\/wp\/v2\/comments?post=31580"}],"wp:featuredmedia":[{"embeddable":true,"href":"https:\/\/mouldking.store\/de\/wp-json\/wp\/v2\/media\/31581"}],"wp:attachment":[{"href":"https:\/\/mouldking.store\/de\/wp-json\/wp\/v2\/media?parent=31580"}],"wp:term":[{"taxonomy":"product_cat","embeddable":true,"href":"https:\/\/mouldking.store\/de\/wp-json\/wp\/v2\/product_cat?post=31580"},{"taxonomy":"product_tag","embeddable":true,"href":"https:\/\/mouldking.store\/de\/wp-json\/wp\/v2\/product_tag?post=31580"}],"curies":[{"name":"wp","href":"https:\/\/api.w.org\/{rel}","templated":true}]}}