{"id":31585,"date":"2022-05-27T16:13:39","date_gmt":"2022-05-27T09:13:39","guid":{"rendered":"https:\/\/mouldking.store\/?post_type=product&#038;p=31585"},"modified":"2022-05-27T16:13:39","modified_gmt":"2022-05-27T09:13:39","slug":"tgl-t4021-diavel-1260-lamborghini-with-2025-pieces","status":"publish","type":"product","link":"https:\/\/mouldking.store\/de\/shop\/tgl-t4021-diavel-1260-lamborghini-with-2025-pieces\/","title":{"rendered":"TGL T4021 Diavel 1260 Lamborghini mit 2025 St\u00fcck"},"content":{"rendered":"<p>Produktinformation:<\/p>\n<ol>\n<li>Marke: TGL<\/li>\n<li>Geschlecht: Unisex<\/li>\n<li>Name: Diavel 1260 Lamborghini<\/li>\n<li>Altersspanne: &gt; 6 Jahre alt<\/li>\n<li>Modellnummer: T4021<\/li>\n<li>Einstufung: Assemblage<\/li>\n<li>Kunststoffblockform: Selbstsichernde Steine<\/li>\n<li>Material: Kunststoff<\/li>\n<li>Kunststofftyp: ABS<\/li>\n<li>Ziegelsteine: 2025 PCS<\/li>\n<li>Enth\u00e4lt eine ausf\u00fchrliche Montageanleitung.<\/li>\n<\/ol>\n<p>Notiz:<br \/>\n1. Ohne Originalverpackung, aber wir garantieren, dass unsere Produkte eine Qualit\u00e4tssicherung und eine sch\u00f6ne Verpackung haben.<br \/>\n2. Wie alle Teile, die wir vor dem Versand \u00fcberpr\u00fcft haben, machen Sie sich keine Sorgen, wenn Sie feststellen, dass einige Teile fehlen oder besch\u00e4digt sind, und kontaktieren Sie uns einfach, und wir k\u00f6nnen sie Ihnen umgehend kostenlos erneut zusenden.<\/p>\n<figure id=\"attachment_31586\" aria-describedby=\"caption-attachment-31586\" style=\"width: 800px\" class=\"wp-caption aligncenter\"><img fetchpriority=\"high\" decoding=\"async\" class=\"wp-image-31586 size-full\" src=\"https:\/\/mouldking.store\/wp-content\/uploads\/2022\/05\/TGL-T4021-Ducati-Diavel-1260-Lamborghini-15-1.png\" alt=\"TGL T4021 Diavel 1260 Lamborghini with 2025 pieces\" width=\"800\" height=\"800\" title=\"-\" srcset=\"https:\/\/mouldking.store\/wp-content\/uploads\/2022\/05\/TGL-T4021-Ducati-Diavel-1260-Lamborghini-15-1.png 800w, https:\/\/mouldking.store\/wp-content\/uploads\/2022\/05\/TGL-T4021-Ducati-Diavel-1260-Lamborghini-15-1-300x300.png 300w, https:\/\/mouldking.store\/wp-content\/uploads\/2022\/05\/TGL-T4021-Ducati-Diavel-1260-Lamborghini-15-1-768x768.png 768w, https:\/\/mouldking.store\/wp-content\/uploads\/2022\/05\/TGL-T4021-Ducati-Diavel-1260-Lamborghini-15-1-600x600.png 600w, https:\/\/mouldking.store\/wp-content\/uploads\/2022\/05\/TGL-T4021-Ducati-Diavel-1260-Lamborghini-15-1-150x150.png 150w\" sizes=\"(max-width: 800px) 100vw, 800px\" \/><figcaption id=\"caption-attachment-31586\" class=\"wp-caption-text\">TGL T4021 Diavel 1260 Lamborghini mit 2025 St\u00fcck<\/figcaption><\/figure>\n<figure id=\"attachment_31587\" aria-describedby=\"caption-attachment-31587\" style=\"width: 800px\" class=\"wp-caption aligncenter\"><img decoding=\"async\" class=\"wp-image-31587 size-full\" src=\"https:\/\/mouldking.store\/wp-content\/uploads\/2022\/05\/TGL-T4021-Ducati-Diavel-1260-Lamborghini-15-2.png\" alt=\"TGL T4021 Diavel 1260 Lamborghini with 2025 pieces\" width=\"800\" height=\"800\" title=\"-\" srcset=\"https:\/\/mouldking.store\/wp-content\/uploads\/2022\/05\/TGL-T4021-Ducati-Diavel-1260-Lamborghini-15-2.png 800w, https:\/\/mouldking.store\/wp-content\/uploads\/2022\/05\/TGL-T4021-Ducati-Diavel-1260-Lamborghini-15-2-300x300.png 300w, https:\/\/mouldking.store\/wp-content\/uploads\/2022\/05\/TGL-T4021-Ducati-Diavel-1260-Lamborghini-15-2-768x768.png 768w, https:\/\/mouldking.store\/wp-content\/uploads\/2022\/05\/TGL-T4021-Ducati-Diavel-1260-Lamborghini-15-2-600x600.png 600w, https:\/\/mouldking.store\/wp-content\/uploads\/2022\/05\/TGL-T4021-Ducati-Diavel-1260-Lamborghini-15-2-150x150.png 150w\" sizes=\"(max-width: 800px) 100vw, 800px\" \/><figcaption id=\"caption-attachment-31587\" class=\"wp-caption-text\">TGL T4021 Diavel 1260 Lamborghini mit 2025 St\u00fcck<\/figcaption><\/figure>\n<figure id=\"attachment_31588\" aria-describedby=\"caption-attachment-31588\" style=\"width: 800px\" class=\"wp-caption aligncenter\"><img decoding=\"async\" class=\"wp-image-31588 size-full\" src=\"https:\/\/mouldking.store\/wp-content\/uploads\/2022\/05\/TGL-T4021-Ducati-Diavel-1260-Lamborghini-15-3.png\" alt=\"TGL T4021 Diavel 1260 Lamborghini with 2025 pieces\" width=\"800\" height=\"800\" title=\"-\" srcset=\"https:\/\/mouldking.store\/wp-content\/uploads\/2022\/05\/TGL-T4021-Ducati-Diavel-1260-Lamborghini-15-3.png 800w, https:\/\/mouldking.store\/wp-content\/uploads\/2022\/05\/TGL-T4021-Ducati-Diavel-1260-Lamborghini-15-3-300x300.png 300w, https:\/\/mouldking.store\/wp-content\/uploads\/2022\/05\/TGL-T4021-Ducati-Diavel-1260-Lamborghini-15-3-768x768.png 768w, https:\/\/mouldking.store\/wp-content\/uploads\/2022\/05\/TGL-T4021-Ducati-Diavel-1260-Lamborghini-15-3-600x600.png 600w, https:\/\/mouldking.store\/wp-content\/uploads\/2022\/05\/TGL-T4021-Ducati-Diavel-1260-Lamborghini-15-3-150x150.png 150w\" sizes=\"(max-width: 800px) 100vw, 800px\" \/><figcaption id=\"caption-attachment-31588\" class=\"wp-caption-text\">TGL T4021 Diavel 1260 Lamborghini mit 2025 St\u00fcck<\/figcaption><\/figure>\n<figure id=\"attachment_31589\" aria-describedby=\"caption-attachment-31589\" style=\"width: 800px\" class=\"wp-caption aligncenter\"><img loading=\"lazy\" decoding=\"async\" class=\"wp-image-31589 size-full\" src=\"https:\/\/mouldking.store\/wp-content\/uploads\/2022\/05\/TGL-T4021-Ducati-Diavel-1260-Lamborghini-15-4.png\" alt=\"TGL T4021 Diavel 1260 Lamborghini with 2025 pieces\" width=\"800\" height=\"800\" title=\"-\" srcset=\"https:\/\/mouldking.store\/wp-content\/uploads\/2022\/05\/TGL-T4021-Ducati-Diavel-1260-Lamborghini-15-4.png 800w, https:\/\/mouldking.store\/wp-content\/uploads\/2022\/05\/TGL-T4021-Ducati-Diavel-1260-Lamborghini-15-4-300x300.png 300w, https:\/\/mouldking.store\/wp-content\/uploads\/2022\/05\/TGL-T4021-Ducati-Diavel-1260-Lamborghini-15-4-768x768.png 768w, https:\/\/mouldking.store\/wp-content\/uploads\/2022\/05\/TGL-T4021-Ducati-Diavel-1260-Lamborghini-15-4-600x600.png 600w, https:\/\/mouldking.store\/wp-content\/uploads\/2022\/05\/TGL-T4021-Ducati-Diavel-1260-Lamborghini-15-4-150x150.png 150w\" sizes=\"(max-width: 800px) 100vw, 800px\" \/><figcaption id=\"caption-attachment-31589\" class=\"wp-caption-text\">TGL T4021 Diavel 1260 Lamborghini mit 2025 St\u00fcck<\/figcaption><\/figure>","protected":false},"excerpt":{"rendered":"<p>Product information: Brand: TGL Gender: Unisex Name: Diavel 1260 Lamborghini Age Range: &gt; 6 years old Model Number: T4021 Classification: Assemblage Plastic Block Shape: Self-Locking Bricks Material: Plastic Plastic Type: ABS Bricks Blocks: 2025 PCS Contains detailed assembly instructions. Notice: 1. Without an original box, but we guarantee our products have quality assurance and nice [&hellip;]<\/p>","protected":false},"featured_media":31586,"comment_status":"closed","ping_status":"closed","template":"","meta":{"_acf_changed":false},"product_cat":[364],"product_tag":[5594,5593,5592,5590,596,5591,2739,5589,5588,5587],"class_list":["product","first","instock","shipping-taxable","purchasable","product-type-simple"],"acf":[],"_links":{"self":[{"href":"https:\/\/mouldking.store\/de\/wp-json\/wp\/v2\/product\/31585","targetHints":{"allow":["GET"]}}],"collection":[{"href":"https:\/\/mouldking.store\/de\/wp-json\/wp\/v2\/product"}],"about":[{"href":"https:\/\/mouldking.store\/de\/wp-json\/wp\/v2\/types\/product"}],"replies":[{"embeddable":true,"href":"https:\/\/mouldking.store\/de\/wp-json\/wp\/v2\/comments?post=31585"}],"wp:featuredmedia":[{"embeddable":true,"href":"https:\/\/mouldking.store\/de\/wp-json\/wp\/v2\/media\/31586"}],"wp:attachment":[{"href":"https:\/\/mouldking.store\/de\/wp-json\/wp\/v2\/media?parent=31585"}],"wp:term":[{"taxonomy":"product_cat","embeddable":true,"href":"https:\/\/mouldking.store\/de\/wp-json\/wp\/v2\/product_cat?post=31585"},{"taxonomy":"product_tag","embeddable":true,"href":"https:\/\/mouldking.store\/de\/wp-json\/wp\/v2\/product_tag?post=31585"}],"curies":[{"name":"wp","href":"https:\/\/api.w.org\/{rel}","templated":true}]}}