{"id":31595,"date":"2022-05-27T16:27:37","date_gmt":"2022-05-27T09:27:37","guid":{"rendered":"https:\/\/mouldking.store\/?post_type=product&#038;p=31595"},"modified":"2025-12-25T09:12:30","modified_gmt":"2025-12-25T02:12:30","slug":"moc-89669-horizon-forbidden-west-tallneck-light-kit-for-76989-with-1222-pieces","status":"publish","type":"product","link":"https:\/\/mouldking.store\/de\/shop\/moc-89669-horizon-forbidden-west-tallneck-light-kit-for-76989-with-1222-pieces\/","title":{"rendered":"MOC-89669 Horizon Forbidden West: Tallneck Light Kit f\u00fcr 76989 mit 1222 Teilen"},"content":{"rendered":"<p>Produktinformation:<\/p>\n<ol>\n<li>Marke: MOC<\/li>\n<li>Geschlecht: Unisex<\/li>\n<li>Name: Horizon Forbidden West: Tallneck Light Kit f\u00fcr 76989<\/li>\n<li>Altersspanne: &gt; 6 Jahre alt<\/li>\n<li>Modellnummer: MOC-89669<\/li>\n<li>Einstufung: Assemblage<\/li>\n<li>Kunststoffblockform: Selbstsichernde Steine<\/li>\n<li>Material: Kunststoff<\/li>\n<li>Kunststofftyp: ABS<\/li>\n<li>Ziegelsteine: 1222 St\u00fcck<\/li>\n<li>Enth\u00e4lt eine ausf\u00fchrliche Montageanleitung.<\/li>\n<\/ol>\n<p>Notiz:<br \/>\n1. Ohne Originalverpackung, aber wir garantieren, dass unsere Produkte eine Qualit\u00e4tssicherung und eine sch\u00f6ne Verpackung haben.<br \/>\n2. Wie alle Teile, die wir vor dem Versand \u00fcberpr\u00fcft haben, machen Sie sich keine Sorgen, wenn Sie feststellen, dass einige Teile fehlen oder besch\u00e4digt sind, und kontaktieren Sie uns einfach, und wir k\u00f6nnen sie Ihnen umgehend kostenlos erneut zusenden.<\/p>\n<p>&nbsp;<\/p>\n<figure id=\"attachment_31596\" aria-describedby=\"caption-attachment-31596\" style=\"width: 1024px\" class=\"wp-caption aligncenter\"><img fetchpriority=\"high\" decoding=\"async\" class=\"wp-image-31596 size-large\" src=\"https:\/\/mouldking.store\/wp-content\/uploads\/2022\/05\/MOCBRICKLAND-MOC-89669-Horizon-Forbidden-West-Tallneck-Light-Kit-for-76989-3-1024x1024.jpg\" alt=\"MOC-89669 Horizon Forbidden West: Tallneck Light Kit for 76989 with 1222 pieces\" width=\"1024\" height=\"1024\" title=\"-\" srcset=\"https:\/\/mouldking.store\/wp-content\/uploads\/2022\/05\/MOCBRICKLAND-MOC-89669-Horizon-Forbidden-West-Tallneck-Light-Kit-for-76989-3-1024x1024.jpg 1024w, https:\/\/mouldking.store\/wp-content\/uploads\/2022\/05\/MOCBRICKLAND-MOC-89669-Horizon-Forbidden-West-Tallneck-Light-Kit-for-76989-3-300x300.jpg 300w, https:\/\/mouldking.store\/wp-content\/uploads\/2022\/05\/MOCBRICKLAND-MOC-89669-Horizon-Forbidden-West-Tallneck-Light-Kit-for-76989-3-768x768.jpg 768w, https:\/\/mouldking.store\/wp-content\/uploads\/2022\/05\/MOCBRICKLAND-MOC-89669-Horizon-Forbidden-West-Tallneck-Light-Kit-for-76989-3-600x600.jpg 600w, https:\/\/mouldking.store\/wp-content\/uploads\/2022\/05\/MOCBRICKLAND-MOC-89669-Horizon-Forbidden-West-Tallneck-Light-Kit-for-76989-3-150x150.jpg 150w, https:\/\/mouldking.store\/wp-content\/uploads\/2022\/05\/MOCBRICKLAND-MOC-89669-Horizon-Forbidden-West-Tallneck-Light-Kit-for-76989-3.jpg 1200w\" sizes=\"(max-width: 1024px) 100vw, 1024px\" \/><figcaption id=\"caption-attachment-31596\" class=\"wp-caption-text\">MOC-89669 Horizon Forbidden West: Tallneck Light Kit f\u00fcr 76989 mit 1222 Teilen<\/figcaption><\/figure>\n<figure id=\"attachment_31597\" aria-describedby=\"caption-attachment-31597\" style=\"width: 1024px\" class=\"wp-caption aligncenter\"><img decoding=\"async\" class=\"wp-image-31597 size-large\" src=\"https:\/\/mouldking.store\/wp-content\/uploads\/2022\/05\/MOCBRICKLAND-MOC-89669-Horizon-Forbidden-West-Tallneck-Light-Kit-for-76989-4-1024x1024.jpg\" alt=\"MOC-89669 Horizon Forbidden West: Tallneck Light Kit for 76989 with 1222 pieces\" width=\"1024\" height=\"1024\" title=\"-\" srcset=\"https:\/\/mouldking.store\/wp-content\/uploads\/2022\/05\/MOCBRICKLAND-MOC-89669-Horizon-Forbidden-West-Tallneck-Light-Kit-for-76989-4-1024x1024.jpg 1024w, https:\/\/mouldking.store\/wp-content\/uploads\/2022\/05\/MOCBRICKLAND-MOC-89669-Horizon-Forbidden-West-Tallneck-Light-Kit-for-76989-4-300x300.jpg 300w, https:\/\/mouldking.store\/wp-content\/uploads\/2022\/05\/MOCBRICKLAND-MOC-89669-Horizon-Forbidden-West-Tallneck-Light-Kit-for-76989-4-768x768.jpg 768w, https:\/\/mouldking.store\/wp-content\/uploads\/2022\/05\/MOCBRICKLAND-MOC-89669-Horizon-Forbidden-West-Tallneck-Light-Kit-for-76989-4-600x600.jpg 600w, https:\/\/mouldking.store\/wp-content\/uploads\/2022\/05\/MOCBRICKLAND-MOC-89669-Horizon-Forbidden-West-Tallneck-Light-Kit-for-76989-4-150x150.jpg 150w, https:\/\/mouldking.store\/wp-content\/uploads\/2022\/05\/MOCBRICKLAND-MOC-89669-Horizon-Forbidden-West-Tallneck-Light-Kit-for-76989-4.jpg 1200w\" sizes=\"(max-width: 1024px) 100vw, 1024px\" \/><figcaption id=\"caption-attachment-31597\" class=\"wp-caption-text\">MOC-89669 Horizon Forbidden West: Tallneck Light Kit f\u00fcr 76989 mit 1222 Teilen<\/figcaption><\/figure>\n<figure id=\"attachment_31598\" aria-describedby=\"caption-attachment-31598\" style=\"width: 1024px\" class=\"wp-caption aligncenter\"><img decoding=\"async\" class=\"wp-image-31598 size-large\" src=\"https:\/\/mouldking.store\/wp-content\/uploads\/2022\/05\/MOCBRICKLAND-MOC-89669-Horizon-Forbidden-West-Tallneck-Light-Kit-for-76989-1-1024x1024.jpg\" alt=\"MOC-89669 Horizon Forbidden West: Tallneck Light Kit for 76989 with 1222 pieces\" width=\"1024\" height=\"1024\" title=\"-\" srcset=\"https:\/\/mouldking.store\/wp-content\/uploads\/2022\/05\/MOCBRICKLAND-MOC-89669-Horizon-Forbidden-West-Tallneck-Light-Kit-for-76989-1-1024x1024.jpg 1024w, https:\/\/mouldking.store\/wp-content\/uploads\/2022\/05\/MOCBRICKLAND-MOC-89669-Horizon-Forbidden-West-Tallneck-Light-Kit-for-76989-1-300x300.jpg 300w, https:\/\/mouldking.store\/wp-content\/uploads\/2022\/05\/MOCBRICKLAND-MOC-89669-Horizon-Forbidden-West-Tallneck-Light-Kit-for-76989-1-768x768.jpg 768w, https:\/\/mouldking.store\/wp-content\/uploads\/2022\/05\/MOCBRICKLAND-MOC-89669-Horizon-Forbidden-West-Tallneck-Light-Kit-for-76989-1-600x600.jpg 600w, https:\/\/mouldking.store\/wp-content\/uploads\/2022\/05\/MOCBRICKLAND-MOC-89669-Horizon-Forbidden-West-Tallneck-Light-Kit-for-76989-1-150x150.jpg 150w, https:\/\/mouldking.store\/wp-content\/uploads\/2022\/05\/MOCBRICKLAND-MOC-89669-Horizon-Forbidden-West-Tallneck-Light-Kit-for-76989-1.jpg 1200w\" sizes=\"(max-width: 1024px) 100vw, 1024px\" \/><figcaption id=\"caption-attachment-31598\" class=\"wp-caption-text\">MOC-89669 Horizon Forbidden West: Tallneck Light Kit f\u00fcr 76989 mit 1222 Teilen<\/figcaption><\/figure>","protected":false},"excerpt":{"rendered":"<p>Product information: Brand: MOC Gender: Unisex Name: Horizon Forbidden West: Tallneck Light Kit for 76989 Age Range: &gt; 6 years old Model Number: MOC-89669 Classification: Assemblage Plastic Block Shape: Self-Locking Bricks Material: Plastic Plastic Type: ABS Bricks Blocks: 1222 PCS Contains detailed assembly instructions. Notice: 1. Without an original box, but we guarantee our products [&hellip;]<\/p>","protected":false},"featured_media":31596,"comment_status":"closed","ping_status":"closed","template":"","meta":{"_acf_changed":false},"product_cat":[371],"product_tag":[5605,5606,5607,5608,5604],"class_list":["product","first","outofstock","shipping-taxable","purchasable","product-type-variable"],"acf":[],"_links":{"self":[{"href":"https:\/\/mouldking.store\/de\/wp-json\/wp\/v2\/product\/31595","targetHints":{"allow":["GET"]}}],"collection":[{"href":"https:\/\/mouldking.store\/de\/wp-json\/wp\/v2\/product"}],"about":[{"href":"https:\/\/mouldking.store\/de\/wp-json\/wp\/v2\/types\/product"}],"replies":[{"embeddable":true,"href":"https:\/\/mouldking.store\/de\/wp-json\/wp\/v2\/comments?post=31595"}],"wp:featuredmedia":[{"embeddable":true,"href":"https:\/\/mouldking.store\/de\/wp-json\/wp\/v2\/media\/31596"}],"wp:attachment":[{"href":"https:\/\/mouldking.store\/de\/wp-json\/wp\/v2\/media?parent=31595"}],"wp:term":[{"taxonomy":"product_cat","embeddable":true,"href":"https:\/\/mouldking.store\/de\/wp-json\/wp\/v2\/product_cat?post=31595"},{"taxonomy":"product_tag","embeddable":true,"href":"https:\/\/mouldking.store\/de\/wp-json\/wp\/v2\/product_tag?post=31595"}],"curies":[{"name":"wp","href":"https:\/\/api.w.org\/{rel}","templated":true}]}}