{"id":31633,"date":"2022-05-27T16:43:54","date_gmt":"2022-05-27T09:43:54","guid":{"rendered":"https:\/\/mouldking.store\/?post_type=product&#038;p=31633"},"modified":"2025-12-25T09:12:29","modified_gmt":"2025-12-25T02:12:29","slug":"moc-106524-yodas-hut-starfighter-stand-with-194-pieces","status":"publish","type":"product","link":"https:\/\/mouldking.store\/de\/shop\/moc-106524-yodas-hut-starfighter-stand-with-194-pieces\/","title":{"rendered":"MOC-106524 Yoda&#039;s Hut Starfighter Stand mit 194 Teilen"},"content":{"rendered":"<p>Produktinformation:<\/p>\n<ol>\n<li>Marke: MOC<\/li>\n<li>Geschlecht: Unisex<\/li>\n<li>Name: Yodas Hut Starfighter Stand<\/li>\n<li>Altersspanne: &gt; 6 Jahre alt<\/li>\n<li>Modellnummer: MOC-106524<\/li>\n<li>Einstufung: Assemblage<\/li>\n<li>Kunststoffblockform: Selbstsichernde Steine<\/li>\n<li>Material: Kunststoff<\/li>\n<li>Kunststofftyp: ABS<\/li>\n<li>Ziegelsteine: 194 ST\u00dcCKE<\/li>\n<li>Enth\u00e4lt eine ausf\u00fchrliche Montageanleitung.<\/li>\n<\/ol>\n<p>Notiz:<br \/>\n1. Ohne Originalverpackung, aber wir garantieren, dass unsere Produkte eine Qualit\u00e4tssicherung und eine sch\u00f6ne Verpackung haben.<br \/>\n2. Wie alle Teile, die wir vor dem Versand \u00fcberpr\u00fcft haben, machen Sie sich keine Sorgen, wenn Sie feststellen, dass einige Teile fehlen oder besch\u00e4digt sind, und kontaktieren Sie uns einfach, und wir k\u00f6nnen sie Ihnen umgehend kostenlos erneut zusenden.<\/p>\n<figure id=\"attachment_31634\" aria-describedby=\"caption-attachment-31634\" style=\"width: 800px\" class=\"wp-caption aligncenter\"><img fetchpriority=\"high\" decoding=\"async\" class=\"wp-image-31634 size-full\" src=\"https:\/\/mouldking.store\/wp-content\/uploads\/2022\/05\/MOCBRICKLAND-MOC-106524-Yodas-Hut-Starfighter-Stand-3.jpg\" alt=\"MOC-106524 Yoda\u2019s Hut Starfighter Stand with 194 pieces\" width=\"800\" height=\"800\" title=\"-\" srcset=\"https:\/\/mouldking.store\/wp-content\/uploads\/2022\/05\/MOCBRICKLAND-MOC-106524-Yodas-Hut-Starfighter-Stand-3.jpg 800w, https:\/\/mouldking.store\/wp-content\/uploads\/2022\/05\/MOCBRICKLAND-MOC-106524-Yodas-Hut-Starfighter-Stand-3-300x300.jpg 300w, https:\/\/mouldking.store\/wp-content\/uploads\/2022\/05\/MOCBRICKLAND-MOC-106524-Yodas-Hut-Starfighter-Stand-3-768x768.jpg 768w, https:\/\/mouldking.store\/wp-content\/uploads\/2022\/05\/MOCBRICKLAND-MOC-106524-Yodas-Hut-Starfighter-Stand-3-600x600.jpg 600w, https:\/\/mouldking.store\/wp-content\/uploads\/2022\/05\/MOCBRICKLAND-MOC-106524-Yodas-Hut-Starfighter-Stand-3-150x150.jpg 150w\" sizes=\"(max-width: 800px) 100vw, 800px\" \/><figcaption id=\"caption-attachment-31634\" class=\"wp-caption-text\">MOC-106524 Yoda&#039;s Hut Starfighter Stand mit 194 Teilen<\/figcaption><\/figure>\n<figure id=\"attachment_31635\" aria-describedby=\"caption-attachment-31635\" style=\"width: 800px\" class=\"wp-caption aligncenter\"><img decoding=\"async\" class=\"wp-image-31635 size-full\" src=\"https:\/\/mouldking.store\/wp-content\/uploads\/2022\/05\/MOCBRICKLAND-MOC-106524-Yodas-Hut-Starfighter-Stand-2.jpg\" alt=\"MOC-106524 Yoda\u2019s Hut Starfighter Stand with 194 pieces\" width=\"800\" height=\"800\" title=\"-\" srcset=\"https:\/\/mouldking.store\/wp-content\/uploads\/2022\/05\/MOCBRICKLAND-MOC-106524-Yodas-Hut-Starfighter-Stand-2.jpg 800w, https:\/\/mouldking.store\/wp-content\/uploads\/2022\/05\/MOCBRICKLAND-MOC-106524-Yodas-Hut-Starfighter-Stand-2-300x300.jpg 300w, https:\/\/mouldking.store\/wp-content\/uploads\/2022\/05\/MOCBRICKLAND-MOC-106524-Yodas-Hut-Starfighter-Stand-2-768x768.jpg 768w, https:\/\/mouldking.store\/wp-content\/uploads\/2022\/05\/MOCBRICKLAND-MOC-106524-Yodas-Hut-Starfighter-Stand-2-600x600.jpg 600w, https:\/\/mouldking.store\/wp-content\/uploads\/2022\/05\/MOCBRICKLAND-MOC-106524-Yodas-Hut-Starfighter-Stand-2-150x150.jpg 150w\" sizes=\"(max-width: 800px) 100vw, 800px\" \/><figcaption id=\"caption-attachment-31635\" class=\"wp-caption-text\">MOC-106524 Yoda&#039;s Hut Starfighter Stand mit 194 Teilen<\/figcaption><\/figure>\n<figure id=\"attachment_31636\" aria-describedby=\"caption-attachment-31636\" style=\"width: 800px\" class=\"wp-caption aligncenter\"><img decoding=\"async\" class=\"wp-image-31636 size-full\" src=\"https:\/\/mouldking.store\/wp-content\/uploads\/2022\/05\/MOCBRICKLAND-MOC-106524-Yodas-Hut-Starfighter-Stand.jpg\" alt=\"MOC-106524 Yoda\u2019s Hut Starfighter Stand with 194 pieces\" width=\"800\" height=\"800\" title=\"-\" srcset=\"https:\/\/mouldking.store\/wp-content\/uploads\/2022\/05\/MOCBRICKLAND-MOC-106524-Yodas-Hut-Starfighter-Stand.jpg 800w, https:\/\/mouldking.store\/wp-content\/uploads\/2022\/05\/MOCBRICKLAND-MOC-106524-Yodas-Hut-Starfighter-Stand-300x300.jpg 300w, https:\/\/mouldking.store\/wp-content\/uploads\/2022\/05\/MOCBRICKLAND-MOC-106524-Yodas-Hut-Starfighter-Stand-768x768.jpg 768w, https:\/\/mouldking.store\/wp-content\/uploads\/2022\/05\/MOCBRICKLAND-MOC-106524-Yodas-Hut-Starfighter-Stand-600x600.jpg 600w, https:\/\/mouldking.store\/wp-content\/uploads\/2022\/05\/MOCBRICKLAND-MOC-106524-Yodas-Hut-Starfighter-Stand-150x150.jpg 150w\" sizes=\"(max-width: 800px) 100vw, 800px\" \/><figcaption id=\"caption-attachment-31636\" class=\"wp-caption-text\">MOC-106524 Yoda&#039;s Hut Starfighter Stand mit 194 Teilen<\/figcaption><\/figure>\n<figure id=\"attachment_31638\" aria-describedby=\"caption-attachment-31638\" style=\"width: 800px\" class=\"wp-caption aligncenter\"><img loading=\"lazy\" decoding=\"async\" class=\"wp-image-31638 size-full\" src=\"https:\/\/mouldking.store\/wp-content\/uploads\/2022\/05\/MOCBRICKLAND-MOC-106524-Yodas-Hut-Starfighter-Stand-4.jpg\" alt=\"MOC-106524 Yoda\u2019s Hut Starfighter Stand with 194 pieces\" width=\"800\" height=\"800\" title=\"-\" srcset=\"https:\/\/mouldking.store\/wp-content\/uploads\/2022\/05\/MOCBRICKLAND-MOC-106524-Yodas-Hut-Starfighter-Stand-4.jpg 800w, https:\/\/mouldking.store\/wp-content\/uploads\/2022\/05\/MOCBRICKLAND-MOC-106524-Yodas-Hut-Starfighter-Stand-4-300x300.jpg 300w, https:\/\/mouldking.store\/wp-content\/uploads\/2022\/05\/MOCBRICKLAND-MOC-106524-Yodas-Hut-Starfighter-Stand-4-768x768.jpg 768w, https:\/\/mouldking.store\/wp-content\/uploads\/2022\/05\/MOCBRICKLAND-MOC-106524-Yodas-Hut-Starfighter-Stand-4-600x600.jpg 600w, https:\/\/mouldking.store\/wp-content\/uploads\/2022\/05\/MOCBRICKLAND-MOC-106524-Yodas-Hut-Starfighter-Stand-4-150x150.jpg 150w\" sizes=\"(max-width: 800px) 100vw, 800px\" \/><figcaption id=\"caption-attachment-31638\" class=\"wp-caption-text\">MOC-106524 Yoda&#039;s Hut Starfighter Stand mit 194 Teilen<\/figcaption><\/figure>\n<figure id=\"attachment_31637\" aria-describedby=\"caption-attachment-31637\" style=\"width: 800px\" class=\"wp-caption aligncenter\"><img loading=\"lazy\" decoding=\"async\" class=\"wp-image-31637 size-full\" src=\"https:\/\/mouldking.store\/wp-content\/uploads\/2022\/05\/MOCBRICKLAND-MOC-106524-Yodas-Hut-Starfighter-Stand-1.jpg\" alt=\"MOC-106524 Yoda\u2019s Hut Starfighter Stand with 194 pieces\" width=\"800\" height=\"1046\" title=\"-\" srcset=\"https:\/\/mouldking.store\/wp-content\/uploads\/2022\/05\/MOCBRICKLAND-MOC-106524-Yodas-Hut-Starfighter-Stand-1.jpg 800w, https:\/\/mouldking.store\/wp-content\/uploads\/2022\/05\/MOCBRICKLAND-MOC-106524-Yodas-Hut-Starfighter-Stand-1-229x300.jpg 229w, https:\/\/mouldking.store\/wp-content\/uploads\/2022\/05\/MOCBRICKLAND-MOC-106524-Yodas-Hut-Starfighter-Stand-1-783x1024.jpg 783w, https:\/\/mouldking.store\/wp-content\/uploads\/2022\/05\/MOCBRICKLAND-MOC-106524-Yodas-Hut-Starfighter-Stand-1-768x1004.jpg 768w, https:\/\/mouldking.store\/wp-content\/uploads\/2022\/05\/MOCBRICKLAND-MOC-106524-Yodas-Hut-Starfighter-Stand-1-300x392.jpg 300w, https:\/\/mouldking.store\/wp-content\/uploads\/2022\/05\/MOCBRICKLAND-MOC-106524-Yodas-Hut-Starfighter-Stand-1-600x785.jpg 600w, https:\/\/mouldking.store\/wp-content\/uploads\/2022\/05\/MOCBRICKLAND-MOC-106524-Yodas-Hut-Starfighter-Stand-1-115x150.jpg 115w\" sizes=\"(max-width: 800px) 100vw, 800px\" \/><figcaption id=\"caption-attachment-31637\" class=\"wp-caption-text\">MOC-106524 Yoda&#039;s Hut Starfighter Stand mit 194 Teilen<\/figcaption><\/figure>","protected":false},"excerpt":{"rendered":"<p>Product information: Brand: MOC Gender: Unisex Name: Yoda\u2019s Hut Starfighter Stand Age Range: &gt; 6 years old Model Number: MOC-106524 Classification: Assemblage Plastic Block Shape: Self-Locking Bricks Material: Plastic Plastic Type: ABS Bricks Blocks: 194 PCS Contains detailed assembly instructions. Notice: 1. Without an original box, but we guarantee our products have quality assurance and [&hellip;]<\/p>","protected":false},"featured_media":31635,"comment_status":"closed","ping_status":"closed","template":"","meta":{"_acf_changed":false},"product_cat":[415],"product_tag":[5629,5630,5631,5628,5632,5633,5634],"class_list":["product","first","instock","shipping-taxable","purchasable","product-type-simple"],"acf":[],"_links":{"self":[{"href":"https:\/\/mouldking.store\/de\/wp-json\/wp\/v2\/product\/31633","targetHints":{"allow":["GET"]}}],"collection":[{"href":"https:\/\/mouldking.store\/de\/wp-json\/wp\/v2\/product"}],"about":[{"href":"https:\/\/mouldking.store\/de\/wp-json\/wp\/v2\/types\/product"}],"replies":[{"embeddable":true,"href":"https:\/\/mouldking.store\/de\/wp-json\/wp\/v2\/comments?post=31633"}],"wp:featuredmedia":[{"embeddable":true,"href":"https:\/\/mouldking.store\/de\/wp-json\/wp\/v2\/media\/31635"}],"wp:attachment":[{"href":"https:\/\/mouldking.store\/de\/wp-json\/wp\/v2\/media?parent=31633"}],"wp:term":[{"taxonomy":"product_cat","embeddable":true,"href":"https:\/\/mouldking.store\/de\/wp-json\/wp\/v2\/product_cat?post=31633"},{"taxonomy":"product_tag","embeddable":true,"href":"https:\/\/mouldking.store\/de\/wp-json\/wp\/v2\/product_tag?post=31633"}],"curies":[{"name":"wp","href":"https:\/\/api.w.org\/{rel}","templated":true}]}}