{"id":31662,"date":"2022-05-27T17:25:06","date_gmt":"2022-05-27T10:25:06","guid":{"rendered":"https:\/\/mouldking.store\/?post_type=product&#038;p=31662"},"modified":"2025-12-25T09:12:29","modified_gmt":"2025-12-25T02:12:29","slug":"moc-82242-medieval-castle-ii-with-2570-pieces","status":"publish","type":"product","link":"https:\/\/mouldking.store\/de\/shop\/moc-82242-medieval-castle-ii-with-2570-pieces\/","title":{"rendered":"MOC-82242 Mittelalterburg II mit 2570 Teilen"},"content":{"rendered":"<p>Produktinformation:<\/p>\n<ol>\n<li>Marke: MOC<\/li>\n<li>Geschlecht: Unisex<\/li>\n<li>Name: Medieval Castle II<\/li>\n<li>Altersspanne: &gt; 6 Jahre alt<\/li>\n<li>Model Number: MOC-82242<\/li>\n<li>Einstufung: Assemblage<\/li>\n<li>Kunststoffblockform: Selbstsichernde Steine<\/li>\n<li>Material: Kunststoff<\/li>\n<li>Kunststofftyp: ABS<\/li>\n<li>Bricks Blocks: 2570 PCS<\/li>\n<li>Enth\u00e4lt eine ausf\u00fchrliche Montageanleitung.<\/li>\n<li>Zeiteinteilung: 4-8 Wochen<\/li>\n<\/ol>\n<p>Notiz:<br \/>\n1. Ohne Originalverpackung, aber wir garantieren, dass unsere Produkte eine Qualit\u00e4tssicherung und eine sch\u00f6ne Verpackung haben.<br \/>\n2. Wie alle Teile, die wir vor dem Versand \u00fcberpr\u00fcft haben, machen Sie sich keine Sorgen, wenn Sie feststellen, dass einige Teile fehlen oder besch\u00e4digt sind, und kontaktieren Sie uns einfach, und wir k\u00f6nnen sie Ihnen umgehend kostenlos erneut zusenden.<\/p>\n<figure id=\"attachment_31664\" aria-describedby=\"caption-attachment-31664\" style=\"width: 800px\" class=\"wp-caption aligncenter\"><img fetchpriority=\"high\" decoding=\"async\" class=\"wp-image-31664 size-full\" src=\"https:\/\/mouldking.store\/wp-content\/uploads\/2022\/05\/MOC-82242-Medieval-Castle-II-7.jpg\" alt=\"MOC-82242 Medieval Castle II with 2570 pieces\" width=\"800\" height=\"800\" title=\"-\" srcset=\"https:\/\/mouldking.store\/wp-content\/uploads\/2022\/05\/MOC-82242-Medieval-Castle-II-7.jpg 800w, https:\/\/mouldking.store\/wp-content\/uploads\/2022\/05\/MOC-82242-Medieval-Castle-II-7-300x300.jpg 300w, https:\/\/mouldking.store\/wp-content\/uploads\/2022\/05\/MOC-82242-Medieval-Castle-II-7-768x768.jpg 768w, https:\/\/mouldking.store\/wp-content\/uploads\/2022\/05\/MOC-82242-Medieval-Castle-II-7-600x600.jpg 600w, https:\/\/mouldking.store\/wp-content\/uploads\/2022\/05\/MOC-82242-Medieval-Castle-II-7-150x150.jpg 150w\" sizes=\"(max-width: 800px) 100vw, 800px\" \/><figcaption id=\"caption-attachment-31664\" class=\"wp-caption-text\">MOC-82242 Mittelalterburg II mit 2570 Teilen<\/figcaption><\/figure>\n<figure id=\"attachment_31663\" aria-describedby=\"caption-attachment-31663\" style=\"width: 800px\" class=\"wp-caption aligncenter\"><img decoding=\"async\" class=\"wp-image-31663 size-full\" src=\"https:\/\/mouldking.store\/wp-content\/uploads\/2022\/05\/MOC-82242-Medieval-Castle-II-1.jpg\" alt=\"MOC-82242 Medieval Castle II with 2570 pieces\" width=\"800\" height=\"800\" title=\"-\" srcset=\"https:\/\/mouldking.store\/wp-content\/uploads\/2022\/05\/MOC-82242-Medieval-Castle-II-1.jpg 800w, https:\/\/mouldking.store\/wp-content\/uploads\/2022\/05\/MOC-82242-Medieval-Castle-II-1-300x300.jpg 300w, https:\/\/mouldking.store\/wp-content\/uploads\/2022\/05\/MOC-82242-Medieval-Castle-II-1-768x768.jpg 768w, https:\/\/mouldking.store\/wp-content\/uploads\/2022\/05\/MOC-82242-Medieval-Castle-II-1-600x600.jpg 600w, https:\/\/mouldking.store\/wp-content\/uploads\/2022\/05\/MOC-82242-Medieval-Castle-II-1-150x150.jpg 150w\" sizes=\"(max-width: 800px) 100vw, 800px\" \/><figcaption id=\"caption-attachment-31663\" class=\"wp-caption-text\">MOC-82242 Mittelalterburg II mit 2570 Teilen<\/figcaption><\/figure>\n<figure id=\"attachment_31669\" aria-describedby=\"caption-attachment-31669\" style=\"width: 800px\" class=\"wp-caption aligncenter\"><img decoding=\"async\" class=\"wp-image-31669 size-full\" src=\"https:\/\/mouldking.store\/wp-content\/uploads\/2022\/05\/MOC-82242-Medieval-Castle-II-2.jpg\" alt=\"MOC-82242 Medieval Castle II with 2570 pieces\" width=\"800\" height=\"800\" title=\"-\" srcset=\"https:\/\/mouldking.store\/wp-content\/uploads\/2022\/05\/MOC-82242-Medieval-Castle-II-2.jpg 800w, https:\/\/mouldking.store\/wp-content\/uploads\/2022\/05\/MOC-82242-Medieval-Castle-II-2-300x300.jpg 300w, https:\/\/mouldking.store\/wp-content\/uploads\/2022\/05\/MOC-82242-Medieval-Castle-II-2-768x768.jpg 768w, https:\/\/mouldking.store\/wp-content\/uploads\/2022\/05\/MOC-82242-Medieval-Castle-II-2-600x600.jpg 600w, https:\/\/mouldking.store\/wp-content\/uploads\/2022\/05\/MOC-82242-Medieval-Castle-II-2-150x150.jpg 150w\" sizes=\"(max-width: 800px) 100vw, 800px\" \/><figcaption id=\"caption-attachment-31669\" class=\"wp-caption-text\">MOC-82242 Mittelalterburg II mit 2570 Teilen<\/figcaption><\/figure>\n<figure id=\"attachment_31666\" aria-describedby=\"caption-attachment-31666\" style=\"width: 800px\" class=\"wp-caption aligncenter\"><img loading=\"lazy\" decoding=\"async\" class=\"wp-image-31666 size-full\" src=\"https:\/\/mouldking.store\/wp-content\/uploads\/2022\/05\/MOC-82242-Medieval-Castle-II-5.jpg\" alt=\"MOC-82242 Medieval Castle II with 2570 pieces\" width=\"800\" height=\"800\" title=\"-\" srcset=\"https:\/\/mouldking.store\/wp-content\/uploads\/2022\/05\/MOC-82242-Medieval-Castle-II-5.jpg 800w, https:\/\/mouldking.store\/wp-content\/uploads\/2022\/05\/MOC-82242-Medieval-Castle-II-5-300x300.jpg 300w, https:\/\/mouldking.store\/wp-content\/uploads\/2022\/05\/MOC-82242-Medieval-Castle-II-5-768x768.jpg 768w, https:\/\/mouldking.store\/wp-content\/uploads\/2022\/05\/MOC-82242-Medieval-Castle-II-5-600x600.jpg 600w, https:\/\/mouldking.store\/wp-content\/uploads\/2022\/05\/MOC-82242-Medieval-Castle-II-5-150x150.jpg 150w\" sizes=\"(max-width: 800px) 100vw, 800px\" \/><figcaption id=\"caption-attachment-31666\" class=\"wp-caption-text\">MOC-82242 Mittelalterburg II mit 2570 Teilen<\/figcaption><\/figure>\n<figure id=\"attachment_31667\" aria-describedby=\"caption-attachment-31667\" style=\"width: 800px\" class=\"wp-caption aligncenter\"><img loading=\"lazy\" decoding=\"async\" class=\"wp-image-31667 size-full\" src=\"https:\/\/mouldking.store\/wp-content\/uploads\/2022\/05\/MOC-82242-Medieval-Castle-II-4.jpg\" alt=\"MOC-82242 Medieval Castle II with 2570 pieces\" width=\"800\" height=\"800\" title=\"-\" srcset=\"https:\/\/mouldking.store\/wp-content\/uploads\/2022\/05\/MOC-82242-Medieval-Castle-II-4.jpg 800w, https:\/\/mouldking.store\/wp-content\/uploads\/2022\/05\/MOC-82242-Medieval-Castle-II-4-300x300.jpg 300w, https:\/\/mouldking.store\/wp-content\/uploads\/2022\/05\/MOC-82242-Medieval-Castle-II-4-768x768.jpg 768w, https:\/\/mouldking.store\/wp-content\/uploads\/2022\/05\/MOC-82242-Medieval-Castle-II-4-600x600.jpg 600w, https:\/\/mouldking.store\/wp-content\/uploads\/2022\/05\/MOC-82242-Medieval-Castle-II-4-150x150.jpg 150w\" sizes=\"(max-width: 800px) 100vw, 800px\" \/><figcaption id=\"caption-attachment-31667\" class=\"wp-caption-text\">MOC-82242 Mittelalterburg II mit 2570 Teilen<\/figcaption><\/figure>\n<figure id=\"attachment_31668\" aria-describedby=\"caption-attachment-31668\" style=\"width: 800px\" class=\"wp-caption aligncenter\"><img loading=\"lazy\" decoding=\"async\" class=\"wp-image-31668 size-full\" src=\"https:\/\/mouldking.store\/wp-content\/uploads\/2022\/05\/MOC-82242-Medieval-Castle-II-3.jpg\" alt=\"MOC-82242 Medieval Castle II with 2570 pieces\" width=\"800\" height=\"800\" title=\"-\" srcset=\"https:\/\/mouldking.store\/wp-content\/uploads\/2022\/05\/MOC-82242-Medieval-Castle-II-3.jpg 800w, https:\/\/mouldking.store\/wp-content\/uploads\/2022\/05\/MOC-82242-Medieval-Castle-II-3-300x300.jpg 300w, https:\/\/mouldking.store\/wp-content\/uploads\/2022\/05\/MOC-82242-Medieval-Castle-II-3-768x768.jpg 768w, https:\/\/mouldking.store\/wp-content\/uploads\/2022\/05\/MOC-82242-Medieval-Castle-II-3-600x600.jpg 600w, https:\/\/mouldking.store\/wp-content\/uploads\/2022\/05\/MOC-82242-Medieval-Castle-II-3-150x150.jpg 150w\" sizes=\"(max-width: 800px) 100vw, 800px\" \/><figcaption id=\"caption-attachment-31668\" class=\"wp-caption-text\">MOC-82242 Mittelalterburg II mit 2570 Teilen<\/figcaption><\/figure>\n<figure id=\"attachment_31665\" aria-describedby=\"caption-attachment-31665\" style=\"width: 800px\" class=\"wp-caption aligncenter\"><img loading=\"lazy\" decoding=\"async\" class=\"wp-image-31665 size-full\" src=\"https:\/\/mouldking.store\/wp-content\/uploads\/2022\/05\/MOC-82242-Medieval-Castle-II-6.jpg\" alt=\"MOC-82242 Medieval Castle II with 2570 pieces\" width=\"800\" height=\"800\" title=\"-\" srcset=\"https:\/\/mouldking.store\/wp-content\/uploads\/2022\/05\/MOC-82242-Medieval-Castle-II-6.jpg 800w, https:\/\/mouldking.store\/wp-content\/uploads\/2022\/05\/MOC-82242-Medieval-Castle-II-6-300x300.jpg 300w, https:\/\/mouldking.store\/wp-content\/uploads\/2022\/05\/MOC-82242-Medieval-Castle-II-6-768x768.jpg 768w, https:\/\/mouldking.store\/wp-content\/uploads\/2022\/05\/MOC-82242-Medieval-Castle-II-6-600x600.jpg 600w, https:\/\/mouldking.store\/wp-content\/uploads\/2022\/05\/MOC-82242-Medieval-Castle-II-6-150x150.jpg 150w\" sizes=\"(max-width: 800px) 100vw, 800px\" \/><figcaption id=\"caption-attachment-31665\" class=\"wp-caption-text\">MOC-82242 Mittelalterburg II mit 2570 Teilen<\/figcaption><\/figure>","protected":false},"excerpt":{"rendered":"<p>Product information: Brand: MOC Gender: Unisex Name: Medieval Castle II Age Range: &gt; 6 years old Model Number: MOC-82242 Classification: Assemblage Plastic Block Shape: Self-Locking Bricks Material: Plastic Plastic Type: ABS Bricks Blocks: 2570 PCS Contains detailed assembly instructions. Time arrange: 4-8 weeks Notice: 1. Without an original box, but we guarantee our products have [&hellip;]<\/p>","protected":false},"featured_media":31664,"comment_status":"closed","ping_status":"closed","template":"","meta":{"_acf_changed":false},"product_cat":[390],"product_tag":[5644,5645,5646,5647,5648,5643],"class_list":["product","first","instock","shipping-taxable","purchasable","product-type-simple"],"acf":[],"_links":{"self":[{"href":"https:\/\/mouldking.store\/de\/wp-json\/wp\/v2\/product\/31662","targetHints":{"allow":["GET"]}}],"collection":[{"href":"https:\/\/mouldking.store\/de\/wp-json\/wp\/v2\/product"}],"about":[{"href":"https:\/\/mouldking.store\/de\/wp-json\/wp\/v2\/types\/product"}],"replies":[{"embeddable":true,"href":"https:\/\/mouldking.store\/de\/wp-json\/wp\/v2\/comments?post=31662"}],"wp:featuredmedia":[{"embeddable":true,"href":"https:\/\/mouldking.store\/de\/wp-json\/wp\/v2\/media\/31664"}],"wp:attachment":[{"href":"https:\/\/mouldking.store\/de\/wp-json\/wp\/v2\/media?parent=31662"}],"wp:term":[{"taxonomy":"product_cat","embeddable":true,"href":"https:\/\/mouldking.store\/de\/wp-json\/wp\/v2\/product_cat?post=31662"},{"taxonomy":"product_tag","embeddable":true,"href":"https:\/\/mouldking.store\/de\/wp-json\/wp\/v2\/product_tag?post=31662"}],"curies":[{"name":"wp","href":"https:\/\/api.w.org\/{rel}","templated":true}]}}