{"id":32149,"date":"2022-08-31T15:45:44","date_gmt":"2022-08-31T08:45:44","guid":{"rendered":"https:\/\/mouldking.store\/?post_type=product&#038;p=32149"},"modified":"2025-12-25T09:12:28","modified_gmt":"2025-12-25T02:12:28","slug":"moc-111807-79%e2%80%b2-vw-beetle-cabriolet-with-344-pieces","status":"publish","type":"product","link":"https:\/\/mouldking.store\/de\/shop\/moc-111807-79%e2%80%b2-vw-beetle-cabriolet-with-344-pieces\/","title":{"rendered":"MOC-111807 79\u2032 VW K\u00e4fer Cabriolet mit 344 Teilen"},"content":{"rendered":"<p>roduct information:<\/p>\n<ol>\n<li>Marke: MOC<\/li>\n<li>Geschlecht: Unisex<\/li>\n<li>Name: 79\u2032 VW Beetle Cabriolet<\/li>\n<li>Altersspanne: &gt; 6 Jahre alt<\/li>\n<li>Model Number: MOC-111807 &#8211; C7996<\/li>\n<li>Einstufung: Assemblage<\/li>\n<li>Kunststoffblockform: Selbstsichernde Steine<\/li>\n<li>Material: Kunststoff<\/li>\n<li>Kunststofftyp: ABS<\/li>\n<li>Bricks Blocks: 344 PCS<\/li>\n<li>Dimensions: 24 x 11 x 4.8 cm<\/li>\n<li>Weight: 0.22 kg<\/li>\n<li>Enth\u00e4lt eine ausf\u00fchrliche Montageanleitung.<\/li>\n<\/ol>\n<p>Notiz:<br \/>\n1. Ohne Originalverpackung, aber wir garantieren, dass unsere Produkte eine Qualit\u00e4tssicherung und eine sch\u00f6ne Verpackung haben.<br \/>\n2. Wie alle Teile, die wir vor dem Versand \u00fcberpr\u00fcft haben, machen Sie sich keine Sorgen, wenn Sie feststellen, dass einige Teile fehlen oder besch\u00e4digt sind, und kontaktieren Sie uns einfach, und wir k\u00f6nnen sie Ihnen umgehend kostenlos erneut zusenden.<\/p>\n<p>&nbsp;<\/p>\n<figure id=\"attachment_32150\" aria-describedby=\"caption-attachment-32150\" style=\"width: 800px\" class=\"wp-caption aligncenter\"><img fetchpriority=\"high\" decoding=\"async\" class=\"wp-image-32150 size-full\" src=\"https:\/\/mouldking.store\/wp-content\/uploads\/2022\/08\/MOCBRICKLAND-MOC-111807-79-VW-Beetle-Cabriolet-3.jpg\" alt=\"MOC-111807 79\u2032 VW Beetle Cabriolet with 344 Pieces\" width=\"800\" height=\"800\" title=\"-\" srcset=\"https:\/\/mouldking.store\/wp-content\/uploads\/2022\/08\/MOCBRICKLAND-MOC-111807-79-VW-Beetle-Cabriolet-3.jpg 800w, https:\/\/mouldking.store\/wp-content\/uploads\/2022\/08\/MOCBRICKLAND-MOC-111807-79-VW-Beetle-Cabriolet-3-300x300.jpg 300w, https:\/\/mouldking.store\/wp-content\/uploads\/2022\/08\/MOCBRICKLAND-MOC-111807-79-VW-Beetle-Cabriolet-3-768x768.jpg 768w, https:\/\/mouldking.store\/wp-content\/uploads\/2022\/08\/MOCBRICKLAND-MOC-111807-79-VW-Beetle-Cabriolet-3-600x600.jpg 600w, https:\/\/mouldking.store\/wp-content\/uploads\/2022\/08\/MOCBRICKLAND-MOC-111807-79-VW-Beetle-Cabriolet-3-150x150.jpg 150w, https:\/\/mouldking.store\/wp-content\/uploads\/2022\/08\/MOCBRICKLAND-MOC-111807-79-VW-Beetle-Cabriolet-3-60x60.jpg 60w, https:\/\/mouldking.store\/wp-content\/uploads\/2022\/08\/MOCBRICKLAND-MOC-111807-79-VW-Beetle-Cabriolet-3-90x90.jpg 90w\" sizes=\"(max-width: 800px) 100vw, 800px\" \/><figcaption id=\"caption-attachment-32150\" class=\"wp-caption-text\">MOC-111807 79\u2032 VW K\u00e4fer Cabriolet mit 344 Teilen<\/figcaption><\/figure>\n<figure id=\"attachment_32151\" aria-describedby=\"caption-attachment-32151\" style=\"width: 800px\" class=\"wp-caption aligncenter\"><img decoding=\"async\" class=\"wp-image-32151 size-full\" src=\"https:\/\/mouldking.store\/wp-content\/uploads\/2022\/08\/MOCBRICKLAND-MOC-111807-79-VW-Beetle-Cabriolet-2.jpg\" alt=\"MOC-111807 79\u2032 VW Beetle Cabriolet with 344 Pieces\" width=\"800\" height=\"800\" title=\"-\" srcset=\"https:\/\/mouldking.store\/wp-content\/uploads\/2022\/08\/MOCBRICKLAND-MOC-111807-79-VW-Beetle-Cabriolet-2.jpg 800w, https:\/\/mouldking.store\/wp-content\/uploads\/2022\/08\/MOCBRICKLAND-MOC-111807-79-VW-Beetle-Cabriolet-2-300x300.jpg 300w, https:\/\/mouldking.store\/wp-content\/uploads\/2022\/08\/MOCBRICKLAND-MOC-111807-79-VW-Beetle-Cabriolet-2-768x768.jpg 768w, https:\/\/mouldking.store\/wp-content\/uploads\/2022\/08\/MOCBRICKLAND-MOC-111807-79-VW-Beetle-Cabriolet-2-600x600.jpg 600w, https:\/\/mouldking.store\/wp-content\/uploads\/2022\/08\/MOCBRICKLAND-MOC-111807-79-VW-Beetle-Cabriolet-2-150x150.jpg 150w, https:\/\/mouldking.store\/wp-content\/uploads\/2022\/08\/MOCBRICKLAND-MOC-111807-79-VW-Beetle-Cabriolet-2-60x60.jpg 60w, https:\/\/mouldking.store\/wp-content\/uploads\/2022\/08\/MOCBRICKLAND-MOC-111807-79-VW-Beetle-Cabriolet-2-90x90.jpg 90w\" sizes=\"(max-width: 800px) 100vw, 800px\" \/><figcaption id=\"caption-attachment-32151\" class=\"wp-caption-text\">MOC-111807 79\u2032 VW K\u00e4fer Cabriolet mit 344 Teilen<\/figcaption><\/figure>\n<figure id=\"attachment_32153\" aria-describedby=\"caption-attachment-32153\" style=\"width: 800px\" class=\"wp-caption aligncenter\"><img decoding=\"async\" class=\"wp-image-32153 size-full\" src=\"https:\/\/mouldking.store\/wp-content\/uploads\/2022\/08\/MOCBRICKLAND-MOC-111807-79-VW-Beetle-Cabriolet-4.jpg\" alt=\"MOC-111807 79\u2032 VW Beetle Cabriolet with 344 Pieces\" width=\"800\" height=\"800\" title=\"-\" srcset=\"https:\/\/mouldking.store\/wp-content\/uploads\/2022\/08\/MOCBRICKLAND-MOC-111807-79-VW-Beetle-Cabriolet-4.jpg 800w, https:\/\/mouldking.store\/wp-content\/uploads\/2022\/08\/MOCBRICKLAND-MOC-111807-79-VW-Beetle-Cabriolet-4-300x300.jpg 300w, https:\/\/mouldking.store\/wp-content\/uploads\/2022\/08\/MOCBRICKLAND-MOC-111807-79-VW-Beetle-Cabriolet-4-768x768.jpg 768w, https:\/\/mouldking.store\/wp-content\/uploads\/2022\/08\/MOCBRICKLAND-MOC-111807-79-VW-Beetle-Cabriolet-4-600x600.jpg 600w, https:\/\/mouldking.store\/wp-content\/uploads\/2022\/08\/MOCBRICKLAND-MOC-111807-79-VW-Beetle-Cabriolet-4-150x150.jpg 150w, https:\/\/mouldking.store\/wp-content\/uploads\/2022\/08\/MOCBRICKLAND-MOC-111807-79-VW-Beetle-Cabriolet-4-60x60.jpg 60w, https:\/\/mouldking.store\/wp-content\/uploads\/2022\/08\/MOCBRICKLAND-MOC-111807-79-VW-Beetle-Cabriolet-4-90x90.jpg 90w\" sizes=\"(max-width: 800px) 100vw, 800px\" \/><figcaption id=\"caption-attachment-32153\" class=\"wp-caption-text\">MOC-111807 79\u2032 VW K\u00e4fer Cabriolet mit 344 Teilen<\/figcaption><\/figure>\n<figure id=\"attachment_32152\" aria-describedby=\"caption-attachment-32152\" style=\"width: 800px\" class=\"wp-caption aligncenter\"><img loading=\"lazy\" decoding=\"async\" class=\"wp-image-32152 size-full\" src=\"https:\/\/mouldking.store\/wp-content\/uploads\/2022\/08\/MOCBRICKLAND-MOC-111807-79-VW-Beetle-Cabriolet-1.jpg\" alt=\"MOC-111807 79\u2032 VW Beetle Cabriolet with 344 Pieces\" width=\"800\" height=\"1434\" title=\"-\" srcset=\"https:\/\/mouldking.store\/wp-content\/uploads\/2022\/08\/MOCBRICKLAND-MOC-111807-79-VW-Beetle-Cabriolet-1.jpg 800w, https:\/\/mouldking.store\/wp-content\/uploads\/2022\/08\/MOCBRICKLAND-MOC-111807-79-VW-Beetle-Cabriolet-1-167x300.jpg 167w, https:\/\/mouldking.store\/wp-content\/uploads\/2022\/08\/MOCBRICKLAND-MOC-111807-79-VW-Beetle-Cabriolet-1-571x1024.jpg 571w, https:\/\/mouldking.store\/wp-content\/uploads\/2022\/08\/MOCBRICKLAND-MOC-111807-79-VW-Beetle-Cabriolet-1-768x1377.jpg 768w, https:\/\/mouldking.store\/wp-content\/uploads\/2022\/08\/MOCBRICKLAND-MOC-111807-79-VW-Beetle-Cabriolet-1-300x538.jpg 300w, https:\/\/mouldking.store\/wp-content\/uploads\/2022\/08\/MOCBRICKLAND-MOC-111807-79-VW-Beetle-Cabriolet-1-600x1076.jpg 600w, https:\/\/mouldking.store\/wp-content\/uploads\/2022\/08\/MOCBRICKLAND-MOC-111807-79-VW-Beetle-Cabriolet-1-84x150.jpg 84w, https:\/\/mouldking.store\/wp-content\/uploads\/2022\/08\/MOCBRICKLAND-MOC-111807-79-VW-Beetle-Cabriolet-1-33x60.jpg 33w, https:\/\/mouldking.store\/wp-content\/uploads\/2022\/08\/MOCBRICKLAND-MOC-111807-79-VW-Beetle-Cabriolet-1-50x90.jpg 50w\" sizes=\"(max-width: 800px) 100vw, 800px\" \/><figcaption id=\"caption-attachment-32152\" class=\"wp-caption-text\">MOC-111807 79\u2032 VW K\u00e4fer Cabriolet mit 344 Teilen<\/figcaption><\/figure>","protected":false},"excerpt":{"rendered":"<p>roduct information: Brand: MOC Gender: Unisex Name: 79\u2032 VW Beetle Cabriolet Age Range: &gt; 6 years old Model Number: MOC-111807 &#8211; C7996 Classification: Assemblage Plastic Block Shape: Self-Locking Bricks Material: Plastic Plastic Type: ABS Bricks Blocks: 344 PCS Dimensions: 24 x 11 x 4.8 cm Weight: 0.22 kg Contains detailed assembly instructions. Notice: 1. Without [&hellip;]<\/p>","protected":false},"featured_media":32150,"comment_status":"closed","ping_status":"closed","template":"","meta":{"_acf_changed":false},"product_cat":[364],"product_tag":[5740,5739,5738,5737],"class_list":["product","first","instock","shipping-taxable","purchasable","product-type-simple"],"acf":[],"_links":{"self":[{"href":"https:\/\/mouldking.store\/de\/wp-json\/wp\/v2\/product\/32149","targetHints":{"allow":["GET"]}}],"collection":[{"href":"https:\/\/mouldking.store\/de\/wp-json\/wp\/v2\/product"}],"about":[{"href":"https:\/\/mouldking.store\/de\/wp-json\/wp\/v2\/types\/product"}],"replies":[{"embeddable":true,"href":"https:\/\/mouldking.store\/de\/wp-json\/wp\/v2\/comments?post=32149"}],"wp:featuredmedia":[{"embeddable":true,"href":"https:\/\/mouldking.store\/de\/wp-json\/wp\/v2\/media\/32150"}],"wp:attachment":[{"href":"https:\/\/mouldking.store\/de\/wp-json\/wp\/v2\/media?parent=32149"}],"wp:term":[{"taxonomy":"product_cat","embeddable":true,"href":"https:\/\/mouldking.store\/de\/wp-json\/wp\/v2\/product_cat?post=32149"},{"taxonomy":"product_tag","embeddable":true,"href":"https:\/\/mouldking.store\/de\/wp-json\/wp\/v2\/product_tag?post=32149"}],"curies":[{"name":"wp","href":"https:\/\/api.w.org\/{rel}","templated":true}]}}