{"id":32187,"date":"2022-08-31T16:23:46","date_gmt":"2022-08-31T09:23:46","guid":{"rendered":"https:\/\/mouldking.store\/?post_type=product&#038;p=32187"},"modified":"2025-12-25T09:12:28","modified_gmt":"2025-12-25T02:12:28","slug":"moc-95438-medieval-prisoner-carriage-with-354-pieces","status":"publish","type":"product","link":"https:\/\/mouldking.store\/de\/shop\/moc-95438-medieval-prisoner-carriage-with-354-pieces\/","title":{"rendered":"MOC-95438 Mittelalterlicher Gefangenenwagen mit 354 Teilen"},"content":{"rendered":"<p>Produktinformation:<\/p>\n<ol>\n<li>Marke: MOC<\/li>\n<li>Geschlecht: Unisex<\/li>\n<li>Name: Mittelalterlicher Gefangenenwagen<\/li>\n<li>Altersspanne: &gt; 6 Jahre alt<\/li>\n<li>Modellnummer: MOC-95438 \u2013 C7947<\/li>\n<li>Einstufung: Assemblage<\/li>\n<li>Kunststoffblockform: Selbstsichernde Steine<\/li>\n<li>Material: Kunststoff<\/li>\n<li>Kunststofftyp: ABS<\/li>\n<li>Ziegelsteine: 354 ST\u00dcCKE<\/li>\n<li>Abmessungen: 42,8 x 8 x 12 cm<\/li>\n<li>Gewicht: 0,34 kg<\/li>\n<li>Enth\u00e4lt eine ausf\u00fchrliche Montageanleitung.<\/li>\n<\/ol>\n<p>Notiz:<br \/>\n1. Ohne Originalverpackung, aber wir garantieren, dass unsere Produkte eine Qualit\u00e4tssicherung und eine sch\u00f6ne Verpackung haben.<br \/>\n2. Wie alle Teile, die wir vor dem Versand \u00fcberpr\u00fcft haben, machen Sie sich keine Sorgen, wenn Sie feststellen, dass einige Teile fehlen oder besch\u00e4digt sind, und kontaktieren Sie uns einfach, und wir k\u00f6nnen sie Ihnen umgehend kostenlos erneut zusenden.<\/p>\n<figure id=\"attachment_32189\" aria-describedby=\"caption-attachment-32189\" style=\"width: 800px\" class=\"wp-caption aligncenter\"><img fetchpriority=\"high\" decoding=\"async\" class=\"wp-image-32189 size-full\" src=\"https:\/\/mouldking.store\/wp-content\/uploads\/2022\/08\/MOCBRICKLAND-MOC-95438-Medieval-Prisoner-Carriage-3.jpg\" alt=\"MOC-95438 Medieval Prisoner Carriage with 354 Pieces\" width=\"800\" height=\"800\" title=\"-\" srcset=\"https:\/\/mouldking.store\/wp-content\/uploads\/2022\/08\/MOCBRICKLAND-MOC-95438-Medieval-Prisoner-Carriage-3.jpg 800w, https:\/\/mouldking.store\/wp-content\/uploads\/2022\/08\/MOCBRICKLAND-MOC-95438-Medieval-Prisoner-Carriage-3-300x300.jpg 300w, https:\/\/mouldking.store\/wp-content\/uploads\/2022\/08\/MOCBRICKLAND-MOC-95438-Medieval-Prisoner-Carriage-3-768x768.jpg 768w, https:\/\/mouldking.store\/wp-content\/uploads\/2022\/08\/MOCBRICKLAND-MOC-95438-Medieval-Prisoner-Carriage-3-600x600.jpg 600w, https:\/\/mouldking.store\/wp-content\/uploads\/2022\/08\/MOCBRICKLAND-MOC-95438-Medieval-Prisoner-Carriage-3-150x150.jpg 150w, https:\/\/mouldking.store\/wp-content\/uploads\/2022\/08\/MOCBRICKLAND-MOC-95438-Medieval-Prisoner-Carriage-3-60x60.jpg 60w, https:\/\/mouldking.store\/wp-content\/uploads\/2022\/08\/MOCBRICKLAND-MOC-95438-Medieval-Prisoner-Carriage-3-90x90.jpg 90w\" sizes=\"(max-width: 800px) 100vw, 800px\" \/><figcaption id=\"caption-attachment-32189\" class=\"wp-caption-text\">MOC-95438 Mittelalterlicher Gefangenenwagen mit 354 Teilen<\/figcaption><\/figure>\n<figure id=\"attachment_32190\" aria-describedby=\"caption-attachment-32190\" style=\"width: 800px\" class=\"wp-caption aligncenter\"><img decoding=\"async\" class=\"wp-image-32190 size-full\" src=\"https:\/\/mouldking.store\/wp-content\/uploads\/2022\/08\/MOCBRICKLAND-MOC-95438-Medieval-Prisoner-Carriage-2.jpg\" alt=\"MOC-95438 Medieval Prisoner Carriage with 354 Pieces\" width=\"800\" height=\"800\" title=\"-\" srcset=\"https:\/\/mouldking.store\/wp-content\/uploads\/2022\/08\/MOCBRICKLAND-MOC-95438-Medieval-Prisoner-Carriage-2.jpg 800w, https:\/\/mouldking.store\/wp-content\/uploads\/2022\/08\/MOCBRICKLAND-MOC-95438-Medieval-Prisoner-Carriage-2-300x300.jpg 300w, https:\/\/mouldking.store\/wp-content\/uploads\/2022\/08\/MOCBRICKLAND-MOC-95438-Medieval-Prisoner-Carriage-2-768x768.jpg 768w, https:\/\/mouldking.store\/wp-content\/uploads\/2022\/08\/MOCBRICKLAND-MOC-95438-Medieval-Prisoner-Carriage-2-600x600.jpg 600w, https:\/\/mouldking.store\/wp-content\/uploads\/2022\/08\/MOCBRICKLAND-MOC-95438-Medieval-Prisoner-Carriage-2-150x150.jpg 150w, https:\/\/mouldking.store\/wp-content\/uploads\/2022\/08\/MOCBRICKLAND-MOC-95438-Medieval-Prisoner-Carriage-2-60x60.jpg 60w, https:\/\/mouldking.store\/wp-content\/uploads\/2022\/08\/MOCBRICKLAND-MOC-95438-Medieval-Prisoner-Carriage-2-90x90.jpg 90w\" sizes=\"(max-width: 800px) 100vw, 800px\" \/><figcaption id=\"caption-attachment-32190\" class=\"wp-caption-text\">MOC-95438 Mittelalterlicher Gefangenenwagen mit 354 Teilen<\/figcaption><\/figure>\n<figure id=\"attachment_32188\" aria-describedby=\"caption-attachment-32188\" style=\"width: 800px\" class=\"wp-caption aligncenter\"><img decoding=\"async\" class=\"wp-image-32188 size-full\" src=\"https:\/\/mouldking.store\/wp-content\/uploads\/2022\/08\/MOCBRICKLAND-MOC-95438-Medieval-Prisoner-Carriage-4.jpg\" alt=\"MOC-95438 Medieval Prisoner Carriage with 354 Pieces\" width=\"800\" height=\"800\" title=\"-\" srcset=\"https:\/\/mouldking.store\/wp-content\/uploads\/2022\/08\/MOCBRICKLAND-MOC-95438-Medieval-Prisoner-Carriage-4.jpg 800w, https:\/\/mouldking.store\/wp-content\/uploads\/2022\/08\/MOCBRICKLAND-MOC-95438-Medieval-Prisoner-Carriage-4-300x300.jpg 300w, https:\/\/mouldking.store\/wp-content\/uploads\/2022\/08\/MOCBRICKLAND-MOC-95438-Medieval-Prisoner-Carriage-4-768x768.jpg 768w, https:\/\/mouldking.store\/wp-content\/uploads\/2022\/08\/MOCBRICKLAND-MOC-95438-Medieval-Prisoner-Carriage-4-600x600.jpg 600w, https:\/\/mouldking.store\/wp-content\/uploads\/2022\/08\/MOCBRICKLAND-MOC-95438-Medieval-Prisoner-Carriage-4-150x150.jpg 150w, https:\/\/mouldking.store\/wp-content\/uploads\/2022\/08\/MOCBRICKLAND-MOC-95438-Medieval-Prisoner-Carriage-4-60x60.jpg 60w, https:\/\/mouldking.store\/wp-content\/uploads\/2022\/08\/MOCBRICKLAND-MOC-95438-Medieval-Prisoner-Carriage-4-90x90.jpg 90w\" sizes=\"(max-width: 800px) 100vw, 800px\" \/><figcaption id=\"caption-attachment-32188\" class=\"wp-caption-text\">MOC-95438 Mittelalterlicher Gefangenenwagen mit 354 Teilen<\/figcaption><\/figure>\n<figure id=\"attachment_32193\" aria-describedby=\"caption-attachment-32193\" style=\"width: 800px\" class=\"wp-caption aligncenter\"><img loading=\"lazy\" decoding=\"async\" class=\"wp-image-32193 size-full\" src=\"https:\/\/mouldking.store\/wp-content\/uploads\/2022\/08\/MOCBRICKLAND-MOC-95438-Medieval-Prisoner-Carriage-5.jpg\" alt=\"MOC-95438 Medieval Prisoner Carriage with 354 Pieces\" width=\"800\" height=\"800\" title=\"-\" srcset=\"https:\/\/mouldking.store\/wp-content\/uploads\/2022\/08\/MOCBRICKLAND-MOC-95438-Medieval-Prisoner-Carriage-5.jpg 800w, https:\/\/mouldking.store\/wp-content\/uploads\/2022\/08\/MOCBRICKLAND-MOC-95438-Medieval-Prisoner-Carriage-5-300x300.jpg 300w, https:\/\/mouldking.store\/wp-content\/uploads\/2022\/08\/MOCBRICKLAND-MOC-95438-Medieval-Prisoner-Carriage-5-768x768.jpg 768w, https:\/\/mouldking.store\/wp-content\/uploads\/2022\/08\/MOCBRICKLAND-MOC-95438-Medieval-Prisoner-Carriage-5-600x600.jpg 600w, https:\/\/mouldking.store\/wp-content\/uploads\/2022\/08\/MOCBRICKLAND-MOC-95438-Medieval-Prisoner-Carriage-5-150x150.jpg 150w, https:\/\/mouldking.store\/wp-content\/uploads\/2022\/08\/MOCBRICKLAND-MOC-95438-Medieval-Prisoner-Carriage-5-60x60.jpg 60w, https:\/\/mouldking.store\/wp-content\/uploads\/2022\/08\/MOCBRICKLAND-MOC-95438-Medieval-Prisoner-Carriage-5-90x90.jpg 90w\" sizes=\"(max-width: 800px) 100vw, 800px\" \/><figcaption id=\"caption-attachment-32193\" class=\"wp-caption-text\">MOC-95438 Mittelalterlicher Gefangenenwagen mit 354 Teilen<\/figcaption><\/figure>\n<figure id=\"attachment_32192\" aria-describedby=\"caption-attachment-32192\" style=\"width: 800px\" class=\"wp-caption aligncenter\"><img loading=\"lazy\" decoding=\"async\" class=\"wp-image-32192 size-full\" src=\"https:\/\/mouldking.store\/wp-content\/uploads\/2022\/08\/MOCBRICKLAND-MOC-95438-Medieval-Prisoner-Carriage-6.jpg\" alt=\"MOC-95438 Medieval Prisoner Carriage with 354 Pieces\" width=\"800\" height=\"800\" title=\"-\" srcset=\"https:\/\/mouldking.store\/wp-content\/uploads\/2022\/08\/MOCBRICKLAND-MOC-95438-Medieval-Prisoner-Carriage-6.jpg 800w, https:\/\/mouldking.store\/wp-content\/uploads\/2022\/08\/MOCBRICKLAND-MOC-95438-Medieval-Prisoner-Carriage-6-300x300.jpg 300w, https:\/\/mouldking.store\/wp-content\/uploads\/2022\/08\/MOCBRICKLAND-MOC-95438-Medieval-Prisoner-Carriage-6-768x768.jpg 768w, https:\/\/mouldking.store\/wp-content\/uploads\/2022\/08\/MOCBRICKLAND-MOC-95438-Medieval-Prisoner-Carriage-6-600x600.jpg 600w, https:\/\/mouldking.store\/wp-content\/uploads\/2022\/08\/MOCBRICKLAND-MOC-95438-Medieval-Prisoner-Carriage-6-150x150.jpg 150w, https:\/\/mouldking.store\/wp-content\/uploads\/2022\/08\/MOCBRICKLAND-MOC-95438-Medieval-Prisoner-Carriage-6-60x60.jpg 60w, https:\/\/mouldking.store\/wp-content\/uploads\/2022\/08\/MOCBRICKLAND-MOC-95438-Medieval-Prisoner-Carriage-6-90x90.jpg 90w\" sizes=\"(max-width: 800px) 100vw, 800px\" \/><figcaption id=\"caption-attachment-32192\" class=\"wp-caption-text\">MOC-95438 Mittelalterlicher Gefangenenwagen mit 354 Teilen<\/figcaption><\/figure>\n<figure id=\"attachment_32191\" aria-describedby=\"caption-attachment-32191\" style=\"width: 800px\" class=\"wp-caption aligncenter\"><img loading=\"lazy\" decoding=\"async\" class=\"wp-image-32191 size-full\" src=\"https:\/\/mouldking.store\/wp-content\/uploads\/2022\/08\/MOCBRICKLAND-MOC-95438-Medieval-Prisoner-Carriage-1.jpg\" alt=\"MOC-95438 Medieval Prisoner Carriage with 354 Pieces\" width=\"800\" height=\"1126\" title=\"-\" srcset=\"https:\/\/mouldking.store\/wp-content\/uploads\/2022\/08\/MOCBRICKLAND-MOC-95438-Medieval-Prisoner-Carriage-1.jpg 800w, https:\/\/mouldking.store\/wp-content\/uploads\/2022\/08\/MOCBRICKLAND-MOC-95438-Medieval-Prisoner-Carriage-1-213x300.jpg 213w, https:\/\/mouldking.store\/wp-content\/uploads\/2022\/08\/MOCBRICKLAND-MOC-95438-Medieval-Prisoner-Carriage-1-728x1024.jpg 728w, https:\/\/mouldking.store\/wp-content\/uploads\/2022\/08\/MOCBRICKLAND-MOC-95438-Medieval-Prisoner-Carriage-1-768x1081.jpg 768w, https:\/\/mouldking.store\/wp-content\/uploads\/2022\/08\/MOCBRICKLAND-MOC-95438-Medieval-Prisoner-Carriage-1-300x422.jpg 300w, https:\/\/mouldking.store\/wp-content\/uploads\/2022\/08\/MOCBRICKLAND-MOC-95438-Medieval-Prisoner-Carriage-1-600x845.jpg 600w, https:\/\/mouldking.store\/wp-content\/uploads\/2022\/08\/MOCBRICKLAND-MOC-95438-Medieval-Prisoner-Carriage-1-107x150.jpg 107w, https:\/\/mouldking.store\/wp-content\/uploads\/2022\/08\/MOCBRICKLAND-MOC-95438-Medieval-Prisoner-Carriage-1-43x60.jpg 43w, https:\/\/mouldking.store\/wp-content\/uploads\/2022\/08\/MOCBRICKLAND-MOC-95438-Medieval-Prisoner-Carriage-1-64x90.jpg 64w\" sizes=\"(max-width: 800px) 100vw, 800px\" \/><figcaption id=\"caption-attachment-32191\" class=\"wp-caption-text\">MOC-95438 Mittelalterlicher Gefangenenwagen mit 354 Teilen<\/figcaption><\/figure>","protected":false},"excerpt":{"rendered":"<p>Product information: Brand: MOC Gender: Unisex Name: Medieval Prisoner Carriage Age Range: &gt; 6 years old Model Number: MOC-95438 &#8211; C7947 Classification: Assemblage Plastic Block Shape: Self-Locking Bricks Material: Plastic Plastic Type: ABS Bricks Blocks: 354 PCS Dimensions: 42.8 x 8 x 12 cm Weight: 0.34 kg Contains detailed assembly instructions. Notice: 1. Without an [&hellip;]<\/p>","protected":false},"featured_media":32190,"comment_status":"closed","ping_status":"closed","template":"","meta":{"_acf_changed":false},"product_cat":[371],"product_tag":[991,5758,5757,5756,5755],"class_list":["product","first","instock","shipping-taxable","purchasable","product-type-simple"],"acf":[],"_links":{"self":[{"href":"https:\/\/mouldking.store\/de\/wp-json\/wp\/v2\/product\/32187","targetHints":{"allow":["GET"]}}],"collection":[{"href":"https:\/\/mouldking.store\/de\/wp-json\/wp\/v2\/product"}],"about":[{"href":"https:\/\/mouldking.store\/de\/wp-json\/wp\/v2\/types\/product"}],"replies":[{"embeddable":true,"href":"https:\/\/mouldking.store\/de\/wp-json\/wp\/v2\/comments?post=32187"}],"wp:featuredmedia":[{"embeddable":true,"href":"https:\/\/mouldking.store\/de\/wp-json\/wp\/v2\/media\/32190"}],"wp:attachment":[{"href":"https:\/\/mouldking.store\/de\/wp-json\/wp\/v2\/media?parent=32187"}],"wp:term":[{"taxonomy":"product_cat","embeddable":true,"href":"https:\/\/mouldking.store\/de\/wp-json\/wp\/v2\/product_cat?post=32187"},{"taxonomy":"product_tag","embeddable":true,"href":"https:\/\/mouldking.store\/de\/wp-json\/wp\/v2\/product_tag?post=32187"}],"curies":[{"name":"wp","href":"https:\/\/api.w.org\/{rel}","templated":true}]}}