{"id":32206,"date":"2022-08-31T16:32:50","date_gmt":"2022-08-31T09:32:50","guid":{"rendered":"https:\/\/mouldking.store\/?post_type=product&#038;p=32206"},"modified":"2025-12-25T09:12:28","modified_gmt":"2025-12-25T02:12:28","slug":"moc-116767-self-loading-dice-tower-v2-dungeons-and-dragons-with-316-pieces","status":"publish","type":"product","link":"https:\/\/mouldking.store\/de\/shop\/moc-116767-self-loading-dice-tower-v2-dungeons-and-dragons-with-316-pieces\/","title":{"rendered":"MOC-116767 Selbstladender W\u00fcrfelturm v2-Dungeons and Dragons mit 316 Teilen"},"content":{"rendered":"<p>Produktinformation:<\/p>\n<ol>\n<li>Marke: MOC<\/li>\n<li>Geschlecht: Unisex<\/li>\n<li>Name: Self-Loading Dice Tower v2-Dungeons and Dragons<\/li>\n<li>Altersspanne: &gt; 6 Jahre alt<\/li>\n<li>Model Number: MOC-116767 &#8211; C9054<\/li>\n<li>Einstufung: Assemblage<\/li>\n<li>Kunststoffblockform: Selbstsichernde Steine<\/li>\n<li>Material: Kunststoff<\/li>\n<li>Kunststofftyp: ABS<\/li>\n<li>Bricks Blocks: 316 PCS<\/li>\n<li>Dimensions: 8 x 16 x 10 cm<\/li>\n<li>Gewicht: 0,39 kg<\/li>\n<li>Enth\u00e4lt eine ausf\u00fchrliche Montageanleitung.<\/li>\n<\/ol>\n<p>Notiz:<br \/>\n1. Ohne Originalverpackung, aber wir garantieren, dass unsere Produkte eine Qualit\u00e4tssicherung und eine sch\u00f6ne Verpackung haben.<br \/>\n2. Wie alle Teile, die wir vor dem Versand \u00fcberpr\u00fcft haben, machen Sie sich keine Sorgen, wenn Sie feststellen, dass einige Teile fehlen oder besch\u00e4digt sind, und kontaktieren Sie uns einfach, und wir k\u00f6nnen sie Ihnen umgehend kostenlos erneut zusenden.<\/p>\n<figure id=\"attachment_32207\" aria-describedby=\"caption-attachment-32207\" style=\"width: 800px\" class=\"wp-caption aligncenter\"><img fetchpriority=\"high\" decoding=\"async\" class=\"wp-image-32207 size-full\" src=\"https:\/\/mouldking.store\/wp-content\/uploads\/2022\/08\/MOCBRICKLAND-MOC-116767-Self-Loading-Dice-Tower-v2-Dungeons-and-Dragons-2.jpg\" alt=\"MOC-116767 Self-Loading Dice Tower v2-Dungeons and Dragons with 316 Pieces\" width=\"800\" height=\"800\" title=\"-\" srcset=\"https:\/\/mouldking.store\/wp-content\/uploads\/2022\/08\/MOCBRICKLAND-MOC-116767-Self-Loading-Dice-Tower-v2-Dungeons-and-Dragons-2.jpg 800w, https:\/\/mouldking.store\/wp-content\/uploads\/2022\/08\/MOCBRICKLAND-MOC-116767-Self-Loading-Dice-Tower-v2-Dungeons-and-Dragons-2-300x300.jpg 300w, https:\/\/mouldking.store\/wp-content\/uploads\/2022\/08\/MOCBRICKLAND-MOC-116767-Self-Loading-Dice-Tower-v2-Dungeons-and-Dragons-2-768x768.jpg 768w, https:\/\/mouldking.store\/wp-content\/uploads\/2022\/08\/MOCBRICKLAND-MOC-116767-Self-Loading-Dice-Tower-v2-Dungeons-and-Dragons-2-600x600.jpg 600w, https:\/\/mouldking.store\/wp-content\/uploads\/2022\/08\/MOCBRICKLAND-MOC-116767-Self-Loading-Dice-Tower-v2-Dungeons-and-Dragons-2-150x150.jpg 150w, https:\/\/mouldking.store\/wp-content\/uploads\/2022\/08\/MOCBRICKLAND-MOC-116767-Self-Loading-Dice-Tower-v2-Dungeons-and-Dragons-2-60x60.jpg 60w, https:\/\/mouldking.store\/wp-content\/uploads\/2022\/08\/MOCBRICKLAND-MOC-116767-Self-Loading-Dice-Tower-v2-Dungeons-and-Dragons-2-90x90.jpg 90w\" sizes=\"(max-width: 800px) 100vw, 800px\" \/><figcaption id=\"caption-attachment-32207\" class=\"wp-caption-text\">MOC-116767 Selbstladender W\u00fcrfelturm v2-Dungeons and Dragons mit 316 Teilen<\/figcaption><\/figure>\n<figure id=\"attachment_32209\" aria-describedby=\"caption-attachment-32209\" style=\"width: 800px\" class=\"wp-caption aligncenter\"><img decoding=\"async\" class=\"wp-image-32209 size-full\" src=\"https:\/\/mouldking.store\/wp-content\/uploads\/2022\/08\/MOCBRICKLAND-MOC-116767-Self-Loading-Dice-Tower-v2-Dungeons-and-Dragons-3.jpg\" alt=\"MOC-116767 Self-Loading Dice Tower v2-Dungeons and Dragons with 316 Pieces\" width=\"800\" height=\"800\" title=\"-\" srcset=\"https:\/\/mouldking.store\/wp-content\/uploads\/2022\/08\/MOCBRICKLAND-MOC-116767-Self-Loading-Dice-Tower-v2-Dungeons-and-Dragons-3.jpg 800w, https:\/\/mouldking.store\/wp-content\/uploads\/2022\/08\/MOCBRICKLAND-MOC-116767-Self-Loading-Dice-Tower-v2-Dungeons-and-Dragons-3-300x300.jpg 300w, https:\/\/mouldking.store\/wp-content\/uploads\/2022\/08\/MOCBRICKLAND-MOC-116767-Self-Loading-Dice-Tower-v2-Dungeons-and-Dragons-3-768x768.jpg 768w, https:\/\/mouldking.store\/wp-content\/uploads\/2022\/08\/MOCBRICKLAND-MOC-116767-Self-Loading-Dice-Tower-v2-Dungeons-and-Dragons-3-600x600.jpg 600w, https:\/\/mouldking.store\/wp-content\/uploads\/2022\/08\/MOCBRICKLAND-MOC-116767-Self-Loading-Dice-Tower-v2-Dungeons-and-Dragons-3-150x150.jpg 150w, https:\/\/mouldking.store\/wp-content\/uploads\/2022\/08\/MOCBRICKLAND-MOC-116767-Self-Loading-Dice-Tower-v2-Dungeons-and-Dragons-3-60x60.jpg 60w, https:\/\/mouldking.store\/wp-content\/uploads\/2022\/08\/MOCBRICKLAND-MOC-116767-Self-Loading-Dice-Tower-v2-Dungeons-and-Dragons-3-90x90.jpg 90w\" sizes=\"(max-width: 800px) 100vw, 800px\" \/><figcaption id=\"caption-attachment-32209\" class=\"wp-caption-text\">MOC-116767 Selbstladender W\u00fcrfelturm v2-Dungeons and Dragons mit 316 Teilen<\/figcaption><\/figure>\n<figure id=\"attachment_32210\" aria-describedby=\"caption-attachment-32210\" style=\"width: 800px\" class=\"wp-caption aligncenter\"><img decoding=\"async\" class=\"wp-image-32210 size-full\" src=\"https:\/\/mouldking.store\/wp-content\/uploads\/2022\/08\/MOCBRICKLAND-MOC-116767-Self-Loading-Dice-Tower-v2-Dungeons-and-Dragons-1.jpg\" alt=\"MOC-116767 Self-Loading Dice Tower v2-Dungeons and Dragons with 316 Pieces\" width=\"800\" height=\"1144\" title=\"-\" srcset=\"https:\/\/mouldking.store\/wp-content\/uploads\/2022\/08\/MOCBRICKLAND-MOC-116767-Self-Loading-Dice-Tower-v2-Dungeons-and-Dragons-1.jpg 800w, https:\/\/mouldking.store\/wp-content\/uploads\/2022\/08\/MOCBRICKLAND-MOC-116767-Self-Loading-Dice-Tower-v2-Dungeons-and-Dragons-1-210x300.jpg 210w, https:\/\/mouldking.store\/wp-content\/uploads\/2022\/08\/MOCBRICKLAND-MOC-116767-Self-Loading-Dice-Tower-v2-Dungeons-and-Dragons-1-716x1024.jpg 716w, https:\/\/mouldking.store\/wp-content\/uploads\/2022\/08\/MOCBRICKLAND-MOC-116767-Self-Loading-Dice-Tower-v2-Dungeons-and-Dragons-1-768x1098.jpg 768w, https:\/\/mouldking.store\/wp-content\/uploads\/2022\/08\/MOCBRICKLAND-MOC-116767-Self-Loading-Dice-Tower-v2-Dungeons-and-Dragons-1-300x429.jpg 300w, https:\/\/mouldking.store\/wp-content\/uploads\/2022\/08\/MOCBRICKLAND-MOC-116767-Self-Loading-Dice-Tower-v2-Dungeons-and-Dragons-1-600x858.jpg 600w, https:\/\/mouldking.store\/wp-content\/uploads\/2022\/08\/MOCBRICKLAND-MOC-116767-Self-Loading-Dice-Tower-v2-Dungeons-and-Dragons-1-105x150.jpg 105w, https:\/\/mouldking.store\/wp-content\/uploads\/2022\/08\/MOCBRICKLAND-MOC-116767-Self-Loading-Dice-Tower-v2-Dungeons-and-Dragons-1-42x60.jpg 42w, https:\/\/mouldking.store\/wp-content\/uploads\/2022\/08\/MOCBRICKLAND-MOC-116767-Self-Loading-Dice-Tower-v2-Dungeons-and-Dragons-1-63x90.jpg 63w\" sizes=\"(max-width: 800px) 100vw, 800px\" \/><figcaption id=\"caption-attachment-32210\" class=\"wp-caption-text\">MOC-116767 Selbstladender W\u00fcrfelturm v2-Dungeons and Dragons mit 316 Teilen<\/figcaption><\/figure>\n<figure id=\"attachment_32208\" aria-describedby=\"caption-attachment-32208\" style=\"width: 800px\" class=\"wp-caption aligncenter\"><img loading=\"lazy\" decoding=\"async\" class=\"wp-image-32208 size-full\" src=\"https:\/\/mouldking.store\/wp-content\/uploads\/2022\/08\/MOCBRICKLAND-MOC-116767-Self-Loading-Dice-Tower-v2-Dungeons-and-Dragons-4.jpg\" alt=\"MOC-116767 Self-Loading Dice Tower v2-Dungeons and Dragons with 316 Pieces\" width=\"800\" height=\"800\" title=\"-\" srcset=\"https:\/\/mouldking.store\/wp-content\/uploads\/2022\/08\/MOCBRICKLAND-MOC-116767-Self-Loading-Dice-Tower-v2-Dungeons-and-Dragons-4.jpg 800w, https:\/\/mouldking.store\/wp-content\/uploads\/2022\/08\/MOCBRICKLAND-MOC-116767-Self-Loading-Dice-Tower-v2-Dungeons-and-Dragons-4-300x300.jpg 300w, https:\/\/mouldking.store\/wp-content\/uploads\/2022\/08\/MOCBRICKLAND-MOC-116767-Self-Loading-Dice-Tower-v2-Dungeons-and-Dragons-4-768x768.jpg 768w, https:\/\/mouldking.store\/wp-content\/uploads\/2022\/08\/MOCBRICKLAND-MOC-116767-Self-Loading-Dice-Tower-v2-Dungeons-and-Dragons-4-600x600.jpg 600w, https:\/\/mouldking.store\/wp-content\/uploads\/2022\/08\/MOCBRICKLAND-MOC-116767-Self-Loading-Dice-Tower-v2-Dungeons-and-Dragons-4-150x150.jpg 150w, https:\/\/mouldking.store\/wp-content\/uploads\/2022\/08\/MOCBRICKLAND-MOC-116767-Self-Loading-Dice-Tower-v2-Dungeons-and-Dragons-4-60x60.jpg 60w, https:\/\/mouldking.store\/wp-content\/uploads\/2022\/08\/MOCBRICKLAND-MOC-116767-Self-Loading-Dice-Tower-v2-Dungeons-and-Dragons-4-90x90.jpg 90w\" sizes=\"(max-width: 800px) 100vw, 800px\" \/><figcaption id=\"caption-attachment-32208\" class=\"wp-caption-text\">MOC-116767 Selbstladender W\u00fcrfelturm v2-Dungeons and Dragons mit 316 Teilen<\/figcaption><\/figure>","protected":false},"excerpt":{"rendered":"<p>Product information: Brand: MOC Gender: Unisex Name: Self-Loading Dice Tower v2-Dungeons and Dragons Age Range: &gt; 6 years old Model Number: MOC-116767 &#8211; C9054 Classification: Assemblage Plastic Block Shape: Self-Locking Bricks Material: Plastic Plastic Type: ABS Bricks Blocks: 316 PCS Dimensions: 8 x 16 x 10 cm Weight: 0.39 kg Contains detailed assembly instructions. Notice: [&hellip;]<\/p>","protected":false},"featured_media":32207,"comment_status":"closed","ping_status":"closed","template":"","meta":{"_acf_changed":false},"product_cat":[371],"product_tag":[5768,5765,5764,5763,5767,5766],"class_list":["product","first","instock","shipping-taxable","purchasable","product-type-simple"],"acf":[],"_links":{"self":[{"href":"https:\/\/mouldking.store\/de\/wp-json\/wp\/v2\/product\/32206","targetHints":{"allow":["GET"]}}],"collection":[{"href":"https:\/\/mouldking.store\/de\/wp-json\/wp\/v2\/product"}],"about":[{"href":"https:\/\/mouldking.store\/de\/wp-json\/wp\/v2\/types\/product"}],"replies":[{"embeddable":true,"href":"https:\/\/mouldking.store\/de\/wp-json\/wp\/v2\/comments?post=32206"}],"wp:featuredmedia":[{"embeddable":true,"href":"https:\/\/mouldking.store\/de\/wp-json\/wp\/v2\/media\/32207"}],"wp:attachment":[{"href":"https:\/\/mouldking.store\/de\/wp-json\/wp\/v2\/media?parent=32206"}],"wp:term":[{"taxonomy":"product_cat","embeddable":true,"href":"https:\/\/mouldking.store\/de\/wp-json\/wp\/v2\/product_cat?post=32206"},{"taxonomy":"product_tag","embeddable":true,"href":"https:\/\/mouldking.store\/de\/wp-json\/wp\/v2\/product_tag?post=32206"}],"curies":[{"name":"wp","href":"https:\/\/api.w.org\/{rel}","templated":true}]}}