{"id":32229,"date":"2022-08-31T17:11:43","date_gmt":"2022-08-31T10:11:43","guid":{"rendered":"https:\/\/mouldking.store\/?post_type=product&#038;p=32229"},"modified":"2025-12-25T09:12:27","modified_gmt":"2025-12-25T02:12:27","slug":"moc-89590-runaway-mine-train-scorpion-express-with-990-pieces","status":"publish","type":"product","link":"https:\/\/mouldking.store\/de\/shop\/moc-89590-runaway-mine-train-scorpion-express-with-990-pieces\/","title":{"rendered":"MOC-89590 Runaway Mine Train Scorpion Express mit 990 Teilen"},"content":{"rendered":"<p>Produktinformation:<\/p>\n<ol>\n<li>Marke: MOC<\/li>\n<li>Geschlecht: Unisex<\/li>\n<li>Name: Runaway Mine Train Scorpion Express<\/li>\n<li>Altersspanne: &gt; 6 Jahre alt<\/li>\n<li>Model Number: MOC-89590 &#8211; C9012<\/li>\n<li>Einstufung: Assemblage<\/li>\n<li>Kunststoffblockform: Selbstsichernde Steine<\/li>\n<li>Material: Kunststoff<\/li>\n<li>Kunststofftyp: ABS<\/li>\n<li>Bricks Blocks: 990 PCS<\/li>\n<li>Dimensions: 16 x 9 x 12 cm<\/li>\n<li>Weight: 0.99 kg<\/li>\n<li>Enth\u00e4lt eine ausf\u00fchrliche Montageanleitung.<\/li>\n<\/ol>\n<p>Notiz:<br \/>\n1. Ohne Originalverpackung, aber wir garantieren, dass unsere Produkte eine Qualit\u00e4tssicherung und eine sch\u00f6ne Verpackung haben.<br \/>\n2. Wie alle Teile, die wir vor dem Versand \u00fcberpr\u00fcft haben, machen Sie sich keine Sorgen, wenn Sie feststellen, dass einige Teile fehlen oder besch\u00e4digt sind, und kontaktieren Sie uns einfach, und wir k\u00f6nnen sie Ihnen umgehend kostenlos erneut zusenden.<\/p>\n<figure id=\"attachment_32234\" aria-describedby=\"caption-attachment-32234\" style=\"width: 800px\" class=\"wp-caption aligncenter\"><img fetchpriority=\"high\" decoding=\"async\" class=\"wp-image-32234 size-full\" src=\"https:\/\/mouldking.store\/wp-content\/uploads\/2022\/08\/MOCBRICKLAND-MOC-89590.jpg\" alt=\"MOC-89590 Runaway Mine Train Scorpion Express with 990 Pieces\" width=\"800\" height=\"1430\" title=\"-\" srcset=\"https:\/\/mouldking.store\/wp-content\/uploads\/2022\/08\/MOCBRICKLAND-MOC-89590.jpg 800w, https:\/\/mouldking.store\/wp-content\/uploads\/2022\/08\/MOCBRICKLAND-MOC-89590-168x300.jpg 168w, https:\/\/mouldking.store\/wp-content\/uploads\/2022\/08\/MOCBRICKLAND-MOC-89590-573x1024.jpg 573w, https:\/\/mouldking.store\/wp-content\/uploads\/2022\/08\/MOCBRICKLAND-MOC-89590-768x1373.jpg 768w, https:\/\/mouldking.store\/wp-content\/uploads\/2022\/08\/MOCBRICKLAND-MOC-89590-300x536.jpg 300w, https:\/\/mouldking.store\/wp-content\/uploads\/2022\/08\/MOCBRICKLAND-MOC-89590-600x1073.jpg 600w, https:\/\/mouldking.store\/wp-content\/uploads\/2022\/08\/MOCBRICKLAND-MOC-89590-84x150.jpg 84w, https:\/\/mouldking.store\/wp-content\/uploads\/2022\/08\/MOCBRICKLAND-MOC-89590-34x60.jpg 34w, https:\/\/mouldking.store\/wp-content\/uploads\/2022\/08\/MOCBRICKLAND-MOC-89590-50x90.jpg 50w\" sizes=\"(max-width: 800px) 100vw, 800px\" \/><figcaption id=\"caption-attachment-32234\" class=\"wp-caption-text\">MOC-89590 Runaway Mine Train Scorpion Express mit 990 Teilen<\/figcaption><\/figure>\n<figure id=\"attachment_32240\" aria-describedby=\"caption-attachment-32240\" style=\"width: 800px\" class=\"wp-caption aligncenter\"><img decoding=\"async\" class=\"wp-image-32240 size-full\" src=\"https:\/\/mouldking.store\/wp-content\/uploads\/2022\/08\/MOCBRICKLAND-MOC-89590-Runaway-Mine-Train-Scorpion-Express-2.jpg\" alt=\"MOC-89590 Runaway Mine Train Scorpion Express with 990 Pieces\" width=\"800\" height=\"800\" title=\"-\" srcset=\"https:\/\/mouldking.store\/wp-content\/uploads\/2022\/08\/MOCBRICKLAND-MOC-89590-Runaway-Mine-Train-Scorpion-Express-2.jpg 800w, https:\/\/mouldking.store\/wp-content\/uploads\/2022\/08\/MOCBRICKLAND-MOC-89590-Runaway-Mine-Train-Scorpion-Express-2-300x300.jpg 300w, https:\/\/mouldking.store\/wp-content\/uploads\/2022\/08\/MOCBRICKLAND-MOC-89590-Runaway-Mine-Train-Scorpion-Express-2-768x768.jpg 768w, https:\/\/mouldking.store\/wp-content\/uploads\/2022\/08\/MOCBRICKLAND-MOC-89590-Runaway-Mine-Train-Scorpion-Express-2-600x600.jpg 600w, https:\/\/mouldking.store\/wp-content\/uploads\/2022\/08\/MOCBRICKLAND-MOC-89590-Runaway-Mine-Train-Scorpion-Express-2-150x150.jpg 150w, https:\/\/mouldking.store\/wp-content\/uploads\/2022\/08\/MOCBRICKLAND-MOC-89590-Runaway-Mine-Train-Scorpion-Express-2-60x60.jpg 60w, https:\/\/mouldking.store\/wp-content\/uploads\/2022\/08\/MOCBRICKLAND-MOC-89590-Runaway-Mine-Train-Scorpion-Express-2-90x90.jpg 90w\" sizes=\"(max-width: 800px) 100vw, 800px\" \/><figcaption id=\"caption-attachment-32240\" class=\"wp-caption-text\">MOC-89590 Runaway Mine Train Scorpion Express mit 990 Teilen<\/figcaption><\/figure>\n<figure id=\"attachment_32241\" aria-describedby=\"caption-attachment-32241\" style=\"width: 800px\" class=\"wp-caption aligncenter\"><img decoding=\"async\" class=\"wp-image-32241 size-full\" src=\"https:\/\/mouldking.store\/wp-content\/uploads\/2022\/08\/MOCBRICKLAND-MOC-89590-Runaway-Mine-Train-Scorpion-Express-10.jpg\" alt=\"MOC-89590 Runaway Mine Train Scorpion Express with 990 Pieces\" width=\"800\" height=\"800\" title=\"-\" srcset=\"https:\/\/mouldking.store\/wp-content\/uploads\/2022\/08\/MOCBRICKLAND-MOC-89590-Runaway-Mine-Train-Scorpion-Express-10.jpg 800w, https:\/\/mouldking.store\/wp-content\/uploads\/2022\/08\/MOCBRICKLAND-MOC-89590-Runaway-Mine-Train-Scorpion-Express-10-300x300.jpg 300w, https:\/\/mouldking.store\/wp-content\/uploads\/2022\/08\/MOCBRICKLAND-MOC-89590-Runaway-Mine-Train-Scorpion-Express-10-768x768.jpg 768w, https:\/\/mouldking.store\/wp-content\/uploads\/2022\/08\/MOCBRICKLAND-MOC-89590-Runaway-Mine-Train-Scorpion-Express-10-600x600.jpg 600w, https:\/\/mouldking.store\/wp-content\/uploads\/2022\/08\/MOCBRICKLAND-MOC-89590-Runaway-Mine-Train-Scorpion-Express-10-150x150.jpg 150w, https:\/\/mouldking.store\/wp-content\/uploads\/2022\/08\/MOCBRICKLAND-MOC-89590-Runaway-Mine-Train-Scorpion-Express-10-60x60.jpg 60w, https:\/\/mouldking.store\/wp-content\/uploads\/2022\/08\/MOCBRICKLAND-MOC-89590-Runaway-Mine-Train-Scorpion-Express-10-90x90.jpg 90w\" sizes=\"(max-width: 800px) 100vw, 800px\" \/><figcaption id=\"caption-attachment-32241\" class=\"wp-caption-text\">MOC-89590 Runaway Mine Train Scorpion Express mit 990 Teilen<\/figcaption><\/figure>\n<figure id=\"attachment_32235\" aria-describedby=\"caption-attachment-32235\" style=\"width: 800px\" class=\"wp-caption aligncenter\"><img loading=\"lazy\" decoding=\"async\" class=\"wp-image-32235 size-full\" src=\"https:\/\/mouldking.store\/wp-content\/uploads\/2022\/08\/MOCBRICKLAND-MOC-89590-Runaway-Mine-Train-Scorpion-Express-7.jpg\" alt=\"MOC-89590 Runaway Mine Train Scorpion Express with 990 Pieces\" width=\"800\" height=\"800\" title=\"-\" srcset=\"https:\/\/mouldking.store\/wp-content\/uploads\/2022\/08\/MOCBRICKLAND-MOC-89590-Runaway-Mine-Train-Scorpion-Express-7.jpg 800w, https:\/\/mouldking.store\/wp-content\/uploads\/2022\/08\/MOCBRICKLAND-MOC-89590-Runaway-Mine-Train-Scorpion-Express-7-300x300.jpg 300w, https:\/\/mouldking.store\/wp-content\/uploads\/2022\/08\/MOCBRICKLAND-MOC-89590-Runaway-Mine-Train-Scorpion-Express-7-768x768.jpg 768w, https:\/\/mouldking.store\/wp-content\/uploads\/2022\/08\/MOCBRICKLAND-MOC-89590-Runaway-Mine-Train-Scorpion-Express-7-600x600.jpg 600w, https:\/\/mouldking.store\/wp-content\/uploads\/2022\/08\/MOCBRICKLAND-MOC-89590-Runaway-Mine-Train-Scorpion-Express-7-150x150.jpg 150w, https:\/\/mouldking.store\/wp-content\/uploads\/2022\/08\/MOCBRICKLAND-MOC-89590-Runaway-Mine-Train-Scorpion-Express-7-60x60.jpg 60w, https:\/\/mouldking.store\/wp-content\/uploads\/2022\/08\/MOCBRICKLAND-MOC-89590-Runaway-Mine-Train-Scorpion-Express-7-90x90.jpg 90w\" sizes=\"(max-width: 800px) 100vw, 800px\" \/><figcaption id=\"caption-attachment-32235\" class=\"wp-caption-text\">MOC-89590 Runaway Mine Train Scorpion Express mit 990 Teilen<\/figcaption><\/figure>\n<figure id=\"attachment_32239\" aria-describedby=\"caption-attachment-32239\" style=\"width: 800px\" class=\"wp-caption aligncenter\"><img loading=\"lazy\" decoding=\"async\" class=\"wp-image-32239 size-full\" src=\"https:\/\/mouldking.store\/wp-content\/uploads\/2022\/08\/MOCBRICKLAND-MOC-89590-Runaway-Mine-Train-Scorpion-Express-9.jpg\" alt=\"MOC-89590 Runaway Mine Train Scorpion Express with 990 Pieces\" width=\"800\" height=\"800\" title=\"-\" srcset=\"https:\/\/mouldking.store\/wp-content\/uploads\/2022\/08\/MOCBRICKLAND-MOC-89590-Runaway-Mine-Train-Scorpion-Express-9.jpg 800w, https:\/\/mouldking.store\/wp-content\/uploads\/2022\/08\/MOCBRICKLAND-MOC-89590-Runaway-Mine-Train-Scorpion-Express-9-300x300.jpg 300w, https:\/\/mouldking.store\/wp-content\/uploads\/2022\/08\/MOCBRICKLAND-MOC-89590-Runaway-Mine-Train-Scorpion-Express-9-768x768.jpg 768w, https:\/\/mouldking.store\/wp-content\/uploads\/2022\/08\/MOCBRICKLAND-MOC-89590-Runaway-Mine-Train-Scorpion-Express-9-600x600.jpg 600w, https:\/\/mouldking.store\/wp-content\/uploads\/2022\/08\/MOCBRICKLAND-MOC-89590-Runaway-Mine-Train-Scorpion-Express-9-150x150.jpg 150w, https:\/\/mouldking.store\/wp-content\/uploads\/2022\/08\/MOCBRICKLAND-MOC-89590-Runaway-Mine-Train-Scorpion-Express-9-60x60.jpg 60w, https:\/\/mouldking.store\/wp-content\/uploads\/2022\/08\/MOCBRICKLAND-MOC-89590-Runaway-Mine-Train-Scorpion-Express-9-90x90.jpg 90w\" sizes=\"(max-width: 800px) 100vw, 800px\" \/><figcaption id=\"caption-attachment-32239\" class=\"wp-caption-text\">MOC-89590 Runaway Mine Train Scorpion Express mit 990 Teilen<\/figcaption><\/figure>\n<figure id=\"attachment_32232\" aria-describedby=\"caption-attachment-32232\" style=\"width: 800px\" class=\"wp-caption aligncenter\"><img loading=\"lazy\" decoding=\"async\" class=\"wp-image-32232 size-full\" src=\"https:\/\/mouldking.store\/wp-content\/uploads\/2022\/08\/MOCBRICKLAND-MOC-89590-Runaway-Mine-Train-Scorpion-Express-8.jpg\" alt=\"MOC-89590 Runaway Mine Train Scorpion Express with 990 Pieces\" width=\"800\" height=\"800\" title=\"-\" srcset=\"https:\/\/mouldking.store\/wp-content\/uploads\/2022\/08\/MOCBRICKLAND-MOC-89590-Runaway-Mine-Train-Scorpion-Express-8.jpg 800w, https:\/\/mouldking.store\/wp-content\/uploads\/2022\/08\/MOCBRICKLAND-MOC-89590-Runaway-Mine-Train-Scorpion-Express-8-300x300.jpg 300w, https:\/\/mouldking.store\/wp-content\/uploads\/2022\/08\/MOCBRICKLAND-MOC-89590-Runaway-Mine-Train-Scorpion-Express-8-768x768.jpg 768w, https:\/\/mouldking.store\/wp-content\/uploads\/2022\/08\/MOCBRICKLAND-MOC-89590-Runaway-Mine-Train-Scorpion-Express-8-600x600.jpg 600w, https:\/\/mouldking.store\/wp-content\/uploads\/2022\/08\/MOCBRICKLAND-MOC-89590-Runaway-Mine-Train-Scorpion-Express-8-150x150.jpg 150w, https:\/\/mouldking.store\/wp-content\/uploads\/2022\/08\/MOCBRICKLAND-MOC-89590-Runaway-Mine-Train-Scorpion-Express-8-60x60.jpg 60w, https:\/\/mouldking.store\/wp-content\/uploads\/2022\/08\/MOCBRICKLAND-MOC-89590-Runaway-Mine-Train-Scorpion-Express-8-90x90.jpg 90w\" sizes=\"(max-width: 800px) 100vw, 800px\" \/><figcaption id=\"caption-attachment-32232\" class=\"wp-caption-text\">MOC-89590 Runaway Mine Train Scorpion Express mit 990 Teilen<\/figcaption><\/figure>\n<figure id=\"attachment_32238\" aria-describedby=\"caption-attachment-32238\" style=\"width: 800px\" class=\"wp-caption aligncenter\"><img loading=\"lazy\" decoding=\"async\" class=\"wp-image-32238 size-full\" src=\"https:\/\/mouldking.store\/wp-content\/uploads\/2022\/08\/MOCBRICKLAND-MOC-89590-Runaway-Mine-Train-Scorpion-Express-11.jpg\" alt=\"MOC-89590 Runaway Mine Train Scorpion Express with 990 Pieces\" width=\"800\" height=\"800\" title=\"-\" srcset=\"https:\/\/mouldking.store\/wp-content\/uploads\/2022\/08\/MOCBRICKLAND-MOC-89590-Runaway-Mine-Train-Scorpion-Express-11.jpg 800w, https:\/\/mouldking.store\/wp-content\/uploads\/2022\/08\/MOCBRICKLAND-MOC-89590-Runaway-Mine-Train-Scorpion-Express-11-300x300.jpg 300w, https:\/\/mouldking.store\/wp-content\/uploads\/2022\/08\/MOCBRICKLAND-MOC-89590-Runaway-Mine-Train-Scorpion-Express-11-768x768.jpg 768w, https:\/\/mouldking.store\/wp-content\/uploads\/2022\/08\/MOCBRICKLAND-MOC-89590-Runaway-Mine-Train-Scorpion-Express-11-600x600.jpg 600w, https:\/\/mouldking.store\/wp-content\/uploads\/2022\/08\/MOCBRICKLAND-MOC-89590-Runaway-Mine-Train-Scorpion-Express-11-150x150.jpg 150w, https:\/\/mouldking.store\/wp-content\/uploads\/2022\/08\/MOCBRICKLAND-MOC-89590-Runaway-Mine-Train-Scorpion-Express-11-60x60.jpg 60w, https:\/\/mouldking.store\/wp-content\/uploads\/2022\/08\/MOCBRICKLAND-MOC-89590-Runaway-Mine-Train-Scorpion-Express-11-90x90.jpg 90w\" sizes=\"(max-width: 800px) 100vw, 800px\" \/><figcaption id=\"caption-attachment-32238\" class=\"wp-caption-text\">MOC-89590 Runaway Mine Train Scorpion Express mit 990 Teilen<\/figcaption><\/figure>\n<figure id=\"attachment_32231\" aria-describedby=\"caption-attachment-32231\" style=\"width: 800px\" class=\"wp-caption aligncenter\"><img loading=\"lazy\" decoding=\"async\" class=\"wp-image-32231 size-full\" src=\"https:\/\/mouldking.store\/wp-content\/uploads\/2022\/08\/MOCBRICKLAND-MOC-89590-Runaway-Mine-Train-Scorpion-Express-3.jpg\" alt=\"MOC-89590 Runaway Mine Train Scorpion Express with 990 Pieces\" width=\"800\" height=\"800\" title=\"-\" srcset=\"https:\/\/mouldking.store\/wp-content\/uploads\/2022\/08\/MOCBRICKLAND-MOC-89590-Runaway-Mine-Train-Scorpion-Express-3.jpg 800w, https:\/\/mouldking.store\/wp-content\/uploads\/2022\/08\/MOCBRICKLAND-MOC-89590-Runaway-Mine-Train-Scorpion-Express-3-300x300.jpg 300w, https:\/\/mouldking.store\/wp-content\/uploads\/2022\/08\/MOCBRICKLAND-MOC-89590-Runaway-Mine-Train-Scorpion-Express-3-768x768.jpg 768w, https:\/\/mouldking.store\/wp-content\/uploads\/2022\/08\/MOCBRICKLAND-MOC-89590-Runaway-Mine-Train-Scorpion-Express-3-600x600.jpg 600w, https:\/\/mouldking.store\/wp-content\/uploads\/2022\/08\/MOCBRICKLAND-MOC-89590-Runaway-Mine-Train-Scorpion-Express-3-150x150.jpg 150w, https:\/\/mouldking.store\/wp-content\/uploads\/2022\/08\/MOCBRICKLAND-MOC-89590-Runaway-Mine-Train-Scorpion-Express-3-60x60.jpg 60w, https:\/\/mouldking.store\/wp-content\/uploads\/2022\/08\/MOCBRICKLAND-MOC-89590-Runaway-Mine-Train-Scorpion-Express-3-90x90.jpg 90w\" sizes=\"(max-width: 800px) 100vw, 800px\" \/><figcaption id=\"caption-attachment-32231\" class=\"wp-caption-text\">MOC-89590 Runaway Mine Train Scorpion Express mit 990 Teilen<\/figcaption><\/figure>\n<figure id=\"attachment_32236\" aria-describedby=\"caption-attachment-32236\" style=\"width: 800px\" class=\"wp-caption aligncenter\"><img loading=\"lazy\" decoding=\"async\" class=\"wp-image-32236 size-full\" src=\"https:\/\/mouldking.store\/wp-content\/uploads\/2022\/08\/MOCBRICKLAND-MOC-89590-Runaway-Mine-Train-Scorpion-Express-5.jpg\" alt=\"MOC-89590 Runaway Mine Train Scorpion Express with 990 Pieces\" width=\"800\" height=\"800\" title=\"-\" srcset=\"https:\/\/mouldking.store\/wp-content\/uploads\/2022\/08\/MOCBRICKLAND-MOC-89590-Runaway-Mine-Train-Scorpion-Express-5.jpg 800w, https:\/\/mouldking.store\/wp-content\/uploads\/2022\/08\/MOCBRICKLAND-MOC-89590-Runaway-Mine-Train-Scorpion-Express-5-300x300.jpg 300w, https:\/\/mouldking.store\/wp-content\/uploads\/2022\/08\/MOCBRICKLAND-MOC-89590-Runaway-Mine-Train-Scorpion-Express-5-768x768.jpg 768w, https:\/\/mouldking.store\/wp-content\/uploads\/2022\/08\/MOCBRICKLAND-MOC-89590-Runaway-Mine-Train-Scorpion-Express-5-600x600.jpg 600w, https:\/\/mouldking.store\/wp-content\/uploads\/2022\/08\/MOCBRICKLAND-MOC-89590-Runaway-Mine-Train-Scorpion-Express-5-150x150.jpg 150w, https:\/\/mouldking.store\/wp-content\/uploads\/2022\/08\/MOCBRICKLAND-MOC-89590-Runaway-Mine-Train-Scorpion-Express-5-60x60.jpg 60w, https:\/\/mouldking.store\/wp-content\/uploads\/2022\/08\/MOCBRICKLAND-MOC-89590-Runaway-Mine-Train-Scorpion-Express-5-90x90.jpg 90w\" sizes=\"(max-width: 800px) 100vw, 800px\" \/><figcaption id=\"caption-attachment-32236\" class=\"wp-caption-text\">MOC-89590 Runaway Mine Train Scorpion Express mit 990 Teilen<\/figcaption><\/figure>\n<figure id=\"attachment_32237\" aria-describedby=\"caption-attachment-32237\" style=\"width: 800px\" class=\"wp-caption aligncenter\"><img loading=\"lazy\" decoding=\"async\" class=\"wp-image-32237 size-full\" src=\"https:\/\/mouldking.store\/wp-content\/uploads\/2022\/08\/MOCBRICKLAND-MOC-89590-Runaway-Mine-Train-Scorpion-Express-6.jpg\" alt=\"MOC-89590 Runaway Mine Train Scorpion Express with 990 Pieces\" width=\"800\" height=\"800\" title=\"-\" srcset=\"https:\/\/mouldking.store\/wp-content\/uploads\/2022\/08\/MOCBRICKLAND-MOC-89590-Runaway-Mine-Train-Scorpion-Express-6.jpg 800w, https:\/\/mouldking.store\/wp-content\/uploads\/2022\/08\/MOCBRICKLAND-MOC-89590-Runaway-Mine-Train-Scorpion-Express-6-300x300.jpg 300w, https:\/\/mouldking.store\/wp-content\/uploads\/2022\/08\/MOCBRICKLAND-MOC-89590-Runaway-Mine-Train-Scorpion-Express-6-768x768.jpg 768w, https:\/\/mouldking.store\/wp-content\/uploads\/2022\/08\/MOCBRICKLAND-MOC-89590-Runaway-Mine-Train-Scorpion-Express-6-600x600.jpg 600w, https:\/\/mouldking.store\/wp-content\/uploads\/2022\/08\/MOCBRICKLAND-MOC-89590-Runaway-Mine-Train-Scorpion-Express-6-150x150.jpg 150w, https:\/\/mouldking.store\/wp-content\/uploads\/2022\/08\/MOCBRICKLAND-MOC-89590-Runaway-Mine-Train-Scorpion-Express-6-60x60.jpg 60w, https:\/\/mouldking.store\/wp-content\/uploads\/2022\/08\/MOCBRICKLAND-MOC-89590-Runaway-Mine-Train-Scorpion-Express-6-90x90.jpg 90w\" sizes=\"(max-width: 800px) 100vw, 800px\" \/><figcaption id=\"caption-attachment-32237\" class=\"wp-caption-text\">MOC-89590 Runaway Mine Train Scorpion Express mit 990 Teilen<\/figcaption><\/figure>\n<figure id=\"attachment_32233\" aria-describedby=\"caption-attachment-32233\" style=\"width: 800px\" class=\"wp-caption aligncenter\"><img loading=\"lazy\" decoding=\"async\" class=\"wp-image-32233 size-full\" src=\"https:\/\/mouldking.store\/wp-content\/uploads\/2022\/08\/MOCBRICKLAND-MOC-89590-Runaway-Mine-Train-Scorpion-Express-4.jpg\" alt=\"MOC-89590 Runaway Mine Train Scorpion Express with 990 Pieces\" width=\"800\" height=\"800\" title=\"-\" srcset=\"https:\/\/mouldking.store\/wp-content\/uploads\/2022\/08\/MOCBRICKLAND-MOC-89590-Runaway-Mine-Train-Scorpion-Express-4.jpg 800w, https:\/\/mouldking.store\/wp-content\/uploads\/2022\/08\/MOCBRICKLAND-MOC-89590-Runaway-Mine-Train-Scorpion-Express-4-300x300.jpg 300w, https:\/\/mouldking.store\/wp-content\/uploads\/2022\/08\/MOCBRICKLAND-MOC-89590-Runaway-Mine-Train-Scorpion-Express-4-768x768.jpg 768w, https:\/\/mouldking.store\/wp-content\/uploads\/2022\/08\/MOCBRICKLAND-MOC-89590-Runaway-Mine-Train-Scorpion-Express-4-600x600.jpg 600w, https:\/\/mouldking.store\/wp-content\/uploads\/2022\/08\/MOCBRICKLAND-MOC-89590-Runaway-Mine-Train-Scorpion-Express-4-150x150.jpg 150w, https:\/\/mouldking.store\/wp-content\/uploads\/2022\/08\/MOCBRICKLAND-MOC-89590-Runaway-Mine-Train-Scorpion-Express-4-60x60.jpg 60w, https:\/\/mouldking.store\/wp-content\/uploads\/2022\/08\/MOCBRICKLAND-MOC-89590-Runaway-Mine-Train-Scorpion-Express-4-90x90.jpg 90w\" sizes=\"(max-width: 800px) 100vw, 800px\" \/><figcaption id=\"caption-attachment-32233\" class=\"wp-caption-text\">MOC-89590 Runaway Mine Train Scorpion Express mit 990 Teilen<\/figcaption><\/figure>\n<figure id=\"attachment_32230\" aria-describedby=\"caption-attachment-32230\" style=\"width: 800px\" class=\"wp-caption aligncenter\"><img loading=\"lazy\" decoding=\"async\" class=\"wp-image-32230 size-full\" src=\"https:\/\/mouldking.store\/wp-content\/uploads\/2022\/08\/MOCBRICKLAND-MOC-89590-Runaway-Mine-Train-Scorpion-Express-12.jpg\" alt=\"MOC-89590 Runaway Mine Train Scorpion Express with 990 Pieces\" width=\"800\" height=\"800\" title=\"-\" srcset=\"https:\/\/mouldking.store\/wp-content\/uploads\/2022\/08\/MOCBRICKLAND-MOC-89590-Runaway-Mine-Train-Scorpion-Express-12.jpg 800w, https:\/\/mouldking.store\/wp-content\/uploads\/2022\/08\/MOCBRICKLAND-MOC-89590-Runaway-Mine-Train-Scorpion-Express-12-300x300.jpg 300w, https:\/\/mouldking.store\/wp-content\/uploads\/2022\/08\/MOCBRICKLAND-MOC-89590-Runaway-Mine-Train-Scorpion-Express-12-768x768.jpg 768w, https:\/\/mouldking.store\/wp-content\/uploads\/2022\/08\/MOCBRICKLAND-MOC-89590-Runaway-Mine-Train-Scorpion-Express-12-600x600.jpg 600w, https:\/\/mouldking.store\/wp-content\/uploads\/2022\/08\/MOCBRICKLAND-MOC-89590-Runaway-Mine-Train-Scorpion-Express-12-150x150.jpg 150w, https:\/\/mouldking.store\/wp-content\/uploads\/2022\/08\/MOCBRICKLAND-MOC-89590-Runaway-Mine-Train-Scorpion-Express-12-60x60.jpg 60w, https:\/\/mouldking.store\/wp-content\/uploads\/2022\/08\/MOCBRICKLAND-MOC-89590-Runaway-Mine-Train-Scorpion-Express-12-90x90.jpg 90w\" sizes=\"(max-width: 800px) 100vw, 800px\" \/><figcaption id=\"caption-attachment-32230\" class=\"wp-caption-text\">MOC-89590 Runaway Mine Train Scorpion Express mit 990 Teilen<\/figcaption><\/figure>","protected":false},"excerpt":{"rendered":"<p>Product information: Brand: MOC Gender: Unisex Name: Runaway Mine Train Scorpion Express Age Range: &gt; 6 years old Model Number: MOC-89590 &#8211; C9012 Classification: Assemblage Plastic Block Shape: Self-Locking Bricks Material: Plastic Plastic Type: ABS Bricks Blocks: 990 PCS Dimensions: 16 x 9 x 12 cm Weight: 0.99 kg Contains detailed assembly instructions. Notice: 1. [&hellip;]<\/p>","protected":false},"featured_media":32240,"comment_status":"closed","ping_status":"closed","template":"","meta":{"_acf_changed":false},"product_cat":[364],"product_tag":[5794,5793,5792,5795],"class_list":["product","first","instock","shipping-taxable","purchasable","product-type-simple"],"acf":[],"_links":{"self":[{"href":"https:\/\/mouldking.store\/de\/wp-json\/wp\/v2\/product\/32229","targetHints":{"allow":["GET"]}}],"collection":[{"href":"https:\/\/mouldking.store\/de\/wp-json\/wp\/v2\/product"}],"about":[{"href":"https:\/\/mouldking.store\/de\/wp-json\/wp\/v2\/types\/product"}],"replies":[{"embeddable":true,"href":"https:\/\/mouldking.store\/de\/wp-json\/wp\/v2\/comments?post=32229"}],"wp:featuredmedia":[{"embeddable":true,"href":"https:\/\/mouldking.store\/de\/wp-json\/wp\/v2\/media\/32240"}],"wp:attachment":[{"href":"https:\/\/mouldking.store\/de\/wp-json\/wp\/v2\/media?parent=32229"}],"wp:term":[{"taxonomy":"product_cat","embeddable":true,"href":"https:\/\/mouldking.store\/de\/wp-json\/wp\/v2\/product_cat?post=32229"},{"taxonomy":"product_tag","embeddable":true,"href":"https:\/\/mouldking.store\/de\/wp-json\/wp\/v2\/product_tag?post=32229"}],"curies":[{"name":"wp","href":"https:\/\/api.w.org\/{rel}","templated":true}]}}