{"id":32247,"date":"2022-08-31T17:27:45","date_gmt":"2022-08-31T10:27:45","guid":{"rendered":"https:\/\/mouldking.store\/?post_type=product&#038;p=32247"},"modified":"2025-12-25T09:12:27","modified_gmt":"2025-12-25T02:12:27","slug":"moc-36920-star-wars-throne-of-the-sith-with-631-pieces","status":"publish","type":"product","link":"https:\/\/mouldking.store\/de\/shop\/moc-36920-star-wars-throne-of-the-sith-with-631-pieces\/","title":{"rendered":"MOC-36920 Star Wars Thron der Sith mit 631 Teilen"},"content":{"rendered":"<p>Produktinformation:<\/p>\n<ol>\n<li>Marke: MOC<\/li>\n<li>Geschlecht: Unisex<\/li>\n<li>Name: Star Wars Throne of the Sith<\/li>\n<li>Altersspanne: &gt; 6 Jahre alt<\/li>\n<li>Model Number: MOC-36920 &#8211; C5723<\/li>\n<li>Einstufung: Assemblage<\/li>\n<li>Kunststoffblockform: Selbstsichernde Steine<\/li>\n<li>Material: Kunststoff<\/li>\n<li>Kunststofftyp: ABS<\/li>\n<li>Bricks Blocks: 631 PCS<\/li>\n<li>Dimensions: 33.3 x 15.3 x 16.7 cm<\/li>\n<li>Gewicht: 0,46 kg<\/li>\n<li>Enth\u00e4lt eine ausf\u00fchrliche Montageanleitung.<\/li>\n<\/ol>\n<p>Notiz:<br \/>\n1. Ohne Originalverpackung, aber wir garantieren, dass unsere Produkte eine Qualit\u00e4tssicherung und eine sch\u00f6ne Verpackung haben.<br \/>\n2. Wie alle Teile, die wir vor dem Versand \u00fcberpr\u00fcft haben, machen Sie sich keine Sorgen, wenn Sie feststellen, dass einige Teile fehlen oder besch\u00e4digt sind, und kontaktieren Sie uns einfach, und wir k\u00f6nnen sie Ihnen umgehend kostenlos erneut zusenden.<\/p>\n<figure id=\"attachment_32255\" aria-describedby=\"caption-attachment-32255\" style=\"width: 800px\" class=\"wp-caption aligncenter\"><img fetchpriority=\"high\" decoding=\"async\" class=\"wp-image-32255 size-full\" src=\"https:\/\/mouldking.store\/wp-content\/uploads\/2022\/08\/MOCBRICKLAND-MOC-36920-Star-Wars-Throne-of-the-Sith-18.jpg\" alt=\"MOC-36920 Star Wars Throne of the Sith with 631 Pieces\" width=\"800\" height=\"800\" title=\"-\" srcset=\"https:\/\/mouldking.store\/wp-content\/uploads\/2022\/08\/MOCBRICKLAND-MOC-36920-Star-Wars-Throne-of-the-Sith-18.jpg 800w, https:\/\/mouldking.store\/wp-content\/uploads\/2022\/08\/MOCBRICKLAND-MOC-36920-Star-Wars-Throne-of-the-Sith-18-300x300.jpg 300w, https:\/\/mouldking.store\/wp-content\/uploads\/2022\/08\/MOCBRICKLAND-MOC-36920-Star-Wars-Throne-of-the-Sith-18-768x768.jpg 768w, https:\/\/mouldking.store\/wp-content\/uploads\/2022\/08\/MOCBRICKLAND-MOC-36920-Star-Wars-Throne-of-the-Sith-18-600x600.jpg 600w, https:\/\/mouldking.store\/wp-content\/uploads\/2022\/08\/MOCBRICKLAND-MOC-36920-Star-Wars-Throne-of-the-Sith-18-150x150.jpg 150w, https:\/\/mouldking.store\/wp-content\/uploads\/2022\/08\/MOCBRICKLAND-MOC-36920-Star-Wars-Throne-of-the-Sith-18-60x60.jpg 60w, https:\/\/mouldking.store\/wp-content\/uploads\/2022\/08\/MOCBRICKLAND-MOC-36920-Star-Wars-Throne-of-the-Sith-18-90x90.jpg 90w\" sizes=\"(max-width: 800px) 100vw, 800px\" \/><figcaption id=\"caption-attachment-32255\" class=\"wp-caption-text\">MOC-36920 Star Wars Thron der Sith mit 631 Teilen<\/figcaption><\/figure>\n<figure id=\"attachment_32256\" aria-describedby=\"caption-attachment-32256\" style=\"width: 800px\" class=\"wp-caption aligncenter\"><img decoding=\"async\" class=\"wp-image-32256 size-full\" src=\"https:\/\/mouldking.store\/wp-content\/uploads\/2022\/08\/MOCBRICKLAND-MOC-36920-Star-Wars-Throne-of-the-Sith-10.jpg\" alt=\"MOC-36920 Star Wars Throne of the Sith with 631 Pieces\" width=\"800\" height=\"800\" title=\"-\" srcset=\"https:\/\/mouldking.store\/wp-content\/uploads\/2022\/08\/MOCBRICKLAND-MOC-36920-Star-Wars-Throne-of-the-Sith-10.jpg 800w, https:\/\/mouldking.store\/wp-content\/uploads\/2022\/08\/MOCBRICKLAND-MOC-36920-Star-Wars-Throne-of-the-Sith-10-300x300.jpg 300w, https:\/\/mouldking.store\/wp-content\/uploads\/2022\/08\/MOCBRICKLAND-MOC-36920-Star-Wars-Throne-of-the-Sith-10-768x768.jpg 768w, https:\/\/mouldking.store\/wp-content\/uploads\/2022\/08\/MOCBRICKLAND-MOC-36920-Star-Wars-Throne-of-the-Sith-10-600x600.jpg 600w, https:\/\/mouldking.store\/wp-content\/uploads\/2022\/08\/MOCBRICKLAND-MOC-36920-Star-Wars-Throne-of-the-Sith-10-150x150.jpg 150w, https:\/\/mouldking.store\/wp-content\/uploads\/2022\/08\/MOCBRICKLAND-MOC-36920-Star-Wars-Throne-of-the-Sith-10-60x60.jpg 60w, https:\/\/mouldking.store\/wp-content\/uploads\/2022\/08\/MOCBRICKLAND-MOC-36920-Star-Wars-Throne-of-the-Sith-10-90x90.jpg 90w\" sizes=\"(max-width: 800px) 100vw, 800px\" \/><figcaption id=\"caption-attachment-32256\" class=\"wp-caption-text\">MOC-36920 Star Wars Thron der Sith mit 631 Teilen<\/figcaption><\/figure>\n<figure id=\"attachment_32252\" aria-describedby=\"caption-attachment-32252\" style=\"width: 800px\" class=\"wp-caption aligncenter\"><img decoding=\"async\" class=\"wp-image-32252 size-full\" src=\"https:\/\/mouldking.store\/wp-content\/uploads\/2022\/08\/MOCBRICKLAND-MOC-36920-Star-Wars-Throne-of-the-Sith-12.jpg\" alt=\"MOC-36920 Star Wars Throne of the Sith with 631 Pieces\" width=\"800\" height=\"800\" title=\"-\" srcset=\"https:\/\/mouldking.store\/wp-content\/uploads\/2022\/08\/MOCBRICKLAND-MOC-36920-Star-Wars-Throne-of-the-Sith-12.jpg 800w, https:\/\/mouldking.store\/wp-content\/uploads\/2022\/08\/MOCBRICKLAND-MOC-36920-Star-Wars-Throne-of-the-Sith-12-300x300.jpg 300w, https:\/\/mouldking.store\/wp-content\/uploads\/2022\/08\/MOCBRICKLAND-MOC-36920-Star-Wars-Throne-of-the-Sith-12-768x768.jpg 768w, https:\/\/mouldking.store\/wp-content\/uploads\/2022\/08\/MOCBRICKLAND-MOC-36920-Star-Wars-Throne-of-the-Sith-12-600x600.jpg 600w, https:\/\/mouldking.store\/wp-content\/uploads\/2022\/08\/MOCBRICKLAND-MOC-36920-Star-Wars-Throne-of-the-Sith-12-150x150.jpg 150w, https:\/\/mouldking.store\/wp-content\/uploads\/2022\/08\/MOCBRICKLAND-MOC-36920-Star-Wars-Throne-of-the-Sith-12-60x60.jpg 60w, https:\/\/mouldking.store\/wp-content\/uploads\/2022\/08\/MOCBRICKLAND-MOC-36920-Star-Wars-Throne-of-the-Sith-12-90x90.jpg 90w\" sizes=\"(max-width: 800px) 100vw, 800px\" \/><figcaption id=\"caption-attachment-32252\" class=\"wp-caption-text\">MOC-36920 Star Wars Thron der Sith mit 631 Teilen<\/figcaption><\/figure>\n<figure id=\"attachment_32251\" aria-describedby=\"caption-attachment-32251\" style=\"width: 800px\" class=\"wp-caption aligncenter\"><img loading=\"lazy\" decoding=\"async\" class=\"wp-image-32251 size-full\" src=\"https:\/\/mouldking.store\/wp-content\/uploads\/2022\/08\/MOCBRICKLAND-MOC-36920-Star-Wars-Throne-of-the-Sith-13.jpg\" alt=\"MOC-36920 Star Wars Throne of the Sith with 631 Pieces\" width=\"800\" height=\"800\" title=\"-\" srcset=\"https:\/\/mouldking.store\/wp-content\/uploads\/2022\/08\/MOCBRICKLAND-MOC-36920-Star-Wars-Throne-of-the-Sith-13.jpg 800w, https:\/\/mouldking.store\/wp-content\/uploads\/2022\/08\/MOCBRICKLAND-MOC-36920-Star-Wars-Throne-of-the-Sith-13-300x300.jpg 300w, https:\/\/mouldking.store\/wp-content\/uploads\/2022\/08\/MOCBRICKLAND-MOC-36920-Star-Wars-Throne-of-the-Sith-13-768x768.jpg 768w, https:\/\/mouldking.store\/wp-content\/uploads\/2022\/08\/MOCBRICKLAND-MOC-36920-Star-Wars-Throne-of-the-Sith-13-600x600.jpg 600w, https:\/\/mouldking.store\/wp-content\/uploads\/2022\/08\/MOCBRICKLAND-MOC-36920-Star-Wars-Throne-of-the-Sith-13-150x150.jpg 150w, https:\/\/mouldking.store\/wp-content\/uploads\/2022\/08\/MOCBRICKLAND-MOC-36920-Star-Wars-Throne-of-the-Sith-13-60x60.jpg 60w, https:\/\/mouldking.store\/wp-content\/uploads\/2022\/08\/MOCBRICKLAND-MOC-36920-Star-Wars-Throne-of-the-Sith-13-90x90.jpg 90w\" sizes=\"(max-width: 800px) 100vw, 800px\" \/><figcaption id=\"caption-attachment-32251\" class=\"wp-caption-text\">MOC-36920 Star Wars Thron der Sith mit 631 Teilen<\/figcaption><\/figure>\n<figure id=\"attachment_32254\" aria-describedby=\"caption-attachment-32254\" style=\"width: 800px\" class=\"wp-caption aligncenter\"><img loading=\"lazy\" decoding=\"async\" class=\"wp-image-32254 size-full\" src=\"https:\/\/mouldking.store\/wp-content\/uploads\/2022\/08\/MOCBRICKLAND-MOC-36920-Star-Wars-Throne-of-the-Sith-14.jpg\" alt=\"MOC-36920 Star Wars Throne of the Sith with 631 Pieces\" width=\"800\" height=\"800\" title=\"-\" srcset=\"https:\/\/mouldking.store\/wp-content\/uploads\/2022\/08\/MOCBRICKLAND-MOC-36920-Star-Wars-Throne-of-the-Sith-14.jpg 800w, https:\/\/mouldking.store\/wp-content\/uploads\/2022\/08\/MOCBRICKLAND-MOC-36920-Star-Wars-Throne-of-the-Sith-14-300x300.jpg 300w, https:\/\/mouldking.store\/wp-content\/uploads\/2022\/08\/MOCBRICKLAND-MOC-36920-Star-Wars-Throne-of-the-Sith-14-768x768.jpg 768w, https:\/\/mouldking.store\/wp-content\/uploads\/2022\/08\/MOCBRICKLAND-MOC-36920-Star-Wars-Throne-of-the-Sith-14-600x600.jpg 600w, https:\/\/mouldking.store\/wp-content\/uploads\/2022\/08\/MOCBRICKLAND-MOC-36920-Star-Wars-Throne-of-the-Sith-14-150x150.jpg 150w, https:\/\/mouldking.store\/wp-content\/uploads\/2022\/08\/MOCBRICKLAND-MOC-36920-Star-Wars-Throne-of-the-Sith-14-60x60.jpg 60w, https:\/\/mouldking.store\/wp-content\/uploads\/2022\/08\/MOCBRICKLAND-MOC-36920-Star-Wars-Throne-of-the-Sith-14-90x90.jpg 90w\" sizes=\"(max-width: 800px) 100vw, 800px\" \/><figcaption id=\"caption-attachment-32254\" class=\"wp-caption-text\">MOC-36920 Star Wars Thron der Sith mit 631 Teilen<\/figcaption><\/figure>\n<figure id=\"attachment_32248\" aria-describedby=\"caption-attachment-32248\" style=\"width: 800px\" class=\"wp-caption aligncenter\"><img loading=\"lazy\" decoding=\"async\" class=\"wp-image-32248 size-full\" src=\"https:\/\/mouldking.store\/wp-content\/uploads\/2022\/08\/MOCBRICKLAND-MOC-36920-Star-Wars-Throne-of-the-Sith-15.jpg\" alt=\"MOC-36920 Star Wars Throne of the Sith with 631 Pieces\" width=\"800\" height=\"800\" title=\"-\" srcset=\"https:\/\/mouldking.store\/wp-content\/uploads\/2022\/08\/MOCBRICKLAND-MOC-36920-Star-Wars-Throne-of-the-Sith-15.jpg 800w, https:\/\/mouldking.store\/wp-content\/uploads\/2022\/08\/MOCBRICKLAND-MOC-36920-Star-Wars-Throne-of-the-Sith-15-300x300.jpg 300w, https:\/\/mouldking.store\/wp-content\/uploads\/2022\/08\/MOCBRICKLAND-MOC-36920-Star-Wars-Throne-of-the-Sith-15-768x768.jpg 768w, https:\/\/mouldking.store\/wp-content\/uploads\/2022\/08\/MOCBRICKLAND-MOC-36920-Star-Wars-Throne-of-the-Sith-15-600x600.jpg 600w, https:\/\/mouldking.store\/wp-content\/uploads\/2022\/08\/MOCBRICKLAND-MOC-36920-Star-Wars-Throne-of-the-Sith-15-150x150.jpg 150w, https:\/\/mouldking.store\/wp-content\/uploads\/2022\/08\/MOCBRICKLAND-MOC-36920-Star-Wars-Throne-of-the-Sith-15-60x60.jpg 60w, https:\/\/mouldking.store\/wp-content\/uploads\/2022\/08\/MOCBRICKLAND-MOC-36920-Star-Wars-Throne-of-the-Sith-15-90x90.jpg 90w\" sizes=\"(max-width: 800px) 100vw, 800px\" \/><figcaption id=\"caption-attachment-32248\" class=\"wp-caption-text\">MOC-36920 Star Wars Thron der Sith mit 631 Teilen<\/figcaption><\/figure>\n<figure id=\"attachment_32249\" aria-describedby=\"caption-attachment-32249\" style=\"width: 800px\" class=\"wp-caption aligncenter\"><img loading=\"lazy\" decoding=\"async\" class=\"wp-image-32249 size-full\" src=\"https:\/\/mouldking.store\/wp-content\/uploads\/2022\/08\/MOCBRICKLAND-MOC-36920-Star-Wars-Throne-of-the-Sith-16.jpg\" alt=\"MOC-36920 Star Wars Throne of the Sith with 631 Pieces\" width=\"800\" height=\"800\" title=\"-\" srcset=\"https:\/\/mouldking.store\/wp-content\/uploads\/2022\/08\/MOCBRICKLAND-MOC-36920-Star-Wars-Throne-of-the-Sith-16.jpg 800w, https:\/\/mouldking.store\/wp-content\/uploads\/2022\/08\/MOCBRICKLAND-MOC-36920-Star-Wars-Throne-of-the-Sith-16-300x300.jpg 300w, https:\/\/mouldking.store\/wp-content\/uploads\/2022\/08\/MOCBRICKLAND-MOC-36920-Star-Wars-Throne-of-the-Sith-16-768x768.jpg 768w, https:\/\/mouldking.store\/wp-content\/uploads\/2022\/08\/MOCBRICKLAND-MOC-36920-Star-Wars-Throne-of-the-Sith-16-600x600.jpg 600w, https:\/\/mouldking.store\/wp-content\/uploads\/2022\/08\/MOCBRICKLAND-MOC-36920-Star-Wars-Throne-of-the-Sith-16-150x150.jpg 150w, https:\/\/mouldking.store\/wp-content\/uploads\/2022\/08\/MOCBRICKLAND-MOC-36920-Star-Wars-Throne-of-the-Sith-16-60x60.jpg 60w, https:\/\/mouldking.store\/wp-content\/uploads\/2022\/08\/MOCBRICKLAND-MOC-36920-Star-Wars-Throne-of-the-Sith-16-90x90.jpg 90w\" sizes=\"(max-width: 800px) 100vw, 800px\" \/><figcaption id=\"caption-attachment-32249\" class=\"wp-caption-text\">MOC-36920 Star Wars Thron der Sith mit 631 Teilen<\/figcaption><\/figure>\n<figure id=\"attachment_32250\" aria-describedby=\"caption-attachment-32250\" style=\"width: 800px\" class=\"wp-caption aligncenter\"><img loading=\"lazy\" decoding=\"async\" class=\"wp-image-32250 size-full\" src=\"https:\/\/mouldking.store\/wp-content\/uploads\/2022\/08\/MOCBRICKLAND-MOC-36920-Star-Wars-Throne-of-the-Sith-17.jpg\" alt=\"MOC-36920 Star Wars Throne of the Sith with 631 Pieces\" width=\"800\" height=\"800\" title=\"-\" srcset=\"https:\/\/mouldking.store\/wp-content\/uploads\/2022\/08\/MOCBRICKLAND-MOC-36920-Star-Wars-Throne-of-the-Sith-17.jpg 800w, https:\/\/mouldking.store\/wp-content\/uploads\/2022\/08\/MOCBRICKLAND-MOC-36920-Star-Wars-Throne-of-the-Sith-17-300x300.jpg 300w, https:\/\/mouldking.store\/wp-content\/uploads\/2022\/08\/MOCBRICKLAND-MOC-36920-Star-Wars-Throne-of-the-Sith-17-768x768.jpg 768w, https:\/\/mouldking.store\/wp-content\/uploads\/2022\/08\/MOCBRICKLAND-MOC-36920-Star-Wars-Throne-of-the-Sith-17-600x600.jpg 600w, https:\/\/mouldking.store\/wp-content\/uploads\/2022\/08\/MOCBRICKLAND-MOC-36920-Star-Wars-Throne-of-the-Sith-17-150x150.jpg 150w, https:\/\/mouldking.store\/wp-content\/uploads\/2022\/08\/MOCBRICKLAND-MOC-36920-Star-Wars-Throne-of-the-Sith-17-60x60.jpg 60w, https:\/\/mouldking.store\/wp-content\/uploads\/2022\/08\/MOCBRICKLAND-MOC-36920-Star-Wars-Throne-of-the-Sith-17-90x90.jpg 90w\" sizes=\"(max-width: 800px) 100vw, 800px\" \/><figcaption id=\"caption-attachment-32250\" class=\"wp-caption-text\">MOC-36920 Star Wars Thron der Sith mit 631 Teilen<\/figcaption><\/figure>\n<figure id=\"attachment_32253\" aria-describedby=\"caption-attachment-32253\" style=\"width: 800px\" class=\"wp-caption aligncenter\"><img loading=\"lazy\" decoding=\"async\" class=\"wp-image-32253 size-full\" src=\"https:\/\/mouldking.store\/wp-content\/uploads\/2022\/08\/MOCBRICKLAND-MOC-36920-Star-Wars-Throne-of-the-Sith-11.jpg\" alt=\"MOC-36920 Star Wars Throne of the Sith with 631 Pieces\" width=\"800\" height=\"800\" title=\"-\" srcset=\"https:\/\/mouldking.store\/wp-content\/uploads\/2022\/08\/MOCBRICKLAND-MOC-36920-Star-Wars-Throne-of-the-Sith-11.jpg 800w, https:\/\/mouldking.store\/wp-content\/uploads\/2022\/08\/MOCBRICKLAND-MOC-36920-Star-Wars-Throne-of-the-Sith-11-300x300.jpg 300w, https:\/\/mouldking.store\/wp-content\/uploads\/2022\/08\/MOCBRICKLAND-MOC-36920-Star-Wars-Throne-of-the-Sith-11-768x768.jpg 768w, https:\/\/mouldking.store\/wp-content\/uploads\/2022\/08\/MOCBRICKLAND-MOC-36920-Star-Wars-Throne-of-the-Sith-11-600x600.jpg 600w, https:\/\/mouldking.store\/wp-content\/uploads\/2022\/08\/MOCBRICKLAND-MOC-36920-Star-Wars-Throne-of-the-Sith-11-150x150.jpg 150w, https:\/\/mouldking.store\/wp-content\/uploads\/2022\/08\/MOCBRICKLAND-MOC-36920-Star-Wars-Throne-of-the-Sith-11-60x60.jpg 60w, https:\/\/mouldking.store\/wp-content\/uploads\/2022\/08\/MOCBRICKLAND-MOC-36920-Star-Wars-Throne-of-the-Sith-11-90x90.jpg 90w\" sizes=\"(max-width: 800px) 100vw, 800px\" \/><figcaption id=\"caption-attachment-32253\" class=\"wp-caption-text\">MOC-36920 Star Wars Thron der Sith mit 631 Teilen<\/figcaption><\/figure>","protected":false},"excerpt":{"rendered":"<p>Produktinformationen: Marke: MOC Geschlecht: Unisex Name: Star Wars Thron der Sith Altersgruppe: &gt; 6 Jahre Modellnummer: MOC-36920 \u2013 C5723 Klassifizierung: Assemblage Plastic Block Form: Selbstsichernde Steine Material: Kunststoff Kunststofftyp: ABS Bausteine: 631 St\u00fcck Abmessungen: 33,3 x 15,3 x 16,7 cm Gewicht: 0,46 kg Enth\u00e4lt eine ausf\u00fchrliche Aufbauanleitung. Notiz: [\u2026]<\/p>","protected":false},"featured_media":32255,"comment_status":"closed","ping_status":"closed","template":"","meta":{"_acf_changed":false},"product_cat":[415],"product_tag":[5802,5801,5800,436,5803],"class_list":["product","first","instock","shipping-taxable","purchasable","product-type-simple"],"acf":[],"_links":{"self":[{"href":"https:\/\/mouldking.store\/de\/wp-json\/wp\/v2\/product\/32247","targetHints":{"allow":["GET"]}}],"collection":[{"href":"https:\/\/mouldking.store\/de\/wp-json\/wp\/v2\/product"}],"about":[{"href":"https:\/\/mouldking.store\/de\/wp-json\/wp\/v2\/types\/product"}],"replies":[{"embeddable":true,"href":"https:\/\/mouldking.store\/de\/wp-json\/wp\/v2\/comments?post=32247"}],"wp:featuredmedia":[{"embeddable":true,"href":"https:\/\/mouldking.store\/de\/wp-json\/wp\/v2\/media\/32255"}],"wp:attachment":[{"href":"https:\/\/mouldking.store\/de\/wp-json\/wp\/v2\/media?parent=32247"}],"wp:term":[{"taxonomy":"product_cat","embeddable":true,"href":"https:\/\/mouldking.store\/de\/wp-json\/wp\/v2\/product_cat?post=32247"},{"taxonomy":"product_tag","embeddable":true,"href":"https:\/\/mouldking.store\/de\/wp-json\/wp\/v2\/product_tag?post=32247"}],"curies":[{"name":"wp","href":"https:\/\/api.w.org\/{rel}","templated":true}]}}