{"id":32275,"date":"2022-08-31T17:53:02","date_gmt":"2022-08-31T10:53:02","guid":{"rendered":"https:\/\/mouldking.store\/?post_type=product&#038;p=32275"},"modified":"2025-12-25T09:12:27","modified_gmt":"2025-12-25T02:12:27","slug":"moc-89589-star-wars-j-1-proton-cannon-with-923-pieces","status":"publish","type":"product","link":"https:\/\/mouldking.store\/de\/shop\/moc-89589-star-wars-j-1-proton-cannon-with-923-pieces\/","title":{"rendered":"MOC-89589 Star Wars J-1 Protonenkanone mit 923 Teilen"},"content":{"rendered":"<p>Produktinformation:<\/p>\n<ol>\n<li>Marke: MOC<\/li>\n<li>Geschlecht: Unisex<\/li>\n<li>Name: Star Wars J-1 Protonenkanone<\/li>\n<li>Altersspanne: &gt; 6 Jahre alt<\/li>\n<li>Modellnummer: MOC-89589 \u2013 C7956<\/li>\n<li>Einstufung: Assemblage<\/li>\n<li>Kunststoffblockform: Selbstsichernde Steine<\/li>\n<li>Material: Kunststoff<\/li>\n<li>Kunststofftyp: ABS<\/li>\n<li>Ziegelsteine: 923 ST\u00dcCKE<\/li>\n<li>Ma\u00dfe: 35 x 32 x 16 cm<\/li>\n<li>Gewicht: 0,52 kg<\/li>\n<li>Enth\u00e4lt eine ausf\u00fchrliche Montageanleitung.<\/li>\n<\/ol>\n<p>Notiz:<br \/>\n1. Ohne Originalverpackung, aber wir garantieren, dass unsere Produkte eine Qualit\u00e4tssicherung und eine sch\u00f6ne Verpackung haben.<br \/>\n2. Wie alle Teile, die wir vor dem Versand \u00fcberpr\u00fcft haben, machen Sie sich keine Sorgen, wenn Sie feststellen, dass einige Teile fehlen oder besch\u00e4digt sind, und kontaktieren Sie uns einfach, und wir k\u00f6nnen sie Ihnen umgehend kostenlos erneut zusenden.<\/p>\n<figure id=\"attachment_32279\" aria-describedby=\"caption-attachment-32279\" style=\"width: 800px\" class=\"wp-caption aligncenter\"><img fetchpriority=\"high\" decoding=\"async\" class=\"wp-image-32279 size-full\" src=\"https:\/\/mouldking.store\/wp-content\/uploads\/2022\/08\/MOCBRICKLAND-MOC-89589-Star-Wars-J-1-Proton-Cannon-2.jpg\" alt=\"MOC-89589 Star Wars J-1 Proton Cannon with 923 Pieces\" width=\"800\" height=\"800\" title=\"-\" srcset=\"https:\/\/mouldking.store\/wp-content\/uploads\/2022\/08\/MOCBRICKLAND-MOC-89589-Star-Wars-J-1-Proton-Cannon-2.jpg 800w, https:\/\/mouldking.store\/wp-content\/uploads\/2022\/08\/MOCBRICKLAND-MOC-89589-Star-Wars-J-1-Proton-Cannon-2-300x300.jpg 300w, https:\/\/mouldking.store\/wp-content\/uploads\/2022\/08\/MOCBRICKLAND-MOC-89589-Star-Wars-J-1-Proton-Cannon-2-768x768.jpg 768w, https:\/\/mouldking.store\/wp-content\/uploads\/2022\/08\/MOCBRICKLAND-MOC-89589-Star-Wars-J-1-Proton-Cannon-2-600x600.jpg 600w, https:\/\/mouldking.store\/wp-content\/uploads\/2022\/08\/MOCBRICKLAND-MOC-89589-Star-Wars-J-1-Proton-Cannon-2-150x150.jpg 150w, https:\/\/mouldking.store\/wp-content\/uploads\/2022\/08\/MOCBRICKLAND-MOC-89589-Star-Wars-J-1-Proton-Cannon-2-60x60.jpg 60w, https:\/\/mouldking.store\/wp-content\/uploads\/2022\/08\/MOCBRICKLAND-MOC-89589-Star-Wars-J-1-Proton-Cannon-2-90x90.jpg 90w\" sizes=\"(max-width: 800px) 100vw, 800px\" \/><figcaption id=\"caption-attachment-32279\" class=\"wp-caption-text\">MOC-89589 Star Wars J-1 Protonenkanone mit 923 Teilen<\/figcaption><\/figure>\n<figure id=\"attachment_32280\" aria-describedby=\"caption-attachment-32280\" style=\"width: 800px\" class=\"wp-caption aligncenter\"><img decoding=\"async\" class=\"wp-image-32280 size-full\" src=\"https:\/\/mouldking.store\/wp-content\/uploads\/2022\/08\/MOCBRICKLAND-MOC-89589-Star-Wars-J-1-Proton-Cannon-3.jpg\" alt=\"MOC-89589 Star Wars J-1 Proton Cannon with 923 Pieces\" width=\"800\" height=\"800\" title=\"-\" srcset=\"https:\/\/mouldking.store\/wp-content\/uploads\/2022\/08\/MOCBRICKLAND-MOC-89589-Star-Wars-J-1-Proton-Cannon-3.jpg 800w, https:\/\/mouldking.store\/wp-content\/uploads\/2022\/08\/MOCBRICKLAND-MOC-89589-Star-Wars-J-1-Proton-Cannon-3-300x300.jpg 300w, https:\/\/mouldking.store\/wp-content\/uploads\/2022\/08\/MOCBRICKLAND-MOC-89589-Star-Wars-J-1-Proton-Cannon-3-768x768.jpg 768w, https:\/\/mouldking.store\/wp-content\/uploads\/2022\/08\/MOCBRICKLAND-MOC-89589-Star-Wars-J-1-Proton-Cannon-3-600x600.jpg 600w, https:\/\/mouldking.store\/wp-content\/uploads\/2022\/08\/MOCBRICKLAND-MOC-89589-Star-Wars-J-1-Proton-Cannon-3-150x150.jpg 150w, https:\/\/mouldking.store\/wp-content\/uploads\/2022\/08\/MOCBRICKLAND-MOC-89589-Star-Wars-J-1-Proton-Cannon-3-60x60.jpg 60w, https:\/\/mouldking.store\/wp-content\/uploads\/2022\/08\/MOCBRICKLAND-MOC-89589-Star-Wars-J-1-Proton-Cannon-3-90x90.jpg 90w\" sizes=\"(max-width: 800px) 100vw, 800px\" \/><figcaption id=\"caption-attachment-32280\" class=\"wp-caption-text\">MOC-89589 Star Wars J-1 Protonenkanone mit 923 Teilen<\/figcaption><\/figure>\n<figure id=\"attachment_32277\" aria-describedby=\"caption-attachment-32277\" style=\"width: 800px\" class=\"wp-caption aligncenter\"><img decoding=\"async\" class=\"wp-image-32277 size-full\" src=\"https:\/\/mouldking.store\/wp-content\/uploads\/2022\/08\/MOCBRICKLAND-MOC-89589-Star-Wars-J-1-Proton-Cannon-4.jpg\" alt=\"MOC-89589 Star Wars J-1 Proton Cannon with 923 Pieces\" width=\"800\" height=\"800\" title=\"-\" srcset=\"https:\/\/mouldking.store\/wp-content\/uploads\/2022\/08\/MOCBRICKLAND-MOC-89589-Star-Wars-J-1-Proton-Cannon-4.jpg 800w, https:\/\/mouldking.store\/wp-content\/uploads\/2022\/08\/MOCBRICKLAND-MOC-89589-Star-Wars-J-1-Proton-Cannon-4-300x300.jpg 300w, https:\/\/mouldking.store\/wp-content\/uploads\/2022\/08\/MOCBRICKLAND-MOC-89589-Star-Wars-J-1-Proton-Cannon-4-768x768.jpg 768w, https:\/\/mouldking.store\/wp-content\/uploads\/2022\/08\/MOCBRICKLAND-MOC-89589-Star-Wars-J-1-Proton-Cannon-4-600x600.jpg 600w, https:\/\/mouldking.store\/wp-content\/uploads\/2022\/08\/MOCBRICKLAND-MOC-89589-Star-Wars-J-1-Proton-Cannon-4-150x150.jpg 150w, https:\/\/mouldking.store\/wp-content\/uploads\/2022\/08\/MOCBRICKLAND-MOC-89589-Star-Wars-J-1-Proton-Cannon-4-60x60.jpg 60w, https:\/\/mouldking.store\/wp-content\/uploads\/2022\/08\/MOCBRICKLAND-MOC-89589-Star-Wars-J-1-Proton-Cannon-4-90x90.jpg 90w\" sizes=\"(max-width: 800px) 100vw, 800px\" \/><figcaption id=\"caption-attachment-32277\" class=\"wp-caption-text\">MOC-89589 Star Wars J-1 Protonenkanone mit 923 Teilen<\/figcaption><\/figure>\n<figure id=\"attachment_32278\" aria-describedby=\"caption-attachment-32278\" style=\"width: 800px\" class=\"wp-caption aligncenter\"><img loading=\"lazy\" decoding=\"async\" class=\"wp-image-32278 size-full\" src=\"https:\/\/mouldking.store\/wp-content\/uploads\/2022\/08\/MOCBRICKLAND-MOC-89589-Star-Wars-J-1-Proton-Cannon-1.jpg\" alt=\"MOC-89589 Star Wars J-1 Proton Cannon with 923 Pieces\" width=\"800\" height=\"1159\" title=\"-\" srcset=\"https:\/\/mouldking.store\/wp-content\/uploads\/2022\/08\/MOCBRICKLAND-MOC-89589-Star-Wars-J-1-Proton-Cannon-1.jpg 800w, https:\/\/mouldking.store\/wp-content\/uploads\/2022\/08\/MOCBRICKLAND-MOC-89589-Star-Wars-J-1-Proton-Cannon-1-207x300.jpg 207w, https:\/\/mouldking.store\/wp-content\/uploads\/2022\/08\/MOCBRICKLAND-MOC-89589-Star-Wars-J-1-Proton-Cannon-1-707x1024.jpg 707w, https:\/\/mouldking.store\/wp-content\/uploads\/2022\/08\/MOCBRICKLAND-MOC-89589-Star-Wars-J-1-Proton-Cannon-1-768x1113.jpg 768w, https:\/\/mouldking.store\/wp-content\/uploads\/2022\/08\/MOCBRICKLAND-MOC-89589-Star-Wars-J-1-Proton-Cannon-1-300x435.jpg 300w, https:\/\/mouldking.store\/wp-content\/uploads\/2022\/08\/MOCBRICKLAND-MOC-89589-Star-Wars-J-1-Proton-Cannon-1-600x869.jpg 600w, https:\/\/mouldking.store\/wp-content\/uploads\/2022\/08\/MOCBRICKLAND-MOC-89589-Star-Wars-J-1-Proton-Cannon-1-104x150.jpg 104w, https:\/\/mouldking.store\/wp-content\/uploads\/2022\/08\/MOCBRICKLAND-MOC-89589-Star-Wars-J-1-Proton-Cannon-1-41x60.jpg 41w, https:\/\/mouldking.store\/wp-content\/uploads\/2022\/08\/MOCBRICKLAND-MOC-89589-Star-Wars-J-1-Proton-Cannon-1-62x90.jpg 62w\" sizes=\"(max-width: 800px) 100vw, 800px\" \/><figcaption id=\"caption-attachment-32278\" class=\"wp-caption-text\">MOC-89589 Star Wars J-1 Protonenkanone mit 923 Teilen<\/figcaption><\/figure>\n<figure id=\"attachment_32276\" aria-describedby=\"caption-attachment-32276\" style=\"width: 800px\" class=\"wp-caption aligncenter\"><img loading=\"lazy\" decoding=\"async\" class=\"wp-image-32276 size-full\" src=\"https:\/\/mouldking.store\/wp-content\/uploads\/2022\/08\/MOCBRICKLAND-MOC-89589-Star-Wars-J-1-Proton-Cannon-5.jpg\" alt=\"MOC-89589 Star Wars J-1 Proton Cannon with 923 Pieces\" width=\"800\" height=\"800\" title=\"-\" srcset=\"https:\/\/mouldking.store\/wp-content\/uploads\/2022\/08\/MOCBRICKLAND-MOC-89589-Star-Wars-J-1-Proton-Cannon-5.jpg 800w, https:\/\/mouldking.store\/wp-content\/uploads\/2022\/08\/MOCBRICKLAND-MOC-89589-Star-Wars-J-1-Proton-Cannon-5-300x300.jpg 300w, https:\/\/mouldking.store\/wp-content\/uploads\/2022\/08\/MOCBRICKLAND-MOC-89589-Star-Wars-J-1-Proton-Cannon-5-768x768.jpg 768w, https:\/\/mouldking.store\/wp-content\/uploads\/2022\/08\/MOCBRICKLAND-MOC-89589-Star-Wars-J-1-Proton-Cannon-5-600x600.jpg 600w, https:\/\/mouldking.store\/wp-content\/uploads\/2022\/08\/MOCBRICKLAND-MOC-89589-Star-Wars-J-1-Proton-Cannon-5-150x150.jpg 150w, https:\/\/mouldking.store\/wp-content\/uploads\/2022\/08\/MOCBRICKLAND-MOC-89589-Star-Wars-J-1-Proton-Cannon-5-60x60.jpg 60w, https:\/\/mouldking.store\/wp-content\/uploads\/2022\/08\/MOCBRICKLAND-MOC-89589-Star-Wars-J-1-Proton-Cannon-5-90x90.jpg 90w\" sizes=\"(max-width: 800px) 100vw, 800px\" \/><figcaption id=\"caption-attachment-32276\" class=\"wp-caption-text\">MOC-89589 Star Wars J-1 Protonenkanone mit 923 Teilen<\/figcaption><\/figure>","protected":false},"excerpt":{"rendered":"<p>Produktinformationen: Marke: MOC Geschlecht: Unisex Name: Star Wars J-1 Protonenkanone Altersgruppe: &gt; 6 Jahre Modellnummer: MOC-89589 \u2013 C7956 Klassifizierung: Assemblage Kunststoffblockform: Selbstsichernde Steine Material: Kunststoff Kunststofftyp: ABS Bricks Blocks: 923 PCS Abmessungen: 35 x 32 x 16 cm Gewicht: 0,52 kg Enth\u00e4lt eine ausf\u00fchrliche Montageanleitung. Hinweis: 1. [\u2026]<\/p>","protected":false},"featured_media":32279,"comment_status":"closed","ping_status":"closed","template":"","meta":{"_acf_changed":false},"product_cat":[415],"product_tag":[5822,5821,5820,436],"class_list":["product","first","instock","shipping-taxable","purchasable","product-type-simple"],"acf":[],"_links":{"self":[{"href":"https:\/\/mouldking.store\/de\/wp-json\/wp\/v2\/product\/32275","targetHints":{"allow":["GET"]}}],"collection":[{"href":"https:\/\/mouldking.store\/de\/wp-json\/wp\/v2\/product"}],"about":[{"href":"https:\/\/mouldking.store\/de\/wp-json\/wp\/v2\/types\/product"}],"replies":[{"embeddable":true,"href":"https:\/\/mouldking.store\/de\/wp-json\/wp\/v2\/comments?post=32275"}],"wp:featuredmedia":[{"embeddable":true,"href":"https:\/\/mouldking.store\/de\/wp-json\/wp\/v2\/media\/32279"}],"wp:attachment":[{"href":"https:\/\/mouldking.store\/de\/wp-json\/wp\/v2\/media?parent=32275"}],"wp:term":[{"taxonomy":"product_cat","embeddable":true,"href":"https:\/\/mouldking.store\/de\/wp-json\/wp\/v2\/product_cat?post=32275"},{"taxonomy":"product_tag","embeddable":true,"href":"https:\/\/mouldking.store\/de\/wp-json\/wp\/v2\/product_tag?post=32275"}],"curies":[{"name":"wp","href":"https:\/\/api.w.org\/{rel}","templated":true}]}}