{"id":32329,"date":"2022-09-14T09:56:00","date_gmt":"2022-09-14T02:56:00","guid":{"rendered":"https:\/\/mouldking.store\/?post_type=product&#038;p=32329"},"modified":"2022-09-14T09:56:00","modified_gmt":"2022-09-14T02:56:00","slug":"mould-king-21011-ucs-command-shuttle-upsilon-shuttle-with-6860-pieces","status":"publish","type":"product","link":"https:\/\/mouldking.store\/de\/shop\/mould-king-21011-ucs-command-shuttle-upsilon-shuttle-with-6860-pieces\/","title":{"rendered":"Mould King 21011 UCS Command Shuttle (Ypsilon Shuttle) mit 6860 St\u00fcck"},"content":{"rendered":"<p>Produktinformation:<\/p>\n<ol>\n<li>Marke: Mould King<\/li>\n<li>Geschlecht: Unisex<\/li>\n<li>Name: UCS-Kommando-Shuttle (Ypsilon-Shuttle)<\/li>\n<li>Altersspanne: &gt; 6 Jahre alt<\/li>\n<li>Modellnummer: 21011<\/li>\n<li>Einstufung: Assemblage<\/li>\n<li>Kunststoffblockform: Selbstsichernde Steine<\/li>\n<li>Material: Kunststoff<\/li>\n<li>Kunststofftyp: ABS<\/li>\n<li>Ziegelsteine: 6860 PCS<\/li>\n<li>Gr\u00f6\u00dfe: 46,8 \u00d7 39,9 \u00d7 83,4 cm<\/li>\n<li>Enth\u00e4lt eine ausf\u00fchrliche Montageanleitung.<\/li>\n<\/ol>\n<p>Notiz:<br \/>\n1. Ohne Originalverpackung, aber wir garantieren, dass unsere Produkte eine Qualit\u00e4tssicherung und eine sch\u00f6ne Verpackung haben.<br \/>\n2. Wie alle Teile, die wir vor dem Versand \u00fcberpr\u00fcft haben, machen Sie sich keine Sorgen, wenn Sie feststellen, dass einige Teile fehlen oder besch\u00e4digt sind, und kontaktieren Sie uns einfach, und wir k\u00f6nnen sie Ihnen umgehend kostenlos erneut zusenden.<\/p>\n<p>&nbsp;<\/p>\n<figure id=\"attachment_32330\" aria-describedby=\"caption-attachment-32330\" style=\"width: 800px\" class=\"wp-caption aligncenter\"><img fetchpriority=\"high\" decoding=\"async\" class=\"wp-image-32330 size-full\" src=\"https:\/\/mouldking.store\/wp-content\/uploads\/2022\/09\/Star-Wars-Mould-King-21011-UCS-Command-Shuttle-Upsilon-Shuttle-1.jpg\" alt=\"Mould King 21011 UCS Command Shuttle (Upsilon Shuttle) with 6860 Pieces\" width=\"800\" height=\"800\" title=\"-\" srcset=\"https:\/\/mouldking.store\/wp-content\/uploads\/2022\/09\/Star-Wars-Mould-King-21011-UCS-Command-Shuttle-Upsilon-Shuttle-1.jpg 800w, https:\/\/mouldking.store\/wp-content\/uploads\/2022\/09\/Star-Wars-Mould-King-21011-UCS-Command-Shuttle-Upsilon-Shuttle-1-300x300.jpg 300w, https:\/\/mouldking.store\/wp-content\/uploads\/2022\/09\/Star-Wars-Mould-King-21011-UCS-Command-Shuttle-Upsilon-Shuttle-1-768x768.jpg 768w, https:\/\/mouldking.store\/wp-content\/uploads\/2022\/09\/Star-Wars-Mould-King-21011-UCS-Command-Shuttle-Upsilon-Shuttle-1-600x600.jpg 600w, https:\/\/mouldking.store\/wp-content\/uploads\/2022\/09\/Star-Wars-Mould-King-21011-UCS-Command-Shuttle-Upsilon-Shuttle-1-150x150.jpg 150w, https:\/\/mouldking.store\/wp-content\/uploads\/2022\/09\/Star-Wars-Mould-King-21011-UCS-Command-Shuttle-Upsilon-Shuttle-1-60x60.jpg 60w, https:\/\/mouldking.store\/wp-content\/uploads\/2022\/09\/Star-Wars-Mould-King-21011-UCS-Command-Shuttle-Upsilon-Shuttle-1-90x90.jpg 90w\" sizes=\"(max-width: 800px) 100vw, 800px\" \/><figcaption id=\"caption-attachment-32330\" class=\"wp-caption-text\">Mould King 21011 UCS Command Shuttle (Ypsilon Shuttle) mit 6860 St\u00fcck<\/figcaption><\/figure>\n<figure id=\"attachment_32334\" aria-describedby=\"caption-attachment-32334\" style=\"width: 800px\" class=\"wp-caption aligncenter\"><img decoding=\"async\" class=\"wp-image-32334 size-full\" src=\"https:\/\/mouldking.store\/wp-content\/uploads\/2022\/09\/Star-Wars-Mould-King-21011-UCS-Command-Shuttle-Upsilon-Shuttle-5.jpg\" alt=\"Mould King 21011 UCS Command Shuttle (Upsilon Shuttle) with 6860 Pieces\" width=\"800\" height=\"800\" title=\"-\" srcset=\"https:\/\/mouldking.store\/wp-content\/uploads\/2022\/09\/Star-Wars-Mould-King-21011-UCS-Command-Shuttle-Upsilon-Shuttle-5.jpg 800w, https:\/\/mouldking.store\/wp-content\/uploads\/2022\/09\/Star-Wars-Mould-King-21011-UCS-Command-Shuttle-Upsilon-Shuttle-5-300x300.jpg 300w, https:\/\/mouldking.store\/wp-content\/uploads\/2022\/09\/Star-Wars-Mould-King-21011-UCS-Command-Shuttle-Upsilon-Shuttle-5-768x768.jpg 768w, https:\/\/mouldking.store\/wp-content\/uploads\/2022\/09\/Star-Wars-Mould-King-21011-UCS-Command-Shuttle-Upsilon-Shuttle-5-600x600.jpg 600w, https:\/\/mouldking.store\/wp-content\/uploads\/2022\/09\/Star-Wars-Mould-King-21011-UCS-Command-Shuttle-Upsilon-Shuttle-5-150x150.jpg 150w, https:\/\/mouldking.store\/wp-content\/uploads\/2022\/09\/Star-Wars-Mould-King-21011-UCS-Command-Shuttle-Upsilon-Shuttle-5-60x60.jpg 60w, https:\/\/mouldking.store\/wp-content\/uploads\/2022\/09\/Star-Wars-Mould-King-21011-UCS-Command-Shuttle-Upsilon-Shuttle-5-90x90.jpg 90w\" sizes=\"(max-width: 800px) 100vw, 800px\" \/><figcaption id=\"caption-attachment-32334\" class=\"wp-caption-text\">Mould King 21011 UCS Command Shuttle (Ypsilon Shuttle) mit 6860 St\u00fcck<\/figcaption><\/figure>\n<figure id=\"attachment_32333\" aria-describedby=\"caption-attachment-32333\" style=\"width: 800px\" class=\"wp-caption aligncenter\"><img decoding=\"async\" class=\"wp-image-32333 size-full\" src=\"https:\/\/mouldking.store\/wp-content\/uploads\/2022\/09\/Star-Wars-Mould-King-21011-UCS-Command-Shuttle-Upsilon-Shuttle-4.jpg\" alt=\"Mould King 21011 UCS Command Shuttle (Upsilon Shuttle) with 6860 Pieces\" width=\"800\" height=\"800\" title=\"-\" srcset=\"https:\/\/mouldking.store\/wp-content\/uploads\/2022\/09\/Star-Wars-Mould-King-21011-UCS-Command-Shuttle-Upsilon-Shuttle-4.jpg 800w, https:\/\/mouldking.store\/wp-content\/uploads\/2022\/09\/Star-Wars-Mould-King-21011-UCS-Command-Shuttle-Upsilon-Shuttle-4-300x300.jpg 300w, https:\/\/mouldking.store\/wp-content\/uploads\/2022\/09\/Star-Wars-Mould-King-21011-UCS-Command-Shuttle-Upsilon-Shuttle-4-768x768.jpg 768w, https:\/\/mouldking.store\/wp-content\/uploads\/2022\/09\/Star-Wars-Mould-King-21011-UCS-Command-Shuttle-Upsilon-Shuttle-4-600x600.jpg 600w, https:\/\/mouldking.store\/wp-content\/uploads\/2022\/09\/Star-Wars-Mould-King-21011-UCS-Command-Shuttle-Upsilon-Shuttle-4-150x150.jpg 150w, https:\/\/mouldking.store\/wp-content\/uploads\/2022\/09\/Star-Wars-Mould-King-21011-UCS-Command-Shuttle-Upsilon-Shuttle-4-60x60.jpg 60w, https:\/\/mouldking.store\/wp-content\/uploads\/2022\/09\/Star-Wars-Mould-King-21011-UCS-Command-Shuttle-Upsilon-Shuttle-4-90x90.jpg 90w\" sizes=\"(max-width: 800px) 100vw, 800px\" \/><figcaption id=\"caption-attachment-32333\" class=\"wp-caption-text\">Mould King 21011 UCS Command Shuttle (Ypsilon Shuttle) mit 6860 St\u00fcck<\/figcaption><\/figure>\n<figure id=\"attachment_32332\" aria-describedby=\"caption-attachment-32332\" style=\"width: 800px\" class=\"wp-caption aligncenter\"><img loading=\"lazy\" decoding=\"async\" class=\"wp-image-32332 size-full\" src=\"https:\/\/mouldking.store\/wp-content\/uploads\/2022\/09\/Star-Wars-Mould-King-21011-UCS-Command-Shuttle-Upsilon-Shuttle-3.jpg\" alt=\"Mould King 21011 UCS Command Shuttle (Upsilon Shuttle) with 6860 Pieces\" width=\"800\" height=\"800\" title=\"-\" srcset=\"https:\/\/mouldking.store\/wp-content\/uploads\/2022\/09\/Star-Wars-Mould-King-21011-UCS-Command-Shuttle-Upsilon-Shuttle-3.jpg 800w, https:\/\/mouldking.store\/wp-content\/uploads\/2022\/09\/Star-Wars-Mould-King-21011-UCS-Command-Shuttle-Upsilon-Shuttle-3-300x300.jpg 300w, https:\/\/mouldking.store\/wp-content\/uploads\/2022\/09\/Star-Wars-Mould-King-21011-UCS-Command-Shuttle-Upsilon-Shuttle-3-768x768.jpg 768w, https:\/\/mouldking.store\/wp-content\/uploads\/2022\/09\/Star-Wars-Mould-King-21011-UCS-Command-Shuttle-Upsilon-Shuttle-3-600x600.jpg 600w, https:\/\/mouldking.store\/wp-content\/uploads\/2022\/09\/Star-Wars-Mould-King-21011-UCS-Command-Shuttle-Upsilon-Shuttle-3-150x150.jpg 150w, https:\/\/mouldking.store\/wp-content\/uploads\/2022\/09\/Star-Wars-Mould-King-21011-UCS-Command-Shuttle-Upsilon-Shuttle-3-60x60.jpg 60w, https:\/\/mouldking.store\/wp-content\/uploads\/2022\/09\/Star-Wars-Mould-King-21011-UCS-Command-Shuttle-Upsilon-Shuttle-3-90x90.jpg 90w\" sizes=\"(max-width: 800px) 100vw, 800px\" \/><figcaption id=\"caption-attachment-32332\" class=\"wp-caption-text\">Mould King 21011 UCS Command Shuttle (Ypsilon Shuttle) mit 6860 St\u00fcck<\/figcaption><\/figure>\n<figure id=\"attachment_32331\" aria-describedby=\"caption-attachment-32331\" style=\"width: 800px\" class=\"wp-caption aligncenter\"><img loading=\"lazy\" decoding=\"async\" class=\"wp-image-32331 size-full\" src=\"https:\/\/mouldking.store\/wp-content\/uploads\/2022\/09\/Star-Wars-Mould-King-21011-UCS-Command-Shuttle-Upsilon-Shuttle-2.jpg\" alt=\"Mould King 21011 UCS Command Shuttle (Upsilon Shuttle) with 6860 Pieces\" width=\"800\" height=\"800\" title=\"-\" srcset=\"https:\/\/mouldking.store\/wp-content\/uploads\/2022\/09\/Star-Wars-Mould-King-21011-UCS-Command-Shuttle-Upsilon-Shuttle-2.jpg 800w, https:\/\/mouldking.store\/wp-content\/uploads\/2022\/09\/Star-Wars-Mould-King-21011-UCS-Command-Shuttle-Upsilon-Shuttle-2-300x300.jpg 300w, https:\/\/mouldking.store\/wp-content\/uploads\/2022\/09\/Star-Wars-Mould-King-21011-UCS-Command-Shuttle-Upsilon-Shuttle-2-768x768.jpg 768w, https:\/\/mouldking.store\/wp-content\/uploads\/2022\/09\/Star-Wars-Mould-King-21011-UCS-Command-Shuttle-Upsilon-Shuttle-2-600x600.jpg 600w, https:\/\/mouldking.store\/wp-content\/uploads\/2022\/09\/Star-Wars-Mould-King-21011-UCS-Command-Shuttle-Upsilon-Shuttle-2-150x150.jpg 150w, https:\/\/mouldking.store\/wp-content\/uploads\/2022\/09\/Star-Wars-Mould-King-21011-UCS-Command-Shuttle-Upsilon-Shuttle-2-60x60.jpg 60w, https:\/\/mouldking.store\/wp-content\/uploads\/2022\/09\/Star-Wars-Mould-King-21011-UCS-Command-Shuttle-Upsilon-Shuttle-2-90x90.jpg 90w\" sizes=\"(max-width: 800px) 100vw, 800px\" \/><figcaption id=\"caption-attachment-32331\" class=\"wp-caption-text\">Mould King 21011 UCS Command Shuttle (Ypsilon Shuttle) mit 6860 St\u00fcck<\/figcaption><\/figure>","protected":false},"excerpt":{"rendered":"<p>Product information: Brand: Mould King Gender: Unisex Name: UCS Command Shuttle (Upsilon Shuttle) Age Range: &gt; 6 years old Model Number: 21011 Classification: Assemblage Plastic Block Shape: Self-Locking Bricks Material: Plastic Plastic Type: ABS Bricks Blocks: 6860 PCS Size: 46.8 \u00d7 39.9 \u00d7 83.4 cm Contains detailed assembly instructions. Notice: 1. Without an original box, [&hellip;]<\/p>","protected":false},"featured_media":32330,"comment_status":"closed","ping_status":"closed","template":"","meta":{"_acf_changed":false},"product_cat":[415],"product_tag":[5827,5826,5829,5828],"class_list":["product","first","instock","shipping-taxable","purchasable","product-type-simple"],"acf":[],"_links":{"self":[{"href":"https:\/\/mouldking.store\/de\/wp-json\/wp\/v2\/product\/32329","targetHints":{"allow":["GET"]}}],"collection":[{"href":"https:\/\/mouldking.store\/de\/wp-json\/wp\/v2\/product"}],"about":[{"href":"https:\/\/mouldking.store\/de\/wp-json\/wp\/v2\/types\/product"}],"replies":[{"embeddable":true,"href":"https:\/\/mouldking.store\/de\/wp-json\/wp\/v2\/comments?post=32329"}],"wp:featuredmedia":[{"embeddable":true,"href":"https:\/\/mouldking.store\/de\/wp-json\/wp\/v2\/media\/32330"}],"wp:attachment":[{"href":"https:\/\/mouldking.store\/de\/wp-json\/wp\/v2\/media?parent=32329"}],"wp:term":[{"taxonomy":"product_cat","embeddable":true,"href":"https:\/\/mouldking.store\/de\/wp-json\/wp\/v2\/product_cat?post=32329"},{"taxonomy":"product_tag","embeddable":true,"href":"https:\/\/mouldking.store\/de\/wp-json\/wp\/v2\/product_tag?post=32329"}],"curies":[{"name":"wp","href":"https:\/\/api.w.org\/{rel}","templated":true}]}}