{"id":32340,"date":"2022-09-14T10:09:34","date_gmt":"2022-09-14T03:09:34","guid":{"rendered":"https:\/\/mouldking.store\/?post_type=product&#038;p=32340"},"modified":"2022-09-14T10:09:34","modified_gmt":"2022-09-14T03:09:34","slug":"jstoys-js10001-metal-build-with-8588-pieces","status":"publish","type":"product","link":"https:\/\/mouldking.store\/de\/shop\/jstoys-js10001-metal-build-with-8588-pieces\/","title":{"rendered":"JSTOYS JS10001 Metallbau mit 8588 Teilen"},"content":{"rendered":"<p>Produktinformation:<\/p>\n<ol>\n<li>Brand: JSTOYS<\/li>\n<li>Geschlecht: Unisex<\/li>\n<li>Name: Metal Build<\/li>\n<li>Altersspanne: &gt; 14 Jahre alt<\/li>\n<li>Model Number: JS10001<\/li>\n<li>Einstufung: Assemblage<\/li>\n<li>Kunststoffblockform: Selbstsichernde Steine<\/li>\n<li>Material: Kunststoff<\/li>\n<li>Kunststofftyp: ABS<\/li>\n<li>Bricks Blocks: 8588\u00a0 PCS<\/li>\n<li>Size: W : 53 cm H : 73 cm<\/li>\n<li>Enth\u00e4lt eine ausf\u00fchrliche Montageanleitung.<\/li>\n<\/ol>\n<p>Notiz:<br \/>\n1. Ohne Originalverpackung, aber wir garantieren, dass unsere Produkte eine Qualit\u00e4tssicherung und eine sch\u00f6ne Verpackung haben.<br \/>\n2. Wie alle Teile, die wir vor dem Versand \u00fcberpr\u00fcft haben, machen Sie sich keine Sorgen, wenn Sie feststellen, dass einige Teile fehlen oder besch\u00e4digt sind, und kontaktieren Sie uns einfach, und wir k\u00f6nnen sie Ihnen umgehend kostenlos erneut zusenden.<\/p>\n<p>&nbsp;<\/p>\n<figure id=\"attachment_32341\" aria-describedby=\"caption-attachment-32341\" style=\"width: 800px\" class=\"wp-caption aligncenter\"><img fetchpriority=\"high\" decoding=\"async\" class=\"wp-image-32341 size-full\" src=\"https:\/\/mouldking.store\/wp-content\/uploads\/2022\/09\/Creator-JSTOYS-JS10001-Metal-Build-1.jpg\" alt=\"JSTOYS JS10001 Metal Build with 8588 Pieces\" width=\"800\" height=\"800\" title=\"-\" srcset=\"https:\/\/mouldking.store\/wp-content\/uploads\/2022\/09\/Creator-JSTOYS-JS10001-Metal-Build-1.jpg 800w, https:\/\/mouldking.store\/wp-content\/uploads\/2022\/09\/Creator-JSTOYS-JS10001-Metal-Build-1-300x300.jpg 300w, https:\/\/mouldking.store\/wp-content\/uploads\/2022\/09\/Creator-JSTOYS-JS10001-Metal-Build-1-768x768.jpg 768w, https:\/\/mouldking.store\/wp-content\/uploads\/2022\/09\/Creator-JSTOYS-JS10001-Metal-Build-1-600x600.jpg 600w, https:\/\/mouldking.store\/wp-content\/uploads\/2022\/09\/Creator-JSTOYS-JS10001-Metal-Build-1-150x150.jpg 150w, https:\/\/mouldking.store\/wp-content\/uploads\/2022\/09\/Creator-JSTOYS-JS10001-Metal-Build-1-60x60.jpg 60w, https:\/\/mouldking.store\/wp-content\/uploads\/2022\/09\/Creator-JSTOYS-JS10001-Metal-Build-1-90x90.jpg 90w\" sizes=\"(max-width: 800px) 100vw, 800px\" \/><figcaption id=\"caption-attachment-32341\" class=\"wp-caption-text\">JSTOYS JS10001 Metallbau mit 8588 Teilen<\/figcaption><\/figure>\n<figure id=\"attachment_32345\" aria-describedby=\"caption-attachment-32345\" style=\"width: 800px\" class=\"wp-caption aligncenter\"><img decoding=\"async\" class=\"wp-image-32345 size-full\" src=\"https:\/\/mouldking.store\/wp-content\/uploads\/2022\/09\/Creator-JSTOYS-JS10001-Metal-Build-5.jpg\" alt=\"JSTOYS JS10001 Metal Build with 8588 Pieces\" width=\"800\" height=\"800\" title=\"-\" srcset=\"https:\/\/mouldking.store\/wp-content\/uploads\/2022\/09\/Creator-JSTOYS-JS10001-Metal-Build-5.jpg 800w, https:\/\/mouldking.store\/wp-content\/uploads\/2022\/09\/Creator-JSTOYS-JS10001-Metal-Build-5-300x300.jpg 300w, https:\/\/mouldking.store\/wp-content\/uploads\/2022\/09\/Creator-JSTOYS-JS10001-Metal-Build-5-768x768.jpg 768w, https:\/\/mouldking.store\/wp-content\/uploads\/2022\/09\/Creator-JSTOYS-JS10001-Metal-Build-5-600x600.jpg 600w, https:\/\/mouldking.store\/wp-content\/uploads\/2022\/09\/Creator-JSTOYS-JS10001-Metal-Build-5-150x150.jpg 150w, https:\/\/mouldking.store\/wp-content\/uploads\/2022\/09\/Creator-JSTOYS-JS10001-Metal-Build-5-60x60.jpg 60w, https:\/\/mouldking.store\/wp-content\/uploads\/2022\/09\/Creator-JSTOYS-JS10001-Metal-Build-5-90x90.jpg 90w\" sizes=\"(max-width: 800px) 100vw, 800px\" \/><figcaption id=\"caption-attachment-32345\" class=\"wp-caption-text\">JSTOYS JS10001 Metallbau mit 8588 Teilen<\/figcaption><\/figure>\n<figure id=\"attachment_32344\" aria-describedby=\"caption-attachment-32344\" style=\"width: 800px\" class=\"wp-caption aligncenter\"><img decoding=\"async\" class=\"wp-image-32344 size-full\" src=\"https:\/\/mouldking.store\/wp-content\/uploads\/2022\/09\/Creator-JSTOYS-JS10001-Metal-Build-4.jpg\" alt=\"JSTOYS JS10001 Metal Build with 8588 Pieces\" width=\"800\" height=\"800\" title=\"-\" srcset=\"https:\/\/mouldking.store\/wp-content\/uploads\/2022\/09\/Creator-JSTOYS-JS10001-Metal-Build-4.jpg 800w, https:\/\/mouldking.store\/wp-content\/uploads\/2022\/09\/Creator-JSTOYS-JS10001-Metal-Build-4-300x300.jpg 300w, https:\/\/mouldking.store\/wp-content\/uploads\/2022\/09\/Creator-JSTOYS-JS10001-Metal-Build-4-768x768.jpg 768w, https:\/\/mouldking.store\/wp-content\/uploads\/2022\/09\/Creator-JSTOYS-JS10001-Metal-Build-4-600x600.jpg 600w, https:\/\/mouldking.store\/wp-content\/uploads\/2022\/09\/Creator-JSTOYS-JS10001-Metal-Build-4-150x150.jpg 150w, https:\/\/mouldking.store\/wp-content\/uploads\/2022\/09\/Creator-JSTOYS-JS10001-Metal-Build-4-60x60.jpg 60w, https:\/\/mouldking.store\/wp-content\/uploads\/2022\/09\/Creator-JSTOYS-JS10001-Metal-Build-4-90x90.jpg 90w\" sizes=\"(max-width: 800px) 100vw, 800px\" \/><figcaption id=\"caption-attachment-32344\" class=\"wp-caption-text\">JSTOYS JS10001 Metallbau mit 8588 Teilen<\/figcaption><\/figure>\n<figure id=\"attachment_32342\" aria-describedby=\"caption-attachment-32342\" style=\"width: 800px\" class=\"wp-caption aligncenter\"><img loading=\"lazy\" decoding=\"async\" class=\"wp-image-32342 size-full\" src=\"https:\/\/mouldking.store\/wp-content\/uploads\/2022\/09\/Creator-JSTOYS-JS10001-Metal-Build-2.jpg\" alt=\"JSTOYS JS10001 Metal Build with 8588 Pieces\" width=\"800\" height=\"800\" title=\"-\" srcset=\"https:\/\/mouldking.store\/wp-content\/uploads\/2022\/09\/Creator-JSTOYS-JS10001-Metal-Build-2.jpg 800w, https:\/\/mouldking.store\/wp-content\/uploads\/2022\/09\/Creator-JSTOYS-JS10001-Metal-Build-2-300x300.jpg 300w, https:\/\/mouldking.store\/wp-content\/uploads\/2022\/09\/Creator-JSTOYS-JS10001-Metal-Build-2-768x768.jpg 768w, https:\/\/mouldking.store\/wp-content\/uploads\/2022\/09\/Creator-JSTOYS-JS10001-Metal-Build-2-600x600.jpg 600w, https:\/\/mouldking.store\/wp-content\/uploads\/2022\/09\/Creator-JSTOYS-JS10001-Metal-Build-2-150x150.jpg 150w, https:\/\/mouldking.store\/wp-content\/uploads\/2022\/09\/Creator-JSTOYS-JS10001-Metal-Build-2-60x60.jpg 60w, https:\/\/mouldking.store\/wp-content\/uploads\/2022\/09\/Creator-JSTOYS-JS10001-Metal-Build-2-90x90.jpg 90w\" sizes=\"(max-width: 800px) 100vw, 800px\" \/><figcaption id=\"caption-attachment-32342\" class=\"wp-caption-text\">JSTOYS JS10001 Metallbau mit 8588 Teilen<\/figcaption><\/figure>\n<figure id=\"attachment_32343\" aria-describedby=\"caption-attachment-32343\" style=\"width: 800px\" class=\"wp-caption aligncenter\"><img loading=\"lazy\" decoding=\"async\" class=\"wp-image-32343 size-full\" src=\"https:\/\/mouldking.store\/wp-content\/uploads\/2022\/09\/Creator-JSTOYS-JS10001-Metal-Build-3.jpg\" alt=\"JSTOYS JS10001 Metal Build with 8588 Pieces\" width=\"800\" height=\"800\" title=\"-\" srcset=\"https:\/\/mouldking.store\/wp-content\/uploads\/2022\/09\/Creator-JSTOYS-JS10001-Metal-Build-3.jpg 800w, https:\/\/mouldking.store\/wp-content\/uploads\/2022\/09\/Creator-JSTOYS-JS10001-Metal-Build-3-300x300.jpg 300w, https:\/\/mouldking.store\/wp-content\/uploads\/2022\/09\/Creator-JSTOYS-JS10001-Metal-Build-3-768x768.jpg 768w, https:\/\/mouldking.store\/wp-content\/uploads\/2022\/09\/Creator-JSTOYS-JS10001-Metal-Build-3-600x600.jpg 600w, https:\/\/mouldking.store\/wp-content\/uploads\/2022\/09\/Creator-JSTOYS-JS10001-Metal-Build-3-150x150.jpg 150w, https:\/\/mouldking.store\/wp-content\/uploads\/2022\/09\/Creator-JSTOYS-JS10001-Metal-Build-3-60x60.jpg 60w, https:\/\/mouldking.store\/wp-content\/uploads\/2022\/09\/Creator-JSTOYS-JS10001-Metal-Build-3-90x90.jpg 90w\" sizes=\"(max-width: 800px) 100vw, 800px\" \/><figcaption id=\"caption-attachment-32343\" class=\"wp-caption-text\">JSTOYS JS10001 Metallbau mit 8588 Teilen<\/figcaption><\/figure>","protected":false},"excerpt":{"rendered":"<p>Product information: Brand: JSTOYS Gender: Unisex Name: Metal Build Age Range: &gt; 14 years old Model Number: JS10001 Classification: Assemblage Plastic Block Shape: Self-Locking Bricks Material: Plastic Plastic Type: ABS Bricks Blocks: 8588\u00a0 PCS Size: W : 53 cm H : 73 cm Contains detailed assembly instructions. Notice: 1. Without an original box, but we [&hellip;]<\/p>","protected":false},"featured_media":32341,"comment_status":"closed","ping_status":"closed","template":"","meta":{"_acf_changed":false},"product_cat":[371],"product_tag":[5834,5833,5835],"class_list":["product","first","instock","shipping-taxable","purchasable","product-type-simple"],"acf":[],"_links":{"self":[{"href":"https:\/\/mouldking.store\/de\/wp-json\/wp\/v2\/product\/32340","targetHints":{"allow":["GET"]}}],"collection":[{"href":"https:\/\/mouldking.store\/de\/wp-json\/wp\/v2\/product"}],"about":[{"href":"https:\/\/mouldking.store\/de\/wp-json\/wp\/v2\/types\/product"}],"replies":[{"embeddable":true,"href":"https:\/\/mouldking.store\/de\/wp-json\/wp\/v2\/comments?post=32340"}],"wp:featuredmedia":[{"embeddable":true,"href":"https:\/\/mouldking.store\/de\/wp-json\/wp\/v2\/media\/32341"}],"wp:attachment":[{"href":"https:\/\/mouldking.store\/de\/wp-json\/wp\/v2\/media?parent=32340"}],"wp:term":[{"taxonomy":"product_cat","embeddable":true,"href":"https:\/\/mouldking.store\/de\/wp-json\/wp\/v2\/product_cat?post=32340"},{"taxonomy":"product_tag","embeddable":true,"href":"https:\/\/mouldking.store\/de\/wp-json\/wp\/v2\/product_tag?post=32340"}],"curies":[{"name":"wp","href":"https:\/\/api.w.org\/{rel}","templated":true}]}}