{"id":32353,"date":"2022-09-14T10:20:01","date_gmt":"2022-09-14T03:20:01","guid":{"rendered":"https:\/\/mouldking.store\/?post_type=product&#038;p=32353"},"modified":"2022-09-14T10:20:01","modified_gmt":"2022-09-14T03:20:01","slug":"mould-king-13126-black-plating-motor-amg-gt-r-with-2872-pieces","status":"publish","type":"product","link":"https:\/\/mouldking.store\/de\/shop\/mould-king-13126-black-plating-motor-amg-gt-r-with-2872-pieces\/","title":{"rendered":"Mould King 13126 Black Plating Motor AMG GT R mit 2872 St\u00fcck"},"content":{"rendered":"<p>Produktinformation:<\/p>\n<ol>\n<li>Marke: Mould King<\/li>\n<li>Geschlecht: Unisex<\/li>\n<li>Name: Black Plating Motor AMG GT R<\/li>\n<li>Altersspanne: &gt; 14 Jahre alt<\/li>\n<li>Model Number: 13126<\/li>\n<li>Einstufung: Assemblage<\/li>\n<li>Kunststoffblockform: Selbstsichernde Steine<\/li>\n<li>Material: Kunststoff<\/li>\n<li>Kunststofftyp: ABS<\/li>\n<li>Bricks Blocks: 2872 PCS<\/li>\n<li>Size: 14 x 51 x 24.1 cm<\/li>\n<li>Enth\u00e4lt eine ausf\u00fchrliche Montageanleitung.<\/li>\n<\/ol>\n<p>Notiz:<br \/>\n1. Ohne Originalverpackung, aber wir garantieren, dass unsere Produkte eine Qualit\u00e4tssicherung und eine sch\u00f6ne Verpackung haben.<br \/>\n2. Wie alle Teile, die wir vor dem Versand \u00fcberpr\u00fcft haben, machen Sie sich keine Sorgen, wenn Sie feststellen, dass einige Teile fehlen oder besch\u00e4digt sind, und kontaktieren Sie uns einfach, und wir k\u00f6nnen sie Ihnen umgehend kostenlos erneut zusenden.<\/p>\n<p>&nbsp;<\/p>\n<figure id=\"attachment_32354\" aria-describedby=\"caption-attachment-32354\" style=\"width: 800px\" class=\"wp-caption aligncenter\"><img fetchpriority=\"high\" decoding=\"async\" class=\"wp-image-32354 size-full\" src=\"https:\/\/mouldking.store\/wp-content\/uploads\/2022\/09\/Technic-Mould-King-13126-Black-Plating-Motor-AMG-GT-R-1.jpg\" alt=\"Mould King 13126 Black Plating Motor AMG GT R with 2872 Pieces\" width=\"800\" height=\"800\" title=\"-\" srcset=\"https:\/\/mouldking.store\/wp-content\/uploads\/2022\/09\/Technic-Mould-King-13126-Black-Plating-Motor-AMG-GT-R-1.jpg 800w, https:\/\/mouldking.store\/wp-content\/uploads\/2022\/09\/Technic-Mould-King-13126-Black-Plating-Motor-AMG-GT-R-1-300x300.jpg 300w, https:\/\/mouldking.store\/wp-content\/uploads\/2022\/09\/Technic-Mould-King-13126-Black-Plating-Motor-AMG-GT-R-1-768x768.jpg 768w, https:\/\/mouldking.store\/wp-content\/uploads\/2022\/09\/Technic-Mould-King-13126-Black-Plating-Motor-AMG-GT-R-1-600x600.jpg 600w, https:\/\/mouldking.store\/wp-content\/uploads\/2022\/09\/Technic-Mould-King-13126-Black-Plating-Motor-AMG-GT-R-1-150x150.jpg 150w, https:\/\/mouldking.store\/wp-content\/uploads\/2022\/09\/Technic-Mould-King-13126-Black-Plating-Motor-AMG-GT-R-1-60x60.jpg 60w, https:\/\/mouldking.store\/wp-content\/uploads\/2022\/09\/Technic-Mould-King-13126-Black-Plating-Motor-AMG-GT-R-1-90x90.jpg 90w\" sizes=\"(max-width: 800px) 100vw, 800px\" \/><figcaption id=\"caption-attachment-32354\" class=\"wp-caption-text\">Mould King 13126 Black Plating Motor AMG GT R mit 2872 St\u00fcck<\/figcaption><\/figure>\n<figure id=\"attachment_32356\" aria-describedby=\"caption-attachment-32356\" style=\"width: 800px\" class=\"wp-caption aligncenter\"><img decoding=\"async\" class=\"wp-image-32356 size-full\" src=\"https:\/\/mouldking.store\/wp-content\/uploads\/2022\/09\/Technic-Mould-King-13126-Black-Plating-Motor-AMG-GT-R-3.jpg\" alt=\"Mould King 13126 Black Plating Motor AMG GT R with 2872 Pieces\" width=\"800\" height=\"800\" title=\"-\" srcset=\"https:\/\/mouldking.store\/wp-content\/uploads\/2022\/09\/Technic-Mould-King-13126-Black-Plating-Motor-AMG-GT-R-3.jpg 800w, https:\/\/mouldking.store\/wp-content\/uploads\/2022\/09\/Technic-Mould-King-13126-Black-Plating-Motor-AMG-GT-R-3-300x300.jpg 300w, https:\/\/mouldking.store\/wp-content\/uploads\/2022\/09\/Technic-Mould-King-13126-Black-Plating-Motor-AMG-GT-R-3-768x768.jpg 768w, https:\/\/mouldking.store\/wp-content\/uploads\/2022\/09\/Technic-Mould-King-13126-Black-Plating-Motor-AMG-GT-R-3-600x600.jpg 600w, https:\/\/mouldking.store\/wp-content\/uploads\/2022\/09\/Technic-Mould-King-13126-Black-Plating-Motor-AMG-GT-R-3-150x150.jpg 150w, https:\/\/mouldking.store\/wp-content\/uploads\/2022\/09\/Technic-Mould-King-13126-Black-Plating-Motor-AMG-GT-R-3-60x60.jpg 60w, https:\/\/mouldking.store\/wp-content\/uploads\/2022\/09\/Technic-Mould-King-13126-Black-Plating-Motor-AMG-GT-R-3-90x90.jpg 90w\" sizes=\"(max-width: 800px) 100vw, 800px\" \/><figcaption id=\"caption-attachment-32356\" class=\"wp-caption-text\">Mould King 13126 Black Plating Motor AMG GT R mit 2872 St\u00fcck<\/figcaption><\/figure>\n<figure id=\"attachment_32357\" aria-describedby=\"caption-attachment-32357\" style=\"width: 800px\" class=\"wp-caption aligncenter\"><img decoding=\"async\" class=\"wp-image-32357 size-full\" src=\"https:\/\/mouldking.store\/wp-content\/uploads\/2022\/09\/Technic-Mould-King-13126-Black-Plating-Motor-AMG-GT-R-4.jpg\" alt=\"Mould King 13126 Black Plating Motor AMG GT R with 2872 Pieces\" width=\"800\" height=\"800\" title=\"-\" srcset=\"https:\/\/mouldking.store\/wp-content\/uploads\/2022\/09\/Technic-Mould-King-13126-Black-Plating-Motor-AMG-GT-R-4.jpg 800w, https:\/\/mouldking.store\/wp-content\/uploads\/2022\/09\/Technic-Mould-King-13126-Black-Plating-Motor-AMG-GT-R-4-300x300.jpg 300w, https:\/\/mouldking.store\/wp-content\/uploads\/2022\/09\/Technic-Mould-King-13126-Black-Plating-Motor-AMG-GT-R-4-768x768.jpg 768w, https:\/\/mouldking.store\/wp-content\/uploads\/2022\/09\/Technic-Mould-King-13126-Black-Plating-Motor-AMG-GT-R-4-600x600.jpg 600w, https:\/\/mouldking.store\/wp-content\/uploads\/2022\/09\/Technic-Mould-King-13126-Black-Plating-Motor-AMG-GT-R-4-150x150.jpg 150w, https:\/\/mouldking.store\/wp-content\/uploads\/2022\/09\/Technic-Mould-King-13126-Black-Plating-Motor-AMG-GT-R-4-60x60.jpg 60w, https:\/\/mouldking.store\/wp-content\/uploads\/2022\/09\/Technic-Mould-King-13126-Black-Plating-Motor-AMG-GT-R-4-90x90.jpg 90w\" sizes=\"(max-width: 800px) 100vw, 800px\" \/><figcaption id=\"caption-attachment-32357\" class=\"wp-caption-text\">Mould King 13126 Black Plating Motor AMG GT R mit 2872 St\u00fcck<\/figcaption><\/figure>\n<figure id=\"attachment_32358\" aria-describedby=\"caption-attachment-32358\" style=\"width: 800px\" class=\"wp-caption aligncenter\"><img loading=\"lazy\" decoding=\"async\" class=\"wp-image-32358 size-full\" src=\"https:\/\/mouldking.store\/wp-content\/uploads\/2022\/09\/Technic-Mould-King-13126-Black-Plating-Motor-AMG-GT-R-5.jpg\" alt=\"Mould King 13126 Black Plating Motor AMG GT R with 2872 Pieces\" width=\"800\" height=\"800\" title=\"-\" srcset=\"https:\/\/mouldking.store\/wp-content\/uploads\/2022\/09\/Technic-Mould-King-13126-Black-Plating-Motor-AMG-GT-R-5.jpg 800w, https:\/\/mouldking.store\/wp-content\/uploads\/2022\/09\/Technic-Mould-King-13126-Black-Plating-Motor-AMG-GT-R-5-300x300.jpg 300w, https:\/\/mouldking.store\/wp-content\/uploads\/2022\/09\/Technic-Mould-King-13126-Black-Plating-Motor-AMG-GT-R-5-768x768.jpg 768w, https:\/\/mouldking.store\/wp-content\/uploads\/2022\/09\/Technic-Mould-King-13126-Black-Plating-Motor-AMG-GT-R-5-600x600.jpg 600w, https:\/\/mouldking.store\/wp-content\/uploads\/2022\/09\/Technic-Mould-King-13126-Black-Plating-Motor-AMG-GT-R-5-150x150.jpg 150w, https:\/\/mouldking.store\/wp-content\/uploads\/2022\/09\/Technic-Mould-King-13126-Black-Plating-Motor-AMG-GT-R-5-60x60.jpg 60w, https:\/\/mouldking.store\/wp-content\/uploads\/2022\/09\/Technic-Mould-King-13126-Black-Plating-Motor-AMG-GT-R-5-90x90.jpg 90w\" sizes=\"(max-width: 800px) 100vw, 800px\" \/><figcaption id=\"caption-attachment-32358\" class=\"wp-caption-text\">Mould King 13126 Black Plating Motor AMG GT R mit 2872 St\u00fcck<\/figcaption><\/figure>\n<figure id=\"attachment_32355\" aria-describedby=\"caption-attachment-32355\" style=\"width: 800px\" class=\"wp-caption aligncenter\"><img loading=\"lazy\" decoding=\"async\" class=\"wp-image-32355 size-full\" src=\"https:\/\/mouldking.store\/wp-content\/uploads\/2022\/09\/Technic-Mould-King-13126-Black-Plating-Motor-AMG-GT-R-2.jpg\" alt=\"Mould King 13126 Black Plating Motor AMG GT R with 2872 Pieces\" width=\"800\" height=\"800\" title=\"-\" srcset=\"https:\/\/mouldking.store\/wp-content\/uploads\/2022\/09\/Technic-Mould-King-13126-Black-Plating-Motor-AMG-GT-R-2.jpg 800w, https:\/\/mouldking.store\/wp-content\/uploads\/2022\/09\/Technic-Mould-King-13126-Black-Plating-Motor-AMG-GT-R-2-300x300.jpg 300w, https:\/\/mouldking.store\/wp-content\/uploads\/2022\/09\/Technic-Mould-King-13126-Black-Plating-Motor-AMG-GT-R-2-768x768.jpg 768w, https:\/\/mouldking.store\/wp-content\/uploads\/2022\/09\/Technic-Mould-King-13126-Black-Plating-Motor-AMG-GT-R-2-600x600.jpg 600w, https:\/\/mouldking.store\/wp-content\/uploads\/2022\/09\/Technic-Mould-King-13126-Black-Plating-Motor-AMG-GT-R-2-150x150.jpg 150w, https:\/\/mouldking.store\/wp-content\/uploads\/2022\/09\/Technic-Mould-King-13126-Black-Plating-Motor-AMG-GT-R-2-60x60.jpg 60w, https:\/\/mouldking.store\/wp-content\/uploads\/2022\/09\/Technic-Mould-King-13126-Black-Plating-Motor-AMG-GT-R-2-90x90.jpg 90w\" sizes=\"(max-width: 800px) 100vw, 800px\" \/><figcaption id=\"caption-attachment-32355\" class=\"wp-caption-text\">Mould King 13126 Black Plating Motor AMG GT R mit 2872 St\u00fcck<\/figcaption><\/figure>","protected":false},"excerpt":{"rendered":"<p>Product information: Brand: Mould King Gender: Unisex Name: Black Plating Motor AMG GT R Age Range: &gt; 14 years old Model Number: 13126 Classification: Assemblage Plastic Block Shape: Self-Locking Bricks Material: Plastic Plastic Type: ABS Bricks Blocks: 2872 PCS Size: 14 x 51 x 24.1 cm Contains detailed assembly instructions. Notice: 1. Without an original [&hellip;]<\/p>","protected":false},"featured_media":32354,"comment_status":"closed","ping_status":"closed","template":"","meta":{"_acf_changed":false},"product_cat":[364],"product_tag":[5844,5843,5842,5841],"class_list":["product","first","instock","shipping-taxable","purchasable","product-type-variable"],"acf":[],"_links":{"self":[{"href":"https:\/\/mouldking.store\/de\/wp-json\/wp\/v2\/product\/32353","targetHints":{"allow":["GET"]}}],"collection":[{"href":"https:\/\/mouldking.store\/de\/wp-json\/wp\/v2\/product"}],"about":[{"href":"https:\/\/mouldking.store\/de\/wp-json\/wp\/v2\/types\/product"}],"replies":[{"embeddable":true,"href":"https:\/\/mouldking.store\/de\/wp-json\/wp\/v2\/comments?post=32353"}],"wp:featuredmedia":[{"embeddable":true,"href":"https:\/\/mouldking.store\/de\/wp-json\/wp\/v2\/media\/32354"}],"wp:attachment":[{"href":"https:\/\/mouldking.store\/de\/wp-json\/wp\/v2\/media?parent=32353"}],"wp:term":[{"taxonomy":"product_cat","embeddable":true,"href":"https:\/\/mouldking.store\/de\/wp-json\/wp\/v2\/product_cat?post=32353"},{"taxonomy":"product_tag","embeddable":true,"href":"https:\/\/mouldking.store\/de\/wp-json\/wp\/v2\/product_tag?post=32353"}],"curies":[{"name":"wp","href":"https:\/\/api.w.org\/{rel}","templated":true}]}}