{"id":32367,"date":"2022-09-14T10:26:53","date_gmt":"2022-09-14T03:26:53","guid":{"rendered":"https:\/\/mouldking.store\/?post_type=product&#038;p=32367"},"modified":"2022-09-14T10:26:54","modified_gmt":"2022-09-14T03:26:54","slug":"k-box-10246b-static-version-18-terzo-millennio-dj-rambo-sports-car-with-3358-pieces","status":"publish","type":"product","link":"https:\/\/mouldking.store\/de\/shop\/k-box-10246b-static-version-18-terzo-millennio-dj-rambo-sports-car-with-3358-pieces\/","title":{"rendered":"K-Box 10246B Statische Version 1:8 Terzo Millennio DJ Rambo Sportwagen mit 3358 Teilen"},"content":{"rendered":"<p>Produktinformation:<\/p>\n<ol>\n<li>Marke: K-box<\/li>\n<li>Geschlecht: Unisex<\/li>\n<li>Name: Statische Version 1:8 Terzo Millennio DJ Rambo Sportwagen<\/li>\n<li>Altersspanne: &gt; 6 Jahre alt<\/li>\n<li>Modellnummer: 10246B<\/li>\n<li>Einstufung: Assemblage<\/li>\n<li>Kunststoffblockform: Selbstsichernde Steine<\/li>\n<li>Material: Kunststoff<\/li>\n<li>Kunststofftyp: ABS<\/li>\n<li>Ziegelsteine: 3358 ST\u00dcCKE<\/li>\n<li>Gr\u00f6\u00dfe: 26,5 x 57 x 13,5 cm<\/li>\n<li>Enth\u00e4lt eine ausf\u00fchrliche Montageanleitung.<\/li>\n<\/ol>\n<p>Notiz:<br \/>\n1. Ohne Originalverpackung, aber wir garantieren, dass unsere Produkte eine Qualit\u00e4tssicherung und eine sch\u00f6ne Verpackung haben.<br \/>\n2. Wie alle Teile, die wir vor dem Versand \u00fcberpr\u00fcft haben, machen Sie sich keine Sorgen, wenn Sie feststellen, dass einige Teile fehlen oder besch\u00e4digt sind, und kontaktieren Sie uns einfach, und wir k\u00f6nnen sie Ihnen umgehend kostenlos erneut zusenden.<\/p>\n<p>&nbsp;<\/p>\n<figure id=\"attachment_32368\" aria-describedby=\"caption-attachment-32368\" style=\"width: 800px\" class=\"wp-caption aligncenter\"><img fetchpriority=\"high\" decoding=\"async\" class=\"wp-image-32368 size-full\" src=\"https:\/\/mouldking.store\/wp-content\/uploads\/2022\/09\/Technic-K-box-10246B-Static-Version-18-Terzo-Millennio-DJ-Rambo-Sports-Car-1.jpg\" alt=\"K-box 10246B Static Version 1:8 Terzo Millennio DJ Rambo Sports Car with 3358 Pieces\" width=\"800\" height=\"800\" title=\"-\" srcset=\"https:\/\/mouldking.store\/wp-content\/uploads\/2022\/09\/Technic-K-box-10246B-Static-Version-18-Terzo-Millennio-DJ-Rambo-Sports-Car-1.jpg 800w, https:\/\/mouldking.store\/wp-content\/uploads\/2022\/09\/Technic-K-box-10246B-Static-Version-18-Terzo-Millennio-DJ-Rambo-Sports-Car-1-300x300.jpg 300w, https:\/\/mouldking.store\/wp-content\/uploads\/2022\/09\/Technic-K-box-10246B-Static-Version-18-Terzo-Millennio-DJ-Rambo-Sports-Car-1-768x768.jpg 768w, https:\/\/mouldking.store\/wp-content\/uploads\/2022\/09\/Technic-K-box-10246B-Static-Version-18-Terzo-Millennio-DJ-Rambo-Sports-Car-1-600x600.jpg 600w, https:\/\/mouldking.store\/wp-content\/uploads\/2022\/09\/Technic-K-box-10246B-Static-Version-18-Terzo-Millennio-DJ-Rambo-Sports-Car-1-150x150.jpg 150w, https:\/\/mouldking.store\/wp-content\/uploads\/2022\/09\/Technic-K-box-10246B-Static-Version-18-Terzo-Millennio-DJ-Rambo-Sports-Car-1-60x60.jpg 60w, https:\/\/mouldking.store\/wp-content\/uploads\/2022\/09\/Technic-K-box-10246B-Static-Version-18-Terzo-Millennio-DJ-Rambo-Sports-Car-1-90x90.jpg 90w\" sizes=\"(max-width: 800px) 100vw, 800px\" \/><figcaption id=\"caption-attachment-32368\" class=\"wp-caption-text\">K-Box 10246B Statische Version 1:8 Terzo Millennio DJ Rambo Sportwagen mit 3358 Teilen<\/figcaption><\/figure>\n<figure id=\"attachment_32372\" aria-describedby=\"caption-attachment-32372\" style=\"width: 800px\" class=\"wp-caption aligncenter\"><img decoding=\"async\" class=\"wp-image-32372 size-full\" src=\"https:\/\/mouldking.store\/wp-content\/uploads\/2022\/09\/Technic-K-box-10246B-Static-Version-18-Terzo-Millennio-DJ-Rambo-Sports-Car-5.jpg\" alt=\"K-box 10246B Static Version 1:8 Terzo Millennio DJ Rambo Sports Car with 3358 Pieces\" width=\"800\" height=\"800\" title=\"-\" srcset=\"https:\/\/mouldking.store\/wp-content\/uploads\/2022\/09\/Technic-K-box-10246B-Static-Version-18-Terzo-Millennio-DJ-Rambo-Sports-Car-5.jpg 800w, https:\/\/mouldking.store\/wp-content\/uploads\/2022\/09\/Technic-K-box-10246B-Static-Version-18-Terzo-Millennio-DJ-Rambo-Sports-Car-5-300x300.jpg 300w, https:\/\/mouldking.store\/wp-content\/uploads\/2022\/09\/Technic-K-box-10246B-Static-Version-18-Terzo-Millennio-DJ-Rambo-Sports-Car-5-768x768.jpg 768w, https:\/\/mouldking.store\/wp-content\/uploads\/2022\/09\/Technic-K-box-10246B-Static-Version-18-Terzo-Millennio-DJ-Rambo-Sports-Car-5-600x600.jpg 600w, https:\/\/mouldking.store\/wp-content\/uploads\/2022\/09\/Technic-K-box-10246B-Static-Version-18-Terzo-Millennio-DJ-Rambo-Sports-Car-5-150x150.jpg 150w, https:\/\/mouldking.store\/wp-content\/uploads\/2022\/09\/Technic-K-box-10246B-Static-Version-18-Terzo-Millennio-DJ-Rambo-Sports-Car-5-60x60.jpg 60w, https:\/\/mouldking.store\/wp-content\/uploads\/2022\/09\/Technic-K-box-10246B-Static-Version-18-Terzo-Millennio-DJ-Rambo-Sports-Car-5-90x90.jpg 90w\" sizes=\"(max-width: 800px) 100vw, 800px\" \/><figcaption id=\"caption-attachment-32372\" class=\"wp-caption-text\">K-Box 10246B Statische Version 1:8 Terzo Millennio DJ Rambo Sportwagen mit 3358 Teilen<\/figcaption><\/figure>\n<figure id=\"attachment_32371\" aria-describedby=\"caption-attachment-32371\" style=\"width: 800px\" class=\"wp-caption aligncenter\"><img decoding=\"async\" class=\"wp-image-32371 size-full\" src=\"https:\/\/mouldking.store\/wp-content\/uploads\/2022\/09\/Technic-K-box-10246B-Static-Version-18-Terzo-Millennio-DJ-Rambo-Sports-Car-4.jpg\" alt=\"K-box 10246B Static Version 1:8 Terzo Millennio DJ Rambo Sports Car with 3358 Pieces\" width=\"800\" height=\"800\" title=\"-\" srcset=\"https:\/\/mouldking.store\/wp-content\/uploads\/2022\/09\/Technic-K-box-10246B-Static-Version-18-Terzo-Millennio-DJ-Rambo-Sports-Car-4.jpg 800w, https:\/\/mouldking.store\/wp-content\/uploads\/2022\/09\/Technic-K-box-10246B-Static-Version-18-Terzo-Millennio-DJ-Rambo-Sports-Car-4-300x300.jpg 300w, https:\/\/mouldking.store\/wp-content\/uploads\/2022\/09\/Technic-K-box-10246B-Static-Version-18-Terzo-Millennio-DJ-Rambo-Sports-Car-4-768x768.jpg 768w, https:\/\/mouldking.store\/wp-content\/uploads\/2022\/09\/Technic-K-box-10246B-Static-Version-18-Terzo-Millennio-DJ-Rambo-Sports-Car-4-600x600.jpg 600w, https:\/\/mouldking.store\/wp-content\/uploads\/2022\/09\/Technic-K-box-10246B-Static-Version-18-Terzo-Millennio-DJ-Rambo-Sports-Car-4-150x150.jpg 150w, https:\/\/mouldking.store\/wp-content\/uploads\/2022\/09\/Technic-K-box-10246B-Static-Version-18-Terzo-Millennio-DJ-Rambo-Sports-Car-4-60x60.jpg 60w, https:\/\/mouldking.store\/wp-content\/uploads\/2022\/09\/Technic-K-box-10246B-Static-Version-18-Terzo-Millennio-DJ-Rambo-Sports-Car-4-90x90.jpg 90w\" sizes=\"(max-width: 800px) 100vw, 800px\" \/><figcaption id=\"caption-attachment-32371\" class=\"wp-caption-text\">K-Box 10246B Statische Version 1:8 Terzo Millennio DJ Rambo Sportwagen mit 3358 Teilen<\/figcaption><\/figure>\n<figure id=\"attachment_32369\" aria-describedby=\"caption-attachment-32369\" style=\"width: 800px\" class=\"wp-caption aligncenter\"><img loading=\"lazy\" decoding=\"async\" class=\"wp-image-32369 size-full\" src=\"https:\/\/mouldking.store\/wp-content\/uploads\/2022\/09\/Technic-K-box-10246B-Static-Version-18-Terzo-Millennio-DJ-Rambo-Sports-Car-2.jpg\" alt=\"K-box 10246B Static Version 1:8 Terzo Millennio DJ Rambo Sports Car with 3358 Pieces\" width=\"800\" height=\"800\" title=\"-\" srcset=\"https:\/\/mouldking.store\/wp-content\/uploads\/2022\/09\/Technic-K-box-10246B-Static-Version-18-Terzo-Millennio-DJ-Rambo-Sports-Car-2.jpg 800w, https:\/\/mouldking.store\/wp-content\/uploads\/2022\/09\/Technic-K-box-10246B-Static-Version-18-Terzo-Millennio-DJ-Rambo-Sports-Car-2-300x300.jpg 300w, https:\/\/mouldking.store\/wp-content\/uploads\/2022\/09\/Technic-K-box-10246B-Static-Version-18-Terzo-Millennio-DJ-Rambo-Sports-Car-2-768x768.jpg 768w, https:\/\/mouldking.store\/wp-content\/uploads\/2022\/09\/Technic-K-box-10246B-Static-Version-18-Terzo-Millennio-DJ-Rambo-Sports-Car-2-600x600.jpg 600w, https:\/\/mouldking.store\/wp-content\/uploads\/2022\/09\/Technic-K-box-10246B-Static-Version-18-Terzo-Millennio-DJ-Rambo-Sports-Car-2-150x150.jpg 150w, https:\/\/mouldking.store\/wp-content\/uploads\/2022\/09\/Technic-K-box-10246B-Static-Version-18-Terzo-Millennio-DJ-Rambo-Sports-Car-2-60x60.jpg 60w, https:\/\/mouldking.store\/wp-content\/uploads\/2022\/09\/Technic-K-box-10246B-Static-Version-18-Terzo-Millennio-DJ-Rambo-Sports-Car-2-90x90.jpg 90w\" sizes=\"(max-width: 800px) 100vw, 800px\" \/><figcaption id=\"caption-attachment-32369\" class=\"wp-caption-text\">K-Box 10246B Statische Version 1:8 Terzo Millennio DJ Rambo Sportwagen mit 3358 Teilen<\/figcaption><\/figure>\n<figure id=\"attachment_32370\" aria-describedby=\"caption-attachment-32370\" style=\"width: 800px\" class=\"wp-caption aligncenter\"><img loading=\"lazy\" decoding=\"async\" class=\"wp-image-32370 size-full\" src=\"https:\/\/mouldking.store\/wp-content\/uploads\/2022\/09\/Technic-K-box-10246B-Static-Version-18-Terzo-Millennio-DJ-Rambo-Sports-Car-3.jpg\" alt=\"K-box 10246B Static Version 1:8 Terzo Millennio DJ Rambo Sports Car with 3358 Pieces\" width=\"800\" height=\"800\" title=\"-\" srcset=\"https:\/\/mouldking.store\/wp-content\/uploads\/2022\/09\/Technic-K-box-10246B-Static-Version-18-Terzo-Millennio-DJ-Rambo-Sports-Car-3.jpg 800w, https:\/\/mouldking.store\/wp-content\/uploads\/2022\/09\/Technic-K-box-10246B-Static-Version-18-Terzo-Millennio-DJ-Rambo-Sports-Car-3-300x300.jpg 300w, https:\/\/mouldking.store\/wp-content\/uploads\/2022\/09\/Technic-K-box-10246B-Static-Version-18-Terzo-Millennio-DJ-Rambo-Sports-Car-3-768x768.jpg 768w, https:\/\/mouldking.store\/wp-content\/uploads\/2022\/09\/Technic-K-box-10246B-Static-Version-18-Terzo-Millennio-DJ-Rambo-Sports-Car-3-600x600.jpg 600w, https:\/\/mouldking.store\/wp-content\/uploads\/2022\/09\/Technic-K-box-10246B-Static-Version-18-Terzo-Millennio-DJ-Rambo-Sports-Car-3-150x150.jpg 150w, https:\/\/mouldking.store\/wp-content\/uploads\/2022\/09\/Technic-K-box-10246B-Static-Version-18-Terzo-Millennio-DJ-Rambo-Sports-Car-3-60x60.jpg 60w, https:\/\/mouldking.store\/wp-content\/uploads\/2022\/09\/Technic-K-box-10246B-Static-Version-18-Terzo-Millennio-DJ-Rambo-Sports-Car-3-90x90.jpg 90w\" sizes=\"(max-width: 800px) 100vw, 800px\" \/><figcaption id=\"caption-attachment-32370\" class=\"wp-caption-text\">K-Box 10246B Statische Version 1:8 Terzo Millennio DJ Rambo Sportwagen mit 3358 Teilen<\/figcaption><\/figure>","protected":false},"excerpt":{"rendered":"<p>Product information: Brand: K-box Gender: Unisex Name: Static Version 1:8 Terzo Millennio DJ Rambo Sports Car Age Range: &gt; 6 years old Model Number: 10246B Classification: Assemblage Plastic Block Shape: Self-Locking Bricks Material: Plastic Plastic Type: ABS Bricks Blocks: 3358 PCS Size: 26.5 x 57 x 13.5 cm Contains detailed assembly instructions. Notice: 1. Without [&hellip;]<\/p>","protected":false},"featured_media":32368,"comment_status":"closed","ping_status":"closed","template":"","meta":{"_acf_changed":false},"product_cat":[364],"product_tag":[5850,5848,5849],"class_list":["product","first","instock","shipping-taxable","purchasable","product-type-simple"],"acf":[],"_links":{"self":[{"href":"https:\/\/mouldking.store\/de\/wp-json\/wp\/v2\/product\/32367","targetHints":{"allow":["GET"]}}],"collection":[{"href":"https:\/\/mouldking.store\/de\/wp-json\/wp\/v2\/product"}],"about":[{"href":"https:\/\/mouldking.store\/de\/wp-json\/wp\/v2\/types\/product"}],"replies":[{"embeddable":true,"href":"https:\/\/mouldking.store\/de\/wp-json\/wp\/v2\/comments?post=32367"}],"wp:featuredmedia":[{"embeddable":true,"href":"https:\/\/mouldking.store\/de\/wp-json\/wp\/v2\/media\/32368"}],"wp:attachment":[{"href":"https:\/\/mouldking.store\/de\/wp-json\/wp\/v2\/media?parent=32367"}],"wp:term":[{"taxonomy":"product_cat","embeddable":true,"href":"https:\/\/mouldking.store\/de\/wp-json\/wp\/v2\/product_cat?post=32367"},{"taxonomy":"product_tag","embeddable":true,"href":"https:\/\/mouldking.store\/de\/wp-json\/wp\/v2\/product_tag?post=32367"}],"curies":[{"name":"wp","href":"https:\/\/api.w.org\/{rel}","templated":true}]}}