{"id":32392,"date":"2022-09-14T11:04:35","date_gmt":"2022-09-14T04:04:35","guid":{"rendered":"https:\/\/mouldking.store\/?post_type=product&#038;p=32392"},"modified":"2022-09-14T11:04:35","modified_gmt":"2022-09-14T04:04:35","slug":"taigaole-t5027a-110-blue-bugatti-sports-car-with-2003-pieces","status":"publish","type":"product","link":"https:\/\/mouldking.store\/de\/shop\/taigaole-t5027a-110-blue-bugatti-sports-car-with-2003-pieces\/","title":{"rendered":"TAIGAOLE T5027A 1:10 blauer Bugatti-Sportwagen mit 2003 Teilen"},"content":{"rendered":"<p>Produktinformation:<\/p>\n<ol>\n<li>Brand: TAIGAOLE<\/li>\n<li>Geschlecht: Unisex<\/li>\n<li>Name: 1:10 Blue Bugatti Sports Car<\/li>\n<li>Altersspanne: &gt; 6 Jahre alt<\/li>\n<li>Model Number: T5027A<\/li>\n<li>Einstufung: Assemblage<\/li>\n<li>Kunststoffblockform: Selbstsichernde Steine<\/li>\n<li>Material: Kunststoff<\/li>\n<li>Kunststofftyp: ABS<\/li>\n<li>Bricks Blocks: 2003 PCS<\/li>\n<li>Enth\u00e4lt eine ausf\u00fchrliche Montageanleitung.<\/li>\n<\/ol>\n<p>Notiz:<br \/>\n1. Ohne Originalverpackung, aber wir garantieren, dass unsere Produkte eine Qualit\u00e4tssicherung und eine sch\u00f6ne Verpackung haben.<br \/>\n2. Wie alle Teile, die wir vor dem Versand \u00fcberpr\u00fcft haben, machen Sie sich keine Sorgen, wenn Sie feststellen, dass einige Teile fehlen oder besch\u00e4digt sind, und kontaktieren Sie uns einfach, und wir k\u00f6nnen sie Ihnen umgehend kostenlos erneut zusenden.<\/p>\n<p>&nbsp;<\/p>\n<figure id=\"attachment_32393\" aria-describedby=\"caption-attachment-32393\" style=\"width: 800px\" class=\"wp-caption aligncenter\"><img fetchpriority=\"high\" decoding=\"async\" class=\"wp-image-32393 size-full\" src=\"https:\/\/mouldking.store\/wp-content\/uploads\/2022\/09\/Technic-TAIGAOLE-T5027A-110-Blue-Bugatti-Sports-Car-1.jpg\" alt=\"TAIGAOLE T5027A 1:10 Blue Bugatti Sports Car with 2003 Pieces\" width=\"800\" height=\"800\" title=\"-\" srcset=\"https:\/\/mouldking.store\/wp-content\/uploads\/2022\/09\/Technic-TAIGAOLE-T5027A-110-Blue-Bugatti-Sports-Car-1.jpg 800w, https:\/\/mouldking.store\/wp-content\/uploads\/2022\/09\/Technic-TAIGAOLE-T5027A-110-Blue-Bugatti-Sports-Car-1-300x300.jpg 300w, https:\/\/mouldking.store\/wp-content\/uploads\/2022\/09\/Technic-TAIGAOLE-T5027A-110-Blue-Bugatti-Sports-Car-1-768x768.jpg 768w, https:\/\/mouldking.store\/wp-content\/uploads\/2022\/09\/Technic-TAIGAOLE-T5027A-110-Blue-Bugatti-Sports-Car-1-600x600.jpg 600w, https:\/\/mouldking.store\/wp-content\/uploads\/2022\/09\/Technic-TAIGAOLE-T5027A-110-Blue-Bugatti-Sports-Car-1-150x150.jpg 150w, https:\/\/mouldking.store\/wp-content\/uploads\/2022\/09\/Technic-TAIGAOLE-T5027A-110-Blue-Bugatti-Sports-Car-1-60x60.jpg 60w, https:\/\/mouldking.store\/wp-content\/uploads\/2022\/09\/Technic-TAIGAOLE-T5027A-110-Blue-Bugatti-Sports-Car-1-90x90.jpg 90w\" sizes=\"(max-width: 800px) 100vw, 800px\" \/><figcaption id=\"caption-attachment-32393\" class=\"wp-caption-text\">TAIGAOLE T5027A 1:10 blauer Bugatti-Sportwagen mit 2003 Teilen<\/figcaption><\/figure>\n<figure id=\"attachment_32396\" aria-describedby=\"caption-attachment-32396\" style=\"width: 800px\" class=\"wp-caption aligncenter\"><img decoding=\"async\" class=\"wp-image-32396 size-full\" src=\"https:\/\/mouldking.store\/wp-content\/uploads\/2022\/09\/Technic-TAIGAOLE-T5027A-110-Blue-Bugatti-Sports-Car-4.jpg\" alt=\"TAIGAOLE T5027A 1:10 Blue Bugatti Sports Car with 2003 Pieces\" width=\"800\" height=\"800\" title=\"-\" srcset=\"https:\/\/mouldking.store\/wp-content\/uploads\/2022\/09\/Technic-TAIGAOLE-T5027A-110-Blue-Bugatti-Sports-Car-4.jpg 800w, https:\/\/mouldking.store\/wp-content\/uploads\/2022\/09\/Technic-TAIGAOLE-T5027A-110-Blue-Bugatti-Sports-Car-4-300x300.jpg 300w, https:\/\/mouldking.store\/wp-content\/uploads\/2022\/09\/Technic-TAIGAOLE-T5027A-110-Blue-Bugatti-Sports-Car-4-768x768.jpg 768w, https:\/\/mouldking.store\/wp-content\/uploads\/2022\/09\/Technic-TAIGAOLE-T5027A-110-Blue-Bugatti-Sports-Car-4-600x600.jpg 600w, https:\/\/mouldking.store\/wp-content\/uploads\/2022\/09\/Technic-TAIGAOLE-T5027A-110-Blue-Bugatti-Sports-Car-4-150x150.jpg 150w, https:\/\/mouldking.store\/wp-content\/uploads\/2022\/09\/Technic-TAIGAOLE-T5027A-110-Blue-Bugatti-Sports-Car-4-60x60.jpg 60w, https:\/\/mouldking.store\/wp-content\/uploads\/2022\/09\/Technic-TAIGAOLE-T5027A-110-Blue-Bugatti-Sports-Car-4-90x90.jpg 90w\" sizes=\"(max-width: 800px) 100vw, 800px\" \/><figcaption id=\"caption-attachment-32396\" class=\"wp-caption-text\">TAIGAOLE T5027A 1:10 blauer Bugatti-Sportwagen mit 2003 Teilen<\/figcaption><\/figure>\n<figure id=\"attachment_32395\" aria-describedby=\"caption-attachment-32395\" style=\"width: 800px\" class=\"wp-caption aligncenter\"><img decoding=\"async\" class=\"wp-image-32395 size-full\" src=\"https:\/\/mouldking.store\/wp-content\/uploads\/2022\/09\/Technic-TAIGAOLE-T5027A-110-Blue-Bugatti-Sports-Car-3.jpg\" alt=\"TAIGAOLE T5027A 1:10 Blue Bugatti Sports Car with 2003 Pieces\" width=\"800\" height=\"800\" title=\"-\" srcset=\"https:\/\/mouldking.store\/wp-content\/uploads\/2022\/09\/Technic-TAIGAOLE-T5027A-110-Blue-Bugatti-Sports-Car-3.jpg 800w, https:\/\/mouldking.store\/wp-content\/uploads\/2022\/09\/Technic-TAIGAOLE-T5027A-110-Blue-Bugatti-Sports-Car-3-300x300.jpg 300w, https:\/\/mouldking.store\/wp-content\/uploads\/2022\/09\/Technic-TAIGAOLE-T5027A-110-Blue-Bugatti-Sports-Car-3-768x768.jpg 768w, https:\/\/mouldking.store\/wp-content\/uploads\/2022\/09\/Technic-TAIGAOLE-T5027A-110-Blue-Bugatti-Sports-Car-3-600x600.jpg 600w, https:\/\/mouldking.store\/wp-content\/uploads\/2022\/09\/Technic-TAIGAOLE-T5027A-110-Blue-Bugatti-Sports-Car-3-150x150.jpg 150w, https:\/\/mouldking.store\/wp-content\/uploads\/2022\/09\/Technic-TAIGAOLE-T5027A-110-Blue-Bugatti-Sports-Car-3-60x60.jpg 60w, https:\/\/mouldking.store\/wp-content\/uploads\/2022\/09\/Technic-TAIGAOLE-T5027A-110-Blue-Bugatti-Sports-Car-3-90x90.jpg 90w\" sizes=\"(max-width: 800px) 100vw, 800px\" \/><figcaption id=\"caption-attachment-32395\" class=\"wp-caption-text\">TAIGAOLE T5027A 1:10 blauer Bugatti-Sportwagen mit 2003 Teilen<\/figcaption><\/figure>\n<figure id=\"attachment_32394\" aria-describedby=\"caption-attachment-32394\" style=\"width: 800px\" class=\"wp-caption aligncenter\"><img loading=\"lazy\" decoding=\"async\" class=\"wp-image-32394 size-full\" src=\"https:\/\/mouldking.store\/wp-content\/uploads\/2022\/09\/Technic-TAIGAOLE-T5027A-110-Blue-Bugatti-Sports-Car-2.jpg\" alt=\"TAIGAOLE T5027A 1:10 Blue Bugatti Sports Car with 2003 Pieces\" width=\"800\" height=\"800\" title=\"-\" srcset=\"https:\/\/mouldking.store\/wp-content\/uploads\/2022\/09\/Technic-TAIGAOLE-T5027A-110-Blue-Bugatti-Sports-Car-2.jpg 800w, https:\/\/mouldking.store\/wp-content\/uploads\/2022\/09\/Technic-TAIGAOLE-T5027A-110-Blue-Bugatti-Sports-Car-2-300x300.jpg 300w, https:\/\/mouldking.store\/wp-content\/uploads\/2022\/09\/Technic-TAIGAOLE-T5027A-110-Blue-Bugatti-Sports-Car-2-768x768.jpg 768w, https:\/\/mouldking.store\/wp-content\/uploads\/2022\/09\/Technic-TAIGAOLE-T5027A-110-Blue-Bugatti-Sports-Car-2-600x600.jpg 600w, https:\/\/mouldking.store\/wp-content\/uploads\/2022\/09\/Technic-TAIGAOLE-T5027A-110-Blue-Bugatti-Sports-Car-2-150x150.jpg 150w, https:\/\/mouldking.store\/wp-content\/uploads\/2022\/09\/Technic-TAIGAOLE-T5027A-110-Blue-Bugatti-Sports-Car-2-60x60.jpg 60w, https:\/\/mouldking.store\/wp-content\/uploads\/2022\/09\/Technic-TAIGAOLE-T5027A-110-Blue-Bugatti-Sports-Car-2-90x90.jpg 90w\" sizes=\"(max-width: 800px) 100vw, 800px\" \/><figcaption id=\"caption-attachment-32394\" class=\"wp-caption-text\">TAIGAOLE T5027A 1:10 blauer Bugatti-Sportwagen mit 2003 Teilen<\/figcaption><\/figure>","protected":false},"excerpt":{"rendered":"<p>Product information: Brand: TAIGAOLE Gender: Unisex Name: 1:10 Blue Bugatti Sports Car Age Range: &gt; 6 years old Model Number: T5027A Classification: Assemblage Plastic Block Shape: Self-Locking Bricks Material: Plastic Plastic Type: ABS Bricks Blocks: 2003 PCS Contains detailed assembly instructions. Notice: 1. Without an original box, but we guarantee our products have quality assurance [&hellip;]<\/p>","protected":false},"featured_media":32393,"comment_status":"closed","ping_status":"closed","template":"","meta":{"_acf_changed":false},"product_cat":[364],"product_tag":[5862,1730,5861,5860],"class_list":["product","first","instock","shipping-taxable","purchasable","product-type-variable"],"acf":[],"_links":{"self":[{"href":"https:\/\/mouldking.store\/de\/wp-json\/wp\/v2\/product\/32392","targetHints":{"allow":["GET"]}}],"collection":[{"href":"https:\/\/mouldking.store\/de\/wp-json\/wp\/v2\/product"}],"about":[{"href":"https:\/\/mouldking.store\/de\/wp-json\/wp\/v2\/types\/product"}],"replies":[{"embeddable":true,"href":"https:\/\/mouldking.store\/de\/wp-json\/wp\/v2\/comments?post=32392"}],"wp:featuredmedia":[{"embeddable":true,"href":"https:\/\/mouldking.store\/de\/wp-json\/wp\/v2\/media\/32393"}],"wp:attachment":[{"href":"https:\/\/mouldking.store\/de\/wp-json\/wp\/v2\/media?parent=32392"}],"wp:term":[{"taxonomy":"product_cat","embeddable":true,"href":"https:\/\/mouldking.store\/de\/wp-json\/wp\/v2\/product_cat?post=32392"},{"taxonomy":"product_tag","embeddable":true,"href":"https:\/\/mouldking.store\/de\/wp-json\/wp\/v2\/product_tag?post=32392"}],"curies":[{"name":"wp","href":"https:\/\/api.w.org\/{rel}","templated":true}]}}