{"id":32445,"date":"2022-09-14T11:39:20","date_gmt":"2022-09-14T04:39:20","guid":{"rendered":"https:\/\/mouldking.store\/?post_type=product&#038;p=32445"},"modified":"2022-09-14T11:39:20","modified_gmt":"2022-09-14T04:39:20","slug":"mould-king-17026-pneumatic-loader-l550-with-motor-with-1803-pieces","status":"publish","type":"product","link":"https:\/\/mouldking.store\/de\/shop\/mould-king-17026-pneumatic-loader-l550-with-motor-with-1803-pieces\/","title":{"rendered":"Mould King 17026 Pneumatischer Lader L550 mit Motor mit 1803 Teilen"},"content":{"rendered":"<p>Produktinformation:<\/p>\n<ol>\n<li>Marke: Mould King<\/li>\n<li>Geschlecht: Unisex<\/li>\n<li>Name: Pneumatic Loader L550<\/li>\n<li>Altersspanne: &gt; 14 Jahre alt<\/li>\n<li>Model Number: 17026<\/li>\n<li>Einstufung: Assemblage<\/li>\n<li>Kunststoffblockform: Selbstsichernde Steine<\/li>\n<li>Material: Kunststoff<\/li>\n<li>Kunststofftyp: ABS<\/li>\n<li>Bricks Blocks: 1803 PCS<\/li>\n<li>Enth\u00e4lt eine ausf\u00fchrliche Montageanleitung.<\/li>\n<\/ol>\n<p>Notiz:<br \/>\n1. Ohne Originalverpackung, aber wir garantieren, dass unsere Produkte eine Qualit\u00e4tssicherung und eine sch\u00f6ne Verpackung haben.<br \/>\n2. Wie alle Teile, die wir vor dem Versand \u00fcberpr\u00fcft haben, machen Sie sich keine Sorgen, wenn Sie feststellen, dass einige Teile fehlen oder besch\u00e4digt sind, und kontaktieren Sie uns einfach, und wir k\u00f6nnen sie Ihnen umgehend kostenlos erneut zusenden.<\/p>\n<p>&nbsp;<\/p>\n<figure id=\"attachment_32446\" aria-describedby=\"caption-attachment-32446\" style=\"width: 800px\" class=\"wp-caption aligncenter\"><img fetchpriority=\"high\" decoding=\"async\" class=\"wp-image-32446 size-full\" src=\"https:\/\/mouldking.store\/wp-content\/uploads\/2022\/09\/Technic-Mould-King-17026-Pneumatic-Loader-L550-with-Motor-1.jpg\" alt=\"Mould King 17026 Pneumatic Loader L550 with Motor with 1803 Pieces\" width=\"800\" height=\"800\" title=\"-\" srcset=\"https:\/\/mouldking.store\/wp-content\/uploads\/2022\/09\/Technic-Mould-King-17026-Pneumatic-Loader-L550-with-Motor-1.jpg 800w, https:\/\/mouldking.store\/wp-content\/uploads\/2022\/09\/Technic-Mould-King-17026-Pneumatic-Loader-L550-with-Motor-1-300x300.jpg 300w, https:\/\/mouldking.store\/wp-content\/uploads\/2022\/09\/Technic-Mould-King-17026-Pneumatic-Loader-L550-with-Motor-1-768x768.jpg 768w, https:\/\/mouldking.store\/wp-content\/uploads\/2022\/09\/Technic-Mould-King-17026-Pneumatic-Loader-L550-with-Motor-1-600x600.jpg 600w, https:\/\/mouldking.store\/wp-content\/uploads\/2022\/09\/Technic-Mould-King-17026-Pneumatic-Loader-L550-with-Motor-1-150x150.jpg 150w, https:\/\/mouldking.store\/wp-content\/uploads\/2022\/09\/Technic-Mould-King-17026-Pneumatic-Loader-L550-with-Motor-1-60x60.jpg 60w, https:\/\/mouldking.store\/wp-content\/uploads\/2022\/09\/Technic-Mould-King-17026-Pneumatic-Loader-L550-with-Motor-1-90x90.jpg 90w\" sizes=\"(max-width: 800px) 100vw, 800px\" \/><figcaption id=\"caption-attachment-32446\" class=\"wp-caption-text\">Mould King 17026 Pneumatischer Lader L550 mit Motor mit 1803 Teilen<\/figcaption><\/figure>\n<figure id=\"attachment_32447\" aria-describedby=\"caption-attachment-32447\" style=\"width: 800px\" class=\"wp-caption aligncenter\"><img decoding=\"async\" class=\"wp-image-32447 size-full\" src=\"https:\/\/mouldking.store\/wp-content\/uploads\/2022\/09\/Technic-Mould-King-17026-Pneumatic-Loader-L550-with-Motor-2.jpg\" alt=\"Mould King 17026 Pneumatic Loader L550 with Motor with 1803 Pieces\" width=\"800\" height=\"800\" title=\"-\" srcset=\"https:\/\/mouldking.store\/wp-content\/uploads\/2022\/09\/Technic-Mould-King-17026-Pneumatic-Loader-L550-with-Motor-2.jpg 800w, https:\/\/mouldking.store\/wp-content\/uploads\/2022\/09\/Technic-Mould-King-17026-Pneumatic-Loader-L550-with-Motor-2-300x300.jpg 300w, https:\/\/mouldking.store\/wp-content\/uploads\/2022\/09\/Technic-Mould-King-17026-Pneumatic-Loader-L550-with-Motor-2-768x768.jpg 768w, https:\/\/mouldking.store\/wp-content\/uploads\/2022\/09\/Technic-Mould-King-17026-Pneumatic-Loader-L550-with-Motor-2-600x600.jpg 600w, https:\/\/mouldking.store\/wp-content\/uploads\/2022\/09\/Technic-Mould-King-17026-Pneumatic-Loader-L550-with-Motor-2-150x150.jpg 150w, https:\/\/mouldking.store\/wp-content\/uploads\/2022\/09\/Technic-Mould-King-17026-Pneumatic-Loader-L550-with-Motor-2-60x60.jpg 60w, https:\/\/mouldking.store\/wp-content\/uploads\/2022\/09\/Technic-Mould-King-17026-Pneumatic-Loader-L550-with-Motor-2-90x90.jpg 90w\" sizes=\"(max-width: 800px) 100vw, 800px\" \/><figcaption id=\"caption-attachment-32447\" class=\"wp-caption-text\">Mould King 17026 Pneumatischer Lader L550 mit Motor mit 1803 Teilen<\/figcaption><\/figure>\n<figure id=\"attachment_32448\" aria-describedby=\"caption-attachment-32448\" style=\"width: 800px\" class=\"wp-caption aligncenter\"><img decoding=\"async\" class=\"wp-image-32448 size-full\" src=\"https:\/\/mouldking.store\/wp-content\/uploads\/2022\/09\/Technic-Mould-King-17026-Pneumatic-Loader-L550-with-Motor-3.jpg\" alt=\"Mould King 17026 Pneumatic Loader L550 with Motor with 1803 Pieces\" width=\"800\" height=\"800\" title=\"-\" srcset=\"https:\/\/mouldking.store\/wp-content\/uploads\/2022\/09\/Technic-Mould-King-17026-Pneumatic-Loader-L550-with-Motor-3.jpg 800w, https:\/\/mouldking.store\/wp-content\/uploads\/2022\/09\/Technic-Mould-King-17026-Pneumatic-Loader-L550-with-Motor-3-300x300.jpg 300w, https:\/\/mouldking.store\/wp-content\/uploads\/2022\/09\/Technic-Mould-King-17026-Pneumatic-Loader-L550-with-Motor-3-768x768.jpg 768w, https:\/\/mouldking.store\/wp-content\/uploads\/2022\/09\/Technic-Mould-King-17026-Pneumatic-Loader-L550-with-Motor-3-600x600.jpg 600w, https:\/\/mouldking.store\/wp-content\/uploads\/2022\/09\/Technic-Mould-King-17026-Pneumatic-Loader-L550-with-Motor-3-150x150.jpg 150w, https:\/\/mouldking.store\/wp-content\/uploads\/2022\/09\/Technic-Mould-King-17026-Pneumatic-Loader-L550-with-Motor-3-60x60.jpg 60w, https:\/\/mouldking.store\/wp-content\/uploads\/2022\/09\/Technic-Mould-King-17026-Pneumatic-Loader-L550-with-Motor-3-90x90.jpg 90w\" sizes=\"(max-width: 800px) 100vw, 800px\" \/><figcaption id=\"caption-attachment-32448\" class=\"wp-caption-text\">Mould King 17026 Pneumatischer Lader L550 mit Motor mit 1803 Teilen<\/figcaption><\/figure>\n<figure id=\"attachment_32450\" aria-describedby=\"caption-attachment-32450\" style=\"width: 800px\" class=\"wp-caption aligncenter\"><img loading=\"lazy\" decoding=\"async\" class=\"wp-image-32450 size-full\" src=\"https:\/\/mouldking.store\/wp-content\/uploads\/2022\/09\/Technic-Mould-King-17026-Pneumatic-Loader-L550-with-Motor-5.jpg\" alt=\"Mould King 17026 Pneumatic Loader L550 with Motor with 1803 Pieces\" width=\"800\" height=\"800\" title=\"-\" srcset=\"https:\/\/mouldking.store\/wp-content\/uploads\/2022\/09\/Technic-Mould-King-17026-Pneumatic-Loader-L550-with-Motor-5.jpg 800w, https:\/\/mouldking.store\/wp-content\/uploads\/2022\/09\/Technic-Mould-King-17026-Pneumatic-Loader-L550-with-Motor-5-300x300.jpg 300w, https:\/\/mouldking.store\/wp-content\/uploads\/2022\/09\/Technic-Mould-King-17026-Pneumatic-Loader-L550-with-Motor-5-768x768.jpg 768w, https:\/\/mouldking.store\/wp-content\/uploads\/2022\/09\/Technic-Mould-King-17026-Pneumatic-Loader-L550-with-Motor-5-600x600.jpg 600w, https:\/\/mouldking.store\/wp-content\/uploads\/2022\/09\/Technic-Mould-King-17026-Pneumatic-Loader-L550-with-Motor-5-150x150.jpg 150w, https:\/\/mouldking.store\/wp-content\/uploads\/2022\/09\/Technic-Mould-King-17026-Pneumatic-Loader-L550-with-Motor-5-60x60.jpg 60w, https:\/\/mouldking.store\/wp-content\/uploads\/2022\/09\/Technic-Mould-King-17026-Pneumatic-Loader-L550-with-Motor-5-90x90.jpg 90w\" sizes=\"(max-width: 800px) 100vw, 800px\" \/><figcaption id=\"caption-attachment-32450\" class=\"wp-caption-text\">Mould King 17026 Pneumatischer Lader L550 mit Motor mit 1803 Teilen<\/figcaption><\/figure>\n<figure id=\"attachment_32449\" aria-describedby=\"caption-attachment-32449\" style=\"width: 800px\" class=\"wp-caption aligncenter\"><img loading=\"lazy\" decoding=\"async\" class=\"wp-image-32449 size-full\" src=\"https:\/\/mouldking.store\/wp-content\/uploads\/2022\/09\/Technic-Mould-King-17026-Pneumatic-Loader-L550-with-Motor-4.jpg\" alt=\"Mould King 17026 Pneumatic Loader L550 with Motor with 1803 Pieces\" width=\"800\" height=\"800\" title=\"-\" srcset=\"https:\/\/mouldking.store\/wp-content\/uploads\/2022\/09\/Technic-Mould-King-17026-Pneumatic-Loader-L550-with-Motor-4.jpg 800w, https:\/\/mouldking.store\/wp-content\/uploads\/2022\/09\/Technic-Mould-King-17026-Pneumatic-Loader-L550-with-Motor-4-300x300.jpg 300w, https:\/\/mouldking.store\/wp-content\/uploads\/2022\/09\/Technic-Mould-King-17026-Pneumatic-Loader-L550-with-Motor-4-768x768.jpg 768w, https:\/\/mouldking.store\/wp-content\/uploads\/2022\/09\/Technic-Mould-King-17026-Pneumatic-Loader-L550-with-Motor-4-600x600.jpg 600w, https:\/\/mouldking.store\/wp-content\/uploads\/2022\/09\/Technic-Mould-King-17026-Pneumatic-Loader-L550-with-Motor-4-150x150.jpg 150w, https:\/\/mouldking.store\/wp-content\/uploads\/2022\/09\/Technic-Mould-King-17026-Pneumatic-Loader-L550-with-Motor-4-60x60.jpg 60w, https:\/\/mouldking.store\/wp-content\/uploads\/2022\/09\/Technic-Mould-King-17026-Pneumatic-Loader-L550-with-Motor-4-90x90.jpg 90w\" sizes=\"(max-width: 800px) 100vw, 800px\" \/><figcaption id=\"caption-attachment-32449\" class=\"wp-caption-text\">Mould King 17026 Pneumatischer Lader L550 mit Motor mit 1803 Teilen<\/figcaption><\/figure>","protected":false},"excerpt":{"rendered":"<p>Product information: Brand: Mould King Gender: Unisex Name: Pneumatic Loader L550 Age Range: &gt; 14 years old Model Number: 17026 Classification: Assemblage Plastic Block Shape: Self-Locking Bricks Material: Plastic Plastic Type: ABS Bricks Blocks: 1803 PCS Contains detailed assembly instructions. Notice: 1. Without an original box, but we guarantee our products have quality assurance and [&hellip;]<\/p>","protected":false},"featured_media":32446,"comment_status":"closed","ping_status":"closed","template":"","meta":{"_acf_changed":false},"product_cat":[364],"product_tag":[5886,5885,5887],"class_list":["product","first","instock","shipping-taxable","purchasable","product-type-simple"],"acf":[],"_links":{"self":[{"href":"https:\/\/mouldking.store\/de\/wp-json\/wp\/v2\/product\/32445","targetHints":{"allow":["GET"]}}],"collection":[{"href":"https:\/\/mouldking.store\/de\/wp-json\/wp\/v2\/product"}],"about":[{"href":"https:\/\/mouldking.store\/de\/wp-json\/wp\/v2\/types\/product"}],"replies":[{"embeddable":true,"href":"https:\/\/mouldking.store\/de\/wp-json\/wp\/v2\/comments?post=32445"}],"wp:featuredmedia":[{"embeddable":true,"href":"https:\/\/mouldking.store\/de\/wp-json\/wp\/v2\/media\/32446"}],"wp:attachment":[{"href":"https:\/\/mouldking.store\/de\/wp-json\/wp\/v2\/media?parent=32445"}],"wp:term":[{"taxonomy":"product_cat","embeddable":true,"href":"https:\/\/mouldking.store\/de\/wp-json\/wp\/v2\/product_cat?post=32445"},{"taxonomy":"product_tag","embeddable":true,"href":"https:\/\/mouldking.store\/de\/wp-json\/wp\/v2\/product_tag?post=32445"}],"curies":[{"name":"wp","href":"https:\/\/api.w.org\/{rel}","templated":true}]}}