{"id":32462,"date":"2022-09-14T12:09:11","date_gmt":"2022-09-14T05:09:11","guid":{"rendered":"https:\/\/mouldking.store\/?post_type=product&#038;p=32462"},"modified":"2022-09-14T12:09:11","modified_gmt":"2022-09-14T05:09:11","slug":"wange-7213-large-chongqing-hongyadong-with-1720-pieces","status":"publish","type":"product","link":"https:\/\/mouldking.store\/de\/shop\/wange-7213-large-chongqing-hongyadong-with-1720-pieces\/","title":{"rendered":"WANGE 7213 Gro\u00dfe Chongqing Hongyadong mit 1720 Teilen"},"content":{"rendered":"<p>Produktinformation:<\/p>\n<ol>\n<li>Marke: WANGE<\/li>\n<li>Geschlecht: Unisex<\/li>\n<li>Name: Large Chongqing Hongyadong<\/li>\n<li>Altersspanne: &gt; 6 Jahre alt<\/li>\n<li>Model Number: 7213<\/li>\n<li>Einstufung: Assemblage<\/li>\n<li>Kunststoffblockform: Selbstsichernde Steine<\/li>\n<li>Material: Kunststoff<\/li>\n<li>Kunststofftyp: ABS<\/li>\n<li>Bricks Blocks: 1720 PCS<\/li>\n<li>Enth\u00e4lt eine ausf\u00fchrliche Montageanleitung.<\/li>\n<\/ol>\n<p>Notiz:<br \/>\n1. Ohne Originalverpackung, aber wir garantieren, dass unsere Produkte eine Qualit\u00e4tssicherung und eine sch\u00f6ne Verpackung haben.<br \/>\n2. Wie alle Teile, die wir vor dem Versand \u00fcberpr\u00fcft haben, machen Sie sich keine Sorgen, wenn Sie feststellen, dass einige Teile fehlen oder besch\u00e4digt sind, und kontaktieren Sie uns einfach, und wir k\u00f6nnen sie Ihnen umgehend kostenlos erneut zusenden.<\/p>\n<figure id=\"attachment_32467\" aria-describedby=\"caption-attachment-32467\" style=\"width: 800px\" class=\"wp-caption aligncenter\"><img fetchpriority=\"high\" decoding=\"async\" class=\"wp-image-32467 size-full\" src=\"https:\/\/mouldking.store\/wp-content\/uploads\/2022\/09\/Modular-Building-WANGE-7213-Large-Chongqing-Hongyadong-1.jpg\" alt=\"WANGE 7213 Large Chongqing Hongyadong with 1720 Pieces\" width=\"800\" height=\"800\" title=\"-\" srcset=\"https:\/\/mouldking.store\/wp-content\/uploads\/2022\/09\/Modular-Building-WANGE-7213-Large-Chongqing-Hongyadong-1.jpg 800w, https:\/\/mouldking.store\/wp-content\/uploads\/2022\/09\/Modular-Building-WANGE-7213-Large-Chongqing-Hongyadong-1-300x300.jpg 300w, https:\/\/mouldking.store\/wp-content\/uploads\/2022\/09\/Modular-Building-WANGE-7213-Large-Chongqing-Hongyadong-1-768x768.jpg 768w, https:\/\/mouldking.store\/wp-content\/uploads\/2022\/09\/Modular-Building-WANGE-7213-Large-Chongqing-Hongyadong-1-600x600.jpg 600w, https:\/\/mouldking.store\/wp-content\/uploads\/2022\/09\/Modular-Building-WANGE-7213-Large-Chongqing-Hongyadong-1-150x150.jpg 150w, https:\/\/mouldking.store\/wp-content\/uploads\/2022\/09\/Modular-Building-WANGE-7213-Large-Chongqing-Hongyadong-1-60x60.jpg 60w, https:\/\/mouldking.store\/wp-content\/uploads\/2022\/09\/Modular-Building-WANGE-7213-Large-Chongqing-Hongyadong-1-90x90.jpg 90w\" sizes=\"(max-width: 800px) 100vw, 800px\" \/><figcaption id=\"caption-attachment-32467\" class=\"wp-caption-text\">WANGE 7213 Gro\u00dfe Chongqing Hongyadong mit 1720 Teilen<\/figcaption><\/figure>\n<figure id=\"attachment_32466\" aria-describedby=\"caption-attachment-32466\" style=\"width: 800px\" class=\"wp-caption aligncenter\"><img decoding=\"async\" class=\"wp-image-32466 size-full\" src=\"https:\/\/mouldking.store\/wp-content\/uploads\/2022\/09\/Modular-Building-WANGE-7213-Large-Chongqing-Hongyadong-5.jpg\" alt=\"WANGE 7213 Large Chongqing Hongyadong with 1720 Pieces\" width=\"800\" height=\"800\" title=\"-\" srcset=\"https:\/\/mouldking.store\/wp-content\/uploads\/2022\/09\/Modular-Building-WANGE-7213-Large-Chongqing-Hongyadong-5.jpg 800w, https:\/\/mouldking.store\/wp-content\/uploads\/2022\/09\/Modular-Building-WANGE-7213-Large-Chongqing-Hongyadong-5-300x300.jpg 300w, https:\/\/mouldking.store\/wp-content\/uploads\/2022\/09\/Modular-Building-WANGE-7213-Large-Chongqing-Hongyadong-5-768x768.jpg 768w, https:\/\/mouldking.store\/wp-content\/uploads\/2022\/09\/Modular-Building-WANGE-7213-Large-Chongqing-Hongyadong-5-600x600.jpg 600w, https:\/\/mouldking.store\/wp-content\/uploads\/2022\/09\/Modular-Building-WANGE-7213-Large-Chongqing-Hongyadong-5-150x150.jpg 150w, https:\/\/mouldking.store\/wp-content\/uploads\/2022\/09\/Modular-Building-WANGE-7213-Large-Chongqing-Hongyadong-5-60x60.jpg 60w, https:\/\/mouldking.store\/wp-content\/uploads\/2022\/09\/Modular-Building-WANGE-7213-Large-Chongqing-Hongyadong-5-90x90.jpg 90w\" sizes=\"(max-width: 800px) 100vw, 800px\" \/><figcaption id=\"caption-attachment-32466\" class=\"wp-caption-text\">WANGE 7213 Gro\u00dfe Chongqing Hongyadong mit 1720 Teilen<\/figcaption><\/figure>\n<figure id=\"attachment_32465\" aria-describedby=\"caption-attachment-32465\" style=\"width: 800px\" class=\"wp-caption aligncenter\"><img decoding=\"async\" class=\"wp-image-32465 size-full\" src=\"https:\/\/mouldking.store\/wp-content\/uploads\/2022\/09\/Modular-Building-WANGE-7213-Large-Chongqing-Hongyadong-4.jpg\" alt=\"WANGE 7213 Large Chongqing Hongyadong with 1720 Pieces\" width=\"800\" height=\"800\" title=\"-\" srcset=\"https:\/\/mouldking.store\/wp-content\/uploads\/2022\/09\/Modular-Building-WANGE-7213-Large-Chongqing-Hongyadong-4.jpg 800w, https:\/\/mouldking.store\/wp-content\/uploads\/2022\/09\/Modular-Building-WANGE-7213-Large-Chongqing-Hongyadong-4-300x300.jpg 300w, https:\/\/mouldking.store\/wp-content\/uploads\/2022\/09\/Modular-Building-WANGE-7213-Large-Chongqing-Hongyadong-4-768x768.jpg 768w, https:\/\/mouldking.store\/wp-content\/uploads\/2022\/09\/Modular-Building-WANGE-7213-Large-Chongqing-Hongyadong-4-600x600.jpg 600w, https:\/\/mouldking.store\/wp-content\/uploads\/2022\/09\/Modular-Building-WANGE-7213-Large-Chongqing-Hongyadong-4-150x150.jpg 150w, https:\/\/mouldking.store\/wp-content\/uploads\/2022\/09\/Modular-Building-WANGE-7213-Large-Chongqing-Hongyadong-4-60x60.jpg 60w, https:\/\/mouldking.store\/wp-content\/uploads\/2022\/09\/Modular-Building-WANGE-7213-Large-Chongqing-Hongyadong-4-90x90.jpg 90w\" sizes=\"(max-width: 800px) 100vw, 800px\" \/><figcaption id=\"caption-attachment-32465\" class=\"wp-caption-text\">WANGE 7213 Gro\u00dfe Chongqing Hongyadong mit 1720 Teilen<\/figcaption><\/figure>\n<figure id=\"attachment_32464\" aria-describedby=\"caption-attachment-32464\" style=\"width: 800px\" class=\"wp-caption aligncenter\"><img loading=\"lazy\" decoding=\"async\" class=\"wp-image-32464 size-full\" src=\"https:\/\/mouldking.store\/wp-content\/uploads\/2022\/09\/Modular-Building-WANGE-7213-Large-Chongqing-Hongyadong-3.jpg\" alt=\"WANGE 7213 Large Chongqing Hongyadong with 1720 Pieces\" width=\"800\" height=\"800\" title=\"-\" srcset=\"https:\/\/mouldking.store\/wp-content\/uploads\/2022\/09\/Modular-Building-WANGE-7213-Large-Chongqing-Hongyadong-3.jpg 800w, https:\/\/mouldking.store\/wp-content\/uploads\/2022\/09\/Modular-Building-WANGE-7213-Large-Chongqing-Hongyadong-3-300x300.jpg 300w, https:\/\/mouldking.store\/wp-content\/uploads\/2022\/09\/Modular-Building-WANGE-7213-Large-Chongqing-Hongyadong-3-768x768.jpg 768w, https:\/\/mouldking.store\/wp-content\/uploads\/2022\/09\/Modular-Building-WANGE-7213-Large-Chongqing-Hongyadong-3-600x600.jpg 600w, https:\/\/mouldking.store\/wp-content\/uploads\/2022\/09\/Modular-Building-WANGE-7213-Large-Chongqing-Hongyadong-3-150x150.jpg 150w, https:\/\/mouldking.store\/wp-content\/uploads\/2022\/09\/Modular-Building-WANGE-7213-Large-Chongqing-Hongyadong-3-60x60.jpg 60w, https:\/\/mouldking.store\/wp-content\/uploads\/2022\/09\/Modular-Building-WANGE-7213-Large-Chongqing-Hongyadong-3-90x90.jpg 90w\" sizes=\"(max-width: 800px) 100vw, 800px\" \/><figcaption id=\"caption-attachment-32464\" class=\"wp-caption-text\">WANGE 7213 Gro\u00dfe Chongqing Hongyadong mit 1720 Teilen<\/figcaption><\/figure>\n<figure id=\"attachment_32463\" aria-describedby=\"caption-attachment-32463\" style=\"width: 800px\" class=\"wp-caption aligncenter\"><img loading=\"lazy\" decoding=\"async\" class=\"wp-image-32463 size-full\" src=\"https:\/\/mouldking.store\/wp-content\/uploads\/2022\/09\/Modular-Building-WANGE-7213-Large-Chongqing-Hongyadong-2.jpg\" alt=\"WANGE 7213 Large Chongqing Hongyadong with 1720 Pieces\" width=\"800\" height=\"800\" title=\"-\" srcset=\"https:\/\/mouldking.store\/wp-content\/uploads\/2022\/09\/Modular-Building-WANGE-7213-Large-Chongqing-Hongyadong-2.jpg 800w, https:\/\/mouldking.store\/wp-content\/uploads\/2022\/09\/Modular-Building-WANGE-7213-Large-Chongqing-Hongyadong-2-300x300.jpg 300w, https:\/\/mouldking.store\/wp-content\/uploads\/2022\/09\/Modular-Building-WANGE-7213-Large-Chongqing-Hongyadong-2-768x768.jpg 768w, https:\/\/mouldking.store\/wp-content\/uploads\/2022\/09\/Modular-Building-WANGE-7213-Large-Chongqing-Hongyadong-2-600x600.jpg 600w, https:\/\/mouldking.store\/wp-content\/uploads\/2022\/09\/Modular-Building-WANGE-7213-Large-Chongqing-Hongyadong-2-150x150.jpg 150w, https:\/\/mouldking.store\/wp-content\/uploads\/2022\/09\/Modular-Building-WANGE-7213-Large-Chongqing-Hongyadong-2-60x60.jpg 60w, https:\/\/mouldking.store\/wp-content\/uploads\/2022\/09\/Modular-Building-WANGE-7213-Large-Chongqing-Hongyadong-2-90x90.jpg 90w\" sizes=\"(max-width: 800px) 100vw, 800px\" \/><figcaption id=\"caption-attachment-32463\" class=\"wp-caption-text\">WANGE 7213 Gro\u00dfe Chongqing Hongyadong mit 1720 Teilen<\/figcaption><\/figure>","protected":false},"excerpt":{"rendered":"<p>Product information: Brand: WANGE Gender: Unisex Name: Large Chongqing Hongyadong Age Range: &gt; 6 years old Model Number: 7213 Classification: Assemblage Plastic Block Shape: Self-Locking Bricks Material: Plastic Plastic Type: ABS Bricks Blocks: 1720 PCS Contains detailed assembly instructions. Notice: 1. Without an original box, but we guarantee our products have quality assurance and nice [&hellip;]<\/p>","protected":false},"featured_media":32467,"comment_status":"closed","ping_status":"closed","template":"","meta":{"_acf_changed":false},"product_cat":[390],"product_tag":[5896,5895,5894],"class_list":["product","first","instock","shipping-taxable","purchasable","product-type-variable"],"acf":[],"_links":{"self":[{"href":"https:\/\/mouldking.store\/de\/wp-json\/wp\/v2\/product\/32462","targetHints":{"allow":["GET"]}}],"collection":[{"href":"https:\/\/mouldking.store\/de\/wp-json\/wp\/v2\/product"}],"about":[{"href":"https:\/\/mouldking.store\/de\/wp-json\/wp\/v2\/types\/product"}],"replies":[{"embeddable":true,"href":"https:\/\/mouldking.store\/de\/wp-json\/wp\/v2\/comments?post=32462"}],"wp:featuredmedia":[{"embeddable":true,"href":"https:\/\/mouldking.store\/de\/wp-json\/wp\/v2\/media\/32467"}],"wp:attachment":[{"href":"https:\/\/mouldking.store\/de\/wp-json\/wp\/v2\/media?parent=32462"}],"wp:term":[{"taxonomy":"product_cat","embeddable":true,"href":"https:\/\/mouldking.store\/de\/wp-json\/wp\/v2\/product_cat?post=32462"},{"taxonomy":"product_tag","embeddable":true,"href":"https:\/\/mouldking.store\/de\/wp-json\/wp\/v2\/product_tag?post=32462"}],"curies":[{"name":"wp","href":"https:\/\/api.w.org\/{rel}","templated":true}]}}