{"id":32482,"date":"2022-09-14T14:12:47","date_gmt":"2022-09-14T07:12:47","guid":{"rendered":"https:\/\/mouldking.store\/?post_type=product&#038;p=32482"},"modified":"2022-09-14T14:12:47","modified_gmt":"2022-09-14T07:12:47","slug":"pangu-pg12006-barbarossa-project-with-3656-pieces","status":"publish","type":"product","link":"https:\/\/mouldking.store\/de\/shop\/pangu-pg12006-barbarossa-project-with-3656-pieces\/","title":{"rendered":"PANGU PG12006 Barbarossa-Projekt mit 3656 Teilen"},"content":{"rendered":"<p>Produktinformation:<\/p>\n<ol>\n<li>Brand: PANGU<\/li>\n<li>Geschlecht: Unisex<\/li>\n<li>Name: Barbarossa Project<\/li>\n<li>Altersspanne: &gt; 6 Jahre alt<\/li>\n<li>Model Number: PG12006<\/li>\n<li>Einstufung: Assemblage<\/li>\n<li>Kunststoffblockform: Selbstsichernde Steine<\/li>\n<li>Material: Kunststoff<\/li>\n<li>Kunststofftyp: ABS<\/li>\n<li>Bricks Blocks: 3656 PCS<\/li>\n<li>Enth\u00e4lt eine ausf\u00fchrliche Montageanleitung.<\/li>\n<\/ol>\n<p>Notiz:<br \/>\n1. Ohne Originalverpackung, aber wir garantieren, dass unsere Produkte eine Qualit\u00e4tssicherung und eine sch\u00f6ne Verpackung haben.<br \/>\n2. Wie alle Teile, die wir vor dem Versand \u00fcberpr\u00fcft haben, machen Sie sich keine Sorgen, wenn Sie feststellen, dass einige Teile fehlen oder besch\u00e4digt sind, und kontaktieren Sie uns einfach, und wir k\u00f6nnen sie Ihnen umgehend kostenlos erneut zusenden.<\/p>\n<p>&nbsp;<\/p>\n<figure id=\"attachment_32483\" aria-describedby=\"caption-attachment-32483\" style=\"width: 800px\" class=\"wp-caption aligncenter\"><img fetchpriority=\"high\" decoding=\"async\" class=\"wp-image-32483 size-full\" src=\"https:\/\/mouldking.store\/wp-content\/uploads\/2022\/09\/PANGU-PG12006-Barbarossa-Project-2.jpg\" alt=\"PANGU PG12006 Barbarossa Project with 3656 Pieces\" width=\"800\" height=\"800\" title=\"-\" srcset=\"https:\/\/mouldking.store\/wp-content\/uploads\/2022\/09\/PANGU-PG12006-Barbarossa-Project-2.jpg 800w, https:\/\/mouldking.store\/wp-content\/uploads\/2022\/09\/PANGU-PG12006-Barbarossa-Project-2-300x300.jpg 300w, https:\/\/mouldking.store\/wp-content\/uploads\/2022\/09\/PANGU-PG12006-Barbarossa-Project-2-768x768.jpg 768w, https:\/\/mouldking.store\/wp-content\/uploads\/2022\/09\/PANGU-PG12006-Barbarossa-Project-2-600x600.jpg 600w, https:\/\/mouldking.store\/wp-content\/uploads\/2022\/09\/PANGU-PG12006-Barbarossa-Project-2-150x150.jpg 150w, https:\/\/mouldking.store\/wp-content\/uploads\/2022\/09\/PANGU-PG12006-Barbarossa-Project-2-60x60.jpg 60w, https:\/\/mouldking.store\/wp-content\/uploads\/2022\/09\/PANGU-PG12006-Barbarossa-Project-2-90x90.jpg 90w\" sizes=\"(max-width: 800px) 100vw, 800px\" \/><figcaption id=\"caption-attachment-32483\" class=\"wp-caption-text\">PANGU PG12006 Barbarossa-Projekt mit 3656 Teilen<\/figcaption><\/figure>\n<figure id=\"attachment_32486\" aria-describedby=\"caption-attachment-32486\" style=\"width: 800px\" class=\"wp-caption aligncenter\"><img decoding=\"async\" class=\"wp-image-32486 size-full\" src=\"https:\/\/mouldking.store\/wp-content\/uploads\/2022\/09\/PANGU-PG12006-Barbarossa-Project-1.jpg\" alt=\"PANGU PG12006 Barbarossa Project with 3656 Pieces\" width=\"800\" height=\"800\" title=\"-\" srcset=\"https:\/\/mouldking.store\/wp-content\/uploads\/2022\/09\/PANGU-PG12006-Barbarossa-Project-1.jpg 800w, https:\/\/mouldking.store\/wp-content\/uploads\/2022\/09\/PANGU-PG12006-Barbarossa-Project-1-300x300.jpg 300w, https:\/\/mouldking.store\/wp-content\/uploads\/2022\/09\/PANGU-PG12006-Barbarossa-Project-1-768x768.jpg 768w, https:\/\/mouldking.store\/wp-content\/uploads\/2022\/09\/PANGU-PG12006-Barbarossa-Project-1-600x600.jpg 600w, https:\/\/mouldking.store\/wp-content\/uploads\/2022\/09\/PANGU-PG12006-Barbarossa-Project-1-150x150.jpg 150w, https:\/\/mouldking.store\/wp-content\/uploads\/2022\/09\/PANGU-PG12006-Barbarossa-Project-1-60x60.jpg 60w, https:\/\/mouldking.store\/wp-content\/uploads\/2022\/09\/PANGU-PG12006-Barbarossa-Project-1-90x90.jpg 90w\" sizes=\"(max-width: 800px) 100vw, 800px\" \/><figcaption id=\"caption-attachment-32486\" class=\"wp-caption-text\">PANGU PG12006 Barbarossa-Projekt mit 3656 Teilen<\/figcaption><\/figure>\n<figure id=\"attachment_32484\" aria-describedby=\"caption-attachment-32484\" style=\"width: 800px\" class=\"wp-caption aligncenter\"><img decoding=\"async\" class=\"wp-image-32484 size-full\" src=\"https:\/\/mouldking.store\/wp-content\/uploads\/2022\/09\/PANGU-PG12006-Barbarossa-Project-3.jpg\" alt=\"PANGU PG12006 Barbarossa Project with 3656 Pieces\" width=\"800\" height=\"800\" title=\"-\" srcset=\"https:\/\/mouldking.store\/wp-content\/uploads\/2022\/09\/PANGU-PG12006-Barbarossa-Project-3.jpg 800w, https:\/\/mouldking.store\/wp-content\/uploads\/2022\/09\/PANGU-PG12006-Barbarossa-Project-3-300x300.jpg 300w, https:\/\/mouldking.store\/wp-content\/uploads\/2022\/09\/PANGU-PG12006-Barbarossa-Project-3-768x768.jpg 768w, https:\/\/mouldking.store\/wp-content\/uploads\/2022\/09\/PANGU-PG12006-Barbarossa-Project-3-600x600.jpg 600w, https:\/\/mouldking.store\/wp-content\/uploads\/2022\/09\/PANGU-PG12006-Barbarossa-Project-3-150x150.jpg 150w, https:\/\/mouldking.store\/wp-content\/uploads\/2022\/09\/PANGU-PG12006-Barbarossa-Project-3-60x60.jpg 60w, https:\/\/mouldking.store\/wp-content\/uploads\/2022\/09\/PANGU-PG12006-Barbarossa-Project-3-90x90.jpg 90w\" sizes=\"(max-width: 800px) 100vw, 800px\" \/><figcaption id=\"caption-attachment-32484\" class=\"wp-caption-text\">PANGU PG12006 Barbarossa-Projekt mit 3656 Teilen<\/figcaption><\/figure>\n<figure id=\"attachment_32485\" aria-describedby=\"caption-attachment-32485\" style=\"width: 800px\" class=\"wp-caption aligncenter\"><img loading=\"lazy\" decoding=\"async\" class=\"wp-image-32485 size-full\" src=\"https:\/\/mouldking.store\/wp-content\/uploads\/2022\/09\/PANGU-PG12006-Barbarossa-Project-4.jpg\" alt=\"PANGU PG12006 Barbarossa Project with 3656 Pieces\" width=\"800\" height=\"800\" title=\"-\" srcset=\"https:\/\/mouldking.store\/wp-content\/uploads\/2022\/09\/PANGU-PG12006-Barbarossa-Project-4.jpg 800w, https:\/\/mouldking.store\/wp-content\/uploads\/2022\/09\/PANGU-PG12006-Barbarossa-Project-4-300x300.jpg 300w, https:\/\/mouldking.store\/wp-content\/uploads\/2022\/09\/PANGU-PG12006-Barbarossa-Project-4-768x768.jpg 768w, https:\/\/mouldking.store\/wp-content\/uploads\/2022\/09\/PANGU-PG12006-Barbarossa-Project-4-600x600.jpg 600w, https:\/\/mouldking.store\/wp-content\/uploads\/2022\/09\/PANGU-PG12006-Barbarossa-Project-4-150x150.jpg 150w, https:\/\/mouldking.store\/wp-content\/uploads\/2022\/09\/PANGU-PG12006-Barbarossa-Project-4-60x60.jpg 60w, https:\/\/mouldking.store\/wp-content\/uploads\/2022\/09\/PANGU-PG12006-Barbarossa-Project-4-90x90.jpg 90w\" sizes=\"(max-width: 800px) 100vw, 800px\" \/><figcaption id=\"caption-attachment-32485\" class=\"wp-caption-text\">PANGU PG12006 Barbarossa-Projekt mit 3656 Teilen<\/figcaption><\/figure>","protected":false},"excerpt":{"rendered":"<p>Product information: Brand: PANGU Gender: Unisex Name: Barbarossa Project Age Range: &gt; 6 years old Model Number: PG12006 Classification: Assemblage Plastic Block Shape: Self-Locking Bricks Material: Plastic Plastic Type: ABS Bricks Blocks: 3656 PCS Contains detailed assembly instructions. Notice: 1. Without an original box, but we guarantee our products have quality assurance and nice packaging. [&hellip;]<\/p>","protected":false},"featured_media":32483,"comment_status":"closed","ping_status":"closed","template":"","meta":{"_acf_changed":false},"product_cat":[372],"product_tag":[5906,5905,5904],"class_list":["product","first","instock","shipping-taxable","purchasable","product-type-simple"],"acf":[],"_links":{"self":[{"href":"https:\/\/mouldking.store\/de\/wp-json\/wp\/v2\/product\/32482","targetHints":{"allow":["GET"]}}],"collection":[{"href":"https:\/\/mouldking.store\/de\/wp-json\/wp\/v2\/product"}],"about":[{"href":"https:\/\/mouldking.store\/de\/wp-json\/wp\/v2\/types\/product"}],"replies":[{"embeddable":true,"href":"https:\/\/mouldking.store\/de\/wp-json\/wp\/v2\/comments?post=32482"}],"wp:featuredmedia":[{"embeddable":true,"href":"https:\/\/mouldking.store\/de\/wp-json\/wp\/v2\/media\/32483"}],"wp:attachment":[{"href":"https:\/\/mouldking.store\/de\/wp-json\/wp\/v2\/media?parent=32482"}],"wp:term":[{"taxonomy":"product_cat","embeddable":true,"href":"https:\/\/mouldking.store\/de\/wp-json\/wp\/v2\/product_cat?post=32482"},{"taxonomy":"product_tag","embeddable":true,"href":"https:\/\/mouldking.store\/de\/wp-json\/wp\/v2\/product_tag?post=32482"}],"curies":[{"name":"wp","href":"https:\/\/api.w.org\/{rel}","templated":true}]}}