{"id":32508,"date":"2022-09-14T14:58:36","date_gmt":"2022-09-14T07:58:36","guid":{"rendered":"https:\/\/mouldking.store\/?post_type=product&#038;p=32508"},"modified":"2022-09-14T14:58:36","modified_gmt":"2022-09-14T07:58:36","slug":"lisong-88001-luxury-flagship-store-with-light-with-3028-pieces","status":"publish","type":"product","link":"https:\/\/mouldking.store\/de\/shop\/lisong-88001-luxury-flagship-store-with-light-with-3028-pieces\/","title":{"rendered":"Lisong 88001 Luxus-Flagship-Store mit Licht mit 3028 St\u00fcck"},"content":{"rendered":"<p>Produktinformation:<\/p>\n<ol>\n<li>Brand: Lisong<\/li>\n<li>Geschlecht: Unisex<\/li>\n<li>Name: Luxury Flagship Store with Light<\/li>\n<li>Altersspanne: &gt; 6 Jahre alt<\/li>\n<li>Modellnummer: 88001<\/li>\n<li>Einstufung: Assemblage<\/li>\n<li>Kunststoffblockform: Selbstsichernde Steine<\/li>\n<li>Material: Kunststoff<\/li>\n<li>Kunststofftyp: ABS<\/li>\n<li>Bricks Blocks: 3028 PCS<\/li>\n<li>Enth\u00e4lt eine ausf\u00fchrliche Montageanleitung.<\/li>\n<\/ol>\n<p>Notiz:<br \/>\n1. Ohne Originalverpackung, aber wir garantieren, dass unsere Produkte eine Qualit\u00e4tssicherung und eine sch\u00f6ne Verpackung haben.<br \/>\n2. Wie alle Teile, die wir vor dem Versand \u00fcberpr\u00fcft haben, machen Sie sich keine Sorgen, wenn Sie feststellen, dass einige Teile fehlen oder besch\u00e4digt sind, und kontaktieren Sie uns einfach, und wir k\u00f6nnen sie Ihnen umgehend kostenlos erneut zusenden.<\/p>\n<p>&nbsp;<\/p>\n<figure id=\"attachment_32509\" aria-describedby=\"caption-attachment-32509\" style=\"width: 800px\" class=\"wp-caption aligncenter\"><img fetchpriority=\"high\" decoding=\"async\" class=\"wp-image-32509 size-full\" src=\"https:\/\/mouldking.store\/wp-content\/uploads\/2022\/09\/Modular-Buildings-Lisong-88001-Luxury-Flagship-Store-with-Light-1.jpg\" alt=\"Lisong 88001 Luxury Flagship Store with Light with 3028 Pieces\" width=\"800\" height=\"800\" title=\"-\" srcset=\"https:\/\/mouldking.store\/wp-content\/uploads\/2022\/09\/Modular-Buildings-Lisong-88001-Luxury-Flagship-Store-with-Light-1.jpg 800w, https:\/\/mouldking.store\/wp-content\/uploads\/2022\/09\/Modular-Buildings-Lisong-88001-Luxury-Flagship-Store-with-Light-1-300x300.jpg 300w, https:\/\/mouldking.store\/wp-content\/uploads\/2022\/09\/Modular-Buildings-Lisong-88001-Luxury-Flagship-Store-with-Light-1-768x768.jpg 768w, https:\/\/mouldking.store\/wp-content\/uploads\/2022\/09\/Modular-Buildings-Lisong-88001-Luxury-Flagship-Store-with-Light-1-600x600.jpg 600w, https:\/\/mouldking.store\/wp-content\/uploads\/2022\/09\/Modular-Buildings-Lisong-88001-Luxury-Flagship-Store-with-Light-1-150x150.jpg 150w, https:\/\/mouldking.store\/wp-content\/uploads\/2022\/09\/Modular-Buildings-Lisong-88001-Luxury-Flagship-Store-with-Light-1-60x60.jpg 60w, https:\/\/mouldking.store\/wp-content\/uploads\/2022\/09\/Modular-Buildings-Lisong-88001-Luxury-Flagship-Store-with-Light-1-90x90.jpg 90w\" sizes=\"(max-width: 800px) 100vw, 800px\" \/><figcaption id=\"caption-attachment-32509\" class=\"wp-caption-text\">Lisong 88001 Luxus-Flagship-Store mit Licht mit 3028 St\u00fcck<\/figcaption><\/figure>\n<figure id=\"attachment_32512\" aria-describedby=\"caption-attachment-32512\" style=\"width: 800px\" class=\"wp-caption aligncenter\"><img decoding=\"async\" class=\"wp-image-32512 size-full\" src=\"https:\/\/mouldking.store\/wp-content\/uploads\/2022\/09\/Modular-Buildings-Lisong-88001-Luxury-Flagship-Store-with-Light-4.jpg\" alt=\"Lisong 88001 Luxury Flagship Store with Light with 3028 Pieces\" width=\"800\" height=\"800\" title=\"-\" srcset=\"https:\/\/mouldking.store\/wp-content\/uploads\/2022\/09\/Modular-Buildings-Lisong-88001-Luxury-Flagship-Store-with-Light-4.jpg 800w, https:\/\/mouldking.store\/wp-content\/uploads\/2022\/09\/Modular-Buildings-Lisong-88001-Luxury-Flagship-Store-with-Light-4-300x300.jpg 300w, https:\/\/mouldking.store\/wp-content\/uploads\/2022\/09\/Modular-Buildings-Lisong-88001-Luxury-Flagship-Store-with-Light-4-768x768.jpg 768w, https:\/\/mouldking.store\/wp-content\/uploads\/2022\/09\/Modular-Buildings-Lisong-88001-Luxury-Flagship-Store-with-Light-4-600x600.jpg 600w, https:\/\/mouldking.store\/wp-content\/uploads\/2022\/09\/Modular-Buildings-Lisong-88001-Luxury-Flagship-Store-with-Light-4-150x150.jpg 150w, https:\/\/mouldking.store\/wp-content\/uploads\/2022\/09\/Modular-Buildings-Lisong-88001-Luxury-Flagship-Store-with-Light-4-60x60.jpg 60w, https:\/\/mouldking.store\/wp-content\/uploads\/2022\/09\/Modular-Buildings-Lisong-88001-Luxury-Flagship-Store-with-Light-4-90x90.jpg 90w\" sizes=\"(max-width: 800px) 100vw, 800px\" \/><figcaption id=\"caption-attachment-32512\" class=\"wp-caption-text\">Lisong 88001 Luxus-Flagship-Store mit Licht mit 3028 St\u00fcck<\/figcaption><\/figure>\n<figure id=\"attachment_32511\" aria-describedby=\"caption-attachment-32511\" style=\"width: 800px\" class=\"wp-caption aligncenter\"><img decoding=\"async\" class=\"wp-image-32511 size-full\" src=\"https:\/\/mouldking.store\/wp-content\/uploads\/2022\/09\/Modular-Buildings-Lisong-88001-Luxury-Flagship-Store-with-Light-3.jpg\" alt=\"Lisong 88001 Luxury Flagship Store with Light with 3028 Pieces\" width=\"800\" height=\"800\" title=\"-\" srcset=\"https:\/\/mouldking.store\/wp-content\/uploads\/2022\/09\/Modular-Buildings-Lisong-88001-Luxury-Flagship-Store-with-Light-3.jpg 800w, https:\/\/mouldking.store\/wp-content\/uploads\/2022\/09\/Modular-Buildings-Lisong-88001-Luxury-Flagship-Store-with-Light-3-300x300.jpg 300w, https:\/\/mouldking.store\/wp-content\/uploads\/2022\/09\/Modular-Buildings-Lisong-88001-Luxury-Flagship-Store-with-Light-3-768x768.jpg 768w, https:\/\/mouldking.store\/wp-content\/uploads\/2022\/09\/Modular-Buildings-Lisong-88001-Luxury-Flagship-Store-with-Light-3-600x600.jpg 600w, https:\/\/mouldking.store\/wp-content\/uploads\/2022\/09\/Modular-Buildings-Lisong-88001-Luxury-Flagship-Store-with-Light-3-150x150.jpg 150w, https:\/\/mouldking.store\/wp-content\/uploads\/2022\/09\/Modular-Buildings-Lisong-88001-Luxury-Flagship-Store-with-Light-3-60x60.jpg 60w, https:\/\/mouldking.store\/wp-content\/uploads\/2022\/09\/Modular-Buildings-Lisong-88001-Luxury-Flagship-Store-with-Light-3-90x90.jpg 90w\" sizes=\"(max-width: 800px) 100vw, 800px\" \/><figcaption id=\"caption-attachment-32511\" class=\"wp-caption-text\">Lisong 88001 Luxus-Flagship-Store mit Licht mit 3028 St\u00fcck<\/figcaption><\/figure>\n<figure id=\"attachment_32510\" aria-describedby=\"caption-attachment-32510\" style=\"width: 800px\" class=\"wp-caption aligncenter\"><img loading=\"lazy\" decoding=\"async\" class=\"wp-image-32510 size-full\" src=\"https:\/\/mouldking.store\/wp-content\/uploads\/2022\/09\/Modular-Buildings-Lisong-88001-Luxury-Flagship-Store-with-Light-2.jpg\" alt=\"Lisong 88001 Luxury Flagship Store with Light with 3028 Pieces\" width=\"800\" height=\"800\" title=\"-\" srcset=\"https:\/\/mouldking.store\/wp-content\/uploads\/2022\/09\/Modular-Buildings-Lisong-88001-Luxury-Flagship-Store-with-Light-2.jpg 800w, https:\/\/mouldking.store\/wp-content\/uploads\/2022\/09\/Modular-Buildings-Lisong-88001-Luxury-Flagship-Store-with-Light-2-300x300.jpg 300w, https:\/\/mouldking.store\/wp-content\/uploads\/2022\/09\/Modular-Buildings-Lisong-88001-Luxury-Flagship-Store-with-Light-2-768x768.jpg 768w, https:\/\/mouldking.store\/wp-content\/uploads\/2022\/09\/Modular-Buildings-Lisong-88001-Luxury-Flagship-Store-with-Light-2-600x600.jpg 600w, https:\/\/mouldking.store\/wp-content\/uploads\/2022\/09\/Modular-Buildings-Lisong-88001-Luxury-Flagship-Store-with-Light-2-150x150.jpg 150w, https:\/\/mouldking.store\/wp-content\/uploads\/2022\/09\/Modular-Buildings-Lisong-88001-Luxury-Flagship-Store-with-Light-2-60x60.jpg 60w, https:\/\/mouldking.store\/wp-content\/uploads\/2022\/09\/Modular-Buildings-Lisong-88001-Luxury-Flagship-Store-with-Light-2-90x90.jpg 90w\" sizes=\"(max-width: 800px) 100vw, 800px\" \/><figcaption id=\"caption-attachment-32510\" class=\"wp-caption-text\">Lisong 88001 Luxus-Flagship-Store mit Licht mit 3028 St\u00fcck<\/figcaption><\/figure>\n<figure id=\"attachment_32513\" aria-describedby=\"caption-attachment-32513\" style=\"width: 800px\" class=\"wp-caption aligncenter\"><img loading=\"lazy\" decoding=\"async\" class=\"wp-image-32513 size-full\" src=\"https:\/\/mouldking.store\/wp-content\/uploads\/2022\/09\/Modular-Buildings-Lisong-88001-Luxury-Flagship-Store-with-Light-5.jpg\" alt=\"Lisong 88001 Luxury Flagship Store with Light with 3028 Pieces\" width=\"800\" height=\"800\" title=\"-\" srcset=\"https:\/\/mouldking.store\/wp-content\/uploads\/2022\/09\/Modular-Buildings-Lisong-88001-Luxury-Flagship-Store-with-Light-5.jpg 800w, https:\/\/mouldking.store\/wp-content\/uploads\/2022\/09\/Modular-Buildings-Lisong-88001-Luxury-Flagship-Store-with-Light-5-300x300.jpg 300w, https:\/\/mouldking.store\/wp-content\/uploads\/2022\/09\/Modular-Buildings-Lisong-88001-Luxury-Flagship-Store-with-Light-5-768x768.jpg 768w, https:\/\/mouldking.store\/wp-content\/uploads\/2022\/09\/Modular-Buildings-Lisong-88001-Luxury-Flagship-Store-with-Light-5-600x600.jpg 600w, https:\/\/mouldking.store\/wp-content\/uploads\/2022\/09\/Modular-Buildings-Lisong-88001-Luxury-Flagship-Store-with-Light-5-150x150.jpg 150w, https:\/\/mouldking.store\/wp-content\/uploads\/2022\/09\/Modular-Buildings-Lisong-88001-Luxury-Flagship-Store-with-Light-5-60x60.jpg 60w, https:\/\/mouldking.store\/wp-content\/uploads\/2022\/09\/Modular-Buildings-Lisong-88001-Luxury-Flagship-Store-with-Light-5-90x90.jpg 90w\" sizes=\"(max-width: 800px) 100vw, 800px\" \/><figcaption id=\"caption-attachment-32513\" class=\"wp-caption-text\">Lisong 88001 Luxus-Flagship-Store mit Licht mit 3028 St\u00fcck<\/figcaption><\/figure>","protected":false},"excerpt":{"rendered":"<p>Product information: Brand: Lisong Gender: Unisex Name: Luxury Flagship Store with Light Age Range: &gt; 6 years old Model Number: 88001 Classification: Assemblage Plastic Block Shape: Self-Locking Bricks Material: Plastic Plastic Type: ABS Bricks Blocks: 3028 PCS Contains detailed assembly instructions. Notice: 1. Without an original box, but we guarantee our products have quality assurance [&hellip;]<\/p>","protected":false},"featured_media":32509,"comment_status":"closed","ping_status":"closed","template":"","meta":{"_acf_changed":false},"product_cat":[390],"product_tag":[5919,5918,5920],"class_list":["product","first","instock","shipping-taxable","purchasable","product-type-simple"],"acf":[],"_links":{"self":[{"href":"https:\/\/mouldking.store\/de\/wp-json\/wp\/v2\/product\/32508","targetHints":{"allow":["GET"]}}],"collection":[{"href":"https:\/\/mouldking.store\/de\/wp-json\/wp\/v2\/product"}],"about":[{"href":"https:\/\/mouldking.store\/de\/wp-json\/wp\/v2\/types\/product"}],"replies":[{"embeddable":true,"href":"https:\/\/mouldking.store\/de\/wp-json\/wp\/v2\/comments?post=32508"}],"wp:featuredmedia":[{"embeddable":true,"href":"https:\/\/mouldking.store\/de\/wp-json\/wp\/v2\/media\/32509"}],"wp:attachment":[{"href":"https:\/\/mouldking.store\/de\/wp-json\/wp\/v2\/media?parent=32508"}],"wp:term":[{"taxonomy":"product_cat","embeddable":true,"href":"https:\/\/mouldking.store\/de\/wp-json\/wp\/v2\/product_cat?post=32508"},{"taxonomy":"product_tag","embeddable":true,"href":"https:\/\/mouldking.store\/de\/wp-json\/wp\/v2\/product_tag?post=32508"}],"curies":[{"name":"wp","href":"https:\/\/api.w.org\/{rel}","templated":true}]}}