{"id":32589,"date":"2022-09-28T11:02:40","date_gmt":"2022-09-28T04:02:40","guid":{"rendered":"https:\/\/mouldking.store\/?post_type=product&#038;p=32589"},"modified":"2025-12-25T09:12:27","modified_gmt":"2025-12-25T02:12:27","slug":"moc-116074-kamino-modular-landing-platform-with-1171-pieces","status":"publish","type":"product","link":"https:\/\/mouldking.store\/de\/shop\/moc-116074-kamino-modular-landing-platform-with-1171-pieces\/","title":{"rendered":"MOC-116074 Kamino Modulare Landeplattform mit 1171 Teilen"},"content":{"rendered":"<p>Produktinformation:<\/p>\n<ol>\n<li>Marke: MOC<\/li>\n<li>Geschlecht: Unisex<\/li>\n<li>Name: Kamino Modular Landing Platform<\/li>\n<li>Altersspanne: &gt; 6 Jahre alt<\/li>\n<li>Model Number: C9086<\/li>\n<li>Einstufung: Assemblage<\/li>\n<li>Kunststoffblockform: Selbstsichernde Steine<\/li>\n<li>Material: Kunststoff<\/li>\n<li>Kunststofftyp: ABS<\/li>\n<li>Bricks Blocks: 1171 PCS<\/li>\n<li>Size: 64 x 64 x 7 cm<\/li>\n<li>Weight: 1.66 kg<\/li>\n<li>Enth\u00e4lt eine ausf\u00fchrliche Montageanleitung.<\/li>\n<li>Only Kamino Modular Landing Platform<\/li>\n<\/ol>\n<p>Notiz:<br \/>\n1. Ohne Originalverpackung, aber wir garantieren, dass unsere Produkte eine Qualit\u00e4tssicherung und eine sch\u00f6ne Verpackung haben.<br \/>\n2. Wie alle Teile, die wir vor dem Versand \u00fcberpr\u00fcft haben, machen Sie sich keine Sorgen, wenn Sie feststellen, dass einige Teile fehlen oder besch\u00e4digt sind, und kontaktieren Sie uns einfach, und wir k\u00f6nnen sie Ihnen umgehend kostenlos erneut zusenden.<\/p>\n<p>&nbsp;<\/p>\n<figure id=\"attachment_32596\" aria-describedby=\"caption-attachment-32596\" style=\"width: 800px\" class=\"wp-caption aligncenter\"><img fetchpriority=\"high\" decoding=\"async\" class=\"wp-image-32596 size-full\" src=\"https:\/\/mouldking.store\/wp-content\/uploads\/2022\/09\/STAR-WARS-MOC-116074-Kamino-Modular-Landing-Platform-MOCBRICKLAND-5.jpg\" alt=\"MOC-116074 Kamino Modular Landing Platform with 1171 Pieces\" width=\"800\" height=\"800\" title=\"-\" srcset=\"https:\/\/mouldking.store\/wp-content\/uploads\/2022\/09\/STAR-WARS-MOC-116074-Kamino-Modular-Landing-Platform-MOCBRICKLAND-5.jpg 800w, https:\/\/mouldking.store\/wp-content\/uploads\/2022\/09\/STAR-WARS-MOC-116074-Kamino-Modular-Landing-Platform-MOCBRICKLAND-5-300x300.jpg 300w, https:\/\/mouldking.store\/wp-content\/uploads\/2022\/09\/STAR-WARS-MOC-116074-Kamino-Modular-Landing-Platform-MOCBRICKLAND-5-768x768.jpg 768w, https:\/\/mouldking.store\/wp-content\/uploads\/2022\/09\/STAR-WARS-MOC-116074-Kamino-Modular-Landing-Platform-MOCBRICKLAND-5-600x600.jpg 600w, https:\/\/mouldking.store\/wp-content\/uploads\/2022\/09\/STAR-WARS-MOC-116074-Kamino-Modular-Landing-Platform-MOCBRICKLAND-5-150x150.jpg 150w, https:\/\/mouldking.store\/wp-content\/uploads\/2022\/09\/STAR-WARS-MOC-116074-Kamino-Modular-Landing-Platform-MOCBRICKLAND-5-60x60.jpg 60w, https:\/\/mouldking.store\/wp-content\/uploads\/2022\/09\/STAR-WARS-MOC-116074-Kamino-Modular-Landing-Platform-MOCBRICKLAND-5-90x90.jpg 90w\" sizes=\"(max-width: 800px) 100vw, 800px\" \/><figcaption id=\"caption-attachment-32596\" class=\"wp-caption-text\">MOC-116074 Kamino Modulare Landeplattform mit 1171 Teilen<\/figcaption><\/figure>\n<figure id=\"attachment_32595\" aria-describedby=\"caption-attachment-32595\" style=\"width: 800px\" class=\"wp-caption aligncenter\"><img decoding=\"async\" class=\"wp-image-32595 size-full\" src=\"https:\/\/mouldking.store\/wp-content\/uploads\/2022\/09\/STAR-WARS-MOC-116074-Kamino-Modular-Landing-Platform-MOCBRICKLAND-6.jpg\" alt=\"MOC-116074 Kamino Modular Landing Platform with 1171 Pieces\" width=\"800\" height=\"800\" title=\"-\" srcset=\"https:\/\/mouldking.store\/wp-content\/uploads\/2022\/09\/STAR-WARS-MOC-116074-Kamino-Modular-Landing-Platform-MOCBRICKLAND-6.jpg 800w, https:\/\/mouldking.store\/wp-content\/uploads\/2022\/09\/STAR-WARS-MOC-116074-Kamino-Modular-Landing-Platform-MOCBRICKLAND-6-300x300.jpg 300w, https:\/\/mouldking.store\/wp-content\/uploads\/2022\/09\/STAR-WARS-MOC-116074-Kamino-Modular-Landing-Platform-MOCBRICKLAND-6-768x768.jpg 768w, https:\/\/mouldking.store\/wp-content\/uploads\/2022\/09\/STAR-WARS-MOC-116074-Kamino-Modular-Landing-Platform-MOCBRICKLAND-6-600x600.jpg 600w, https:\/\/mouldking.store\/wp-content\/uploads\/2022\/09\/STAR-WARS-MOC-116074-Kamino-Modular-Landing-Platform-MOCBRICKLAND-6-150x150.jpg 150w, https:\/\/mouldking.store\/wp-content\/uploads\/2022\/09\/STAR-WARS-MOC-116074-Kamino-Modular-Landing-Platform-MOCBRICKLAND-6-60x60.jpg 60w, https:\/\/mouldking.store\/wp-content\/uploads\/2022\/09\/STAR-WARS-MOC-116074-Kamino-Modular-Landing-Platform-MOCBRICKLAND-6-90x90.jpg 90w\" sizes=\"(max-width: 800px) 100vw, 800px\" \/><figcaption id=\"caption-attachment-32595\" class=\"wp-caption-text\">MOC-116074 Kamino Modulare Landeplattform mit 1171 Teilen<\/figcaption><\/figure>\n<figure id=\"attachment_32592\" aria-describedby=\"caption-attachment-32592\" style=\"width: 800px\" class=\"wp-caption aligncenter\"><img decoding=\"async\" class=\"wp-image-32592 size-full\" src=\"https:\/\/mouldking.store\/wp-content\/uploads\/2022\/09\/STAR-WARS-MOC-116074-Kamino-Modular-Landing-Platform-MOCBRICKLAND-4.jpg\" alt=\"MOC-116074 Kamino Modular Landing Platform with 1171 Pieces\" width=\"800\" height=\"800\" title=\"-\" srcset=\"https:\/\/mouldking.store\/wp-content\/uploads\/2022\/09\/STAR-WARS-MOC-116074-Kamino-Modular-Landing-Platform-MOCBRICKLAND-4.jpg 800w, https:\/\/mouldking.store\/wp-content\/uploads\/2022\/09\/STAR-WARS-MOC-116074-Kamino-Modular-Landing-Platform-MOCBRICKLAND-4-300x300.jpg 300w, https:\/\/mouldking.store\/wp-content\/uploads\/2022\/09\/STAR-WARS-MOC-116074-Kamino-Modular-Landing-Platform-MOCBRICKLAND-4-768x768.jpg 768w, https:\/\/mouldking.store\/wp-content\/uploads\/2022\/09\/STAR-WARS-MOC-116074-Kamino-Modular-Landing-Platform-MOCBRICKLAND-4-600x600.jpg 600w, https:\/\/mouldking.store\/wp-content\/uploads\/2022\/09\/STAR-WARS-MOC-116074-Kamino-Modular-Landing-Platform-MOCBRICKLAND-4-150x150.jpg 150w, https:\/\/mouldking.store\/wp-content\/uploads\/2022\/09\/STAR-WARS-MOC-116074-Kamino-Modular-Landing-Platform-MOCBRICKLAND-4-60x60.jpg 60w, https:\/\/mouldking.store\/wp-content\/uploads\/2022\/09\/STAR-WARS-MOC-116074-Kamino-Modular-Landing-Platform-MOCBRICKLAND-4-90x90.jpg 90w\" sizes=\"(max-width: 800px) 100vw, 800px\" \/><figcaption id=\"caption-attachment-32592\" class=\"wp-caption-text\">MOC-116074 Kamino Modulare Landeplattform mit 1171 Teilen<\/figcaption><\/figure>\n<figure id=\"attachment_32591\" aria-describedby=\"caption-attachment-32591\" style=\"width: 800px\" class=\"wp-caption aligncenter\"><img loading=\"lazy\" decoding=\"async\" class=\"wp-image-32591 size-full\" src=\"https:\/\/mouldking.store\/wp-content\/uploads\/2022\/09\/STAR-WARS-MOC-116074-Kamino-Modular-Landing-Platform-MOCBRICKLAND-3.jpg\" alt=\"MOC-116074 Kamino Modular Landing Platform with 1171 Pieces\" width=\"800\" height=\"800\" title=\"-\" srcset=\"https:\/\/mouldking.store\/wp-content\/uploads\/2022\/09\/STAR-WARS-MOC-116074-Kamino-Modular-Landing-Platform-MOCBRICKLAND-3.jpg 800w, https:\/\/mouldking.store\/wp-content\/uploads\/2022\/09\/STAR-WARS-MOC-116074-Kamino-Modular-Landing-Platform-MOCBRICKLAND-3-300x300.jpg 300w, https:\/\/mouldking.store\/wp-content\/uploads\/2022\/09\/STAR-WARS-MOC-116074-Kamino-Modular-Landing-Platform-MOCBRICKLAND-3-768x768.jpg 768w, https:\/\/mouldking.store\/wp-content\/uploads\/2022\/09\/STAR-WARS-MOC-116074-Kamino-Modular-Landing-Platform-MOCBRICKLAND-3-600x600.jpg 600w, https:\/\/mouldking.store\/wp-content\/uploads\/2022\/09\/STAR-WARS-MOC-116074-Kamino-Modular-Landing-Platform-MOCBRICKLAND-3-150x150.jpg 150w, https:\/\/mouldking.store\/wp-content\/uploads\/2022\/09\/STAR-WARS-MOC-116074-Kamino-Modular-Landing-Platform-MOCBRICKLAND-3-60x60.jpg 60w, https:\/\/mouldking.store\/wp-content\/uploads\/2022\/09\/STAR-WARS-MOC-116074-Kamino-Modular-Landing-Platform-MOCBRICKLAND-3-90x90.jpg 90w\" sizes=\"(max-width: 800px) 100vw, 800px\" \/><figcaption id=\"caption-attachment-32591\" class=\"wp-caption-text\">MOC-116074 Kamino Modulare Landeplattform mit 1171 Teilen<\/figcaption><\/figure>\n<figure id=\"attachment_32594\" aria-describedby=\"caption-attachment-32594\" style=\"width: 800px\" class=\"wp-caption aligncenter\"><img loading=\"lazy\" decoding=\"async\" class=\"wp-image-32594 size-full\" src=\"https:\/\/mouldking.store\/wp-content\/uploads\/2022\/09\/STAR-WARS-MOC-116074-Kamino-Modular-Landing-Platform-MOCBRICKLAND-2.jpg\" alt=\"MOC-116074 Kamino Modular Landing Platform with 1171 Pieces\" width=\"800\" height=\"800\" title=\"-\" srcset=\"https:\/\/mouldking.store\/wp-content\/uploads\/2022\/09\/STAR-WARS-MOC-116074-Kamino-Modular-Landing-Platform-MOCBRICKLAND-2.jpg 800w, https:\/\/mouldking.store\/wp-content\/uploads\/2022\/09\/STAR-WARS-MOC-116074-Kamino-Modular-Landing-Platform-MOCBRICKLAND-2-300x300.jpg 300w, https:\/\/mouldking.store\/wp-content\/uploads\/2022\/09\/STAR-WARS-MOC-116074-Kamino-Modular-Landing-Platform-MOCBRICKLAND-2-768x768.jpg 768w, https:\/\/mouldking.store\/wp-content\/uploads\/2022\/09\/STAR-WARS-MOC-116074-Kamino-Modular-Landing-Platform-MOCBRICKLAND-2-600x600.jpg 600w, https:\/\/mouldking.store\/wp-content\/uploads\/2022\/09\/STAR-WARS-MOC-116074-Kamino-Modular-Landing-Platform-MOCBRICKLAND-2-150x150.jpg 150w, https:\/\/mouldking.store\/wp-content\/uploads\/2022\/09\/STAR-WARS-MOC-116074-Kamino-Modular-Landing-Platform-MOCBRICKLAND-2-60x60.jpg 60w, https:\/\/mouldking.store\/wp-content\/uploads\/2022\/09\/STAR-WARS-MOC-116074-Kamino-Modular-Landing-Platform-MOCBRICKLAND-2-90x90.jpg 90w\" sizes=\"(max-width: 800px) 100vw, 800px\" \/><figcaption id=\"caption-attachment-32594\" class=\"wp-caption-text\">MOC-116074 Kamino Modulare Landeplattform mit 1171 Teilen<\/figcaption><\/figure>\n<figure id=\"attachment_32590\" aria-describedby=\"caption-attachment-32590\" style=\"width: 800px\" class=\"wp-caption aligncenter\"><img loading=\"lazy\" decoding=\"async\" class=\"wp-image-32590 size-full\" src=\"https:\/\/mouldking.store\/wp-content\/uploads\/2022\/09\/STAR-WARS-MOC-116074-Kamino-Modular-Landing-Platform-MOCBRICKLAND-7.jpg\" alt=\"MOC-116074 Kamino Modular Landing Platform with 1171 Pieces\" width=\"800\" height=\"800\" title=\"-\" srcset=\"https:\/\/mouldking.store\/wp-content\/uploads\/2022\/09\/STAR-WARS-MOC-116074-Kamino-Modular-Landing-Platform-MOCBRICKLAND-7.jpg 800w, https:\/\/mouldking.store\/wp-content\/uploads\/2022\/09\/STAR-WARS-MOC-116074-Kamino-Modular-Landing-Platform-MOCBRICKLAND-7-300x300.jpg 300w, https:\/\/mouldking.store\/wp-content\/uploads\/2022\/09\/STAR-WARS-MOC-116074-Kamino-Modular-Landing-Platform-MOCBRICKLAND-7-768x768.jpg 768w, https:\/\/mouldking.store\/wp-content\/uploads\/2022\/09\/STAR-WARS-MOC-116074-Kamino-Modular-Landing-Platform-MOCBRICKLAND-7-600x600.jpg 600w, https:\/\/mouldking.store\/wp-content\/uploads\/2022\/09\/STAR-WARS-MOC-116074-Kamino-Modular-Landing-Platform-MOCBRICKLAND-7-150x150.jpg 150w, https:\/\/mouldking.store\/wp-content\/uploads\/2022\/09\/STAR-WARS-MOC-116074-Kamino-Modular-Landing-Platform-MOCBRICKLAND-7-60x60.jpg 60w, https:\/\/mouldking.store\/wp-content\/uploads\/2022\/09\/STAR-WARS-MOC-116074-Kamino-Modular-Landing-Platform-MOCBRICKLAND-7-90x90.jpg 90w\" sizes=\"(max-width: 800px) 100vw, 800px\" \/><figcaption id=\"caption-attachment-32590\" class=\"wp-caption-text\">MOC-116074 Kamino Modulare Landeplattform mit 1171 Teilen<\/figcaption><\/figure>\n<figure id=\"attachment_32593\" aria-describedby=\"caption-attachment-32593\" style=\"width: 800px\" class=\"wp-caption aligncenter\"><img loading=\"lazy\" decoding=\"async\" class=\"wp-image-32593 size-full\" src=\"https:\/\/mouldking.store\/wp-content\/uploads\/2022\/09\/STAR-WARS-MOC-116074-Kamino-Modular-Landing-Platform-MOCBRICKLAND-1.jpg\" alt=\"MOC-116074 Kamino Modular Landing Platform with 1171 Pieces\" width=\"800\" height=\"1237\" title=\"-\" srcset=\"https:\/\/mouldking.store\/wp-content\/uploads\/2022\/09\/STAR-WARS-MOC-116074-Kamino-Modular-Landing-Platform-MOCBRICKLAND-1.jpg 800w, https:\/\/mouldking.store\/wp-content\/uploads\/2022\/09\/STAR-WARS-MOC-116074-Kamino-Modular-Landing-Platform-MOCBRICKLAND-1-194x300.jpg 194w, https:\/\/mouldking.store\/wp-content\/uploads\/2022\/09\/STAR-WARS-MOC-116074-Kamino-Modular-Landing-Platform-MOCBRICKLAND-1-662x1024.jpg 662w, https:\/\/mouldking.store\/wp-content\/uploads\/2022\/09\/STAR-WARS-MOC-116074-Kamino-Modular-Landing-Platform-MOCBRICKLAND-1-768x1188.jpg 768w, https:\/\/mouldking.store\/wp-content\/uploads\/2022\/09\/STAR-WARS-MOC-116074-Kamino-Modular-Landing-Platform-MOCBRICKLAND-1-300x464.jpg 300w, https:\/\/mouldking.store\/wp-content\/uploads\/2022\/09\/STAR-WARS-MOC-116074-Kamino-Modular-Landing-Platform-MOCBRICKLAND-1-600x928.jpg 600w, https:\/\/mouldking.store\/wp-content\/uploads\/2022\/09\/STAR-WARS-MOC-116074-Kamino-Modular-Landing-Platform-MOCBRICKLAND-1-97x150.jpg 97w, https:\/\/mouldking.store\/wp-content\/uploads\/2022\/09\/STAR-WARS-MOC-116074-Kamino-Modular-Landing-Platform-MOCBRICKLAND-1-39x60.jpg 39w, https:\/\/mouldking.store\/wp-content\/uploads\/2022\/09\/STAR-WARS-MOC-116074-Kamino-Modular-Landing-Platform-MOCBRICKLAND-1-58x90.jpg 58w\" sizes=\"(max-width: 800px) 100vw, 800px\" \/><figcaption id=\"caption-attachment-32593\" class=\"wp-caption-text\">MOC-116074 Kamino Modulare Landeplattform mit 1171 Teilen<\/figcaption><\/figure>","protected":false},"excerpt":{"rendered":"<p>Product information: Brand: MOC Gender: Unisex Name: Kamino Modular Landing Platform Age Range: &gt; 6 years old Model Number: C9086 Classification: Assemblage Plastic Block Shape: Self-Locking Bricks Material: Plastic Plastic Type: ABS Bricks Blocks: 1171 PCS Size: 64 x 64 x 7 cm Weight: 1.66 kg Contains detailed assembly instructions. Only Kamino Modular Landing Platform [&hellip;]<\/p>","protected":false},"featured_media":32596,"comment_status":"closed","ping_status":"closed","template":"","meta":{"_acf_changed":false},"product_cat":[415],"product_tag":[5926,5925,5924],"class_list":["product","first","instock","shipping-taxable","purchasable","product-type-simple"],"acf":[],"_links":{"self":[{"href":"https:\/\/mouldking.store\/de\/wp-json\/wp\/v2\/product\/32589","targetHints":{"allow":["GET"]}}],"collection":[{"href":"https:\/\/mouldking.store\/de\/wp-json\/wp\/v2\/product"}],"about":[{"href":"https:\/\/mouldking.store\/de\/wp-json\/wp\/v2\/types\/product"}],"replies":[{"embeddable":true,"href":"https:\/\/mouldking.store\/de\/wp-json\/wp\/v2\/comments?post=32589"}],"wp:featuredmedia":[{"embeddable":true,"href":"https:\/\/mouldking.store\/de\/wp-json\/wp\/v2\/media\/32596"}],"wp:attachment":[{"href":"https:\/\/mouldking.store\/de\/wp-json\/wp\/v2\/media?parent=32589"}],"wp:term":[{"taxonomy":"product_cat","embeddable":true,"href":"https:\/\/mouldking.store\/de\/wp-json\/wp\/v2\/product_cat?post=32589"},{"taxonomy":"product_tag","embeddable":true,"href":"https:\/\/mouldking.store\/de\/wp-json\/wp\/v2\/product_tag?post=32589"}],"curies":[{"name":"wp","href":"https:\/\/api.w.org\/{rel}","templated":true}]}}