{"id":32604,"date":"2022-09-28T11:09:43","date_gmt":"2022-09-28T04:09:43","guid":{"rendered":"https:\/\/mouldking.store\/?post_type=product&#038;p=32604"},"modified":"2025-12-25T09:12:27","modified_gmt":"2025-12-25T02:12:27","slug":"moc-89588-the-nutcracker-and-the-mouse-king-trumpeter-king-with-197-pieces","status":"publish","type":"product","link":"https:\/\/mouldking.store\/de\/shop\/moc-89588-the-nutcracker-and-the-mouse-king-trumpeter-king-with-197-pieces\/","title":{"rendered":"MOC-89588 Der Nussknacker und der M\u00e4usek\u00f6nig \u2013 Trompeterk\u00f6nig mit 197 Teilen"},"content":{"rendered":"<p>Produktinformation:<\/p>\n<ol>\n<li>Marke: MOC<\/li>\n<li>Geschlecht: Unisex<\/li>\n<li>Name: The Nutcracker and the Mouse King \u2013 Trumpeter King<\/li>\n<li>Altersspanne: &gt; 6 Jahre alt<\/li>\n<li>Model Number: C9103Y01<\/li>\n<li>Einstufung: Assemblage<\/li>\n<li>Kunststoffblockform: Selbstsichernde Steine<\/li>\n<li>Material: Kunststoff<\/li>\n<li>Kunststofftyp: ABS<\/li>\n<li>Bricks Blocks: 197 PCS<\/li>\n<li>Dimensions: 12 x 7.2 x 23.8 cm<\/li>\n<li>Weight: 0.13 kg<\/li>\n<li>Enth\u00e4lt eine ausf\u00fchrliche Montageanleitung.<\/li>\n<\/ol>\n<p>Notiz:<br \/>\n1. Ohne Originalverpackung, aber wir garantieren, dass unsere Produkte eine Qualit\u00e4tssicherung und eine sch\u00f6ne Verpackung haben.<br \/>\n2. Wie alle Teile, die wir vor dem Versand \u00fcberpr\u00fcft haben, machen Sie sich keine Sorgen, wenn Sie feststellen, dass einige Teile fehlen oder besch\u00e4digt sind, und kontaktieren Sie uns einfach, und wir k\u00f6nnen sie Ihnen umgehend kostenlos erneut zusenden.<\/p>\n<p>&nbsp;<\/p>\n<figure id=\"attachment_32609\" aria-describedby=\"caption-attachment-32609\" style=\"width: 800px\" class=\"wp-caption aligncenter\"><img fetchpriority=\"high\" decoding=\"async\" class=\"wp-image-32609 size-full\" src=\"https:\/\/mouldking.store\/wp-content\/uploads\/2022\/09\/Creator-MOC-89588-The-Nutcracker-and-the-Mouse-King-Trumpeter-King-MOCBRICKLAND-6.jpg\" alt=\"MOC-89588 The Nutcracker and the Mouse King \u2013 Trumpeter King with 197 Pieces\" width=\"800\" height=\"800\" title=\"-\" srcset=\"https:\/\/mouldking.store\/wp-content\/uploads\/2022\/09\/Creator-MOC-89588-The-Nutcracker-and-the-Mouse-King-Trumpeter-King-MOCBRICKLAND-6.jpg 800w, https:\/\/mouldking.store\/wp-content\/uploads\/2022\/09\/Creator-MOC-89588-The-Nutcracker-and-the-Mouse-King-Trumpeter-King-MOCBRICKLAND-6-300x300.jpg 300w, https:\/\/mouldking.store\/wp-content\/uploads\/2022\/09\/Creator-MOC-89588-The-Nutcracker-and-the-Mouse-King-Trumpeter-King-MOCBRICKLAND-6-768x768.jpg 768w, https:\/\/mouldking.store\/wp-content\/uploads\/2022\/09\/Creator-MOC-89588-The-Nutcracker-and-the-Mouse-King-Trumpeter-King-MOCBRICKLAND-6-600x600.jpg 600w, https:\/\/mouldking.store\/wp-content\/uploads\/2022\/09\/Creator-MOC-89588-The-Nutcracker-and-the-Mouse-King-Trumpeter-King-MOCBRICKLAND-6-150x150.jpg 150w, https:\/\/mouldking.store\/wp-content\/uploads\/2022\/09\/Creator-MOC-89588-The-Nutcracker-and-the-Mouse-King-Trumpeter-King-MOCBRICKLAND-6-60x60.jpg 60w, https:\/\/mouldking.store\/wp-content\/uploads\/2022\/09\/Creator-MOC-89588-The-Nutcracker-and-the-Mouse-King-Trumpeter-King-MOCBRICKLAND-6-90x90.jpg 90w\" sizes=\"(max-width: 800px) 100vw, 800px\" \/><figcaption id=\"caption-attachment-32609\" class=\"wp-caption-text\">MOC-89588 Der Nussknacker und der M\u00e4usek\u00f6nig \u2013 Trompeterk\u00f6nig mit 197 Teilen<\/figcaption><\/figure>\n<figure id=\"attachment_32606\" aria-describedby=\"caption-attachment-32606\" style=\"width: 800px\" class=\"wp-caption aligncenter\"><img decoding=\"async\" class=\"wp-image-32606 size-full\" src=\"https:\/\/mouldking.store\/wp-content\/uploads\/2022\/09\/Creator-MOC-89588-The-Nutcracker-and-the-Mouse-King-Trumpeter-King-MOCBRICKLAND-1.jpg\" alt=\"MOC-89588 The Nutcracker and the Mouse King \u2013 Trumpeter King with 197 Pieces\" width=\"800\" height=\"800\" title=\"-\" srcset=\"https:\/\/mouldking.store\/wp-content\/uploads\/2022\/09\/Creator-MOC-89588-The-Nutcracker-and-the-Mouse-King-Trumpeter-King-MOCBRICKLAND-1.jpg 800w, https:\/\/mouldking.store\/wp-content\/uploads\/2022\/09\/Creator-MOC-89588-The-Nutcracker-and-the-Mouse-King-Trumpeter-King-MOCBRICKLAND-1-300x300.jpg 300w, https:\/\/mouldking.store\/wp-content\/uploads\/2022\/09\/Creator-MOC-89588-The-Nutcracker-and-the-Mouse-King-Trumpeter-King-MOCBRICKLAND-1-768x768.jpg 768w, https:\/\/mouldking.store\/wp-content\/uploads\/2022\/09\/Creator-MOC-89588-The-Nutcracker-and-the-Mouse-King-Trumpeter-King-MOCBRICKLAND-1-600x600.jpg 600w, https:\/\/mouldking.store\/wp-content\/uploads\/2022\/09\/Creator-MOC-89588-The-Nutcracker-and-the-Mouse-King-Trumpeter-King-MOCBRICKLAND-1-150x150.jpg 150w, https:\/\/mouldking.store\/wp-content\/uploads\/2022\/09\/Creator-MOC-89588-The-Nutcracker-and-the-Mouse-King-Trumpeter-King-MOCBRICKLAND-1-60x60.jpg 60w, https:\/\/mouldking.store\/wp-content\/uploads\/2022\/09\/Creator-MOC-89588-The-Nutcracker-and-the-Mouse-King-Trumpeter-King-MOCBRICKLAND-1-90x90.jpg 90w\" sizes=\"(max-width: 800px) 100vw, 800px\" \/><figcaption id=\"caption-attachment-32606\" class=\"wp-caption-text\">MOC-89588 Der Nussknacker und der M\u00e4usek\u00f6nig \u2013 Trompeterk\u00f6nig mit 197 Teilen<\/figcaption><\/figure>\n<figure id=\"attachment_32605\" aria-describedby=\"caption-attachment-32605\" style=\"width: 800px\" class=\"wp-caption aligncenter\"><img decoding=\"async\" class=\"wp-image-32605 size-full\" src=\"https:\/\/mouldking.store\/wp-content\/uploads\/2022\/09\/Creator-MOC-89588-The-Nutcracker-and-the-Mouse-King-Trumpeter-King-MOCBRICKLAND-2.jpg\" alt=\"MOC-89588 The Nutcracker and the Mouse King \u2013 Trumpeter King with 197 Pieces\" width=\"800\" height=\"800\" title=\"-\" srcset=\"https:\/\/mouldking.store\/wp-content\/uploads\/2022\/09\/Creator-MOC-89588-The-Nutcracker-and-the-Mouse-King-Trumpeter-King-MOCBRICKLAND-2.jpg 800w, https:\/\/mouldking.store\/wp-content\/uploads\/2022\/09\/Creator-MOC-89588-The-Nutcracker-and-the-Mouse-King-Trumpeter-King-MOCBRICKLAND-2-300x300.jpg 300w, https:\/\/mouldking.store\/wp-content\/uploads\/2022\/09\/Creator-MOC-89588-The-Nutcracker-and-the-Mouse-King-Trumpeter-King-MOCBRICKLAND-2-768x768.jpg 768w, https:\/\/mouldking.store\/wp-content\/uploads\/2022\/09\/Creator-MOC-89588-The-Nutcracker-and-the-Mouse-King-Trumpeter-King-MOCBRICKLAND-2-600x600.jpg 600w, https:\/\/mouldking.store\/wp-content\/uploads\/2022\/09\/Creator-MOC-89588-The-Nutcracker-and-the-Mouse-King-Trumpeter-King-MOCBRICKLAND-2-150x150.jpg 150w, https:\/\/mouldking.store\/wp-content\/uploads\/2022\/09\/Creator-MOC-89588-The-Nutcracker-and-the-Mouse-King-Trumpeter-King-MOCBRICKLAND-2-60x60.jpg 60w, https:\/\/mouldking.store\/wp-content\/uploads\/2022\/09\/Creator-MOC-89588-The-Nutcracker-and-the-Mouse-King-Trumpeter-King-MOCBRICKLAND-2-90x90.jpg 90w\" sizes=\"(max-width: 800px) 100vw, 800px\" \/><figcaption id=\"caption-attachment-32605\" class=\"wp-caption-text\">MOC-89588 Der Nussknacker und der M\u00e4usek\u00f6nig \u2013 Trompeterk\u00f6nig mit 197 Teilen<\/figcaption><\/figure>\n<figure id=\"attachment_32611\" aria-describedby=\"caption-attachment-32611\" style=\"width: 800px\" class=\"wp-caption aligncenter\"><img loading=\"lazy\" decoding=\"async\" class=\"wp-image-32611 size-full\" src=\"https:\/\/mouldking.store\/wp-content\/uploads\/2022\/09\/Creator-MOC-89588-The-Nutcracker-and-the-Mouse-King-Trumpeter-King-MOCBRICKLAND-8.jpg\" alt=\"MOC-89588 The Nutcracker and the Mouse King \u2013 Trumpeter King with 197 Pieces\" width=\"800\" height=\"800\" title=\"-\" srcset=\"https:\/\/mouldking.store\/wp-content\/uploads\/2022\/09\/Creator-MOC-89588-The-Nutcracker-and-the-Mouse-King-Trumpeter-King-MOCBRICKLAND-8.jpg 800w, https:\/\/mouldking.store\/wp-content\/uploads\/2022\/09\/Creator-MOC-89588-The-Nutcracker-and-the-Mouse-King-Trumpeter-King-MOCBRICKLAND-8-300x300.jpg 300w, https:\/\/mouldking.store\/wp-content\/uploads\/2022\/09\/Creator-MOC-89588-The-Nutcracker-and-the-Mouse-King-Trumpeter-King-MOCBRICKLAND-8-768x768.jpg 768w, https:\/\/mouldking.store\/wp-content\/uploads\/2022\/09\/Creator-MOC-89588-The-Nutcracker-and-the-Mouse-King-Trumpeter-King-MOCBRICKLAND-8-600x600.jpg 600w, https:\/\/mouldking.store\/wp-content\/uploads\/2022\/09\/Creator-MOC-89588-The-Nutcracker-and-the-Mouse-King-Trumpeter-King-MOCBRICKLAND-8-150x150.jpg 150w, https:\/\/mouldking.store\/wp-content\/uploads\/2022\/09\/Creator-MOC-89588-The-Nutcracker-and-the-Mouse-King-Trumpeter-King-MOCBRICKLAND-8-60x60.jpg 60w, https:\/\/mouldking.store\/wp-content\/uploads\/2022\/09\/Creator-MOC-89588-The-Nutcracker-and-the-Mouse-King-Trumpeter-King-MOCBRICKLAND-8-90x90.jpg 90w\" sizes=\"(max-width: 800px) 100vw, 800px\" \/><figcaption id=\"caption-attachment-32611\" class=\"wp-caption-text\">MOC-89588 Der Nussknacker und der M\u00e4usek\u00f6nig \u2013 Trompeterk\u00f6nig mit 197 Teilen<\/figcaption><\/figure>\n<figure id=\"attachment_32607\" aria-describedby=\"caption-attachment-32607\" style=\"width: 800px\" class=\"wp-caption aligncenter\"><img loading=\"lazy\" decoding=\"async\" class=\"wp-image-32607 size-full\" src=\"https:\/\/mouldking.store\/wp-content\/uploads\/2022\/09\/Creator-MOC-89588-The-Nutcracker-and-the-Mouse-King-Trumpeter-King-MOCBRICKLAND-3.jpg\" alt=\"MOC-89588 The Nutcracker and the Mouse King \u2013 Trumpeter King with 197 Pieces\" width=\"800\" height=\"800\" title=\"-\" srcset=\"https:\/\/mouldking.store\/wp-content\/uploads\/2022\/09\/Creator-MOC-89588-The-Nutcracker-and-the-Mouse-King-Trumpeter-King-MOCBRICKLAND-3.jpg 800w, https:\/\/mouldking.store\/wp-content\/uploads\/2022\/09\/Creator-MOC-89588-The-Nutcracker-and-the-Mouse-King-Trumpeter-King-MOCBRICKLAND-3-300x300.jpg 300w, https:\/\/mouldking.store\/wp-content\/uploads\/2022\/09\/Creator-MOC-89588-The-Nutcracker-and-the-Mouse-King-Trumpeter-King-MOCBRICKLAND-3-768x768.jpg 768w, https:\/\/mouldking.store\/wp-content\/uploads\/2022\/09\/Creator-MOC-89588-The-Nutcracker-and-the-Mouse-King-Trumpeter-King-MOCBRICKLAND-3-600x600.jpg 600w, https:\/\/mouldking.store\/wp-content\/uploads\/2022\/09\/Creator-MOC-89588-The-Nutcracker-and-the-Mouse-King-Trumpeter-King-MOCBRICKLAND-3-150x150.jpg 150w, https:\/\/mouldking.store\/wp-content\/uploads\/2022\/09\/Creator-MOC-89588-The-Nutcracker-and-the-Mouse-King-Trumpeter-King-MOCBRICKLAND-3-60x60.jpg 60w, https:\/\/mouldking.store\/wp-content\/uploads\/2022\/09\/Creator-MOC-89588-The-Nutcracker-and-the-Mouse-King-Trumpeter-King-MOCBRICKLAND-3-90x90.jpg 90w\" sizes=\"(max-width: 800px) 100vw, 800px\" \/><figcaption id=\"caption-attachment-32607\" class=\"wp-caption-text\">MOC-89588 Der Nussknacker und der M\u00e4usek\u00f6nig \u2013 Trompeterk\u00f6nig mit 197 Teilen<\/figcaption><\/figure>\n<figure id=\"attachment_32612\" aria-describedby=\"caption-attachment-32612\" style=\"width: 800px\" class=\"wp-caption aligncenter\"><img loading=\"lazy\" decoding=\"async\" class=\"wp-image-32612 size-full\" src=\"https:\/\/mouldking.store\/wp-content\/uploads\/2022\/09\/Creator-MOC-89588-The-Nutcracker-and-the-Mouse-King-Trumpeter-King-MOCBRICKLAND-4.jpg\" alt=\"MOC-89588 The Nutcracker and the Mouse King \u2013 Trumpeter King with 197 Pieces\" width=\"800\" height=\"800\" title=\"-\" srcset=\"https:\/\/mouldking.store\/wp-content\/uploads\/2022\/09\/Creator-MOC-89588-The-Nutcracker-and-the-Mouse-King-Trumpeter-King-MOCBRICKLAND-4.jpg 800w, https:\/\/mouldking.store\/wp-content\/uploads\/2022\/09\/Creator-MOC-89588-The-Nutcracker-and-the-Mouse-King-Trumpeter-King-MOCBRICKLAND-4-300x300.jpg 300w, https:\/\/mouldking.store\/wp-content\/uploads\/2022\/09\/Creator-MOC-89588-The-Nutcracker-and-the-Mouse-King-Trumpeter-King-MOCBRICKLAND-4-768x768.jpg 768w, https:\/\/mouldking.store\/wp-content\/uploads\/2022\/09\/Creator-MOC-89588-The-Nutcracker-and-the-Mouse-King-Trumpeter-King-MOCBRICKLAND-4-600x600.jpg 600w, https:\/\/mouldking.store\/wp-content\/uploads\/2022\/09\/Creator-MOC-89588-The-Nutcracker-and-the-Mouse-King-Trumpeter-King-MOCBRICKLAND-4-150x150.jpg 150w, https:\/\/mouldking.store\/wp-content\/uploads\/2022\/09\/Creator-MOC-89588-The-Nutcracker-and-the-Mouse-King-Trumpeter-King-MOCBRICKLAND-4-60x60.jpg 60w, https:\/\/mouldking.store\/wp-content\/uploads\/2022\/09\/Creator-MOC-89588-The-Nutcracker-and-the-Mouse-King-Trumpeter-King-MOCBRICKLAND-4-90x90.jpg 90w\" sizes=\"(max-width: 800px) 100vw, 800px\" \/><figcaption id=\"caption-attachment-32612\" class=\"wp-caption-text\">MOC-89588 Der Nussknacker und der M\u00e4usek\u00f6nig \u2013 Trompeterk\u00f6nig mit 197 Teilen<\/figcaption><\/figure>\n<figure id=\"attachment_32610\" aria-describedby=\"caption-attachment-32610\" style=\"width: 800px\" class=\"wp-caption aligncenter\"><img loading=\"lazy\" decoding=\"async\" class=\"wp-image-32610 size-full\" src=\"https:\/\/mouldking.store\/wp-content\/uploads\/2022\/09\/Creator-MOC-89588-The-Nutcracker-and-the-Mouse-King-Trumpeter-King-MOCBRICKLAND-5.jpg\" alt=\"MOC-89588 The Nutcracker and the Mouse King \u2013 Trumpeter King with 197 Pieces\" width=\"800\" height=\"800\" title=\"-\" srcset=\"https:\/\/mouldking.store\/wp-content\/uploads\/2022\/09\/Creator-MOC-89588-The-Nutcracker-and-the-Mouse-King-Trumpeter-King-MOCBRICKLAND-5.jpg 800w, https:\/\/mouldking.store\/wp-content\/uploads\/2022\/09\/Creator-MOC-89588-The-Nutcracker-and-the-Mouse-King-Trumpeter-King-MOCBRICKLAND-5-300x300.jpg 300w, https:\/\/mouldking.store\/wp-content\/uploads\/2022\/09\/Creator-MOC-89588-The-Nutcracker-and-the-Mouse-King-Trumpeter-King-MOCBRICKLAND-5-768x768.jpg 768w, https:\/\/mouldking.store\/wp-content\/uploads\/2022\/09\/Creator-MOC-89588-The-Nutcracker-and-the-Mouse-King-Trumpeter-King-MOCBRICKLAND-5-600x600.jpg 600w, https:\/\/mouldking.store\/wp-content\/uploads\/2022\/09\/Creator-MOC-89588-The-Nutcracker-and-the-Mouse-King-Trumpeter-King-MOCBRICKLAND-5-150x150.jpg 150w, https:\/\/mouldking.store\/wp-content\/uploads\/2022\/09\/Creator-MOC-89588-The-Nutcracker-and-the-Mouse-King-Trumpeter-King-MOCBRICKLAND-5-60x60.jpg 60w, https:\/\/mouldking.store\/wp-content\/uploads\/2022\/09\/Creator-MOC-89588-The-Nutcracker-and-the-Mouse-King-Trumpeter-King-MOCBRICKLAND-5-90x90.jpg 90w\" sizes=\"(max-width: 800px) 100vw, 800px\" \/><figcaption id=\"caption-attachment-32610\" class=\"wp-caption-text\">MOC-89588 Der Nussknacker und der M\u00e4usek\u00f6nig \u2013 Trompeterk\u00f6nig mit 197 Teilen<\/figcaption><\/figure>\n<figure id=\"attachment_32608\" aria-describedby=\"caption-attachment-32608\" style=\"width: 800px\" class=\"wp-caption aligncenter\"><img loading=\"lazy\" decoding=\"async\" class=\"wp-image-32608 size-full\" src=\"https:\/\/mouldking.store\/wp-content\/uploads\/2022\/09\/Creator-MOC-89588-The-Nutcracker-and-the-Mouse-King-Trumpeter-King-MOCBRICKLAND-7.jpg\" alt=\"MOC-89588 The Nutcracker and the Mouse King \u2013 Trumpeter King with 197 Pieces\" width=\"800\" height=\"800\" title=\"-\" srcset=\"https:\/\/mouldking.store\/wp-content\/uploads\/2022\/09\/Creator-MOC-89588-The-Nutcracker-and-the-Mouse-King-Trumpeter-King-MOCBRICKLAND-7.jpg 800w, https:\/\/mouldking.store\/wp-content\/uploads\/2022\/09\/Creator-MOC-89588-The-Nutcracker-and-the-Mouse-King-Trumpeter-King-MOCBRICKLAND-7-300x300.jpg 300w, https:\/\/mouldking.store\/wp-content\/uploads\/2022\/09\/Creator-MOC-89588-The-Nutcracker-and-the-Mouse-King-Trumpeter-King-MOCBRICKLAND-7-768x768.jpg 768w, https:\/\/mouldking.store\/wp-content\/uploads\/2022\/09\/Creator-MOC-89588-The-Nutcracker-and-the-Mouse-King-Trumpeter-King-MOCBRICKLAND-7-600x600.jpg 600w, https:\/\/mouldking.store\/wp-content\/uploads\/2022\/09\/Creator-MOC-89588-The-Nutcracker-and-the-Mouse-King-Trumpeter-King-MOCBRICKLAND-7-150x150.jpg 150w, https:\/\/mouldking.store\/wp-content\/uploads\/2022\/09\/Creator-MOC-89588-The-Nutcracker-and-the-Mouse-King-Trumpeter-King-MOCBRICKLAND-7-60x60.jpg 60w, https:\/\/mouldking.store\/wp-content\/uploads\/2022\/09\/Creator-MOC-89588-The-Nutcracker-and-the-Mouse-King-Trumpeter-King-MOCBRICKLAND-7-90x90.jpg 90w\" sizes=\"(max-width: 800px) 100vw, 800px\" \/><figcaption id=\"caption-attachment-32608\" class=\"wp-caption-text\">MOC-89588 Der Nussknacker und der M\u00e4usek\u00f6nig \u2013 Trompeterk\u00f6nig mit 197 Teilen<\/figcaption><\/figure>","protected":false},"excerpt":{"rendered":"<p>Product information: Brand: MOC Gender: Unisex Name: The Nutcracker and the Mouse King \u2013 Trumpeter King Age Range: &gt; 6 years old Model Number: C9103Y01 Classification: Assemblage Plastic Block Shape: Self-Locking Bricks Material: Plastic Plastic Type: ABS Bricks Blocks: 197 PCS Dimensions: 12 x 7.2 x 23.8 cm Weight: 0.13 kg Contains detailed assembly instructions. [&hellip;]<\/p>","protected":false},"featured_media":32609,"comment_status":"closed","ping_status":"closed","template":"","meta":{"_acf_changed":false},"product_cat":[371],"product_tag":[5931,5930,5932,5933],"class_list":["product","first","instock","shipping-taxable","purchasable","product-type-simple"],"acf":[],"_links":{"self":[{"href":"https:\/\/mouldking.store\/de\/wp-json\/wp\/v2\/product\/32604","targetHints":{"allow":["GET"]}}],"collection":[{"href":"https:\/\/mouldking.store\/de\/wp-json\/wp\/v2\/product"}],"about":[{"href":"https:\/\/mouldking.store\/de\/wp-json\/wp\/v2\/types\/product"}],"replies":[{"embeddable":true,"href":"https:\/\/mouldking.store\/de\/wp-json\/wp\/v2\/comments?post=32604"}],"wp:featuredmedia":[{"embeddable":true,"href":"https:\/\/mouldking.store\/de\/wp-json\/wp\/v2\/media\/32609"}],"wp:attachment":[{"href":"https:\/\/mouldking.store\/de\/wp-json\/wp\/v2\/media?parent=32604"}],"wp:term":[{"taxonomy":"product_cat","embeddable":true,"href":"https:\/\/mouldking.store\/de\/wp-json\/wp\/v2\/product_cat?post=32604"},{"taxonomy":"product_tag","embeddable":true,"href":"https:\/\/mouldking.store\/de\/wp-json\/wp\/v2\/product_tag?post=32604"}],"curies":[{"name":"wp","href":"https:\/\/api.w.org\/{rel}","templated":true}]}}