{"id":32613,"date":"2022-09-28T11:13:43","date_gmt":"2022-09-28T04:13:43","guid":{"rendered":"https:\/\/mouldking.store\/?post_type=product&#038;p=32613"},"modified":"2025-12-25T09:12:27","modified_gmt":"2025-12-25T02:12:27","slug":"moc-89587-the-nutcracker-and-the-mouse-king-waist-drum-soldier-with-191-pieces","status":"publish","type":"product","link":"https:\/\/mouldking.store\/de\/shop\/moc-89587-the-nutcracker-and-the-mouse-king-waist-drum-soldier-with-191-pieces\/","title":{"rendered":"MOC-89587 Der Nussknacker und der M\u00e4usek\u00f6nig \u2013 H\u00fcfttrommelsoldat mit 191 Teilen"},"content":{"rendered":"<p>Produktinformation:<\/p>\n<ol>\n<li>Marke: MOC<\/li>\n<li>Geschlecht: Unisex<\/li>\n<li>Name: The Nutcracker and the Mouse King \u2013 Waist Drum Soldier<\/li>\n<li>Altersspanne: &gt; 6 Jahre alt<\/li>\n<li>Model Number: C9103Y03<\/li>\n<li>Einstufung: Assemblage<\/li>\n<li>Kunststoffblockform: Selbstsichernde Steine<\/li>\n<li>Material: Kunststoff<\/li>\n<li>Kunststofftyp: ABS<\/li>\n<li>Bricks Blocks: 191 PCS<\/li>\n<li>Dimensions: 37.6 x 7.2 x 23.8 cm<\/li>\n<li>Gewicht: 0,14 kg<\/li>\n<li>Enth\u00e4lt eine ausf\u00fchrliche Montageanleitung.<\/li>\n<\/ol>\n<p>Notiz:<br \/>\n1. Ohne Originalverpackung, aber wir garantieren, dass unsere Produkte eine Qualit\u00e4tssicherung und eine sch\u00f6ne Verpackung haben.<br \/>\n2. Wie alle Teile, die wir vor dem Versand \u00fcberpr\u00fcft haben, machen Sie sich keine Sorgen, wenn Sie feststellen, dass einige Teile fehlen oder besch\u00e4digt sind, und kontaktieren Sie uns einfach, und wir k\u00f6nnen sie Ihnen umgehend kostenlos erneut zusenden.<\/p>\n<figure id=\"attachment_32621\" aria-describedby=\"caption-attachment-32621\" style=\"width: 800px\" class=\"wp-caption aligncenter\"><img fetchpriority=\"high\" decoding=\"async\" class=\"wp-image-32621 size-full\" src=\"https:\/\/mouldking.store\/wp-content\/uploads\/2022\/09\/Creator-MOC-89587-The-Nutcracker-and-the-Mouse-King-Waist-Drum-Soldier-MOCBRICKLAND-6.jpg\" alt=\"MOC-89587 The Nutcracker and the Mouse King \u2013 Waist Drum Soldier with 191 Pieces\" width=\"800\" height=\"800\" title=\"-\" srcset=\"https:\/\/mouldking.store\/wp-content\/uploads\/2022\/09\/Creator-MOC-89587-The-Nutcracker-and-the-Mouse-King-Waist-Drum-Soldier-MOCBRICKLAND-6.jpg 800w, https:\/\/mouldking.store\/wp-content\/uploads\/2022\/09\/Creator-MOC-89587-The-Nutcracker-and-the-Mouse-King-Waist-Drum-Soldier-MOCBRICKLAND-6-300x300.jpg 300w, https:\/\/mouldking.store\/wp-content\/uploads\/2022\/09\/Creator-MOC-89587-The-Nutcracker-and-the-Mouse-King-Waist-Drum-Soldier-MOCBRICKLAND-6-768x768.jpg 768w, https:\/\/mouldking.store\/wp-content\/uploads\/2022\/09\/Creator-MOC-89587-The-Nutcracker-and-the-Mouse-King-Waist-Drum-Soldier-MOCBRICKLAND-6-600x600.jpg 600w, https:\/\/mouldking.store\/wp-content\/uploads\/2022\/09\/Creator-MOC-89587-The-Nutcracker-and-the-Mouse-King-Waist-Drum-Soldier-MOCBRICKLAND-6-150x150.jpg 150w, https:\/\/mouldking.store\/wp-content\/uploads\/2022\/09\/Creator-MOC-89587-The-Nutcracker-and-the-Mouse-King-Waist-Drum-Soldier-MOCBRICKLAND-6-60x60.jpg 60w, https:\/\/mouldking.store\/wp-content\/uploads\/2022\/09\/Creator-MOC-89587-The-Nutcracker-and-the-Mouse-King-Waist-Drum-Soldier-MOCBRICKLAND-6-90x90.jpg 90w\" sizes=\"(max-width: 800px) 100vw, 800px\" \/><figcaption id=\"caption-attachment-32621\" class=\"wp-caption-text\">MOC-89587 Der Nussknacker und der M\u00e4usek\u00f6nig \u2013 H\u00fcfttrommelsoldat mit 191 Teilen<\/figcaption><\/figure>\n<figure id=\"attachment_32620\" aria-describedby=\"caption-attachment-32620\" style=\"width: 800px\" class=\"wp-caption aligncenter\"><img decoding=\"async\" class=\"wp-image-32620 size-full\" src=\"https:\/\/mouldking.store\/wp-content\/uploads\/2022\/09\/Creator-MOC-89587-The-Nutcracker-and-the-Mouse-King-Waist-Drum-Soldier-MOCBRICKLAND-8.jpg\" alt=\"MOC-89587 The Nutcracker and the Mouse King \u2013 Waist Drum Soldier with 191 Pieces\" width=\"800\" height=\"800\" title=\"-\" srcset=\"https:\/\/mouldking.store\/wp-content\/uploads\/2022\/09\/Creator-MOC-89587-The-Nutcracker-and-the-Mouse-King-Waist-Drum-Soldier-MOCBRICKLAND-8.jpg 800w, https:\/\/mouldking.store\/wp-content\/uploads\/2022\/09\/Creator-MOC-89587-The-Nutcracker-and-the-Mouse-King-Waist-Drum-Soldier-MOCBRICKLAND-8-300x300.jpg 300w, https:\/\/mouldking.store\/wp-content\/uploads\/2022\/09\/Creator-MOC-89587-The-Nutcracker-and-the-Mouse-King-Waist-Drum-Soldier-MOCBRICKLAND-8-768x768.jpg 768w, https:\/\/mouldking.store\/wp-content\/uploads\/2022\/09\/Creator-MOC-89587-The-Nutcracker-and-the-Mouse-King-Waist-Drum-Soldier-MOCBRICKLAND-8-600x600.jpg 600w, https:\/\/mouldking.store\/wp-content\/uploads\/2022\/09\/Creator-MOC-89587-The-Nutcracker-and-the-Mouse-King-Waist-Drum-Soldier-MOCBRICKLAND-8-150x150.jpg 150w, https:\/\/mouldking.store\/wp-content\/uploads\/2022\/09\/Creator-MOC-89587-The-Nutcracker-and-the-Mouse-King-Waist-Drum-Soldier-MOCBRICKLAND-8-60x60.jpg 60w, https:\/\/mouldking.store\/wp-content\/uploads\/2022\/09\/Creator-MOC-89587-The-Nutcracker-and-the-Mouse-King-Waist-Drum-Soldier-MOCBRICKLAND-8-90x90.jpg 90w\" sizes=\"(max-width: 800px) 100vw, 800px\" \/><figcaption id=\"caption-attachment-32620\" class=\"wp-caption-text\">MOC-89587 Der Nussknacker und der M\u00e4usek\u00f6nig \u2013 H\u00fcfttrommelsoldat mit 191 Teilen<\/figcaption><\/figure>\n<figure id=\"attachment_32614\" aria-describedby=\"caption-attachment-32614\" style=\"width: 800px\" class=\"wp-caption aligncenter\"><img decoding=\"async\" class=\"wp-image-32614 size-full\" src=\"https:\/\/mouldking.store\/wp-content\/uploads\/2022\/09\/Creator-MOC-89587-The-Nutcracker-and-the-Mouse-King-Waist-Drum-Soldier-MOCBRICKLAND-1.jpg\" alt=\"MOC-89587 The Nutcracker and the Mouse King \u2013 Waist Drum Soldier with 191 Pieces\" width=\"800\" height=\"800\" title=\"-\" srcset=\"https:\/\/mouldking.store\/wp-content\/uploads\/2022\/09\/Creator-MOC-89587-The-Nutcracker-and-the-Mouse-King-Waist-Drum-Soldier-MOCBRICKLAND-1.jpg 800w, https:\/\/mouldking.store\/wp-content\/uploads\/2022\/09\/Creator-MOC-89587-The-Nutcracker-and-the-Mouse-King-Waist-Drum-Soldier-MOCBRICKLAND-1-300x300.jpg 300w, https:\/\/mouldking.store\/wp-content\/uploads\/2022\/09\/Creator-MOC-89587-The-Nutcracker-and-the-Mouse-King-Waist-Drum-Soldier-MOCBRICKLAND-1-768x768.jpg 768w, https:\/\/mouldking.store\/wp-content\/uploads\/2022\/09\/Creator-MOC-89587-The-Nutcracker-and-the-Mouse-King-Waist-Drum-Soldier-MOCBRICKLAND-1-600x600.jpg 600w, https:\/\/mouldking.store\/wp-content\/uploads\/2022\/09\/Creator-MOC-89587-The-Nutcracker-and-the-Mouse-King-Waist-Drum-Soldier-MOCBRICKLAND-1-150x150.jpg 150w, https:\/\/mouldking.store\/wp-content\/uploads\/2022\/09\/Creator-MOC-89587-The-Nutcracker-and-the-Mouse-King-Waist-Drum-Soldier-MOCBRICKLAND-1-60x60.jpg 60w, https:\/\/mouldking.store\/wp-content\/uploads\/2022\/09\/Creator-MOC-89587-The-Nutcracker-and-the-Mouse-King-Waist-Drum-Soldier-MOCBRICKLAND-1-90x90.jpg 90w\" sizes=\"(max-width: 800px) 100vw, 800px\" \/><figcaption id=\"caption-attachment-32614\" class=\"wp-caption-text\">MOC-89587 Der Nussknacker und der M\u00e4usek\u00f6nig \u2013 H\u00fcfttrommelsoldat mit 191 Teilen<\/figcaption><\/figure>\n<figure id=\"attachment_32618\" aria-describedby=\"caption-attachment-32618\" style=\"width: 800px\" class=\"wp-caption aligncenter\"><img loading=\"lazy\" decoding=\"async\" class=\"wp-image-32618 size-full\" src=\"https:\/\/mouldking.store\/wp-content\/uploads\/2022\/09\/Creator-MOC-89587-The-Nutcracker-and-the-Mouse-King-Waist-Drum-Soldier-MOCBRICKLAND-2.jpg\" alt=\"MOC-89587 The Nutcracker and the Mouse King \u2013 Waist Drum Soldier with 191 Pieces\" width=\"800\" height=\"800\" title=\"-\" srcset=\"https:\/\/mouldking.store\/wp-content\/uploads\/2022\/09\/Creator-MOC-89587-The-Nutcracker-and-the-Mouse-King-Waist-Drum-Soldier-MOCBRICKLAND-2.jpg 800w, https:\/\/mouldking.store\/wp-content\/uploads\/2022\/09\/Creator-MOC-89587-The-Nutcracker-and-the-Mouse-King-Waist-Drum-Soldier-MOCBRICKLAND-2-300x300.jpg 300w, https:\/\/mouldking.store\/wp-content\/uploads\/2022\/09\/Creator-MOC-89587-The-Nutcracker-and-the-Mouse-King-Waist-Drum-Soldier-MOCBRICKLAND-2-768x768.jpg 768w, https:\/\/mouldking.store\/wp-content\/uploads\/2022\/09\/Creator-MOC-89587-The-Nutcracker-and-the-Mouse-King-Waist-Drum-Soldier-MOCBRICKLAND-2-600x600.jpg 600w, https:\/\/mouldking.store\/wp-content\/uploads\/2022\/09\/Creator-MOC-89587-The-Nutcracker-and-the-Mouse-King-Waist-Drum-Soldier-MOCBRICKLAND-2-150x150.jpg 150w, https:\/\/mouldking.store\/wp-content\/uploads\/2022\/09\/Creator-MOC-89587-The-Nutcracker-and-the-Mouse-King-Waist-Drum-Soldier-MOCBRICKLAND-2-60x60.jpg 60w, https:\/\/mouldking.store\/wp-content\/uploads\/2022\/09\/Creator-MOC-89587-The-Nutcracker-and-the-Mouse-King-Waist-Drum-Soldier-MOCBRICKLAND-2-90x90.jpg 90w\" sizes=\"(max-width: 800px) 100vw, 800px\" \/><figcaption id=\"caption-attachment-32618\" class=\"wp-caption-text\">MOC-89587 Der Nussknacker und der M\u00e4usek\u00f6nig \u2013 H\u00fcfttrommelsoldat mit 191 Teilen<\/figcaption><\/figure>\n<figure id=\"attachment_32615\" aria-describedby=\"caption-attachment-32615\" style=\"width: 800px\" class=\"wp-caption aligncenter\"><img loading=\"lazy\" decoding=\"async\" class=\"wp-image-32615 size-full\" src=\"https:\/\/mouldking.store\/wp-content\/uploads\/2022\/09\/Creator-MOC-89587-The-Nutcracker-and-the-Mouse-King-Waist-Drum-Soldier-MOCBRICKLAND-3.jpg\" alt=\"MOC-89587 The Nutcracker and the Mouse King \u2013 Waist Drum Soldier with 191 Pieces\" width=\"800\" height=\"800\" title=\"-\" srcset=\"https:\/\/mouldking.store\/wp-content\/uploads\/2022\/09\/Creator-MOC-89587-The-Nutcracker-and-the-Mouse-King-Waist-Drum-Soldier-MOCBRICKLAND-3.jpg 800w, https:\/\/mouldking.store\/wp-content\/uploads\/2022\/09\/Creator-MOC-89587-The-Nutcracker-and-the-Mouse-King-Waist-Drum-Soldier-MOCBRICKLAND-3-300x300.jpg 300w, https:\/\/mouldking.store\/wp-content\/uploads\/2022\/09\/Creator-MOC-89587-The-Nutcracker-and-the-Mouse-King-Waist-Drum-Soldier-MOCBRICKLAND-3-768x768.jpg 768w, https:\/\/mouldking.store\/wp-content\/uploads\/2022\/09\/Creator-MOC-89587-The-Nutcracker-and-the-Mouse-King-Waist-Drum-Soldier-MOCBRICKLAND-3-600x600.jpg 600w, https:\/\/mouldking.store\/wp-content\/uploads\/2022\/09\/Creator-MOC-89587-The-Nutcracker-and-the-Mouse-King-Waist-Drum-Soldier-MOCBRICKLAND-3-150x150.jpg 150w, https:\/\/mouldking.store\/wp-content\/uploads\/2022\/09\/Creator-MOC-89587-The-Nutcracker-and-the-Mouse-King-Waist-Drum-Soldier-MOCBRICKLAND-3-60x60.jpg 60w, https:\/\/mouldking.store\/wp-content\/uploads\/2022\/09\/Creator-MOC-89587-The-Nutcracker-and-the-Mouse-King-Waist-Drum-Soldier-MOCBRICKLAND-3-90x90.jpg 90w\" sizes=\"(max-width: 800px) 100vw, 800px\" \/><figcaption id=\"caption-attachment-32615\" class=\"wp-caption-text\">MOC-89587 Der Nussknacker und der M\u00e4usek\u00f6nig \u2013 H\u00fcfttrommelsoldat mit 191 Teilen<\/figcaption><\/figure>\n<figure id=\"attachment_32617\" aria-describedby=\"caption-attachment-32617\" style=\"width: 800px\" class=\"wp-caption aligncenter\"><img loading=\"lazy\" decoding=\"async\" class=\"wp-image-32617 size-full\" src=\"https:\/\/mouldking.store\/wp-content\/uploads\/2022\/09\/Creator-MOC-89587-The-Nutcracker-and-the-Mouse-King-Waist-Drum-Soldier-MOCBRICKLAND-4.jpg\" alt=\"MOC-89587 The Nutcracker and the Mouse King \u2013 Waist Drum Soldier with 191 Pieces\" width=\"800\" height=\"800\" title=\"-\" srcset=\"https:\/\/mouldking.store\/wp-content\/uploads\/2022\/09\/Creator-MOC-89587-The-Nutcracker-and-the-Mouse-King-Waist-Drum-Soldier-MOCBRICKLAND-4.jpg 800w, https:\/\/mouldking.store\/wp-content\/uploads\/2022\/09\/Creator-MOC-89587-The-Nutcracker-and-the-Mouse-King-Waist-Drum-Soldier-MOCBRICKLAND-4-300x300.jpg 300w, https:\/\/mouldking.store\/wp-content\/uploads\/2022\/09\/Creator-MOC-89587-The-Nutcracker-and-the-Mouse-King-Waist-Drum-Soldier-MOCBRICKLAND-4-768x768.jpg 768w, https:\/\/mouldking.store\/wp-content\/uploads\/2022\/09\/Creator-MOC-89587-The-Nutcracker-and-the-Mouse-King-Waist-Drum-Soldier-MOCBRICKLAND-4-600x600.jpg 600w, https:\/\/mouldking.store\/wp-content\/uploads\/2022\/09\/Creator-MOC-89587-The-Nutcracker-and-the-Mouse-King-Waist-Drum-Soldier-MOCBRICKLAND-4-150x150.jpg 150w, https:\/\/mouldking.store\/wp-content\/uploads\/2022\/09\/Creator-MOC-89587-The-Nutcracker-and-the-Mouse-King-Waist-Drum-Soldier-MOCBRICKLAND-4-60x60.jpg 60w, https:\/\/mouldking.store\/wp-content\/uploads\/2022\/09\/Creator-MOC-89587-The-Nutcracker-and-the-Mouse-King-Waist-Drum-Soldier-MOCBRICKLAND-4-90x90.jpg 90w\" sizes=\"(max-width: 800px) 100vw, 800px\" \/><figcaption id=\"caption-attachment-32617\" class=\"wp-caption-text\">MOC-89587 Der Nussknacker und der M\u00e4usek\u00f6nig \u2013 H\u00fcfttrommelsoldat mit 191 Teilen<\/figcaption><\/figure>\n<figure id=\"attachment_32619\" aria-describedby=\"caption-attachment-32619\" style=\"width: 800px\" class=\"wp-caption aligncenter\"><img loading=\"lazy\" decoding=\"async\" class=\"wp-image-32619 size-full\" src=\"https:\/\/mouldking.store\/wp-content\/uploads\/2022\/09\/Creator-MOC-89587-The-Nutcracker-and-the-Mouse-King-Waist-Drum-Soldier-MOCBRICKLAND-5.jpg\" alt=\"MOC-89587 The Nutcracker and the Mouse King \u2013 Waist Drum Soldier with 191 Pieces\" width=\"800\" height=\"800\" title=\"-\" srcset=\"https:\/\/mouldking.store\/wp-content\/uploads\/2022\/09\/Creator-MOC-89587-The-Nutcracker-and-the-Mouse-King-Waist-Drum-Soldier-MOCBRICKLAND-5.jpg 800w, https:\/\/mouldking.store\/wp-content\/uploads\/2022\/09\/Creator-MOC-89587-The-Nutcracker-and-the-Mouse-King-Waist-Drum-Soldier-MOCBRICKLAND-5-300x300.jpg 300w, https:\/\/mouldking.store\/wp-content\/uploads\/2022\/09\/Creator-MOC-89587-The-Nutcracker-and-the-Mouse-King-Waist-Drum-Soldier-MOCBRICKLAND-5-768x768.jpg 768w, https:\/\/mouldking.store\/wp-content\/uploads\/2022\/09\/Creator-MOC-89587-The-Nutcracker-and-the-Mouse-King-Waist-Drum-Soldier-MOCBRICKLAND-5-600x600.jpg 600w, https:\/\/mouldking.store\/wp-content\/uploads\/2022\/09\/Creator-MOC-89587-The-Nutcracker-and-the-Mouse-King-Waist-Drum-Soldier-MOCBRICKLAND-5-150x150.jpg 150w, https:\/\/mouldking.store\/wp-content\/uploads\/2022\/09\/Creator-MOC-89587-The-Nutcracker-and-the-Mouse-King-Waist-Drum-Soldier-MOCBRICKLAND-5-60x60.jpg 60w, https:\/\/mouldking.store\/wp-content\/uploads\/2022\/09\/Creator-MOC-89587-The-Nutcracker-and-the-Mouse-King-Waist-Drum-Soldier-MOCBRICKLAND-5-90x90.jpg 90w\" sizes=\"(max-width: 800px) 100vw, 800px\" \/><figcaption id=\"caption-attachment-32619\" class=\"wp-caption-text\">MOC-89587 Der Nussknacker und der M\u00e4usek\u00f6nig \u2013 H\u00fcfttrommelsoldat mit 191 Teilen<\/figcaption><\/figure>\n<figure id=\"attachment_32616\" aria-describedby=\"caption-attachment-32616\" style=\"width: 800px\" class=\"wp-caption aligncenter\"><img loading=\"lazy\" decoding=\"async\" class=\"wp-image-32616 size-full\" src=\"https:\/\/mouldking.store\/wp-content\/uploads\/2022\/09\/Creator-MOC-89587-The-Nutcracker-and-the-Mouse-King-Waist-Drum-Soldier-MOCBRICKLAND-7.jpg\" alt=\"MOC-89587 The Nutcracker and the Mouse King \u2013 Waist Drum Soldier with 191 Pieces\" width=\"800\" height=\"800\" title=\"-\" srcset=\"https:\/\/mouldking.store\/wp-content\/uploads\/2022\/09\/Creator-MOC-89587-The-Nutcracker-and-the-Mouse-King-Waist-Drum-Soldier-MOCBRICKLAND-7.jpg 800w, https:\/\/mouldking.store\/wp-content\/uploads\/2022\/09\/Creator-MOC-89587-The-Nutcracker-and-the-Mouse-King-Waist-Drum-Soldier-MOCBRICKLAND-7-300x300.jpg 300w, https:\/\/mouldking.store\/wp-content\/uploads\/2022\/09\/Creator-MOC-89587-The-Nutcracker-and-the-Mouse-King-Waist-Drum-Soldier-MOCBRICKLAND-7-768x768.jpg 768w, https:\/\/mouldking.store\/wp-content\/uploads\/2022\/09\/Creator-MOC-89587-The-Nutcracker-and-the-Mouse-King-Waist-Drum-Soldier-MOCBRICKLAND-7-600x600.jpg 600w, https:\/\/mouldking.store\/wp-content\/uploads\/2022\/09\/Creator-MOC-89587-The-Nutcracker-and-the-Mouse-King-Waist-Drum-Soldier-MOCBRICKLAND-7-150x150.jpg 150w, https:\/\/mouldking.store\/wp-content\/uploads\/2022\/09\/Creator-MOC-89587-The-Nutcracker-and-the-Mouse-King-Waist-Drum-Soldier-MOCBRICKLAND-7-60x60.jpg 60w, https:\/\/mouldking.store\/wp-content\/uploads\/2022\/09\/Creator-MOC-89587-The-Nutcracker-and-the-Mouse-King-Waist-Drum-Soldier-MOCBRICKLAND-7-90x90.jpg 90w\" sizes=\"(max-width: 800px) 100vw, 800px\" \/><figcaption id=\"caption-attachment-32616\" class=\"wp-caption-text\">MOC-89587 Der Nussknacker und der M\u00e4usek\u00f6nig \u2013 H\u00fcfttrommelsoldat mit 191 Teilen<\/figcaption><\/figure>\n<p>&nbsp;<\/p>","protected":false},"excerpt":{"rendered":"<p>Product information: Brand: MOC Gender: Unisex Name: The Nutcracker and the Mouse King \u2013 Waist Drum Soldier Age Range: &gt; 6 years old Model Number: C9103Y03 Classification: Assemblage Plastic Block Shape: Self-Locking Bricks Material: Plastic Plastic Type: ABS Bricks Blocks: 191 PCS Dimensions: 37.6 x 7.2 x 23.8 cm Weight: 0.14 kg Contains detailed assembly [&hellip;]<\/p>","protected":false},"featured_media":32621,"comment_status":"closed","ping_status":"closed","template":"","meta":{"_acf_changed":false},"product_cat":[371],"product_tag":[5935,5934,5936,5937],"class_list":["product","first","instock","shipping-taxable","purchasable","product-type-simple"],"acf":[],"_links":{"self":[{"href":"https:\/\/mouldking.store\/de\/wp-json\/wp\/v2\/product\/32613","targetHints":{"allow":["GET"]}}],"collection":[{"href":"https:\/\/mouldking.store\/de\/wp-json\/wp\/v2\/product"}],"about":[{"href":"https:\/\/mouldking.store\/de\/wp-json\/wp\/v2\/types\/product"}],"replies":[{"embeddable":true,"href":"https:\/\/mouldking.store\/de\/wp-json\/wp\/v2\/comments?post=32613"}],"wp:featuredmedia":[{"embeddable":true,"href":"https:\/\/mouldking.store\/de\/wp-json\/wp\/v2\/media\/32621"}],"wp:attachment":[{"href":"https:\/\/mouldking.store\/de\/wp-json\/wp\/v2\/media?parent=32613"}],"wp:term":[{"taxonomy":"product_cat","embeddable":true,"href":"https:\/\/mouldking.store\/de\/wp-json\/wp\/v2\/product_cat?post=32613"},{"taxonomy":"product_tag","embeddable":true,"href":"https:\/\/mouldking.store\/de\/wp-json\/wp\/v2\/product_tag?post=32613"}],"curies":[{"name":"wp","href":"https:\/\/api.w.org\/{rel}","templated":true}]}}