{"id":32646,"date":"2022-09-28T11:32:32","date_gmt":"2022-09-28T04:32:32","guid":{"rendered":"https:\/\/mouldking.store\/?post_type=product&#038;p=32646"},"modified":"2025-12-25T09:12:27","modified_gmt":"2025-12-25T02:12:27","slug":"moc-89586-ronin-titanfall-class-titan-with-1228-pieces","status":"publish","type":"product","link":"https:\/\/mouldking.store\/de\/shop\/moc-89586-ronin-titanfall-class-titan-with-1228-pieces\/","title":{"rendered":"MOC-89586 Titan der Ronin-Titanfall-Klasse mit 1228 Teilen"},"content":{"rendered":"<p>Produktinformation:<\/p>\n<ol>\n<li>Marke: MOC<\/li>\n<li>Geschlecht: Unisex<\/li>\n<li>Name: Ronin-Titanfall Class Titan<\/li>\n<li>Altersspanne: &gt; 6 Jahre alt<\/li>\n<li>Model Number: C7964<\/li>\n<li>Einstufung: Assemblage<\/li>\n<li>Kunststoffblockform: Selbstsichernde Steine<\/li>\n<li>Material: Kunststoff<\/li>\n<li>Kunststofftyp: ABS<\/li>\n<li>Bricks Blocks: 1228 PCS<\/li>\n<li>Dimensions: 40 x 14 x 20 cm<\/li>\n<li>Weight: 0.82 kg<\/li>\n<li>Enth\u00e4lt eine ausf\u00fchrliche Montageanleitung.<\/li>\n<\/ol>\n<p>Notiz:<br \/>\n1. Ohne Originalverpackung, aber wir garantieren, dass unsere Produkte eine Qualit\u00e4tssicherung und eine sch\u00f6ne Verpackung haben.<br \/>\n2. Wie alle Teile, die wir vor dem Versand \u00fcberpr\u00fcft haben, machen Sie sich keine Sorgen, wenn Sie feststellen, dass einige Teile fehlen oder besch\u00e4digt sind, und kontaktieren Sie uns einfach, und wir k\u00f6nnen sie Ihnen umgehend kostenlos erneut zusenden.<\/p>\n<p>&nbsp;<\/p>\n<figure id=\"attachment_32649\" aria-describedby=\"caption-attachment-32649\" style=\"width: 800px\" class=\"wp-caption aligncenter\"><img fetchpriority=\"high\" decoding=\"async\" class=\"wp-image-32649 size-full\" src=\"https:\/\/mouldking.store\/wp-content\/uploads\/2022\/09\/Creator-MOC-89586-Ronin-Titanfall-Class-Titan-MOCBRICKLAND-2.jpg\" alt=\"MOC-89586 Ronin-Titanfall Class Titan with 1228 Pieces\" width=\"800\" height=\"800\" title=\"-\" srcset=\"https:\/\/mouldking.store\/wp-content\/uploads\/2022\/09\/Creator-MOC-89586-Ronin-Titanfall-Class-Titan-MOCBRICKLAND-2.jpg 800w, https:\/\/mouldking.store\/wp-content\/uploads\/2022\/09\/Creator-MOC-89586-Ronin-Titanfall-Class-Titan-MOCBRICKLAND-2-300x300.jpg 300w, https:\/\/mouldking.store\/wp-content\/uploads\/2022\/09\/Creator-MOC-89586-Ronin-Titanfall-Class-Titan-MOCBRICKLAND-2-768x768.jpg 768w, https:\/\/mouldking.store\/wp-content\/uploads\/2022\/09\/Creator-MOC-89586-Ronin-Titanfall-Class-Titan-MOCBRICKLAND-2-600x600.jpg 600w, https:\/\/mouldking.store\/wp-content\/uploads\/2022\/09\/Creator-MOC-89586-Ronin-Titanfall-Class-Titan-MOCBRICKLAND-2-150x150.jpg 150w, https:\/\/mouldking.store\/wp-content\/uploads\/2022\/09\/Creator-MOC-89586-Ronin-Titanfall-Class-Titan-MOCBRICKLAND-2-60x60.jpg 60w, https:\/\/mouldking.store\/wp-content\/uploads\/2022\/09\/Creator-MOC-89586-Ronin-Titanfall-Class-Titan-MOCBRICKLAND-2-90x90.jpg 90w\" sizes=\"(max-width: 800px) 100vw, 800px\" \/><figcaption id=\"caption-attachment-32649\" class=\"wp-caption-text\">MOC-89586 Titan der Ronin-Titanfall-Klasse mit 1228 Teilen<\/figcaption><\/figure>\n<figure id=\"attachment_32650\" aria-describedby=\"caption-attachment-32650\" style=\"width: 800px\" class=\"wp-caption aligncenter\"><img decoding=\"async\" class=\"wp-image-32650 size-full\" src=\"https:\/\/mouldking.store\/wp-content\/uploads\/2022\/09\/Creator-MOC-89586-Ronin-Titanfall-Class-Titan-MOCBRICKLAND-3.jpg\" alt=\"MOC-89586 Ronin-Titanfall Class Titan with 1228 Pieces\" width=\"800\" height=\"800\" title=\"-\" srcset=\"https:\/\/mouldking.store\/wp-content\/uploads\/2022\/09\/Creator-MOC-89586-Ronin-Titanfall-Class-Titan-MOCBRICKLAND-3.jpg 800w, https:\/\/mouldking.store\/wp-content\/uploads\/2022\/09\/Creator-MOC-89586-Ronin-Titanfall-Class-Titan-MOCBRICKLAND-3-300x300.jpg 300w, https:\/\/mouldking.store\/wp-content\/uploads\/2022\/09\/Creator-MOC-89586-Ronin-Titanfall-Class-Titan-MOCBRICKLAND-3-768x768.jpg 768w, https:\/\/mouldking.store\/wp-content\/uploads\/2022\/09\/Creator-MOC-89586-Ronin-Titanfall-Class-Titan-MOCBRICKLAND-3-600x600.jpg 600w, https:\/\/mouldking.store\/wp-content\/uploads\/2022\/09\/Creator-MOC-89586-Ronin-Titanfall-Class-Titan-MOCBRICKLAND-3-150x150.jpg 150w, https:\/\/mouldking.store\/wp-content\/uploads\/2022\/09\/Creator-MOC-89586-Ronin-Titanfall-Class-Titan-MOCBRICKLAND-3-60x60.jpg 60w, https:\/\/mouldking.store\/wp-content\/uploads\/2022\/09\/Creator-MOC-89586-Ronin-Titanfall-Class-Titan-MOCBRICKLAND-3-90x90.jpg 90w\" sizes=\"(max-width: 800px) 100vw, 800px\" \/><figcaption id=\"caption-attachment-32650\" class=\"wp-caption-text\">MOC-89586 Titan der Ronin-Titanfall-Klasse mit 1228 Teilen<\/figcaption><\/figure>\n<figure id=\"attachment_32648\" aria-describedby=\"caption-attachment-32648\" style=\"width: 800px\" class=\"wp-caption aligncenter\"><img decoding=\"async\" class=\"wp-image-32648 size-full\" src=\"https:\/\/mouldking.store\/wp-content\/uploads\/2022\/09\/Creator-MOC-89586-Ronin-Titanfall-Class-Titan-MOCBRICKLAND-4.jpg\" alt=\"MOC-89586 Ronin-Titanfall Class Titan with 1228 Pieces\" width=\"800\" height=\"800\" title=\"-\" srcset=\"https:\/\/mouldking.store\/wp-content\/uploads\/2022\/09\/Creator-MOC-89586-Ronin-Titanfall-Class-Titan-MOCBRICKLAND-4.jpg 800w, https:\/\/mouldking.store\/wp-content\/uploads\/2022\/09\/Creator-MOC-89586-Ronin-Titanfall-Class-Titan-MOCBRICKLAND-4-300x300.jpg 300w, https:\/\/mouldking.store\/wp-content\/uploads\/2022\/09\/Creator-MOC-89586-Ronin-Titanfall-Class-Titan-MOCBRICKLAND-4-768x768.jpg 768w, https:\/\/mouldking.store\/wp-content\/uploads\/2022\/09\/Creator-MOC-89586-Ronin-Titanfall-Class-Titan-MOCBRICKLAND-4-600x600.jpg 600w, https:\/\/mouldking.store\/wp-content\/uploads\/2022\/09\/Creator-MOC-89586-Ronin-Titanfall-Class-Titan-MOCBRICKLAND-4-150x150.jpg 150w, https:\/\/mouldking.store\/wp-content\/uploads\/2022\/09\/Creator-MOC-89586-Ronin-Titanfall-Class-Titan-MOCBRICKLAND-4-60x60.jpg 60w, https:\/\/mouldking.store\/wp-content\/uploads\/2022\/09\/Creator-MOC-89586-Ronin-Titanfall-Class-Titan-MOCBRICKLAND-4-90x90.jpg 90w\" sizes=\"(max-width: 800px) 100vw, 800px\" \/><figcaption id=\"caption-attachment-32648\" class=\"wp-caption-text\">MOC-89586 Titan der Ronin-Titanfall-Klasse mit 1228 Teilen<\/figcaption><\/figure>\n<figure id=\"attachment_32647\" aria-describedby=\"caption-attachment-32647\" style=\"width: 800px\" class=\"wp-caption aligncenter\"><img loading=\"lazy\" decoding=\"async\" class=\"wp-image-32647 size-full\" src=\"https:\/\/mouldking.store\/wp-content\/uploads\/2022\/09\/Creator-MOC-89586-Ronin-Titanfall-Class-Titan-MOCBRICKLAND-1.jpg\" alt=\"MOC-89586 Ronin-Titanfall Class Titan with 1228 Pieces\" width=\"800\" height=\"1237\" title=\"-\" srcset=\"https:\/\/mouldking.store\/wp-content\/uploads\/2022\/09\/Creator-MOC-89586-Ronin-Titanfall-Class-Titan-MOCBRICKLAND-1.jpg 800w, https:\/\/mouldking.store\/wp-content\/uploads\/2022\/09\/Creator-MOC-89586-Ronin-Titanfall-Class-Titan-MOCBRICKLAND-1-194x300.jpg 194w, https:\/\/mouldking.store\/wp-content\/uploads\/2022\/09\/Creator-MOC-89586-Ronin-Titanfall-Class-Titan-MOCBRICKLAND-1-662x1024.jpg 662w, https:\/\/mouldking.store\/wp-content\/uploads\/2022\/09\/Creator-MOC-89586-Ronin-Titanfall-Class-Titan-MOCBRICKLAND-1-768x1188.jpg 768w, https:\/\/mouldking.store\/wp-content\/uploads\/2022\/09\/Creator-MOC-89586-Ronin-Titanfall-Class-Titan-MOCBRICKLAND-1-300x464.jpg 300w, https:\/\/mouldking.store\/wp-content\/uploads\/2022\/09\/Creator-MOC-89586-Ronin-Titanfall-Class-Titan-MOCBRICKLAND-1-600x928.jpg 600w, https:\/\/mouldking.store\/wp-content\/uploads\/2022\/09\/Creator-MOC-89586-Ronin-Titanfall-Class-Titan-MOCBRICKLAND-1-97x150.jpg 97w, https:\/\/mouldking.store\/wp-content\/uploads\/2022\/09\/Creator-MOC-89586-Ronin-Titanfall-Class-Titan-MOCBRICKLAND-1-39x60.jpg 39w, https:\/\/mouldking.store\/wp-content\/uploads\/2022\/09\/Creator-MOC-89586-Ronin-Titanfall-Class-Titan-MOCBRICKLAND-1-58x90.jpg 58w\" sizes=\"(max-width: 800px) 100vw, 800px\" \/><figcaption id=\"caption-attachment-32647\" class=\"wp-caption-text\">MOC-89586 Titan der Ronin-Titanfall-Klasse mit 1228 Teilen<\/figcaption><\/figure>","protected":false},"excerpt":{"rendered":"<p>Product information: Brand: MOC Gender: Unisex Name: Ronin-Titanfall Class Titan Age Range: &gt; 6 years old Model Number: C7964 Classification: Assemblage Plastic Block Shape: Self-Locking Bricks Material: Plastic Plastic Type: ABS Bricks Blocks: 1228 PCS Dimensions: 40 x 14 x 20 cm Weight: 0.82 kg Contains detailed assembly instructions. Notice: 1. Without an original box, [&hellip;]<\/p>","protected":false},"featured_media":32650,"comment_status":"closed","ping_status":"closed","template":"","meta":{"_acf_changed":false},"product_cat":[371],"product_tag":[5950,5949,5952,5951],"class_list":["product","first","instock","shipping-taxable","purchasable","product-type-simple"],"acf":[],"_links":{"self":[{"href":"https:\/\/mouldking.store\/de\/wp-json\/wp\/v2\/product\/32646","targetHints":{"allow":["GET"]}}],"collection":[{"href":"https:\/\/mouldking.store\/de\/wp-json\/wp\/v2\/product"}],"about":[{"href":"https:\/\/mouldking.store\/de\/wp-json\/wp\/v2\/types\/product"}],"replies":[{"embeddable":true,"href":"https:\/\/mouldking.store\/de\/wp-json\/wp\/v2\/comments?post=32646"}],"wp:featuredmedia":[{"embeddable":true,"href":"https:\/\/mouldking.store\/de\/wp-json\/wp\/v2\/media\/32650"}],"wp:attachment":[{"href":"https:\/\/mouldking.store\/de\/wp-json\/wp\/v2\/media?parent=32646"}],"wp:term":[{"taxonomy":"product_cat","embeddable":true,"href":"https:\/\/mouldking.store\/de\/wp-json\/wp\/v2\/product_cat?post=32646"},{"taxonomy":"product_tag","embeddable":true,"href":"https:\/\/mouldking.store\/de\/wp-json\/wp\/v2\/product_tag?post=32646"}],"curies":[{"name":"wp","href":"https:\/\/api.w.org\/{rel}","templated":true}]}}