{"id":32673,"date":"2022-09-28T11:56:31","date_gmt":"2022-09-28T04:56:31","guid":{"rendered":"https:\/\/mouldking.store\/?post_type=product&#038;p=32673"},"modified":"2025-12-25T09:12:27","modified_gmt":"2025-12-25T02:12:27","slug":"moc-113941-acklay-with-405-pieces","status":"publish","type":"product","link":"https:\/\/mouldking.store\/de\/shop\/moc-113941-acklay-with-405-pieces\/","title":{"rendered":"MOC-113941 Acklay mit 405 Teilen"},"content":{"rendered":"<p>Produktinformation:<\/p>\n<ol>\n<li>Marke: MOC<\/li>\n<li>Geschlecht: Unisex<\/li>\n<li>Name: Acklay<\/li>\n<li>Altersspanne: &gt; 6 Jahre alt<\/li>\n<li>Model Number: C7986<\/li>\n<li>Einstufung: Assemblage<\/li>\n<li>Kunststoffblockform: Selbstsichernde Steine<\/li>\n<li>Material: Kunststoff<\/li>\n<li>Kunststofftyp: ABS<\/li>\n<li>Ziegelsteine: 405 ST\u00dcCKE<\/li>\n<li>Dimensions: 20 x 12.8 x 20 cm<\/li>\n<li>Gewicht: 0,17 kg<\/li>\n<li>Enth\u00e4lt eine ausf\u00fchrliche Montageanleitung.<\/li>\n<\/ol>\n<p>Notiz:<br \/>\n1. Ohne Originalverpackung, aber wir garantieren, dass unsere Produkte eine Qualit\u00e4tssicherung und eine sch\u00f6ne Verpackung haben.<br \/>\n2. Wie alle Teile, die wir vor dem Versand \u00fcberpr\u00fcft haben, machen Sie sich keine Sorgen, wenn Sie feststellen, dass einige Teile fehlen oder besch\u00e4digt sind, und kontaktieren Sie uns einfach, und wir k\u00f6nnen sie Ihnen umgehend kostenlos erneut zusenden.<\/p>\n<p>&nbsp;<\/p>\n<figure id=\"attachment_32677\" aria-describedby=\"caption-attachment-32677\" style=\"width: 800px\" class=\"wp-caption aligncenter\"><img fetchpriority=\"high\" decoding=\"async\" class=\"wp-image-32677 size-full\" src=\"https:\/\/mouldking.store\/wp-content\/uploads\/2022\/09\/Star-Wars-MOC-113941-Acklay-MOCBRICKLAND-2.jpg\" alt=\"MOC-113941 Acklay with 405 Pieces\" width=\"800\" height=\"800\" title=\"-\" srcset=\"https:\/\/mouldking.store\/wp-content\/uploads\/2022\/09\/Star-Wars-MOC-113941-Acklay-MOCBRICKLAND-2.jpg 800w, https:\/\/mouldking.store\/wp-content\/uploads\/2022\/09\/Star-Wars-MOC-113941-Acklay-MOCBRICKLAND-2-300x300.jpg 300w, https:\/\/mouldking.store\/wp-content\/uploads\/2022\/09\/Star-Wars-MOC-113941-Acklay-MOCBRICKLAND-2-768x768.jpg 768w, https:\/\/mouldking.store\/wp-content\/uploads\/2022\/09\/Star-Wars-MOC-113941-Acklay-MOCBRICKLAND-2-600x600.jpg 600w, https:\/\/mouldking.store\/wp-content\/uploads\/2022\/09\/Star-Wars-MOC-113941-Acklay-MOCBRICKLAND-2-150x150.jpg 150w, https:\/\/mouldking.store\/wp-content\/uploads\/2022\/09\/Star-Wars-MOC-113941-Acklay-MOCBRICKLAND-2-60x60.jpg 60w, https:\/\/mouldking.store\/wp-content\/uploads\/2022\/09\/Star-Wars-MOC-113941-Acklay-MOCBRICKLAND-2-90x90.jpg 90w\" sizes=\"(max-width: 800px) 100vw, 800px\" \/><figcaption id=\"caption-attachment-32677\" class=\"wp-caption-text\">MOC-113941 Acklay mit 405 Teilen<\/figcaption><\/figure>\n<figure id=\"attachment_32679\" aria-describedby=\"caption-attachment-32679\" style=\"width: 800px\" class=\"wp-caption aligncenter\"><img decoding=\"async\" class=\"wp-image-32679 size-full\" src=\"https:\/\/mouldking.store\/wp-content\/uploads\/2022\/09\/Star-Wars-MOC-113941-Acklay-MOCBRICKLAND-4.jpg\" alt=\"MOC-113941 Acklay with 405 Pieces\" width=\"800\" height=\"800\" title=\"-\" srcset=\"https:\/\/mouldking.store\/wp-content\/uploads\/2022\/09\/Star-Wars-MOC-113941-Acklay-MOCBRICKLAND-4.jpg 800w, https:\/\/mouldking.store\/wp-content\/uploads\/2022\/09\/Star-Wars-MOC-113941-Acklay-MOCBRICKLAND-4-300x300.jpg 300w, https:\/\/mouldking.store\/wp-content\/uploads\/2022\/09\/Star-Wars-MOC-113941-Acklay-MOCBRICKLAND-4-768x768.jpg 768w, https:\/\/mouldking.store\/wp-content\/uploads\/2022\/09\/Star-Wars-MOC-113941-Acklay-MOCBRICKLAND-4-600x600.jpg 600w, https:\/\/mouldking.store\/wp-content\/uploads\/2022\/09\/Star-Wars-MOC-113941-Acklay-MOCBRICKLAND-4-150x150.jpg 150w, https:\/\/mouldking.store\/wp-content\/uploads\/2022\/09\/Star-Wars-MOC-113941-Acklay-MOCBRICKLAND-4-60x60.jpg 60w, https:\/\/mouldking.store\/wp-content\/uploads\/2022\/09\/Star-Wars-MOC-113941-Acklay-MOCBRICKLAND-4-90x90.jpg 90w\" sizes=\"(max-width: 800px) 100vw, 800px\" \/><figcaption id=\"caption-attachment-32679\" class=\"wp-caption-text\">MOC-113941 Acklay mit 405 Teilen<\/figcaption><\/figure>\n<figure id=\"attachment_32678\" aria-describedby=\"caption-attachment-32678\" style=\"width: 800px\" class=\"wp-caption aligncenter\"><img decoding=\"async\" class=\"wp-image-32678 size-full\" src=\"https:\/\/mouldking.store\/wp-content\/uploads\/2022\/09\/Star-Wars-MOC-113941-Acklay-MOCBRICKLAND-3.jpg\" alt=\"MOC-113941 Acklay with 405 Pieces\" width=\"800\" height=\"800\" title=\"-\" srcset=\"https:\/\/mouldking.store\/wp-content\/uploads\/2022\/09\/Star-Wars-MOC-113941-Acklay-MOCBRICKLAND-3.jpg 800w, https:\/\/mouldking.store\/wp-content\/uploads\/2022\/09\/Star-Wars-MOC-113941-Acklay-MOCBRICKLAND-3-300x300.jpg 300w, https:\/\/mouldking.store\/wp-content\/uploads\/2022\/09\/Star-Wars-MOC-113941-Acklay-MOCBRICKLAND-3-768x768.jpg 768w, https:\/\/mouldking.store\/wp-content\/uploads\/2022\/09\/Star-Wars-MOC-113941-Acklay-MOCBRICKLAND-3-600x600.jpg 600w, https:\/\/mouldking.store\/wp-content\/uploads\/2022\/09\/Star-Wars-MOC-113941-Acklay-MOCBRICKLAND-3-150x150.jpg 150w, https:\/\/mouldking.store\/wp-content\/uploads\/2022\/09\/Star-Wars-MOC-113941-Acklay-MOCBRICKLAND-3-60x60.jpg 60w, https:\/\/mouldking.store\/wp-content\/uploads\/2022\/09\/Star-Wars-MOC-113941-Acklay-MOCBRICKLAND-3-90x90.jpg 90w\" sizes=\"(max-width: 800px) 100vw, 800px\" \/><figcaption id=\"caption-attachment-32678\" class=\"wp-caption-text\">MOC-113941 Acklay mit 405 Teilen<\/figcaption><\/figure>\n<figure id=\"attachment_32674\" aria-describedby=\"caption-attachment-32674\" style=\"width: 800px\" class=\"wp-caption aligncenter\"><img loading=\"lazy\" decoding=\"async\" class=\"wp-image-32674 size-full\" src=\"https:\/\/mouldking.store\/wp-content\/uploads\/2022\/09\/Star-Wars-MOC-113941-Acklay-MOCBRICKLAND-5.jpg\" alt=\"MOC-113941 Acklay with 405 Pieces\" width=\"800\" height=\"800\" title=\"-\" srcset=\"https:\/\/mouldking.store\/wp-content\/uploads\/2022\/09\/Star-Wars-MOC-113941-Acklay-MOCBRICKLAND-5.jpg 800w, https:\/\/mouldking.store\/wp-content\/uploads\/2022\/09\/Star-Wars-MOC-113941-Acklay-MOCBRICKLAND-5-300x300.jpg 300w, https:\/\/mouldking.store\/wp-content\/uploads\/2022\/09\/Star-Wars-MOC-113941-Acklay-MOCBRICKLAND-5-768x768.jpg 768w, https:\/\/mouldking.store\/wp-content\/uploads\/2022\/09\/Star-Wars-MOC-113941-Acklay-MOCBRICKLAND-5-600x600.jpg 600w, https:\/\/mouldking.store\/wp-content\/uploads\/2022\/09\/Star-Wars-MOC-113941-Acklay-MOCBRICKLAND-5-150x150.jpg 150w, https:\/\/mouldking.store\/wp-content\/uploads\/2022\/09\/Star-Wars-MOC-113941-Acklay-MOCBRICKLAND-5-60x60.jpg 60w, https:\/\/mouldking.store\/wp-content\/uploads\/2022\/09\/Star-Wars-MOC-113941-Acklay-MOCBRICKLAND-5-90x90.jpg 90w\" sizes=\"(max-width: 800px) 100vw, 800px\" \/><figcaption id=\"caption-attachment-32674\" class=\"wp-caption-text\">MOC-113941 Acklay mit 405 Teilen<\/figcaption><\/figure>\n<figure id=\"attachment_32675\" aria-describedby=\"caption-attachment-32675\" style=\"width: 800px\" class=\"wp-caption aligncenter\"><img loading=\"lazy\" decoding=\"async\" class=\"wp-image-32675 size-full\" src=\"https:\/\/mouldking.store\/wp-content\/uploads\/2022\/09\/Star-Wars-MOC-113941-Acklay-MOCBRICKLAND-6.jpg\" alt=\"MOC-113941 Acklay with 405 Pieces\" width=\"800\" height=\"800\" title=\"-\" srcset=\"https:\/\/mouldking.store\/wp-content\/uploads\/2022\/09\/Star-Wars-MOC-113941-Acklay-MOCBRICKLAND-6.jpg 800w, https:\/\/mouldking.store\/wp-content\/uploads\/2022\/09\/Star-Wars-MOC-113941-Acklay-MOCBRICKLAND-6-300x300.jpg 300w, https:\/\/mouldking.store\/wp-content\/uploads\/2022\/09\/Star-Wars-MOC-113941-Acklay-MOCBRICKLAND-6-768x768.jpg 768w, https:\/\/mouldking.store\/wp-content\/uploads\/2022\/09\/Star-Wars-MOC-113941-Acklay-MOCBRICKLAND-6-600x600.jpg 600w, https:\/\/mouldking.store\/wp-content\/uploads\/2022\/09\/Star-Wars-MOC-113941-Acklay-MOCBRICKLAND-6-150x150.jpg 150w, https:\/\/mouldking.store\/wp-content\/uploads\/2022\/09\/Star-Wars-MOC-113941-Acklay-MOCBRICKLAND-6-60x60.jpg 60w, https:\/\/mouldking.store\/wp-content\/uploads\/2022\/09\/Star-Wars-MOC-113941-Acklay-MOCBRICKLAND-6-90x90.jpg 90w\" sizes=\"(max-width: 800px) 100vw, 800px\" \/><figcaption id=\"caption-attachment-32675\" class=\"wp-caption-text\">MOC-113941 Acklay mit 405 Teilen<\/figcaption><\/figure>\n<figure id=\"attachment_32676\" aria-describedby=\"caption-attachment-32676\" style=\"width: 800px\" class=\"wp-caption aligncenter\"><img loading=\"lazy\" decoding=\"async\" class=\"wp-image-32676 size-full\" src=\"https:\/\/mouldking.store\/wp-content\/uploads\/2022\/09\/Star-Wars-MOC-113941-Acklay-MOCBRICKLAND-1.jpg\" alt=\"MOC-113941 Acklay with 405 Pieces\" width=\"800\" height=\"1030\" title=\"-\" srcset=\"https:\/\/mouldking.store\/wp-content\/uploads\/2022\/09\/Star-Wars-MOC-113941-Acklay-MOCBRICKLAND-1.jpg 800w, https:\/\/mouldking.store\/wp-content\/uploads\/2022\/09\/Star-Wars-MOC-113941-Acklay-MOCBRICKLAND-1-233x300.jpg 233w, https:\/\/mouldking.store\/wp-content\/uploads\/2022\/09\/Star-Wars-MOC-113941-Acklay-MOCBRICKLAND-1-795x1024.jpg 795w, https:\/\/mouldking.store\/wp-content\/uploads\/2022\/09\/Star-Wars-MOC-113941-Acklay-MOCBRICKLAND-1-768x989.jpg 768w, https:\/\/mouldking.store\/wp-content\/uploads\/2022\/09\/Star-Wars-MOC-113941-Acklay-MOCBRICKLAND-1-300x386.jpg 300w, https:\/\/mouldking.store\/wp-content\/uploads\/2022\/09\/Star-Wars-MOC-113941-Acklay-MOCBRICKLAND-1-600x773.jpg 600w, https:\/\/mouldking.store\/wp-content\/uploads\/2022\/09\/Star-Wars-MOC-113941-Acklay-MOCBRICKLAND-1-117x150.jpg 117w, https:\/\/mouldking.store\/wp-content\/uploads\/2022\/09\/Star-Wars-MOC-113941-Acklay-MOCBRICKLAND-1-47x60.jpg 47w, https:\/\/mouldking.store\/wp-content\/uploads\/2022\/09\/Star-Wars-MOC-113941-Acklay-MOCBRICKLAND-1-70x90.jpg 70w\" sizes=\"(max-width: 800px) 100vw, 800px\" \/><figcaption id=\"caption-attachment-32676\" class=\"wp-caption-text\">MOC-113941 Acklay mit 405 Teilen<\/figcaption><\/figure>","protected":false},"excerpt":{"rendered":"<p>Product information: Brand: MOC Gender: Unisex Name: Acklay Age Range: &gt; 6 years old Model Number: C7986 Classification: Assemblage Plastic Block Shape: Self-Locking Bricks Material: Plastic Plastic Type: ABS Bricks Blocks: 405 PCS Dimensions: 20 x 12.8 x 20 cm Weight: 0.17 kg Contains detailed assembly instructions. Notice: 1. Without an original box, but we [&hellip;]<\/p>","protected":false},"featured_media":32677,"comment_status":"closed","ping_status":"closed","template":"","meta":{"_acf_changed":false},"product_cat":[415],"product_tag":[5960,5959,5958],"class_list":["product","first","instock","shipping-taxable","purchasable","product-type-simple"],"acf":[],"_links":{"self":[{"href":"https:\/\/mouldking.store\/de\/wp-json\/wp\/v2\/product\/32673","targetHints":{"allow":["GET"]}}],"collection":[{"href":"https:\/\/mouldking.store\/de\/wp-json\/wp\/v2\/product"}],"about":[{"href":"https:\/\/mouldking.store\/de\/wp-json\/wp\/v2\/types\/product"}],"replies":[{"embeddable":true,"href":"https:\/\/mouldking.store\/de\/wp-json\/wp\/v2\/comments?post=32673"}],"wp:featuredmedia":[{"embeddable":true,"href":"https:\/\/mouldking.store\/de\/wp-json\/wp\/v2\/media\/32677"}],"wp:attachment":[{"href":"https:\/\/mouldking.store\/de\/wp-json\/wp\/v2\/media?parent=32673"}],"wp:term":[{"taxonomy":"product_cat","embeddable":true,"href":"https:\/\/mouldking.store\/de\/wp-json\/wp\/v2\/product_cat?post=32673"},{"taxonomy":"product_tag","embeddable":true,"href":"https:\/\/mouldking.store\/de\/wp-json\/wp\/v2\/product_tag?post=32673"}],"curies":[{"name":"wp","href":"https:\/\/api.w.org\/{rel}","templated":true}]}}