{"id":32690,"date":"2022-09-28T12:06:42","date_gmt":"2022-09-28T05:06:42","guid":{"rendered":"https:\/\/mouldking.store\/?post_type=product&#038;p=32690"},"modified":"2025-12-25T09:12:26","modified_gmt":"2025-12-25T02:12:26","slug":"moc-54823-great-white-shark-with-728-pieces","status":"publish","type":"product","link":"https:\/\/mouldking.store\/de\/shop\/moc-54823-great-white-shark-with-728-pieces\/","title":{"rendered":"MOC-54823 Wei\u00dfer Hai mit 728 Teilen"},"content":{"rendered":"<p>Produktinformation:<\/p>\n<ol>\n<li>Marke: MOC<\/li>\n<li>Geschlecht: Unisex<\/li>\n<li>Name: Wei\u00dfer Hai<\/li>\n<li>Altersspanne: &gt; 6 Jahre alt<\/li>\n<li>Model Number: C9110<\/li>\n<li>Einstufung: Assemblage<\/li>\n<li>Kunststoffblockform: Selbstsichernde Steine<\/li>\n<li>Material: Kunststoff<\/li>\n<li>Kunststofftyp: ABS<\/li>\n<li>Bricks Blocks: 728 PCS<\/li>\n<li>Dimensions: 43.4 x 17.9 x 23.4 cm<\/li>\n<li>Gewicht: 0,59 kg<\/li>\n<li>Enth\u00e4lt eine ausf\u00fchrliche Montageanleitung.<\/li>\n<\/ol>\n<p>Notiz:<br \/>\n1. Ohne Originalverpackung, aber wir garantieren, dass unsere Produkte eine Qualit\u00e4tssicherung und eine sch\u00f6ne Verpackung haben.<br \/>\n2. Wie alle Teile, die wir vor dem Versand \u00fcberpr\u00fcft haben, machen Sie sich keine Sorgen, wenn Sie feststellen, dass einige Teile fehlen oder besch\u00e4digt sind, und kontaktieren Sie uns einfach, und wir k\u00f6nnen sie Ihnen umgehend kostenlos erneut zusenden.<\/p>\n<p>&nbsp;<\/p>\n<figure id=\"attachment_32691\" aria-describedby=\"caption-attachment-32691\" style=\"width: 800px\" class=\"wp-caption aligncenter\"><img fetchpriority=\"high\" decoding=\"async\" class=\"wp-image-32691 size-full\" src=\"https:\/\/mouldking.store\/wp-content\/uploads\/2022\/09\/C9110-11.jpg\" alt=\"MOC-54823 Great White Shark with 728 Pieces\" width=\"800\" height=\"800\" title=\"-\" srcset=\"https:\/\/mouldking.store\/wp-content\/uploads\/2022\/09\/C9110-11.jpg 800w, https:\/\/mouldking.store\/wp-content\/uploads\/2022\/09\/C9110-11-300x300.jpg 300w, https:\/\/mouldking.store\/wp-content\/uploads\/2022\/09\/C9110-11-768x768.jpg 768w, https:\/\/mouldking.store\/wp-content\/uploads\/2022\/09\/C9110-11-600x600.jpg 600w, https:\/\/mouldking.store\/wp-content\/uploads\/2022\/09\/C9110-11-150x150.jpg 150w, https:\/\/mouldking.store\/wp-content\/uploads\/2022\/09\/C9110-11-60x60.jpg 60w, https:\/\/mouldking.store\/wp-content\/uploads\/2022\/09\/C9110-11-90x90.jpg 90w\" sizes=\"(max-width: 800px) 100vw, 800px\" \/><figcaption id=\"caption-attachment-32691\" class=\"wp-caption-text\">MOC-54823 Wei\u00dfer Hai mit 728 Teilen<\/figcaption><\/figure>\n<figure id=\"attachment_32700\" aria-describedby=\"caption-attachment-32700\" style=\"width: 800px\" class=\"wp-caption aligncenter\"><img decoding=\"async\" class=\"wp-image-32700 size-full\" src=\"https:\/\/mouldking.store\/wp-content\/uploads\/2022\/09\/Creator-MOC-54823-Great-White-Shark-MOCBRICKLAND-9.jpg\" alt=\"MOC-54823 Great White Shark with 728 Pieces\" width=\"800\" height=\"800\" title=\"-\" srcset=\"https:\/\/mouldking.store\/wp-content\/uploads\/2022\/09\/Creator-MOC-54823-Great-White-Shark-MOCBRICKLAND-9.jpg 800w, https:\/\/mouldking.store\/wp-content\/uploads\/2022\/09\/Creator-MOC-54823-Great-White-Shark-MOCBRICKLAND-9-300x300.jpg 300w, https:\/\/mouldking.store\/wp-content\/uploads\/2022\/09\/Creator-MOC-54823-Great-White-Shark-MOCBRICKLAND-9-768x768.jpg 768w, https:\/\/mouldking.store\/wp-content\/uploads\/2022\/09\/Creator-MOC-54823-Great-White-Shark-MOCBRICKLAND-9-600x600.jpg 600w, https:\/\/mouldking.store\/wp-content\/uploads\/2022\/09\/Creator-MOC-54823-Great-White-Shark-MOCBRICKLAND-9-150x150.jpg 150w, https:\/\/mouldking.store\/wp-content\/uploads\/2022\/09\/Creator-MOC-54823-Great-White-Shark-MOCBRICKLAND-9-60x60.jpg 60w, https:\/\/mouldking.store\/wp-content\/uploads\/2022\/09\/Creator-MOC-54823-Great-White-Shark-MOCBRICKLAND-9-90x90.jpg 90w\" sizes=\"(max-width: 800px) 100vw, 800px\" \/><figcaption id=\"caption-attachment-32700\" class=\"wp-caption-text\">MOC-54823 Wei\u00dfer Hai mit 728 Teilen<\/figcaption><\/figure>\n<figure id=\"attachment_32694\" aria-describedby=\"caption-attachment-32694\" style=\"width: 800px\" class=\"wp-caption aligncenter\"><img decoding=\"async\" class=\"wp-image-32694 size-full\" src=\"https:\/\/mouldking.store\/wp-content\/uploads\/2022\/09\/Creator-MOC-54823-Great-White-Shark-MOCBRICKLAND-3.jpg\" alt=\"MOC-54823 Great White Shark with 728 Pieces\" width=\"800\" height=\"800\" title=\"-\" srcset=\"https:\/\/mouldking.store\/wp-content\/uploads\/2022\/09\/Creator-MOC-54823-Great-White-Shark-MOCBRICKLAND-3.jpg 800w, https:\/\/mouldking.store\/wp-content\/uploads\/2022\/09\/Creator-MOC-54823-Great-White-Shark-MOCBRICKLAND-3-300x300.jpg 300w, https:\/\/mouldking.store\/wp-content\/uploads\/2022\/09\/Creator-MOC-54823-Great-White-Shark-MOCBRICKLAND-3-768x768.jpg 768w, https:\/\/mouldking.store\/wp-content\/uploads\/2022\/09\/Creator-MOC-54823-Great-White-Shark-MOCBRICKLAND-3-600x600.jpg 600w, https:\/\/mouldking.store\/wp-content\/uploads\/2022\/09\/Creator-MOC-54823-Great-White-Shark-MOCBRICKLAND-3-150x150.jpg 150w, https:\/\/mouldking.store\/wp-content\/uploads\/2022\/09\/Creator-MOC-54823-Great-White-Shark-MOCBRICKLAND-3-60x60.jpg 60w, https:\/\/mouldking.store\/wp-content\/uploads\/2022\/09\/Creator-MOC-54823-Great-White-Shark-MOCBRICKLAND-3-90x90.jpg 90w\" sizes=\"(max-width: 800px) 100vw, 800px\" \/><figcaption id=\"caption-attachment-32694\" class=\"wp-caption-text\">MOC-54823 Wei\u00dfer Hai mit 728 Teilen<\/figcaption><\/figure>\n<figure id=\"attachment_32695\" aria-describedby=\"caption-attachment-32695\" style=\"width: 800px\" class=\"wp-caption aligncenter\"><img loading=\"lazy\" decoding=\"async\" class=\"wp-image-32695 size-full\" src=\"https:\/\/mouldking.store\/wp-content\/uploads\/2022\/09\/Creator-MOC-54823-Great-White-Shark-MOCBRICKLAND-4.jpg\" alt=\"MOC-54823 Great White Shark with 728 Pieces\" width=\"800\" height=\"800\" title=\"-\" srcset=\"https:\/\/mouldking.store\/wp-content\/uploads\/2022\/09\/Creator-MOC-54823-Great-White-Shark-MOCBRICKLAND-4.jpg 800w, https:\/\/mouldking.store\/wp-content\/uploads\/2022\/09\/Creator-MOC-54823-Great-White-Shark-MOCBRICKLAND-4-300x300.jpg 300w, https:\/\/mouldking.store\/wp-content\/uploads\/2022\/09\/Creator-MOC-54823-Great-White-Shark-MOCBRICKLAND-4-768x768.jpg 768w, https:\/\/mouldking.store\/wp-content\/uploads\/2022\/09\/Creator-MOC-54823-Great-White-Shark-MOCBRICKLAND-4-600x600.jpg 600w, https:\/\/mouldking.store\/wp-content\/uploads\/2022\/09\/Creator-MOC-54823-Great-White-Shark-MOCBRICKLAND-4-150x150.jpg 150w, https:\/\/mouldking.store\/wp-content\/uploads\/2022\/09\/Creator-MOC-54823-Great-White-Shark-MOCBRICKLAND-4-60x60.jpg 60w, https:\/\/mouldking.store\/wp-content\/uploads\/2022\/09\/Creator-MOC-54823-Great-White-Shark-MOCBRICKLAND-4-90x90.jpg 90w\" sizes=\"(max-width: 800px) 100vw, 800px\" \/><figcaption id=\"caption-attachment-32695\" class=\"wp-caption-text\">MOC-54823 Wei\u00dfer Hai mit 728 Teilen<\/figcaption><\/figure>\n<figure id=\"attachment_32696\" aria-describedby=\"caption-attachment-32696\" style=\"width: 800px\" class=\"wp-caption aligncenter\"><img loading=\"lazy\" decoding=\"async\" class=\"wp-image-32696 size-full\" src=\"https:\/\/mouldking.store\/wp-content\/uploads\/2022\/09\/Creator-MOC-54823-Great-White-Shark-MOCBRICKLAND-5.jpg\" alt=\"MOC-54823 Great White Shark with 728 Pieces\" width=\"800\" height=\"800\" title=\"-\" srcset=\"https:\/\/mouldking.store\/wp-content\/uploads\/2022\/09\/Creator-MOC-54823-Great-White-Shark-MOCBRICKLAND-5.jpg 800w, https:\/\/mouldking.store\/wp-content\/uploads\/2022\/09\/Creator-MOC-54823-Great-White-Shark-MOCBRICKLAND-5-300x300.jpg 300w, https:\/\/mouldking.store\/wp-content\/uploads\/2022\/09\/Creator-MOC-54823-Great-White-Shark-MOCBRICKLAND-5-768x768.jpg 768w, https:\/\/mouldking.store\/wp-content\/uploads\/2022\/09\/Creator-MOC-54823-Great-White-Shark-MOCBRICKLAND-5-600x600.jpg 600w, https:\/\/mouldking.store\/wp-content\/uploads\/2022\/09\/Creator-MOC-54823-Great-White-Shark-MOCBRICKLAND-5-150x150.jpg 150w, https:\/\/mouldking.store\/wp-content\/uploads\/2022\/09\/Creator-MOC-54823-Great-White-Shark-MOCBRICKLAND-5-60x60.jpg 60w, https:\/\/mouldking.store\/wp-content\/uploads\/2022\/09\/Creator-MOC-54823-Great-White-Shark-MOCBRICKLAND-5-90x90.jpg 90w\" sizes=\"(max-width: 800px) 100vw, 800px\" \/><figcaption id=\"caption-attachment-32696\" class=\"wp-caption-text\">MOC-54823 Wei\u00dfer Hai mit 728 Teilen<\/figcaption><\/figure>\n<figure id=\"attachment_32697\" aria-describedby=\"caption-attachment-32697\" style=\"width: 800px\" class=\"wp-caption aligncenter\"><img loading=\"lazy\" decoding=\"async\" class=\"wp-image-32697 size-full\" src=\"https:\/\/mouldking.store\/wp-content\/uploads\/2022\/09\/Creator-MOC-54823-Great-White-Shark-MOCBRICKLAND-6.jpg\" alt=\"MOC-54823 Great White Shark with 728 Pieces\" width=\"800\" height=\"800\" title=\"-\" srcset=\"https:\/\/mouldking.store\/wp-content\/uploads\/2022\/09\/Creator-MOC-54823-Great-White-Shark-MOCBRICKLAND-6.jpg 800w, https:\/\/mouldking.store\/wp-content\/uploads\/2022\/09\/Creator-MOC-54823-Great-White-Shark-MOCBRICKLAND-6-300x300.jpg 300w, https:\/\/mouldking.store\/wp-content\/uploads\/2022\/09\/Creator-MOC-54823-Great-White-Shark-MOCBRICKLAND-6-768x768.jpg 768w, https:\/\/mouldking.store\/wp-content\/uploads\/2022\/09\/Creator-MOC-54823-Great-White-Shark-MOCBRICKLAND-6-600x600.jpg 600w, https:\/\/mouldking.store\/wp-content\/uploads\/2022\/09\/Creator-MOC-54823-Great-White-Shark-MOCBRICKLAND-6-150x150.jpg 150w, https:\/\/mouldking.store\/wp-content\/uploads\/2022\/09\/Creator-MOC-54823-Great-White-Shark-MOCBRICKLAND-6-60x60.jpg 60w, https:\/\/mouldking.store\/wp-content\/uploads\/2022\/09\/Creator-MOC-54823-Great-White-Shark-MOCBRICKLAND-6-90x90.jpg 90w\" sizes=\"(max-width: 800px) 100vw, 800px\" \/><figcaption id=\"caption-attachment-32697\" class=\"wp-caption-text\">MOC-54823 Wei\u00dfer Hai mit 728 Teilen<\/figcaption><\/figure>\n<figure id=\"attachment_32698\" aria-describedby=\"caption-attachment-32698\" style=\"width: 800px\" class=\"wp-caption aligncenter\"><img loading=\"lazy\" decoding=\"async\" class=\"wp-image-32698 size-full\" src=\"https:\/\/mouldking.store\/wp-content\/uploads\/2022\/09\/Creator-MOC-54823-Great-White-Shark-MOCBRICKLAND-7.jpg\" alt=\"MOC-54823 Great White Shark with 728 Pieces\" width=\"800\" height=\"800\" title=\"-\" srcset=\"https:\/\/mouldking.store\/wp-content\/uploads\/2022\/09\/Creator-MOC-54823-Great-White-Shark-MOCBRICKLAND-7.jpg 800w, https:\/\/mouldking.store\/wp-content\/uploads\/2022\/09\/Creator-MOC-54823-Great-White-Shark-MOCBRICKLAND-7-300x300.jpg 300w, https:\/\/mouldking.store\/wp-content\/uploads\/2022\/09\/Creator-MOC-54823-Great-White-Shark-MOCBRICKLAND-7-768x768.jpg 768w, https:\/\/mouldking.store\/wp-content\/uploads\/2022\/09\/Creator-MOC-54823-Great-White-Shark-MOCBRICKLAND-7-600x600.jpg 600w, https:\/\/mouldking.store\/wp-content\/uploads\/2022\/09\/Creator-MOC-54823-Great-White-Shark-MOCBRICKLAND-7-150x150.jpg 150w, https:\/\/mouldking.store\/wp-content\/uploads\/2022\/09\/Creator-MOC-54823-Great-White-Shark-MOCBRICKLAND-7-60x60.jpg 60w, https:\/\/mouldking.store\/wp-content\/uploads\/2022\/09\/Creator-MOC-54823-Great-White-Shark-MOCBRICKLAND-7-90x90.jpg 90w\" sizes=\"(max-width: 800px) 100vw, 800px\" \/><figcaption id=\"caption-attachment-32698\" class=\"wp-caption-text\">MOC-54823 Wei\u00dfer Hai mit 728 Teilen<\/figcaption><\/figure>\n<figure id=\"attachment_32699\" aria-describedby=\"caption-attachment-32699\" style=\"width: 800px\" class=\"wp-caption aligncenter\"><img loading=\"lazy\" decoding=\"async\" class=\"wp-image-32699 size-full\" src=\"https:\/\/mouldking.store\/wp-content\/uploads\/2022\/09\/Creator-MOC-54823-Great-White-Shark-MOCBRICKLAND-8.jpg\" alt=\"MOC-54823 Great White Shark with 728 Pieces\" width=\"800\" height=\"800\" title=\"-\" srcset=\"https:\/\/mouldking.store\/wp-content\/uploads\/2022\/09\/Creator-MOC-54823-Great-White-Shark-MOCBRICKLAND-8.jpg 800w, https:\/\/mouldking.store\/wp-content\/uploads\/2022\/09\/Creator-MOC-54823-Great-White-Shark-MOCBRICKLAND-8-300x300.jpg 300w, https:\/\/mouldking.store\/wp-content\/uploads\/2022\/09\/Creator-MOC-54823-Great-White-Shark-MOCBRICKLAND-8-768x768.jpg 768w, https:\/\/mouldking.store\/wp-content\/uploads\/2022\/09\/Creator-MOC-54823-Great-White-Shark-MOCBRICKLAND-8-600x600.jpg 600w, https:\/\/mouldking.store\/wp-content\/uploads\/2022\/09\/Creator-MOC-54823-Great-White-Shark-MOCBRICKLAND-8-150x150.jpg 150w, https:\/\/mouldking.store\/wp-content\/uploads\/2022\/09\/Creator-MOC-54823-Great-White-Shark-MOCBRICKLAND-8-60x60.jpg 60w, https:\/\/mouldking.store\/wp-content\/uploads\/2022\/09\/Creator-MOC-54823-Great-White-Shark-MOCBRICKLAND-8-90x90.jpg 90w\" sizes=\"(max-width: 800px) 100vw, 800px\" \/><figcaption id=\"caption-attachment-32699\" class=\"wp-caption-text\">MOC-54823 Wei\u00dfer Hai mit 728 Teilen<\/figcaption><\/figure>\n<figure id=\"attachment_32692\" aria-describedby=\"caption-attachment-32692\" style=\"width: 800px\" class=\"wp-caption aligncenter\"><img loading=\"lazy\" decoding=\"async\" class=\"wp-image-32692 size-full\" src=\"https:\/\/mouldking.store\/wp-content\/uploads\/2022\/09\/Creator-MOC-54823-Great-White-Shark-MOCBRICKLAND-1.jpg\" alt=\"MOC-54823 Great White Shark with 728 Pieces\" width=\"800\" height=\"800\" title=\"-\" srcset=\"https:\/\/mouldking.store\/wp-content\/uploads\/2022\/09\/Creator-MOC-54823-Great-White-Shark-MOCBRICKLAND-1.jpg 800w, https:\/\/mouldking.store\/wp-content\/uploads\/2022\/09\/Creator-MOC-54823-Great-White-Shark-MOCBRICKLAND-1-300x300.jpg 300w, https:\/\/mouldking.store\/wp-content\/uploads\/2022\/09\/Creator-MOC-54823-Great-White-Shark-MOCBRICKLAND-1-768x768.jpg 768w, https:\/\/mouldking.store\/wp-content\/uploads\/2022\/09\/Creator-MOC-54823-Great-White-Shark-MOCBRICKLAND-1-600x600.jpg 600w, https:\/\/mouldking.store\/wp-content\/uploads\/2022\/09\/Creator-MOC-54823-Great-White-Shark-MOCBRICKLAND-1-150x150.jpg 150w, https:\/\/mouldking.store\/wp-content\/uploads\/2022\/09\/Creator-MOC-54823-Great-White-Shark-MOCBRICKLAND-1-60x60.jpg 60w, https:\/\/mouldking.store\/wp-content\/uploads\/2022\/09\/Creator-MOC-54823-Great-White-Shark-MOCBRICKLAND-1-90x90.jpg 90w\" sizes=\"(max-width: 800px) 100vw, 800px\" \/><figcaption id=\"caption-attachment-32692\" class=\"wp-caption-text\">MOC-54823 Wei\u00dfer Hai mit 728 Teilen<\/figcaption><\/figure>\n<figure id=\"attachment_32693\" aria-describedby=\"caption-attachment-32693\" style=\"width: 800px\" class=\"wp-caption aligncenter\"><img loading=\"lazy\" decoding=\"async\" class=\"wp-image-32693 size-full\" src=\"https:\/\/mouldking.store\/wp-content\/uploads\/2022\/09\/Creator-MOC-54823-Great-White-Shark-MOCBRICKLAND-2.jpg\" alt=\"MOC-54823 Great White Shark with 728 Pieces\" width=\"800\" height=\"800\" title=\"-\" srcset=\"https:\/\/mouldking.store\/wp-content\/uploads\/2022\/09\/Creator-MOC-54823-Great-White-Shark-MOCBRICKLAND-2.jpg 800w, https:\/\/mouldking.store\/wp-content\/uploads\/2022\/09\/Creator-MOC-54823-Great-White-Shark-MOCBRICKLAND-2-300x300.jpg 300w, https:\/\/mouldking.store\/wp-content\/uploads\/2022\/09\/Creator-MOC-54823-Great-White-Shark-MOCBRICKLAND-2-768x768.jpg 768w, https:\/\/mouldking.store\/wp-content\/uploads\/2022\/09\/Creator-MOC-54823-Great-White-Shark-MOCBRICKLAND-2-600x600.jpg 600w, https:\/\/mouldking.store\/wp-content\/uploads\/2022\/09\/Creator-MOC-54823-Great-White-Shark-MOCBRICKLAND-2-150x150.jpg 150w, https:\/\/mouldking.store\/wp-content\/uploads\/2022\/09\/Creator-MOC-54823-Great-White-Shark-MOCBRICKLAND-2-60x60.jpg 60w, https:\/\/mouldking.store\/wp-content\/uploads\/2022\/09\/Creator-MOC-54823-Great-White-Shark-MOCBRICKLAND-2-90x90.jpg 90w\" sizes=\"(max-width: 800px) 100vw, 800px\" \/><figcaption id=\"caption-attachment-32693\" class=\"wp-caption-text\">MOC-54823 Wei\u00dfer Hai mit 728 Teilen<\/figcaption><\/figure>\n<figure id=\"attachment_32702\" aria-describedby=\"caption-attachment-32702\" style=\"width: 800px\" class=\"wp-caption aligncenter\"><img loading=\"lazy\" decoding=\"async\" class=\"wp-image-32702 size-full\" src=\"https:\/\/mouldking.store\/wp-content\/uploads\/2022\/09\/Creator-MOC-54823-Great-White-Shark-MOCBRICKLAND-11.jpg\" alt=\"MOC-54823 Great White Shark with 728 Pieces\" width=\"800\" height=\"800\" title=\"-\" srcset=\"https:\/\/mouldking.store\/wp-content\/uploads\/2022\/09\/Creator-MOC-54823-Great-White-Shark-MOCBRICKLAND-11.jpg 800w, https:\/\/mouldking.store\/wp-content\/uploads\/2022\/09\/Creator-MOC-54823-Great-White-Shark-MOCBRICKLAND-11-300x300.jpg 300w, https:\/\/mouldking.store\/wp-content\/uploads\/2022\/09\/Creator-MOC-54823-Great-White-Shark-MOCBRICKLAND-11-768x768.jpg 768w, https:\/\/mouldking.store\/wp-content\/uploads\/2022\/09\/Creator-MOC-54823-Great-White-Shark-MOCBRICKLAND-11-600x600.jpg 600w, https:\/\/mouldking.store\/wp-content\/uploads\/2022\/09\/Creator-MOC-54823-Great-White-Shark-MOCBRICKLAND-11-150x150.jpg 150w, https:\/\/mouldking.store\/wp-content\/uploads\/2022\/09\/Creator-MOC-54823-Great-White-Shark-MOCBRICKLAND-11-60x60.jpg 60w, https:\/\/mouldking.store\/wp-content\/uploads\/2022\/09\/Creator-MOC-54823-Great-White-Shark-MOCBRICKLAND-11-90x90.jpg 90w\" sizes=\"(max-width: 800px) 100vw, 800px\" \/><figcaption id=\"caption-attachment-32702\" class=\"wp-caption-text\">MOC-54823 Wei\u00dfer Hai mit 728 Teilen<\/figcaption><\/figure>\n<figure id=\"attachment_32701\" aria-describedby=\"caption-attachment-32701\" style=\"width: 800px\" class=\"wp-caption aligncenter\"><img loading=\"lazy\" decoding=\"async\" class=\"wp-image-32701 size-full\" src=\"https:\/\/mouldking.store\/wp-content\/uploads\/2022\/09\/Creator-MOC-54823-Great-White-Shark-MOCBRICKLAND-10.jpg\" alt=\"MOC-54823 Great White Shark with 728 Pieces\" width=\"800\" height=\"800\" title=\"-\" srcset=\"https:\/\/mouldking.store\/wp-content\/uploads\/2022\/09\/Creator-MOC-54823-Great-White-Shark-MOCBRICKLAND-10.jpg 800w, https:\/\/mouldking.store\/wp-content\/uploads\/2022\/09\/Creator-MOC-54823-Great-White-Shark-MOCBRICKLAND-10-300x300.jpg 300w, https:\/\/mouldking.store\/wp-content\/uploads\/2022\/09\/Creator-MOC-54823-Great-White-Shark-MOCBRICKLAND-10-768x768.jpg 768w, https:\/\/mouldking.store\/wp-content\/uploads\/2022\/09\/Creator-MOC-54823-Great-White-Shark-MOCBRICKLAND-10-600x600.jpg 600w, https:\/\/mouldking.store\/wp-content\/uploads\/2022\/09\/Creator-MOC-54823-Great-White-Shark-MOCBRICKLAND-10-150x150.jpg 150w, https:\/\/mouldking.store\/wp-content\/uploads\/2022\/09\/Creator-MOC-54823-Great-White-Shark-MOCBRICKLAND-10-60x60.jpg 60w, https:\/\/mouldking.store\/wp-content\/uploads\/2022\/09\/Creator-MOC-54823-Great-White-Shark-MOCBRICKLAND-10-90x90.jpg 90w\" sizes=\"(max-width: 800px) 100vw, 800px\" \/><figcaption id=\"caption-attachment-32701\" class=\"wp-caption-text\">MOC-54823 Wei\u00dfer Hai mit 728 Teilen<\/figcaption><\/figure>","protected":false},"excerpt":{"rendered":"<p>Product information: Brand: MOC Gender: Unisex Name: Great White Shark Age Range: &gt; 6 years old Model Number: C9110 Classification: Assemblage Plastic Block Shape: Self-Locking Bricks Material: Plastic Plastic Type: ABS Bricks Blocks: 728 PCS Dimensions: 43.4 x 17.9 x 23.4 cm Weight: 0.59 kg Contains detailed assembly instructions. Notice: 1. Without an original box, [&hellip;]<\/p>","protected":false},"featured_media":32691,"comment_status":"closed","ping_status":"closed","template":"","meta":{"_acf_changed":false},"product_cat":[371],"product_tag":[5968,5967,5966,5969],"class_list":["product","first","instock","shipping-taxable","purchasable","product-type-simple"],"acf":[],"_links":{"self":[{"href":"https:\/\/mouldking.store\/de\/wp-json\/wp\/v2\/product\/32690","targetHints":{"allow":["GET"]}}],"collection":[{"href":"https:\/\/mouldking.store\/de\/wp-json\/wp\/v2\/product"}],"about":[{"href":"https:\/\/mouldking.store\/de\/wp-json\/wp\/v2\/types\/product"}],"replies":[{"embeddable":true,"href":"https:\/\/mouldking.store\/de\/wp-json\/wp\/v2\/comments?post=32690"}],"wp:featuredmedia":[{"embeddable":true,"href":"https:\/\/mouldking.store\/de\/wp-json\/wp\/v2\/media\/32691"}],"wp:attachment":[{"href":"https:\/\/mouldking.store\/de\/wp-json\/wp\/v2\/media?parent=32690"}],"wp:term":[{"taxonomy":"product_cat","embeddable":true,"href":"https:\/\/mouldking.store\/de\/wp-json\/wp\/v2\/product_cat?post=32690"},{"taxonomy":"product_tag","embeddable":true,"href":"https:\/\/mouldking.store\/de\/wp-json\/wp\/v2\/product_tag?post=32690"}],"curies":[{"name":"wp","href":"https:\/\/api.w.org\/{rel}","templated":true}]}}