{"id":32703,"date":"2022-09-28T12:10:01","date_gmt":"2022-09-28T05:10:01","guid":{"rendered":"https:\/\/mouldking.store\/?post_type=product&#038;p=32703"},"modified":"2025-12-25T09:12:26","modified_gmt":"2025-12-25T02:12:26","slug":"moc-112801-jurassic-park-fleetwood-rv-mobile-lab-with-3158-pieces","status":"publish","type":"product","link":"https:\/\/mouldking.store\/de\/shop\/moc-112801-jurassic-park-fleetwood-rv-mobile-lab-with-3158-pieces\/","title":{"rendered":"MOC-112801 Jurassic Park Fleetwood RV Mobile LAB mit 3158 Teilen"},"content":{"rendered":"<p>Produktinformation:<\/p>\n<ol>\n<li>Marke: MOC<\/li>\n<li>Geschlecht: Unisex<\/li>\n<li>Name: Jurassic Park Fleetwood RV Mobile LAB<\/li>\n<li>Altersspanne: &gt; 6 Jahre alt<\/li>\n<li>Model Number: C7990<\/li>\n<li>Einstufung: Assemblage<\/li>\n<li>Kunststoffblockform: Selbstsichernde Steine<\/li>\n<li>Material: Kunststoff<\/li>\n<li>Kunststofftyp: ABS<\/li>\n<li>Bricks Blocks: 3158 PCS<\/li>\n<li>Dimensions: 64 x 21 x 14 cm<\/li>\n<li>Weight: 2.28 kg<\/li>\n<li>Enth\u00e4lt eine ausf\u00fchrliche Montageanleitung.<\/li>\n<\/ol>\n<p>Notiz:<br \/>\n1. Ohne Originalverpackung, aber wir garantieren, dass unsere Produkte eine Qualit\u00e4tssicherung und eine sch\u00f6ne Verpackung haben.<br \/>\n2. Wie alle Teile, die wir vor dem Versand \u00fcberpr\u00fcft haben, machen Sie sich keine Sorgen, wenn Sie feststellen, dass einige Teile fehlen oder besch\u00e4digt sind, und kontaktieren Sie uns einfach, und wir k\u00f6nnen sie Ihnen umgehend kostenlos erneut zusenden.<\/p>\n<p>&nbsp;<\/p>\n<figure id=\"attachment_32706\" aria-describedby=\"caption-attachment-32706\" style=\"width: 800px\" class=\"wp-caption aligncenter\"><img fetchpriority=\"high\" decoding=\"async\" class=\"wp-image-32706 size-full\" src=\"https:\/\/mouldking.store\/wp-content\/uploads\/2022\/09\/Movie-MOC-112801-Jurassic-Park-Fleetwood-RV-Mobile-LAB-MOCBRICKLAND-2.jpg\" alt=\"MOC-112801 Jurassic Park Fleetwood RV Mobile LAB with 3158 Pieces\" width=\"800\" height=\"800\" title=\"-\" srcset=\"https:\/\/mouldking.store\/wp-content\/uploads\/2022\/09\/Movie-MOC-112801-Jurassic-Park-Fleetwood-RV-Mobile-LAB-MOCBRICKLAND-2.jpg 800w, https:\/\/mouldking.store\/wp-content\/uploads\/2022\/09\/Movie-MOC-112801-Jurassic-Park-Fleetwood-RV-Mobile-LAB-MOCBRICKLAND-2-300x300.jpg 300w, https:\/\/mouldking.store\/wp-content\/uploads\/2022\/09\/Movie-MOC-112801-Jurassic-Park-Fleetwood-RV-Mobile-LAB-MOCBRICKLAND-2-768x768.jpg 768w, https:\/\/mouldking.store\/wp-content\/uploads\/2022\/09\/Movie-MOC-112801-Jurassic-Park-Fleetwood-RV-Mobile-LAB-MOCBRICKLAND-2-600x600.jpg 600w, https:\/\/mouldking.store\/wp-content\/uploads\/2022\/09\/Movie-MOC-112801-Jurassic-Park-Fleetwood-RV-Mobile-LAB-MOCBRICKLAND-2-150x150.jpg 150w, https:\/\/mouldking.store\/wp-content\/uploads\/2022\/09\/Movie-MOC-112801-Jurassic-Park-Fleetwood-RV-Mobile-LAB-MOCBRICKLAND-2-60x60.jpg 60w, https:\/\/mouldking.store\/wp-content\/uploads\/2022\/09\/Movie-MOC-112801-Jurassic-Park-Fleetwood-RV-Mobile-LAB-MOCBRICKLAND-2-90x90.jpg 90w\" sizes=\"(max-width: 800px) 100vw, 800px\" \/><figcaption id=\"caption-attachment-32706\" class=\"wp-caption-text\">MOC-112801 Jurassic Park Fleetwood RV Mobile LAB mit 3158 Teilen<\/figcaption><\/figure>\n<figure id=\"attachment_32707\" aria-describedby=\"caption-attachment-32707\" style=\"width: 800px\" class=\"wp-caption aligncenter\"><img decoding=\"async\" class=\"wp-image-32707 size-full\" src=\"https:\/\/mouldking.store\/wp-content\/uploads\/2022\/09\/Movie-MOC-112801-Jurassic-Park-Fleetwood-RV-Mobile-LAB-MOCBRICKLAND-3.jpg\" alt=\"MOC-112801 Jurassic Park Fleetwood RV Mobile LAB with 3158 Pieces\" width=\"800\" height=\"800\" title=\"-\" srcset=\"https:\/\/mouldking.store\/wp-content\/uploads\/2022\/09\/Movie-MOC-112801-Jurassic-Park-Fleetwood-RV-Mobile-LAB-MOCBRICKLAND-3.jpg 800w, https:\/\/mouldking.store\/wp-content\/uploads\/2022\/09\/Movie-MOC-112801-Jurassic-Park-Fleetwood-RV-Mobile-LAB-MOCBRICKLAND-3-300x300.jpg 300w, https:\/\/mouldking.store\/wp-content\/uploads\/2022\/09\/Movie-MOC-112801-Jurassic-Park-Fleetwood-RV-Mobile-LAB-MOCBRICKLAND-3-768x768.jpg 768w, https:\/\/mouldking.store\/wp-content\/uploads\/2022\/09\/Movie-MOC-112801-Jurassic-Park-Fleetwood-RV-Mobile-LAB-MOCBRICKLAND-3-600x600.jpg 600w, https:\/\/mouldking.store\/wp-content\/uploads\/2022\/09\/Movie-MOC-112801-Jurassic-Park-Fleetwood-RV-Mobile-LAB-MOCBRICKLAND-3-150x150.jpg 150w, https:\/\/mouldking.store\/wp-content\/uploads\/2022\/09\/Movie-MOC-112801-Jurassic-Park-Fleetwood-RV-Mobile-LAB-MOCBRICKLAND-3-60x60.jpg 60w, https:\/\/mouldking.store\/wp-content\/uploads\/2022\/09\/Movie-MOC-112801-Jurassic-Park-Fleetwood-RV-Mobile-LAB-MOCBRICKLAND-3-90x90.jpg 90w\" sizes=\"(max-width: 800px) 100vw, 800px\" \/><figcaption id=\"caption-attachment-32707\" class=\"wp-caption-text\">MOC-112801 Jurassic Park Fleetwood RV Mobile LAB mit 3158 Teilen<\/figcaption><\/figure>\n<figure id=\"attachment_32704\" aria-describedby=\"caption-attachment-32704\" style=\"width: 800px\" class=\"wp-caption aligncenter\"><img decoding=\"async\" class=\"wp-image-32704 size-full\" src=\"https:\/\/mouldking.store\/wp-content\/uploads\/2022\/09\/Movie-MOC-112801-Jurassic-Park-Fleetwood-RV-Mobile-LAB-MOCBRICKLAND-4.jpg\" alt=\"MOC-112801 Jurassic Park Fleetwood RV Mobile LAB with 3158 Pieces\" width=\"800\" height=\"800\" title=\"-\" srcset=\"https:\/\/mouldking.store\/wp-content\/uploads\/2022\/09\/Movie-MOC-112801-Jurassic-Park-Fleetwood-RV-Mobile-LAB-MOCBRICKLAND-4.jpg 800w, https:\/\/mouldking.store\/wp-content\/uploads\/2022\/09\/Movie-MOC-112801-Jurassic-Park-Fleetwood-RV-Mobile-LAB-MOCBRICKLAND-4-300x300.jpg 300w, https:\/\/mouldking.store\/wp-content\/uploads\/2022\/09\/Movie-MOC-112801-Jurassic-Park-Fleetwood-RV-Mobile-LAB-MOCBRICKLAND-4-768x768.jpg 768w, https:\/\/mouldking.store\/wp-content\/uploads\/2022\/09\/Movie-MOC-112801-Jurassic-Park-Fleetwood-RV-Mobile-LAB-MOCBRICKLAND-4-600x600.jpg 600w, https:\/\/mouldking.store\/wp-content\/uploads\/2022\/09\/Movie-MOC-112801-Jurassic-Park-Fleetwood-RV-Mobile-LAB-MOCBRICKLAND-4-150x150.jpg 150w, https:\/\/mouldking.store\/wp-content\/uploads\/2022\/09\/Movie-MOC-112801-Jurassic-Park-Fleetwood-RV-Mobile-LAB-MOCBRICKLAND-4-60x60.jpg 60w, https:\/\/mouldking.store\/wp-content\/uploads\/2022\/09\/Movie-MOC-112801-Jurassic-Park-Fleetwood-RV-Mobile-LAB-MOCBRICKLAND-4-90x90.jpg 90w\" sizes=\"(max-width: 800px) 100vw, 800px\" \/><figcaption id=\"caption-attachment-32704\" class=\"wp-caption-text\">MOC-112801 Jurassic Park Fleetwood RV Mobile LAB mit 3158 Teilen<\/figcaption><\/figure>\n<figure id=\"attachment_32705\" aria-describedby=\"caption-attachment-32705\" style=\"width: 800px\" class=\"wp-caption aligncenter\"><img loading=\"lazy\" decoding=\"async\" class=\"wp-image-32705 size-full\" src=\"https:\/\/mouldking.store\/wp-content\/uploads\/2022\/09\/Movie-MOC-112801-Jurassic-Park-Fleetwood-RV-Mobile-LAB-MOCBRICKLAND-1.jpg\" alt=\"MOC-112801 Jurassic Park Fleetwood RV Mobile LAB with 3158 Pieces\" width=\"800\" height=\"1454\" title=\"-\" srcset=\"https:\/\/mouldking.store\/wp-content\/uploads\/2022\/09\/Movie-MOC-112801-Jurassic-Park-Fleetwood-RV-Mobile-LAB-MOCBRICKLAND-1.jpg 800w, https:\/\/mouldking.store\/wp-content\/uploads\/2022\/09\/Movie-MOC-112801-Jurassic-Park-Fleetwood-RV-Mobile-LAB-MOCBRICKLAND-1-165x300.jpg 165w, https:\/\/mouldking.store\/wp-content\/uploads\/2022\/09\/Movie-MOC-112801-Jurassic-Park-Fleetwood-RV-Mobile-LAB-MOCBRICKLAND-1-563x1024.jpg 563w, https:\/\/mouldking.store\/wp-content\/uploads\/2022\/09\/Movie-MOC-112801-Jurassic-Park-Fleetwood-RV-Mobile-LAB-MOCBRICKLAND-1-768x1396.jpg 768w, https:\/\/mouldking.store\/wp-content\/uploads\/2022\/09\/Movie-MOC-112801-Jurassic-Park-Fleetwood-RV-Mobile-LAB-MOCBRICKLAND-1-300x545.jpg 300w, https:\/\/mouldking.store\/wp-content\/uploads\/2022\/09\/Movie-MOC-112801-Jurassic-Park-Fleetwood-RV-Mobile-LAB-MOCBRICKLAND-1-600x1091.jpg 600w, https:\/\/mouldking.store\/wp-content\/uploads\/2022\/09\/Movie-MOC-112801-Jurassic-Park-Fleetwood-RV-Mobile-LAB-MOCBRICKLAND-1-83x150.jpg 83w, https:\/\/mouldking.store\/wp-content\/uploads\/2022\/09\/Movie-MOC-112801-Jurassic-Park-Fleetwood-RV-Mobile-LAB-MOCBRICKLAND-1-33x60.jpg 33w, https:\/\/mouldking.store\/wp-content\/uploads\/2022\/09\/Movie-MOC-112801-Jurassic-Park-Fleetwood-RV-Mobile-LAB-MOCBRICKLAND-1-50x90.jpg 50w\" sizes=\"(max-width: 800px) 100vw, 800px\" \/><figcaption id=\"caption-attachment-32705\" class=\"wp-caption-text\">MOC-112801 Jurassic Park Fleetwood RV Mobile LAB mit 3158 Teilen<\/figcaption><\/figure>","protected":false},"excerpt":{"rendered":"<p>Product information: Brand: MOC Gender: Unisex Name: Jurassic Park Fleetwood RV Mobile LAB Age Range: &gt; 6 years old Model Number: C7990 Classification: Assemblage Plastic Block Shape: Self-Locking Bricks Material: Plastic Plastic Type: ABS Bricks Blocks: 3158 PCS Dimensions: 64 x 21 x 14 cm Weight: 2.28 kg Contains detailed assembly instructions. Notice: 1. Without [&hellip;]<\/p>","protected":false},"featured_media":32706,"comment_status":"closed","ping_status":"closed","template":"","meta":{"_acf_changed":false},"product_cat":[364],"product_tag":[5974,5973,5972,5971,5970],"class_list":["product","first","instock","shipping-taxable","purchasable","product-type-simple"],"acf":[],"_links":{"self":[{"href":"https:\/\/mouldking.store\/de\/wp-json\/wp\/v2\/product\/32703","targetHints":{"allow":["GET"]}}],"collection":[{"href":"https:\/\/mouldking.store\/de\/wp-json\/wp\/v2\/product"}],"about":[{"href":"https:\/\/mouldking.store\/de\/wp-json\/wp\/v2\/types\/product"}],"replies":[{"embeddable":true,"href":"https:\/\/mouldking.store\/de\/wp-json\/wp\/v2\/comments?post=32703"}],"wp:featuredmedia":[{"embeddable":true,"href":"https:\/\/mouldking.store\/de\/wp-json\/wp\/v2\/media\/32706"}],"wp:attachment":[{"href":"https:\/\/mouldking.store\/de\/wp-json\/wp\/v2\/media?parent=32703"}],"wp:term":[{"taxonomy":"product_cat","embeddable":true,"href":"https:\/\/mouldking.store\/de\/wp-json\/wp\/v2\/product_cat?post=32703"},{"taxonomy":"product_tag","embeddable":true,"href":"https:\/\/mouldking.store\/de\/wp-json\/wp\/v2\/product_tag?post=32703"}],"curies":[{"name":"wp","href":"https:\/\/api.w.org\/{rel}","templated":true}]}}