{"id":32708,"date":"2022-09-28T14:43:58","date_gmt":"2022-09-28T07:43:58","guid":{"rendered":"https:\/\/mouldking.store\/?post_type=product&#038;p=32708"},"modified":"2025-12-25T09:12:26","modified_gmt":"2025-12-25T02:12:26","slug":"moc-109516-the-small-leafy-tree-with-670-pieces","status":"publish","type":"product","link":"https:\/\/mouldking.store\/de\/shop\/moc-109516-the-small-leafy-tree-with-670-pieces\/","title":{"rendered":"MOC-109516 Der kleine Laubbaum mit 670 Teilen"},"content":{"rendered":"<p>Produktinformation:<\/p>\n<ol>\n<li>Marke: MOC<\/li>\n<li>Geschlecht: Unisex<\/li>\n<li>Name: Der kleine Laubbaum<\/li>\n<li>Altersspanne: &gt; 6 Jahre alt<\/li>\n<li>Modellnummer: C9105<\/li>\n<li>Einstufung: Assemblage<\/li>\n<li>Kunststoffblockform: Selbstsichernde Steine<\/li>\n<li>Material: Kunststoff<\/li>\n<li>Kunststofftyp: ABS<\/li>\n<li>Ziegelsteine: 670 ST\u00dcCKE<\/li>\n<li>Abmessungen: 22,1 x 20 x 18,1 cm<\/li>\n<li>Gewicht: 0,19 kg<\/li>\n<li>Enth\u00e4lt eine ausf\u00fchrliche Montageanleitung.<\/li>\n<\/ol>\n<p>Notiz:<br \/>\n1. Ohne Originalverpackung, aber wir garantieren, dass unsere Produkte eine Qualit\u00e4tssicherung und eine sch\u00f6ne Verpackung haben.<br \/>\n2. Wie alle Teile, die wir vor dem Versand \u00fcberpr\u00fcft haben, machen Sie sich keine Sorgen, wenn Sie feststellen, dass einige Teile fehlen oder besch\u00e4digt sind, und kontaktieren Sie uns einfach, und wir k\u00f6nnen sie Ihnen umgehend kostenlos erneut zusenden.<\/p>\n<p>&nbsp;<\/p>\n<figure id=\"attachment_32717\" aria-describedby=\"caption-attachment-32717\" style=\"width: 800px\" class=\"wp-caption aligncenter\"><img fetchpriority=\"high\" decoding=\"async\" class=\"wp-image-32717 size-full\" src=\"https:\/\/mouldking.store\/wp-content\/uploads\/2022\/09\/Creator-MOC-109516-The-Small-Leafy-Tree-MOCBRICKLAND-10.jpg\" alt=\"MOC-109516 The Small Leafy Tree with 670 Pieces\" width=\"800\" height=\"800\" title=\"-\" srcset=\"https:\/\/mouldking.store\/wp-content\/uploads\/2022\/09\/Creator-MOC-109516-The-Small-Leafy-Tree-MOCBRICKLAND-10.jpg 800w, https:\/\/mouldking.store\/wp-content\/uploads\/2022\/09\/Creator-MOC-109516-The-Small-Leafy-Tree-MOCBRICKLAND-10-300x300.jpg 300w, https:\/\/mouldking.store\/wp-content\/uploads\/2022\/09\/Creator-MOC-109516-The-Small-Leafy-Tree-MOCBRICKLAND-10-768x768.jpg 768w, https:\/\/mouldking.store\/wp-content\/uploads\/2022\/09\/Creator-MOC-109516-The-Small-Leafy-Tree-MOCBRICKLAND-10-600x600.jpg 600w, https:\/\/mouldking.store\/wp-content\/uploads\/2022\/09\/Creator-MOC-109516-The-Small-Leafy-Tree-MOCBRICKLAND-10-150x150.jpg 150w, https:\/\/mouldking.store\/wp-content\/uploads\/2022\/09\/Creator-MOC-109516-The-Small-Leafy-Tree-MOCBRICKLAND-10-60x60.jpg 60w, https:\/\/mouldking.store\/wp-content\/uploads\/2022\/09\/Creator-MOC-109516-The-Small-Leafy-Tree-MOCBRICKLAND-10-90x90.jpg 90w\" sizes=\"(max-width: 800px) 100vw, 800px\" \/><figcaption id=\"caption-attachment-32717\" class=\"wp-caption-text\">MOC-109516 Der kleine Laubbaum mit 670 Teilen<\/figcaption><\/figure>\n<figure id=\"attachment_32715\" aria-describedby=\"caption-attachment-32715\" style=\"width: 800px\" class=\"wp-caption aligncenter\"><img decoding=\"async\" class=\"wp-image-32715 size-full\" src=\"https:\/\/mouldking.store\/wp-content\/uploads\/2022\/09\/Creator-MOC-109516-The-Small-Leafy-Tree-MOCBRICKLAND-9.jpg\" alt=\"MOC-109516 The Small Leafy Tree with 670 Pieces\" width=\"800\" height=\"800\" title=\"-\" srcset=\"https:\/\/mouldking.store\/wp-content\/uploads\/2022\/09\/Creator-MOC-109516-The-Small-Leafy-Tree-MOCBRICKLAND-9.jpg 800w, https:\/\/mouldking.store\/wp-content\/uploads\/2022\/09\/Creator-MOC-109516-The-Small-Leafy-Tree-MOCBRICKLAND-9-300x300.jpg 300w, https:\/\/mouldking.store\/wp-content\/uploads\/2022\/09\/Creator-MOC-109516-The-Small-Leafy-Tree-MOCBRICKLAND-9-768x768.jpg 768w, https:\/\/mouldking.store\/wp-content\/uploads\/2022\/09\/Creator-MOC-109516-The-Small-Leafy-Tree-MOCBRICKLAND-9-600x600.jpg 600w, https:\/\/mouldking.store\/wp-content\/uploads\/2022\/09\/Creator-MOC-109516-The-Small-Leafy-Tree-MOCBRICKLAND-9-150x150.jpg 150w, https:\/\/mouldking.store\/wp-content\/uploads\/2022\/09\/Creator-MOC-109516-The-Small-Leafy-Tree-MOCBRICKLAND-9-60x60.jpg 60w, https:\/\/mouldking.store\/wp-content\/uploads\/2022\/09\/Creator-MOC-109516-The-Small-Leafy-Tree-MOCBRICKLAND-9-90x90.jpg 90w\" sizes=\"(max-width: 800px) 100vw, 800px\" \/><figcaption id=\"caption-attachment-32715\" class=\"wp-caption-text\">MOC-109516 Der kleine Laubbaum mit 670 Teilen<\/figcaption><\/figure>\n<figure id=\"attachment_32710\" aria-describedby=\"caption-attachment-32710\" style=\"width: 750px\" class=\"wp-caption aligncenter\"><img decoding=\"async\" class=\"wp-image-32710 size-full\" src=\"https:\/\/mouldking.store\/wp-content\/uploads\/2022\/09\/Creator-MOC-109516-The-Small-Leafy-Tree-MOCBRICKLAND-1.jpg\" alt=\"MOC-109516 The Small Leafy Tree with 670 Pieces\" width=\"750\" height=\"1000\" title=\"-\" srcset=\"https:\/\/mouldking.store\/wp-content\/uploads\/2022\/09\/Creator-MOC-109516-The-Small-Leafy-Tree-MOCBRICKLAND-1.jpg 750w, https:\/\/mouldking.store\/wp-content\/uploads\/2022\/09\/Creator-MOC-109516-The-Small-Leafy-Tree-MOCBRICKLAND-1-225x300.jpg 225w, https:\/\/mouldking.store\/wp-content\/uploads\/2022\/09\/Creator-MOC-109516-The-Small-Leafy-Tree-MOCBRICKLAND-1-300x400.jpg 300w, https:\/\/mouldking.store\/wp-content\/uploads\/2022\/09\/Creator-MOC-109516-The-Small-Leafy-Tree-MOCBRICKLAND-1-600x800.jpg 600w, https:\/\/mouldking.store\/wp-content\/uploads\/2022\/09\/Creator-MOC-109516-The-Small-Leafy-Tree-MOCBRICKLAND-1-113x150.jpg 113w, https:\/\/mouldking.store\/wp-content\/uploads\/2022\/09\/Creator-MOC-109516-The-Small-Leafy-Tree-MOCBRICKLAND-1-45x60.jpg 45w, https:\/\/mouldking.store\/wp-content\/uploads\/2022\/09\/Creator-MOC-109516-The-Small-Leafy-Tree-MOCBRICKLAND-1-68x90.jpg 68w\" sizes=\"(max-width: 750px) 100vw, 750px\" \/><figcaption id=\"caption-attachment-32710\" class=\"wp-caption-text\">MOC-109516 Der kleine Laubbaum mit 670 Teilen<\/figcaption><\/figure>\n<figure id=\"attachment_32713\" aria-describedby=\"caption-attachment-32713\" style=\"width: 800px\" class=\"wp-caption aligncenter\"><img loading=\"lazy\" decoding=\"async\" class=\"wp-image-32713 size-full\" src=\"https:\/\/mouldking.store\/wp-content\/uploads\/2022\/09\/Creator-MOC-109516-The-Small-Leafy-Tree-MOCBRICKLAND-2.jpg\" alt=\"MOC-109516 The Small Leafy Tree with 670 Pieces\" width=\"800\" height=\"800\" title=\"-\" srcset=\"https:\/\/mouldking.store\/wp-content\/uploads\/2022\/09\/Creator-MOC-109516-The-Small-Leafy-Tree-MOCBRICKLAND-2.jpg 800w, https:\/\/mouldking.store\/wp-content\/uploads\/2022\/09\/Creator-MOC-109516-The-Small-Leafy-Tree-MOCBRICKLAND-2-300x300.jpg 300w, https:\/\/mouldking.store\/wp-content\/uploads\/2022\/09\/Creator-MOC-109516-The-Small-Leafy-Tree-MOCBRICKLAND-2-768x768.jpg 768w, https:\/\/mouldking.store\/wp-content\/uploads\/2022\/09\/Creator-MOC-109516-The-Small-Leafy-Tree-MOCBRICKLAND-2-600x600.jpg 600w, https:\/\/mouldking.store\/wp-content\/uploads\/2022\/09\/Creator-MOC-109516-The-Small-Leafy-Tree-MOCBRICKLAND-2-150x150.jpg 150w, https:\/\/mouldking.store\/wp-content\/uploads\/2022\/09\/Creator-MOC-109516-The-Small-Leafy-Tree-MOCBRICKLAND-2-60x60.jpg 60w, https:\/\/mouldking.store\/wp-content\/uploads\/2022\/09\/Creator-MOC-109516-The-Small-Leafy-Tree-MOCBRICKLAND-2-90x90.jpg 90w\" sizes=\"(max-width: 800px) 100vw, 800px\" \/><figcaption id=\"caption-attachment-32713\" class=\"wp-caption-text\">MOC-109516 Der kleine Laubbaum mit 670 Teilen<\/figcaption><\/figure>\n<figure id=\"attachment_32712\" aria-describedby=\"caption-attachment-32712\" style=\"width: 800px\" class=\"wp-caption aligncenter\"><img loading=\"lazy\" decoding=\"async\" class=\"wp-image-32712 size-full\" src=\"https:\/\/mouldking.store\/wp-content\/uploads\/2022\/09\/Creator-MOC-109516-The-Small-Leafy-Tree-MOCBRICKLAND-3.jpg\" alt=\"MOC-109516 The Small Leafy Tree with 670 Pieces\" width=\"800\" height=\"800\" title=\"-\" srcset=\"https:\/\/mouldking.store\/wp-content\/uploads\/2022\/09\/Creator-MOC-109516-The-Small-Leafy-Tree-MOCBRICKLAND-3.jpg 800w, https:\/\/mouldking.store\/wp-content\/uploads\/2022\/09\/Creator-MOC-109516-The-Small-Leafy-Tree-MOCBRICKLAND-3-300x300.jpg 300w, https:\/\/mouldking.store\/wp-content\/uploads\/2022\/09\/Creator-MOC-109516-The-Small-Leafy-Tree-MOCBRICKLAND-3-768x768.jpg 768w, https:\/\/mouldking.store\/wp-content\/uploads\/2022\/09\/Creator-MOC-109516-The-Small-Leafy-Tree-MOCBRICKLAND-3-600x600.jpg 600w, https:\/\/mouldking.store\/wp-content\/uploads\/2022\/09\/Creator-MOC-109516-The-Small-Leafy-Tree-MOCBRICKLAND-3-150x150.jpg 150w, https:\/\/mouldking.store\/wp-content\/uploads\/2022\/09\/Creator-MOC-109516-The-Small-Leafy-Tree-MOCBRICKLAND-3-60x60.jpg 60w, https:\/\/mouldking.store\/wp-content\/uploads\/2022\/09\/Creator-MOC-109516-The-Small-Leafy-Tree-MOCBRICKLAND-3-90x90.jpg 90w\" sizes=\"(max-width: 800px) 100vw, 800px\" \/><figcaption id=\"caption-attachment-32712\" class=\"wp-caption-text\">MOC-109516 Der kleine Laubbaum mit 670 Teilen<\/figcaption><\/figure>\n<figure id=\"attachment_32709\" aria-describedby=\"caption-attachment-32709\" style=\"width: 800px\" class=\"wp-caption aligncenter\"><img loading=\"lazy\" decoding=\"async\" class=\"wp-image-32709 size-full\" src=\"https:\/\/mouldking.store\/wp-content\/uploads\/2022\/09\/Creator-MOC-109516-The-Small-Leafy-Tree-MOCBRICKLAND-8.jpg\" alt=\"MOC-109516 The Small Leafy Tree with 670 Pieces\" width=\"800\" height=\"800\" title=\"-\" srcset=\"https:\/\/mouldking.store\/wp-content\/uploads\/2022\/09\/Creator-MOC-109516-The-Small-Leafy-Tree-MOCBRICKLAND-8.jpg 800w, https:\/\/mouldking.store\/wp-content\/uploads\/2022\/09\/Creator-MOC-109516-The-Small-Leafy-Tree-MOCBRICKLAND-8-300x300.jpg 300w, https:\/\/mouldking.store\/wp-content\/uploads\/2022\/09\/Creator-MOC-109516-The-Small-Leafy-Tree-MOCBRICKLAND-8-768x768.jpg 768w, https:\/\/mouldking.store\/wp-content\/uploads\/2022\/09\/Creator-MOC-109516-The-Small-Leafy-Tree-MOCBRICKLAND-8-600x600.jpg 600w, https:\/\/mouldking.store\/wp-content\/uploads\/2022\/09\/Creator-MOC-109516-The-Small-Leafy-Tree-MOCBRICKLAND-8-150x150.jpg 150w, https:\/\/mouldking.store\/wp-content\/uploads\/2022\/09\/Creator-MOC-109516-The-Small-Leafy-Tree-MOCBRICKLAND-8-60x60.jpg 60w, https:\/\/mouldking.store\/wp-content\/uploads\/2022\/09\/Creator-MOC-109516-The-Small-Leafy-Tree-MOCBRICKLAND-8-90x90.jpg 90w\" sizes=\"(max-width: 800px) 100vw, 800px\" \/><figcaption id=\"caption-attachment-32709\" class=\"wp-caption-text\">MOC-109516 Der kleine Laubbaum mit 670 Teilen<\/figcaption><\/figure>\n<figure id=\"attachment_32719\" aria-describedby=\"caption-attachment-32719\" style=\"width: 800px\" class=\"wp-caption aligncenter\"><img loading=\"lazy\" decoding=\"async\" class=\"wp-image-32719 size-full\" src=\"https:\/\/mouldking.store\/wp-content\/uploads\/2022\/09\/Creator-MOC-109516-The-Small-Leafy-Tree-MOCBRICKLAND-4.jpg\" alt=\"MOC-109516 The Small Leafy Tree with 670 Pieces\" width=\"800\" height=\"800\" title=\"-\" srcset=\"https:\/\/mouldking.store\/wp-content\/uploads\/2022\/09\/Creator-MOC-109516-The-Small-Leafy-Tree-MOCBRICKLAND-4.jpg 800w, https:\/\/mouldking.store\/wp-content\/uploads\/2022\/09\/Creator-MOC-109516-The-Small-Leafy-Tree-MOCBRICKLAND-4-300x300.jpg 300w, https:\/\/mouldking.store\/wp-content\/uploads\/2022\/09\/Creator-MOC-109516-The-Small-Leafy-Tree-MOCBRICKLAND-4-768x768.jpg 768w, https:\/\/mouldking.store\/wp-content\/uploads\/2022\/09\/Creator-MOC-109516-The-Small-Leafy-Tree-MOCBRICKLAND-4-600x600.jpg 600w, https:\/\/mouldking.store\/wp-content\/uploads\/2022\/09\/Creator-MOC-109516-The-Small-Leafy-Tree-MOCBRICKLAND-4-150x150.jpg 150w, https:\/\/mouldking.store\/wp-content\/uploads\/2022\/09\/Creator-MOC-109516-The-Small-Leafy-Tree-MOCBRICKLAND-4-60x60.jpg 60w, https:\/\/mouldking.store\/wp-content\/uploads\/2022\/09\/Creator-MOC-109516-The-Small-Leafy-Tree-MOCBRICKLAND-4-90x90.jpg 90w\" sizes=\"(max-width: 800px) 100vw, 800px\" \/><figcaption id=\"caption-attachment-32719\" class=\"wp-caption-text\">MOC-109516 Der kleine Laubbaum mit 670 Teilen<\/figcaption><\/figure>\n<figure id=\"attachment_32716\" aria-describedby=\"caption-attachment-32716\" style=\"width: 800px\" class=\"wp-caption aligncenter\"><img loading=\"lazy\" decoding=\"async\" class=\"wp-image-32716 size-full\" src=\"https:\/\/mouldking.store\/wp-content\/uploads\/2022\/09\/Creator-MOC-109516-The-Small-Leafy-Tree-MOCBRICKLAND-6.jpg\" alt=\"MOC-109516 The Small Leafy Tree with 670 Pieces\" width=\"800\" height=\"800\" title=\"-\" srcset=\"https:\/\/mouldking.store\/wp-content\/uploads\/2022\/09\/Creator-MOC-109516-The-Small-Leafy-Tree-MOCBRICKLAND-6.jpg 800w, https:\/\/mouldking.store\/wp-content\/uploads\/2022\/09\/Creator-MOC-109516-The-Small-Leafy-Tree-MOCBRICKLAND-6-300x300.jpg 300w, https:\/\/mouldking.store\/wp-content\/uploads\/2022\/09\/Creator-MOC-109516-The-Small-Leafy-Tree-MOCBRICKLAND-6-768x768.jpg 768w, https:\/\/mouldking.store\/wp-content\/uploads\/2022\/09\/Creator-MOC-109516-The-Small-Leafy-Tree-MOCBRICKLAND-6-600x600.jpg 600w, https:\/\/mouldking.store\/wp-content\/uploads\/2022\/09\/Creator-MOC-109516-The-Small-Leafy-Tree-MOCBRICKLAND-6-150x150.jpg 150w, https:\/\/mouldking.store\/wp-content\/uploads\/2022\/09\/Creator-MOC-109516-The-Small-Leafy-Tree-MOCBRICKLAND-6-60x60.jpg 60w, https:\/\/mouldking.store\/wp-content\/uploads\/2022\/09\/Creator-MOC-109516-The-Small-Leafy-Tree-MOCBRICKLAND-6-90x90.jpg 90w\" sizes=\"(max-width: 800px) 100vw, 800px\" \/><figcaption id=\"caption-attachment-32716\" class=\"wp-caption-text\">MOC-109516 Der kleine Laubbaum mit 670 Teilen<\/figcaption><\/figure>\n<figure id=\"attachment_32714\" aria-describedby=\"caption-attachment-32714\" style=\"width: 800px\" class=\"wp-caption aligncenter\"><img loading=\"lazy\" decoding=\"async\" class=\"wp-image-32714 size-full\" src=\"https:\/\/mouldking.store\/wp-content\/uploads\/2022\/09\/Creator-MOC-109516-The-Small-Leafy-Tree-MOCBRICKLAND-5.jpg\" alt=\"MOC-109516 The Small Leafy Tree with 670 Pieces\" width=\"800\" height=\"800\" title=\"-\" srcset=\"https:\/\/mouldking.store\/wp-content\/uploads\/2022\/09\/Creator-MOC-109516-The-Small-Leafy-Tree-MOCBRICKLAND-5.jpg 800w, https:\/\/mouldking.store\/wp-content\/uploads\/2022\/09\/Creator-MOC-109516-The-Small-Leafy-Tree-MOCBRICKLAND-5-300x300.jpg 300w, https:\/\/mouldking.store\/wp-content\/uploads\/2022\/09\/Creator-MOC-109516-The-Small-Leafy-Tree-MOCBRICKLAND-5-768x768.jpg 768w, https:\/\/mouldking.store\/wp-content\/uploads\/2022\/09\/Creator-MOC-109516-The-Small-Leafy-Tree-MOCBRICKLAND-5-600x600.jpg 600w, https:\/\/mouldking.store\/wp-content\/uploads\/2022\/09\/Creator-MOC-109516-The-Small-Leafy-Tree-MOCBRICKLAND-5-150x150.jpg 150w, https:\/\/mouldking.store\/wp-content\/uploads\/2022\/09\/Creator-MOC-109516-The-Small-Leafy-Tree-MOCBRICKLAND-5-60x60.jpg 60w, https:\/\/mouldking.store\/wp-content\/uploads\/2022\/09\/Creator-MOC-109516-The-Small-Leafy-Tree-MOCBRICKLAND-5-90x90.jpg 90w\" sizes=\"(max-width: 800px) 100vw, 800px\" \/><figcaption id=\"caption-attachment-32714\" class=\"wp-caption-text\">MOC-109516 Der kleine Laubbaum mit 670 Teilen<\/figcaption><\/figure>\n<figure id=\"attachment_32711\" aria-describedby=\"caption-attachment-32711\" style=\"width: 800px\" class=\"wp-caption aligncenter\"><img loading=\"lazy\" decoding=\"async\" class=\"wp-image-32711 size-full\" src=\"https:\/\/mouldking.store\/wp-content\/uploads\/2022\/09\/Creator-MOC-109516-The-Small-Leafy-Tree-MOCBRICKLAND-7.jpg\" alt=\"MOC-109516 The Small Leafy Tree with 670 Pieces\" width=\"800\" height=\"800\" title=\"-\" srcset=\"https:\/\/mouldking.store\/wp-content\/uploads\/2022\/09\/Creator-MOC-109516-The-Small-Leafy-Tree-MOCBRICKLAND-7.jpg 800w, https:\/\/mouldking.store\/wp-content\/uploads\/2022\/09\/Creator-MOC-109516-The-Small-Leafy-Tree-MOCBRICKLAND-7-300x300.jpg 300w, https:\/\/mouldking.store\/wp-content\/uploads\/2022\/09\/Creator-MOC-109516-The-Small-Leafy-Tree-MOCBRICKLAND-7-768x768.jpg 768w, https:\/\/mouldking.store\/wp-content\/uploads\/2022\/09\/Creator-MOC-109516-The-Small-Leafy-Tree-MOCBRICKLAND-7-600x600.jpg 600w, https:\/\/mouldking.store\/wp-content\/uploads\/2022\/09\/Creator-MOC-109516-The-Small-Leafy-Tree-MOCBRICKLAND-7-150x150.jpg 150w, https:\/\/mouldking.store\/wp-content\/uploads\/2022\/09\/Creator-MOC-109516-The-Small-Leafy-Tree-MOCBRICKLAND-7-60x60.jpg 60w, https:\/\/mouldking.store\/wp-content\/uploads\/2022\/09\/Creator-MOC-109516-The-Small-Leafy-Tree-MOCBRICKLAND-7-90x90.jpg 90w\" sizes=\"(max-width: 800px) 100vw, 800px\" \/><figcaption id=\"caption-attachment-32711\" class=\"wp-caption-text\">MOC-109516 Der kleine Laubbaum mit 670 Teilen<\/figcaption><\/figure>\n<figure id=\"attachment_32718\" aria-describedby=\"caption-attachment-32718\" style=\"width: 800px\" class=\"wp-caption aligncenter\"><img loading=\"lazy\" decoding=\"async\" class=\"wp-image-32718 size-full\" src=\"https:\/\/mouldking.store\/wp-content\/uploads\/2022\/09\/Creator-MOC-109516-The-Small-Leafy-Tree-MOCBRICKLAND-11.jpg\" alt=\"MOC-109516 The Small Leafy Tree with 670 Pieces\" width=\"800\" height=\"800\" title=\"-\" srcset=\"https:\/\/mouldking.store\/wp-content\/uploads\/2022\/09\/Creator-MOC-109516-The-Small-Leafy-Tree-MOCBRICKLAND-11.jpg 800w, https:\/\/mouldking.store\/wp-content\/uploads\/2022\/09\/Creator-MOC-109516-The-Small-Leafy-Tree-MOCBRICKLAND-11-300x300.jpg 300w, https:\/\/mouldking.store\/wp-content\/uploads\/2022\/09\/Creator-MOC-109516-The-Small-Leafy-Tree-MOCBRICKLAND-11-768x768.jpg 768w, https:\/\/mouldking.store\/wp-content\/uploads\/2022\/09\/Creator-MOC-109516-The-Small-Leafy-Tree-MOCBRICKLAND-11-600x600.jpg 600w, https:\/\/mouldking.store\/wp-content\/uploads\/2022\/09\/Creator-MOC-109516-The-Small-Leafy-Tree-MOCBRICKLAND-11-150x150.jpg 150w, https:\/\/mouldking.store\/wp-content\/uploads\/2022\/09\/Creator-MOC-109516-The-Small-Leafy-Tree-MOCBRICKLAND-11-60x60.jpg 60w, https:\/\/mouldking.store\/wp-content\/uploads\/2022\/09\/Creator-MOC-109516-The-Small-Leafy-Tree-MOCBRICKLAND-11-90x90.jpg 90w\" sizes=\"(max-width: 800px) 100vw, 800px\" \/><figcaption id=\"caption-attachment-32718\" class=\"wp-caption-text\">MOC-109516 Der kleine Laubbaum mit 670 Teilen<\/figcaption><\/figure>","protected":false},"excerpt":{"rendered":"<p>Product information: Brand: MOC Gender: Unisex Name: The Small Leafy Tree Age Range: &gt; 6 years old Model Number: C9105 Classification: Assemblage Plastic Block Shape: Self-Locking Bricks Material: Plastic Plastic Type: ABS Bricks Blocks: 670 PCS Dimensions: 22.1 x 20 x 18.1 cm Weight: 0.19 kg Contains detailed assembly instructions. Notice: 1. Without an original [&hellip;]<\/p>","protected":false},"featured_media":32717,"comment_status":"closed","ping_status":"closed","template":"","meta":{"_acf_changed":false},"product_cat":[371],"product_tag":[5981,5980,5982,5983],"class_list":["product","first","instock","shipping-taxable","purchasable","product-type-simple"],"acf":[],"_links":{"self":[{"href":"https:\/\/mouldking.store\/de\/wp-json\/wp\/v2\/product\/32708","targetHints":{"allow":["GET"]}}],"collection":[{"href":"https:\/\/mouldking.store\/de\/wp-json\/wp\/v2\/product"}],"about":[{"href":"https:\/\/mouldking.store\/de\/wp-json\/wp\/v2\/types\/product"}],"replies":[{"embeddable":true,"href":"https:\/\/mouldking.store\/de\/wp-json\/wp\/v2\/comments?post=32708"}],"wp:featuredmedia":[{"embeddable":true,"href":"https:\/\/mouldking.store\/de\/wp-json\/wp\/v2\/media\/32717"}],"wp:attachment":[{"href":"https:\/\/mouldking.store\/de\/wp-json\/wp\/v2\/media?parent=32708"}],"wp:term":[{"taxonomy":"product_cat","embeddable":true,"href":"https:\/\/mouldking.store\/de\/wp-json\/wp\/v2\/product_cat?post=32708"},{"taxonomy":"product_tag","embeddable":true,"href":"https:\/\/mouldking.store\/de\/wp-json\/wp\/v2\/product_tag?post=32708"}],"curies":[{"name":"wp","href":"https:\/\/api.w.org\/{rel}","templated":true}]}}