{"id":32733,"date":"2022-09-28T15:25:33","date_gmt":"2022-09-28T08:25:33","guid":{"rendered":"https:\/\/mouldking.store\/?post_type=product&#038;p=32733"},"modified":"2025-12-25T09:12:26","modified_gmt":"2025-12-25T02:12:26","slug":"moc-77613-james-webb-space-telescope-jwst-125-scale-with-4514-pieces","status":"publish","type":"product","link":"https:\/\/mouldking.store\/de\/shop\/moc-77613-james-webb-space-telescope-jwst-125-scale-with-4514-pieces\/","title":{"rendered":"MOC-77613 James Webb Space Telescope (JWST) im Ma\u00dfstab 1:25 mit 4514 Teilen"},"content":{"rendered":"<p>Produktinformation:<\/p>\n<ol>\n<li>Marke: MOC<\/li>\n<li>Geschlecht: Unisex<\/li>\n<li>Name: James Webb Space Telescope (JWST) im Ma\u00dfstab 1:25<\/li>\n<li>Altersspanne: &gt; 6 Jahre alt<\/li>\n<li>Modellnummer: C9125<\/li>\n<li>Einstufung: Assemblage<\/li>\n<li>Kunststoffblockform: Selbstsichernde Steine<\/li>\n<li>Material: Kunststoff<\/li>\n<li>Kunststofftyp: ABS<\/li>\n<li>Ziegelsteine: 4514 ST\u00dcCKE<\/li>\n<li>Abmessungen: 66,3 x 32,7 x 44,8 cm<\/li>\n<li>Gewicht: 3,58 kg<\/li>\n<li>Enth\u00e4lt eine ausf\u00fchrliche Montageanleitung.<\/li>\n<\/ol>\n<p>Notiz:<br \/>\n1. Ohne Originalverpackung, aber wir garantieren, dass unsere Produkte eine Qualit\u00e4tssicherung und eine sch\u00f6ne Verpackung haben.<br \/>\n2. Wie alle Teile, die wir vor dem Versand \u00fcberpr\u00fcft haben, machen Sie sich keine Sorgen, wenn Sie feststellen, dass einige Teile fehlen oder besch\u00e4digt sind, und kontaktieren Sie uns einfach, und wir k\u00f6nnen sie Ihnen umgehend kostenlos erneut zusenden.<\/p>\n<p>&nbsp;<\/p>\n<figure id=\"attachment_32744\" aria-describedby=\"caption-attachment-32744\" style=\"width: 800px\" class=\"wp-caption aligncenter\"><img fetchpriority=\"high\" decoding=\"async\" class=\"wp-image-32744 size-full\" src=\"https:\/\/mouldking.store\/wp-content\/uploads\/2022\/09\/Space-MOC-77613-James-Webb-Space-Telescope-JWST-125-Scale-MOCBRICKLAND-6.jpg\" alt=\"MOC-77613 James Webb Space Telescope (JWST) 1:25 Scale with 4514 Pieces\" width=\"800\" height=\"800\" title=\"-\" srcset=\"https:\/\/mouldking.store\/wp-content\/uploads\/2022\/09\/Space-MOC-77613-James-Webb-Space-Telescope-JWST-125-Scale-MOCBRICKLAND-6.jpg 800w, https:\/\/mouldking.store\/wp-content\/uploads\/2022\/09\/Space-MOC-77613-James-Webb-Space-Telescope-JWST-125-Scale-MOCBRICKLAND-6-300x300.jpg 300w, https:\/\/mouldking.store\/wp-content\/uploads\/2022\/09\/Space-MOC-77613-James-Webb-Space-Telescope-JWST-125-Scale-MOCBRICKLAND-6-768x768.jpg 768w, https:\/\/mouldking.store\/wp-content\/uploads\/2022\/09\/Space-MOC-77613-James-Webb-Space-Telescope-JWST-125-Scale-MOCBRICKLAND-6-600x600.jpg 600w, https:\/\/mouldking.store\/wp-content\/uploads\/2022\/09\/Space-MOC-77613-James-Webb-Space-Telescope-JWST-125-Scale-MOCBRICKLAND-6-150x150.jpg 150w, https:\/\/mouldking.store\/wp-content\/uploads\/2022\/09\/Space-MOC-77613-James-Webb-Space-Telescope-JWST-125-Scale-MOCBRICKLAND-6-60x60.jpg 60w, https:\/\/mouldking.store\/wp-content\/uploads\/2022\/09\/Space-MOC-77613-James-Webb-Space-Telescope-JWST-125-Scale-MOCBRICKLAND-6-90x90.jpg 90w\" sizes=\"(max-width: 800px) 100vw, 800px\" \/><figcaption id=\"caption-attachment-32744\" class=\"wp-caption-text\">MOC-77613 James Webb Space Telescope (JWST) im Ma\u00dfstab 1:25 mit 4514 Teilen<\/figcaption><\/figure>\n<figure id=\"attachment_32745\" aria-describedby=\"caption-attachment-32745\" style=\"width: 800px\" class=\"wp-caption aligncenter\"><img decoding=\"async\" class=\"wp-image-32745 size-full\" src=\"https:\/\/mouldking.store\/wp-content\/uploads\/2022\/09\/Space-MOC-77613-James-Webb-Space-Telescope-JWST-125-Scale-MOCBRICKLAND-4.jpg\" alt=\"MOC-77613 James Webb Space Telescope (JWST) 1:25 Scale with 4514 Pieces\" width=\"800\" height=\"800\" title=\"-\" srcset=\"https:\/\/mouldking.store\/wp-content\/uploads\/2022\/09\/Space-MOC-77613-James-Webb-Space-Telescope-JWST-125-Scale-MOCBRICKLAND-4.jpg 800w, https:\/\/mouldking.store\/wp-content\/uploads\/2022\/09\/Space-MOC-77613-James-Webb-Space-Telescope-JWST-125-Scale-MOCBRICKLAND-4-300x300.jpg 300w, https:\/\/mouldking.store\/wp-content\/uploads\/2022\/09\/Space-MOC-77613-James-Webb-Space-Telescope-JWST-125-Scale-MOCBRICKLAND-4-768x768.jpg 768w, https:\/\/mouldking.store\/wp-content\/uploads\/2022\/09\/Space-MOC-77613-James-Webb-Space-Telescope-JWST-125-Scale-MOCBRICKLAND-4-600x600.jpg 600w, https:\/\/mouldking.store\/wp-content\/uploads\/2022\/09\/Space-MOC-77613-James-Webb-Space-Telescope-JWST-125-Scale-MOCBRICKLAND-4-150x150.jpg 150w, https:\/\/mouldking.store\/wp-content\/uploads\/2022\/09\/Space-MOC-77613-James-Webb-Space-Telescope-JWST-125-Scale-MOCBRICKLAND-4-60x60.jpg 60w, https:\/\/mouldking.store\/wp-content\/uploads\/2022\/09\/Space-MOC-77613-James-Webb-Space-Telescope-JWST-125-Scale-MOCBRICKLAND-4-90x90.jpg 90w\" sizes=\"(max-width: 800px) 100vw, 800px\" \/><figcaption id=\"caption-attachment-32745\" class=\"wp-caption-text\">MOC-77613 James Webb Space Telescope (JWST) im Ma\u00dfstab 1:25 mit 4514 Teilen<\/figcaption><\/figure>\n<figure id=\"attachment_32743\" aria-describedby=\"caption-attachment-32743\" style=\"width: 800px\" class=\"wp-caption aligncenter\"><img decoding=\"async\" class=\"wp-image-32743 size-full\" src=\"https:\/\/mouldking.store\/wp-content\/uploads\/2022\/09\/Space-MOC-77613-James-Webb-Space-Telescope-JWST-125-Scale-MOCBRICKLAND-5.jpg\" alt=\"MOC-77613 James Webb Space Telescope (JWST) 1:25 Scale with 4514 Pieces\" width=\"800\" height=\"800\" title=\"-\" srcset=\"https:\/\/mouldking.store\/wp-content\/uploads\/2022\/09\/Space-MOC-77613-James-Webb-Space-Telescope-JWST-125-Scale-MOCBRICKLAND-5.jpg 800w, https:\/\/mouldking.store\/wp-content\/uploads\/2022\/09\/Space-MOC-77613-James-Webb-Space-Telescope-JWST-125-Scale-MOCBRICKLAND-5-300x300.jpg 300w, https:\/\/mouldking.store\/wp-content\/uploads\/2022\/09\/Space-MOC-77613-James-Webb-Space-Telescope-JWST-125-Scale-MOCBRICKLAND-5-768x768.jpg 768w, https:\/\/mouldking.store\/wp-content\/uploads\/2022\/09\/Space-MOC-77613-James-Webb-Space-Telescope-JWST-125-Scale-MOCBRICKLAND-5-600x600.jpg 600w, https:\/\/mouldking.store\/wp-content\/uploads\/2022\/09\/Space-MOC-77613-James-Webb-Space-Telescope-JWST-125-Scale-MOCBRICKLAND-5-150x150.jpg 150w, https:\/\/mouldking.store\/wp-content\/uploads\/2022\/09\/Space-MOC-77613-James-Webb-Space-Telescope-JWST-125-Scale-MOCBRICKLAND-5-60x60.jpg 60w, https:\/\/mouldking.store\/wp-content\/uploads\/2022\/09\/Space-MOC-77613-James-Webb-Space-Telescope-JWST-125-Scale-MOCBRICKLAND-5-90x90.jpg 90w\" sizes=\"(max-width: 800px) 100vw, 800px\" \/><figcaption id=\"caption-attachment-32743\" class=\"wp-caption-text\">MOC-77613 James Webb Space Telescope (JWST) im Ma\u00dfstab 1:25 mit 4514 Teilen<\/figcaption><\/figure>\n<figure id=\"attachment_32741\" aria-describedby=\"caption-attachment-32741\" style=\"width: 800px\" class=\"wp-caption aligncenter\"><img loading=\"lazy\" decoding=\"async\" class=\"wp-image-32741 size-full\" src=\"https:\/\/mouldking.store\/wp-content\/uploads\/2022\/09\/Space-MOC-77613-James-Webb-Space-Telescope-JWST-125-Scale-MOCBRICKLAND-10.jpg\" alt=\"MOC-77613 James Webb Space Telescope (JWST) 1:25 Scale with 4514 Pieces\" width=\"800\" height=\"800\" title=\"-\" srcset=\"https:\/\/mouldking.store\/wp-content\/uploads\/2022\/09\/Space-MOC-77613-James-Webb-Space-Telescope-JWST-125-Scale-MOCBRICKLAND-10.jpg 800w, https:\/\/mouldking.store\/wp-content\/uploads\/2022\/09\/Space-MOC-77613-James-Webb-Space-Telescope-JWST-125-Scale-MOCBRICKLAND-10-300x300.jpg 300w, https:\/\/mouldking.store\/wp-content\/uploads\/2022\/09\/Space-MOC-77613-James-Webb-Space-Telescope-JWST-125-Scale-MOCBRICKLAND-10-768x768.jpg 768w, https:\/\/mouldking.store\/wp-content\/uploads\/2022\/09\/Space-MOC-77613-James-Webb-Space-Telescope-JWST-125-Scale-MOCBRICKLAND-10-600x600.jpg 600w, https:\/\/mouldking.store\/wp-content\/uploads\/2022\/09\/Space-MOC-77613-James-Webb-Space-Telescope-JWST-125-Scale-MOCBRICKLAND-10-150x150.jpg 150w, https:\/\/mouldking.store\/wp-content\/uploads\/2022\/09\/Space-MOC-77613-James-Webb-Space-Telescope-JWST-125-Scale-MOCBRICKLAND-10-60x60.jpg 60w, https:\/\/mouldking.store\/wp-content\/uploads\/2022\/09\/Space-MOC-77613-James-Webb-Space-Telescope-JWST-125-Scale-MOCBRICKLAND-10-90x90.jpg 90w\" sizes=\"(max-width: 800px) 100vw, 800px\" \/><figcaption id=\"caption-attachment-32741\" class=\"wp-caption-text\">MOC-77613 James Webb Space Telescope (JWST) im Ma\u00dfstab 1:25 mit 4514 Teilen<\/figcaption><\/figure>\n<figure id=\"attachment_32740\" aria-describedby=\"caption-attachment-32740\" style=\"width: 800px\" class=\"wp-caption aligncenter\"><img loading=\"lazy\" decoding=\"async\" class=\"wp-image-32740 size-full\" src=\"https:\/\/mouldking.store\/wp-content\/uploads\/2022\/09\/Space-MOC-77613-James-Webb-Space-Telescope-JWST-125-Scale-MOCBRICKLAND-8.jpg\" alt=\"MOC-77613 James Webb Space Telescope (JWST) 1:25 Scale with 4514 Pieces\" width=\"800\" height=\"800\" title=\"-\" srcset=\"https:\/\/mouldking.store\/wp-content\/uploads\/2022\/09\/Space-MOC-77613-James-Webb-Space-Telescope-JWST-125-Scale-MOCBRICKLAND-8.jpg 800w, https:\/\/mouldking.store\/wp-content\/uploads\/2022\/09\/Space-MOC-77613-James-Webb-Space-Telescope-JWST-125-Scale-MOCBRICKLAND-8-300x300.jpg 300w, https:\/\/mouldking.store\/wp-content\/uploads\/2022\/09\/Space-MOC-77613-James-Webb-Space-Telescope-JWST-125-Scale-MOCBRICKLAND-8-768x768.jpg 768w, https:\/\/mouldking.store\/wp-content\/uploads\/2022\/09\/Space-MOC-77613-James-Webb-Space-Telescope-JWST-125-Scale-MOCBRICKLAND-8-600x600.jpg 600w, https:\/\/mouldking.store\/wp-content\/uploads\/2022\/09\/Space-MOC-77613-James-Webb-Space-Telescope-JWST-125-Scale-MOCBRICKLAND-8-150x150.jpg 150w, https:\/\/mouldking.store\/wp-content\/uploads\/2022\/09\/Space-MOC-77613-James-Webb-Space-Telescope-JWST-125-Scale-MOCBRICKLAND-8-60x60.jpg 60w, https:\/\/mouldking.store\/wp-content\/uploads\/2022\/09\/Space-MOC-77613-James-Webb-Space-Telescope-JWST-125-Scale-MOCBRICKLAND-8-90x90.jpg 90w\" sizes=\"(max-width: 800px) 100vw, 800px\" \/><figcaption id=\"caption-attachment-32740\" class=\"wp-caption-text\">MOC-77613 James Webb Space Telescope (JWST) im Ma\u00dfstab 1:25 mit 4514 Teilen<\/figcaption><\/figure>\n<figure id=\"attachment_32746\" aria-describedby=\"caption-attachment-32746\" style=\"width: 800px\" class=\"wp-caption aligncenter\"><img loading=\"lazy\" decoding=\"async\" class=\"wp-image-32746 size-full\" src=\"https:\/\/mouldking.store\/wp-content\/uploads\/2022\/09\/Space-MOC-77613-James-Webb-Space-Telescope-JWST-125-Scale-MOCBRICKLAND-12.jpg\" alt=\"MOC-77613 James Webb Space Telescope (JWST) 1:25 Scale with 4514 Pieces\" width=\"800\" height=\"800\" title=\"-\" srcset=\"https:\/\/mouldking.store\/wp-content\/uploads\/2022\/09\/Space-MOC-77613-James-Webb-Space-Telescope-JWST-125-Scale-MOCBRICKLAND-12.jpg 800w, https:\/\/mouldking.store\/wp-content\/uploads\/2022\/09\/Space-MOC-77613-James-Webb-Space-Telescope-JWST-125-Scale-MOCBRICKLAND-12-300x300.jpg 300w, https:\/\/mouldking.store\/wp-content\/uploads\/2022\/09\/Space-MOC-77613-James-Webb-Space-Telescope-JWST-125-Scale-MOCBRICKLAND-12-768x768.jpg 768w, https:\/\/mouldking.store\/wp-content\/uploads\/2022\/09\/Space-MOC-77613-James-Webb-Space-Telescope-JWST-125-Scale-MOCBRICKLAND-12-600x600.jpg 600w, https:\/\/mouldking.store\/wp-content\/uploads\/2022\/09\/Space-MOC-77613-James-Webb-Space-Telescope-JWST-125-Scale-MOCBRICKLAND-12-150x150.jpg 150w, https:\/\/mouldking.store\/wp-content\/uploads\/2022\/09\/Space-MOC-77613-James-Webb-Space-Telescope-JWST-125-Scale-MOCBRICKLAND-12-60x60.jpg 60w, https:\/\/mouldking.store\/wp-content\/uploads\/2022\/09\/Space-MOC-77613-James-Webb-Space-Telescope-JWST-125-Scale-MOCBRICKLAND-12-90x90.jpg 90w\" sizes=\"(max-width: 800px) 100vw, 800px\" \/><figcaption id=\"caption-attachment-32746\" class=\"wp-caption-text\">MOC-77613 James Webb Space Telescope (JWST) im Ma\u00dfstab 1:25 mit 4514 Teilen<\/figcaption><\/figure>\n<figure id=\"attachment_32742\" aria-describedby=\"caption-attachment-32742\" style=\"width: 800px\" class=\"wp-caption aligncenter\"><img loading=\"lazy\" decoding=\"async\" class=\"wp-image-32742 size-full\" src=\"https:\/\/mouldking.store\/wp-content\/uploads\/2022\/09\/Space-MOC-77613-James-Webb-Space-Telescope-JWST-125-Scale-MOCBRICKLAND-14.jpg\" alt=\"MOC-77613 James Webb Space Telescope (JWST) 1:25 Scale with 4514 Pieces\" width=\"800\" height=\"800\" title=\"-\" srcset=\"https:\/\/mouldking.store\/wp-content\/uploads\/2022\/09\/Space-MOC-77613-James-Webb-Space-Telescope-JWST-125-Scale-MOCBRICKLAND-14.jpg 800w, https:\/\/mouldking.store\/wp-content\/uploads\/2022\/09\/Space-MOC-77613-James-Webb-Space-Telescope-JWST-125-Scale-MOCBRICKLAND-14-300x300.jpg 300w, https:\/\/mouldking.store\/wp-content\/uploads\/2022\/09\/Space-MOC-77613-James-Webb-Space-Telescope-JWST-125-Scale-MOCBRICKLAND-14-768x768.jpg 768w, https:\/\/mouldking.store\/wp-content\/uploads\/2022\/09\/Space-MOC-77613-James-Webb-Space-Telescope-JWST-125-Scale-MOCBRICKLAND-14-600x600.jpg 600w, https:\/\/mouldking.store\/wp-content\/uploads\/2022\/09\/Space-MOC-77613-James-Webb-Space-Telescope-JWST-125-Scale-MOCBRICKLAND-14-150x150.jpg 150w, https:\/\/mouldking.store\/wp-content\/uploads\/2022\/09\/Space-MOC-77613-James-Webb-Space-Telescope-JWST-125-Scale-MOCBRICKLAND-14-60x60.jpg 60w, https:\/\/mouldking.store\/wp-content\/uploads\/2022\/09\/Space-MOC-77613-James-Webb-Space-Telescope-JWST-125-Scale-MOCBRICKLAND-14-90x90.jpg 90w\" sizes=\"(max-width: 800px) 100vw, 800px\" \/><figcaption id=\"caption-attachment-32742\" class=\"wp-caption-text\">MOC-77613 James Webb Space Telescope (JWST) im Ma\u00dfstab 1:25 mit 4514 Teilen<\/figcaption><\/figure>\n<figure id=\"attachment_32747\" aria-describedby=\"caption-attachment-32747\" style=\"width: 800px\" class=\"wp-caption aligncenter\"><img loading=\"lazy\" decoding=\"async\" class=\"wp-image-32747 size-full\" src=\"https:\/\/mouldking.store\/wp-content\/uploads\/2022\/09\/Space-MOC-77613-James-Webb-Space-Telescope-JWST-125-Scale-MOCBRICKLAND-1.jpg\" alt=\"MOC-77613 James Webb Space Telescope (JWST) 1:25 Scale with 4514 Pieces\" width=\"800\" height=\"1194\" title=\"-\" srcset=\"https:\/\/mouldking.store\/wp-content\/uploads\/2022\/09\/Space-MOC-77613-James-Webb-Space-Telescope-JWST-125-Scale-MOCBRICKLAND-1.jpg 800w, https:\/\/mouldking.store\/wp-content\/uploads\/2022\/09\/Space-MOC-77613-James-Webb-Space-Telescope-JWST-125-Scale-MOCBRICKLAND-1-201x300.jpg 201w, https:\/\/mouldking.store\/wp-content\/uploads\/2022\/09\/Space-MOC-77613-James-Webb-Space-Telescope-JWST-125-Scale-MOCBRICKLAND-1-686x1024.jpg 686w, https:\/\/mouldking.store\/wp-content\/uploads\/2022\/09\/Space-MOC-77613-James-Webb-Space-Telescope-JWST-125-Scale-MOCBRICKLAND-1-768x1146.jpg 768w, https:\/\/mouldking.store\/wp-content\/uploads\/2022\/09\/Space-MOC-77613-James-Webb-Space-Telescope-JWST-125-Scale-MOCBRICKLAND-1-300x448.jpg 300w, https:\/\/mouldking.store\/wp-content\/uploads\/2022\/09\/Space-MOC-77613-James-Webb-Space-Telescope-JWST-125-Scale-MOCBRICKLAND-1-600x896.jpg 600w, https:\/\/mouldking.store\/wp-content\/uploads\/2022\/09\/Space-MOC-77613-James-Webb-Space-Telescope-JWST-125-Scale-MOCBRICKLAND-1-101x150.jpg 101w, https:\/\/mouldking.store\/wp-content\/uploads\/2022\/09\/Space-MOC-77613-James-Webb-Space-Telescope-JWST-125-Scale-MOCBRICKLAND-1-40x60.jpg 40w, https:\/\/mouldking.store\/wp-content\/uploads\/2022\/09\/Space-MOC-77613-James-Webb-Space-Telescope-JWST-125-Scale-MOCBRICKLAND-1-60x90.jpg 60w\" sizes=\"(max-width: 800px) 100vw, 800px\" \/><figcaption id=\"caption-attachment-32747\" class=\"wp-caption-text\">MOC-77613 James Webb Space Telescope (JWST) im Ma\u00dfstab 1:25 mit 4514 Teilen<\/figcaption><\/figure>","protected":false},"excerpt":{"rendered":"<p>Product information: Brand: MOC Gender: Unisex Name: James Webb Space Telescope (JWST) 1:25 Scale Age Range: &gt; 6 years old Model Number: C9125 Classification: Assemblage Plastic Block Shape: Self-Locking Bricks Material: Plastic Plastic Type: ABS Bricks Blocks: 4514 PCS Dimensions: 66.3 x 32.7 x 44.8 cm Weight: 3.58 kg Contains detailed assembly instructions. Notice: 1. [&hellip;]<\/p>","protected":false},"featured_media":32734,"comment_status":"closed","ping_status":"closed","template":"","meta":{"_acf_changed":false},"product_cat":[6016],"product_tag":[5987,5986,5988,5985,5984],"class_list":["product","first","instock","shipping-taxable","purchasable","product-type-simple"],"acf":[],"_links":{"self":[{"href":"https:\/\/mouldking.store\/de\/wp-json\/wp\/v2\/product\/32733","targetHints":{"allow":["GET"]}}],"collection":[{"href":"https:\/\/mouldking.store\/de\/wp-json\/wp\/v2\/product"}],"about":[{"href":"https:\/\/mouldking.store\/de\/wp-json\/wp\/v2\/types\/product"}],"replies":[{"embeddable":true,"href":"https:\/\/mouldking.store\/de\/wp-json\/wp\/v2\/comments?post=32733"}],"wp:featuredmedia":[{"embeddable":true,"href":"https:\/\/mouldking.store\/de\/wp-json\/wp\/v2\/media\/32734"}],"wp:attachment":[{"href":"https:\/\/mouldking.store\/de\/wp-json\/wp\/v2\/media?parent=32733"}],"wp:term":[{"taxonomy":"product_cat","embeddable":true,"href":"https:\/\/mouldking.store\/de\/wp-json\/wp\/v2\/product_cat?post=32733"},{"taxonomy":"product_tag","embeddable":true,"href":"https:\/\/mouldking.store\/de\/wp-json\/wp\/v2\/product_tag?post=32733"}],"curies":[{"name":"wp","href":"https:\/\/api.w.org\/{rel}","templated":true}]}}