{"id":32748,"date":"2022-09-28T15:37:20","date_gmt":"2022-09-28T08:37:20","guid":{"rendered":"https:\/\/mouldking.store\/?post_type=product&#038;p=32748"},"modified":"2025-12-25T09:12:26","modified_gmt":"2025-12-25T02:12:26","slug":"moc-89584-the-legend-of-zelda-master-sword-with-1562-pieces","status":"publish","type":"product","link":"https:\/\/mouldking.store\/de\/shop\/moc-89584-the-legend-of-zelda-master-sword-with-1562-pieces\/","title":{"rendered":"MOC-89584 The Legend of Zelda Master Schwert mit 1562 Teilen"},"content":{"rendered":"<p>Produktinformation:<\/p>\n<ol>\n<li>Marke: MOC<\/li>\n<li>Geschlecht: Unisex<\/li>\n<li>Name: The Legend of Zelda Master Sword<\/li>\n<li>Altersspanne: &gt; 6 Jahre alt<\/li>\n<li>Model Number: C9102<\/li>\n<li>Einstufung: Assemblage<\/li>\n<li>Kunststoffblockform: Selbstsichernde Steine<\/li>\n<li>Material: Kunststoff<\/li>\n<li>Kunststofftyp: ABS<\/li>\n<li>Bricks Blocks: 1562 PCS<\/li>\n<li>Dimensions: 20.8 x 6.4 x 105.6 cm<\/li>\n<li>Weight: 1.35 kg<\/li>\n<li>Enth\u00e4lt eine ausf\u00fchrliche Montageanleitung.<\/li>\n<\/ol>\n<p>Notiz:<br \/>\n1. Ohne Originalverpackung, aber wir garantieren, dass unsere Produkte eine Qualit\u00e4tssicherung und eine sch\u00f6ne Verpackung haben.<br \/>\n2. Wie alle Teile, die wir vor dem Versand \u00fcberpr\u00fcft haben, machen Sie sich keine Sorgen, wenn Sie feststellen, dass einige Teile fehlen oder besch\u00e4digt sind, und kontaktieren Sie uns einfach, und wir k\u00f6nnen sie Ihnen umgehend kostenlos erneut zusenden.<\/p>\n<p>&nbsp;<\/p>\n<figure id=\"attachment_32751\" aria-describedby=\"caption-attachment-32751\" style=\"width: 800px\" class=\"wp-caption aligncenter\"><img fetchpriority=\"high\" decoding=\"async\" class=\"wp-image-32751 size-full\" src=\"https:\/\/mouldking.store\/wp-content\/uploads\/2022\/09\/Creator-MOC-89584-The-Legend-of-Zelda-Master-Sword-MOCBRICKLAND-3.jpg\" alt=\"MOC-89584 The Legend of Zelda Master Sword with 1562 Pieces\" width=\"800\" height=\"800\" title=\"-\" srcset=\"https:\/\/mouldking.store\/wp-content\/uploads\/2022\/09\/Creator-MOC-89584-The-Legend-of-Zelda-Master-Sword-MOCBRICKLAND-3.jpg 800w, https:\/\/mouldking.store\/wp-content\/uploads\/2022\/09\/Creator-MOC-89584-The-Legend-of-Zelda-Master-Sword-MOCBRICKLAND-3-300x300.jpg 300w, https:\/\/mouldking.store\/wp-content\/uploads\/2022\/09\/Creator-MOC-89584-The-Legend-of-Zelda-Master-Sword-MOCBRICKLAND-3-768x768.jpg 768w, https:\/\/mouldking.store\/wp-content\/uploads\/2022\/09\/Creator-MOC-89584-The-Legend-of-Zelda-Master-Sword-MOCBRICKLAND-3-600x600.jpg 600w, https:\/\/mouldking.store\/wp-content\/uploads\/2022\/09\/Creator-MOC-89584-The-Legend-of-Zelda-Master-Sword-MOCBRICKLAND-3-150x150.jpg 150w, https:\/\/mouldking.store\/wp-content\/uploads\/2022\/09\/Creator-MOC-89584-The-Legend-of-Zelda-Master-Sword-MOCBRICKLAND-3-60x60.jpg 60w, https:\/\/mouldking.store\/wp-content\/uploads\/2022\/09\/Creator-MOC-89584-The-Legend-of-Zelda-Master-Sword-MOCBRICKLAND-3-90x90.jpg 90w\" sizes=\"(max-width: 800px) 100vw, 800px\" \/><figcaption id=\"caption-attachment-32751\" class=\"wp-caption-text\">MOC-89584 The Legend of Zelda Master Schwert mit 1562 Teilen<\/figcaption><\/figure>\n<figure id=\"attachment_32750\" aria-describedby=\"caption-attachment-32750\" style=\"width: 800px\" class=\"wp-caption aligncenter\"><img decoding=\"async\" class=\"wp-image-32750 size-full\" src=\"https:\/\/mouldking.store\/wp-content\/uploads\/2022\/09\/Creator-MOC-89584-The-Legend-of-Zelda-Master-Sword-MOCBRICKLAND-4.jpg\" alt=\"MOC-89584 The Legend of Zelda Master Sword with 1562 Pieces\" width=\"800\" height=\"800\" title=\"-\" srcset=\"https:\/\/mouldking.store\/wp-content\/uploads\/2022\/09\/Creator-MOC-89584-The-Legend-of-Zelda-Master-Sword-MOCBRICKLAND-4.jpg 800w, https:\/\/mouldking.store\/wp-content\/uploads\/2022\/09\/Creator-MOC-89584-The-Legend-of-Zelda-Master-Sword-MOCBRICKLAND-4-300x300.jpg 300w, https:\/\/mouldking.store\/wp-content\/uploads\/2022\/09\/Creator-MOC-89584-The-Legend-of-Zelda-Master-Sword-MOCBRICKLAND-4-768x768.jpg 768w, https:\/\/mouldking.store\/wp-content\/uploads\/2022\/09\/Creator-MOC-89584-The-Legend-of-Zelda-Master-Sword-MOCBRICKLAND-4-600x600.jpg 600w, https:\/\/mouldking.store\/wp-content\/uploads\/2022\/09\/Creator-MOC-89584-The-Legend-of-Zelda-Master-Sword-MOCBRICKLAND-4-150x150.jpg 150w, https:\/\/mouldking.store\/wp-content\/uploads\/2022\/09\/Creator-MOC-89584-The-Legend-of-Zelda-Master-Sword-MOCBRICKLAND-4-60x60.jpg 60w, https:\/\/mouldking.store\/wp-content\/uploads\/2022\/09\/Creator-MOC-89584-The-Legend-of-Zelda-Master-Sword-MOCBRICKLAND-4-90x90.jpg 90w\" sizes=\"(max-width: 800px) 100vw, 800px\" \/><figcaption id=\"caption-attachment-32750\" class=\"wp-caption-text\">MOC-89584 The Legend of Zelda Master Schwert mit 1562 Teilen<\/figcaption><\/figure>\n<figure id=\"attachment_32755\" aria-describedby=\"caption-attachment-32755\" style=\"width: 800px\" class=\"wp-caption aligncenter\"><img decoding=\"async\" class=\"wp-image-32755 size-full\" src=\"https:\/\/mouldking.store\/wp-content\/uploads\/2022\/09\/Creator-MOC-89584-The-Legend-of-Zelda-Master-Sword-MOCBRICKLAND-6.jpg\" alt=\"MOC-89584 The Legend of Zelda Master Sword with 1562 Pieces\" width=\"800\" height=\"800\" title=\"-\" srcset=\"https:\/\/mouldking.store\/wp-content\/uploads\/2022\/09\/Creator-MOC-89584-The-Legend-of-Zelda-Master-Sword-MOCBRICKLAND-6.jpg 800w, https:\/\/mouldking.store\/wp-content\/uploads\/2022\/09\/Creator-MOC-89584-The-Legend-of-Zelda-Master-Sword-MOCBRICKLAND-6-300x300.jpg 300w, https:\/\/mouldking.store\/wp-content\/uploads\/2022\/09\/Creator-MOC-89584-The-Legend-of-Zelda-Master-Sword-MOCBRICKLAND-6-768x768.jpg 768w, https:\/\/mouldking.store\/wp-content\/uploads\/2022\/09\/Creator-MOC-89584-The-Legend-of-Zelda-Master-Sword-MOCBRICKLAND-6-600x600.jpg 600w, https:\/\/mouldking.store\/wp-content\/uploads\/2022\/09\/Creator-MOC-89584-The-Legend-of-Zelda-Master-Sword-MOCBRICKLAND-6-150x150.jpg 150w, https:\/\/mouldking.store\/wp-content\/uploads\/2022\/09\/Creator-MOC-89584-The-Legend-of-Zelda-Master-Sword-MOCBRICKLAND-6-60x60.jpg 60w, https:\/\/mouldking.store\/wp-content\/uploads\/2022\/09\/Creator-MOC-89584-The-Legend-of-Zelda-Master-Sword-MOCBRICKLAND-6-90x90.jpg 90w\" sizes=\"(max-width: 800px) 100vw, 800px\" \/><figcaption id=\"caption-attachment-32755\" class=\"wp-caption-text\">MOC-89584 The Legend of Zelda Master Schwert mit 1562 Teilen<\/figcaption><\/figure>\n<figure id=\"attachment_32754\" aria-describedby=\"caption-attachment-32754\" style=\"width: 800px\" class=\"wp-caption aligncenter\"><img loading=\"lazy\" decoding=\"async\" class=\"wp-image-32754 size-full\" src=\"https:\/\/mouldking.store\/wp-content\/uploads\/2022\/09\/Creator-MOC-89584-The-Legend-of-Zelda-Master-Sword-MOCBRICKLAND-5.jpg\" alt=\"MOC-89584 The Legend of Zelda Master Sword with 1562 Pieces\" width=\"800\" height=\"800\" title=\"-\" srcset=\"https:\/\/mouldking.store\/wp-content\/uploads\/2022\/09\/Creator-MOC-89584-The-Legend-of-Zelda-Master-Sword-MOCBRICKLAND-5.jpg 800w, https:\/\/mouldking.store\/wp-content\/uploads\/2022\/09\/Creator-MOC-89584-The-Legend-of-Zelda-Master-Sword-MOCBRICKLAND-5-300x300.jpg 300w, https:\/\/mouldking.store\/wp-content\/uploads\/2022\/09\/Creator-MOC-89584-The-Legend-of-Zelda-Master-Sword-MOCBRICKLAND-5-768x768.jpg 768w, https:\/\/mouldking.store\/wp-content\/uploads\/2022\/09\/Creator-MOC-89584-The-Legend-of-Zelda-Master-Sword-MOCBRICKLAND-5-600x600.jpg 600w, https:\/\/mouldking.store\/wp-content\/uploads\/2022\/09\/Creator-MOC-89584-The-Legend-of-Zelda-Master-Sword-MOCBRICKLAND-5-150x150.jpg 150w, https:\/\/mouldking.store\/wp-content\/uploads\/2022\/09\/Creator-MOC-89584-The-Legend-of-Zelda-Master-Sword-MOCBRICKLAND-5-60x60.jpg 60w, https:\/\/mouldking.store\/wp-content\/uploads\/2022\/09\/Creator-MOC-89584-The-Legend-of-Zelda-Master-Sword-MOCBRICKLAND-5-90x90.jpg 90w\" sizes=\"(max-width: 800px) 100vw, 800px\" \/><figcaption id=\"caption-attachment-32754\" class=\"wp-caption-text\">MOC-89584 The Legend of Zelda Master Schwert mit 1562 Teilen<\/figcaption><\/figure>\n<figure id=\"attachment_32753\" aria-describedby=\"caption-attachment-32753\" style=\"width: 800px\" class=\"wp-caption aligncenter\"><img loading=\"lazy\" decoding=\"async\" class=\"wp-image-32753 size-full\" src=\"https:\/\/mouldking.store\/wp-content\/uploads\/2022\/09\/Creator-MOC-89584-The-Legend-of-Zelda-Master-Sword-MOCBRICKLAND-2.jpg\" alt=\"MOC-89584 The Legend of Zelda Master Sword with 1562 Pieces\" width=\"800\" height=\"800\" title=\"-\" srcset=\"https:\/\/mouldking.store\/wp-content\/uploads\/2022\/09\/Creator-MOC-89584-The-Legend-of-Zelda-Master-Sword-MOCBRICKLAND-2.jpg 800w, https:\/\/mouldking.store\/wp-content\/uploads\/2022\/09\/Creator-MOC-89584-The-Legend-of-Zelda-Master-Sword-MOCBRICKLAND-2-300x300.jpg 300w, https:\/\/mouldking.store\/wp-content\/uploads\/2022\/09\/Creator-MOC-89584-The-Legend-of-Zelda-Master-Sword-MOCBRICKLAND-2-768x768.jpg 768w, https:\/\/mouldking.store\/wp-content\/uploads\/2022\/09\/Creator-MOC-89584-The-Legend-of-Zelda-Master-Sword-MOCBRICKLAND-2-600x600.jpg 600w, https:\/\/mouldking.store\/wp-content\/uploads\/2022\/09\/Creator-MOC-89584-The-Legend-of-Zelda-Master-Sword-MOCBRICKLAND-2-150x150.jpg 150w, https:\/\/mouldking.store\/wp-content\/uploads\/2022\/09\/Creator-MOC-89584-The-Legend-of-Zelda-Master-Sword-MOCBRICKLAND-2-60x60.jpg 60w, https:\/\/mouldking.store\/wp-content\/uploads\/2022\/09\/Creator-MOC-89584-The-Legend-of-Zelda-Master-Sword-MOCBRICKLAND-2-90x90.jpg 90w\" sizes=\"(max-width: 800px) 100vw, 800px\" \/><figcaption id=\"caption-attachment-32753\" class=\"wp-caption-text\">MOC-89584 The Legend of Zelda Master Schwert mit 1562 Teilen<\/figcaption><\/figure>\n<figure id=\"attachment_32752\" aria-describedby=\"caption-attachment-32752\" style=\"width: 800px\" class=\"wp-caption aligncenter\"><img loading=\"lazy\" decoding=\"async\" class=\"wp-image-32752 size-full\" src=\"https:\/\/mouldking.store\/wp-content\/uploads\/2022\/09\/Creator-MOC-89584-The-Legend-of-Zelda-Master-Sword-MOCBRICKLAND-7.jpg\" alt=\"MOC-89584 The Legend of Zelda Master Sword with 1562 Pieces\" width=\"800\" height=\"800\" title=\"-\" srcset=\"https:\/\/mouldking.store\/wp-content\/uploads\/2022\/09\/Creator-MOC-89584-The-Legend-of-Zelda-Master-Sword-MOCBRICKLAND-7.jpg 800w, https:\/\/mouldking.store\/wp-content\/uploads\/2022\/09\/Creator-MOC-89584-The-Legend-of-Zelda-Master-Sword-MOCBRICKLAND-7-300x300.jpg 300w, https:\/\/mouldking.store\/wp-content\/uploads\/2022\/09\/Creator-MOC-89584-The-Legend-of-Zelda-Master-Sword-MOCBRICKLAND-7-768x768.jpg 768w, https:\/\/mouldking.store\/wp-content\/uploads\/2022\/09\/Creator-MOC-89584-The-Legend-of-Zelda-Master-Sword-MOCBRICKLAND-7-600x600.jpg 600w, https:\/\/mouldking.store\/wp-content\/uploads\/2022\/09\/Creator-MOC-89584-The-Legend-of-Zelda-Master-Sword-MOCBRICKLAND-7-150x150.jpg 150w, https:\/\/mouldking.store\/wp-content\/uploads\/2022\/09\/Creator-MOC-89584-The-Legend-of-Zelda-Master-Sword-MOCBRICKLAND-7-60x60.jpg 60w, https:\/\/mouldking.store\/wp-content\/uploads\/2022\/09\/Creator-MOC-89584-The-Legend-of-Zelda-Master-Sword-MOCBRICKLAND-7-90x90.jpg 90w\" sizes=\"(max-width: 800px) 100vw, 800px\" \/><figcaption id=\"caption-attachment-32752\" class=\"wp-caption-text\">MOC-89584 The Legend of Zelda Master Schwert mit 1562 Teilen<\/figcaption><\/figure>\n<figure id=\"attachment_32749\" aria-describedby=\"caption-attachment-32749\" style=\"width: 800px\" class=\"wp-caption aligncenter\"><img loading=\"lazy\" decoding=\"async\" class=\"wp-image-32749 size-full\" src=\"https:\/\/mouldking.store\/wp-content\/uploads\/2022\/09\/Creator-MOC-89584-The-Legend-of-Zelda-Master-Sword-MOCBRICKLAND-1.jpg\" alt=\"MOC-89584 The Legend of Zelda Master Sword with 1562 Pieces\" width=\"800\" height=\"1030\" title=\"-\" srcset=\"https:\/\/mouldking.store\/wp-content\/uploads\/2022\/09\/Creator-MOC-89584-The-Legend-of-Zelda-Master-Sword-MOCBRICKLAND-1.jpg 800w, https:\/\/mouldking.store\/wp-content\/uploads\/2022\/09\/Creator-MOC-89584-The-Legend-of-Zelda-Master-Sword-MOCBRICKLAND-1-233x300.jpg 233w, https:\/\/mouldking.store\/wp-content\/uploads\/2022\/09\/Creator-MOC-89584-The-Legend-of-Zelda-Master-Sword-MOCBRICKLAND-1-795x1024.jpg 795w, https:\/\/mouldking.store\/wp-content\/uploads\/2022\/09\/Creator-MOC-89584-The-Legend-of-Zelda-Master-Sword-MOCBRICKLAND-1-768x989.jpg 768w, https:\/\/mouldking.store\/wp-content\/uploads\/2022\/09\/Creator-MOC-89584-The-Legend-of-Zelda-Master-Sword-MOCBRICKLAND-1-300x386.jpg 300w, https:\/\/mouldking.store\/wp-content\/uploads\/2022\/09\/Creator-MOC-89584-The-Legend-of-Zelda-Master-Sword-MOCBRICKLAND-1-600x773.jpg 600w, https:\/\/mouldking.store\/wp-content\/uploads\/2022\/09\/Creator-MOC-89584-The-Legend-of-Zelda-Master-Sword-MOCBRICKLAND-1-117x150.jpg 117w, https:\/\/mouldking.store\/wp-content\/uploads\/2022\/09\/Creator-MOC-89584-The-Legend-of-Zelda-Master-Sword-MOCBRICKLAND-1-47x60.jpg 47w, https:\/\/mouldking.store\/wp-content\/uploads\/2022\/09\/Creator-MOC-89584-The-Legend-of-Zelda-Master-Sword-MOCBRICKLAND-1-70x90.jpg 70w\" sizes=\"(max-width: 800px) 100vw, 800px\" \/><figcaption id=\"caption-attachment-32749\" class=\"wp-caption-text\">MOC-89584 The Legend of Zelda Master Schwert mit 1562 Teilen<\/figcaption><\/figure>","protected":false},"excerpt":{"rendered":"<p>Product information: Brand: MOC Gender: Unisex Name: The Legend of Zelda Master Sword Age Range: &gt; 6 years old Model Number: C9102 Classification: Assemblage Plastic Block Shape: Self-Locking Bricks Material: Plastic Plastic Type: ABS Bricks Blocks: 1562 PCS Dimensions: 20.8 x 6.4 x 105.6 cm Weight: 1.35 kg Contains detailed assembly instructions. Notice: 1. Without [&hellip;]<\/p>","protected":false},"featured_media":32751,"comment_status":"closed","ping_status":"closed","template":"","meta":{"_acf_changed":false},"product_cat":[371],"product_tag":[5993,5990,5989,5992,5991],"class_list":["product","first","instock","shipping-taxable","purchasable","product-type-simple"],"acf":[],"_links":{"self":[{"href":"https:\/\/mouldking.store\/de\/wp-json\/wp\/v2\/product\/32748","targetHints":{"allow":["GET"]}}],"collection":[{"href":"https:\/\/mouldking.store\/de\/wp-json\/wp\/v2\/product"}],"about":[{"href":"https:\/\/mouldking.store\/de\/wp-json\/wp\/v2\/types\/product"}],"replies":[{"embeddable":true,"href":"https:\/\/mouldking.store\/de\/wp-json\/wp\/v2\/comments?post=32748"}],"wp:featuredmedia":[{"embeddable":true,"href":"https:\/\/mouldking.store\/de\/wp-json\/wp\/v2\/media\/32751"}],"wp:attachment":[{"href":"https:\/\/mouldking.store\/de\/wp-json\/wp\/v2\/media?parent=32748"}],"wp:term":[{"taxonomy":"product_cat","embeddable":true,"href":"https:\/\/mouldking.store\/de\/wp-json\/wp\/v2\/product_cat?post=32748"},{"taxonomy":"product_tag","embeddable":true,"href":"https:\/\/mouldking.store\/de\/wp-json\/wp\/v2\/product_tag?post=32748"}],"curies":[{"name":"wp","href":"https:\/\/api.w.org\/{rel}","templated":true}]}}