{"id":32784,"date":"2022-09-28T16:44:32","date_gmt":"2022-09-28T09:44:32","guid":{"rendered":"https:\/\/mouldking.store\/?post_type=product&#038;p=32784"},"modified":"2025-12-25T09:12:26","modified_gmt":"2025-12-25T02:12:26","slug":"moc-88260-halloween-wreath-with-422-pieces","status":"publish","type":"product","link":"https:\/\/mouldking.store\/de\/shop\/moc-88260-halloween-wreath-with-422-pieces\/","title":{"rendered":"MOC-88260 Halloween-Kranz mit 422 St\u00fcck"},"content":{"rendered":"<p>Produktinformation:<\/p>\n<ol>\n<li>Marke: MOC<\/li>\n<li>Geschlecht: Unisex<\/li>\n<li>Name: Halloween Wreath<\/li>\n<li>Altersspanne: &gt; 6 Jahre alt<\/li>\n<li>Model Number: C9072<\/li>\n<li>Einstufung: Assemblage<\/li>\n<li>Kunststoffblockform: Selbstsichernde Steine<\/li>\n<li>Material: Kunststoff<\/li>\n<li>Kunststofftyp: ABS<\/li>\n<li>Bricks Blocks: 422 PCS<\/li>\n<li>Dimensions: 24 x 24 x 5 cm<\/li>\n<li>Gewicht: 0,28 kg<\/li>\n<li>Enth\u00e4lt eine ausf\u00fchrliche Montageanleitung.<\/li>\n<\/ol>\n<p>Notiz:<br \/>\n1. Ohne Originalverpackung, aber wir garantieren, dass unsere Produkte eine Qualit\u00e4tssicherung und eine sch\u00f6ne Verpackung haben.<br \/>\n2. Wie alle Teile, die wir vor dem Versand \u00fcberpr\u00fcft haben, machen Sie sich keine Sorgen, wenn Sie feststellen, dass einige Teile fehlen oder besch\u00e4digt sind, und kontaktieren Sie uns einfach, und wir k\u00f6nnen sie Ihnen umgehend kostenlos erneut zusenden.<\/p>\n<p>&nbsp;<\/p>\n<figure id=\"attachment_32787\" aria-describedby=\"caption-attachment-32787\" style=\"width: 800px\" class=\"wp-caption aligncenter\"><img fetchpriority=\"high\" decoding=\"async\" class=\"wp-image-32787 size-full\" src=\"https:\/\/mouldking.store\/wp-content\/uploads\/2022\/09\/Creator-MOC-88260-Halloween-Wreath-MOCBRICKLAND-2.jpg\" alt=\"MOC-88260 Halloween Wreath with 422 Pieces\" width=\"800\" height=\"800\" title=\"-\" srcset=\"https:\/\/mouldking.store\/wp-content\/uploads\/2022\/09\/Creator-MOC-88260-Halloween-Wreath-MOCBRICKLAND-2.jpg 800w, https:\/\/mouldking.store\/wp-content\/uploads\/2022\/09\/Creator-MOC-88260-Halloween-Wreath-MOCBRICKLAND-2-300x300.jpg 300w, https:\/\/mouldking.store\/wp-content\/uploads\/2022\/09\/Creator-MOC-88260-Halloween-Wreath-MOCBRICKLAND-2-768x768.jpg 768w, https:\/\/mouldking.store\/wp-content\/uploads\/2022\/09\/Creator-MOC-88260-Halloween-Wreath-MOCBRICKLAND-2-600x600.jpg 600w, https:\/\/mouldking.store\/wp-content\/uploads\/2022\/09\/Creator-MOC-88260-Halloween-Wreath-MOCBRICKLAND-2-150x150.jpg 150w, https:\/\/mouldking.store\/wp-content\/uploads\/2022\/09\/Creator-MOC-88260-Halloween-Wreath-MOCBRICKLAND-2-60x60.jpg 60w, https:\/\/mouldking.store\/wp-content\/uploads\/2022\/09\/Creator-MOC-88260-Halloween-Wreath-MOCBRICKLAND-2-90x90.jpg 90w\" sizes=\"(max-width: 800px) 100vw, 800px\" \/><figcaption id=\"caption-attachment-32787\" class=\"wp-caption-text\">MOC-88260 Halloween-Kranz mit 422 St\u00fcck<\/figcaption><\/figure>\n<figure id=\"attachment_32786\" aria-describedby=\"caption-attachment-32786\" style=\"width: 800px\" class=\"wp-caption aligncenter\"><img decoding=\"async\" class=\"wp-image-32786 size-full\" src=\"https:\/\/mouldking.store\/wp-content\/uploads\/2022\/09\/Creator-MOC-88260-Halloween-Wreath-MOCBRICKLAND-3.jpg\" alt=\"MOC-88260 Halloween Wreath with 422 Pieces\" width=\"800\" height=\"800\" title=\"-\" srcset=\"https:\/\/mouldking.store\/wp-content\/uploads\/2022\/09\/Creator-MOC-88260-Halloween-Wreath-MOCBRICKLAND-3.jpg 800w, https:\/\/mouldking.store\/wp-content\/uploads\/2022\/09\/Creator-MOC-88260-Halloween-Wreath-MOCBRICKLAND-3-300x300.jpg 300w, https:\/\/mouldking.store\/wp-content\/uploads\/2022\/09\/Creator-MOC-88260-Halloween-Wreath-MOCBRICKLAND-3-768x768.jpg 768w, https:\/\/mouldking.store\/wp-content\/uploads\/2022\/09\/Creator-MOC-88260-Halloween-Wreath-MOCBRICKLAND-3-600x600.jpg 600w, https:\/\/mouldking.store\/wp-content\/uploads\/2022\/09\/Creator-MOC-88260-Halloween-Wreath-MOCBRICKLAND-3-150x150.jpg 150w, https:\/\/mouldking.store\/wp-content\/uploads\/2022\/09\/Creator-MOC-88260-Halloween-Wreath-MOCBRICKLAND-3-60x60.jpg 60w, https:\/\/mouldking.store\/wp-content\/uploads\/2022\/09\/Creator-MOC-88260-Halloween-Wreath-MOCBRICKLAND-3-90x90.jpg 90w\" sizes=\"(max-width: 800px) 100vw, 800px\" \/><figcaption id=\"caption-attachment-32786\" class=\"wp-caption-text\">MOC-88260 Halloween-Kranz mit 422 St\u00fcck<\/figcaption><\/figure>\n<figure id=\"attachment_32785\" aria-describedby=\"caption-attachment-32785\" style=\"width: 800px\" class=\"wp-caption aligncenter\"><img decoding=\"async\" class=\"wp-image-32785 size-full\" src=\"https:\/\/mouldking.store\/wp-content\/uploads\/2022\/09\/Creator-MOC-88260-Halloween-Wreath-MOCBRICKLAND-4.jpg\" alt=\"MOC-88260 Halloween Wreath with 422 Pieces\" width=\"800\" height=\"800\" title=\"-\" srcset=\"https:\/\/mouldking.store\/wp-content\/uploads\/2022\/09\/Creator-MOC-88260-Halloween-Wreath-MOCBRICKLAND-4.jpg 800w, https:\/\/mouldking.store\/wp-content\/uploads\/2022\/09\/Creator-MOC-88260-Halloween-Wreath-MOCBRICKLAND-4-300x300.jpg 300w, https:\/\/mouldking.store\/wp-content\/uploads\/2022\/09\/Creator-MOC-88260-Halloween-Wreath-MOCBRICKLAND-4-768x768.jpg 768w, https:\/\/mouldking.store\/wp-content\/uploads\/2022\/09\/Creator-MOC-88260-Halloween-Wreath-MOCBRICKLAND-4-600x600.jpg 600w, https:\/\/mouldking.store\/wp-content\/uploads\/2022\/09\/Creator-MOC-88260-Halloween-Wreath-MOCBRICKLAND-4-150x150.jpg 150w, https:\/\/mouldking.store\/wp-content\/uploads\/2022\/09\/Creator-MOC-88260-Halloween-Wreath-MOCBRICKLAND-4-60x60.jpg 60w, https:\/\/mouldking.store\/wp-content\/uploads\/2022\/09\/Creator-MOC-88260-Halloween-Wreath-MOCBRICKLAND-4-90x90.jpg 90w\" sizes=\"(max-width: 800px) 100vw, 800px\" \/><figcaption id=\"caption-attachment-32785\" class=\"wp-caption-text\">MOC-88260 Halloween-Kranz mit 422 St\u00fcck<\/figcaption><\/figure>\n<figure id=\"attachment_32788\" aria-describedby=\"caption-attachment-32788\" style=\"width: 800px\" class=\"wp-caption aligncenter\"><img loading=\"lazy\" decoding=\"async\" class=\"wp-image-32788 size-full\" src=\"https:\/\/mouldking.store\/wp-content\/uploads\/2022\/09\/Creator-MOC-88260-Halloween-Wreath-MOCBRICKLAND-1.jpg\" alt=\"MOC-88260 Halloween Wreath with 422 Pieces\" width=\"800\" height=\"1150\" title=\"-\" srcset=\"https:\/\/mouldking.store\/wp-content\/uploads\/2022\/09\/Creator-MOC-88260-Halloween-Wreath-MOCBRICKLAND-1.jpg 800w, https:\/\/mouldking.store\/wp-content\/uploads\/2022\/09\/Creator-MOC-88260-Halloween-Wreath-MOCBRICKLAND-1-209x300.jpg 209w, https:\/\/mouldking.store\/wp-content\/uploads\/2022\/09\/Creator-MOC-88260-Halloween-Wreath-MOCBRICKLAND-1-712x1024.jpg 712w, https:\/\/mouldking.store\/wp-content\/uploads\/2022\/09\/Creator-MOC-88260-Halloween-Wreath-MOCBRICKLAND-1-768x1104.jpg 768w, https:\/\/mouldking.store\/wp-content\/uploads\/2022\/09\/Creator-MOC-88260-Halloween-Wreath-MOCBRICKLAND-1-300x431.jpg 300w, https:\/\/mouldking.store\/wp-content\/uploads\/2022\/09\/Creator-MOC-88260-Halloween-Wreath-MOCBRICKLAND-1-600x863.jpg 600w, https:\/\/mouldking.store\/wp-content\/uploads\/2022\/09\/Creator-MOC-88260-Halloween-Wreath-MOCBRICKLAND-1-104x150.jpg 104w, https:\/\/mouldking.store\/wp-content\/uploads\/2022\/09\/Creator-MOC-88260-Halloween-Wreath-MOCBRICKLAND-1-42x60.jpg 42w, https:\/\/mouldking.store\/wp-content\/uploads\/2022\/09\/Creator-MOC-88260-Halloween-Wreath-MOCBRICKLAND-1-63x90.jpg 63w\" sizes=\"(max-width: 800px) 100vw, 800px\" \/><figcaption id=\"caption-attachment-32788\" class=\"wp-caption-text\">MOC-88260 Halloween-Kranz mit 422 St\u00fcck<\/figcaption><\/figure>","protected":false},"excerpt":{"rendered":"<p>Zeit vereinbaren; 4-8 Wochen<\/p>","protected":false},"featured_media":32786,"comment_status":"closed","ping_status":"closed","template":"","meta":{"_acf_changed":false},"product_cat":[371],"product_tag":[2859,6005,6004,6003],"class_list":["product","first","instock","shipping-taxable","purchasable","product-type-simple"],"acf":[],"_links":{"self":[{"href":"https:\/\/mouldking.store\/de\/wp-json\/wp\/v2\/product\/32784","targetHints":{"allow":["GET"]}}],"collection":[{"href":"https:\/\/mouldking.store\/de\/wp-json\/wp\/v2\/product"}],"about":[{"href":"https:\/\/mouldking.store\/de\/wp-json\/wp\/v2\/types\/product"}],"replies":[{"embeddable":true,"href":"https:\/\/mouldking.store\/de\/wp-json\/wp\/v2\/comments?post=32784"}],"wp:featuredmedia":[{"embeddable":true,"href":"https:\/\/mouldking.store\/de\/wp-json\/wp\/v2\/media\/32786"}],"wp:attachment":[{"href":"https:\/\/mouldking.store\/de\/wp-json\/wp\/v2\/media?parent=32784"}],"wp:term":[{"taxonomy":"product_cat","embeddable":true,"href":"https:\/\/mouldking.store\/de\/wp-json\/wp\/v2\/product_cat?post=32784"},{"taxonomy":"product_tag","embeddable":true,"href":"https:\/\/mouldking.store\/de\/wp-json\/wp\/v2\/product_tag?post=32784"}],"curies":[{"name":"wp","href":"https:\/\/api.w.org\/{rel}","templated":true}]}}