{"id":32793,"date":"2022-09-28T16:50:05","date_gmt":"2022-09-28T09:50:05","guid":{"rendered":"https:\/\/mouldking.store\/?post_type=product&#038;p=32793"},"modified":"2025-12-25T09:12:25","modified_gmt":"2025-12-25T02:12:25","slug":"moc-101982-the-mask-brickheadz-with-162-pieces","status":"publish","type":"product","link":"https:\/\/mouldking.store\/de\/shop\/moc-101982-the-mask-brickheadz-with-162-pieces\/","title":{"rendered":"MOC-101982 Die Maske \u2013 Brickheadz mit 162 Teilen"},"content":{"rendered":"<p>Produktinformation:<\/p>\n<ol>\n<li>Marke: MOC<\/li>\n<li>Geschlecht: Unisex<\/li>\n<li>Name: The Mask \u2013 Brickheadz<\/li>\n<li>Altersspanne: &gt; 6 Jahre alt<\/li>\n<li>Model Number: C9084<\/li>\n<li>Einstufung: Assemblage<\/li>\n<li>Kunststoffblockform: Selbstsichernde Steine<\/li>\n<li>Material: Kunststoff<\/li>\n<li>Kunststofftyp: ABS<\/li>\n<li>Bricks Blocks: 162 PCS<\/li>\n<li>Dimensions: 8 x 6.4 x 9.6 cm<\/li>\n<li>Gewicht: 0,09 kg<\/li>\n<li>Enth\u00e4lt eine ausf\u00fchrliche Montageanleitung.<\/li>\n<\/ol>\n<p>Notiz:<br \/>\n1. Ohne Originalverpackung, aber wir garantieren, dass unsere Produkte eine Qualit\u00e4tssicherung und eine sch\u00f6ne Verpackung haben.<br \/>\n2. Wie alle Teile, die wir vor dem Versand \u00fcberpr\u00fcft haben, machen Sie sich keine Sorgen, wenn Sie feststellen, dass einige Teile fehlen oder besch\u00e4digt sind, und kontaktieren Sie uns einfach, und wir k\u00f6nnen sie Ihnen umgehend kostenlos erneut zusenden.<\/p>\n<p>&nbsp;<\/p>\n<figure id=\"attachment_32795\" aria-describedby=\"caption-attachment-32795\" style=\"width: 800px\" class=\"wp-caption aligncenter\"><img fetchpriority=\"high\" decoding=\"async\" class=\"wp-image-32795 size-full\" src=\"https:\/\/mouldking.store\/wp-content\/uploads\/2022\/09\/Movie-MOC-101982-The-Mask-Brickheadz-MOCBRICKLAND-3.jpg\" alt=\"MOC-101982 The Mask \u2013 Brickheadz with 162 Pieces\" width=\"800\" height=\"800\" title=\"-\" srcset=\"https:\/\/mouldking.store\/wp-content\/uploads\/2022\/09\/Movie-MOC-101982-The-Mask-Brickheadz-MOCBRICKLAND-3.jpg 800w, https:\/\/mouldking.store\/wp-content\/uploads\/2022\/09\/Movie-MOC-101982-The-Mask-Brickheadz-MOCBRICKLAND-3-300x300.jpg 300w, https:\/\/mouldking.store\/wp-content\/uploads\/2022\/09\/Movie-MOC-101982-The-Mask-Brickheadz-MOCBRICKLAND-3-768x768.jpg 768w, https:\/\/mouldking.store\/wp-content\/uploads\/2022\/09\/Movie-MOC-101982-The-Mask-Brickheadz-MOCBRICKLAND-3-600x600.jpg 600w, https:\/\/mouldking.store\/wp-content\/uploads\/2022\/09\/Movie-MOC-101982-The-Mask-Brickheadz-MOCBRICKLAND-3-150x150.jpg 150w, https:\/\/mouldking.store\/wp-content\/uploads\/2022\/09\/Movie-MOC-101982-The-Mask-Brickheadz-MOCBRICKLAND-3-60x60.jpg 60w, https:\/\/mouldking.store\/wp-content\/uploads\/2022\/09\/Movie-MOC-101982-The-Mask-Brickheadz-MOCBRICKLAND-3-90x90.jpg 90w\" sizes=\"(max-width: 800px) 100vw, 800px\" \/><figcaption id=\"caption-attachment-32795\" class=\"wp-caption-text\">MOC-101982 Die Maske \u2013 Brickheadz mit 162 Teilen<\/figcaption><\/figure>\n<figure id=\"attachment_32796\" aria-describedby=\"caption-attachment-32796\" style=\"width: 800px\" class=\"wp-caption aligncenter\"><img decoding=\"async\" class=\"wp-image-32796 size-full\" src=\"https:\/\/mouldking.store\/wp-content\/uploads\/2022\/09\/Movie-MOC-101982-The-Mask-Brickheadz-MOCBRICKLAND-2.jpg\" alt=\"MOC-101982 The Mask \u2013 Brickheadz with 162 Pieces\" width=\"800\" height=\"800\" title=\"-\" srcset=\"https:\/\/mouldking.store\/wp-content\/uploads\/2022\/09\/Movie-MOC-101982-The-Mask-Brickheadz-MOCBRICKLAND-2.jpg 800w, https:\/\/mouldking.store\/wp-content\/uploads\/2022\/09\/Movie-MOC-101982-The-Mask-Brickheadz-MOCBRICKLAND-2-300x300.jpg 300w, https:\/\/mouldking.store\/wp-content\/uploads\/2022\/09\/Movie-MOC-101982-The-Mask-Brickheadz-MOCBRICKLAND-2-768x768.jpg 768w, https:\/\/mouldking.store\/wp-content\/uploads\/2022\/09\/Movie-MOC-101982-The-Mask-Brickheadz-MOCBRICKLAND-2-600x600.jpg 600w, https:\/\/mouldking.store\/wp-content\/uploads\/2022\/09\/Movie-MOC-101982-The-Mask-Brickheadz-MOCBRICKLAND-2-150x150.jpg 150w, https:\/\/mouldking.store\/wp-content\/uploads\/2022\/09\/Movie-MOC-101982-The-Mask-Brickheadz-MOCBRICKLAND-2-60x60.jpg 60w, https:\/\/mouldking.store\/wp-content\/uploads\/2022\/09\/Movie-MOC-101982-The-Mask-Brickheadz-MOCBRICKLAND-2-90x90.jpg 90w\" sizes=\"(max-width: 800px) 100vw, 800px\" \/><figcaption id=\"caption-attachment-32796\" class=\"wp-caption-text\">MOC-101982 Die Maske \u2013 Brickheadz mit 162 Teilen<\/figcaption><\/figure>\n<figure id=\"attachment_32794\" aria-describedby=\"caption-attachment-32794\" style=\"width: 800px\" class=\"wp-caption aligncenter\"><img decoding=\"async\" class=\"wp-image-32794 size-full\" src=\"https:\/\/mouldking.store\/wp-content\/uploads\/2022\/09\/Movie-MOC-101982-The-Mask-Brickheadz-MOCBRICKLAND-4.jpg\" alt=\"MOC-101982 The Mask \u2013 Brickheadz with 162 Pieces\" width=\"800\" height=\"800\" title=\"-\" srcset=\"https:\/\/mouldking.store\/wp-content\/uploads\/2022\/09\/Movie-MOC-101982-The-Mask-Brickheadz-MOCBRICKLAND-4.jpg 800w, https:\/\/mouldking.store\/wp-content\/uploads\/2022\/09\/Movie-MOC-101982-The-Mask-Brickheadz-MOCBRICKLAND-4-300x300.jpg 300w, https:\/\/mouldking.store\/wp-content\/uploads\/2022\/09\/Movie-MOC-101982-The-Mask-Brickheadz-MOCBRICKLAND-4-768x768.jpg 768w, https:\/\/mouldking.store\/wp-content\/uploads\/2022\/09\/Movie-MOC-101982-The-Mask-Brickheadz-MOCBRICKLAND-4-600x600.jpg 600w, https:\/\/mouldking.store\/wp-content\/uploads\/2022\/09\/Movie-MOC-101982-The-Mask-Brickheadz-MOCBRICKLAND-4-150x150.jpg 150w, https:\/\/mouldking.store\/wp-content\/uploads\/2022\/09\/Movie-MOC-101982-The-Mask-Brickheadz-MOCBRICKLAND-4-60x60.jpg 60w, https:\/\/mouldking.store\/wp-content\/uploads\/2022\/09\/Movie-MOC-101982-The-Mask-Brickheadz-MOCBRICKLAND-4-90x90.jpg 90w\" sizes=\"(max-width: 800px) 100vw, 800px\" \/><figcaption id=\"caption-attachment-32794\" class=\"wp-caption-text\">MOC-101982 Die Maske \u2013 Brickheadz mit 162 Teilen<\/figcaption><\/figure>\n<figure id=\"attachment_32797\" aria-describedby=\"caption-attachment-32797\" style=\"width: 800px\" class=\"wp-caption aligncenter\"><img loading=\"lazy\" decoding=\"async\" class=\"wp-image-32797 size-full\" src=\"https:\/\/mouldking.store\/wp-content\/uploads\/2022\/09\/Movie-MOC-101982-The-Mask-Brickheadz-MOCBRICKLAND-1.jpg\" alt=\"MOC-101982 The Mask \u2013 Brickheadz with 162 Pieces\" width=\"800\" height=\"1150\" title=\"-\" srcset=\"https:\/\/mouldking.store\/wp-content\/uploads\/2022\/09\/Movie-MOC-101982-The-Mask-Brickheadz-MOCBRICKLAND-1.jpg 800w, https:\/\/mouldking.store\/wp-content\/uploads\/2022\/09\/Movie-MOC-101982-The-Mask-Brickheadz-MOCBRICKLAND-1-209x300.jpg 209w, https:\/\/mouldking.store\/wp-content\/uploads\/2022\/09\/Movie-MOC-101982-The-Mask-Brickheadz-MOCBRICKLAND-1-712x1024.jpg 712w, https:\/\/mouldking.store\/wp-content\/uploads\/2022\/09\/Movie-MOC-101982-The-Mask-Brickheadz-MOCBRICKLAND-1-768x1104.jpg 768w, https:\/\/mouldking.store\/wp-content\/uploads\/2022\/09\/Movie-MOC-101982-The-Mask-Brickheadz-MOCBRICKLAND-1-300x431.jpg 300w, https:\/\/mouldking.store\/wp-content\/uploads\/2022\/09\/Movie-MOC-101982-The-Mask-Brickheadz-MOCBRICKLAND-1-600x863.jpg 600w, https:\/\/mouldking.store\/wp-content\/uploads\/2022\/09\/Movie-MOC-101982-The-Mask-Brickheadz-MOCBRICKLAND-1-104x150.jpg 104w, https:\/\/mouldking.store\/wp-content\/uploads\/2022\/09\/Movie-MOC-101982-The-Mask-Brickheadz-MOCBRICKLAND-1-42x60.jpg 42w, https:\/\/mouldking.store\/wp-content\/uploads\/2022\/09\/Movie-MOC-101982-The-Mask-Brickheadz-MOCBRICKLAND-1-63x90.jpg 63w\" sizes=\"(max-width: 800px) 100vw, 800px\" \/><figcaption id=\"caption-attachment-32797\" class=\"wp-caption-text\">MOC-101982 Die Maske \u2013 Brickheadz mit 162 Teilen<\/figcaption><\/figure>","protected":false},"excerpt":{"rendered":"<p>Produktinformationen: Marke: MOC Geschlecht: Unisex Name: The Mask \u2013 Brickheadz Altersgruppe: &gt; 6 Jahre Modellnummer: C9084 Klassifizierung: Assemblage Plastic Block Form: Selbstsichernde Steine Material: Kunststoff Kunststofftyp: ABS Bricks Blocks: 162 PCS Abmessungen : 8 x 6,4 x 9,6 cm Gewicht: 0,09 kg Enth\u00e4lt eine ausf\u00fchrliche Aufbauanleitung. Hinweis: 1. Ohne Original [\u2026]<\/p>","protected":false},"featured_media":32796,"comment_status":"closed","ping_status":"closed","template":"","meta":{"_acf_changed":false},"product_cat":[581],"product_tag":[6010,6009,6012,6011],"class_list":["product","first","instock","shipping-taxable","purchasable","product-type-simple"],"acf":[],"_links":{"self":[{"href":"https:\/\/mouldking.store\/de\/wp-json\/wp\/v2\/product\/32793","targetHints":{"allow":["GET"]}}],"collection":[{"href":"https:\/\/mouldking.store\/de\/wp-json\/wp\/v2\/product"}],"about":[{"href":"https:\/\/mouldking.store\/de\/wp-json\/wp\/v2\/types\/product"}],"replies":[{"embeddable":true,"href":"https:\/\/mouldking.store\/de\/wp-json\/wp\/v2\/comments?post=32793"}],"wp:featuredmedia":[{"embeddable":true,"href":"https:\/\/mouldking.store\/de\/wp-json\/wp\/v2\/media\/32796"}],"wp:attachment":[{"href":"https:\/\/mouldking.store\/de\/wp-json\/wp\/v2\/media?parent=32793"}],"wp:term":[{"taxonomy":"product_cat","embeddable":true,"href":"https:\/\/mouldking.store\/de\/wp-json\/wp\/v2\/product_cat?post=32793"},{"taxonomy":"product_tag","embeddable":true,"href":"https:\/\/mouldking.store\/de\/wp-json\/wp\/v2\/product_tag?post=32793"}],"curies":[{"name":"wp","href":"https:\/\/api.w.org\/{rel}","templated":true}]}}