{"id":32919,"date":"2022-10-11T10:50:12","date_gmt":"2022-10-11T03:50:12","guid":{"rendered":"https:\/\/mouldking.store\/?post_type=product&#038;p=32919"},"modified":"2023-02-02T19:13:19","modified_gmt":"2023-02-02T12:13:19","slug":"tuole-6009-ironman-mechanical-mk85-with-1290-pieces","status":"publish","type":"product","link":"https:\/\/mouldking.store\/de\/shop\/tuole-6009-ironman-mechanical-mk85-with-1290-pieces\/","title":{"rendered":"TUOLE 6009 IRONMAN Mechanical MK85 mit 1290 Teilen"},"content":{"rendered":"<p>Produktinformation:<\/p>\n<ol>\n<li>Marke: TUOL<\/li>\n<li>Geschlecht: Unisex<\/li>\n<li>Name: IRONMAN Mechanical MK85<\/li>\n<li>Altersspanne: &gt; 6 Jahre alt<\/li>\n<li>Model Number: 6009<\/li>\n<li>Einstufung: Assemblage<\/li>\n<li>Kunststoffblockform: Selbstsichernde Steine<\/li>\n<li>Material: Kunststoff<\/li>\n<li>Kunststofftyp: ABS<\/li>\n<li>Bricks Blocks: 1290\u00a0PCS<\/li>\n<li>Enth\u00e4lt eine ausf\u00fchrliche Montageanleitung.<\/li>\n<\/ol>\n<p>Notiz:<br \/>\n1. Ohne Originalverpackung, aber wir garantieren, dass unsere Produkte eine Qualit\u00e4tssicherung und eine sch\u00f6ne Verpackung haben.<br \/>\n2. Wie alle Teile, die wir vor dem Versand \u00fcberpr\u00fcft haben, machen Sie sich keine Sorgen, wenn Sie feststellen, dass einige Teile fehlen oder besch\u00e4digt sind, und kontaktieren Sie uns einfach, und wir k\u00f6nnen sie Ihnen umgehend kostenlos erneut zusenden.<\/p>\n<p>&nbsp;<\/p>\n<figure id=\"attachment_32934\" aria-describedby=\"caption-attachment-32934\" style=\"width: 800px\" class=\"wp-caption aligncenter\"><img fetchpriority=\"high\" decoding=\"async\" class=\"wp-image-32934 size-full\" src=\"https:\/\/mouldking.store\/wp-content\/uploads\/2022\/10\/Movie-TUOLE-6009-IRONMAN-Mechanical-MK85-15.jpg\" alt=\"TUOLE 6009 IRONMAN Mechanical MK85 with 1290 Pieces\" width=\"800\" height=\"800\" title=\"-\" srcset=\"https:\/\/mouldking.store\/wp-content\/uploads\/2022\/10\/Movie-TUOLE-6009-IRONMAN-Mechanical-MK85-15.jpg 800w, https:\/\/mouldking.store\/wp-content\/uploads\/2022\/10\/Movie-TUOLE-6009-IRONMAN-Mechanical-MK85-15-300x300.jpg 300w, https:\/\/mouldking.store\/wp-content\/uploads\/2022\/10\/Movie-TUOLE-6009-IRONMAN-Mechanical-MK85-15-768x768.jpg 768w, https:\/\/mouldking.store\/wp-content\/uploads\/2022\/10\/Movie-TUOLE-6009-IRONMAN-Mechanical-MK85-15-600x600.jpg 600w, https:\/\/mouldking.store\/wp-content\/uploads\/2022\/10\/Movie-TUOLE-6009-IRONMAN-Mechanical-MK85-15-150x150.jpg 150w, https:\/\/mouldking.store\/wp-content\/uploads\/2022\/10\/Movie-TUOLE-6009-IRONMAN-Mechanical-MK85-15-60x60.jpg 60w, https:\/\/mouldking.store\/wp-content\/uploads\/2022\/10\/Movie-TUOLE-6009-IRONMAN-Mechanical-MK85-15-90x90.jpg 90w\" sizes=\"(max-width: 800px) 100vw, 800px\" \/><figcaption id=\"caption-attachment-32934\" class=\"wp-caption-text\">TUOLE 6009 IRONMAN Mechanical MK85 mit 1290 Teilen<\/figcaption><\/figure>\n<figure id=\"attachment_32932\" aria-describedby=\"caption-attachment-32932\" style=\"width: 800px\" class=\"wp-caption aligncenter\"><img decoding=\"async\" class=\"wp-image-32932 size-full\" src=\"https:\/\/mouldking.store\/wp-content\/uploads\/2022\/10\/Movie-TUOLE-6009-IRONMAN-Mechanical-MK85-13.jpg\" alt=\"TUOLE 6009 IRONMAN Mechanical MK85 with 1290 Pieces\" width=\"800\" height=\"800\" title=\"-\" srcset=\"https:\/\/mouldking.store\/wp-content\/uploads\/2022\/10\/Movie-TUOLE-6009-IRONMAN-Mechanical-MK85-13.jpg 800w, https:\/\/mouldking.store\/wp-content\/uploads\/2022\/10\/Movie-TUOLE-6009-IRONMAN-Mechanical-MK85-13-300x300.jpg 300w, https:\/\/mouldking.store\/wp-content\/uploads\/2022\/10\/Movie-TUOLE-6009-IRONMAN-Mechanical-MK85-13-768x768.jpg 768w, https:\/\/mouldking.store\/wp-content\/uploads\/2022\/10\/Movie-TUOLE-6009-IRONMAN-Mechanical-MK85-13-600x600.jpg 600w, https:\/\/mouldking.store\/wp-content\/uploads\/2022\/10\/Movie-TUOLE-6009-IRONMAN-Mechanical-MK85-13-150x150.jpg 150w, https:\/\/mouldking.store\/wp-content\/uploads\/2022\/10\/Movie-TUOLE-6009-IRONMAN-Mechanical-MK85-13-60x60.jpg 60w, https:\/\/mouldking.store\/wp-content\/uploads\/2022\/10\/Movie-TUOLE-6009-IRONMAN-Mechanical-MK85-13-90x90.jpg 90w\" sizes=\"(max-width: 800px) 100vw, 800px\" \/><figcaption id=\"caption-attachment-32932\" class=\"wp-caption-text\">TUOLE 6009 IRONMAN Mechanical MK85 mit 1290 Teilen<\/figcaption><\/figure>\n<figure id=\"attachment_32920\" aria-describedby=\"caption-attachment-32920\" style=\"width: 800px\" class=\"wp-caption aligncenter\"><img decoding=\"async\" class=\"wp-image-32920 size-full\" src=\"https:\/\/mouldking.store\/wp-content\/uploads\/2022\/10\/Movie-TUOLE-6009-IRONMAN-Mechanical-MK85-1.jpg\" alt=\"TUOLE 6009 IRONMAN Mechanical MK85 with 1290 Pieces\" width=\"800\" height=\"800\" title=\"-\" srcset=\"https:\/\/mouldking.store\/wp-content\/uploads\/2022\/10\/Movie-TUOLE-6009-IRONMAN-Mechanical-MK85-1.jpg 800w, https:\/\/mouldking.store\/wp-content\/uploads\/2022\/10\/Movie-TUOLE-6009-IRONMAN-Mechanical-MK85-1-300x300.jpg 300w, https:\/\/mouldking.store\/wp-content\/uploads\/2022\/10\/Movie-TUOLE-6009-IRONMAN-Mechanical-MK85-1-768x768.jpg 768w, https:\/\/mouldking.store\/wp-content\/uploads\/2022\/10\/Movie-TUOLE-6009-IRONMAN-Mechanical-MK85-1-600x600.jpg 600w, https:\/\/mouldking.store\/wp-content\/uploads\/2022\/10\/Movie-TUOLE-6009-IRONMAN-Mechanical-MK85-1-150x150.jpg 150w, https:\/\/mouldking.store\/wp-content\/uploads\/2022\/10\/Movie-TUOLE-6009-IRONMAN-Mechanical-MK85-1-60x60.jpg 60w, https:\/\/mouldking.store\/wp-content\/uploads\/2022\/10\/Movie-TUOLE-6009-IRONMAN-Mechanical-MK85-1-90x90.jpg 90w\" sizes=\"(max-width: 800px) 100vw, 800px\" \/><figcaption id=\"caption-attachment-32920\" class=\"wp-caption-text\">TUOLE 6009 IRONMAN Mechanical MK85 mit 1290 Teilen<\/figcaption><\/figure>\n<figure id=\"attachment_32930\" aria-describedby=\"caption-attachment-32930\" style=\"width: 473px\" class=\"wp-caption aligncenter\"><img loading=\"lazy\" decoding=\"async\" class=\"wp-image-32930 size-full\" src=\"https:\/\/mouldking.store\/wp-content\/uploads\/2022\/10\/Movie-TUOLE-6009-IRONMAN-Mechanical-MK85-11.jpg\" alt=\"TUOLE 6009 IRONMAN Mechanical MK85 with 1290 Pieces\" width=\"473\" height=\"1024\" title=\"-\" srcset=\"https:\/\/mouldking.store\/wp-content\/uploads\/2022\/10\/Movie-TUOLE-6009-IRONMAN-Mechanical-MK85-11.jpg 473w, https:\/\/mouldking.store\/wp-content\/uploads\/2022\/10\/Movie-TUOLE-6009-IRONMAN-Mechanical-MK85-11-139x300.jpg 139w, https:\/\/mouldking.store\/wp-content\/uploads\/2022\/10\/Movie-TUOLE-6009-IRONMAN-Mechanical-MK85-11-300x649.jpg 300w, https:\/\/mouldking.store\/wp-content\/uploads\/2022\/10\/Movie-TUOLE-6009-IRONMAN-Mechanical-MK85-11-69x150.jpg 69w, https:\/\/mouldking.store\/wp-content\/uploads\/2022\/10\/Movie-TUOLE-6009-IRONMAN-Mechanical-MK85-11-28x60.jpg 28w, https:\/\/mouldking.store\/wp-content\/uploads\/2022\/10\/Movie-TUOLE-6009-IRONMAN-Mechanical-MK85-11-42x90.jpg 42w\" sizes=\"(max-width: 473px) 100vw, 473px\" \/><figcaption id=\"caption-attachment-32930\" class=\"wp-caption-text\">TUOLE 6009 IRONMAN Mechanical MK85 mit 1290 Teilen<\/figcaption><\/figure>\n<figure id=\"attachment_32925\" aria-describedby=\"caption-attachment-32925\" style=\"width: 446px\" class=\"wp-caption aligncenter\"><img loading=\"lazy\" decoding=\"async\" class=\"wp-image-32925 size-full\" src=\"https:\/\/mouldking.store\/wp-content\/uploads\/2022\/10\/Movie-TUOLE-6009-IRONMAN-Mechanical-MK85-6.jpg\" alt=\"TUOLE 6009 IRONMAN Mechanical MK85 with 1290 Pieces\" width=\"446\" height=\"1024\" title=\"-\" srcset=\"https:\/\/mouldking.store\/wp-content\/uploads\/2022\/10\/Movie-TUOLE-6009-IRONMAN-Mechanical-MK85-6.jpg 446w, https:\/\/mouldking.store\/wp-content\/uploads\/2022\/10\/Movie-TUOLE-6009-IRONMAN-Mechanical-MK85-6-131x300.jpg 131w, https:\/\/mouldking.store\/wp-content\/uploads\/2022\/10\/Movie-TUOLE-6009-IRONMAN-Mechanical-MK85-6-300x689.jpg 300w, https:\/\/mouldking.store\/wp-content\/uploads\/2022\/10\/Movie-TUOLE-6009-IRONMAN-Mechanical-MK85-6-65x150.jpg 65w, https:\/\/mouldking.store\/wp-content\/uploads\/2022\/10\/Movie-TUOLE-6009-IRONMAN-Mechanical-MK85-6-26x60.jpg 26w, https:\/\/mouldking.store\/wp-content\/uploads\/2022\/10\/Movie-TUOLE-6009-IRONMAN-Mechanical-MK85-6-39x90.jpg 39w\" sizes=\"(max-width: 446px) 100vw, 446px\" \/><figcaption id=\"caption-attachment-32925\" class=\"wp-caption-text\">TUOLE 6009 IRONMAN Mechanical MK85 mit 1290 Teilen<\/figcaption><\/figure>\n<figure id=\"attachment_32924\" aria-describedby=\"caption-attachment-32924\" style=\"width: 398px\" class=\"wp-caption aligncenter\"><img loading=\"lazy\" decoding=\"async\" class=\"wp-image-32924 size-full\" src=\"https:\/\/mouldking.store\/wp-content\/uploads\/2022\/10\/Movie-TUOLE-6009-IRONMAN-Mechanical-MK85-5.jpg\" alt=\"TUOLE 6009 IRONMAN Mechanical MK85 with 1290 Pieces\" width=\"398\" height=\"1024\" title=\"-\" srcset=\"https:\/\/mouldking.store\/wp-content\/uploads\/2022\/10\/Movie-TUOLE-6009-IRONMAN-Mechanical-MK85-5.jpg 398w, https:\/\/mouldking.store\/wp-content\/uploads\/2022\/10\/Movie-TUOLE-6009-IRONMAN-Mechanical-MK85-5-117x300.jpg 117w, https:\/\/mouldking.store\/wp-content\/uploads\/2022\/10\/Movie-TUOLE-6009-IRONMAN-Mechanical-MK85-5-300x772.jpg 300w, https:\/\/mouldking.store\/wp-content\/uploads\/2022\/10\/Movie-TUOLE-6009-IRONMAN-Mechanical-MK85-5-58x150.jpg 58w, https:\/\/mouldking.store\/wp-content\/uploads\/2022\/10\/Movie-TUOLE-6009-IRONMAN-Mechanical-MK85-5-23x60.jpg 23w, https:\/\/mouldking.store\/wp-content\/uploads\/2022\/10\/Movie-TUOLE-6009-IRONMAN-Mechanical-MK85-5-35x90.jpg 35w\" sizes=\"(max-width: 398px) 100vw, 398px\" \/><figcaption id=\"caption-attachment-32924\" class=\"wp-caption-text\">TUOLE 6009 IRONMAN Mechanical MK85 mit 1290 Teilen<\/figcaption><\/figure>\n<figure id=\"attachment_32928\" aria-describedby=\"caption-attachment-32928\" style=\"width: 514px\" class=\"wp-caption aligncenter\"><img loading=\"lazy\" decoding=\"async\" class=\"wp-image-32928 size-full\" src=\"https:\/\/mouldking.store\/wp-content\/uploads\/2022\/10\/Movie-TUOLE-6009-IRONMAN-Mechanical-MK85-9.jpg\" alt=\"TUOLE 6009 IRONMAN Mechanical MK85 with 1290 Pieces\" width=\"514\" height=\"1024\" title=\"-\" srcset=\"https:\/\/mouldking.store\/wp-content\/uploads\/2022\/10\/Movie-TUOLE-6009-IRONMAN-Mechanical-MK85-9.jpg 514w, https:\/\/mouldking.store\/wp-content\/uploads\/2022\/10\/Movie-TUOLE-6009-IRONMAN-Mechanical-MK85-9-151x300.jpg 151w, https:\/\/mouldking.store\/wp-content\/uploads\/2022\/10\/Movie-TUOLE-6009-IRONMAN-Mechanical-MK85-9-300x598.jpg 300w, https:\/\/mouldking.store\/wp-content\/uploads\/2022\/10\/Movie-TUOLE-6009-IRONMAN-Mechanical-MK85-9-75x150.jpg 75w, https:\/\/mouldking.store\/wp-content\/uploads\/2022\/10\/Movie-TUOLE-6009-IRONMAN-Mechanical-MK85-9-30x60.jpg 30w, https:\/\/mouldking.store\/wp-content\/uploads\/2022\/10\/Movie-TUOLE-6009-IRONMAN-Mechanical-MK85-9-45x90.jpg 45w\" sizes=\"(max-width: 514px) 100vw, 514px\" \/><figcaption id=\"caption-attachment-32928\" class=\"wp-caption-text\">TUOLE 6009 IRONMAN Mechanical MK85 mit 1290 Teilen<\/figcaption><\/figure>\n<figure id=\"attachment_32927\" aria-describedby=\"caption-attachment-32927\" style=\"width: 724px\" class=\"wp-caption aligncenter\"><img loading=\"lazy\" decoding=\"async\" class=\"wp-image-32927 size-full\" src=\"https:\/\/mouldking.store\/wp-content\/uploads\/2022\/10\/Movie-TUOLE-6009-IRONMAN-Mechanical-MK85-8.jpg\" alt=\"TUOLE 6009 IRONMAN Mechanical MK85 with 1290 Pieces\" width=\"724\" height=\"1024\" title=\"-\" srcset=\"https:\/\/mouldking.store\/wp-content\/uploads\/2022\/10\/Movie-TUOLE-6009-IRONMAN-Mechanical-MK85-8.jpg 724w, https:\/\/mouldking.store\/wp-content\/uploads\/2022\/10\/Movie-TUOLE-6009-IRONMAN-Mechanical-MK85-8-212x300.jpg 212w, https:\/\/mouldking.store\/wp-content\/uploads\/2022\/10\/Movie-TUOLE-6009-IRONMAN-Mechanical-MK85-8-300x424.jpg 300w, https:\/\/mouldking.store\/wp-content\/uploads\/2022\/10\/Movie-TUOLE-6009-IRONMAN-Mechanical-MK85-8-600x849.jpg 600w, https:\/\/mouldking.store\/wp-content\/uploads\/2022\/10\/Movie-TUOLE-6009-IRONMAN-Mechanical-MK85-8-106x150.jpg 106w, https:\/\/mouldking.store\/wp-content\/uploads\/2022\/10\/Movie-TUOLE-6009-IRONMAN-Mechanical-MK85-8-42x60.jpg 42w, https:\/\/mouldking.store\/wp-content\/uploads\/2022\/10\/Movie-TUOLE-6009-IRONMAN-Mechanical-MK85-8-64x90.jpg 64w\" sizes=\"(max-width: 724px) 100vw, 724px\" \/><figcaption id=\"caption-attachment-32927\" class=\"wp-caption-text\">TUOLE 6009 IRONMAN Mechanical MK85 mit 1290 Teilen<\/figcaption><\/figure>\n<figure id=\"attachment_32923\" aria-describedby=\"caption-attachment-32923\" style=\"width: 525px\" class=\"wp-caption aligncenter\"><img loading=\"lazy\" decoding=\"async\" class=\"wp-image-32923 size-full\" src=\"https:\/\/mouldking.store\/wp-content\/uploads\/2022\/10\/Movie-TUOLE-6009-IRONMAN-Mechanical-MK85-4.jpg\" alt=\"TUOLE 6009 IRONMAN Mechanical MK85 with 1290 Pieces\" width=\"525\" height=\"1024\" title=\"-\" srcset=\"https:\/\/mouldking.store\/wp-content\/uploads\/2022\/10\/Movie-TUOLE-6009-IRONMAN-Mechanical-MK85-4.jpg 525w, https:\/\/mouldking.store\/wp-content\/uploads\/2022\/10\/Movie-TUOLE-6009-IRONMAN-Mechanical-MK85-4-154x300.jpg 154w, https:\/\/mouldking.store\/wp-content\/uploads\/2022\/10\/Movie-TUOLE-6009-IRONMAN-Mechanical-MK85-4-300x585.jpg 300w, https:\/\/mouldking.store\/wp-content\/uploads\/2022\/10\/Movie-TUOLE-6009-IRONMAN-Mechanical-MK85-4-77x150.jpg 77w, https:\/\/mouldking.store\/wp-content\/uploads\/2022\/10\/Movie-TUOLE-6009-IRONMAN-Mechanical-MK85-4-31x60.jpg 31w, https:\/\/mouldking.store\/wp-content\/uploads\/2022\/10\/Movie-TUOLE-6009-IRONMAN-Mechanical-MK85-4-46x90.jpg 46w\" sizes=\"(max-width: 525px) 100vw, 525px\" \/><figcaption id=\"caption-attachment-32923\" class=\"wp-caption-text\">TUOLE 6009 IRONMAN Mechanical MK85 mit 1290 Teilen<\/figcaption><\/figure>\n<figure id=\"attachment_32926\" aria-describedby=\"caption-attachment-32926\" style=\"width: 500px\" class=\"wp-caption aligncenter\"><img loading=\"lazy\" decoding=\"async\" class=\"wp-image-32926 size-full\" src=\"https:\/\/mouldking.store\/wp-content\/uploads\/2022\/10\/Movie-TUOLE-6009-IRONMAN-Mechanical-MK85-7.jpg\" alt=\"TUOLE 6009 IRONMAN Mechanical MK85 with 1290 Pieces\" width=\"500\" height=\"1024\" title=\"-\" srcset=\"https:\/\/mouldking.store\/wp-content\/uploads\/2022\/10\/Movie-TUOLE-6009-IRONMAN-Mechanical-MK85-7.jpg 500w, https:\/\/mouldking.store\/wp-content\/uploads\/2022\/10\/Movie-TUOLE-6009-IRONMAN-Mechanical-MK85-7-146x300.jpg 146w, https:\/\/mouldking.store\/wp-content\/uploads\/2022\/10\/Movie-TUOLE-6009-IRONMAN-Mechanical-MK85-7-300x614.jpg 300w, https:\/\/mouldking.store\/wp-content\/uploads\/2022\/10\/Movie-TUOLE-6009-IRONMAN-Mechanical-MK85-7-73x150.jpg 73w, https:\/\/mouldking.store\/wp-content\/uploads\/2022\/10\/Movie-TUOLE-6009-IRONMAN-Mechanical-MK85-7-29x60.jpg 29w, https:\/\/mouldking.store\/wp-content\/uploads\/2022\/10\/Movie-TUOLE-6009-IRONMAN-Mechanical-MK85-7-44x90.jpg 44w\" sizes=\"(max-width: 500px) 100vw, 500px\" \/><figcaption id=\"caption-attachment-32926\" class=\"wp-caption-text\">TUOLE 6009 IRONMAN Mechanical MK85 mit 1290 Teilen<\/figcaption><\/figure>\n<figure id=\"attachment_32933\" aria-describedby=\"caption-attachment-32933\" style=\"width: 800px\" class=\"wp-caption aligncenter\"><img loading=\"lazy\" decoding=\"async\" class=\"wp-image-32933 size-full\" src=\"https:\/\/mouldking.store\/wp-content\/uploads\/2022\/10\/Movie-TUOLE-6009-IRONMAN-Mechanical-MK85-14.jpg\" alt=\"TUOLE 6009 IRONMAN Mechanical MK85 with 1290 Pieces\" width=\"800\" height=\"800\" title=\"-\" srcset=\"https:\/\/mouldking.store\/wp-content\/uploads\/2022\/10\/Movie-TUOLE-6009-IRONMAN-Mechanical-MK85-14.jpg 800w, https:\/\/mouldking.store\/wp-content\/uploads\/2022\/10\/Movie-TUOLE-6009-IRONMAN-Mechanical-MK85-14-300x300.jpg 300w, https:\/\/mouldking.store\/wp-content\/uploads\/2022\/10\/Movie-TUOLE-6009-IRONMAN-Mechanical-MK85-14-768x768.jpg 768w, https:\/\/mouldking.store\/wp-content\/uploads\/2022\/10\/Movie-TUOLE-6009-IRONMAN-Mechanical-MK85-14-600x600.jpg 600w, https:\/\/mouldking.store\/wp-content\/uploads\/2022\/10\/Movie-TUOLE-6009-IRONMAN-Mechanical-MK85-14-150x150.jpg 150w, https:\/\/mouldking.store\/wp-content\/uploads\/2022\/10\/Movie-TUOLE-6009-IRONMAN-Mechanical-MK85-14-60x60.jpg 60w, https:\/\/mouldking.store\/wp-content\/uploads\/2022\/10\/Movie-TUOLE-6009-IRONMAN-Mechanical-MK85-14-90x90.jpg 90w\" sizes=\"(max-width: 800px) 100vw, 800px\" \/><figcaption id=\"caption-attachment-32933\" class=\"wp-caption-text\">TUOLE 6009 IRONMAN Mechanical MK85 mit 1290 Teilen<\/figcaption><\/figure>\n<figure id=\"attachment_32929\" aria-describedby=\"caption-attachment-32929\" style=\"width: 693px\" class=\"wp-caption aligncenter\"><img loading=\"lazy\" decoding=\"async\" class=\"wp-image-32929 size-full\" src=\"https:\/\/mouldking.store\/wp-content\/uploads\/2022\/10\/Movie-TUOLE-6009-IRONMAN-Mechanical-MK85-10.jpg\" alt=\"TUOLE 6009 IRONMAN Mechanical MK85 with 1290 Pieces\" width=\"693\" height=\"1024\" title=\"-\" srcset=\"https:\/\/mouldking.store\/wp-content\/uploads\/2022\/10\/Movie-TUOLE-6009-IRONMAN-Mechanical-MK85-10.jpg 693w, https:\/\/mouldking.store\/wp-content\/uploads\/2022\/10\/Movie-TUOLE-6009-IRONMAN-Mechanical-MK85-10-203x300.jpg 203w, https:\/\/mouldking.store\/wp-content\/uploads\/2022\/10\/Movie-TUOLE-6009-IRONMAN-Mechanical-MK85-10-300x443.jpg 300w, https:\/\/mouldking.store\/wp-content\/uploads\/2022\/10\/Movie-TUOLE-6009-IRONMAN-Mechanical-MK85-10-600x887.jpg 600w, https:\/\/mouldking.store\/wp-content\/uploads\/2022\/10\/Movie-TUOLE-6009-IRONMAN-Mechanical-MK85-10-102x150.jpg 102w, https:\/\/mouldking.store\/wp-content\/uploads\/2022\/10\/Movie-TUOLE-6009-IRONMAN-Mechanical-MK85-10-41x60.jpg 41w, https:\/\/mouldking.store\/wp-content\/uploads\/2022\/10\/Movie-TUOLE-6009-IRONMAN-Mechanical-MK85-10-61x90.jpg 61w\" sizes=\"(max-width: 693px) 100vw, 693px\" \/><figcaption id=\"caption-attachment-32929\" class=\"wp-caption-text\">TUOLE 6009 IRONMAN Mechanical MK85 mit 1290 Teilen<\/figcaption><\/figure>\n<figure id=\"attachment_32922\" aria-describedby=\"caption-attachment-32922\" style=\"width: 686px\" class=\"wp-caption aligncenter\"><img loading=\"lazy\" decoding=\"async\" class=\"wp-image-32922 size-full\" src=\"https:\/\/mouldking.store\/wp-content\/uploads\/2022\/10\/Movie-TUOLE-6009-IRONMAN-Mechanical-MK85-3.jpg\" alt=\"TUOLE 6009 IRONMAN Mechanical MK85 with 1290 Pieces\" width=\"686\" height=\"1024\" title=\"-\" srcset=\"https:\/\/mouldking.store\/wp-content\/uploads\/2022\/10\/Movie-TUOLE-6009-IRONMAN-Mechanical-MK85-3.jpg 686w, https:\/\/mouldking.store\/wp-content\/uploads\/2022\/10\/Movie-TUOLE-6009-IRONMAN-Mechanical-MK85-3-201x300.jpg 201w, https:\/\/mouldking.store\/wp-content\/uploads\/2022\/10\/Movie-TUOLE-6009-IRONMAN-Mechanical-MK85-3-300x448.jpg 300w, https:\/\/mouldking.store\/wp-content\/uploads\/2022\/10\/Movie-TUOLE-6009-IRONMAN-Mechanical-MK85-3-600x896.jpg 600w, https:\/\/mouldking.store\/wp-content\/uploads\/2022\/10\/Movie-TUOLE-6009-IRONMAN-Mechanical-MK85-3-100x150.jpg 100w, https:\/\/mouldking.store\/wp-content\/uploads\/2022\/10\/Movie-TUOLE-6009-IRONMAN-Mechanical-MK85-3-40x60.jpg 40w, https:\/\/mouldking.store\/wp-content\/uploads\/2022\/10\/Movie-TUOLE-6009-IRONMAN-Mechanical-MK85-3-60x90.jpg 60w\" sizes=\"(max-width: 686px) 100vw, 686px\" \/><figcaption id=\"caption-attachment-32922\" class=\"wp-caption-text\">TUOLE 6009 IRONMAN Mechanical MK85 mit 1290 Teilen<\/figcaption><\/figure>\n<figure id=\"attachment_32921\" aria-describedby=\"caption-attachment-32921\" style=\"width: 555px\" class=\"wp-caption aligncenter\"><img loading=\"lazy\" decoding=\"async\" class=\"wp-image-32921 size-full\" src=\"https:\/\/mouldking.store\/wp-content\/uploads\/2022\/10\/Movie-TUOLE-6009-IRONMAN-Mechanical-MK85-2.jpg\" alt=\"TUOLE 6009 IRONMAN Mechanical MK85 with 1290 Pieces\" width=\"555\" height=\"1024\" title=\"-\" srcset=\"https:\/\/mouldking.store\/wp-content\/uploads\/2022\/10\/Movie-TUOLE-6009-IRONMAN-Mechanical-MK85-2.jpg 555w, https:\/\/mouldking.store\/wp-content\/uploads\/2022\/10\/Movie-TUOLE-6009-IRONMAN-Mechanical-MK85-2-163x300.jpg 163w, https:\/\/mouldking.store\/wp-content\/uploads\/2022\/10\/Movie-TUOLE-6009-IRONMAN-Mechanical-MK85-2-300x554.jpg 300w, https:\/\/mouldking.store\/wp-content\/uploads\/2022\/10\/Movie-TUOLE-6009-IRONMAN-Mechanical-MK85-2-81x150.jpg 81w, https:\/\/mouldking.store\/wp-content\/uploads\/2022\/10\/Movie-TUOLE-6009-IRONMAN-Mechanical-MK85-2-33x60.jpg 33w, https:\/\/mouldking.store\/wp-content\/uploads\/2022\/10\/Movie-TUOLE-6009-IRONMAN-Mechanical-MK85-2-49x90.jpg 49w\" sizes=\"(max-width: 555px) 100vw, 555px\" \/><figcaption id=\"caption-attachment-32921\" class=\"wp-caption-text\">TUOLE 6009 IRONMAN Mechanical MK85 mit 1290 Teilen<\/figcaption><\/figure>\n<figure id=\"attachment_32931\" aria-describedby=\"caption-attachment-32931\" style=\"width: 800px\" class=\"wp-caption aligncenter\"><img loading=\"lazy\" decoding=\"async\" class=\"wp-image-32931 size-full\" src=\"https:\/\/mouldking.store\/wp-content\/uploads\/2022\/10\/Movie-TUOLE-6009-IRONMAN-Mechanical-MK85-12.jpg\" alt=\"TUOLE 6009 IRONMAN Mechanical MK85 with 1290 Pieces\" width=\"800\" height=\"800\" title=\"-\" srcset=\"https:\/\/mouldking.store\/wp-content\/uploads\/2022\/10\/Movie-TUOLE-6009-IRONMAN-Mechanical-MK85-12.jpg 800w, https:\/\/mouldking.store\/wp-content\/uploads\/2022\/10\/Movie-TUOLE-6009-IRONMAN-Mechanical-MK85-12-300x300.jpg 300w, https:\/\/mouldking.store\/wp-content\/uploads\/2022\/10\/Movie-TUOLE-6009-IRONMAN-Mechanical-MK85-12-768x768.jpg 768w, https:\/\/mouldking.store\/wp-content\/uploads\/2022\/10\/Movie-TUOLE-6009-IRONMAN-Mechanical-MK85-12-600x600.jpg 600w, https:\/\/mouldking.store\/wp-content\/uploads\/2022\/10\/Movie-TUOLE-6009-IRONMAN-Mechanical-MK85-12-150x150.jpg 150w, https:\/\/mouldking.store\/wp-content\/uploads\/2022\/10\/Movie-TUOLE-6009-IRONMAN-Mechanical-MK85-12-60x60.jpg 60w, https:\/\/mouldking.store\/wp-content\/uploads\/2022\/10\/Movie-TUOLE-6009-IRONMAN-Mechanical-MK85-12-90x90.jpg 90w\" sizes=\"(max-width: 800px) 100vw, 800px\" \/><figcaption id=\"caption-attachment-32931\" class=\"wp-caption-text\">TUOLE 6009 IRONMAN Mechanical MK85 mit 1290 Teilen<\/figcaption><\/figure>","protected":false},"excerpt":{"rendered":"<p>Product information: Brand: TUOLE Gender: Unisex Name: IRONMAN Mechanical MK85 Age Range: &gt; 6 years old Model Number: 6009 Classification: Assemblage Plastic Block Shape: Self-Locking Bricks Material: Plastic Plastic Type: ABS Bricks Blocks: 1290\u00a0PCS Contains detailed assembly instructions. Notice: 1. Without an original box, but we guarantee our products have quality assurance and nice packaging. [&hellip;]<\/p>","protected":false},"featured_media":32920,"comment_status":"closed","ping_status":"closed","template":"","meta":{"_acf_changed":false},"product_cat":[581],"product_tag":[1412,6037,6036,6035],"class_list":["product","first","instock","shipping-taxable","purchasable","product-type-simple"],"acf":[],"_links":{"self":[{"href":"https:\/\/mouldking.store\/de\/wp-json\/wp\/v2\/product\/32919","targetHints":{"allow":["GET"]}}],"collection":[{"href":"https:\/\/mouldking.store\/de\/wp-json\/wp\/v2\/product"}],"about":[{"href":"https:\/\/mouldking.store\/de\/wp-json\/wp\/v2\/types\/product"}],"replies":[{"embeddable":true,"href":"https:\/\/mouldking.store\/de\/wp-json\/wp\/v2\/comments?post=32919"}],"wp:featuredmedia":[{"embeddable":true,"href":"https:\/\/mouldking.store\/de\/wp-json\/wp\/v2\/media\/32920"}],"wp:attachment":[{"href":"https:\/\/mouldking.store\/de\/wp-json\/wp\/v2\/media?parent=32919"}],"wp:term":[{"taxonomy":"product_cat","embeddable":true,"href":"https:\/\/mouldking.store\/de\/wp-json\/wp\/v2\/product_cat?post=32919"},{"taxonomy":"product_tag","embeddable":true,"href":"https:\/\/mouldking.store\/de\/wp-json\/wp\/v2\/product_tag?post=32919"}],"curies":[{"name":"wp","href":"https:\/\/api.w.org\/{rel}","templated":true}]}}