{"id":32935,"date":"2022-10-11T10:56:00","date_gmt":"2022-10-11T03:56:00","guid":{"rendered":"https:\/\/mouldking.store\/?post_type=product&#038;p=32935"},"modified":"2022-10-11T10:56:00","modified_gmt":"2022-10-11T03:56:00","slug":"cada-c61073-rc-wwii-classic-panther-tank-with-907-pieces","status":"publish","type":"product","link":"https:\/\/mouldking.store\/de\/shop\/cada-c61073-rc-wwii-classic-panther-tank-with-907-pieces\/","title":{"rendered":"CADA C61073 RC WWII Classic Panther Panzer mit 907 Teilen"},"content":{"rendered":"<p>Produktinformation:<\/p>\n<ol>\n<li>Marke: CADA<\/li>\n<li>Geschlecht: Unisex<\/li>\n<li>Name: RC WWII Classic Panther Tank<\/li>\n<li>Altersspanne: &gt; 6 Jahre alt<\/li>\n<li>Model Number: C61073<\/li>\n<li>Einstufung: Assemblage<\/li>\n<li>Kunststoffblockform: Selbstsichernde Steine<\/li>\n<li>Material: Kunststoff<\/li>\n<li>Kunststofftyp: ABS<\/li>\n<li>Bricks Blocks: 907\u00a0PCS<\/li>\n<li>Enth\u00e4lt eine ausf\u00fchrliche Montageanleitung.<\/li>\n<\/ol>\n<p>Notiz:<br \/>\n1. Ohne Originalverpackung, aber wir garantieren, dass unsere Produkte eine Qualit\u00e4tssicherung und eine sch\u00f6ne Verpackung haben.<br \/>\n2. Wie alle Teile, die wir vor dem Versand \u00fcberpr\u00fcft haben, machen Sie sich keine Sorgen, wenn Sie feststellen, dass einige Teile fehlen oder besch\u00e4digt sind, und kontaktieren Sie uns einfach, und wir k\u00f6nnen sie Ihnen umgehend kostenlos erneut zusenden.<\/p>\n<figure id=\"attachment_32936\" aria-describedby=\"caption-attachment-32936\" style=\"width: 800px\" class=\"wp-caption aligncenter\"><img fetchpriority=\"high\" decoding=\"async\" class=\"wp-image-32936 size-full\" src=\"https:\/\/mouldking.store\/wp-content\/uploads\/2022\/10\/Military-CADA-C61073-RC-WWII-Classic-Panther-Tank-1.jpg\" alt=\"CADA C61073 RC WWII Classic Panther Tank with 907 Pieces\" width=\"800\" height=\"800\" title=\"-\" srcset=\"https:\/\/mouldking.store\/wp-content\/uploads\/2022\/10\/Military-CADA-C61073-RC-WWII-Classic-Panther-Tank-1.jpg 800w, https:\/\/mouldking.store\/wp-content\/uploads\/2022\/10\/Military-CADA-C61073-RC-WWII-Classic-Panther-Tank-1-300x300.jpg 300w, https:\/\/mouldking.store\/wp-content\/uploads\/2022\/10\/Military-CADA-C61073-RC-WWII-Classic-Panther-Tank-1-768x768.jpg 768w, https:\/\/mouldking.store\/wp-content\/uploads\/2022\/10\/Military-CADA-C61073-RC-WWII-Classic-Panther-Tank-1-600x600.jpg 600w, https:\/\/mouldking.store\/wp-content\/uploads\/2022\/10\/Military-CADA-C61073-RC-WWII-Classic-Panther-Tank-1-150x150.jpg 150w, https:\/\/mouldking.store\/wp-content\/uploads\/2022\/10\/Military-CADA-C61073-RC-WWII-Classic-Panther-Tank-1-60x60.jpg 60w, https:\/\/mouldking.store\/wp-content\/uploads\/2022\/10\/Military-CADA-C61073-RC-WWII-Classic-Panther-Tank-1-90x90.jpg 90w\" sizes=\"(max-width: 800px) 100vw, 800px\" \/><figcaption id=\"caption-attachment-32936\" class=\"wp-caption-text\">CADA C61073 RC WWII Classic Panther Panzer mit 907 Teilen<\/figcaption><\/figure>\n<figure id=\"attachment_32947\" aria-describedby=\"caption-attachment-32947\" style=\"width: 800px\" class=\"wp-caption aligncenter\"><img decoding=\"async\" class=\"wp-image-32947 size-full\" src=\"https:\/\/mouldking.store\/wp-content\/uploads\/2022\/10\/Military-CADA-C61073-RC-WWII-Classic-Panther-Tank-12.jpg\" alt=\"CADA C61073 RC WWII Classic Panther Tank with 907 Pieces\" width=\"800\" height=\"800\" title=\"-\" srcset=\"https:\/\/mouldking.store\/wp-content\/uploads\/2022\/10\/Military-CADA-C61073-RC-WWII-Classic-Panther-Tank-12.jpg 800w, https:\/\/mouldking.store\/wp-content\/uploads\/2022\/10\/Military-CADA-C61073-RC-WWII-Classic-Panther-Tank-12-300x300.jpg 300w, https:\/\/mouldking.store\/wp-content\/uploads\/2022\/10\/Military-CADA-C61073-RC-WWII-Classic-Panther-Tank-12-768x768.jpg 768w, https:\/\/mouldking.store\/wp-content\/uploads\/2022\/10\/Military-CADA-C61073-RC-WWII-Classic-Panther-Tank-12-600x600.jpg 600w, https:\/\/mouldking.store\/wp-content\/uploads\/2022\/10\/Military-CADA-C61073-RC-WWII-Classic-Panther-Tank-12-150x150.jpg 150w, https:\/\/mouldking.store\/wp-content\/uploads\/2022\/10\/Military-CADA-C61073-RC-WWII-Classic-Panther-Tank-12-60x60.jpg 60w, https:\/\/mouldking.store\/wp-content\/uploads\/2022\/10\/Military-CADA-C61073-RC-WWII-Classic-Panther-Tank-12-90x90.jpg 90w\" sizes=\"(max-width: 800px) 100vw, 800px\" \/><figcaption id=\"caption-attachment-32947\" class=\"wp-caption-text\">CADA C61073 RC WWII Classic Panther Panzer mit 907 Teilen<\/figcaption><\/figure>\n<figure id=\"attachment_32946\" aria-describedby=\"caption-attachment-32946\" style=\"width: 744px\" class=\"wp-caption aligncenter\"><img decoding=\"async\" class=\"wp-image-32946 size-full\" src=\"https:\/\/mouldking.store\/wp-content\/uploads\/2022\/10\/Military-CADA-C61073-RC-WWII-Classic-Panther-Tank-11.jpg\" alt=\"CADA C61073 RC WWII Classic Panther Tank with 907 Pieces\" width=\"744\" height=\"1024\" title=\"-\" srcset=\"https:\/\/mouldking.store\/wp-content\/uploads\/2022\/10\/Military-CADA-C61073-RC-WWII-Classic-Panther-Tank-11.jpg 744w, https:\/\/mouldking.store\/wp-content\/uploads\/2022\/10\/Military-CADA-C61073-RC-WWII-Classic-Panther-Tank-11-218x300.jpg 218w, https:\/\/mouldking.store\/wp-content\/uploads\/2022\/10\/Military-CADA-C61073-RC-WWII-Classic-Panther-Tank-11-300x413.jpg 300w, https:\/\/mouldking.store\/wp-content\/uploads\/2022\/10\/Military-CADA-C61073-RC-WWII-Classic-Panther-Tank-11-600x826.jpg 600w, https:\/\/mouldking.store\/wp-content\/uploads\/2022\/10\/Military-CADA-C61073-RC-WWII-Classic-Panther-Tank-11-109x150.jpg 109w, https:\/\/mouldking.store\/wp-content\/uploads\/2022\/10\/Military-CADA-C61073-RC-WWII-Classic-Panther-Tank-11-44x60.jpg 44w, https:\/\/mouldking.store\/wp-content\/uploads\/2022\/10\/Military-CADA-C61073-RC-WWII-Classic-Panther-Tank-11-65x90.jpg 65w\" sizes=\"(max-width: 744px) 100vw, 744px\" \/><figcaption id=\"caption-attachment-32946\" class=\"wp-caption-text\">CADA C61073 RC WWII Classic Panther Panzer mit 907 Teilen<\/figcaption><\/figure>\n<figure id=\"attachment_32939\" aria-describedby=\"caption-attachment-32939\" style=\"width: 661px\" class=\"wp-caption aligncenter\"><img loading=\"lazy\" decoding=\"async\" class=\"wp-image-32939 size-full\" src=\"https:\/\/mouldking.store\/wp-content\/uploads\/2022\/10\/Military-CADA-C61073-RC-WWII-Classic-Panther-Tank-4.jpg\" alt=\"CADA C61073 RC WWII Classic Panther Tank with 907 Pieces\" width=\"661\" height=\"1024\" title=\"-\" srcset=\"https:\/\/mouldking.store\/wp-content\/uploads\/2022\/10\/Military-CADA-C61073-RC-WWII-Classic-Panther-Tank-4.jpg 661w, https:\/\/mouldking.store\/wp-content\/uploads\/2022\/10\/Military-CADA-C61073-RC-WWII-Classic-Panther-Tank-4-194x300.jpg 194w, https:\/\/mouldking.store\/wp-content\/uploads\/2022\/10\/Military-CADA-C61073-RC-WWII-Classic-Panther-Tank-4-300x465.jpg 300w, https:\/\/mouldking.store\/wp-content\/uploads\/2022\/10\/Military-CADA-C61073-RC-WWII-Classic-Panther-Tank-4-600x930.jpg 600w, https:\/\/mouldking.store\/wp-content\/uploads\/2022\/10\/Military-CADA-C61073-RC-WWII-Classic-Panther-Tank-4-97x150.jpg 97w, https:\/\/mouldking.store\/wp-content\/uploads\/2022\/10\/Military-CADA-C61073-RC-WWII-Classic-Panther-Tank-4-39x60.jpg 39w, https:\/\/mouldking.store\/wp-content\/uploads\/2022\/10\/Military-CADA-C61073-RC-WWII-Classic-Panther-Tank-4-58x90.jpg 58w\" sizes=\"(max-width: 661px) 100vw, 661px\" \/><figcaption id=\"caption-attachment-32939\" class=\"wp-caption-text\">CADA C61073 RC WWII Classic Panther Panzer mit 907 Teilen<\/figcaption><\/figure>\n<figure id=\"attachment_32944\" aria-describedby=\"caption-attachment-32944\" style=\"width: 558px\" class=\"wp-caption aligncenter\"><img loading=\"lazy\" decoding=\"async\" class=\"wp-image-32944 size-full\" src=\"https:\/\/mouldking.store\/wp-content\/uploads\/2022\/10\/Military-CADA-C61073-RC-WWII-Classic-Panther-Tank-9.jpg\" alt=\"CADA C61073 RC WWII Classic Panther Tank with 907 Pieces\" width=\"558\" height=\"1024\" title=\"-\" srcset=\"https:\/\/mouldking.store\/wp-content\/uploads\/2022\/10\/Military-CADA-C61073-RC-WWII-Classic-Panther-Tank-9.jpg 558w, https:\/\/mouldking.store\/wp-content\/uploads\/2022\/10\/Military-CADA-C61073-RC-WWII-Classic-Panther-Tank-9-163x300.jpg 163w, https:\/\/mouldking.store\/wp-content\/uploads\/2022\/10\/Military-CADA-C61073-RC-WWII-Classic-Panther-Tank-9-300x551.jpg 300w, https:\/\/mouldking.store\/wp-content\/uploads\/2022\/10\/Military-CADA-C61073-RC-WWII-Classic-Panther-Tank-9-82x150.jpg 82w, https:\/\/mouldking.store\/wp-content\/uploads\/2022\/10\/Military-CADA-C61073-RC-WWII-Classic-Panther-Tank-9-33x60.jpg 33w, https:\/\/mouldking.store\/wp-content\/uploads\/2022\/10\/Military-CADA-C61073-RC-WWII-Classic-Panther-Tank-9-49x90.jpg 49w\" sizes=\"(max-width: 558px) 100vw, 558px\" \/><figcaption id=\"caption-attachment-32944\" class=\"wp-caption-text\">CADA C61073 RC WWII Classic Panther Panzer mit 907 Teilen<\/figcaption><\/figure>\n<figure id=\"attachment_32945\" aria-describedby=\"caption-attachment-32945\" style=\"width: 666px\" class=\"wp-caption aligncenter\"><img loading=\"lazy\" decoding=\"async\" class=\"wp-image-32945 size-full\" src=\"https:\/\/mouldking.store\/wp-content\/uploads\/2022\/10\/Military-CADA-C61073-RC-WWII-Classic-Panther-Tank-10.jpg\" alt=\"CADA C61073 RC WWII Classic Panther Tank with 907 Pieces\" width=\"666\" height=\"1024\" title=\"-\" srcset=\"https:\/\/mouldking.store\/wp-content\/uploads\/2022\/10\/Military-CADA-C61073-RC-WWII-Classic-Panther-Tank-10.jpg 666w, https:\/\/mouldking.store\/wp-content\/uploads\/2022\/10\/Military-CADA-C61073-RC-WWII-Classic-Panther-Tank-10-195x300.jpg 195w, https:\/\/mouldking.store\/wp-content\/uploads\/2022\/10\/Military-CADA-C61073-RC-WWII-Classic-Panther-Tank-10-300x461.jpg 300w, https:\/\/mouldking.store\/wp-content\/uploads\/2022\/10\/Military-CADA-C61073-RC-WWII-Classic-Panther-Tank-10-600x923.jpg 600w, https:\/\/mouldking.store\/wp-content\/uploads\/2022\/10\/Military-CADA-C61073-RC-WWII-Classic-Panther-Tank-10-98x150.jpg 98w, https:\/\/mouldking.store\/wp-content\/uploads\/2022\/10\/Military-CADA-C61073-RC-WWII-Classic-Panther-Tank-10-39x60.jpg 39w, https:\/\/mouldking.store\/wp-content\/uploads\/2022\/10\/Military-CADA-C61073-RC-WWII-Classic-Panther-Tank-10-59x90.jpg 59w\" sizes=\"(max-width: 666px) 100vw, 666px\" \/><figcaption id=\"caption-attachment-32945\" class=\"wp-caption-text\">CADA C61073 RC WWII Classic Panther Panzer mit 907 Teilen<\/figcaption><\/figure>\n<figure id=\"attachment_32943\" aria-describedby=\"caption-attachment-32943\" style=\"width: 491px\" class=\"wp-caption aligncenter\"><img loading=\"lazy\" decoding=\"async\" class=\"wp-image-32943 size-full\" src=\"https:\/\/mouldking.store\/wp-content\/uploads\/2022\/10\/Military-CADA-C61073-RC-WWII-Classic-Panther-Tank-8.jpg\" alt=\"CADA C61073 RC WWII Classic Panther Tank with 907 Pieces\" width=\"491\" height=\"1024\" title=\"-\" srcset=\"https:\/\/mouldking.store\/wp-content\/uploads\/2022\/10\/Military-CADA-C61073-RC-WWII-Classic-Panther-Tank-8.jpg 491w, https:\/\/mouldking.store\/wp-content\/uploads\/2022\/10\/Military-CADA-C61073-RC-WWII-Classic-Panther-Tank-8-144x300.jpg 144w, https:\/\/mouldking.store\/wp-content\/uploads\/2022\/10\/Military-CADA-C61073-RC-WWII-Classic-Panther-Tank-8-300x626.jpg 300w, https:\/\/mouldking.store\/wp-content\/uploads\/2022\/10\/Military-CADA-C61073-RC-WWII-Classic-Panther-Tank-8-72x150.jpg 72w, https:\/\/mouldking.store\/wp-content\/uploads\/2022\/10\/Military-CADA-C61073-RC-WWII-Classic-Panther-Tank-8-29x60.jpg 29w, https:\/\/mouldking.store\/wp-content\/uploads\/2022\/10\/Military-CADA-C61073-RC-WWII-Classic-Panther-Tank-8-43x90.jpg 43w\" sizes=\"(max-width: 491px) 100vw, 491px\" \/><figcaption id=\"caption-attachment-32943\" class=\"wp-caption-text\">CADA C61073 RC WWII Classic Panther Panzer mit 907 Teilen<\/figcaption><\/figure>\n<figure id=\"attachment_32941\" aria-describedby=\"caption-attachment-32941\" style=\"width: 800px\" class=\"wp-caption aligncenter\"><img loading=\"lazy\" decoding=\"async\" class=\"wp-image-32941 size-full\" src=\"https:\/\/mouldking.store\/wp-content\/uploads\/2022\/10\/Military-CADA-C61073-RC-WWII-Classic-Panther-Tank-6.jpg\" alt=\"CADA C61073 RC WWII Classic Panther Tank with 907 Pieces\" width=\"800\" height=\"800\" title=\"-\" srcset=\"https:\/\/mouldking.store\/wp-content\/uploads\/2022\/10\/Military-CADA-C61073-RC-WWII-Classic-Panther-Tank-6.jpg 800w, https:\/\/mouldking.store\/wp-content\/uploads\/2022\/10\/Military-CADA-C61073-RC-WWII-Classic-Panther-Tank-6-300x300.jpg 300w, https:\/\/mouldking.store\/wp-content\/uploads\/2022\/10\/Military-CADA-C61073-RC-WWII-Classic-Panther-Tank-6-768x768.jpg 768w, https:\/\/mouldking.store\/wp-content\/uploads\/2022\/10\/Military-CADA-C61073-RC-WWII-Classic-Panther-Tank-6-600x600.jpg 600w, https:\/\/mouldking.store\/wp-content\/uploads\/2022\/10\/Military-CADA-C61073-RC-WWII-Classic-Panther-Tank-6-150x150.jpg 150w, https:\/\/mouldking.store\/wp-content\/uploads\/2022\/10\/Military-CADA-C61073-RC-WWII-Classic-Panther-Tank-6-60x60.jpg 60w, https:\/\/mouldking.store\/wp-content\/uploads\/2022\/10\/Military-CADA-C61073-RC-WWII-Classic-Panther-Tank-6-90x90.jpg 90w\" sizes=\"(max-width: 800px) 100vw, 800px\" \/><figcaption id=\"caption-attachment-32941\" class=\"wp-caption-text\">CADA C61073 RC WWII Classic Panther Panzer mit 907 Teilen<\/figcaption><\/figure>\n<figure id=\"attachment_32940\" aria-describedby=\"caption-attachment-32940\" style=\"width: 517px\" class=\"wp-caption aligncenter\"><img loading=\"lazy\" decoding=\"async\" class=\"wp-image-32940 size-full\" src=\"https:\/\/mouldking.store\/wp-content\/uploads\/2022\/10\/Military-CADA-C61073-RC-WWII-Classic-Panther-Tank-5.jpg\" alt=\"CADA C61073 RC WWII Classic Panther Tank with 907 Pieces\" width=\"517\" height=\"1024\" title=\"-\" srcset=\"https:\/\/mouldking.store\/wp-content\/uploads\/2022\/10\/Military-CADA-C61073-RC-WWII-Classic-Panther-Tank-5.jpg 517w, https:\/\/mouldking.store\/wp-content\/uploads\/2022\/10\/Military-CADA-C61073-RC-WWII-Classic-Panther-Tank-5-151x300.jpg 151w, https:\/\/mouldking.store\/wp-content\/uploads\/2022\/10\/Military-CADA-C61073-RC-WWII-Classic-Panther-Tank-5-300x594.jpg 300w, https:\/\/mouldking.store\/wp-content\/uploads\/2022\/10\/Military-CADA-C61073-RC-WWII-Classic-Panther-Tank-5-76x150.jpg 76w, https:\/\/mouldking.store\/wp-content\/uploads\/2022\/10\/Military-CADA-C61073-RC-WWII-Classic-Panther-Tank-5-30x60.jpg 30w, https:\/\/mouldking.store\/wp-content\/uploads\/2022\/10\/Military-CADA-C61073-RC-WWII-Classic-Panther-Tank-5-45x90.jpg 45w\" sizes=\"(max-width: 517px) 100vw, 517px\" \/><figcaption id=\"caption-attachment-32940\" class=\"wp-caption-text\">CADA C61073 RC WWII Classic Panther Panzer mit 907 Teilen<\/figcaption><\/figure>\n<figure id=\"attachment_32938\" aria-describedby=\"caption-attachment-32938\" style=\"width: 800px\" class=\"wp-caption aligncenter\"><img loading=\"lazy\" decoding=\"async\" class=\"wp-image-32938 size-full\" src=\"https:\/\/mouldking.store\/wp-content\/uploads\/2022\/10\/Military-CADA-C61073-RC-WWII-Classic-Panther-Tank-3.jpg\" alt=\"CADA C61073 RC WWII Classic Panther Tank with 907 Pieces\" width=\"800\" height=\"800\" title=\"-\" srcset=\"https:\/\/mouldking.store\/wp-content\/uploads\/2022\/10\/Military-CADA-C61073-RC-WWII-Classic-Panther-Tank-3.jpg 800w, https:\/\/mouldking.store\/wp-content\/uploads\/2022\/10\/Military-CADA-C61073-RC-WWII-Classic-Panther-Tank-3-300x300.jpg 300w, https:\/\/mouldking.store\/wp-content\/uploads\/2022\/10\/Military-CADA-C61073-RC-WWII-Classic-Panther-Tank-3-768x768.jpg 768w, https:\/\/mouldking.store\/wp-content\/uploads\/2022\/10\/Military-CADA-C61073-RC-WWII-Classic-Panther-Tank-3-600x600.jpg 600w, https:\/\/mouldking.store\/wp-content\/uploads\/2022\/10\/Military-CADA-C61073-RC-WWII-Classic-Panther-Tank-3-150x150.jpg 150w, https:\/\/mouldking.store\/wp-content\/uploads\/2022\/10\/Military-CADA-C61073-RC-WWII-Classic-Panther-Tank-3-60x60.jpg 60w, https:\/\/mouldking.store\/wp-content\/uploads\/2022\/10\/Military-CADA-C61073-RC-WWII-Classic-Panther-Tank-3-90x90.jpg 90w\" sizes=\"(max-width: 800px) 100vw, 800px\" \/><figcaption id=\"caption-attachment-32938\" class=\"wp-caption-text\">CADA C61073 RC WWII Classic Panther Panzer mit 907 Teilen<\/figcaption><\/figure>\n<figure id=\"attachment_32942\" aria-describedby=\"caption-attachment-32942\" style=\"width: 536px\" class=\"wp-caption aligncenter\"><img loading=\"lazy\" decoding=\"async\" class=\"wp-image-32942 size-full\" src=\"https:\/\/mouldking.store\/wp-content\/uploads\/2022\/10\/Military-CADA-C61073-RC-WWII-Classic-Panther-Tank-7.jpg\" alt=\"CADA C61073 RC WWII Classic Panther Tank with 907 Pieces\" width=\"536\" height=\"1024\" title=\"-\" srcset=\"https:\/\/mouldking.store\/wp-content\/uploads\/2022\/10\/Military-CADA-C61073-RC-WWII-Classic-Panther-Tank-7.jpg 536w, https:\/\/mouldking.store\/wp-content\/uploads\/2022\/10\/Military-CADA-C61073-RC-WWII-Classic-Panther-Tank-7-157x300.jpg 157w, https:\/\/mouldking.store\/wp-content\/uploads\/2022\/10\/Military-CADA-C61073-RC-WWII-Classic-Panther-Tank-7-300x573.jpg 300w, https:\/\/mouldking.store\/wp-content\/uploads\/2022\/10\/Military-CADA-C61073-RC-WWII-Classic-Panther-Tank-7-79x150.jpg 79w, https:\/\/mouldking.store\/wp-content\/uploads\/2022\/10\/Military-CADA-C61073-RC-WWII-Classic-Panther-Tank-7-31x60.jpg 31w, https:\/\/mouldking.store\/wp-content\/uploads\/2022\/10\/Military-CADA-C61073-RC-WWII-Classic-Panther-Tank-7-47x90.jpg 47w\" sizes=\"(max-width: 536px) 100vw, 536px\" \/><figcaption id=\"caption-attachment-32942\" class=\"wp-caption-text\">CADA C61073 RC WWII Classic Panther Panzer mit 907 Teilen<\/figcaption><\/figure>\n<figure id=\"attachment_32937\" aria-describedby=\"caption-attachment-32937\" style=\"width: 800px\" class=\"wp-caption aligncenter\"><img loading=\"lazy\" decoding=\"async\" class=\"wp-image-32937 size-full\" src=\"https:\/\/mouldking.store\/wp-content\/uploads\/2022\/10\/Military-CADA-C61073-RC-WWII-Classic-Panther-Tank-2.jpg\" alt=\"CADA C61073 RC WWII Classic Panther Tank with 907 Pieces\" width=\"800\" height=\"800\" title=\"-\" srcset=\"https:\/\/mouldking.store\/wp-content\/uploads\/2022\/10\/Military-CADA-C61073-RC-WWII-Classic-Panther-Tank-2.jpg 800w, https:\/\/mouldking.store\/wp-content\/uploads\/2022\/10\/Military-CADA-C61073-RC-WWII-Classic-Panther-Tank-2-300x300.jpg 300w, https:\/\/mouldking.store\/wp-content\/uploads\/2022\/10\/Military-CADA-C61073-RC-WWII-Classic-Panther-Tank-2-768x768.jpg 768w, https:\/\/mouldking.store\/wp-content\/uploads\/2022\/10\/Military-CADA-C61073-RC-WWII-Classic-Panther-Tank-2-600x600.jpg 600w, https:\/\/mouldking.store\/wp-content\/uploads\/2022\/10\/Military-CADA-C61073-RC-WWII-Classic-Panther-Tank-2-150x150.jpg 150w, https:\/\/mouldking.store\/wp-content\/uploads\/2022\/10\/Military-CADA-C61073-RC-WWII-Classic-Panther-Tank-2-60x60.jpg 60w, https:\/\/mouldking.store\/wp-content\/uploads\/2022\/10\/Military-CADA-C61073-RC-WWII-Classic-Panther-Tank-2-90x90.jpg 90w\" sizes=\"(max-width: 800px) 100vw, 800px\" \/><figcaption id=\"caption-attachment-32937\" class=\"wp-caption-text\">CADA C61073 RC WWII Classic Panther Panzer mit 907 Teilen<\/figcaption><\/figure>","protected":false},"excerpt":{"rendered":"<p>Product information: Brand: CADA Gender: Unisex Name: RC WWII Classic Panther Tank Age Range: &gt; 6 years old Model Number: C61073 Classification: Assemblage Plastic Block Shape: Self-Locking Bricks Material: Plastic Plastic Type: ABS Bricks Blocks: 907\u00a0PCS Contains detailed assembly instructions. Notice: 1. Without an original box, but we guarantee our products have quality assurance and [&hellip;]<\/p>","protected":false},"featured_media":32936,"comment_status":"closed","ping_status":"closed","template":"","meta":{"_acf_changed":false},"product_cat":[372],"product_tag":[6039,6038,6040,485],"class_list":["product","first","instock","shipping-taxable","purchasable","product-type-simple"],"acf":[],"_links":{"self":[{"href":"https:\/\/mouldking.store\/de\/wp-json\/wp\/v2\/product\/32935","targetHints":{"allow":["GET"]}}],"collection":[{"href":"https:\/\/mouldking.store\/de\/wp-json\/wp\/v2\/product"}],"about":[{"href":"https:\/\/mouldking.store\/de\/wp-json\/wp\/v2\/types\/product"}],"replies":[{"embeddable":true,"href":"https:\/\/mouldking.store\/de\/wp-json\/wp\/v2\/comments?post=32935"}],"wp:featuredmedia":[{"embeddable":true,"href":"https:\/\/mouldking.store\/de\/wp-json\/wp\/v2\/media\/32936"}],"wp:attachment":[{"href":"https:\/\/mouldking.store\/de\/wp-json\/wp\/v2\/media?parent=32935"}],"wp:term":[{"taxonomy":"product_cat","embeddable":true,"href":"https:\/\/mouldking.store\/de\/wp-json\/wp\/v2\/product_cat?post=32935"},{"taxonomy":"product_tag","embeddable":true,"href":"https:\/\/mouldking.store\/de\/wp-json\/wp\/v2\/product_tag?post=32935"}],"curies":[{"name":"wp","href":"https:\/\/api.w.org\/{rel}","templated":true}]}}