{"id":33022,"date":"2022-10-11T12:19:15","date_gmt":"2022-10-11T05:19:15","guid":{"rendered":"https:\/\/mouldking.store\/?post_type=product&#038;p=33022"},"modified":"2022-10-11T12:19:15","modified_gmt":"2022-10-11T05:19:15","slug":"tgl-t4013-card-27-helicopter-with-1800-pieces","status":"publish","type":"product","link":"https:\/\/mouldking.store\/de\/shop\/tgl-t4013-card-27-helicopter-with-1800-pieces\/","title":{"rendered":"TGL T4013 Karte 27 Hubschrauber mit 1800 Teilen"},"content":{"rendered":"<p>Produktinformation:<\/p>\n<ol>\n<li>Marke: TGL<\/li>\n<li>Geschlecht: Unisex<\/li>\n<li>Name: Card 27 Helicopter<\/li>\n<li>Altersspanne: &gt; 6 Jahre alt<\/li>\n<li>Model Number: T4013<\/li>\n<li>Einstufung: Assemblage<\/li>\n<li>Kunststoffblockform: Selbstsichernde Steine<\/li>\n<li>Material: Kunststoff<\/li>\n<li>Kunststofftyp: ABS<\/li>\n<li>Bricks Blocks: 1800 PCS<\/li>\n<li>Enth\u00e4lt eine ausf\u00fchrliche Montageanleitung.<\/li>\n<\/ol>\n<p>Notiz:<br \/>\n1. Ohne Originalverpackung, aber wir garantieren, dass unsere Produkte eine Qualit\u00e4tssicherung und eine sch\u00f6ne Verpackung haben.<br \/>\n2. Wie alle Teile, die wir vor dem Versand \u00fcberpr\u00fcft haben, machen Sie sich keine Sorgen, wenn Sie feststellen, dass einige Teile fehlen oder besch\u00e4digt sind, und kontaktieren Sie uns einfach, und wir k\u00f6nnen sie Ihnen umgehend kostenlos erneut zusenden.<\/p>\n<p>&nbsp;<\/p>\n<figure id=\"attachment_33023\" aria-describedby=\"caption-attachment-33023\" style=\"width: 800px\" class=\"wp-caption aligncenter\"><img fetchpriority=\"high\" decoding=\"async\" class=\"wp-image-33023 size-full\" src=\"https:\/\/mouldking.store\/wp-content\/uploads\/2022\/10\/Military-TGL-T4013-Card-27-Helicopter-1.jpg\" alt=\"TGL T4013 Card 27 Helicopter with 1800 Pieces\" width=\"800\" height=\"800\" title=\"-\" srcset=\"https:\/\/mouldking.store\/wp-content\/uploads\/2022\/10\/Military-TGL-T4013-Card-27-Helicopter-1.jpg 800w, https:\/\/mouldking.store\/wp-content\/uploads\/2022\/10\/Military-TGL-T4013-Card-27-Helicopter-1-300x300.jpg 300w, https:\/\/mouldking.store\/wp-content\/uploads\/2022\/10\/Military-TGL-T4013-Card-27-Helicopter-1-768x768.jpg 768w, https:\/\/mouldking.store\/wp-content\/uploads\/2022\/10\/Military-TGL-T4013-Card-27-Helicopter-1-600x600.jpg 600w, https:\/\/mouldking.store\/wp-content\/uploads\/2022\/10\/Military-TGL-T4013-Card-27-Helicopter-1-150x150.jpg 150w, https:\/\/mouldking.store\/wp-content\/uploads\/2022\/10\/Military-TGL-T4013-Card-27-Helicopter-1-60x60.jpg 60w, https:\/\/mouldking.store\/wp-content\/uploads\/2022\/10\/Military-TGL-T4013-Card-27-Helicopter-1-90x90.jpg 90w\" sizes=\"(max-width: 800px) 100vw, 800px\" \/><figcaption id=\"caption-attachment-33023\" class=\"wp-caption-text\">TGL T4013 Karte 27 Hubschrauber mit 1800 Teilen<\/figcaption><\/figure>\n<figure id=\"attachment_33027\" aria-describedby=\"caption-attachment-33027\" style=\"width: 800px\" class=\"wp-caption aligncenter\"><img decoding=\"async\" class=\"wp-image-33027 size-full\" src=\"https:\/\/mouldking.store\/wp-content\/uploads\/2022\/10\/Military-TGL-T4013-Card-27-Helicopter-5.jpg\" alt=\"TGL T4013 Card 27 Helicopter with 1800 Pieces\" width=\"800\" height=\"800\" title=\"-\" srcset=\"https:\/\/mouldking.store\/wp-content\/uploads\/2022\/10\/Military-TGL-T4013-Card-27-Helicopter-5.jpg 800w, https:\/\/mouldking.store\/wp-content\/uploads\/2022\/10\/Military-TGL-T4013-Card-27-Helicopter-5-300x300.jpg 300w, https:\/\/mouldking.store\/wp-content\/uploads\/2022\/10\/Military-TGL-T4013-Card-27-Helicopter-5-768x768.jpg 768w, https:\/\/mouldking.store\/wp-content\/uploads\/2022\/10\/Military-TGL-T4013-Card-27-Helicopter-5-600x600.jpg 600w, https:\/\/mouldking.store\/wp-content\/uploads\/2022\/10\/Military-TGL-T4013-Card-27-Helicopter-5-150x150.jpg 150w, https:\/\/mouldking.store\/wp-content\/uploads\/2022\/10\/Military-TGL-T4013-Card-27-Helicopter-5-60x60.jpg 60w, https:\/\/mouldking.store\/wp-content\/uploads\/2022\/10\/Military-TGL-T4013-Card-27-Helicopter-5-90x90.jpg 90w\" sizes=\"(max-width: 800px) 100vw, 800px\" \/><figcaption id=\"caption-attachment-33027\" class=\"wp-caption-text\">TGL T4013 Karte 27 Hubschrauber mit 1800 Teilen<\/figcaption><\/figure>\n<figure id=\"attachment_33024\" aria-describedby=\"caption-attachment-33024\" style=\"width: 800px\" class=\"wp-caption aligncenter\"><img decoding=\"async\" class=\"wp-image-33024 size-full\" src=\"https:\/\/mouldking.store\/wp-content\/uploads\/2022\/10\/Military-TGL-T4013-Card-27-Helicopter-2.jpg\" alt=\"TGL T4013 Card 27 Helicopter with 1800 Pieces\" width=\"800\" height=\"800\" title=\"-\" srcset=\"https:\/\/mouldking.store\/wp-content\/uploads\/2022\/10\/Military-TGL-T4013-Card-27-Helicopter-2.jpg 800w, https:\/\/mouldking.store\/wp-content\/uploads\/2022\/10\/Military-TGL-T4013-Card-27-Helicopter-2-300x300.jpg 300w, https:\/\/mouldking.store\/wp-content\/uploads\/2022\/10\/Military-TGL-T4013-Card-27-Helicopter-2-768x768.jpg 768w, https:\/\/mouldking.store\/wp-content\/uploads\/2022\/10\/Military-TGL-T4013-Card-27-Helicopter-2-600x600.jpg 600w, https:\/\/mouldking.store\/wp-content\/uploads\/2022\/10\/Military-TGL-T4013-Card-27-Helicopter-2-150x150.jpg 150w, https:\/\/mouldking.store\/wp-content\/uploads\/2022\/10\/Military-TGL-T4013-Card-27-Helicopter-2-60x60.jpg 60w, https:\/\/mouldking.store\/wp-content\/uploads\/2022\/10\/Military-TGL-T4013-Card-27-Helicopter-2-90x90.jpg 90w\" sizes=\"(max-width: 800px) 100vw, 800px\" \/><figcaption id=\"caption-attachment-33024\" class=\"wp-caption-text\">TGL T4013 Karte 27 Hubschrauber mit 1800 Teilen<\/figcaption><\/figure>\n<figure id=\"attachment_33025\" aria-describedby=\"caption-attachment-33025\" style=\"width: 800px\" class=\"wp-caption aligncenter\"><img loading=\"lazy\" decoding=\"async\" class=\"wp-image-33025 size-full\" src=\"https:\/\/mouldking.store\/wp-content\/uploads\/2022\/10\/Military-TGL-T4013-Card-27-Helicopter-3.jpg\" alt=\"TGL T4013 Card 27 Helicopter with 1800 Pieces\" width=\"800\" height=\"800\" title=\"-\" srcset=\"https:\/\/mouldking.store\/wp-content\/uploads\/2022\/10\/Military-TGL-T4013-Card-27-Helicopter-3.jpg 800w, https:\/\/mouldking.store\/wp-content\/uploads\/2022\/10\/Military-TGL-T4013-Card-27-Helicopter-3-300x300.jpg 300w, https:\/\/mouldking.store\/wp-content\/uploads\/2022\/10\/Military-TGL-T4013-Card-27-Helicopter-3-768x768.jpg 768w, https:\/\/mouldking.store\/wp-content\/uploads\/2022\/10\/Military-TGL-T4013-Card-27-Helicopter-3-600x600.jpg 600w, https:\/\/mouldking.store\/wp-content\/uploads\/2022\/10\/Military-TGL-T4013-Card-27-Helicopter-3-150x150.jpg 150w, https:\/\/mouldking.store\/wp-content\/uploads\/2022\/10\/Military-TGL-T4013-Card-27-Helicopter-3-60x60.jpg 60w, https:\/\/mouldking.store\/wp-content\/uploads\/2022\/10\/Military-TGL-T4013-Card-27-Helicopter-3-90x90.jpg 90w\" sizes=\"(max-width: 800px) 100vw, 800px\" \/><figcaption id=\"caption-attachment-33025\" class=\"wp-caption-text\">TGL T4013 Karte 27 Hubschrauber mit 1800 Teilen<\/figcaption><\/figure>\n<figure id=\"attachment_33026\" aria-describedby=\"caption-attachment-33026\" style=\"width: 800px\" class=\"wp-caption aligncenter\"><img loading=\"lazy\" decoding=\"async\" class=\"wp-image-33026 size-full\" src=\"https:\/\/mouldking.store\/wp-content\/uploads\/2022\/10\/Military-TGL-T4013-Card-27-Helicopter-4.jpg\" alt=\"TGL T4013 Card 27 Helicopter with 1800 Pieces\" width=\"800\" height=\"800\" title=\"-\" srcset=\"https:\/\/mouldking.store\/wp-content\/uploads\/2022\/10\/Military-TGL-T4013-Card-27-Helicopter-4.jpg 800w, https:\/\/mouldking.store\/wp-content\/uploads\/2022\/10\/Military-TGL-T4013-Card-27-Helicopter-4-300x300.jpg 300w, https:\/\/mouldking.store\/wp-content\/uploads\/2022\/10\/Military-TGL-T4013-Card-27-Helicopter-4-768x768.jpg 768w, https:\/\/mouldking.store\/wp-content\/uploads\/2022\/10\/Military-TGL-T4013-Card-27-Helicopter-4-600x600.jpg 600w, https:\/\/mouldking.store\/wp-content\/uploads\/2022\/10\/Military-TGL-T4013-Card-27-Helicopter-4-150x150.jpg 150w, https:\/\/mouldking.store\/wp-content\/uploads\/2022\/10\/Military-TGL-T4013-Card-27-Helicopter-4-60x60.jpg 60w, https:\/\/mouldking.store\/wp-content\/uploads\/2022\/10\/Military-TGL-T4013-Card-27-Helicopter-4-90x90.jpg 90w\" sizes=\"(max-width: 800px) 100vw, 800px\" \/><figcaption id=\"caption-attachment-33026\" class=\"wp-caption-text\">TGL T4013 Karte 27 Hubschrauber mit 1800 Teilen<\/figcaption><\/figure>","protected":false},"excerpt":{"rendered":"<p>Product information: Brand: TGL Gender: Unisex Name: Card 27 Helicopter Age Range: &gt; 6 years old Model Number: T4013 Classification: Assemblage Plastic Block Shape: Self-Locking Bricks Material: Plastic Plastic Type: ABS Bricks Blocks: 1800 PCS Contains detailed assembly instructions. Notice: 1. Without an original box, but we guarantee our products have quality assurance and nice [&hellip;]<\/p>","protected":false},"featured_media":33023,"comment_status":"closed","ping_status":"closed","template":"","meta":{"_acf_changed":false},"product_cat":[372],"product_tag":[6063,6062,6061,6060],"class_list":["product","first","instock","shipping-taxable","purchasable","product-type-variable"],"acf":[],"_links":{"self":[{"href":"https:\/\/mouldking.store\/de\/wp-json\/wp\/v2\/product\/33022","targetHints":{"allow":["GET"]}}],"collection":[{"href":"https:\/\/mouldking.store\/de\/wp-json\/wp\/v2\/product"}],"about":[{"href":"https:\/\/mouldking.store\/de\/wp-json\/wp\/v2\/types\/product"}],"replies":[{"embeddable":true,"href":"https:\/\/mouldking.store\/de\/wp-json\/wp\/v2\/comments?post=33022"}],"wp:featuredmedia":[{"embeddable":true,"href":"https:\/\/mouldking.store\/de\/wp-json\/wp\/v2\/media\/33023"}],"wp:attachment":[{"href":"https:\/\/mouldking.store\/de\/wp-json\/wp\/v2\/media?parent=33022"}],"wp:term":[{"taxonomy":"product_cat","embeddable":true,"href":"https:\/\/mouldking.store\/de\/wp-json\/wp\/v2\/product_cat?post=33022"},{"taxonomy":"product_tag","embeddable":true,"href":"https:\/\/mouldking.store\/de\/wp-json\/wp\/v2\/product_tag?post=33022"}],"curies":[{"name":"wp","href":"https:\/\/api.w.org\/{rel}","templated":true}]}}