{"id":33047,"date":"2022-10-11T13:16:54","date_gmt":"2022-10-11T06:16:54","guid":{"rendered":"https:\/\/mouldking.store\/?post_type=product&#038;p=33047"},"modified":"2024-01-19T12:06:24","modified_gmt":"2024-01-19T05:06:24","slug":"tgl-t4015-military-warrior-off-road-vehicle-with-3175-pieces","status":"publish","type":"product","link":"https:\/\/mouldking.store\/de\/shop\/tgl-t4015-military-warrior-off-road-vehicle-with-3175-pieces\/","title":{"rendered":"TGL T4015 Military Warrior Gel\u00e4ndewagen mit 3175 Teilen"},"content":{"rendered":"<p>Produktinformation:<\/p>\n<ol>\n<li>Marke: TGL<\/li>\n<li>Geschlecht: Unisex<\/li>\n<li>Name: Military Warrior Off-Road Vehicle<\/li>\n<li>Altersspanne: &gt; 6 Jahre alt<\/li>\n<li>Model Number: T4015<\/li>\n<li>Einstufung: Assemblage<\/li>\n<li>Kunststoffblockform: Selbstsichernde Steine<\/li>\n<li>Material: Kunststoff<\/li>\n<li>Kunststofftyp: ABS<\/li>\n<li>Bricks Blocks: 3175 PCS<\/li>\n<li>Enth\u00e4lt eine ausf\u00fchrliche Montageanleitung.<\/li>\n<\/ol>\n<p>Notiz:<br \/>\n1. Ohne Originalverpackung, aber wir garantieren, dass unsere Produkte eine Qualit\u00e4tssicherung und eine sch\u00f6ne Verpackung haben.<br \/>\n2. Wie alle Teile, die wir vor dem Versand \u00fcberpr\u00fcft haben, machen Sie sich keine Sorgen, wenn Sie feststellen, dass einige Teile fehlen oder besch\u00e4digt sind, und kontaktieren Sie uns einfach, und wir k\u00f6nnen sie Ihnen umgehend kostenlos erneut zusenden.<\/p>\n<p>&nbsp;<\/p>\n<figure id=\"attachment_33048\" aria-describedby=\"caption-attachment-33048\" style=\"width: 800px\" class=\"wp-caption aligncenter\"><img fetchpriority=\"high\" decoding=\"async\" class=\"wp-image-33048 size-full\" src=\"https:\/\/mouldking.store\/wp-content\/uploads\/2022\/10\/Military-TGL-T4015-Military-Warrior-Off-Road-Vehicle-1.jpg\" alt=\"TGL T4015 Military Warrior Off-Road Vehicle with 3175 Pieces\" width=\"800\" height=\"800\" title=\"-\" srcset=\"https:\/\/mouldking.store\/wp-content\/uploads\/2022\/10\/Military-TGL-T4015-Military-Warrior-Off-Road-Vehicle-1.jpg 800w, https:\/\/mouldking.store\/wp-content\/uploads\/2022\/10\/Military-TGL-T4015-Military-Warrior-Off-Road-Vehicle-1-300x300.jpg 300w, https:\/\/mouldking.store\/wp-content\/uploads\/2022\/10\/Military-TGL-T4015-Military-Warrior-Off-Road-Vehicle-1-768x768.jpg 768w, https:\/\/mouldking.store\/wp-content\/uploads\/2022\/10\/Military-TGL-T4015-Military-Warrior-Off-Road-Vehicle-1-600x600.jpg 600w, https:\/\/mouldking.store\/wp-content\/uploads\/2022\/10\/Military-TGL-T4015-Military-Warrior-Off-Road-Vehicle-1-150x150.jpg 150w, https:\/\/mouldking.store\/wp-content\/uploads\/2022\/10\/Military-TGL-T4015-Military-Warrior-Off-Road-Vehicle-1-60x60.jpg 60w, https:\/\/mouldking.store\/wp-content\/uploads\/2022\/10\/Military-TGL-T4015-Military-Warrior-Off-Road-Vehicle-1-90x90.jpg 90w\" sizes=\"(max-width: 800px) 100vw, 800px\" \/><figcaption id=\"caption-attachment-33048\" class=\"wp-caption-text\">TGL T4015 Military Warrior Gel\u00e4ndewagen mit 3175 Teilen<\/figcaption><\/figure>\n<figure id=\"attachment_33051\" aria-describedby=\"caption-attachment-33051\" style=\"width: 800px\" class=\"wp-caption aligncenter\"><img decoding=\"async\" class=\"wp-image-33051 size-full\" src=\"https:\/\/mouldking.store\/wp-content\/uploads\/2022\/10\/Military-TGL-T4015-Military-Warrior-Off-Road-Vehicle-4.jpg\" alt=\"TGL T4015 Military Warrior Off-Road Vehicle with 3175 Pieces\" width=\"800\" height=\"800\" title=\"-\" srcset=\"https:\/\/mouldking.store\/wp-content\/uploads\/2022\/10\/Military-TGL-T4015-Military-Warrior-Off-Road-Vehicle-4.jpg 800w, https:\/\/mouldking.store\/wp-content\/uploads\/2022\/10\/Military-TGL-T4015-Military-Warrior-Off-Road-Vehicle-4-300x300.jpg 300w, https:\/\/mouldking.store\/wp-content\/uploads\/2022\/10\/Military-TGL-T4015-Military-Warrior-Off-Road-Vehicle-4-768x768.jpg 768w, https:\/\/mouldking.store\/wp-content\/uploads\/2022\/10\/Military-TGL-T4015-Military-Warrior-Off-Road-Vehicle-4-600x600.jpg 600w, https:\/\/mouldking.store\/wp-content\/uploads\/2022\/10\/Military-TGL-T4015-Military-Warrior-Off-Road-Vehicle-4-150x150.jpg 150w, https:\/\/mouldking.store\/wp-content\/uploads\/2022\/10\/Military-TGL-T4015-Military-Warrior-Off-Road-Vehicle-4-60x60.jpg 60w, https:\/\/mouldking.store\/wp-content\/uploads\/2022\/10\/Military-TGL-T4015-Military-Warrior-Off-Road-Vehicle-4-90x90.jpg 90w\" sizes=\"(max-width: 800px) 100vw, 800px\" \/><figcaption id=\"caption-attachment-33051\" class=\"wp-caption-text\">TGL T4015 Military Warrior Gel\u00e4ndewagen mit 3175 Teilen<\/figcaption><\/figure>\n<figure id=\"attachment_33050\" aria-describedby=\"caption-attachment-33050\" style=\"width: 800px\" class=\"wp-caption aligncenter\"><img decoding=\"async\" class=\"wp-image-33050 size-full\" src=\"https:\/\/mouldking.store\/wp-content\/uploads\/2022\/10\/Military-TGL-T4015-Military-Warrior-Off-Road-Vehicle-3.jpg\" alt=\"TGL T4015 Military Warrior Off-Road Vehicle with 3175 Pieces\" width=\"800\" height=\"800\" title=\"-\" srcset=\"https:\/\/mouldking.store\/wp-content\/uploads\/2022\/10\/Military-TGL-T4015-Military-Warrior-Off-Road-Vehicle-3.jpg 800w, https:\/\/mouldking.store\/wp-content\/uploads\/2022\/10\/Military-TGL-T4015-Military-Warrior-Off-Road-Vehicle-3-300x300.jpg 300w, https:\/\/mouldking.store\/wp-content\/uploads\/2022\/10\/Military-TGL-T4015-Military-Warrior-Off-Road-Vehicle-3-768x768.jpg 768w, https:\/\/mouldking.store\/wp-content\/uploads\/2022\/10\/Military-TGL-T4015-Military-Warrior-Off-Road-Vehicle-3-600x600.jpg 600w, https:\/\/mouldking.store\/wp-content\/uploads\/2022\/10\/Military-TGL-T4015-Military-Warrior-Off-Road-Vehicle-3-150x150.jpg 150w, https:\/\/mouldking.store\/wp-content\/uploads\/2022\/10\/Military-TGL-T4015-Military-Warrior-Off-Road-Vehicle-3-60x60.jpg 60w, https:\/\/mouldking.store\/wp-content\/uploads\/2022\/10\/Military-TGL-T4015-Military-Warrior-Off-Road-Vehicle-3-90x90.jpg 90w\" sizes=\"(max-width: 800px) 100vw, 800px\" \/><figcaption id=\"caption-attachment-33050\" class=\"wp-caption-text\">TGL T4015 Military Warrior Gel\u00e4ndewagen mit 3175 Teilen<\/figcaption><\/figure>\n<figure id=\"attachment_33049\" aria-describedby=\"caption-attachment-33049\" style=\"width: 800px\" class=\"wp-caption aligncenter\"><img loading=\"lazy\" decoding=\"async\" class=\"wp-image-33049 size-full\" src=\"https:\/\/mouldking.store\/wp-content\/uploads\/2022\/10\/Military-TGL-T4015-Military-Warrior-Off-Road-Vehicle-2.jpg\" alt=\"TGL T4015 Military Warrior Off-Road Vehicle with 3175 Pieces\" width=\"800\" height=\"800\" title=\"-\" srcset=\"https:\/\/mouldking.store\/wp-content\/uploads\/2022\/10\/Military-TGL-T4015-Military-Warrior-Off-Road-Vehicle-2.jpg 800w, https:\/\/mouldking.store\/wp-content\/uploads\/2022\/10\/Military-TGL-T4015-Military-Warrior-Off-Road-Vehicle-2-300x300.jpg 300w, https:\/\/mouldking.store\/wp-content\/uploads\/2022\/10\/Military-TGL-T4015-Military-Warrior-Off-Road-Vehicle-2-768x768.jpg 768w, https:\/\/mouldking.store\/wp-content\/uploads\/2022\/10\/Military-TGL-T4015-Military-Warrior-Off-Road-Vehicle-2-600x600.jpg 600w, https:\/\/mouldking.store\/wp-content\/uploads\/2022\/10\/Military-TGL-T4015-Military-Warrior-Off-Road-Vehicle-2-150x150.jpg 150w, https:\/\/mouldking.store\/wp-content\/uploads\/2022\/10\/Military-TGL-T4015-Military-Warrior-Off-Road-Vehicle-2-60x60.jpg 60w, https:\/\/mouldking.store\/wp-content\/uploads\/2022\/10\/Military-TGL-T4015-Military-Warrior-Off-Road-Vehicle-2-90x90.jpg 90w\" sizes=\"(max-width: 800px) 100vw, 800px\" \/><figcaption id=\"caption-attachment-33049\" class=\"wp-caption-text\">TGL T4015 Military Warrior Gel\u00e4ndewagen mit 3175 Teilen<\/figcaption><\/figure>","protected":false},"excerpt":{"rendered":"<p>Product information: Brand: TGL Gender: Unisex Name: Military Warrior Off-Road Vehicle Age Range: &gt; 6 years old Model Number: T4015 Classification: Assemblage Plastic Block Shape: Self-Locking Bricks Material: Plastic Plastic Type: ABS Bricks Blocks: 3175 PCS Contains detailed assembly instructions. Notice: 1. Without an original box, but we guarantee our products have quality assurance and [&hellip;]<\/p>","protected":false},"featured_media":33048,"comment_status":"closed","ping_status":"closed","template":"","meta":{"_acf_changed":false},"product_cat":[364],"product_tag":[6074,6073,6072,6071],"class_list":["product","first","instock","shipping-taxable","purchasable","product-type-simple"],"acf":[],"_links":{"self":[{"href":"https:\/\/mouldking.store\/de\/wp-json\/wp\/v2\/product\/33047","targetHints":{"allow":["GET"]}}],"collection":[{"href":"https:\/\/mouldking.store\/de\/wp-json\/wp\/v2\/product"}],"about":[{"href":"https:\/\/mouldking.store\/de\/wp-json\/wp\/v2\/types\/product"}],"replies":[{"embeddable":true,"href":"https:\/\/mouldking.store\/de\/wp-json\/wp\/v2\/comments?post=33047"}],"wp:featuredmedia":[{"embeddable":true,"href":"https:\/\/mouldking.store\/de\/wp-json\/wp\/v2\/media\/33048"}],"wp:attachment":[{"href":"https:\/\/mouldking.store\/de\/wp-json\/wp\/v2\/media?parent=33047"}],"wp:term":[{"taxonomy":"product_cat","embeddable":true,"href":"https:\/\/mouldking.store\/de\/wp-json\/wp\/v2\/product_cat?post=33047"},{"taxonomy":"product_tag","embeddable":true,"href":"https:\/\/mouldking.store\/de\/wp-json\/wp\/v2\/product_tag?post=33047"}],"curies":[{"name":"wp","href":"https:\/\/api.w.org\/{rel}","templated":true}]}}