{"id":33062,"date":"2022-10-13T11:55:23","date_gmt":"2022-10-13T04:55:23","guid":{"rendered":"https:\/\/mouldking.store\/?post_type=product&#038;p=33062"},"modified":"2025-12-25T09:12:25","modified_gmt":"2025-12-25T02:12:25","slug":"moc-89588-cult-of-the-lamb-brickheadz-with-118-pieces","status":"publish","type":"product","link":"https:\/\/mouldking.store\/de\/shop\/moc-89588-cult-of-the-lamb-brickheadz-with-118-pieces\/","title":{"rendered":"MOC-89588 Cult of the Lamb BrickHeadz mit 118 Teilen"},"content":{"rendered":"<p>Produktinformation:<\/p>\n<ol>\n<li>Marke: MOC<\/li>\n<li>Geschlecht: Unisex<\/li>\n<li>Name: Cult of the Lamb BrickHeadz<\/li>\n<li>Altersspanne: &gt; 6 Jahre alt<\/li>\n<li>Model Number: C9153<\/li>\n<li>Einstufung: Assemblage<\/li>\n<li>Kunststoffblockform: Selbstsichernde Steine<\/li>\n<li>Material: Kunststoff<\/li>\n<li>Kunststofftyp: ABS<\/li>\n<li>Bricks Blocks: 118 PCS<\/li>\n<li>Size: 4.8 x 4.8 x 9.6 cm<\/li>\n<li>Gewicht: 0,08 kg<\/li>\n<li>Enth\u00e4lt eine ausf\u00fchrliche Montageanleitung.<\/li>\n<\/ol>\n<p>Notiz:<br \/>\n1. Ohne Originalverpackung, aber wir garantieren, dass unsere Produkte eine Qualit\u00e4tssicherung und eine sch\u00f6ne Verpackung haben.<br \/>\n2. Wie alle Teile, die wir vor dem Versand \u00fcberpr\u00fcft haben, machen Sie sich keine Sorgen, wenn Sie feststellen, dass einige Teile fehlen oder besch\u00e4digt sind, und kontaktieren Sie uns einfach, und wir k\u00f6nnen sie Ihnen umgehend kostenlos erneut zusenden.<\/p>\n<p>&nbsp;<\/p>\n<figure id=\"attachment_33068\" aria-describedby=\"caption-attachment-33068\" style=\"width: 1024px\" class=\"wp-caption aligncenter\"><img fetchpriority=\"high\" decoding=\"async\" class=\"wp-image-33068 size-large\" src=\"https:\/\/mouldking.store\/wp-content\/uploads\/2022\/10\/Movie-MOC-89588-Cult-of-the-Lamb-BrickHeadz-MOCBRICKLAND-1024x1024.png\" alt=\"MOC-89588 Cult of the Lamb BrickHeadz with 118 Pieces\" width=\"1024\" height=\"1024\" title=\"-\" srcset=\"https:\/\/mouldking.store\/wp-content\/uploads\/2022\/10\/Movie-MOC-89588-Cult-of-the-Lamb-BrickHeadz-MOCBRICKLAND-1024x1024.png 1024w, https:\/\/mouldking.store\/wp-content\/uploads\/2022\/10\/Movie-MOC-89588-Cult-of-the-Lamb-BrickHeadz-MOCBRICKLAND-300x300.png 300w, https:\/\/mouldking.store\/wp-content\/uploads\/2022\/10\/Movie-MOC-89588-Cult-of-the-Lamb-BrickHeadz-MOCBRICKLAND-768x768.png 768w, https:\/\/mouldking.store\/wp-content\/uploads\/2022\/10\/Movie-MOC-89588-Cult-of-the-Lamb-BrickHeadz-MOCBRICKLAND-1536x1536.png 1536w, https:\/\/mouldking.store\/wp-content\/uploads\/2022\/10\/Movie-MOC-89588-Cult-of-the-Lamb-BrickHeadz-MOCBRICKLAND-2048x2048.png 2048w, https:\/\/mouldking.store\/wp-content\/uploads\/2022\/10\/Movie-MOC-89588-Cult-of-the-Lamb-BrickHeadz-MOCBRICKLAND-600x600.png 600w, https:\/\/mouldking.store\/wp-content\/uploads\/2022\/10\/Movie-MOC-89588-Cult-of-the-Lamb-BrickHeadz-MOCBRICKLAND-150x150.png 150w, https:\/\/mouldking.store\/wp-content\/uploads\/2022\/10\/Movie-MOC-89588-Cult-of-the-Lamb-BrickHeadz-MOCBRICKLAND-60x60.png 60w, https:\/\/mouldking.store\/wp-content\/uploads\/2022\/10\/Movie-MOC-89588-Cult-of-the-Lamb-BrickHeadz-MOCBRICKLAND-90x90.png 90w\" sizes=\"(max-width: 1024px) 100vw, 1024px\" \/><figcaption id=\"caption-attachment-33068\" class=\"wp-caption-text\">MOC-89588 Cult of the Lamb BrickHeadz mit 118 Teilen<\/figcaption><\/figure>\n<figure id=\"attachment_33064\" aria-describedby=\"caption-attachment-33064\" style=\"width: 800px\" class=\"wp-caption aligncenter\"><img decoding=\"async\" class=\"wp-image-33064 size-full\" src=\"https:\/\/mouldking.store\/wp-content\/uploads\/2022\/10\/Movie-MOC-89588-Cult-of-the-Lamb-BrickHeadz-MOCBRICKLAND-3.jpg\" alt=\"MOC-89588 Cult of the Lamb BrickHeadz with 118 Pieces\" width=\"800\" height=\"800\" title=\"-\" srcset=\"https:\/\/mouldking.store\/wp-content\/uploads\/2022\/10\/Movie-MOC-89588-Cult-of-the-Lamb-BrickHeadz-MOCBRICKLAND-3.jpg 800w, https:\/\/mouldking.store\/wp-content\/uploads\/2022\/10\/Movie-MOC-89588-Cult-of-the-Lamb-BrickHeadz-MOCBRICKLAND-3-300x300.jpg 300w, https:\/\/mouldking.store\/wp-content\/uploads\/2022\/10\/Movie-MOC-89588-Cult-of-the-Lamb-BrickHeadz-MOCBRICKLAND-3-768x768.jpg 768w, https:\/\/mouldking.store\/wp-content\/uploads\/2022\/10\/Movie-MOC-89588-Cult-of-the-Lamb-BrickHeadz-MOCBRICKLAND-3-600x600.jpg 600w, https:\/\/mouldking.store\/wp-content\/uploads\/2022\/10\/Movie-MOC-89588-Cult-of-the-Lamb-BrickHeadz-MOCBRICKLAND-3-150x150.jpg 150w, https:\/\/mouldking.store\/wp-content\/uploads\/2022\/10\/Movie-MOC-89588-Cult-of-the-Lamb-BrickHeadz-MOCBRICKLAND-3-60x60.jpg 60w, https:\/\/mouldking.store\/wp-content\/uploads\/2022\/10\/Movie-MOC-89588-Cult-of-the-Lamb-BrickHeadz-MOCBRICKLAND-3-90x90.jpg 90w\" sizes=\"(max-width: 800px) 100vw, 800px\" \/><figcaption id=\"caption-attachment-33064\" class=\"wp-caption-text\">MOC-89588 Cult of the Lamb BrickHeadz mit 118 Teilen<\/figcaption><\/figure>\n<figure id=\"attachment_33063\" aria-describedby=\"caption-attachment-33063\" style=\"width: 800px\" class=\"wp-caption aligncenter\"><img decoding=\"async\" class=\"wp-image-33063 size-full\" src=\"https:\/\/mouldking.store\/wp-content\/uploads\/2022\/10\/Movie-MOC-89588-Cult-of-the-Lamb-BrickHeadz-MOCBRICKLAND-4.jpg\" alt=\"MOC-89588 Cult of the Lamb BrickHeadz with 118 Pieces\" width=\"800\" height=\"800\" title=\"-\" srcset=\"https:\/\/mouldking.store\/wp-content\/uploads\/2022\/10\/Movie-MOC-89588-Cult-of-the-Lamb-BrickHeadz-MOCBRICKLAND-4.jpg 800w, https:\/\/mouldking.store\/wp-content\/uploads\/2022\/10\/Movie-MOC-89588-Cult-of-the-Lamb-BrickHeadz-MOCBRICKLAND-4-300x300.jpg 300w, https:\/\/mouldking.store\/wp-content\/uploads\/2022\/10\/Movie-MOC-89588-Cult-of-the-Lamb-BrickHeadz-MOCBRICKLAND-4-768x768.jpg 768w, https:\/\/mouldking.store\/wp-content\/uploads\/2022\/10\/Movie-MOC-89588-Cult-of-the-Lamb-BrickHeadz-MOCBRICKLAND-4-600x600.jpg 600w, https:\/\/mouldking.store\/wp-content\/uploads\/2022\/10\/Movie-MOC-89588-Cult-of-the-Lamb-BrickHeadz-MOCBRICKLAND-4-150x150.jpg 150w, https:\/\/mouldking.store\/wp-content\/uploads\/2022\/10\/Movie-MOC-89588-Cult-of-the-Lamb-BrickHeadz-MOCBRICKLAND-4-60x60.jpg 60w, https:\/\/mouldking.store\/wp-content\/uploads\/2022\/10\/Movie-MOC-89588-Cult-of-the-Lamb-BrickHeadz-MOCBRICKLAND-4-90x90.jpg 90w\" sizes=\"(max-width: 800px) 100vw, 800px\" \/><figcaption id=\"caption-attachment-33063\" class=\"wp-caption-text\">MOC-89588 Cult of the Lamb BrickHeadz mit 118 Teilen<\/figcaption><\/figure>\n<figure id=\"attachment_33065\" aria-describedby=\"caption-attachment-33065\" style=\"width: 800px\" class=\"wp-caption aligncenter\"><img loading=\"lazy\" decoding=\"async\" class=\"wp-image-33065 size-full\" src=\"https:\/\/mouldking.store\/wp-content\/uploads\/2022\/10\/Movie-MOC-89588-Cult-of-the-Lamb-BrickHeadz-MOCBRICKLAND-2.jpg\" alt=\"MOC-89588 Cult of the Lamb BrickHeadz with 118 Pieces\" width=\"800\" height=\"800\" title=\"-\" srcset=\"https:\/\/mouldking.store\/wp-content\/uploads\/2022\/10\/Movie-MOC-89588-Cult-of-the-Lamb-BrickHeadz-MOCBRICKLAND-2.jpg 800w, https:\/\/mouldking.store\/wp-content\/uploads\/2022\/10\/Movie-MOC-89588-Cult-of-the-Lamb-BrickHeadz-MOCBRICKLAND-2-300x300.jpg 300w, https:\/\/mouldking.store\/wp-content\/uploads\/2022\/10\/Movie-MOC-89588-Cult-of-the-Lamb-BrickHeadz-MOCBRICKLAND-2-768x768.jpg 768w, https:\/\/mouldking.store\/wp-content\/uploads\/2022\/10\/Movie-MOC-89588-Cult-of-the-Lamb-BrickHeadz-MOCBRICKLAND-2-600x600.jpg 600w, https:\/\/mouldking.store\/wp-content\/uploads\/2022\/10\/Movie-MOC-89588-Cult-of-the-Lamb-BrickHeadz-MOCBRICKLAND-2-150x150.jpg 150w, https:\/\/mouldking.store\/wp-content\/uploads\/2022\/10\/Movie-MOC-89588-Cult-of-the-Lamb-BrickHeadz-MOCBRICKLAND-2-60x60.jpg 60w, https:\/\/mouldking.store\/wp-content\/uploads\/2022\/10\/Movie-MOC-89588-Cult-of-the-Lamb-BrickHeadz-MOCBRICKLAND-2-90x90.jpg 90w\" sizes=\"(max-width: 800px) 100vw, 800px\" \/><figcaption id=\"caption-attachment-33065\" class=\"wp-caption-text\">MOC-89588 Cult of the Lamb BrickHeadz mit 118 Teilen<\/figcaption><\/figure>\n<figure id=\"attachment_33067\" aria-describedby=\"caption-attachment-33067\" style=\"width: 800px\" class=\"wp-caption aligncenter\"><img loading=\"lazy\" decoding=\"async\" class=\"wp-image-33067 size-full\" src=\"https:\/\/mouldking.store\/wp-content\/uploads\/2022\/10\/Movie-MOC-89588-Cult-of-the-Lamb-BrickHeadz-MOCBRICKLAND-5.jpg\" alt=\"MOC-89588 Cult of the Lamb BrickHeadz with 118 Pieces\" width=\"800\" height=\"800\" title=\"-\" srcset=\"https:\/\/mouldking.store\/wp-content\/uploads\/2022\/10\/Movie-MOC-89588-Cult-of-the-Lamb-BrickHeadz-MOCBRICKLAND-5.jpg 800w, https:\/\/mouldking.store\/wp-content\/uploads\/2022\/10\/Movie-MOC-89588-Cult-of-the-Lamb-BrickHeadz-MOCBRICKLAND-5-300x300.jpg 300w, https:\/\/mouldking.store\/wp-content\/uploads\/2022\/10\/Movie-MOC-89588-Cult-of-the-Lamb-BrickHeadz-MOCBRICKLAND-5-768x768.jpg 768w, https:\/\/mouldking.store\/wp-content\/uploads\/2022\/10\/Movie-MOC-89588-Cult-of-the-Lamb-BrickHeadz-MOCBRICKLAND-5-600x600.jpg 600w, https:\/\/mouldking.store\/wp-content\/uploads\/2022\/10\/Movie-MOC-89588-Cult-of-the-Lamb-BrickHeadz-MOCBRICKLAND-5-150x150.jpg 150w, https:\/\/mouldking.store\/wp-content\/uploads\/2022\/10\/Movie-MOC-89588-Cult-of-the-Lamb-BrickHeadz-MOCBRICKLAND-5-60x60.jpg 60w, https:\/\/mouldking.store\/wp-content\/uploads\/2022\/10\/Movie-MOC-89588-Cult-of-the-Lamb-BrickHeadz-MOCBRICKLAND-5-90x90.jpg 90w\" sizes=\"(max-width: 800px) 100vw, 800px\" \/><figcaption id=\"caption-attachment-33067\" class=\"wp-caption-text\">MOC-89588 Cult of the Lamb BrickHeadz mit 118 Teilen<\/figcaption><\/figure>\n<figure id=\"attachment_33066\" aria-describedby=\"caption-attachment-33066\" style=\"width: 800px\" class=\"wp-caption aligncenter\"><img loading=\"lazy\" decoding=\"async\" class=\"wp-image-33066 size-full\" src=\"https:\/\/mouldking.store\/wp-content\/uploads\/2022\/10\/Movie-MOC-89588-Cult-of-the-Lamb-BrickHeadz-MOCBRICKLAND-1.jpg\" alt=\"MOC-89588 Cult of the Lamb BrickHeadz with 118 Pieces\" width=\"800\" height=\"1034\" title=\"-\" srcset=\"https:\/\/mouldking.store\/wp-content\/uploads\/2022\/10\/Movie-MOC-89588-Cult-of-the-Lamb-BrickHeadz-MOCBRICKLAND-1.jpg 800w, https:\/\/mouldking.store\/wp-content\/uploads\/2022\/10\/Movie-MOC-89588-Cult-of-the-Lamb-BrickHeadz-MOCBRICKLAND-1-232x300.jpg 232w, https:\/\/mouldking.store\/wp-content\/uploads\/2022\/10\/Movie-MOC-89588-Cult-of-the-Lamb-BrickHeadz-MOCBRICKLAND-1-792x1024.jpg 792w, https:\/\/mouldking.store\/wp-content\/uploads\/2022\/10\/Movie-MOC-89588-Cult-of-the-Lamb-BrickHeadz-MOCBRICKLAND-1-768x993.jpg 768w, https:\/\/mouldking.store\/wp-content\/uploads\/2022\/10\/Movie-MOC-89588-Cult-of-the-Lamb-BrickHeadz-MOCBRICKLAND-1-300x388.jpg 300w, https:\/\/mouldking.store\/wp-content\/uploads\/2022\/10\/Movie-MOC-89588-Cult-of-the-Lamb-BrickHeadz-MOCBRICKLAND-1-600x776.jpg 600w, https:\/\/mouldking.store\/wp-content\/uploads\/2022\/10\/Movie-MOC-89588-Cult-of-the-Lamb-BrickHeadz-MOCBRICKLAND-1-116x150.jpg 116w, https:\/\/mouldking.store\/wp-content\/uploads\/2022\/10\/Movie-MOC-89588-Cult-of-the-Lamb-BrickHeadz-MOCBRICKLAND-1-46x60.jpg 46w, https:\/\/mouldking.store\/wp-content\/uploads\/2022\/10\/Movie-MOC-89588-Cult-of-the-Lamb-BrickHeadz-MOCBRICKLAND-1-70x90.jpg 70w\" sizes=\"(max-width: 800px) 100vw, 800px\" \/><figcaption id=\"caption-attachment-33066\" class=\"wp-caption-text\">MOC-89588 Cult of the Lamb BrickHeadz mit 118 Teilen<\/figcaption><\/figure>","protected":false},"excerpt":{"rendered":"<p>Produktinformationen: Marke: MOC Geschlecht: Unisex Name: Cult of the Lamb BrickHeadz Altersgruppe: &gt; 6 Jahre Modellnummer: C9153 Klassifizierung: Assemblage Plastic Block Form: Selbstsichernde Steine Material: Kunststoff Kunststofftyp: ABS Bricks Blocks: 118 PCS Gr\u00f6\u00dfe: 4,8 x 4,8 x 9,6 cm Gewicht: 0,08 kg Enth\u00e4lt eine ausf\u00fchrliche Aufbauanleitung. Hinweis: 1. Ohne [\u2026]<\/p>","protected":false},"featured_media":33068,"comment_status":"closed","ping_status":"closed","template":"","meta":{"_acf_changed":false},"product_cat":[371],"product_tag":[5623,6077,6076,6075],"class_list":["product","first","instock","shipping-taxable","purchasable","product-type-simple"],"acf":[],"_links":{"self":[{"href":"https:\/\/mouldking.store\/de\/wp-json\/wp\/v2\/product\/33062","targetHints":{"allow":["GET"]}}],"collection":[{"href":"https:\/\/mouldking.store\/de\/wp-json\/wp\/v2\/product"}],"about":[{"href":"https:\/\/mouldking.store\/de\/wp-json\/wp\/v2\/types\/product"}],"replies":[{"embeddable":true,"href":"https:\/\/mouldking.store\/de\/wp-json\/wp\/v2\/comments?post=33062"}],"wp:featuredmedia":[{"embeddable":true,"href":"https:\/\/mouldking.store\/de\/wp-json\/wp\/v2\/media\/33068"}],"wp:attachment":[{"href":"https:\/\/mouldking.store\/de\/wp-json\/wp\/v2\/media?parent=33062"}],"wp:term":[{"taxonomy":"product_cat","embeddable":true,"href":"https:\/\/mouldking.store\/de\/wp-json\/wp\/v2\/product_cat?post=33062"},{"taxonomy":"product_tag","embeddable":true,"href":"https:\/\/mouldking.store\/de\/wp-json\/wp\/v2\/product_tag?post=33062"}],"curies":[{"name":"wp","href":"https:\/\/api.w.org\/{rel}","templated":true}]}}