{"id":33081,"date":"2022-10-13T12:06:15","date_gmt":"2022-10-13T05:06:15","guid":{"rendered":"https:\/\/mouldking.store\/?post_type=product&#038;p=33081"},"modified":"2025-12-25T09:12:25","modified_gmt":"2025-12-25T02:12:25","slug":"moc-89586-horizon-zero-dawn-corruptor-war-machine-with-332-pieces","status":"publish","type":"product","link":"https:\/\/mouldking.store\/de\/shop\/moc-89586-horizon-zero-dawn-corruptor-war-machine-with-332-pieces\/","title":{"rendered":"MOC-89586 Horizon Zero Dawn Corruptor War Machine mit 332 Teilen"},"content":{"rendered":"<p>Produktinformation:<\/p>\n<ol>\n<li>Marke: MOC<\/li>\n<li>Geschlecht: Unisex<\/li>\n<li>Name: Horizon Zero Dawn Corruptor War Machine<\/li>\n<li>Altersspanne: &gt; 6 Jahre alt<\/li>\n<li>Modellnummer: C9155<\/li>\n<li>Einstufung: Assemblage<\/li>\n<li>Kunststoffblockform: Selbstsichernde Steine<\/li>\n<li>Material: Kunststoff<\/li>\n<li>Kunststofftyp: ABS<\/li>\n<li>Ziegelsteine: 332 ST\u00dcCKE<\/li>\n<li>Abmessungen: 22,8 x 22,8 x 21,3 cm<\/li>\n<li>Gewicht: 0,21 kg<\/li>\n<li>Enth\u00e4lt eine ausf\u00fchrliche Montageanleitung.<\/li>\n<\/ol>\n<p>Notiz:<br \/>\n1. Ohne Originalverpackung, aber wir garantieren, dass unsere Produkte eine Qualit\u00e4tssicherung und eine sch\u00f6ne Verpackung haben.<br \/>\n2. Wie alle Teile, die wir vor dem Versand \u00fcberpr\u00fcft haben, machen Sie sich keine Sorgen, wenn Sie feststellen, dass einige Teile fehlen oder besch\u00e4digt sind, und kontaktieren Sie uns einfach, und wir k\u00f6nnen sie Ihnen umgehend kostenlos erneut zusenden.<\/p>\n<p>&nbsp;<\/p>\n<figure id=\"attachment_33090\" aria-describedby=\"caption-attachment-33090\" style=\"width: 1024px\" class=\"wp-caption aligncenter\"><img fetchpriority=\"high\" decoding=\"async\" class=\"wp-image-33090 size-large\" src=\"https:\/\/mouldking.store\/wp-content\/uploads\/2022\/10\/Creator-MOC-89586-Horizon-Zero-Dawn-Corruptor-War-Machine-MOCBRICKLAND-1024x1024.png\" alt=\"MOC-89586 Horizon Zero Dawn Corruptor War Machine with 332 Pieces\" width=\"1024\" height=\"1024\" title=\"-\" srcset=\"https:\/\/mouldking.store\/wp-content\/uploads\/2022\/10\/Creator-MOC-89586-Horizon-Zero-Dawn-Corruptor-War-Machine-MOCBRICKLAND-1024x1024.png 1024w, https:\/\/mouldking.store\/wp-content\/uploads\/2022\/10\/Creator-MOC-89586-Horizon-Zero-Dawn-Corruptor-War-Machine-MOCBRICKLAND-300x300.png 300w, https:\/\/mouldking.store\/wp-content\/uploads\/2022\/10\/Creator-MOC-89586-Horizon-Zero-Dawn-Corruptor-War-Machine-MOCBRICKLAND-768x768.png 768w, https:\/\/mouldking.store\/wp-content\/uploads\/2022\/10\/Creator-MOC-89586-Horizon-Zero-Dawn-Corruptor-War-Machine-MOCBRICKLAND-1536x1536.png 1536w, https:\/\/mouldking.store\/wp-content\/uploads\/2022\/10\/Creator-MOC-89586-Horizon-Zero-Dawn-Corruptor-War-Machine-MOCBRICKLAND-2048x2048.png 2048w, https:\/\/mouldking.store\/wp-content\/uploads\/2022\/10\/Creator-MOC-89586-Horizon-Zero-Dawn-Corruptor-War-Machine-MOCBRICKLAND-600x600.png 600w, https:\/\/mouldking.store\/wp-content\/uploads\/2022\/10\/Creator-MOC-89586-Horizon-Zero-Dawn-Corruptor-War-Machine-MOCBRICKLAND-150x150.png 150w, https:\/\/mouldking.store\/wp-content\/uploads\/2022\/10\/Creator-MOC-89586-Horizon-Zero-Dawn-Corruptor-War-Machine-MOCBRICKLAND-60x60.png 60w, https:\/\/mouldking.store\/wp-content\/uploads\/2022\/10\/Creator-MOC-89586-Horizon-Zero-Dawn-Corruptor-War-Machine-MOCBRICKLAND-90x90.png 90w\" sizes=\"(max-width: 1024px) 100vw, 1024px\" \/><figcaption id=\"caption-attachment-33090\" class=\"wp-caption-text\">MOC-89586 Horizon Zero Dawn Corruptor War Machine mit 332 Teilen<\/figcaption><\/figure>\n<figure id=\"attachment_33086\" aria-describedby=\"caption-attachment-33086\" style=\"width: 800px\" class=\"wp-caption aligncenter\"><img decoding=\"async\" class=\"wp-image-33086 size-full\" src=\"https:\/\/mouldking.store\/wp-content\/uploads\/2022\/10\/Creator-MOC-89586-Horizon-Zero-Dawn-Corruptor-War-Machine-MOCBRICKLAND-6.jpg\" alt=\"MOC-89586 Horizon Zero Dawn Corruptor War Machine with 332 Pieces\" width=\"800\" height=\"800\" title=\"-\" srcset=\"https:\/\/mouldking.store\/wp-content\/uploads\/2022\/10\/Creator-MOC-89586-Horizon-Zero-Dawn-Corruptor-War-Machine-MOCBRICKLAND-6.jpg 800w, https:\/\/mouldking.store\/wp-content\/uploads\/2022\/10\/Creator-MOC-89586-Horizon-Zero-Dawn-Corruptor-War-Machine-MOCBRICKLAND-6-300x300.jpg 300w, https:\/\/mouldking.store\/wp-content\/uploads\/2022\/10\/Creator-MOC-89586-Horizon-Zero-Dawn-Corruptor-War-Machine-MOCBRICKLAND-6-768x768.jpg 768w, https:\/\/mouldking.store\/wp-content\/uploads\/2022\/10\/Creator-MOC-89586-Horizon-Zero-Dawn-Corruptor-War-Machine-MOCBRICKLAND-6-600x600.jpg 600w, https:\/\/mouldking.store\/wp-content\/uploads\/2022\/10\/Creator-MOC-89586-Horizon-Zero-Dawn-Corruptor-War-Machine-MOCBRICKLAND-6-150x150.jpg 150w, https:\/\/mouldking.store\/wp-content\/uploads\/2022\/10\/Creator-MOC-89586-Horizon-Zero-Dawn-Corruptor-War-Machine-MOCBRICKLAND-6-60x60.jpg 60w, https:\/\/mouldking.store\/wp-content\/uploads\/2022\/10\/Creator-MOC-89586-Horizon-Zero-Dawn-Corruptor-War-Machine-MOCBRICKLAND-6-90x90.jpg 90w\" sizes=\"(max-width: 800px) 100vw, 800px\" \/><figcaption id=\"caption-attachment-33086\" class=\"wp-caption-text\">MOC-89586 Horizon Zero Dawn Corruptor War Machine mit 332 Teilen<\/figcaption><\/figure>\n<figure id=\"attachment_33084\" aria-describedby=\"caption-attachment-33084\" style=\"width: 800px\" class=\"wp-caption aligncenter\"><img decoding=\"async\" class=\"wp-image-33084 size-full\" src=\"https:\/\/mouldking.store\/wp-content\/uploads\/2022\/10\/Creator-MOC-89586-Horizon-Zero-Dawn-Corruptor-War-Machine-MOCBRICKLAND-8.jpg\" alt=\"MOC-89586 Horizon Zero Dawn Corruptor War Machine with 332 Pieces\" width=\"800\" height=\"800\" title=\"-\" srcset=\"https:\/\/mouldking.store\/wp-content\/uploads\/2022\/10\/Creator-MOC-89586-Horizon-Zero-Dawn-Corruptor-War-Machine-MOCBRICKLAND-8.jpg 800w, https:\/\/mouldking.store\/wp-content\/uploads\/2022\/10\/Creator-MOC-89586-Horizon-Zero-Dawn-Corruptor-War-Machine-MOCBRICKLAND-8-300x300.jpg 300w, https:\/\/mouldking.store\/wp-content\/uploads\/2022\/10\/Creator-MOC-89586-Horizon-Zero-Dawn-Corruptor-War-Machine-MOCBRICKLAND-8-768x768.jpg 768w, https:\/\/mouldking.store\/wp-content\/uploads\/2022\/10\/Creator-MOC-89586-Horizon-Zero-Dawn-Corruptor-War-Machine-MOCBRICKLAND-8-600x600.jpg 600w, https:\/\/mouldking.store\/wp-content\/uploads\/2022\/10\/Creator-MOC-89586-Horizon-Zero-Dawn-Corruptor-War-Machine-MOCBRICKLAND-8-150x150.jpg 150w, https:\/\/mouldking.store\/wp-content\/uploads\/2022\/10\/Creator-MOC-89586-Horizon-Zero-Dawn-Corruptor-War-Machine-MOCBRICKLAND-8-60x60.jpg 60w, https:\/\/mouldking.store\/wp-content\/uploads\/2022\/10\/Creator-MOC-89586-Horizon-Zero-Dawn-Corruptor-War-Machine-MOCBRICKLAND-8-90x90.jpg 90w\" sizes=\"(max-width: 800px) 100vw, 800px\" \/><figcaption id=\"caption-attachment-33084\" class=\"wp-caption-text\">MOC-89586 Horizon Zero Dawn Corruptor War Machine mit 332 Teilen<\/figcaption><\/figure>\n<figure id=\"attachment_33083\" aria-describedby=\"caption-attachment-33083\" style=\"width: 800px\" class=\"wp-caption aligncenter\"><img loading=\"lazy\" decoding=\"async\" class=\"wp-image-33083 size-full\" src=\"https:\/\/mouldking.store\/wp-content\/uploads\/2022\/10\/Creator-MOC-89586-Horizon-Zero-Dawn-Corruptor-War-Machine-MOCBRICKLAND-1.jpg\" alt=\"MOC-89586 Horizon Zero Dawn Corruptor War Machine with 332 Pieces\" width=\"800\" height=\"800\" title=\"-\" srcset=\"https:\/\/mouldking.store\/wp-content\/uploads\/2022\/10\/Creator-MOC-89586-Horizon-Zero-Dawn-Corruptor-War-Machine-MOCBRICKLAND-1.jpg 800w, https:\/\/mouldking.store\/wp-content\/uploads\/2022\/10\/Creator-MOC-89586-Horizon-Zero-Dawn-Corruptor-War-Machine-MOCBRICKLAND-1-300x300.jpg 300w, https:\/\/mouldking.store\/wp-content\/uploads\/2022\/10\/Creator-MOC-89586-Horizon-Zero-Dawn-Corruptor-War-Machine-MOCBRICKLAND-1-768x768.jpg 768w, https:\/\/mouldking.store\/wp-content\/uploads\/2022\/10\/Creator-MOC-89586-Horizon-Zero-Dawn-Corruptor-War-Machine-MOCBRICKLAND-1-600x600.jpg 600w, https:\/\/mouldking.store\/wp-content\/uploads\/2022\/10\/Creator-MOC-89586-Horizon-Zero-Dawn-Corruptor-War-Machine-MOCBRICKLAND-1-150x150.jpg 150w, https:\/\/mouldking.store\/wp-content\/uploads\/2022\/10\/Creator-MOC-89586-Horizon-Zero-Dawn-Corruptor-War-Machine-MOCBRICKLAND-1-60x60.jpg 60w, https:\/\/mouldking.store\/wp-content\/uploads\/2022\/10\/Creator-MOC-89586-Horizon-Zero-Dawn-Corruptor-War-Machine-MOCBRICKLAND-1-90x90.jpg 90w\" sizes=\"(max-width: 800px) 100vw, 800px\" \/><figcaption id=\"caption-attachment-33083\" class=\"wp-caption-text\">MOC-89586 Horizon Zero Dawn Corruptor War Machine mit 332 Teilen<\/figcaption><\/figure>\n<figure id=\"attachment_33082\" aria-describedby=\"caption-attachment-33082\" style=\"width: 800px\" class=\"wp-caption aligncenter\"><img loading=\"lazy\" decoding=\"async\" class=\"wp-image-33082 size-full\" src=\"https:\/\/mouldking.store\/wp-content\/uploads\/2022\/10\/Creator-MOC-89586-Horizon-Zero-Dawn-Corruptor-War-Machine-MOCBRICKLAND-2.jpg\" alt=\"MOC-89586 Horizon Zero Dawn Corruptor War Machine with 332 Pieces\" width=\"800\" height=\"800\" title=\"-\" srcset=\"https:\/\/mouldking.store\/wp-content\/uploads\/2022\/10\/Creator-MOC-89586-Horizon-Zero-Dawn-Corruptor-War-Machine-MOCBRICKLAND-2.jpg 800w, https:\/\/mouldking.store\/wp-content\/uploads\/2022\/10\/Creator-MOC-89586-Horizon-Zero-Dawn-Corruptor-War-Machine-MOCBRICKLAND-2-300x300.jpg 300w, https:\/\/mouldking.store\/wp-content\/uploads\/2022\/10\/Creator-MOC-89586-Horizon-Zero-Dawn-Corruptor-War-Machine-MOCBRICKLAND-2-768x768.jpg 768w, https:\/\/mouldking.store\/wp-content\/uploads\/2022\/10\/Creator-MOC-89586-Horizon-Zero-Dawn-Corruptor-War-Machine-MOCBRICKLAND-2-600x600.jpg 600w, https:\/\/mouldking.store\/wp-content\/uploads\/2022\/10\/Creator-MOC-89586-Horizon-Zero-Dawn-Corruptor-War-Machine-MOCBRICKLAND-2-150x150.jpg 150w, https:\/\/mouldking.store\/wp-content\/uploads\/2022\/10\/Creator-MOC-89586-Horizon-Zero-Dawn-Corruptor-War-Machine-MOCBRICKLAND-2-60x60.jpg 60w, https:\/\/mouldking.store\/wp-content\/uploads\/2022\/10\/Creator-MOC-89586-Horizon-Zero-Dawn-Corruptor-War-Machine-MOCBRICKLAND-2-90x90.jpg 90w\" sizes=\"(max-width: 800px) 100vw, 800px\" \/><figcaption id=\"caption-attachment-33082\" class=\"wp-caption-text\">MOC-89586 Horizon Zero Dawn Corruptor War Machine mit 332 Teilen<\/figcaption><\/figure>\n<figure id=\"attachment_33088\" aria-describedby=\"caption-attachment-33088\" style=\"width: 800px\" class=\"wp-caption aligncenter\"><img loading=\"lazy\" decoding=\"async\" class=\"wp-image-33088 size-full\" src=\"https:\/\/mouldking.store\/wp-content\/uploads\/2022\/10\/Creator-MOC-89586-Horizon-Zero-Dawn-Corruptor-War-Machine-MOCBRICKLAND-4.jpg\" alt=\"MOC-89586 Horizon Zero Dawn Corruptor War Machine with 332 Pieces\" width=\"800\" height=\"800\" title=\"-\" srcset=\"https:\/\/mouldking.store\/wp-content\/uploads\/2022\/10\/Creator-MOC-89586-Horizon-Zero-Dawn-Corruptor-War-Machine-MOCBRICKLAND-4.jpg 800w, https:\/\/mouldking.store\/wp-content\/uploads\/2022\/10\/Creator-MOC-89586-Horizon-Zero-Dawn-Corruptor-War-Machine-MOCBRICKLAND-4-300x300.jpg 300w, https:\/\/mouldking.store\/wp-content\/uploads\/2022\/10\/Creator-MOC-89586-Horizon-Zero-Dawn-Corruptor-War-Machine-MOCBRICKLAND-4-768x768.jpg 768w, https:\/\/mouldking.store\/wp-content\/uploads\/2022\/10\/Creator-MOC-89586-Horizon-Zero-Dawn-Corruptor-War-Machine-MOCBRICKLAND-4-600x600.jpg 600w, https:\/\/mouldking.store\/wp-content\/uploads\/2022\/10\/Creator-MOC-89586-Horizon-Zero-Dawn-Corruptor-War-Machine-MOCBRICKLAND-4-150x150.jpg 150w, https:\/\/mouldking.store\/wp-content\/uploads\/2022\/10\/Creator-MOC-89586-Horizon-Zero-Dawn-Corruptor-War-Machine-MOCBRICKLAND-4-60x60.jpg 60w, https:\/\/mouldking.store\/wp-content\/uploads\/2022\/10\/Creator-MOC-89586-Horizon-Zero-Dawn-Corruptor-War-Machine-MOCBRICKLAND-4-90x90.jpg 90w\" sizes=\"(max-width: 800px) 100vw, 800px\" \/><figcaption id=\"caption-attachment-33088\" class=\"wp-caption-text\">MOC-89586 Horizon Zero Dawn Corruptor War Machine mit 332 Teilen<\/figcaption><\/figure>\n<figure id=\"attachment_33089\" aria-describedby=\"caption-attachment-33089\" style=\"width: 800px\" class=\"wp-caption aligncenter\"><img loading=\"lazy\" decoding=\"async\" class=\"wp-image-33089 size-full\" src=\"https:\/\/mouldking.store\/wp-content\/uploads\/2022\/10\/Creator-MOC-89586-Horizon-Zero-Dawn-Corruptor-War-Machine-MOCBRICKLAND-3.jpg\" alt=\"MOC-89586 Horizon Zero Dawn Corruptor War Machine with 332 Pieces\" width=\"800\" height=\"800\" title=\"-\" srcset=\"https:\/\/mouldking.store\/wp-content\/uploads\/2022\/10\/Creator-MOC-89586-Horizon-Zero-Dawn-Corruptor-War-Machine-MOCBRICKLAND-3.jpg 800w, https:\/\/mouldking.store\/wp-content\/uploads\/2022\/10\/Creator-MOC-89586-Horizon-Zero-Dawn-Corruptor-War-Machine-MOCBRICKLAND-3-300x300.jpg 300w, https:\/\/mouldking.store\/wp-content\/uploads\/2022\/10\/Creator-MOC-89586-Horizon-Zero-Dawn-Corruptor-War-Machine-MOCBRICKLAND-3-768x768.jpg 768w, https:\/\/mouldking.store\/wp-content\/uploads\/2022\/10\/Creator-MOC-89586-Horizon-Zero-Dawn-Corruptor-War-Machine-MOCBRICKLAND-3-600x600.jpg 600w, https:\/\/mouldking.store\/wp-content\/uploads\/2022\/10\/Creator-MOC-89586-Horizon-Zero-Dawn-Corruptor-War-Machine-MOCBRICKLAND-3-150x150.jpg 150w, https:\/\/mouldking.store\/wp-content\/uploads\/2022\/10\/Creator-MOC-89586-Horizon-Zero-Dawn-Corruptor-War-Machine-MOCBRICKLAND-3-60x60.jpg 60w, https:\/\/mouldking.store\/wp-content\/uploads\/2022\/10\/Creator-MOC-89586-Horizon-Zero-Dawn-Corruptor-War-Machine-MOCBRICKLAND-3-90x90.jpg 90w\" sizes=\"(max-width: 800px) 100vw, 800px\" \/><figcaption id=\"caption-attachment-33089\" class=\"wp-caption-text\">MOC-89586 Horizon Zero Dawn Corruptor War Machine mit 332 Teilen<\/figcaption><\/figure>\n<figure id=\"attachment_33087\" aria-describedby=\"caption-attachment-33087\" style=\"width: 800px\" class=\"wp-caption aligncenter\"><img loading=\"lazy\" decoding=\"async\" class=\"wp-image-33087 size-full\" src=\"https:\/\/mouldking.store\/wp-content\/uploads\/2022\/10\/Creator-MOC-89586-Horizon-Zero-Dawn-Corruptor-War-Machine-MOCBRICKLAND-5.jpg\" alt=\"MOC-89586 Horizon Zero Dawn Corruptor War Machine with 332 Pieces\" width=\"800\" height=\"800\" title=\"-\" srcset=\"https:\/\/mouldking.store\/wp-content\/uploads\/2022\/10\/Creator-MOC-89586-Horizon-Zero-Dawn-Corruptor-War-Machine-MOCBRICKLAND-5.jpg 800w, https:\/\/mouldking.store\/wp-content\/uploads\/2022\/10\/Creator-MOC-89586-Horizon-Zero-Dawn-Corruptor-War-Machine-MOCBRICKLAND-5-300x300.jpg 300w, https:\/\/mouldking.store\/wp-content\/uploads\/2022\/10\/Creator-MOC-89586-Horizon-Zero-Dawn-Corruptor-War-Machine-MOCBRICKLAND-5-768x768.jpg 768w, https:\/\/mouldking.store\/wp-content\/uploads\/2022\/10\/Creator-MOC-89586-Horizon-Zero-Dawn-Corruptor-War-Machine-MOCBRICKLAND-5-600x600.jpg 600w, https:\/\/mouldking.store\/wp-content\/uploads\/2022\/10\/Creator-MOC-89586-Horizon-Zero-Dawn-Corruptor-War-Machine-MOCBRICKLAND-5-150x150.jpg 150w, https:\/\/mouldking.store\/wp-content\/uploads\/2022\/10\/Creator-MOC-89586-Horizon-Zero-Dawn-Corruptor-War-Machine-MOCBRICKLAND-5-60x60.jpg 60w, https:\/\/mouldking.store\/wp-content\/uploads\/2022\/10\/Creator-MOC-89586-Horizon-Zero-Dawn-Corruptor-War-Machine-MOCBRICKLAND-5-90x90.jpg 90w\" sizes=\"(max-width: 800px) 100vw, 800px\" \/><figcaption id=\"caption-attachment-33087\" class=\"wp-caption-text\">MOC-89586 Horizon Zero Dawn Corruptor War Machine mit 332 Teilen<\/figcaption><\/figure>\n<figure id=\"attachment_33085\" aria-describedby=\"caption-attachment-33085\" style=\"width: 800px\" class=\"wp-caption aligncenter\"><img loading=\"lazy\" decoding=\"async\" class=\"wp-image-33085 size-full\" src=\"https:\/\/mouldking.store\/wp-content\/uploads\/2022\/10\/Creator-MOC-89586-Horizon-Zero-Dawn-Corruptor-War-Machine-MOCBRICKLAND-7.jpg\" alt=\"MOC-89586 Horizon Zero Dawn Corruptor War Machine with 332 Pieces\" width=\"800\" height=\"800\" title=\"-\" srcset=\"https:\/\/mouldking.store\/wp-content\/uploads\/2022\/10\/Creator-MOC-89586-Horizon-Zero-Dawn-Corruptor-War-Machine-MOCBRICKLAND-7.jpg 800w, https:\/\/mouldking.store\/wp-content\/uploads\/2022\/10\/Creator-MOC-89586-Horizon-Zero-Dawn-Corruptor-War-Machine-MOCBRICKLAND-7-300x300.jpg 300w, https:\/\/mouldking.store\/wp-content\/uploads\/2022\/10\/Creator-MOC-89586-Horizon-Zero-Dawn-Corruptor-War-Machine-MOCBRICKLAND-7-768x768.jpg 768w, https:\/\/mouldking.store\/wp-content\/uploads\/2022\/10\/Creator-MOC-89586-Horizon-Zero-Dawn-Corruptor-War-Machine-MOCBRICKLAND-7-600x600.jpg 600w, https:\/\/mouldking.store\/wp-content\/uploads\/2022\/10\/Creator-MOC-89586-Horizon-Zero-Dawn-Corruptor-War-Machine-MOCBRICKLAND-7-150x150.jpg 150w, https:\/\/mouldking.store\/wp-content\/uploads\/2022\/10\/Creator-MOC-89586-Horizon-Zero-Dawn-Corruptor-War-Machine-MOCBRICKLAND-7-60x60.jpg 60w, https:\/\/mouldking.store\/wp-content\/uploads\/2022\/10\/Creator-MOC-89586-Horizon-Zero-Dawn-Corruptor-War-Machine-MOCBRICKLAND-7-90x90.jpg 90w\" sizes=\"(max-width: 800px) 100vw, 800px\" \/><figcaption id=\"caption-attachment-33085\" class=\"wp-caption-text\">MOC-89586 Horizon Zero Dawn Corruptor War Machine mit 332 Teilen<\/figcaption><\/figure>","protected":false},"excerpt":{"rendered":"<p>Product information: Brand: MOC Gender: Unisex Name: Horizon Zero Dawn Corruptor War Machine Age Range: &gt; 6 years old Model Number: C9155 Classification: Assemblage Plastic Block Shape: Self-Locking Bricks Material: Plastic Plastic Type: ABS Bricks Blocks: 332 PCS Dimensions: 22.8 x 22.8 x 21.3 cm Weight: 0.21 kg Contains detailed assembly instructions. Notice: 1. Without [&hellip;]<\/p>","protected":false},"featured_media":33090,"comment_status":"closed","ping_status":"closed","template":"","meta":{"_acf_changed":false},"product_cat":[371],"product_tag":[6083,5808,5950,6082,6081],"class_list":["product","first","instock","shipping-taxable","purchasable","product-type-simple"],"acf":[],"_links":{"self":[{"href":"https:\/\/mouldking.store\/de\/wp-json\/wp\/v2\/product\/33081","targetHints":{"allow":["GET"]}}],"collection":[{"href":"https:\/\/mouldking.store\/de\/wp-json\/wp\/v2\/product"}],"about":[{"href":"https:\/\/mouldking.store\/de\/wp-json\/wp\/v2\/types\/product"}],"replies":[{"embeddable":true,"href":"https:\/\/mouldking.store\/de\/wp-json\/wp\/v2\/comments?post=33081"}],"wp:featuredmedia":[{"embeddable":true,"href":"https:\/\/mouldking.store\/de\/wp-json\/wp\/v2\/media\/33090"}],"wp:attachment":[{"href":"https:\/\/mouldking.store\/de\/wp-json\/wp\/v2\/media?parent=33081"}],"wp:term":[{"taxonomy":"product_cat","embeddable":true,"href":"https:\/\/mouldking.store\/de\/wp-json\/wp\/v2\/product_cat?post=33081"},{"taxonomy":"product_tag","embeddable":true,"href":"https:\/\/mouldking.store\/de\/wp-json\/wp\/v2\/product_tag?post=33081"}],"curies":[{"name":"wp","href":"https:\/\/api.w.org\/{rel}","templated":true}]}}