{"id":33105,"date":"2022-10-13T14:55:05","date_gmt":"2022-10-13T07:55:05","guid":{"rendered":"https:\/\/mouldking.store\/?post_type=product&#038;p=33105"},"modified":"2025-12-25T09:12:25","modified_gmt":"2025-12-25T02:12:25","slug":"moc-118520-jim-hoppers-chevy-k5-blazer-with-192-pieces","status":"publish","type":"product","link":"https:\/\/mouldking.store\/de\/shop\/moc-118520-jim-hoppers-chevy-k5-blazer-with-192-pieces\/","title":{"rendered":"MOC-118520 Jim Hoppers Chevy K5 Blazer mit 192 Teilen"},"content":{"rendered":"<p>Produktinformation:<\/p>\n<ol>\n<li>Marke: MOC<\/li>\n<li>Geschlecht: Unisex<\/li>\n<li>Name: Jim Hopper\u2019s Chevy K5 Blazer<\/li>\n<li>Altersspanne: &gt; 6 Jahre alt<\/li>\n<li>Model Number: C9136<\/li>\n<li>Einstufung: Assemblage<\/li>\n<li>Kunststoffblockform: Selbstsichernde Steine<\/li>\n<li>Material: Kunststoff<\/li>\n<li>Kunststofftyp: ABS<\/li>\n<li>Bricks Blocks: 192\u00a0PCS<\/li>\n<li>Dimensions: 12.8 x 5.6 x 7.2 cm<\/li>\n<li>Gewicht: 0,14 kg<\/li>\n<li>Enth\u00e4lt eine ausf\u00fchrliche Montageanleitung.<\/li>\n<\/ol>\n<p>Notiz:<br \/>\n1. Ohne Originalverpackung, aber wir garantieren, dass unsere Produkte eine Qualit\u00e4tssicherung und eine sch\u00f6ne Verpackung haben.<br \/>\n2. Wie alle Teile, die wir vor dem Versand \u00fcberpr\u00fcft haben, machen Sie sich keine Sorgen, wenn Sie feststellen, dass einige Teile fehlen oder besch\u00e4digt sind, und kontaktieren Sie uns einfach, und wir k\u00f6nnen sie Ihnen umgehend kostenlos erneut zusenden.<\/p>\n<p>&nbsp;<\/p>\n<figure id=\"attachment_33106\" aria-describedby=\"caption-attachment-33106\" style=\"width: 1024px\" class=\"wp-caption aligncenter\"><img fetchpriority=\"high\" decoding=\"async\" class=\"wp-image-33106 size-large\" src=\"https:\/\/mouldking.store\/wp-content\/uploads\/2022\/10\/Movie-MOC-118520-Jim-Hoppers-Chevy-K5-Blazer-MOCBRICKLAND-1024x1024.png\" alt=\"MOC-118520 Jim Hopper\u2019s Chevy K5 Blazer with 192 Pieces\" width=\"1024\" height=\"1024\" title=\"-\" srcset=\"https:\/\/mouldking.store\/wp-content\/uploads\/2022\/10\/Movie-MOC-118520-Jim-Hoppers-Chevy-K5-Blazer-MOCBRICKLAND-1024x1024.png 1024w, https:\/\/mouldking.store\/wp-content\/uploads\/2022\/10\/Movie-MOC-118520-Jim-Hoppers-Chevy-K5-Blazer-MOCBRICKLAND-300x300.png 300w, https:\/\/mouldking.store\/wp-content\/uploads\/2022\/10\/Movie-MOC-118520-Jim-Hoppers-Chevy-K5-Blazer-MOCBRICKLAND-768x768.png 768w, https:\/\/mouldking.store\/wp-content\/uploads\/2022\/10\/Movie-MOC-118520-Jim-Hoppers-Chevy-K5-Blazer-MOCBRICKLAND-1536x1536.png 1536w, https:\/\/mouldking.store\/wp-content\/uploads\/2022\/10\/Movie-MOC-118520-Jim-Hoppers-Chevy-K5-Blazer-MOCBRICKLAND-2048x2048.png 2048w, https:\/\/mouldking.store\/wp-content\/uploads\/2022\/10\/Movie-MOC-118520-Jim-Hoppers-Chevy-K5-Blazer-MOCBRICKLAND-600x600.png 600w, https:\/\/mouldking.store\/wp-content\/uploads\/2022\/10\/Movie-MOC-118520-Jim-Hoppers-Chevy-K5-Blazer-MOCBRICKLAND-150x150.png 150w, https:\/\/mouldking.store\/wp-content\/uploads\/2022\/10\/Movie-MOC-118520-Jim-Hoppers-Chevy-K5-Blazer-MOCBRICKLAND-60x60.png 60w, https:\/\/mouldking.store\/wp-content\/uploads\/2022\/10\/Movie-MOC-118520-Jim-Hoppers-Chevy-K5-Blazer-MOCBRICKLAND-90x90.png 90w\" sizes=\"(max-width: 1024px) 100vw, 1024px\" \/><figcaption id=\"caption-attachment-33106\" class=\"wp-caption-text\">MOC-118520 Jim Hoppers Chevy K5 Blazer mit 192 Teilen<\/figcaption><\/figure>\n<figure id=\"attachment_33107\" aria-describedby=\"caption-attachment-33107\" style=\"width: 800px\" class=\"wp-caption aligncenter\"><img decoding=\"async\" class=\"wp-image-33107 size-full\" src=\"https:\/\/mouldking.store\/wp-content\/uploads\/2022\/10\/Movie-MOC-118520-Jim-Hoppers-Chevy-K5-Blazer-MOCBRICKLAND-4.jpg\" alt=\"MOC-118520 Jim Hopper\u2019s Chevy K5 Blazer with 192 Pieces\" width=\"800\" height=\"800\" title=\"-\" srcset=\"https:\/\/mouldking.store\/wp-content\/uploads\/2022\/10\/Movie-MOC-118520-Jim-Hoppers-Chevy-K5-Blazer-MOCBRICKLAND-4.jpg 800w, https:\/\/mouldking.store\/wp-content\/uploads\/2022\/10\/Movie-MOC-118520-Jim-Hoppers-Chevy-K5-Blazer-MOCBRICKLAND-4-300x300.jpg 300w, https:\/\/mouldking.store\/wp-content\/uploads\/2022\/10\/Movie-MOC-118520-Jim-Hoppers-Chevy-K5-Blazer-MOCBRICKLAND-4-768x768.jpg 768w, https:\/\/mouldking.store\/wp-content\/uploads\/2022\/10\/Movie-MOC-118520-Jim-Hoppers-Chevy-K5-Blazer-MOCBRICKLAND-4-600x600.jpg 600w, https:\/\/mouldking.store\/wp-content\/uploads\/2022\/10\/Movie-MOC-118520-Jim-Hoppers-Chevy-K5-Blazer-MOCBRICKLAND-4-150x150.jpg 150w, https:\/\/mouldking.store\/wp-content\/uploads\/2022\/10\/Movie-MOC-118520-Jim-Hoppers-Chevy-K5-Blazer-MOCBRICKLAND-4-60x60.jpg 60w, https:\/\/mouldking.store\/wp-content\/uploads\/2022\/10\/Movie-MOC-118520-Jim-Hoppers-Chevy-K5-Blazer-MOCBRICKLAND-4-90x90.jpg 90w\" sizes=\"(max-width: 800px) 100vw, 800px\" \/><figcaption id=\"caption-attachment-33107\" class=\"wp-caption-text\">MOC-118520 Jim Hoppers Chevy K5 Blazer mit 192 Teilen<\/figcaption><\/figure>\n<figure id=\"attachment_33108\" aria-describedby=\"caption-attachment-33108\" style=\"width: 800px\" class=\"wp-caption aligncenter\"><img decoding=\"async\" class=\"wp-image-33108 size-full\" src=\"https:\/\/mouldking.store\/wp-content\/uploads\/2022\/10\/Movie-MOC-118520-Jim-Hoppers-Chevy-K5-Blazer-MOCBRICKLAND-3.jpg\" alt=\"MOC-118520 Jim Hopper\u2019s Chevy K5 Blazer with 192 Pieces\" width=\"800\" height=\"800\" title=\"-\" srcset=\"https:\/\/mouldking.store\/wp-content\/uploads\/2022\/10\/Movie-MOC-118520-Jim-Hoppers-Chevy-K5-Blazer-MOCBRICKLAND-3.jpg 800w, https:\/\/mouldking.store\/wp-content\/uploads\/2022\/10\/Movie-MOC-118520-Jim-Hoppers-Chevy-K5-Blazer-MOCBRICKLAND-3-300x300.jpg 300w, https:\/\/mouldking.store\/wp-content\/uploads\/2022\/10\/Movie-MOC-118520-Jim-Hoppers-Chevy-K5-Blazer-MOCBRICKLAND-3-768x768.jpg 768w, https:\/\/mouldking.store\/wp-content\/uploads\/2022\/10\/Movie-MOC-118520-Jim-Hoppers-Chevy-K5-Blazer-MOCBRICKLAND-3-600x600.jpg 600w, https:\/\/mouldking.store\/wp-content\/uploads\/2022\/10\/Movie-MOC-118520-Jim-Hoppers-Chevy-K5-Blazer-MOCBRICKLAND-3-150x150.jpg 150w, https:\/\/mouldking.store\/wp-content\/uploads\/2022\/10\/Movie-MOC-118520-Jim-Hoppers-Chevy-K5-Blazer-MOCBRICKLAND-3-60x60.jpg 60w, https:\/\/mouldking.store\/wp-content\/uploads\/2022\/10\/Movie-MOC-118520-Jim-Hoppers-Chevy-K5-Blazer-MOCBRICKLAND-3-90x90.jpg 90w\" sizes=\"(max-width: 800px) 100vw, 800px\" \/><figcaption id=\"caption-attachment-33108\" class=\"wp-caption-text\">MOC-118520 Jim Hoppers Chevy K5 Blazer mit 192 Teilen<\/figcaption><\/figure>\n<figure id=\"attachment_33109\" aria-describedby=\"caption-attachment-33109\" style=\"width: 800px\" class=\"wp-caption aligncenter\"><img loading=\"lazy\" decoding=\"async\" class=\"wp-image-33109 size-full\" src=\"https:\/\/mouldking.store\/wp-content\/uploads\/2022\/10\/Movie-MOC-118520-Jim-Hoppers-Chevy-K5-Blazer-MOCBRICKLAND-2.jpg\" alt=\"MOC-118520 Jim Hopper\u2019s Chevy K5 Blazer with 192 Pieces\" width=\"800\" height=\"800\" title=\"-\" srcset=\"https:\/\/mouldking.store\/wp-content\/uploads\/2022\/10\/Movie-MOC-118520-Jim-Hoppers-Chevy-K5-Blazer-MOCBRICKLAND-2.jpg 800w, https:\/\/mouldking.store\/wp-content\/uploads\/2022\/10\/Movie-MOC-118520-Jim-Hoppers-Chevy-K5-Blazer-MOCBRICKLAND-2-300x300.jpg 300w, https:\/\/mouldking.store\/wp-content\/uploads\/2022\/10\/Movie-MOC-118520-Jim-Hoppers-Chevy-K5-Blazer-MOCBRICKLAND-2-768x768.jpg 768w, https:\/\/mouldking.store\/wp-content\/uploads\/2022\/10\/Movie-MOC-118520-Jim-Hoppers-Chevy-K5-Blazer-MOCBRICKLAND-2-600x600.jpg 600w, https:\/\/mouldking.store\/wp-content\/uploads\/2022\/10\/Movie-MOC-118520-Jim-Hoppers-Chevy-K5-Blazer-MOCBRICKLAND-2-150x150.jpg 150w, https:\/\/mouldking.store\/wp-content\/uploads\/2022\/10\/Movie-MOC-118520-Jim-Hoppers-Chevy-K5-Blazer-MOCBRICKLAND-2-60x60.jpg 60w, https:\/\/mouldking.store\/wp-content\/uploads\/2022\/10\/Movie-MOC-118520-Jim-Hoppers-Chevy-K5-Blazer-MOCBRICKLAND-2-90x90.jpg 90w\" sizes=\"(max-width: 800px) 100vw, 800px\" \/><figcaption id=\"caption-attachment-33109\" class=\"wp-caption-text\">MOC-118520 Jim Hoppers Chevy K5 Blazer mit 192 Teilen<\/figcaption><\/figure>\n<figure id=\"attachment_33110\" aria-describedby=\"caption-attachment-33110\" style=\"width: 800px\" class=\"wp-caption aligncenter\"><img loading=\"lazy\" decoding=\"async\" class=\"wp-image-33110 size-full\" src=\"https:\/\/mouldking.store\/wp-content\/uploads\/2022\/10\/Movie-MOC-118520-Jim-Hoppers-Chevy-K5-Blazer-MOCBRICKLAND-1.jpg\" alt=\"MOC-118520 Jim Hopper\u2019s Chevy K5 Blazer with 192 Pieces\" width=\"800\" height=\"800\" title=\"-\" srcset=\"https:\/\/mouldking.store\/wp-content\/uploads\/2022\/10\/Movie-MOC-118520-Jim-Hoppers-Chevy-K5-Blazer-MOCBRICKLAND-1.jpg 800w, https:\/\/mouldking.store\/wp-content\/uploads\/2022\/10\/Movie-MOC-118520-Jim-Hoppers-Chevy-K5-Blazer-MOCBRICKLAND-1-300x300.jpg 300w, https:\/\/mouldking.store\/wp-content\/uploads\/2022\/10\/Movie-MOC-118520-Jim-Hoppers-Chevy-K5-Blazer-MOCBRICKLAND-1-768x768.jpg 768w, https:\/\/mouldking.store\/wp-content\/uploads\/2022\/10\/Movie-MOC-118520-Jim-Hoppers-Chevy-K5-Blazer-MOCBRICKLAND-1-600x600.jpg 600w, https:\/\/mouldking.store\/wp-content\/uploads\/2022\/10\/Movie-MOC-118520-Jim-Hoppers-Chevy-K5-Blazer-MOCBRICKLAND-1-150x150.jpg 150w, https:\/\/mouldking.store\/wp-content\/uploads\/2022\/10\/Movie-MOC-118520-Jim-Hoppers-Chevy-K5-Blazer-MOCBRICKLAND-1-60x60.jpg 60w, https:\/\/mouldking.store\/wp-content\/uploads\/2022\/10\/Movie-MOC-118520-Jim-Hoppers-Chevy-K5-Blazer-MOCBRICKLAND-1-90x90.jpg 90w\" sizes=\"(max-width: 800px) 100vw, 800px\" \/><figcaption id=\"caption-attachment-33110\" class=\"wp-caption-text\">MOC-118520 Jim Hoppers Chevy K5 Blazer mit 192 Teilen<\/figcaption><\/figure>","protected":false},"excerpt":{"rendered":"<p>Product information: Brand: MOC Gender: Unisex Name: Jim Hopper\u2019s Chevy K5 Blazer Age Range: &gt; 6 years old Model Number: C9136 Classification: Assemblage Plastic Block Shape: Self-Locking Bricks Material: Plastic Plastic Type: ABS Bricks Blocks: 192\u00a0PCS Dimensions: 12.8 x 5.6 x 7.2 cm Weight: 0.14 kg Contains detailed assembly instructions. Notice: 1. Without an original [&hellip;]<\/p>","protected":false},"featured_media":33106,"comment_status":"closed","ping_status":"closed","template":"","meta":{"_acf_changed":false},"product_cat":[581],"product_tag":[6096,6095,6094,6093],"class_list":["product","first","instock","shipping-taxable","purchasable","product-type-simple"],"acf":[],"_links":{"self":[{"href":"https:\/\/mouldking.store\/de\/wp-json\/wp\/v2\/product\/33105","targetHints":{"allow":["GET"]}}],"collection":[{"href":"https:\/\/mouldking.store\/de\/wp-json\/wp\/v2\/product"}],"about":[{"href":"https:\/\/mouldking.store\/de\/wp-json\/wp\/v2\/types\/product"}],"replies":[{"embeddable":true,"href":"https:\/\/mouldking.store\/de\/wp-json\/wp\/v2\/comments?post=33105"}],"wp:featuredmedia":[{"embeddable":true,"href":"https:\/\/mouldking.store\/de\/wp-json\/wp\/v2\/media\/33106"}],"wp:attachment":[{"href":"https:\/\/mouldking.store\/de\/wp-json\/wp\/v2\/media?parent=33105"}],"wp:term":[{"taxonomy":"product_cat","embeddable":true,"href":"https:\/\/mouldking.store\/de\/wp-json\/wp\/v2\/product_cat?post=33105"},{"taxonomy":"product_tag","embeddable":true,"href":"https:\/\/mouldking.store\/de\/wp-json\/wp\/v2\/product_tag?post=33105"}],"curies":[{"name":"wp","href":"https:\/\/api.w.org\/{rel}","templated":true}]}}