{"id":33180,"date":"2022-10-13T16:21:20","date_gmt":"2022-10-13T09:21:20","guid":{"rendered":"https:\/\/mouldking.store\/?post_type=product&#038;p=33180"},"modified":"2025-12-25T09:12:25","modified_gmt":"2025-12-25T02:12:25","slug":"moc-117559-blacksmith-accessories-with-1048-pieces","status":"publish","type":"product","link":"https:\/\/mouldking.store\/de\/shop\/moc-117559-blacksmith-accessories-with-1048-pieces\/","title":{"rendered":"MOC-117559 Schmiedezubeh\u00f6r mit 1048 Teilen"},"content":{"rendered":"<p>Produktinformation:<\/p>\n<ol>\n<li>Marke: MOC<\/li>\n<li>Geschlecht: Unisex<\/li>\n<li>Name: Blacksmith Accessories<\/li>\n<li>Altersspanne: &gt; 6 Jahre alt<\/li>\n<li>Model Number: C9160<\/li>\n<li>Einstufung: Assemblage<\/li>\n<li>Kunststoffblockform: Selbstsichernde Steine<\/li>\n<li>Material: Kunststoff<\/li>\n<li>Kunststofftyp: ABS<\/li>\n<li>Bricks Blocks: 1048\u00a0PCS<\/li>\n<li>Dimensions: 36.8 x 22.2 x 18.6 cm<\/li>\n<li>Weight: 0.91 kg<\/li>\n<li>Enth\u00e4lt eine ausf\u00fchrliche Montageanleitung.<\/li>\n<\/ol>\n<p>Notiz:<br \/>\n1. Ohne Originalverpackung, aber wir garantieren, dass unsere Produkte eine Qualit\u00e4tssicherung und eine sch\u00f6ne Verpackung haben.<br \/>\n2. Wie alle Teile, die wir vor dem Versand \u00fcberpr\u00fcft haben, machen Sie sich keine Sorgen, wenn Sie feststellen, dass einige Teile fehlen oder besch\u00e4digt sind, und kontaktieren Sie uns einfach, und wir k\u00f6nnen sie Ihnen umgehend kostenlos erneut zusenden.<\/p>\n<p>&nbsp;<\/p>\n<figure id=\"attachment_33185\" aria-describedby=\"caption-attachment-33185\" style=\"width: 1024px\" class=\"wp-caption aligncenter\"><img fetchpriority=\"high\" decoding=\"async\" class=\"wp-image-33185 size-large\" src=\"https:\/\/mouldking.store\/wp-content\/uploads\/2022\/10\/Military-MOC-117559-Blacksmith-Accessories-MOCBRICKLAND-1024x1024.png\" alt=\"MOC-117559 Blacksmith Accessories with 1048 Pieces\" width=\"1024\" height=\"1024\" title=\"-\" srcset=\"https:\/\/mouldking.store\/wp-content\/uploads\/2022\/10\/Military-MOC-117559-Blacksmith-Accessories-MOCBRICKLAND-1024x1024.png 1024w, https:\/\/mouldking.store\/wp-content\/uploads\/2022\/10\/Military-MOC-117559-Blacksmith-Accessories-MOCBRICKLAND-300x300.png 300w, https:\/\/mouldking.store\/wp-content\/uploads\/2022\/10\/Military-MOC-117559-Blacksmith-Accessories-MOCBRICKLAND-768x768.png 768w, https:\/\/mouldking.store\/wp-content\/uploads\/2022\/10\/Military-MOC-117559-Blacksmith-Accessories-MOCBRICKLAND-1536x1536.png 1536w, https:\/\/mouldking.store\/wp-content\/uploads\/2022\/10\/Military-MOC-117559-Blacksmith-Accessories-MOCBRICKLAND-2048x2048.png 2048w, https:\/\/mouldking.store\/wp-content\/uploads\/2022\/10\/Military-MOC-117559-Blacksmith-Accessories-MOCBRICKLAND-600x600.png 600w, https:\/\/mouldking.store\/wp-content\/uploads\/2022\/10\/Military-MOC-117559-Blacksmith-Accessories-MOCBRICKLAND-150x150.png 150w, https:\/\/mouldking.store\/wp-content\/uploads\/2022\/10\/Military-MOC-117559-Blacksmith-Accessories-MOCBRICKLAND-60x60.png 60w, https:\/\/mouldking.store\/wp-content\/uploads\/2022\/10\/Military-MOC-117559-Blacksmith-Accessories-MOCBRICKLAND-90x90.png 90w\" sizes=\"(max-width: 1024px) 100vw, 1024px\" \/><figcaption id=\"caption-attachment-33185\" class=\"wp-caption-text\">MOC-117559 Schmiedezubeh\u00f6r mit 1048 Teilen<\/figcaption><\/figure>\n<figure id=\"attachment_33181\" aria-describedby=\"caption-attachment-33181\" style=\"width: 800px\" class=\"wp-caption aligncenter\"><img decoding=\"async\" class=\"wp-image-33181 size-full\" src=\"https:\/\/mouldking.store\/wp-content\/uploads\/2022\/10\/Military-MOC-117559-Blacksmith-Accessories-MOCBRICKLAND-3.jpg\" alt=\"MOC-117559 Blacksmith Accessories with 1048 Pieces\" width=\"800\" height=\"800\" title=\"-\" srcset=\"https:\/\/mouldking.store\/wp-content\/uploads\/2022\/10\/Military-MOC-117559-Blacksmith-Accessories-MOCBRICKLAND-3.jpg 800w, https:\/\/mouldking.store\/wp-content\/uploads\/2022\/10\/Military-MOC-117559-Blacksmith-Accessories-MOCBRICKLAND-3-300x300.jpg 300w, https:\/\/mouldking.store\/wp-content\/uploads\/2022\/10\/Military-MOC-117559-Blacksmith-Accessories-MOCBRICKLAND-3-768x768.jpg 768w, https:\/\/mouldking.store\/wp-content\/uploads\/2022\/10\/Military-MOC-117559-Blacksmith-Accessories-MOCBRICKLAND-3-600x600.jpg 600w, https:\/\/mouldking.store\/wp-content\/uploads\/2022\/10\/Military-MOC-117559-Blacksmith-Accessories-MOCBRICKLAND-3-150x150.jpg 150w, https:\/\/mouldking.store\/wp-content\/uploads\/2022\/10\/Military-MOC-117559-Blacksmith-Accessories-MOCBRICKLAND-3-60x60.jpg 60w, https:\/\/mouldking.store\/wp-content\/uploads\/2022\/10\/Military-MOC-117559-Blacksmith-Accessories-MOCBRICKLAND-3-90x90.jpg 90w\" sizes=\"(max-width: 800px) 100vw, 800px\" \/><figcaption id=\"caption-attachment-33181\" class=\"wp-caption-text\">MOC-117559 Schmiedezubeh\u00f6r mit 1048 Teilen<\/figcaption><\/figure>\n<figure id=\"attachment_33182\" aria-describedby=\"caption-attachment-33182\" style=\"width: 800px\" class=\"wp-caption aligncenter\"><img decoding=\"async\" class=\"wp-image-33182 size-full\" src=\"https:\/\/mouldking.store\/wp-content\/uploads\/2022\/10\/Military-MOC-117559-Blacksmith-Accessories-MOCBRICKLAND-2.jpg\" alt=\"MOC-117559 Blacksmith Accessories with 1048 Pieces\" width=\"800\" height=\"800\" title=\"-\" srcset=\"https:\/\/mouldking.store\/wp-content\/uploads\/2022\/10\/Military-MOC-117559-Blacksmith-Accessories-MOCBRICKLAND-2.jpg 800w, https:\/\/mouldking.store\/wp-content\/uploads\/2022\/10\/Military-MOC-117559-Blacksmith-Accessories-MOCBRICKLAND-2-300x300.jpg 300w, https:\/\/mouldking.store\/wp-content\/uploads\/2022\/10\/Military-MOC-117559-Blacksmith-Accessories-MOCBRICKLAND-2-768x768.jpg 768w, https:\/\/mouldking.store\/wp-content\/uploads\/2022\/10\/Military-MOC-117559-Blacksmith-Accessories-MOCBRICKLAND-2-600x600.jpg 600w, https:\/\/mouldking.store\/wp-content\/uploads\/2022\/10\/Military-MOC-117559-Blacksmith-Accessories-MOCBRICKLAND-2-150x150.jpg 150w, https:\/\/mouldking.store\/wp-content\/uploads\/2022\/10\/Military-MOC-117559-Blacksmith-Accessories-MOCBRICKLAND-2-60x60.jpg 60w, https:\/\/mouldking.store\/wp-content\/uploads\/2022\/10\/Military-MOC-117559-Blacksmith-Accessories-MOCBRICKLAND-2-90x90.jpg 90w\" sizes=\"(max-width: 800px) 100vw, 800px\" \/><figcaption id=\"caption-attachment-33182\" class=\"wp-caption-text\">MOC-117559 Schmiedezubeh\u00f6r mit 1048 Teilen<\/figcaption><\/figure>\n<figure id=\"attachment_33184\" aria-describedby=\"caption-attachment-33184\" style=\"width: 800px\" class=\"wp-caption aligncenter\"><img loading=\"lazy\" decoding=\"async\" class=\"wp-image-33184 size-full\" src=\"https:\/\/mouldking.store\/wp-content\/uploads\/2022\/10\/Military-MOC-117559-Blacksmith-Accessories-MOCBRICKLAND-4.jpg\" alt=\"MOC-117559 Blacksmith Accessories with 1048 Pieces\" width=\"800\" height=\"800\" title=\"-\" srcset=\"https:\/\/mouldking.store\/wp-content\/uploads\/2022\/10\/Military-MOC-117559-Blacksmith-Accessories-MOCBRICKLAND-4.jpg 800w, https:\/\/mouldking.store\/wp-content\/uploads\/2022\/10\/Military-MOC-117559-Blacksmith-Accessories-MOCBRICKLAND-4-300x300.jpg 300w, https:\/\/mouldking.store\/wp-content\/uploads\/2022\/10\/Military-MOC-117559-Blacksmith-Accessories-MOCBRICKLAND-4-768x768.jpg 768w, https:\/\/mouldking.store\/wp-content\/uploads\/2022\/10\/Military-MOC-117559-Blacksmith-Accessories-MOCBRICKLAND-4-600x600.jpg 600w, https:\/\/mouldking.store\/wp-content\/uploads\/2022\/10\/Military-MOC-117559-Blacksmith-Accessories-MOCBRICKLAND-4-150x150.jpg 150w, https:\/\/mouldking.store\/wp-content\/uploads\/2022\/10\/Military-MOC-117559-Blacksmith-Accessories-MOCBRICKLAND-4-60x60.jpg 60w, https:\/\/mouldking.store\/wp-content\/uploads\/2022\/10\/Military-MOC-117559-Blacksmith-Accessories-MOCBRICKLAND-4-90x90.jpg 90w\" sizes=\"(max-width: 800px) 100vw, 800px\" \/><figcaption id=\"caption-attachment-33184\" class=\"wp-caption-text\">MOC-117559 Schmiedezubeh\u00f6r mit 1048 Teilen<\/figcaption><\/figure>\n<figure id=\"attachment_33183\" aria-describedby=\"caption-attachment-33183\" style=\"width: 800px\" class=\"wp-caption aligncenter\"><img loading=\"lazy\" decoding=\"async\" class=\"wp-image-33183 size-full\" src=\"https:\/\/mouldking.store\/wp-content\/uploads\/2022\/10\/Military-MOC-117559-Blacksmith-Accessories-MOCBRICKLAND-1.jpg\" alt=\"MOC-117559 Blacksmith Accessories with 1048 Pieces\" width=\"800\" height=\"1210\" title=\"-\" srcset=\"https:\/\/mouldking.store\/wp-content\/uploads\/2022\/10\/Military-MOC-117559-Blacksmith-Accessories-MOCBRICKLAND-1.jpg 800w, https:\/\/mouldking.store\/wp-content\/uploads\/2022\/10\/Military-MOC-117559-Blacksmith-Accessories-MOCBRICKLAND-1-198x300.jpg 198w, https:\/\/mouldking.store\/wp-content\/uploads\/2022\/10\/Military-MOC-117559-Blacksmith-Accessories-MOCBRICKLAND-1-677x1024.jpg 677w, https:\/\/mouldking.store\/wp-content\/uploads\/2022\/10\/Military-MOC-117559-Blacksmith-Accessories-MOCBRICKLAND-1-768x1162.jpg 768w, https:\/\/mouldking.store\/wp-content\/uploads\/2022\/10\/Military-MOC-117559-Blacksmith-Accessories-MOCBRICKLAND-1-300x454.jpg 300w, https:\/\/mouldking.store\/wp-content\/uploads\/2022\/10\/Military-MOC-117559-Blacksmith-Accessories-MOCBRICKLAND-1-600x908.jpg 600w, https:\/\/mouldking.store\/wp-content\/uploads\/2022\/10\/Military-MOC-117559-Blacksmith-Accessories-MOCBRICKLAND-1-99x150.jpg 99w, https:\/\/mouldking.store\/wp-content\/uploads\/2022\/10\/Military-MOC-117559-Blacksmith-Accessories-MOCBRICKLAND-1-40x60.jpg 40w, https:\/\/mouldking.store\/wp-content\/uploads\/2022\/10\/Military-MOC-117559-Blacksmith-Accessories-MOCBRICKLAND-1-60x90.jpg 60w\" sizes=\"(max-width: 800px) 100vw, 800px\" \/><figcaption id=\"caption-attachment-33183\" class=\"wp-caption-text\">MOC-117559 Schmiedezubeh\u00f6r mit 1048 Teilen<\/figcaption><\/figure>","protected":false},"excerpt":{"rendered":"<p>Product information: Brand: MOC Gender: Unisex Name: Blacksmith Accessories Age Range: &gt; 6 years old Model Number: C9160 Classification: Assemblage Plastic Block Shape: Self-Locking Bricks Material: Plastic Plastic Type: ABS Bricks Blocks: 1048\u00a0PCS Dimensions: 36.8 x 22.2 x 18.6 cm Weight: 0.91 kg Contains detailed assembly instructions. Notice: 1. Without an original box, but we [&hellip;]<\/p>","protected":false},"featured_media":33185,"comment_status":"closed","ping_status":"closed","template":"","meta":{"_acf_changed":false},"product_cat":[372],"product_tag":[2676,6114,6113,6112],"class_list":["product","first","instock","shipping-taxable","purchasable","product-type-simple"],"acf":[],"_links":{"self":[{"href":"https:\/\/mouldking.store\/de\/wp-json\/wp\/v2\/product\/33180","targetHints":{"allow":["GET"]}}],"collection":[{"href":"https:\/\/mouldking.store\/de\/wp-json\/wp\/v2\/product"}],"about":[{"href":"https:\/\/mouldking.store\/de\/wp-json\/wp\/v2\/types\/product"}],"replies":[{"embeddable":true,"href":"https:\/\/mouldking.store\/de\/wp-json\/wp\/v2\/comments?post=33180"}],"wp:featuredmedia":[{"embeddable":true,"href":"https:\/\/mouldking.store\/de\/wp-json\/wp\/v2\/media\/33185"}],"wp:attachment":[{"href":"https:\/\/mouldking.store\/de\/wp-json\/wp\/v2\/media?parent=33180"}],"wp:term":[{"taxonomy":"product_cat","embeddable":true,"href":"https:\/\/mouldking.store\/de\/wp-json\/wp\/v2\/product_cat?post=33180"},{"taxonomy":"product_tag","embeddable":true,"href":"https:\/\/mouldking.store\/de\/wp-json\/wp\/v2\/product_tag?post=33180"}],"curies":[{"name":"wp","href":"https:\/\/api.w.org\/{rel}","templated":true}]}}