{"id":33193,"date":"2022-10-13T16:32:48","date_gmt":"2022-10-13T09:32:48","guid":{"rendered":"https:\/\/mouldking.store\/?post_type=product&#038;p=33193"},"modified":"2025-12-25T09:12:24","modified_gmt":"2025-12-25T02:12:24","slug":"moc-63884-revali-the-legend-of-zelda-breath-of-the-wild-brickheadz-with-204-pieces","status":"publish","type":"product","link":"https:\/\/mouldking.store\/de\/shop\/moc-63884-revali-the-legend-of-zelda-breath-of-the-wild-brickheadz-with-204-pieces\/","title":{"rendered":"MOC-63884 Revali The Legend of Zelda: Breath of the Wild Brickheadz mit 204 Teilen"},"content":{"rendered":"<p>Produktinformation:<\/p>\n<ol>\n<li>Marke: MOC<\/li>\n<li>Geschlecht: Unisex<\/li>\n<li>Name: Revali The Legend of Zelda: Breath of the Wild Brickheadz<\/li>\n<li>Altersspanne: &gt; 6 Jahre alt<\/li>\n<li>Model Number: C9097<\/li>\n<li>Einstufung: Assemblage<\/li>\n<li>Kunststoffblockform: Selbstsichernde Steine<\/li>\n<li>Material: Kunststoff<\/li>\n<li>Kunststofftyp: ABS<\/li>\n<li>Bricks Blocks: 204\u00a0PCS<\/li>\n<li>Dimensions: 4.8 x 4.8 x 22.2 cm<\/li>\n<li>Gewicht: 0,11 kg<\/li>\n<li>Enth\u00e4lt eine ausf\u00fchrliche Montageanleitung.<\/li>\n<\/ol>\n<p>Notiz:<br \/>\n1. Ohne Originalverpackung, aber wir garantieren, dass unsere Produkte eine Qualit\u00e4tssicherung und eine sch\u00f6ne Verpackung haben.<br \/>\n2. Wie alle Teile, die wir vor dem Versand \u00fcberpr\u00fcft haben, machen Sie sich keine Sorgen, wenn Sie feststellen, dass einige Teile fehlen oder besch\u00e4digt sind, und kontaktieren Sie uns einfach, und wir k\u00f6nnen sie Ihnen umgehend kostenlos erneut zusenden.<\/p>\n<p>&nbsp;<\/p>\n<figure id=\"attachment_33198\" aria-describedby=\"caption-attachment-33198\" style=\"width: 1024px\" class=\"wp-caption aligncenter\"><img fetchpriority=\"high\" decoding=\"async\" class=\"wp-image-33198 size-large\" src=\"https:\/\/mouldking.store\/wp-content\/uploads\/2022\/10\/Creator-MOC-63884-Revali-The-Legend-of-Zelda-Breath-of-the-Wild-Brickheadz-MOCBRICKLAND-1024x1024.png\" alt=\"MOC-63884 Revali The Legend of Zelda: Breath of the Wild Brickheadz with 204 Pieces\" width=\"1024\" height=\"1024\" title=\"-\" srcset=\"https:\/\/mouldking.store\/wp-content\/uploads\/2022\/10\/Creator-MOC-63884-Revali-The-Legend-of-Zelda-Breath-of-the-Wild-Brickheadz-MOCBRICKLAND-1024x1024.png 1024w, https:\/\/mouldking.store\/wp-content\/uploads\/2022\/10\/Creator-MOC-63884-Revali-The-Legend-of-Zelda-Breath-of-the-Wild-Brickheadz-MOCBRICKLAND-300x300.png 300w, https:\/\/mouldking.store\/wp-content\/uploads\/2022\/10\/Creator-MOC-63884-Revali-The-Legend-of-Zelda-Breath-of-the-Wild-Brickheadz-MOCBRICKLAND-768x768.png 768w, https:\/\/mouldking.store\/wp-content\/uploads\/2022\/10\/Creator-MOC-63884-Revali-The-Legend-of-Zelda-Breath-of-the-Wild-Brickheadz-MOCBRICKLAND-1536x1536.png 1536w, https:\/\/mouldking.store\/wp-content\/uploads\/2022\/10\/Creator-MOC-63884-Revali-The-Legend-of-Zelda-Breath-of-the-Wild-Brickheadz-MOCBRICKLAND-2048x2048.png 2048w, https:\/\/mouldking.store\/wp-content\/uploads\/2022\/10\/Creator-MOC-63884-Revali-The-Legend-of-Zelda-Breath-of-the-Wild-Brickheadz-MOCBRICKLAND-600x600.png 600w, https:\/\/mouldking.store\/wp-content\/uploads\/2022\/10\/Creator-MOC-63884-Revali-The-Legend-of-Zelda-Breath-of-the-Wild-Brickheadz-MOCBRICKLAND-150x150.png 150w, https:\/\/mouldking.store\/wp-content\/uploads\/2022\/10\/Creator-MOC-63884-Revali-The-Legend-of-Zelda-Breath-of-the-Wild-Brickheadz-MOCBRICKLAND-60x60.png 60w, https:\/\/mouldking.store\/wp-content\/uploads\/2022\/10\/Creator-MOC-63884-Revali-The-Legend-of-Zelda-Breath-of-the-Wild-Brickheadz-MOCBRICKLAND-90x90.png 90w\" sizes=\"(max-width: 1024px) 100vw, 1024px\" \/><figcaption id=\"caption-attachment-33198\" class=\"wp-caption-text\">MOC-63884 Revali The Legend of Zelda: Breath of the Wild Brickheadz mit 204 Teilen<\/figcaption><\/figure>\n<figure id=\"attachment_33194\" aria-describedby=\"caption-attachment-33194\" style=\"width: 800px\" class=\"wp-caption aligncenter\"><img decoding=\"async\" class=\"wp-image-33194 size-full\" src=\"https:\/\/mouldking.store\/wp-content\/uploads\/2022\/10\/Creator-MOC-63884-Revali-The-Legend-of-Zelda-Breath-of-the-Wild-Brickheadz-MOCBRICKLAND-3.jpg\" alt=\"MOC-63884 Revali The Legend of Zelda: Breath of the Wild Brickheadz with 204 Pieces\" width=\"800\" height=\"800\" title=\"-\" srcset=\"https:\/\/mouldking.store\/wp-content\/uploads\/2022\/10\/Creator-MOC-63884-Revali-The-Legend-of-Zelda-Breath-of-the-Wild-Brickheadz-MOCBRICKLAND-3.jpg 800w, https:\/\/mouldking.store\/wp-content\/uploads\/2022\/10\/Creator-MOC-63884-Revali-The-Legend-of-Zelda-Breath-of-the-Wild-Brickheadz-MOCBRICKLAND-3-300x300.jpg 300w, https:\/\/mouldking.store\/wp-content\/uploads\/2022\/10\/Creator-MOC-63884-Revali-The-Legend-of-Zelda-Breath-of-the-Wild-Brickheadz-MOCBRICKLAND-3-768x768.jpg 768w, https:\/\/mouldking.store\/wp-content\/uploads\/2022\/10\/Creator-MOC-63884-Revali-The-Legend-of-Zelda-Breath-of-the-Wild-Brickheadz-MOCBRICKLAND-3-600x600.jpg 600w, https:\/\/mouldking.store\/wp-content\/uploads\/2022\/10\/Creator-MOC-63884-Revali-The-Legend-of-Zelda-Breath-of-the-Wild-Brickheadz-MOCBRICKLAND-3-150x150.jpg 150w, https:\/\/mouldking.store\/wp-content\/uploads\/2022\/10\/Creator-MOC-63884-Revali-The-Legend-of-Zelda-Breath-of-the-Wild-Brickheadz-MOCBRICKLAND-3-60x60.jpg 60w, https:\/\/mouldking.store\/wp-content\/uploads\/2022\/10\/Creator-MOC-63884-Revali-The-Legend-of-Zelda-Breath-of-the-Wild-Brickheadz-MOCBRICKLAND-3-90x90.jpg 90w\" sizes=\"(max-width: 800px) 100vw, 800px\" \/><figcaption id=\"caption-attachment-33194\" class=\"wp-caption-text\">MOC-63884 Revali The Legend of Zelda: Breath of the Wild Brickheadz mit 204 Teilen<\/figcaption><\/figure>\n<figure id=\"attachment_33195\" aria-describedby=\"caption-attachment-33195\" style=\"width: 800px\" class=\"wp-caption aligncenter\"><img decoding=\"async\" class=\"wp-image-33195 size-full\" src=\"https:\/\/mouldking.store\/wp-content\/uploads\/2022\/10\/Creator-MOC-63884-Revali-The-Legend-of-Zelda-Breath-of-the-Wild-Brickheadz-MOCBRICKLAND-2.jpg\" alt=\"MOC-63884 Revali The Legend of Zelda: Breath of the Wild Brickheadz with 204 Pieces\" width=\"800\" height=\"800\" title=\"-\" srcset=\"https:\/\/mouldking.store\/wp-content\/uploads\/2022\/10\/Creator-MOC-63884-Revali-The-Legend-of-Zelda-Breath-of-the-Wild-Brickheadz-MOCBRICKLAND-2.jpg 800w, https:\/\/mouldking.store\/wp-content\/uploads\/2022\/10\/Creator-MOC-63884-Revali-The-Legend-of-Zelda-Breath-of-the-Wild-Brickheadz-MOCBRICKLAND-2-300x300.jpg 300w, https:\/\/mouldking.store\/wp-content\/uploads\/2022\/10\/Creator-MOC-63884-Revali-The-Legend-of-Zelda-Breath-of-the-Wild-Brickheadz-MOCBRICKLAND-2-768x768.jpg 768w, https:\/\/mouldking.store\/wp-content\/uploads\/2022\/10\/Creator-MOC-63884-Revali-The-Legend-of-Zelda-Breath-of-the-Wild-Brickheadz-MOCBRICKLAND-2-600x600.jpg 600w, https:\/\/mouldking.store\/wp-content\/uploads\/2022\/10\/Creator-MOC-63884-Revali-The-Legend-of-Zelda-Breath-of-the-Wild-Brickheadz-MOCBRICKLAND-2-150x150.jpg 150w, https:\/\/mouldking.store\/wp-content\/uploads\/2022\/10\/Creator-MOC-63884-Revali-The-Legend-of-Zelda-Breath-of-the-Wild-Brickheadz-MOCBRICKLAND-2-60x60.jpg 60w, https:\/\/mouldking.store\/wp-content\/uploads\/2022\/10\/Creator-MOC-63884-Revali-The-Legend-of-Zelda-Breath-of-the-Wild-Brickheadz-MOCBRICKLAND-2-90x90.jpg 90w\" sizes=\"(max-width: 800px) 100vw, 800px\" \/><figcaption id=\"caption-attachment-33195\" class=\"wp-caption-text\">MOC-63884 Revali The Legend of Zelda: Breath of the Wild Brickheadz mit 204 Teilen<\/figcaption><\/figure>\n<figure id=\"attachment_33197\" aria-describedby=\"caption-attachment-33197\" style=\"width: 800px\" class=\"wp-caption aligncenter\"><img loading=\"lazy\" decoding=\"async\" class=\"wp-image-33197 size-full\" src=\"https:\/\/mouldking.store\/wp-content\/uploads\/2022\/10\/Creator-MOC-63884-Revali-The-Legend-of-Zelda-Breath-of-the-Wild-Brickheadz-MOCBRICKLAND-4.jpg\" alt=\"MOC-63884 Revali The Legend of Zelda: Breath of the Wild Brickheadz with 204 Pieces\" width=\"800\" height=\"800\" title=\"-\" srcset=\"https:\/\/mouldking.store\/wp-content\/uploads\/2022\/10\/Creator-MOC-63884-Revali-The-Legend-of-Zelda-Breath-of-the-Wild-Brickheadz-MOCBRICKLAND-4.jpg 800w, https:\/\/mouldking.store\/wp-content\/uploads\/2022\/10\/Creator-MOC-63884-Revali-The-Legend-of-Zelda-Breath-of-the-Wild-Brickheadz-MOCBRICKLAND-4-300x300.jpg 300w, https:\/\/mouldking.store\/wp-content\/uploads\/2022\/10\/Creator-MOC-63884-Revali-The-Legend-of-Zelda-Breath-of-the-Wild-Brickheadz-MOCBRICKLAND-4-768x768.jpg 768w, https:\/\/mouldking.store\/wp-content\/uploads\/2022\/10\/Creator-MOC-63884-Revali-The-Legend-of-Zelda-Breath-of-the-Wild-Brickheadz-MOCBRICKLAND-4-600x600.jpg 600w, https:\/\/mouldking.store\/wp-content\/uploads\/2022\/10\/Creator-MOC-63884-Revali-The-Legend-of-Zelda-Breath-of-the-Wild-Brickheadz-MOCBRICKLAND-4-150x150.jpg 150w, https:\/\/mouldking.store\/wp-content\/uploads\/2022\/10\/Creator-MOC-63884-Revali-The-Legend-of-Zelda-Breath-of-the-Wild-Brickheadz-MOCBRICKLAND-4-60x60.jpg 60w, https:\/\/mouldking.store\/wp-content\/uploads\/2022\/10\/Creator-MOC-63884-Revali-The-Legend-of-Zelda-Breath-of-the-Wild-Brickheadz-MOCBRICKLAND-4-90x90.jpg 90w\" sizes=\"(max-width: 800px) 100vw, 800px\" \/><figcaption id=\"caption-attachment-33197\" class=\"wp-caption-text\">MOC-63884 Revali The Legend of Zelda: Breath of the Wild Brickheadz mit 204 Teilen<\/figcaption><\/figure>\n<figure id=\"attachment_33196\" aria-describedby=\"caption-attachment-33196\" style=\"width: 800px\" class=\"wp-caption aligncenter\"><img loading=\"lazy\" decoding=\"async\" class=\"wp-image-33196 size-full\" src=\"https:\/\/mouldking.store\/wp-content\/uploads\/2022\/10\/Creator-MOC-63884-Revali-The-Legend-of-Zelda-Breath-of-the-Wild-Brickheadz-MOCBRICKLAND-1.jpg\" alt=\"MOC-63884 Revali The Legend of Zelda: Breath of the Wild Brickheadz with 204 Pieces\" width=\"800\" height=\"1038\" title=\"-\" srcset=\"https:\/\/mouldking.store\/wp-content\/uploads\/2022\/10\/Creator-MOC-63884-Revali-The-Legend-of-Zelda-Breath-of-the-Wild-Brickheadz-MOCBRICKLAND-1.jpg 800w, https:\/\/mouldking.store\/wp-content\/uploads\/2022\/10\/Creator-MOC-63884-Revali-The-Legend-of-Zelda-Breath-of-the-Wild-Brickheadz-MOCBRICKLAND-1-231x300.jpg 231w, https:\/\/mouldking.store\/wp-content\/uploads\/2022\/10\/Creator-MOC-63884-Revali-The-Legend-of-Zelda-Breath-of-the-Wild-Brickheadz-MOCBRICKLAND-1-789x1024.jpg 789w, https:\/\/mouldking.store\/wp-content\/uploads\/2022\/10\/Creator-MOC-63884-Revali-The-Legend-of-Zelda-Breath-of-the-Wild-Brickheadz-MOCBRICKLAND-1-768x996.jpg 768w, https:\/\/mouldking.store\/wp-content\/uploads\/2022\/10\/Creator-MOC-63884-Revali-The-Legend-of-Zelda-Breath-of-the-Wild-Brickheadz-MOCBRICKLAND-1-300x389.jpg 300w, https:\/\/mouldking.store\/wp-content\/uploads\/2022\/10\/Creator-MOC-63884-Revali-The-Legend-of-Zelda-Breath-of-the-Wild-Brickheadz-MOCBRICKLAND-1-600x779.jpg 600w, https:\/\/mouldking.store\/wp-content\/uploads\/2022\/10\/Creator-MOC-63884-Revali-The-Legend-of-Zelda-Breath-of-the-Wild-Brickheadz-MOCBRICKLAND-1-116x150.jpg 116w, https:\/\/mouldking.store\/wp-content\/uploads\/2022\/10\/Creator-MOC-63884-Revali-The-Legend-of-Zelda-Breath-of-the-Wild-Brickheadz-MOCBRICKLAND-1-46x60.jpg 46w, https:\/\/mouldking.store\/wp-content\/uploads\/2022\/10\/Creator-MOC-63884-Revali-The-Legend-of-Zelda-Breath-of-the-Wild-Brickheadz-MOCBRICKLAND-1-69x90.jpg 69w\" sizes=\"(max-width: 800px) 100vw, 800px\" \/><figcaption id=\"caption-attachment-33196\" class=\"wp-caption-text\">MOC-63884 Revali The Legend of Zelda: Breath of the Wild Brickheadz mit 204 Teilen<\/figcaption><\/figure>","protected":false},"excerpt":{"rendered":"<p>Produktinformationen: Marke: MOC Geschlecht: Unisex Name: Revali The Legend of Zelda: Breath of the Wild Brickheadz Altersgruppe: &gt; 6 Jahre Modellnummer: C9097 Klassifizierung: Assemblage Kunststoffblockform: Selbstsichernde Steine Material: Kunststoff Kunststofftyp: ABS-Steine Bl\u00f6cke: 204 St\u00fcck Abmessungen: 4,8 x 4,8 x 22,2 cm Gewicht: 0,11 kg Enth\u00e4lt eine ausf\u00fchrliche Montageanleitung. [\u2026]<\/p>","protected":false},"featured_media":33198,"comment_status":"closed","ping_status":"closed","template":"","meta":{"_acf_changed":false},"product_cat":[371],"product_tag":[6122,6121,5623,6119,6118,6120],"class_list":["product","first","instock","shipping-taxable","purchasable","product-type-simple"],"acf":[],"_links":{"self":[{"href":"https:\/\/mouldking.store\/de\/wp-json\/wp\/v2\/product\/33193","targetHints":{"allow":["GET"]}}],"collection":[{"href":"https:\/\/mouldking.store\/de\/wp-json\/wp\/v2\/product"}],"about":[{"href":"https:\/\/mouldking.store\/de\/wp-json\/wp\/v2\/types\/product"}],"replies":[{"embeddable":true,"href":"https:\/\/mouldking.store\/de\/wp-json\/wp\/v2\/comments?post=33193"}],"wp:featuredmedia":[{"embeddable":true,"href":"https:\/\/mouldking.store\/de\/wp-json\/wp\/v2\/media\/33198"}],"wp:attachment":[{"href":"https:\/\/mouldking.store\/de\/wp-json\/wp\/v2\/media?parent=33193"}],"wp:term":[{"taxonomy":"product_cat","embeddable":true,"href":"https:\/\/mouldking.store\/de\/wp-json\/wp\/v2\/product_cat?post=33193"},{"taxonomy":"product_tag","embeddable":true,"href":"https:\/\/mouldking.store\/de\/wp-json\/wp\/v2\/product_tag?post=33193"}],"curies":[{"name":"wp","href":"https:\/\/api.w.org\/{rel}","templated":true}]}}