{"id":33222,"date":"2022-10-13T17:36:13","date_gmt":"2022-10-13T10:36:13","guid":{"rendered":"https:\/\/mouldking.store\/?post_type=product&#038;p=33222"},"modified":"2025-12-25T09:12:24","modified_gmt":"2025-12-25T02:12:24","slug":"moc-122853-firefly-alpha-rocket-with-195-pieces","status":"publish","type":"product","link":"https:\/\/mouldking.store\/de\/shop\/moc-122853-firefly-alpha-rocket-with-195-pieces\/","title":{"rendered":"MOC-122853 Firefly Alpha-Rakete mit 195 Teilen"},"content":{"rendered":"<p>Produktinformation:<\/p>\n<ol>\n<li>Marke: MOC<\/li>\n<li>Geschlecht: Unisex<\/li>\n<li>Name: Firefly Alpha-Rakete<\/li>\n<li>Altersspanne: &gt; 6 Jahre alt<\/li>\n<li>Modellnummer: C9167<\/li>\n<li>Einstufung: Assemblage<\/li>\n<li>Kunststoffblockform: Selbstsichernde Steine<\/li>\n<li>Material: Kunststoff<\/li>\n<li>Kunststofftyp: ABS<\/li>\n<li>Ziegelsteine: 195 St\u00fcck<\/li>\n<li>Abmessungen: 2,1 x 2,1 x 26,9 cm<\/li>\n<li>Gewicht: 0,07 kg<\/li>\n<li>Enth\u00e4lt eine ausf\u00fchrliche Montageanleitung.<\/li>\n<\/ol>\n<p>Notiz:<br \/>\n1. Ohne Originalverpackung, aber wir garantieren, dass unsere Produkte eine Qualit\u00e4tssicherung und eine sch\u00f6ne Verpackung haben.<br \/>\n2. Wie alle Teile, die wir vor dem Versand \u00fcberpr\u00fcft haben, machen Sie sich keine Sorgen, wenn Sie feststellen, dass einige Teile fehlen oder besch\u00e4digt sind, und kontaktieren Sie uns einfach, und wir k\u00f6nnen sie Ihnen umgehend kostenlos erneut zusenden.<\/p>\n<p>&nbsp;<\/p>\n<figure id=\"attachment_33229\" aria-describedby=\"caption-attachment-33229\" style=\"width: 800px\" class=\"wp-caption aligncenter\"><img fetchpriority=\"high\" decoding=\"async\" class=\"wp-image-33229 size-full\" src=\"https:\/\/mouldking.store\/wp-content\/uploads\/2022\/10\/Space-MOC-122853-Firefly-Alpha-Rocket-MOCBRICKLAND-8.jpg\" alt=\"MOC-122853 Firefly Alpha Rocket with 195 Pieces\" width=\"800\" height=\"800\" title=\"-\" srcset=\"https:\/\/mouldking.store\/wp-content\/uploads\/2022\/10\/Space-MOC-122853-Firefly-Alpha-Rocket-MOCBRICKLAND-8.jpg 800w, https:\/\/mouldking.store\/wp-content\/uploads\/2022\/10\/Space-MOC-122853-Firefly-Alpha-Rocket-MOCBRICKLAND-8-300x300.jpg 300w, https:\/\/mouldking.store\/wp-content\/uploads\/2022\/10\/Space-MOC-122853-Firefly-Alpha-Rocket-MOCBRICKLAND-8-768x768.jpg 768w, https:\/\/mouldking.store\/wp-content\/uploads\/2022\/10\/Space-MOC-122853-Firefly-Alpha-Rocket-MOCBRICKLAND-8-600x600.jpg 600w, https:\/\/mouldking.store\/wp-content\/uploads\/2022\/10\/Space-MOC-122853-Firefly-Alpha-Rocket-MOCBRICKLAND-8-150x150.jpg 150w, https:\/\/mouldking.store\/wp-content\/uploads\/2022\/10\/Space-MOC-122853-Firefly-Alpha-Rocket-MOCBRICKLAND-8-60x60.jpg 60w, https:\/\/mouldking.store\/wp-content\/uploads\/2022\/10\/Space-MOC-122853-Firefly-Alpha-Rocket-MOCBRICKLAND-8-90x90.jpg 90w\" sizes=\"(max-width: 800px) 100vw, 800px\" \/><figcaption id=\"caption-attachment-33229\" class=\"wp-caption-text\">MOC-122853 Firefly Alpha-Rakete mit 195 Teilen<\/figcaption><\/figure>\n<figure id=\"attachment_33228\" aria-describedby=\"caption-attachment-33228\" style=\"width: 800px\" class=\"wp-caption aligncenter\"><img decoding=\"async\" class=\"wp-image-33228 size-full\" src=\"https:\/\/mouldking.store\/wp-content\/uploads\/2022\/10\/Space-MOC-122853-Firefly-Alpha-Rocket-MOCBRICKLAND-1.jpg\" alt=\"MOC-122853 Firefly Alpha Rocket with 195 Pieces\" width=\"800\" height=\"800\" title=\"-\" srcset=\"https:\/\/mouldking.store\/wp-content\/uploads\/2022\/10\/Space-MOC-122853-Firefly-Alpha-Rocket-MOCBRICKLAND-1.jpg 800w, https:\/\/mouldking.store\/wp-content\/uploads\/2022\/10\/Space-MOC-122853-Firefly-Alpha-Rocket-MOCBRICKLAND-1-300x300.jpg 300w, https:\/\/mouldking.store\/wp-content\/uploads\/2022\/10\/Space-MOC-122853-Firefly-Alpha-Rocket-MOCBRICKLAND-1-768x768.jpg 768w, https:\/\/mouldking.store\/wp-content\/uploads\/2022\/10\/Space-MOC-122853-Firefly-Alpha-Rocket-MOCBRICKLAND-1-600x600.jpg 600w, https:\/\/mouldking.store\/wp-content\/uploads\/2022\/10\/Space-MOC-122853-Firefly-Alpha-Rocket-MOCBRICKLAND-1-150x150.jpg 150w, https:\/\/mouldking.store\/wp-content\/uploads\/2022\/10\/Space-MOC-122853-Firefly-Alpha-Rocket-MOCBRICKLAND-1-60x60.jpg 60w, https:\/\/mouldking.store\/wp-content\/uploads\/2022\/10\/Space-MOC-122853-Firefly-Alpha-Rocket-MOCBRICKLAND-1-90x90.jpg 90w\" sizes=\"(max-width: 800px) 100vw, 800px\" \/><figcaption id=\"caption-attachment-33228\" class=\"wp-caption-text\">MOC-122853 Firefly Alpha-Rakete mit 195 Teilen<\/figcaption><\/figure>\n<figure id=\"attachment_33227\" aria-describedby=\"caption-attachment-33227\" style=\"width: 800px\" class=\"wp-caption aligncenter\"><img decoding=\"async\" class=\"wp-image-33227 size-full\" src=\"https:\/\/mouldking.store\/wp-content\/uploads\/2022\/10\/Space-MOC-122853-Firefly-Alpha-Rocket-MOCBRICKLAND-2.jpg\" alt=\"MOC-122853 Firefly Alpha Rocket with 195 Pieces\" width=\"800\" height=\"800\" title=\"-\" srcset=\"https:\/\/mouldking.store\/wp-content\/uploads\/2022\/10\/Space-MOC-122853-Firefly-Alpha-Rocket-MOCBRICKLAND-2.jpg 800w, https:\/\/mouldking.store\/wp-content\/uploads\/2022\/10\/Space-MOC-122853-Firefly-Alpha-Rocket-MOCBRICKLAND-2-300x300.jpg 300w, https:\/\/mouldking.store\/wp-content\/uploads\/2022\/10\/Space-MOC-122853-Firefly-Alpha-Rocket-MOCBRICKLAND-2-768x768.jpg 768w, https:\/\/mouldking.store\/wp-content\/uploads\/2022\/10\/Space-MOC-122853-Firefly-Alpha-Rocket-MOCBRICKLAND-2-600x600.jpg 600w, https:\/\/mouldking.store\/wp-content\/uploads\/2022\/10\/Space-MOC-122853-Firefly-Alpha-Rocket-MOCBRICKLAND-2-150x150.jpg 150w, https:\/\/mouldking.store\/wp-content\/uploads\/2022\/10\/Space-MOC-122853-Firefly-Alpha-Rocket-MOCBRICKLAND-2-60x60.jpg 60w, https:\/\/mouldking.store\/wp-content\/uploads\/2022\/10\/Space-MOC-122853-Firefly-Alpha-Rocket-MOCBRICKLAND-2-90x90.jpg 90w\" sizes=\"(max-width: 800px) 100vw, 800px\" \/><figcaption id=\"caption-attachment-33227\" class=\"wp-caption-text\">MOC-122853 Firefly Alpha-Rakete mit 195 Teilen<\/figcaption><\/figure>\n<figure id=\"attachment_33226\" aria-describedby=\"caption-attachment-33226\" style=\"width: 800px\" class=\"wp-caption aligncenter\"><img loading=\"lazy\" decoding=\"async\" class=\"wp-image-33226 size-full\" src=\"https:\/\/mouldking.store\/wp-content\/uploads\/2022\/10\/Space-MOC-122853-Firefly-Alpha-Rocket-MOCBRICKLAND-3.jpg\" alt=\"MOC-122853 Firefly Alpha Rocket with 195 Pieces\" width=\"800\" height=\"800\" title=\"-\" srcset=\"https:\/\/mouldking.store\/wp-content\/uploads\/2022\/10\/Space-MOC-122853-Firefly-Alpha-Rocket-MOCBRICKLAND-3.jpg 800w, https:\/\/mouldking.store\/wp-content\/uploads\/2022\/10\/Space-MOC-122853-Firefly-Alpha-Rocket-MOCBRICKLAND-3-300x300.jpg 300w, https:\/\/mouldking.store\/wp-content\/uploads\/2022\/10\/Space-MOC-122853-Firefly-Alpha-Rocket-MOCBRICKLAND-3-768x768.jpg 768w, https:\/\/mouldking.store\/wp-content\/uploads\/2022\/10\/Space-MOC-122853-Firefly-Alpha-Rocket-MOCBRICKLAND-3-600x600.jpg 600w, https:\/\/mouldking.store\/wp-content\/uploads\/2022\/10\/Space-MOC-122853-Firefly-Alpha-Rocket-MOCBRICKLAND-3-150x150.jpg 150w, https:\/\/mouldking.store\/wp-content\/uploads\/2022\/10\/Space-MOC-122853-Firefly-Alpha-Rocket-MOCBRICKLAND-3-60x60.jpg 60w, https:\/\/mouldking.store\/wp-content\/uploads\/2022\/10\/Space-MOC-122853-Firefly-Alpha-Rocket-MOCBRICKLAND-3-90x90.jpg 90w\" sizes=\"(max-width: 800px) 100vw, 800px\" \/><figcaption id=\"caption-attachment-33226\" class=\"wp-caption-text\">MOC-122853 Firefly Alpha-Rakete mit 195 Teilen<\/figcaption><\/figure>\n<figure id=\"attachment_33225\" aria-describedby=\"caption-attachment-33225\" style=\"width: 800px\" class=\"wp-caption aligncenter\"><img loading=\"lazy\" decoding=\"async\" class=\"wp-image-33225 size-full\" src=\"https:\/\/mouldking.store\/wp-content\/uploads\/2022\/10\/Space-MOC-122853-Firefly-Alpha-Rocket-MOCBRICKLAND-4.jpg\" alt=\"MOC-122853 Firefly Alpha Rocket with 195 Pieces\" width=\"800\" height=\"800\" title=\"-\" srcset=\"https:\/\/mouldking.store\/wp-content\/uploads\/2022\/10\/Space-MOC-122853-Firefly-Alpha-Rocket-MOCBRICKLAND-4.jpg 800w, https:\/\/mouldking.store\/wp-content\/uploads\/2022\/10\/Space-MOC-122853-Firefly-Alpha-Rocket-MOCBRICKLAND-4-300x300.jpg 300w, https:\/\/mouldking.store\/wp-content\/uploads\/2022\/10\/Space-MOC-122853-Firefly-Alpha-Rocket-MOCBRICKLAND-4-768x768.jpg 768w, https:\/\/mouldking.store\/wp-content\/uploads\/2022\/10\/Space-MOC-122853-Firefly-Alpha-Rocket-MOCBRICKLAND-4-600x600.jpg 600w, https:\/\/mouldking.store\/wp-content\/uploads\/2022\/10\/Space-MOC-122853-Firefly-Alpha-Rocket-MOCBRICKLAND-4-150x150.jpg 150w, https:\/\/mouldking.store\/wp-content\/uploads\/2022\/10\/Space-MOC-122853-Firefly-Alpha-Rocket-MOCBRICKLAND-4-60x60.jpg 60w, https:\/\/mouldking.store\/wp-content\/uploads\/2022\/10\/Space-MOC-122853-Firefly-Alpha-Rocket-MOCBRICKLAND-4-90x90.jpg 90w\" sizes=\"(max-width: 800px) 100vw, 800px\" \/><figcaption id=\"caption-attachment-33225\" class=\"wp-caption-text\">MOC-122853 Firefly Alpha-Rakete mit 195 Teilen<\/figcaption><\/figure>\n<figure id=\"attachment_33224\" aria-describedby=\"caption-attachment-33224\" style=\"width: 800px\" class=\"wp-caption aligncenter\"><img loading=\"lazy\" decoding=\"async\" class=\"wp-image-33224 size-full\" src=\"https:\/\/mouldking.store\/wp-content\/uploads\/2022\/10\/Space-MOC-122853-Firefly-Alpha-Rocket-MOCBRICKLAND-5.jpg\" alt=\"MOC-122853 Firefly Alpha Rocket with 195 Pieces\" width=\"800\" height=\"800\" title=\"-\" srcset=\"https:\/\/mouldking.store\/wp-content\/uploads\/2022\/10\/Space-MOC-122853-Firefly-Alpha-Rocket-MOCBRICKLAND-5.jpg 800w, https:\/\/mouldking.store\/wp-content\/uploads\/2022\/10\/Space-MOC-122853-Firefly-Alpha-Rocket-MOCBRICKLAND-5-300x300.jpg 300w, https:\/\/mouldking.store\/wp-content\/uploads\/2022\/10\/Space-MOC-122853-Firefly-Alpha-Rocket-MOCBRICKLAND-5-768x768.jpg 768w, https:\/\/mouldking.store\/wp-content\/uploads\/2022\/10\/Space-MOC-122853-Firefly-Alpha-Rocket-MOCBRICKLAND-5-600x600.jpg 600w, https:\/\/mouldking.store\/wp-content\/uploads\/2022\/10\/Space-MOC-122853-Firefly-Alpha-Rocket-MOCBRICKLAND-5-150x150.jpg 150w, https:\/\/mouldking.store\/wp-content\/uploads\/2022\/10\/Space-MOC-122853-Firefly-Alpha-Rocket-MOCBRICKLAND-5-60x60.jpg 60w, https:\/\/mouldking.store\/wp-content\/uploads\/2022\/10\/Space-MOC-122853-Firefly-Alpha-Rocket-MOCBRICKLAND-5-90x90.jpg 90w\" sizes=\"(max-width: 800px) 100vw, 800px\" \/><figcaption id=\"caption-attachment-33224\" class=\"wp-caption-text\">MOC-122853 Firefly Alpha-Rakete mit 195 Teilen<\/figcaption><\/figure>\n<figure id=\"attachment_33223\" aria-describedby=\"caption-attachment-33223\" style=\"width: 800px\" class=\"wp-caption aligncenter\"><img loading=\"lazy\" decoding=\"async\" class=\"wp-image-33223 size-full\" src=\"https:\/\/mouldking.store\/wp-content\/uploads\/2022\/10\/Space-MOC-122853-Firefly-Alpha-Rocket-MOCBRICKLAND-6.jpg\" alt=\"MOC-122853 Firefly Alpha Rocket with 195 Pieces\" width=\"800\" height=\"800\" title=\"-\" srcset=\"https:\/\/mouldking.store\/wp-content\/uploads\/2022\/10\/Space-MOC-122853-Firefly-Alpha-Rocket-MOCBRICKLAND-6.jpg 800w, https:\/\/mouldking.store\/wp-content\/uploads\/2022\/10\/Space-MOC-122853-Firefly-Alpha-Rocket-MOCBRICKLAND-6-300x300.jpg 300w, https:\/\/mouldking.store\/wp-content\/uploads\/2022\/10\/Space-MOC-122853-Firefly-Alpha-Rocket-MOCBRICKLAND-6-768x768.jpg 768w, https:\/\/mouldking.store\/wp-content\/uploads\/2022\/10\/Space-MOC-122853-Firefly-Alpha-Rocket-MOCBRICKLAND-6-600x600.jpg 600w, https:\/\/mouldking.store\/wp-content\/uploads\/2022\/10\/Space-MOC-122853-Firefly-Alpha-Rocket-MOCBRICKLAND-6-150x150.jpg 150w, https:\/\/mouldking.store\/wp-content\/uploads\/2022\/10\/Space-MOC-122853-Firefly-Alpha-Rocket-MOCBRICKLAND-6-60x60.jpg 60w, https:\/\/mouldking.store\/wp-content\/uploads\/2022\/10\/Space-MOC-122853-Firefly-Alpha-Rocket-MOCBRICKLAND-6-90x90.jpg 90w\" sizes=\"(max-width: 800px) 100vw, 800px\" \/><figcaption id=\"caption-attachment-33223\" class=\"wp-caption-text\">MOC-122853 Firefly Alpha-Rakete mit 195 Teilen<\/figcaption><\/figure>\n<figure id=\"attachment_33230\" aria-describedby=\"caption-attachment-33230\" style=\"width: 800px\" class=\"wp-caption aligncenter\"><img loading=\"lazy\" decoding=\"async\" class=\"wp-image-33230 size-full\" src=\"https:\/\/mouldking.store\/wp-content\/uploads\/2022\/10\/Space-MOC-122853-Firefly-Alpha-Rocket-MOCBRICKLAND-7.jpg\" alt=\"MOC-122853 Firefly Alpha Rocket with 195 Pieces\" width=\"800\" height=\"800\" title=\"-\" srcset=\"https:\/\/mouldking.store\/wp-content\/uploads\/2022\/10\/Space-MOC-122853-Firefly-Alpha-Rocket-MOCBRICKLAND-7.jpg 800w, https:\/\/mouldking.store\/wp-content\/uploads\/2022\/10\/Space-MOC-122853-Firefly-Alpha-Rocket-MOCBRICKLAND-7-300x300.jpg 300w, https:\/\/mouldking.store\/wp-content\/uploads\/2022\/10\/Space-MOC-122853-Firefly-Alpha-Rocket-MOCBRICKLAND-7-768x768.jpg 768w, https:\/\/mouldking.store\/wp-content\/uploads\/2022\/10\/Space-MOC-122853-Firefly-Alpha-Rocket-MOCBRICKLAND-7-600x600.jpg 600w, https:\/\/mouldking.store\/wp-content\/uploads\/2022\/10\/Space-MOC-122853-Firefly-Alpha-Rocket-MOCBRICKLAND-7-150x150.jpg 150w, https:\/\/mouldking.store\/wp-content\/uploads\/2022\/10\/Space-MOC-122853-Firefly-Alpha-Rocket-MOCBRICKLAND-7-60x60.jpg 60w, https:\/\/mouldking.store\/wp-content\/uploads\/2022\/10\/Space-MOC-122853-Firefly-Alpha-Rocket-MOCBRICKLAND-7-90x90.jpg 90w\" sizes=\"(max-width: 800px) 100vw, 800px\" \/><figcaption id=\"caption-attachment-33230\" class=\"wp-caption-text\">MOC-122853 Firefly Alpha-Rakete mit 195 Teilen<\/figcaption><\/figure>","protected":false},"excerpt":{"rendered":"<p>Product information: Brand: MOC Gender: Unisex Name: Firefly Alpha Rocket Age Range: &gt; 6 years old Model Number: C9167 Classification: Assemblage Plastic Block Shape: Self-Locking Bricks Material: Plastic Plastic Type: ABS Bricks Blocks: 195 PCS Dimensions:\u00a02.1 x 2.1 x 26.9 cm Weight: 0.07 kg Contains detailed assembly instructions. Notice: 1. Without an original box, but [&hellip;]<\/p>","protected":false},"featured_media":33231,"comment_status":"closed","ping_status":"closed","template":"","meta":{"_acf_changed":false},"product_cat":[6016],"product_tag":[6142,6141,6140,6139],"class_list":["product","first","instock","shipping-taxable","purchasable","product-type-simple"],"acf":[],"_links":{"self":[{"href":"https:\/\/mouldking.store\/de\/wp-json\/wp\/v2\/product\/33222","targetHints":{"allow":["GET"]}}],"collection":[{"href":"https:\/\/mouldking.store\/de\/wp-json\/wp\/v2\/product"}],"about":[{"href":"https:\/\/mouldking.store\/de\/wp-json\/wp\/v2\/types\/product"}],"replies":[{"embeddable":true,"href":"https:\/\/mouldking.store\/de\/wp-json\/wp\/v2\/comments?post=33222"}],"wp:featuredmedia":[{"embeddable":true,"href":"https:\/\/mouldking.store\/de\/wp-json\/wp\/v2\/media\/33231"}],"wp:attachment":[{"href":"https:\/\/mouldking.store\/de\/wp-json\/wp\/v2\/media?parent=33222"}],"wp:term":[{"taxonomy":"product_cat","embeddable":true,"href":"https:\/\/mouldking.store\/de\/wp-json\/wp\/v2\/product_cat?post=33222"},{"taxonomy":"product_tag","embeddable":true,"href":"https:\/\/mouldking.store\/de\/wp-json\/wp\/v2\/product_tag?post=33222"}],"curies":[{"name":"wp","href":"https:\/\/api.w.org\/{rel}","templated":true}]}}